{"id":330,"date":"2020-12-22T04:13:25","date_gmt":"2020-12-22T04:13:25","guid":{"rendered":"https:\/\/demo2wpopal.b-cdn.net\/supplero\/?page_id=330"},"modified":"2025-06-05T17:23:48","modified_gmt":"2025-06-05T15:23:48","slug":"contact-us","status":"publish","type":"page","link":"https:\/\/mr-mass.com\/?page_id=330","title":{"rendered":"Contact Us"},"content":{"rendered":"\t\t<div data-elementor-type=\"wp-page\" data-elementor-id=\"330\" class=\"elementor elementor-330\" data-elementor-post-type=\"page\">\n\t\t\t\t\t\t<div class=\"elementor-section elementor-top-section elementor-element elementor-element-f198e47 elementor-section-stretched elementor-section-boxed elementor-section-height-default elementor-section-height-default\" data-id=\"f198e47\" data-element_type=\"section\" data-settings=\"{&quot;stretch_section&quot;:&quot;section-stretched&quot;}\">\n\t\t\t\t\t\t<div class=\"elementor-container elementor-column-gap-no\">\n\t\t\t\t\t<div class=\"elementor-column elementor-col-100 elementor-top-column elementor-element elementor-element-d1312c9\" data-id=\"d1312c9\" data-element_type=\"column\" data-settings=\"{&quot;background_background&quot;:&quot;classic&quot;}\">\n\t\t\t<div class=\"elementor-widget-wrap elementor-element-populated\">\n\t\t\t\t\t\t<div class=\"elementor-element elementor-element-89fd6d5 elementor-widget__width-initial elementor-widget elementor-widget-text-editor\" data-id=\"89fd6d5\" data-element_type=\"widget\" data-widget_type=\"text-editor.default\">\n\t\t\t\t<div class=\"elementor-widget-container\">\n\t\t\t\t\t\t\t\t\t<p>Besoin d\u2019informations sur un produit, sa composition ou son prix ? Chez Mr Mass, notre \u00e9quipe vous accompagne avec des r\u00e9ponses claires et rapides.<\/p>\t\t\t\t\t\t\t\t<\/div>\n\t\t\t\t<\/div>\n\t\t\t\t<div class=\"elementor-section elementor-inner-section elementor-element elementor-element-1c98508 elementor-section-full_width elementor-section-height-default elementor-section-height-default\" data-id=\"1c98508\" data-element_type=\"section\">\n\t\t\t\t\t\t<div class=\"elementor-container elementor-column-gap-no\">\n\t\t\t\t\t<div class=\"elementor-column elementor-col-50 elementor-inner-column elementor-element elementor-element-b4136e4\" data-id=\"b4136e4\" data-element_type=\"column\">\n\t\t\t<div class=\"elementor-widget-wrap elementor-element-populated\">\n\t\t\t\t\t\t<div class=\"elementor-element elementor-element-32d8be4 elementor-view-stacked elementor-position-left elementor-shape-circle elementor-mobile-position-top elementor-vertical-align-top elementor-widget elementor-widget-icon-box\" data-id=\"32d8be4\" data-element_type=\"widget\" data-widget_type=\"icon-box.default\">\n\t\t\t\t<div class=\"elementor-widget-container\">\n\t\t\t\t\t\t\t<div class=\"elementor-icon-box-wrapper\">\n\n\t\t\t\t\t\t<div class=\"elementor-icon-box-icon\">\n\t\t\t\t<span  class=\"elementor-icon\">\n\t\t\t\t<i aria-hidden=\"true\" class=\"supplero-icon- supplero-icon-phone-rotary\"><\/i>\t\t\t\t<\/span>\n\t\t\t<\/div>\n\t\t\t\n\t\t\t\t\t\t<div class=\"elementor-icon-box-content\">\n\n\t\t\t\t\t\t\t\t\t<h3 class=\"elementor-icon-box-title\">\n\t\t\t\t\t\t<span  >\n\t\t\t\t\t\t\tT\u00e9l\u00e9phone\t\t\t\t\t\t<\/span>\n\t\t\t\t\t<\/h3>\n\t\t\t\t\n\t\t\t\t\t\t\t\t\t<p class=\"elementor-icon-box-description\">\n\t\t\t\t\t\t+216 23 888 889\t\t\t\t\t<\/p>\n\t\t\t\t\n\t\t\t<\/div>\n\t\t\t\n\t\t<\/div>\n\t\t\t\t\t\t<\/div>\n\t\t\t\t<\/div>\n\t\t\t\t<div class=\"elementor-element elementor-element-2ec4bfc elementor-view-stacked elementor-position-left elementor-vertical-align-middle elementor-shape-circle elementor-mobile-position-top elementor-widget elementor-widget-icon-box\" data-id=\"2ec4bfc\" data-element_type=\"widget\" data-widget_type=\"icon-box.default\">\n\t\t\t\t<div class=\"elementor-widget-container\">\n\t\t\t\t\t\t\t<div class=\"elementor-icon-box-wrapper\">\n\n\t\t\t\t\t\t<div class=\"elementor-icon-box-icon\">\n\t\t\t\t<span  class=\"elementor-icon\">\n\t\t\t\t<i aria-hidden=\"true\" class=\"supplero-icon- supplero-icon-envelope-open\"><\/i>\t\t\t\t<\/span>\n\t\t\t<\/div>\n\t\t\t\n\t\t\t\t\t\t<div class=\"elementor-icon-box-content\">\n\n\t\t\t\t\t\t\t\t\t<h3 class=\"elementor-icon-box-title\">\n\t\t\t\t\t\t<span  >\n\t\t\t\t\t\t\tEmail\t\t\t\t\t\t<\/span>\n\t\t\t\t\t<\/h3>\n\t\t\t\t\n\t\t\t\t\t\t\t\t\t<p class=\"elementor-icon-box-description\">\n\t\t\t\t\t\tsupport@example.com\t\t\t\t\t<\/p>\n\t\t\t\t\n\t\t\t<\/div>\n\t\t\t\n\t\t<\/div>\n\t\t\t\t\t\t<\/div>\n\t\t\t\t<\/div>\n\t\t\t\t<div class=\"elementor-element elementor-element-fca9f1b elementor-view-stacked elementor-position-left elementor-shape-circle elementor-mobile-position-top elementor-vertical-align-top elementor-widget elementor-widget-icon-box\" data-id=\"fca9f1b\" data-element_type=\"widget\" data-widget_type=\"icon-box.default\">\n\t\t\t\t<div class=\"elementor-widget-container\">\n\t\t\t\t\t\t\t<div class=\"elementor-icon-box-wrapper\">\n\n\t\t\t\t\t\t<div class=\"elementor-icon-box-icon\">\n\t\t\t\t<span  class=\"elementor-icon\">\n\t\t\t\t<i aria-hidden=\"true\" class=\"supplero-icon- supplero-icon-location-circle\"><\/i>\t\t\t\t<\/span>\n\t\t\t<\/div>\n\t\t\t\n\t\t\t\t\t\t<div class=\"elementor-icon-box-content\">\n\n\t\t\t\t\t\t\t\t\t<h3 class=\"elementor-icon-box-title\">\n\t\t\t\t\t\t<span  >\n\t\t\t\t\t\t\tAdresse\t\t\t\t\t\t<\/span>\n\t\t\t\t\t<\/h3>\n\t\t\t\t\n\t\t\t\t\t\t\t\t\t<p class=\"elementor-icon-box-description\">\n\t\t\t\t\t\tMouawiya ibn Abi Sofiene, Menzah, Tunisia\t\t\t\t\t<\/p>\n\t\t\t\t\n\t\t\t<\/div>\n\t\t\t\n\t\t<\/div>\n\t\t\t\t\t\t<\/div>\n\t\t\t\t<\/div>\n\t\t\t\t<div class=\"elementor-element elementor-element-9231c1b elementor-view-stacked elementor-position-left elementor-vertical-align-middle elementor-shape-circle elementor-mobile-position-top elementor-widget elementor-widget-icon-box\" data-id=\"9231c1b\" data-element_type=\"widget\" data-widget_type=\"icon-box.default\">\n\t\t\t\t<div class=\"elementor-widget-container\">\n\t\t\t\t\t\t\t<div class=\"elementor-icon-box-wrapper\">\n\n\t\t\t\t\t\t<div class=\"elementor-icon-box-icon\">\n\t\t\t\t<span  class=\"elementor-icon\">\n\t\t\t\t<i aria-hidden=\"true\" class=\"supplero-icon- supplero-icon-clock-1\"><\/i>\t\t\t\t<\/span>\n\t\t\t<\/div>\n\t\t\t\n\t\t\t\t\t\t<div class=\"elementor-icon-box-content\">\n\n\t\t\t\t\t\t\t\t\t<h3 class=\"elementor-icon-box-title\">\n\t\t\t\t\t\t<span  >\n\t\t\t\t\t\t\t10:00  <a style=\"color:#666666;\" >until <\/a> 19:00\t\t\t\t\t\t<\/span>\n\t\t\t\t\t<\/h3>\n\t\t\t\t\n\t\t\t\t\t\t\t\t\t<p class=\"elementor-icon-box-description\">\n\t\t\t\t\t\tLun <a style=\"color:#666666;\" >\u00e0 <\/a>  Sam\t\t\t\t\t<\/p>\n\t\t\t\t\n\t\t\t<\/div>\n\t\t\t\n\t\t<\/div>\n\t\t\t\t\t\t<\/div>\n\t\t\t\t<\/div>\n\t\t\t\t\t<\/div>\n\t\t<\/div>\n\t\t\t\t<div class=\"elementor-column elementor-col-50 elementor-inner-column elementor-element elementor-element-5299cbf\" data-id=\"5299cbf\" data-element_type=\"column\">\n\t\t\t<div class=\"elementor-widget-wrap elementor-element-populated\">\n\t\t\t\t\t\t<div class=\"elementor-element elementor-element-a762282 elementor-widget elementor-widget-heading\" data-id=\"a762282\" data-element_type=\"widget\" data-widget_type=\"heading.default\">\n\t\t\t\t<div class=\"elementor-widget-container\">\n\t\t\t\t\t<h2 class=\"elementor-heading-title elementor-size-default\">Remplir le formulaire<\/h2>\t\t\t\t<\/div>\n\t\t\t\t<\/div>\n\t\t\t\t<div class=\"elementor-element elementor-element-1a531ba elementor-button-align-start elementor-mobile-button-align-center elementor-widget elementor-widget-form\" data-id=\"1a531ba\" data-element_type=\"widget\" data-settings=\"{&quot;step_next_label&quot;:&quot;Next&quot;,&quot;step_previous_label&quot;:&quot;Previous&quot;,&quot;button_width&quot;:&quot;100&quot;,&quot;step_type&quot;:&quot;number_text&quot;,&quot;step_icon_shape&quot;:&quot;circle&quot;}\" data-widget_type=\"form.default\">\n\t\t\t\t<div class=\"elementor-widget-container\">\n\t\t\t\t\t\t\t<form class=\"elementor-form\" method=\"post\" name=\"New Form\">\n\t\t\t<input type=\"hidden\" name=\"post_id\" value=\"330\"\/>\n\t\t\t<input type=\"hidden\" name=\"form_id\" value=\"1a531ba\"\/>\n\t\t\t<input type=\"hidden\" name=\"referer_title\" value=\"Contact Us - MR MASS\" \/>\n\n\t\t\t\t\t\t\t<input type=\"hidden\" name=\"queried_id\" value=\"330\"\/>\n\t\t\t\n\t\t\t<div class=\"elementor-form-fields-wrapper elementor-labels-above\">\n\t\t\t\t\t\t\t\t<div class=\"elementor-field-type-text elementor-field-group elementor-column elementor-field-group-name elementor-col-100\">\n\t\t\t\t\t\t\t\t\t\t\t\t\t<input size=\"1\" type=\"text\" name=\"form_fields[name]\" id=\"form-field-name\" class=\"elementor-field elementor-size-sm  elementor-field-textual\" placeholder=\"Nom complet\">\n\t\t\t\t\t\t\t\t\t\t\t<\/div>\n\t\t\t\t\t\t\t\t<div class=\"elementor-field-type-email elementor-field-group elementor-column elementor-field-group-email elementor-col-50 elementor-field-required\">\n\t\t\t\t\t\t\t\t\t\t\t\t\t<input size=\"1\" type=\"email\" name=\"form_fields[email]\" id=\"form-field-email\" class=\"elementor-field elementor-size-sm  elementor-field-textual\" placeholder=\"Your email\" required=\"required\">\n\t\t\t\t\t\t\t\t\t\t\t<\/div>\n\t\t\t\t\t\t\t\t<div class=\"elementor-field-type-number elementor-field-group elementor-column elementor-field-group-field_6bedbf8 elementor-col-50 elementor-field-required\">\n\t\t\t\t\t\t\t\t<input type=\"number\" name=\"form_fields[field_6bedbf8]\" id=\"form-field-field_6bedbf8\" class=\"elementor-field elementor-size-sm  elementor-field-textual\" placeholder=\"t\u00e9l\u00e9phone\" required=\"required\" min=\"\" max=\"\" >\n\t\t\t\t\t\t<\/div>\n\t\t\t\t\t\t\t\t<div class=\"elementor-field-type-textarea elementor-field-group elementor-column elementor-field-group-message elementor-col-100\">\n\t\t\t\t\t<textarea class=\"elementor-field-textual elementor-field  elementor-size-sm\" name=\"form_fields[message]\" id=\"form-field-message\" rows=\"7\" placeholder=\"Message\"><\/textarea>\t\t\t\t<\/div>\n\t\t\t\t\t\t\t\t<div class=\"elementor-field-group elementor-column elementor-field-type-submit elementor-col-100 e-form__buttons\">\n\t\t\t\t\t<button class=\"elementor-button elementor-size-sm\" type=\"submit\">\n\t\t\t\t\t\t<span class=\"elementor-button-content-wrapper\">\n\t\t\t\t\t\t\t\t\t\t\t\t\t\t\t<span class=\"elementor-button-icon\">\n\t\t\t\t\t\t\t\t\t<svg aria-hidden=\"true\" class=\"e-font-icon-svg e-fas-arrow-right\" viewBox=\"0 0 448 512\" xmlns=\"http:\/\/www.w3.org\/2000\/svg\"><path d=\"M190.5 66.9l22.2-22.2c9.4-9.4 24.6-9.4 33.9 0L441 239c9.4 9.4 9.4 24.6 0 33.9L246.6 467.3c-9.4 9.4-24.6 9.4-33.9 0l-22.2-22.2c-9.5-9.5-9.3-25 .4-34.3L311.4 296H24c-13.3 0-24-10.7-24-24v-32c0-13.3 10.7-24 24-24h287.4L190.9 101.2c-9.8-9.3-10-24.8-.4-34.3z\"><\/path><\/svg>\t\t\t\t\t\t\t\t\t\t\t\t\t\t\t\t\t<\/span>\n\t\t\t\t\t\t\t\t\t\t\t\t\t\t\t\t\t\t\t\t\t\t<span class=\"elementor-button-text\">envoyer<\/span>\n\t\t\t\t\t\t\t\t\t\t\t\t\t<\/span>\n\t\t\t\t\t<\/button>\n\t\t\t\t<\/div>\n\t\t\t<\/div>\n\t\t<\/form>\n\t\t\t\t\t\t<\/div>\n\t\t\t\t<\/div>\n\t\t\t\t\t<\/div>\n\t\t<\/div>\n\t\t\t\t\t<\/div>\n\t\t<\/div>\n\t\t\t\t\t<\/div>\n\t\t<\/div>\n\t\t\t\t\t<\/div>\n\t\t<\/div>\n\t\t\t\t<div class=\"elementor-section elementor-top-section elementor-element elementor-element-de77154 elementor-section-full_width elementor-section-stretched elementor-section-height-default elementor-section-height-default\" data-id=\"de77154\" data-element_type=\"section\" data-settings=\"{&quot;stretch_section&quot;:&quot;section-stretched&quot;}\">\n\t\t\t\t\t\t<div class=\"elementor-container elementor-column-gap-no\">\n\t\t\t\t\t<div class=\"elementor-column elementor-col-100 elementor-top-column elementor-element elementor-element-3802a23\" data-id=\"3802a23\" data-element_type=\"column\">\n\t\t\t<div class=\"elementor-widget-wrap elementor-element-populated\">\n\t\t\t\t\t\t<div class=\"elementor-element elementor-element-9ee095f elementor-widget elementor-widget-google_maps\" data-id=\"9ee095f\" data-element_type=\"widget\" data-widget_type=\"google_maps.default\">\n\t\t\t\t<div class=\"elementor-widget-container\">\n\t\t\t\t\t\t\t<div class=\"elementor-custom-embed\">\n\t\t\t<iframe loading=\"lazy\"\n\t\t\t\t\tsrc=\"https:\/\/maps.google.com\/maps?q=Mouawiya%20ibn%20Abi%20Sofiene%2C%20Menzah%2C%20Tunisia&#038;t=m&#038;z=10&#038;output=embed&#038;iwloc=near\"\n\t\t\t\t\ttitle=\"Mouawiya ibn Abi Sofiene, Menzah, Tunisia\"\n\t\t\t\t\taria-label=\"Mouawiya ibn Abi Sofiene, Menzah, Tunisia\"\n\t\t\t><\/iframe>\n\t\t<\/div>\n\t\t\t\t\t\t<\/div>\n\t\t\t\t<\/div>\n\t\t\t\t\t<\/div>\n\t\t<\/div>\n\t\t\t\t\t<\/div>\n\t\t<\/div>\n\t\t\t\t<\/div>\n\t\t","protected":false},"excerpt":{"rendered":"<p>Besoin d\u2019informations sur un produit, sa composition ou son prix ? Chez Mr Mass, notre \u00e9quipe vous accompagne avec des r\u00e9ponses claires et rapides. T\u00e9l\u00e9phone +216 23 888 889 Email support@example.com Adresse Mouawiya ibn Abi Sofiene, Menzah, Tunisia 10:00 until 19:00 Lun \u00e0 Sam Remplir le formulaire<\/p>\n","protected":false},"author":1,"featured_media":0,"parent":4522,"menu_order":0,"comment_status":"closed","ping_status":"closed","template":"elementor_header_footer","meta":{"footnotes":""},"class_list":["post-330","page","type-page","status-publish","hentry"],"yoast_head":"<!-- This site is optimized with the Yoast SEO plugin v25.2 - https:\/\/yoast.com\/wordpress\/plugins\/seo\/ -->\n<title>Contact Us - MR MASS<\/title>\n<meta name=\"robots\" content=\"index, follow, max-snippet:-1, max-image-preview:large, max-video-preview:-1\" \/>\n<link rel=\"canonical\" href=\"https:\/\/mr-mass.com\/?page_id=330\" \/>\n<meta property=\"og:locale\" content=\"fr_FR\" \/>\n<meta property=\"og:type\" content=\"article\" \/>\n<meta property=\"og:title\" content=\"Contact Us - MR MASS\" \/>\n<meta property=\"og:description\" content=\"Besoin d\u2019informations sur un produit, sa composition ou son prix ? Chez Mr Mass, notre \u00e9quipe vous accompagne avec des r\u00e9ponses claires et rapides. T\u00e9l\u00e9phone +216 23 888 889 Email support@example.com Adresse Mouawiya ibn Abi Sofiene, Menzah, Tunisia 10:00 until 19:00 Lun \u00e0 Sam Remplir le formulaire\" \/>\n<meta property=\"og:url\" content=\"https:\/\/mr-mass.com\/?page_id=330\" \/>\n<meta property=\"og:site_name\" content=\"MR MASS\" \/>\n<meta property=\"article:modified_time\" content=\"2025-06-05T15:23:48+00:00\" \/>\n<meta name=\"twitter:card\" content=\"summary_large_image\" \/>\n<meta name=\"twitter:label1\" content=\"Dur\u00e9e de lecture estim\u00e9e\" \/>\n\t<meta name=\"twitter:data1\" content=\"1 minute\" \/>\n<script type=\"application\/ld+json\" class=\"yoast-schema-graph\">{\"@context\":\"https:\/\/schema.org\",\"@graph\":[{\"@type\":\"WebPage\",\"@id\":\"https:\/\/mr-mass.com\/?page_id=330\",\"url\":\"https:\/\/mr-mass.com\/?page_id=330\",\"name\":\"Contact Us - MR MASS\",\"isPartOf\":{\"@id\":\"https:\/\/mr-mass.com\/#website\"},\"datePublished\":\"2020-12-22T04:13:25+00:00\",\"dateModified\":\"2025-06-05T15:23:48+00:00\",\"breadcrumb\":{\"@id\":\"https:\/\/mr-mass.com\/?page_id=330#breadcrumb\"},\"inLanguage\":\"fr-FR\",\"potentialAction\":[{\"@type\":\"ReadAction\",\"target\":[\"https:\/\/mr-mass.com\/?page_id=330\"]}]},{\"@type\":\"BreadcrumbList\",\"@id\":\"https:\/\/mr-mass.com\/?page_id=330#breadcrumb\",\"itemListElement\":[{\"@type\":\"ListItem\",\"position\":1,\"name\":\"Home\",\"item\":\"https:\/\/mr-mass.com\/\"},{\"@type\":\"ListItem\",\"position\":2,\"name\":\"Sample Page\",\"item\":\"https:\/\/mr-mass.com\/?page_id=4522\"},{\"@type\":\"ListItem\",\"position\":3,\"name\":\"Contact Us\"}]},{\"@type\":\"WebSite\",\"@id\":\"https:\/\/mr-mass.com\/#website\",\"url\":\"https:\/\/mr-mass.com\/\",\"name\":\"MR MASS\",\"description\":\"\",\"publisher\":{\"@id\":\"https:\/\/mr-mass.com\/#organization\"},\"potentialAction\":[{\"@type\":\"SearchAction\",\"target\":{\"@type\":\"EntryPoint\",\"urlTemplate\":\"https:\/\/mr-mass.com\/?s={search_term_string}\"},\"query-input\":{\"@type\":\"PropertyValueSpecification\",\"valueRequired\":true,\"valueName\":\"search_term_string\"}}],\"inLanguage\":\"fr-FR\"},{\"@type\":\"Organization\",\"@id\":\"https:\/\/mr-mass.com\/#organization\",\"name\":\"MR MASS\",\"url\":\"https:\/\/mr-mass.com\/\",\"logo\":{\"@type\":\"ImageObject\",\"inLanguage\":\"fr-FR\",\"@id\":\"https:\/\/mr-mass.com\/#\/schema\/logo\/image\/\",\"url\":\"https:\/\/mr-mass.com\/wp-content\/uploads\/2025\/06\/cropped-417524477_413976367821865_6357673664813295189_n-removebg-preview.png\",\"contentUrl\":\"https:\/\/mr-mass.com\/wp-content\/uploads\/2025\/06\/cropped-417524477_413976367821865_6357673664813295189_n-removebg-preview.png\",\"width\":500,\"height\":436,\"caption\":\"MR MASS\"},\"image\":{\"@id\":\"https:\/\/mr-mass.com\/#\/schema\/logo\/image\/\"}}]}<\/script>\n<!-- \/ Yoast SEO plugin. -->","yoast_head_json":{"title":"Contact Us - MR MASS","robots":{"index":"index","follow":"follow","max-snippet":"max-snippet:-1","max-image-preview":"max-image-preview:large","max-video-preview":"max-video-preview:-1"},"canonical":"https:\/\/mr-mass.com\/?page_id=330","og_locale":"fr_FR","og_type":"article","og_title":"Contact Us - MR MASS","og_description":"Besoin d\u2019informations sur un produit, sa composition ou son prix ? Chez Mr Mass, notre \u00e9quipe vous accompagne avec des r\u00e9ponses claires et rapides. T\u00e9l\u00e9phone +216 23 888 889 Email support@example.com Adresse Mouawiya ibn Abi Sofiene, Menzah, Tunisia 10:00 until 19:00 Lun \u00e0 Sam Remplir le formulaire","og_url":"https:\/\/mr-mass.com\/?page_id=330","og_site_name":"MR MASS","article_modified_time":"2025-06-05T15:23:48+00:00","twitter_card":"summary_large_image","twitter_misc":{"Dur\u00e9e de lecture estim\u00e9e":"1 minute"},"schema":{"@context":"https:\/\/schema.org","@graph":[{"@type":"WebPage","@id":"https:\/\/mr-mass.com\/?page_id=330","url":"https:\/\/mr-mass.com\/?page_id=330","name":"Contact Us - MR MASS","isPartOf":{"@id":"https:\/\/mr-mass.com\/#website"},"datePublished":"2020-12-22T04:13:25+00:00","dateModified":"2025-06-05T15:23:48+00:00","breadcrumb":{"@id":"https:\/\/mr-mass.com\/?page_id=330#breadcrumb"},"inLanguage":"fr-FR","potentialAction":[{"@type":"ReadAction","target":["https:\/\/mr-mass.com\/?page_id=330"]}]},{"@type":"BreadcrumbList","@id":"https:\/\/mr-mass.com\/?page_id=330#breadcrumb","itemListElement":[{"@type":"ListItem","position":1,"name":"Home","item":"https:\/\/mr-mass.com\/"},{"@type":"ListItem","position":2,"name":"Sample Page","item":"https:\/\/mr-mass.com\/?page_id=4522"},{"@type":"ListItem","position":3,"name":"Contact Us"}]},{"@type":"WebSite","@id":"https:\/\/mr-mass.com\/#website","url":"https:\/\/mr-mass.com\/","name":"MR MASS","description":"","publisher":{"@id":"https:\/\/mr-mass.com\/#organization"},"potentialAction":[{"@type":"SearchAction","target":{"@type":"EntryPoint","urlTemplate":"https:\/\/mr-mass.com\/?s={search_term_string}"},"query-input":{"@type":"PropertyValueSpecification","valueRequired":true,"valueName":"search_term_string"}}],"inLanguage":"fr-FR"},{"@type":"Organization","@id":"https:\/\/mr-mass.com\/#organization","name":"MR MASS","url":"https:\/\/mr-mass.com\/","logo":{"@type":"ImageObject","inLanguage":"fr-FR","@id":"https:\/\/mr-mass.com\/#\/schema\/logo\/image\/","url":"https:\/\/mr-mass.com\/wp-content\/uploads\/2025\/06\/cropped-417524477_413976367821865_6357673664813295189_n-removebg-preview.png","contentUrl":"https:\/\/mr-mass.com\/wp-content\/uploads\/2025\/06\/cropped-417524477_413976367821865_6357673664813295189_n-removebg-preview.png","width":500,"height":436,"caption":"MR MASS"},"image":{"@id":"https:\/\/mr-mass.com\/#\/schema\/logo\/image\/"}}]}},"jetpack_sharing_enabled":true,"_links":{"self":[{"href":"https:\/\/mr-mass.com\/index.php?rest_route=\/wp\/v2\/pages\/330","targetHints":{"allow":["GET"]}}],"collection":[{"href":"https:\/\/mr-mass.com\/index.php?rest_route=\/wp\/v2\/pages"}],"about":[{"href":"https:\/\/mr-mass.com\/index.php?rest_route=\/wp\/v2\/types\/page"}],"author":[{"embeddable":true,"href":"https:\/\/mr-mass.com\/index.php?rest_route=\/wp\/v2\/users\/1"}],"replies":[{"embeddable":true,"href":"https:\/\/mr-mass.com\/index.php?rest_route=%2Fwp%2Fv2%2Fcomments&post=330"}],"version-history":[{"count":9,"href":"https:\/\/mr-mass.com\/index.php?rest_route=\/wp\/v2\/pages\/330\/revisions"}],"predecessor-version":[{"id":6443,"href":"https:\/\/mr-mass.com\/index.php?rest_route=\/wp\/v2\/pages\/330\/revisions\/6443"}],"up":[{"embeddable":true,"href":"https:\/\/mr-mass.com\/index.php?rest_route=\/wp\/v2\/pages\/4522"}],"wp:attachment":[{"href":"https:\/\/mr-mass.com\/index.php?rest_route=%2Fwp%2Fv2%2Fmedia&parent=330"}],"curies":[{"name":"wp","href":"https:\/\/api.w.org\/{rel}","templated":true}]}}