{"id":6569,"date":"2025-06-10T10:46:52","date_gmt":"2025-06-10T08:46:52","guid":{"rendered":"https:\/\/mr-mass.com\/?product=muscle-tech-platinium-creatine-400g"},"modified":"2025-06-19T18:46:06","modified_gmt":"2025-06-19T16:46:06","slug":"muscle-tech-platinium-creatine-400g","status":"publish","type":"product","link":"https:\/\/mr-mass.com\/?product=muscle-tech-platinium-creatine-400g","title":{"rendered":"muscletech Platinium creatine 400g"},"content":{"rendered":"<div class=\"txt small-h\">\n<h3><strong>PLATINUM 100% CREATINE CONSTRUIT 2.72KG DE MUSCLE en\u00a0 6 semaines:\u00a0<\/strong><\/h3>\n<p>Dans une \u00e9tude clinique, les sujets utilisant la dose de cr\u00e9atine trouv\u00e9e dans une portion maximale de Platinum 100% Creatine ont gagn\u00e9\u00a0<strong>2.72KG<\/strong>\u00a0livres de muscle en seulement 6 semaines.1 Dans une autre \u00e9tude, les sujets test\u00e9s ont augment\u00e9 leur force au d\u00e9velopp\u00e9 couch\u00e9 de 18,6 % en seulement 10 jours !2<br \/>\nR\u00c9F\u00c9RENCE : 1. Peeters et al. 1999. J. Strength and Cond. Res. 13(1):3-9. 2. Selsby et al 2004. J. Strength and Cond. Res. 18(2): 311-315.<\/p>\n<p>&nbsp;<\/p>\n<div class=\"txt small-h mt-4\">\n<div class=\"elementor-column elementor-col-50 elementor-top-column elementor-element elementor-element-de632d1\" data-id=\"de632d1\" data-element_type=\"column\">\n<div class=\"elementor-widget-wrap elementor-element-populated\">\n<div class=\"elementor-element elementor-element-2a81823 elementor-widget elementor-widget-heading\" data-id=\"2a81823\" data-element_type=\"widget\" data-widget_type=\"heading.default\">\n<div class=\"elementor-widget-container\">\n<div class=\"elementor-column elementor-col-50 elementor-top-column elementor-element elementor-element-374086c\" data-id=\"374086c\" data-element_type=\"column\" data-settings=\"{&quot;background_background&quot;:&quot;classic&quot;}\">\n<div class=\"elementor-widget-wrap elementor-element-populated\">\n<div class=\"elementor-element elementor-element-976beab align-dce-center use-bg0 elementor-widget elementor-widget-dyncontel-acf\" data-id=\"976beab\" data-element_type=\"widget\" data-settings=\"{&quot;acf_field_list&quot;:&quot;performance_image&quot;,&quot;acf_type&quot;:&quot;image&quot;}\" data-widget_type=\"dyncontel-acf.default\">\n<div class=\"elementor-widget-container\">\n<div class=\"dynamic-content-for-elementor-acf \">\n<div class=\"acf-image\">\n<div class=\"mask\">\n<div class=\"wrap-filters\"><img decoding=\"async\" src=\"https:\/\/international.muscletech.com\/wp-content\/uploads\/2022\/01\/ChartCreatine-1.png\" \/><\/div>\n<\/div>\n<\/div>\n<\/div>\n<\/div>\n<\/div>\n<\/div>\n<\/div>\n<\/div>\n<\/div>\n<\/div>\n<\/div>\n<\/div>\n<p>&nbsp;<\/p>\n<p><strong>Platinum 100% Creatine<\/strong> est une des cr\u00e9atines en poudre de la marque MuscleTech, reconnue pour sa qualit\u00e9 sup\u00e9rieure et ses r\u00e9sultats prouv\u00e9s. La gamme platenium est formul\u00e9e pour les athl\u00e8tes s\u00e9rieux cherchant \u00e0 am\u00e9liorer leur force et leur performance.<\/p>\n<h2>Caract\u00e9ristiques de la Platinum 100% Creatine<\/h2>\n<p>Platinum 100% Creatine est un compl\u00e9ment alimentaire compos\u00e9 de cr\u00e9atine monohydrate micronis\u00e9e, une forme pure et facilement absorbable de cr\u00e9atine. Elle est id\u00e9ale pour les pratiquants de musculation et les sportifs recherchant des gains de force et de masse musculaire.<\/p>\n<ul>\n<li>5g de cr\u00e9atine par portion<\/li>\n<li>Cr\u00e9atine micronis\u00e9e pour une absorption optimale<\/li>\n<li>Sans go\u00fbt et se m\u00e9lange facilement avec d\u2019autres suppl\u00e9ments<\/li>\n<\/ul>\n<p>Cette cr\u00e9atine offre un excellent rapport qualit\u00e9\/prix et peut vous aider \u00e0 atteindre vos objectifs de performance.<\/p>\n<h2>Ce qu\u2019elle a de plus que les autres cr\u00e9atines<\/h2>\n<ul>\n<li>Qualit\u00e9 ultra-pure et test\u00e9e par HPLC<\/li>\n<li>Micronis\u00e9e pour une meilleure solubilit\u00e9 et absorption<\/li>\n<li>Soutien \u00e0 la r\u00e9cup\u00e9ration et \u00e0 la r\u00e9g\u00e9n\u00e9ration des r\u00e9serves d\u2019ATP<\/li>\n<\/ul>\n<h2>L\u2019avis des experts sur Platinum 100% Creatine<\/h2>\n<p>Platinum 100% Creatine est une cr\u00e9atine aux valeurs nutritionnelles excellentes, gr\u00e2ce \u00e0 sa puret\u00e9 et sa forme micronis\u00e9e. Utilis\u00e9e r\u00e9guli\u00e8rement, elle peut aider \u00e0 augmenter la masse musculaire et la force, tout en am\u00e9liorant la r\u00e9cup\u00e9ration apr\u00e8s l\u2019entra\u00eenement. Elle est \u00e9galement id\u00e9ale pour les r\u00e9gimes faibles en calories en raison de son absence de glucides et de lipides. Disponible en format \u00e9conomique de 400g, elle assure une utilisation durable et efficace.<\/p>\n<h2>Ingr\u00e9dients de la Platinum 100% Creatine<\/h2>\n<p>Platinum 100% Creatine contient de la cr\u00e9atine monohydrate micronis\u00e9e, pure et sans additifs.<\/p>\n<\/div>\n<div class=\"txt small-h mt-4\">\n<h2>Comment utiliser Platinum 100% Creatine?<\/h2>\n<div class=\"wrap\">\n<p>Pour la phase de chargement (premiers 3 jours), m\u00e9langez 1 dose (5g) dans un shaker avec environ 240 ml d\u2019eau et consommez 4 fois par jour. Pour la phase de maintenance, m\u00e9langez 1 dose (5g) dans un shaker avec environ 240 ml d\u2019eau 1 \u00e0 2 fois par jour.<\/p>\n<h2>Quand utiliser Platinum 100% Creatine?<\/h2>\n<p>Vous pouvez consommer Platinum 100% Creatine de pr\u00e9f\u00e9rence avant et apr\u00e8s les entra\u00eenements pour maximiser les r\u00e9sultats, ou en collation selon vos besoins en cr\u00e9atine<\/p>\n<\/div>\n<\/div>\n","protected":false},"excerpt":{"rendered":"<p>Platinum 100% Creatine de MuscleTech est une cr\u00e9atine micronis\u00e9e ultra-pure, id\u00e9ale pour augmenter la masse musculaire, la force et am\u00e9liorer la performance. Chaque portion de 5g garantit une absorption optimale et des r\u00e9sultats maximaux.<\/p>\n","protected":false},"featured_media":6863,"comment_status":"open","ping_status":"closed","template":"","meta":[],"product_cat":[34],"product_tag":[],"class_list":{"0":"post-6569","1":"product","2":"type-product","3":"status-publish","4":"has-post-thumbnail","6":"product_brand-muscletech","7":"product_cat-creatine","9":"first","10":"instock","11":"shipping-taxable","12":"purchasable","13":"product-type-simple"},"yoast_head":"<!-- This site is optimized with the Yoast SEO plugin v25.2 - https:\/\/yoast.com\/wordpress\/plugins\/seo\/ -->\n<title>muscletech Platinium creatine 400g - MR MASS<\/title>\n<meta name=\"description\" content=\"Platinum 100% Creatine de MuscleTech est une cr\u00e9atine micronis\u00e9e ultra-pure, id\u00e9ale pour augmenter la masse musculaire, la force et am\u00e9liorer la performance. Chaque portion de 5g garantit une absorption optimale et des r\u00e9sultats maximaux.\" \/>\n<meta name=\"robots\" content=\"index, follow, max-snippet:-1, max-image-preview:large, max-video-preview:-1\" \/>\n<link rel=\"canonical\" href=\"https:\/\/mr-mass.com\/?product=muscle-tech-platinium-creatine-400g\" \/>\n<meta property=\"og:locale\" content=\"fr_FR\" \/>\n<meta property=\"og:type\" content=\"article\" \/>\n<meta property=\"og:title\" content=\"muscletech Platinium creatine 400g - MR MASS\" \/>\n<meta property=\"og:description\" content=\"Platinum 100% Creatine de MuscleTech est une cr\u00e9atine micronis\u00e9e ultra-pure, id\u00e9ale pour augmenter la masse musculaire, la force et am\u00e9liorer la performance. Chaque portion de 5g garantit une absorption optimale et des r\u00e9sultats maximaux.\" \/>\n<meta property=\"og:url\" content=\"https:\/\/mr-mass.com\/?product=muscle-tech-platinium-creatine-400g\" \/>\n<meta property=\"og:site_name\" content=\"MR MASS\" \/>\n<meta property=\"article:modified_time\" content=\"2025-06-19T16:46:06+00:00\" \/>\n<meta property=\"og:image\" content=\"https:\/\/mr-mass.com\/wp-content\/uploads\/2025\/06\/platinum_creatine_400gr_muscletech_tunipro_tunis-e1750351538712.webp\" \/>\n\t<meta property=\"og:image:width\" content=\"500\" \/>\n\t<meta property=\"og:image:height\" content=\"500\" \/>\n\t<meta property=\"og:image:type\" content=\"image\/webp\" \/>\n<meta name=\"twitter:card\" content=\"summary_large_image\" \/>\n<meta name=\"twitter:label1\" content=\"Dur\u00e9e de lecture estim\u00e9e\" \/>\n\t<meta name=\"twitter:data1\" content=\"3 minutes\" \/>\n<script type=\"application\/ld+json\" class=\"yoast-schema-graph\">{\"@context\":\"https:\/\/schema.org\",\"@graph\":[{\"@type\":\"WebPage\",\"@id\":\"https:\/\/mr-mass.com\/?product=muscle-tech-platinium-creatine-400g\",\"url\":\"https:\/\/mr-mass.com\/?product=muscle-tech-platinium-creatine-400g\",\"name\":\"muscletech Platinium creatine 400g - MR MASS\",\"isPartOf\":{\"@id\":\"https:\/\/mr-mass.com\/#website\"},\"primaryImageOfPage\":{\"@id\":\"https:\/\/mr-mass.com\/?product=muscle-tech-platinium-creatine-400g#primaryimage\"},\"image\":{\"@id\":\"https:\/\/mr-mass.com\/?product=muscle-tech-platinium-creatine-400g#primaryimage\"},\"thumbnailUrl\":\"https:\/\/mr-mass.com\/wp-content\/uploads\/2025\/06\/platinum_creatine_400gr_muscletech_tunipro_tunis-e1750351538712.webp\",\"datePublished\":\"2025-06-10T08:46:52+00:00\",\"dateModified\":\"2025-06-19T16:46:06+00:00\",\"description\":\"Platinum 100% Creatine de MuscleTech est une cr\u00e9atine micronis\u00e9e ultra-pure, id\u00e9ale pour augmenter la masse musculaire, la force et am\u00e9liorer la performance. Chaque portion de 5g garantit une absorption optimale et des r\u00e9sultats maximaux.\",\"breadcrumb\":{\"@id\":\"https:\/\/mr-mass.com\/?product=muscle-tech-platinium-creatine-400g#breadcrumb\"},\"inLanguage\":\"fr-FR\",\"potentialAction\":[{\"@type\":\"ReadAction\",\"target\":[\"https:\/\/mr-mass.com\/?product=muscle-tech-platinium-creatine-400g\"]}]},{\"@type\":\"ImageObject\",\"inLanguage\":\"fr-FR\",\"@id\":\"https:\/\/mr-mass.com\/?product=muscle-tech-platinium-creatine-400g#primaryimage\",\"url\":\"https:\/\/mr-mass.com\/wp-content\/uploads\/2025\/06\/platinum_creatine_400gr_muscletech_tunipro_tunis-e1750351538712.webp\",\"contentUrl\":\"https:\/\/mr-mass.com\/wp-content\/uploads\/2025\/06\/platinum_creatine_400gr_muscletech_tunipro_tunis-e1750351538712.webp\",\"width\":500,\"height\":500},{\"@type\":\"BreadcrumbList\",\"@id\":\"https:\/\/mr-mass.com\/?product=muscle-tech-platinium-creatine-400g#breadcrumb\",\"itemListElement\":[{\"@type\":\"ListItem\",\"position\":1,\"name\":\"Home\",\"item\":\"https:\/\/mr-mass.com\/\"},{\"@type\":\"ListItem\",\"position\":2,\"name\":\"Boutique\",\"item\":\"https:\/\/mr-mass.com\/?page_id=8\"},{\"@type\":\"ListItem\",\"position\":3,\"name\":\"muscletech Platinium creatine 400g\"}]},{\"@type\":\"WebSite\",\"@id\":\"https:\/\/mr-mass.com\/#website\",\"url\":\"https:\/\/mr-mass.com\/\",\"name\":\"MR MASS\",\"description\":\"\",\"publisher\":{\"@id\":\"https:\/\/mr-mass.com\/#organization\"},\"potentialAction\":[{\"@type\":\"SearchAction\",\"target\":{\"@type\":\"EntryPoint\",\"urlTemplate\":\"https:\/\/mr-mass.com\/?s={search_term_string}\"},\"query-input\":{\"@type\":\"PropertyValueSpecification\",\"valueRequired\":true,\"valueName\":\"search_term_string\"}}],\"inLanguage\":\"fr-FR\"},{\"@type\":\"Organization\",\"@id\":\"https:\/\/mr-mass.com\/#organization\",\"name\":\"MR MASS\",\"url\":\"https:\/\/mr-mass.com\/\",\"logo\":{\"@type\":\"ImageObject\",\"inLanguage\":\"fr-FR\",\"@id\":\"https:\/\/mr-mass.com\/#\/schema\/logo\/image\/\",\"url\":\"https:\/\/mr-mass.com\/wp-content\/uploads\/2025\/06\/cropped-417524477_413976367821865_6357673664813295189_n-removebg-preview.png\",\"contentUrl\":\"https:\/\/mr-mass.com\/wp-content\/uploads\/2025\/06\/cropped-417524477_413976367821865_6357673664813295189_n-removebg-preview.png\",\"width\":500,\"height\":436,\"caption\":\"MR MASS\"},\"image\":{\"@id\":\"https:\/\/mr-mass.com\/#\/schema\/logo\/image\/\"}}]}<\/script>\n<!-- \/ Yoast SEO plugin. -->","yoast_head_json":{"title":"muscletech Platinium creatine 400g - MR MASS","description":"Platinum 100% Creatine de MuscleTech est une cr\u00e9atine micronis\u00e9e ultra-pure, id\u00e9ale pour augmenter la masse musculaire, la force et am\u00e9liorer la performance. Chaque portion de 5g garantit une absorption optimale et des r\u00e9sultats maximaux.","robots":{"index":"index","follow":"follow","max-snippet":"max-snippet:-1","max-image-preview":"max-image-preview:large","max-video-preview":"max-video-preview:-1"},"canonical":"https:\/\/mr-mass.com\/?product=muscle-tech-platinium-creatine-400g","og_locale":"fr_FR","og_type":"article","og_title":"muscletech Platinium creatine 400g - MR MASS","og_description":"Platinum 100% Creatine de MuscleTech est une cr\u00e9atine micronis\u00e9e ultra-pure, id\u00e9ale pour augmenter la masse musculaire, la force et am\u00e9liorer la performance. Chaque portion de 5g garantit une absorption optimale et des r\u00e9sultats maximaux.","og_url":"https:\/\/mr-mass.com\/?product=muscle-tech-platinium-creatine-400g","og_site_name":"MR MASS","article_modified_time":"2025-06-19T16:46:06+00:00","og_image":[{"width":500,"height":500,"url":"https:\/\/mr-mass.com\/wp-content\/uploads\/2025\/06\/platinum_creatine_400gr_muscletech_tunipro_tunis-e1750351538712.webp","type":"image\/webp"}],"twitter_card":"summary_large_image","twitter_misc":{"Dur\u00e9e de lecture estim\u00e9e":"3 minutes"},"schema":{"@context":"https:\/\/schema.org","@graph":[{"@type":"WebPage","@id":"https:\/\/mr-mass.com\/?product=muscle-tech-platinium-creatine-400g","url":"https:\/\/mr-mass.com\/?product=muscle-tech-platinium-creatine-400g","name":"muscletech Platinium creatine 400g - MR MASS","isPartOf":{"@id":"https:\/\/mr-mass.com\/#website"},"primaryImageOfPage":{"@id":"https:\/\/mr-mass.com\/?product=muscle-tech-platinium-creatine-400g#primaryimage"},"image":{"@id":"https:\/\/mr-mass.com\/?product=muscle-tech-platinium-creatine-400g#primaryimage"},"thumbnailUrl":"https:\/\/mr-mass.com\/wp-content\/uploads\/2025\/06\/platinum_creatine_400gr_muscletech_tunipro_tunis-e1750351538712.webp","datePublished":"2025-06-10T08:46:52+00:00","dateModified":"2025-06-19T16:46:06+00:00","description":"Platinum 100% Creatine de MuscleTech est une cr\u00e9atine micronis\u00e9e ultra-pure, id\u00e9ale pour augmenter la masse musculaire, la force et am\u00e9liorer la performance. Chaque portion de 5g garantit une absorption optimale et des r\u00e9sultats maximaux.","breadcrumb":{"@id":"https:\/\/mr-mass.com\/?product=muscle-tech-platinium-creatine-400g#breadcrumb"},"inLanguage":"fr-FR","potentialAction":[{"@type":"ReadAction","target":["https:\/\/mr-mass.com\/?product=muscle-tech-platinium-creatine-400g"]}]},{"@type":"ImageObject","inLanguage":"fr-FR","@id":"https:\/\/mr-mass.com\/?product=muscle-tech-platinium-creatine-400g#primaryimage","url":"https:\/\/mr-mass.com\/wp-content\/uploads\/2025\/06\/platinum_creatine_400gr_muscletech_tunipro_tunis-e1750351538712.webp","contentUrl":"https:\/\/mr-mass.com\/wp-content\/uploads\/2025\/06\/platinum_creatine_400gr_muscletech_tunipro_tunis-e1750351538712.webp","width":500,"height":500},{"@type":"BreadcrumbList","@id":"https:\/\/mr-mass.com\/?product=muscle-tech-platinium-creatine-400g#breadcrumb","itemListElement":[{"@type":"ListItem","position":1,"name":"Home","item":"https:\/\/mr-mass.com\/"},{"@type":"ListItem","position":2,"name":"Boutique","item":"https:\/\/mr-mass.com\/?page_id=8"},{"@type":"ListItem","position":3,"name":"muscletech Platinium creatine 400g"}]},{"@type":"WebSite","@id":"https:\/\/mr-mass.com\/#website","url":"https:\/\/mr-mass.com\/","name":"MR MASS","description":"","publisher":{"@id":"https:\/\/mr-mass.com\/#organization"},"potentialAction":[{"@type":"SearchAction","target":{"@type":"EntryPoint","urlTemplate":"https:\/\/mr-mass.com\/?s={search_term_string}"},"query-input":{"@type":"PropertyValueSpecification","valueRequired":true,"valueName":"search_term_string"}}],"inLanguage":"fr-FR"},{"@type":"Organization","@id":"https:\/\/mr-mass.com\/#organization","name":"MR MASS","url":"https:\/\/mr-mass.com\/","logo":{"@type":"ImageObject","inLanguage":"fr-FR","@id":"https:\/\/mr-mass.com\/#\/schema\/logo\/image\/","url":"https:\/\/mr-mass.com\/wp-content\/uploads\/2025\/06\/cropped-417524477_413976367821865_6357673664813295189_n-removebg-preview.png","contentUrl":"https:\/\/mr-mass.com\/wp-content\/uploads\/2025\/06\/cropped-417524477_413976367821865_6357673664813295189_n-removebg-preview.png","width":500,"height":436,"caption":"MR MASS"},"image":{"@id":"https:\/\/mr-mass.com\/#\/schema\/logo\/image\/"}}]}},"jetpack_sharing_enabled":true,"_links":{"self":[{"href":"https:\/\/mr-mass.com\/index.php?rest_route=\/wp\/v2\/product\/6569","targetHints":{"allow":["GET"]}}],"collection":[{"href":"https:\/\/mr-mass.com\/index.php?rest_route=\/wp\/v2\/product"}],"about":[{"href":"https:\/\/mr-mass.com\/index.php?rest_route=\/wp\/v2\/types\/product"}],"replies":[{"embeddable":true,"href":"https:\/\/mr-mass.com\/index.php?rest_route=%2Fwp%2Fv2%2Fcomments&post=6569"}],"wp:featuredmedia":[{"embeddable":true,"href":"https:\/\/mr-mass.com\/index.php?rest_route=\/wp\/v2\/media\/6863"}],"wp:attachment":[{"href":"https:\/\/mr-mass.com\/index.php?rest_route=%2Fwp%2Fv2%2Fmedia&parent=6569"}],"wp:term":[{"taxonomy":"product_cat","embeddable":true,"href":"https:\/\/mr-mass.com\/index.php?rest_route=%2Fwp%2Fv2%2Fproduct_cat&post=6569"},{"taxonomy":"product_tag","embeddable":true,"href":"https:\/\/mr-mass.com\/index.php?rest_route=%2Fwp%2Fv2%2Fproduct_tag&post=6569"}],"curies":[{"name":"wp","href":"https:\/\/api.w.org\/{rel}","templated":true}]}}