{"id":6570,"date":"2025-06-10T10:46:52","date_gmt":"2025-06-10T08:46:52","guid":{"rendered":"https:\/\/mr-mass.com\/?product=biotech-creatine-300g"},"modified":"2025-11-14T14:17:35","modified_gmt":"2025-11-14T13:17:35","slug":"biotech-creatine-300g","status":"publish","type":"product","link":"https:\/\/mr-mass.com\/?product=biotech-creatine-300g","title":{"rendered":"Biotech creatine 300g"},"content":{"rendered":"<section>\n<div class=\"container-fluid-lg\">\n<div class=\"row\">\n<div class=\"col-12\">\n<div class=\"product-section-box m-0\">\n<ul id=\"myTab\" class=\"nav nav-tabs custom-nav\" role=\"tablist\">\n<li class=\"nav-item\" role=\"presentation\"><button id=\"description-tab\" class=\"nav-link active\" role=\"tab\" type=\"button\" data-bs-toggle=\"tab\" data-bs-target=\"#description\" aria-controls=\"description\" aria-selected=\"true\">Description<\/button><\/li>\n<\/ul>\n<div id=\"myTabContent\" class=\"tab-content custom-tab\">\n<div id=\"description\" class=\"tab-pane fade show active\" role=\"tabpanel\" aria-labelledby=\"description-tab\">\n<div class=\"product-description\">\n<p>La cr\u00e9atine monohydrate est un compl\u00e9ment nutritionnel incontournable dans le domaine de la musculation. Des \u00e9tudes scientifiques ont d\u00e9montr\u00e9 que la prise quotidienne d&rsquo;au moins 3 g de cr\u00e9atine monohydrate optimise la performance lors d&rsquo;efforts brefs et intenses, tels que ceux rencontr\u00e9s en musculation.<\/p>\n<p><b>AVANTAGES DE LA CR\u00c9ATINE<\/b><\/p>\n<ul>\n<li>Augmente la force<\/li>\n<li>Stimule la croissance musculaire<\/li>\n<li>Favorise une r\u00e9cup\u00e9ration am\u00e9lior\u00e9e<\/li>\n<\/ul>\n<p><b>COMPRENDRE LA CR\u00c9ATINE<\/b> La cr\u00e9atine stimule la synth\u00e8se de l&rsquo;ATP (ad\u00e9nosine triphosphate), la mol\u00e9cule \u00e9nerg\u00e9tique, permettant ainsi de fournir rapidement de l&rsquo;\u00e9nergie aux cellules pour des efforts courts et intenses. La 100% cr\u00e9atine monohydrate acc\u00e9l\u00e8re la r\u00e9cup\u00e9ration et r\u00e9duit les douleurs musculaires.<\/p>\n<p>La cr\u00e9atine am\u00e9liore les performances lors d&rsquo;efforts successifs de haute intensit\u00e9 et de courte dur\u00e9e. Les bienfaits sont obtenus avec une consommation quotidienne de 3 g de cr\u00e9atine. Ce produit est sans parfum, facilitant ainsi son m\u00e9lange avec d&rsquo;autres suppl\u00e9ments tels que les gainers ou les prot\u00e9ines. Comme tous les produits de BioTech USA, la 100% Cr\u00e9atine Monohydrate est compos\u00e9e de nutriments soigneusement s\u00e9lectionn\u00e9s et ne pr\u00e9sente aucun risque pour la sant\u00e9.<\/p>\n<\/div>\n<\/div>\n<\/div>\n<\/div>\n<\/div>\n<\/div>\n<\/div>\n<\/section>\n<section class=\"product-list-section section-b-space\">\n<div class=\"container-fluid-lg\">\n<div class=\"title\"><\/div>\n<\/div>\n<\/section>\n","protected":false},"excerpt":{"rendered":"<p><span class=\"badge rounded-pill text-bg-primary\">88 SERVINGS<\/span><\/p>\n<div class=\"procuct-contain\">100% CR\u00c9ATINE MONOHYDRATE BIOTECH USA est un compl\u00e9ment nutritionnel essentiel dans l&rsquo;univers de la musculation. En stimulant la synth\u00e8se de l&rsquo;ATP (ad\u00e9nosine triphosphate), la mol\u00e9cule \u00e9nerg\u00e9tique, la cr\u00e9atine permet une fourniture rapide d&rsquo;\u00e9nergie aux cellules lors d&rsquo;efforts brefs et intenses. La 100% cr\u00e9atine monohydrate acc\u00e9l\u00e8re la r\u00e9cup\u00e9ration musculaire et favorise une prise de masse musculaire rapide.<\/div>\n","protected":false},"featured_media":6425,"comment_status":"open","ping_status":"closed","template":"","meta":[],"product_cat":[34],"product_tag":[],"class_list":{"0":"post-6570","1":"product","2":"type-product","3":"status-publish","4":"has-post-thumbnail","6":"product_brand-biotech-usa","7":"product_cat-creatine","9":"first","10":"instock","11":"sale","12":"shipping-taxable","13":"purchasable","14":"product-type-simple"},"yoast_head":"<!-- This site is optimized with the Yoast SEO plugin v25.2 - https:\/\/yoast.com\/wordpress\/plugins\/seo\/ -->\n<title>Biotech creatine 300g - MR MASS<\/title>\n<meta name=\"description\" content=\"88 SERVINGS100% CR\u00c9ATINE MONOHYDRATE BIOTECH USA est un compl\u00e9ment nutritionnel essentiel dans l&#039;univers de la musculation. En stimulant la synth\u00e8se de l&#039;ATP (ad\u00e9nosine triphosphate), la mol\u00e9cule \u00e9nerg\u00e9tique, la cr\u00e9atine permet une fourniture rapide d&#039;\u00e9nergie aux cellules lors d&#039;efforts brefs et intenses. La 100% cr\u00e9atine monohydrate acc\u00e9l\u00e8re la r\u00e9cup\u00e9ration musculaire et favorise une prise de masse musculaire rapide.\" \/>\n<meta name=\"robots\" content=\"index, follow, max-snippet:-1, max-image-preview:large, max-video-preview:-1\" \/>\n<link rel=\"canonical\" href=\"https:\/\/mr-mass.com\/?product=biotech-creatine-300g\" \/>\n<meta property=\"og:locale\" content=\"fr_FR\" \/>\n<meta property=\"og:type\" content=\"article\" \/>\n<meta property=\"og:title\" content=\"Biotech creatine 300g - MR MASS\" \/>\n<meta property=\"og:description\" content=\"88 SERVINGS100% CR\u00c9ATINE MONOHYDRATE BIOTECH USA est un compl\u00e9ment nutritionnel essentiel dans l&#039;univers de la musculation. En stimulant la synth\u00e8se de l&#039;ATP (ad\u00e9nosine triphosphate), la mol\u00e9cule \u00e9nerg\u00e9tique, la cr\u00e9atine permet une fourniture rapide d&#039;\u00e9nergie aux cellules lors d&#039;efforts brefs et intenses. La 100% cr\u00e9atine monohydrate acc\u00e9l\u00e8re la r\u00e9cup\u00e9ration musculaire et favorise une prise de masse musculaire rapide.\" \/>\n<meta property=\"og:url\" content=\"https:\/\/mr-mass.com\/?product=biotech-creatine-300g\" \/>\n<meta property=\"og:site_name\" content=\"MR MASS\" \/>\n<meta property=\"article:modified_time\" content=\"2025-11-14T13:17:35+00:00\" \/>\n<meta property=\"og:image\" content=\"https:\/\/mr-mass.com\/wp-content\/uploads\/2025\/06\/CREATINE-MONOHYDRATE-300GR-\u2013-BIOTECH-USA.webp\" \/>\n\t<meta property=\"og:image:width\" content=\"500\" \/>\n\t<meta property=\"og:image:height\" content=\"500\" \/>\n\t<meta property=\"og:image:type\" content=\"image\/webp\" \/>\n<meta name=\"twitter:card\" content=\"summary_large_image\" \/>\n<meta name=\"twitter:label1\" content=\"Dur\u00e9e de lecture estim\u00e9e\" \/>\n\t<meta name=\"twitter:data1\" content=\"2 minutes\" \/>\n<script type=\"application\/ld+json\" class=\"yoast-schema-graph\">{\"@context\":\"https:\/\/schema.org\",\"@graph\":[{\"@type\":\"WebPage\",\"@id\":\"https:\/\/mr-mass.com\/?product=biotech-creatine-300g\",\"url\":\"https:\/\/mr-mass.com\/?product=biotech-creatine-300g\",\"name\":\"Biotech creatine 300g - MR MASS\",\"isPartOf\":{\"@id\":\"https:\/\/mr-mass.com\/#website\"},\"primaryImageOfPage\":{\"@id\":\"https:\/\/mr-mass.com\/?product=biotech-creatine-300g#primaryimage\"},\"image\":{\"@id\":\"https:\/\/mr-mass.com\/?product=biotech-creatine-300g#primaryimage\"},\"thumbnailUrl\":\"https:\/\/mr-mass.com\/wp-content\/uploads\/2025\/06\/CREATINE-MONOHYDRATE-300GR-\u2013-BIOTECH-USA.webp\",\"datePublished\":\"2025-06-10T08:46:52+00:00\",\"dateModified\":\"2025-11-14T13:17:35+00:00\",\"description\":\"88 SERVINGS100% CR\u00c9ATINE MONOHYDRATE BIOTECH USA est un compl\u00e9ment nutritionnel essentiel dans l'univers de la musculation. En stimulant la synth\u00e8se de l'ATP (ad\u00e9nosine triphosphate), la mol\u00e9cule \u00e9nerg\u00e9tique, la cr\u00e9atine permet une fourniture rapide d'\u00e9nergie aux cellules lors d'efforts brefs et intenses. La 100% cr\u00e9atine monohydrate acc\u00e9l\u00e8re la r\u00e9cup\u00e9ration musculaire et favorise une prise de masse musculaire rapide.\",\"breadcrumb\":{\"@id\":\"https:\/\/mr-mass.com\/?product=biotech-creatine-300g#breadcrumb\"},\"inLanguage\":\"fr-FR\",\"potentialAction\":[{\"@type\":\"ReadAction\",\"target\":[\"https:\/\/mr-mass.com\/?product=biotech-creatine-300g\"]}]},{\"@type\":\"ImageObject\",\"inLanguage\":\"fr-FR\",\"@id\":\"https:\/\/mr-mass.com\/?product=biotech-creatine-300g#primaryimage\",\"url\":\"https:\/\/mr-mass.com\/wp-content\/uploads\/2025\/06\/CREATINE-MONOHYDRATE-300GR-\u2013-BIOTECH-USA.webp\",\"contentUrl\":\"https:\/\/mr-mass.com\/wp-content\/uploads\/2025\/06\/CREATINE-MONOHYDRATE-300GR-\u2013-BIOTECH-USA.webp\",\"width\":500,\"height\":500},{\"@type\":\"BreadcrumbList\",\"@id\":\"https:\/\/mr-mass.com\/?product=biotech-creatine-300g#breadcrumb\",\"itemListElement\":[{\"@type\":\"ListItem\",\"position\":1,\"name\":\"Home\",\"item\":\"https:\/\/mr-mass.com\/\"},{\"@type\":\"ListItem\",\"position\":2,\"name\":\"Boutique\",\"item\":\"https:\/\/mr-mass.com\/?page_id=8\"},{\"@type\":\"ListItem\",\"position\":3,\"name\":\"Biotech creatine 300g\"}]},{\"@type\":\"WebSite\",\"@id\":\"https:\/\/mr-mass.com\/#website\",\"url\":\"https:\/\/mr-mass.com\/\",\"name\":\"MR MASS\",\"description\":\"\",\"publisher\":{\"@id\":\"https:\/\/mr-mass.com\/#organization\"},\"potentialAction\":[{\"@type\":\"SearchAction\",\"target\":{\"@type\":\"EntryPoint\",\"urlTemplate\":\"https:\/\/mr-mass.com\/?s={search_term_string}\"},\"query-input\":{\"@type\":\"PropertyValueSpecification\",\"valueRequired\":true,\"valueName\":\"search_term_string\"}}],\"inLanguage\":\"fr-FR\"},{\"@type\":\"Organization\",\"@id\":\"https:\/\/mr-mass.com\/#organization\",\"name\":\"MR MASS\",\"url\":\"https:\/\/mr-mass.com\/\",\"logo\":{\"@type\":\"ImageObject\",\"inLanguage\":\"fr-FR\",\"@id\":\"https:\/\/mr-mass.com\/#\/schema\/logo\/image\/\",\"url\":\"https:\/\/mr-mass.com\/wp-content\/uploads\/2025\/06\/cropped-417524477_413976367821865_6357673664813295189_n-removebg-preview.png\",\"contentUrl\":\"https:\/\/mr-mass.com\/wp-content\/uploads\/2025\/06\/cropped-417524477_413976367821865_6357673664813295189_n-removebg-preview.png\",\"width\":500,\"height\":436,\"caption\":\"MR MASS\"},\"image\":{\"@id\":\"https:\/\/mr-mass.com\/#\/schema\/logo\/image\/\"}}]}<\/script>\n<!-- \/ Yoast SEO plugin. -->","yoast_head_json":{"title":"Biotech creatine 300g - MR MASS","description":"88 SERVINGS100% CR\u00c9ATINE MONOHYDRATE BIOTECH USA est un compl\u00e9ment nutritionnel essentiel dans l'univers de la musculation. En stimulant la synth\u00e8se de l'ATP (ad\u00e9nosine triphosphate), la mol\u00e9cule \u00e9nerg\u00e9tique, la cr\u00e9atine permet une fourniture rapide d'\u00e9nergie aux cellules lors d'efforts brefs et intenses. La 100% cr\u00e9atine monohydrate acc\u00e9l\u00e8re la r\u00e9cup\u00e9ration musculaire et favorise une prise de masse musculaire rapide.","robots":{"index":"index","follow":"follow","max-snippet":"max-snippet:-1","max-image-preview":"max-image-preview:large","max-video-preview":"max-video-preview:-1"},"canonical":"https:\/\/mr-mass.com\/?product=biotech-creatine-300g","og_locale":"fr_FR","og_type":"article","og_title":"Biotech creatine 300g - MR MASS","og_description":"88 SERVINGS100% CR\u00c9ATINE MONOHYDRATE BIOTECH USA est un compl\u00e9ment nutritionnel essentiel dans l'univers de la musculation. En stimulant la synth\u00e8se de l'ATP (ad\u00e9nosine triphosphate), la mol\u00e9cule \u00e9nerg\u00e9tique, la cr\u00e9atine permet une fourniture rapide d'\u00e9nergie aux cellules lors d'efforts brefs et intenses. La 100% cr\u00e9atine monohydrate acc\u00e9l\u00e8re la r\u00e9cup\u00e9ration musculaire et favorise une prise de masse musculaire rapide.","og_url":"https:\/\/mr-mass.com\/?product=biotech-creatine-300g","og_site_name":"MR MASS","article_modified_time":"2025-11-14T13:17:35+00:00","og_image":[{"width":500,"height":500,"url":"https:\/\/mr-mass.com\/wp-content\/uploads\/2025\/06\/CREATINE-MONOHYDRATE-300GR-\u2013-BIOTECH-USA.webp","type":"image\/webp"}],"twitter_card":"summary_large_image","twitter_misc":{"Dur\u00e9e de lecture estim\u00e9e":"2 minutes"},"schema":{"@context":"https:\/\/schema.org","@graph":[{"@type":"WebPage","@id":"https:\/\/mr-mass.com\/?product=biotech-creatine-300g","url":"https:\/\/mr-mass.com\/?product=biotech-creatine-300g","name":"Biotech creatine 300g - MR MASS","isPartOf":{"@id":"https:\/\/mr-mass.com\/#website"},"primaryImageOfPage":{"@id":"https:\/\/mr-mass.com\/?product=biotech-creatine-300g#primaryimage"},"image":{"@id":"https:\/\/mr-mass.com\/?product=biotech-creatine-300g#primaryimage"},"thumbnailUrl":"https:\/\/mr-mass.com\/wp-content\/uploads\/2025\/06\/CREATINE-MONOHYDRATE-300GR-\u2013-BIOTECH-USA.webp","datePublished":"2025-06-10T08:46:52+00:00","dateModified":"2025-11-14T13:17:35+00:00","description":"88 SERVINGS100% CR\u00c9ATINE MONOHYDRATE BIOTECH USA est un compl\u00e9ment nutritionnel essentiel dans l'univers de la musculation. En stimulant la synth\u00e8se de l'ATP (ad\u00e9nosine triphosphate), la mol\u00e9cule \u00e9nerg\u00e9tique, la cr\u00e9atine permet une fourniture rapide d'\u00e9nergie aux cellules lors d'efforts brefs et intenses. La 100% cr\u00e9atine monohydrate acc\u00e9l\u00e8re la r\u00e9cup\u00e9ration musculaire et favorise une prise de masse musculaire rapide.","breadcrumb":{"@id":"https:\/\/mr-mass.com\/?product=biotech-creatine-300g#breadcrumb"},"inLanguage":"fr-FR","potentialAction":[{"@type":"ReadAction","target":["https:\/\/mr-mass.com\/?product=biotech-creatine-300g"]}]},{"@type":"ImageObject","inLanguage":"fr-FR","@id":"https:\/\/mr-mass.com\/?product=biotech-creatine-300g#primaryimage","url":"https:\/\/mr-mass.com\/wp-content\/uploads\/2025\/06\/CREATINE-MONOHYDRATE-300GR-\u2013-BIOTECH-USA.webp","contentUrl":"https:\/\/mr-mass.com\/wp-content\/uploads\/2025\/06\/CREATINE-MONOHYDRATE-300GR-\u2013-BIOTECH-USA.webp","width":500,"height":500},{"@type":"BreadcrumbList","@id":"https:\/\/mr-mass.com\/?product=biotech-creatine-300g#breadcrumb","itemListElement":[{"@type":"ListItem","position":1,"name":"Home","item":"https:\/\/mr-mass.com\/"},{"@type":"ListItem","position":2,"name":"Boutique","item":"https:\/\/mr-mass.com\/?page_id=8"},{"@type":"ListItem","position":3,"name":"Biotech creatine 300g"}]},{"@type":"WebSite","@id":"https:\/\/mr-mass.com\/#website","url":"https:\/\/mr-mass.com\/","name":"MR MASS","description":"","publisher":{"@id":"https:\/\/mr-mass.com\/#organization"},"potentialAction":[{"@type":"SearchAction","target":{"@type":"EntryPoint","urlTemplate":"https:\/\/mr-mass.com\/?s={search_term_string}"},"query-input":{"@type":"PropertyValueSpecification","valueRequired":true,"valueName":"search_term_string"}}],"inLanguage":"fr-FR"},{"@type":"Organization","@id":"https:\/\/mr-mass.com\/#organization","name":"MR MASS","url":"https:\/\/mr-mass.com\/","logo":{"@type":"ImageObject","inLanguage":"fr-FR","@id":"https:\/\/mr-mass.com\/#\/schema\/logo\/image\/","url":"https:\/\/mr-mass.com\/wp-content\/uploads\/2025\/06\/cropped-417524477_413976367821865_6357673664813295189_n-removebg-preview.png","contentUrl":"https:\/\/mr-mass.com\/wp-content\/uploads\/2025\/06\/cropped-417524477_413976367821865_6357673664813295189_n-removebg-preview.png","width":500,"height":436,"caption":"MR MASS"},"image":{"@id":"https:\/\/mr-mass.com\/#\/schema\/logo\/image\/"}}]}},"jetpack_sharing_enabled":true,"_links":{"self":[{"href":"https:\/\/mr-mass.com\/index.php?rest_route=\/wp\/v2\/product\/6570","targetHints":{"allow":["GET"]}}],"collection":[{"href":"https:\/\/mr-mass.com\/index.php?rest_route=\/wp\/v2\/product"}],"about":[{"href":"https:\/\/mr-mass.com\/index.php?rest_route=\/wp\/v2\/types\/product"}],"replies":[{"embeddable":true,"href":"https:\/\/mr-mass.com\/index.php?rest_route=%2Fwp%2Fv2%2Fcomments&post=6570"}],"wp:featuredmedia":[{"embeddable":true,"href":"https:\/\/mr-mass.com\/index.php?rest_route=\/wp\/v2\/media\/6425"}],"wp:attachment":[{"href":"https:\/\/mr-mass.com\/index.php?rest_route=%2Fwp%2Fv2%2Fmedia&parent=6570"}],"wp:term":[{"taxonomy":"product_cat","embeddable":true,"href":"https:\/\/mr-mass.com\/index.php?rest_route=%2Fwp%2Fv2%2Fproduct_cat&post=6570"},{"taxonomy":"product_tag","embeddable":true,"href":"https:\/\/mr-mass.com\/index.php?rest_route=%2Fwp%2Fv2%2Fproduct_tag&post=6570"}],"curies":[{"name":"wp","href":"https:\/\/api.w.org\/{rel}","templated":true}]}}