{"id":6571,"date":"2025-06-10T10:46:52","date_gmt":"2025-06-10T08:46:52","guid":{"rendered":"https:\/\/mr-mass.com\/?product=biotech-iso-whey-227kg"},"modified":"2025-09-30T20:00:59","modified_gmt":"2025-09-30T18:00:59","slug":"biotech-iso-whey-227kg","status":"publish","type":"product","link":"https:\/\/mr-mass.com\/?product=biotech-iso-whey-227kg","title":{"rendered":"Biotech ISO WHEY 2,27KG"},"content":{"rendered":"<ul id=\"myTab\" class=\"nav nav-tabs custom-nav\" role=\"tablist\">\n<li class=\"nav-item\" role=\"presentation\"><button id=\"description-tab\" class=\"nav-link active\" role=\"tab\" type=\"button\" data-bs-toggle=\"tab\" data-bs-target=\"#description\" aria-controls=\"description\" aria-selected=\"true\">Description<\/button><\/li>\n<\/ul>\n<div id=\"myTabContent\" class=\"tab-content custom-tab\">\n<div id=\"description\" class=\"tab-pane fade show active\" role=\"tabpanel\" aria-labelledby=\"description-tab\">\n<div class=\"product-description\">\n<p data-start=\"318\" data-end=\"878\"><b>ISO Whey Zero 2.27kg<\/b>\u00a0est un compl\u00e9ment alimentaire \u00e0 base de prot\u00e9ine de lactos\u00e9rum isol\u00e9e, con\u00e7u pour les athl\u00e8tes et sportifs exigeants \u00e0 la recherche d\u2019une prot\u00e9ine pure et performante. Chaque portion de 50g contient 42g de prot\u00e9ines, contribuant \u00e0 la croissance musculaire, \u00e0 la r\u00e9paration et \u00e0 la r\u00e9cup\u00e9ration apr\u00e8s l\u2019effort. Ce produit est exempt de lactose, de sucre ajout\u00e9, d&rsquo;huile de palme et de gluten, ce qui le rend parfaitement adapt\u00e9 aux r\u00e9gimes alimentaires sp\u00e9cifiques ou aux personnes sensibles \u00e0 ces ingr\u00e9dients.<\/p>\n<p data-start=\"880\" data-end=\"1240\">Formul\u00e9 avec des BCAA (acides amin\u00e9s \u00e0 cha\u00eene ramifi\u00e9e), ISO Whey Zero 2.27kg aide \u00e0 pr\u00e9server la masse musculaire et \u00e0 favoriser la synth\u00e8se des prot\u00e9ines, tout en soutenant la r\u00e9cup\u00e9ration. L&rsquo;absence de glutamine ajout\u00e9e et d&rsquo;additifs inutiles permet de garantir une qualit\u00e9 irr\u00e9prochable, id\u00e9ale pour les sportifs soucieux de la puret\u00e9 de leurs compl\u00e9ments.<\/p>\n<p data-start=\"1242\" data-end=\"1605\" data-is-last-node=\"\" data-is-only-node=\"\">Cette prot\u00e9ine est parfaite pour les pratiquants de musculation, de fitness ou de sports d\u2019endurance souhaitant maximiser leurs apports en prot\u00e9ines tout en limitant les graisses et les sucres. Facile \u00e0 m\u00e9langer dans de l\u2019eau ou du lait, ISO Whey Zero 2.27kg est un choix pratique et efficace pour am\u00e9liorer vos performances et atteindre vos objectifs de fitness.<\/p>\n<\/div>\n<\/div>\n<\/div>\n","protected":false},"excerpt":{"rendered":"<p>ISO Whey Zero 2.27kg est une prot\u00e9ine isol\u00e9e de lactos\u00e9rum de haute qualit\u00e9, sans lactose, sans sucre, sans huile de palme, et sans gluten. Enrichie en BCAA et glutamine, elle fournit 42g de prot\u00e9ines par portion de 50g pour soutenir la r\u00e9cup\u00e9ration musculaire et am\u00e9liorer vos performances.<\/p>\n","protected":false},"featured_media":6656,"comment_status":"open","ping_status":"closed","template":"","meta":[],"product_cat":[50],"product_tag":[],"class_list":{"0":"post-6571","1":"product","2":"type-product","3":"status-publish","4":"has-post-thumbnail","6":"product_brand-biotech-usa","7":"product_cat-protein","9":"first","10":"outofstock","11":"shipping-taxable","12":"purchasable","13":"product-type-simple"},"yoast_head":"<!-- This site is optimized with the Yoast SEO plugin v25.2 - https:\/\/yoast.com\/wordpress\/plugins\/seo\/ -->\n<title>Biotech ISO WHEY 2,27KG - MR MASS<\/title>\n<meta name=\"description\" content=\"ISO Whey Zero 2.27kg est une prot\u00e9ine isol\u00e9e de lactos\u00e9rum de haute qualit\u00e9, sans lactose, sans sucre, sans huile de palme, et sans gluten. Enrichie en BCAA et glutamine, elle fournit 42g de prot\u00e9ines par portion de 50g pour soutenir la r\u00e9cup\u00e9ration musculaire et am\u00e9liorer vos performances.\" \/>\n<meta name=\"robots\" content=\"index, follow, max-snippet:-1, max-image-preview:large, max-video-preview:-1\" \/>\n<link rel=\"canonical\" href=\"https:\/\/mr-mass.com\/?product=biotech-iso-whey-227kg\" \/>\n<meta property=\"og:locale\" content=\"fr_FR\" \/>\n<meta property=\"og:type\" content=\"article\" \/>\n<meta property=\"og:title\" content=\"Biotech ISO WHEY 2,27KG - MR MASS\" \/>\n<meta property=\"og:description\" content=\"ISO Whey Zero 2.27kg est une prot\u00e9ine isol\u00e9e de lactos\u00e9rum de haute qualit\u00e9, sans lactose, sans sucre, sans huile de palme, et sans gluten. Enrichie en BCAA et glutamine, elle fournit 42g de prot\u00e9ines par portion de 50g pour soutenir la r\u00e9cup\u00e9ration musculaire et am\u00e9liorer vos performances.\" \/>\n<meta property=\"og:url\" content=\"https:\/\/mr-mass.com\/?product=biotech-iso-whey-227kg\" \/>\n<meta property=\"og:site_name\" content=\"MR MASS\" \/>\n<meta property=\"article:modified_time\" content=\"2025-09-30T18:00:59+00:00\" \/>\n<meta property=\"og:image\" content=\"https:\/\/mr-mass.com\/wp-content\/uploads\/2025\/06\/Produit_2__25_-removebg-preview.webp-67b3105503e5d.webp\" \/>\n\t<meta property=\"og:image:width\" content=\"500\" \/>\n\t<meta property=\"og:image:height\" content=\"500\" \/>\n\t<meta property=\"og:image:type\" content=\"image\/webp\" \/>\n<meta name=\"twitter:card\" content=\"summary_large_image\" \/>\n<meta name=\"twitter:label1\" content=\"Dur\u00e9e de lecture estim\u00e9e\" \/>\n\t<meta name=\"twitter:data1\" content=\"2 minutes\" \/>\n<script type=\"application\/ld+json\" class=\"yoast-schema-graph\">{\"@context\":\"https:\/\/schema.org\",\"@graph\":[{\"@type\":\"WebPage\",\"@id\":\"https:\/\/mr-mass.com\/?product=biotech-iso-whey-227kg\",\"url\":\"https:\/\/mr-mass.com\/?product=biotech-iso-whey-227kg\",\"name\":\"Biotech ISO WHEY 2,27KG - MR MASS\",\"isPartOf\":{\"@id\":\"https:\/\/mr-mass.com\/#website\"},\"primaryImageOfPage\":{\"@id\":\"https:\/\/mr-mass.com\/?product=biotech-iso-whey-227kg#primaryimage\"},\"image\":{\"@id\":\"https:\/\/mr-mass.com\/?product=biotech-iso-whey-227kg#primaryimage\"},\"thumbnailUrl\":\"https:\/\/mr-mass.com\/wp-content\/uploads\/2025\/06\/Produit_2__25_-removebg-preview.webp-67b3105503e5d.webp\",\"datePublished\":\"2025-06-10T08:46:52+00:00\",\"dateModified\":\"2025-09-30T18:00:59+00:00\",\"description\":\"ISO Whey Zero 2.27kg est une prot\u00e9ine isol\u00e9e de lactos\u00e9rum de haute qualit\u00e9, sans lactose, sans sucre, sans huile de palme, et sans gluten. Enrichie en BCAA et glutamine, elle fournit 42g de prot\u00e9ines par portion de 50g pour soutenir la r\u00e9cup\u00e9ration musculaire et am\u00e9liorer vos performances.\",\"breadcrumb\":{\"@id\":\"https:\/\/mr-mass.com\/?product=biotech-iso-whey-227kg#breadcrumb\"},\"inLanguage\":\"fr-FR\",\"potentialAction\":[{\"@type\":\"ReadAction\",\"target\":[\"https:\/\/mr-mass.com\/?product=biotech-iso-whey-227kg\"]}]},{\"@type\":\"ImageObject\",\"inLanguage\":\"fr-FR\",\"@id\":\"https:\/\/mr-mass.com\/?product=biotech-iso-whey-227kg#primaryimage\",\"url\":\"https:\/\/mr-mass.com\/wp-content\/uploads\/2025\/06\/Produit_2__25_-removebg-preview.webp-67b3105503e5d.webp\",\"contentUrl\":\"https:\/\/mr-mass.com\/wp-content\/uploads\/2025\/06\/Produit_2__25_-removebg-preview.webp-67b3105503e5d.webp\",\"width\":500,\"height\":500},{\"@type\":\"BreadcrumbList\",\"@id\":\"https:\/\/mr-mass.com\/?product=biotech-iso-whey-227kg#breadcrumb\",\"itemListElement\":[{\"@type\":\"ListItem\",\"position\":1,\"name\":\"Home\",\"item\":\"https:\/\/mr-mass.com\/\"},{\"@type\":\"ListItem\",\"position\":2,\"name\":\"Boutique\",\"item\":\"https:\/\/mr-mass.com\/?page_id=8\"},{\"@type\":\"ListItem\",\"position\":3,\"name\":\"Biotech ISO WHEY 2,27KG\"}]},{\"@type\":\"WebSite\",\"@id\":\"https:\/\/mr-mass.com\/#website\",\"url\":\"https:\/\/mr-mass.com\/\",\"name\":\"MR MASS\",\"description\":\"\",\"publisher\":{\"@id\":\"https:\/\/mr-mass.com\/#organization\"},\"potentialAction\":[{\"@type\":\"SearchAction\",\"target\":{\"@type\":\"EntryPoint\",\"urlTemplate\":\"https:\/\/mr-mass.com\/?s={search_term_string}\"},\"query-input\":{\"@type\":\"PropertyValueSpecification\",\"valueRequired\":true,\"valueName\":\"search_term_string\"}}],\"inLanguage\":\"fr-FR\"},{\"@type\":\"Organization\",\"@id\":\"https:\/\/mr-mass.com\/#organization\",\"name\":\"MR MASS\",\"url\":\"https:\/\/mr-mass.com\/\",\"logo\":{\"@type\":\"ImageObject\",\"inLanguage\":\"fr-FR\",\"@id\":\"https:\/\/mr-mass.com\/#\/schema\/logo\/image\/\",\"url\":\"https:\/\/mr-mass.com\/wp-content\/uploads\/2025\/06\/cropped-417524477_413976367821865_6357673664813295189_n-removebg-preview.png\",\"contentUrl\":\"https:\/\/mr-mass.com\/wp-content\/uploads\/2025\/06\/cropped-417524477_413976367821865_6357673664813295189_n-removebg-preview.png\",\"width\":500,\"height\":436,\"caption\":\"MR MASS\"},\"image\":{\"@id\":\"https:\/\/mr-mass.com\/#\/schema\/logo\/image\/\"}}]}<\/script>\n<!-- \/ Yoast SEO plugin. -->","yoast_head_json":{"title":"Biotech ISO WHEY 2,27KG - MR MASS","description":"ISO Whey Zero 2.27kg est une prot\u00e9ine isol\u00e9e de lactos\u00e9rum de haute qualit\u00e9, sans lactose, sans sucre, sans huile de palme, et sans gluten. Enrichie en BCAA et glutamine, elle fournit 42g de prot\u00e9ines par portion de 50g pour soutenir la r\u00e9cup\u00e9ration musculaire et am\u00e9liorer vos performances.","robots":{"index":"index","follow":"follow","max-snippet":"max-snippet:-1","max-image-preview":"max-image-preview:large","max-video-preview":"max-video-preview:-1"},"canonical":"https:\/\/mr-mass.com\/?product=biotech-iso-whey-227kg","og_locale":"fr_FR","og_type":"article","og_title":"Biotech ISO WHEY 2,27KG - MR MASS","og_description":"ISO Whey Zero 2.27kg est une prot\u00e9ine isol\u00e9e de lactos\u00e9rum de haute qualit\u00e9, sans lactose, sans sucre, sans huile de palme, et sans gluten. Enrichie en BCAA et glutamine, elle fournit 42g de prot\u00e9ines par portion de 50g pour soutenir la r\u00e9cup\u00e9ration musculaire et am\u00e9liorer vos performances.","og_url":"https:\/\/mr-mass.com\/?product=biotech-iso-whey-227kg","og_site_name":"MR MASS","article_modified_time":"2025-09-30T18:00:59+00:00","og_image":[{"width":500,"height":500,"url":"https:\/\/mr-mass.com\/wp-content\/uploads\/2025\/06\/Produit_2__25_-removebg-preview.webp-67b3105503e5d.webp","type":"image\/webp"}],"twitter_card":"summary_large_image","twitter_misc":{"Dur\u00e9e de lecture estim\u00e9e":"2 minutes"},"schema":{"@context":"https:\/\/schema.org","@graph":[{"@type":"WebPage","@id":"https:\/\/mr-mass.com\/?product=biotech-iso-whey-227kg","url":"https:\/\/mr-mass.com\/?product=biotech-iso-whey-227kg","name":"Biotech ISO WHEY 2,27KG - MR MASS","isPartOf":{"@id":"https:\/\/mr-mass.com\/#website"},"primaryImageOfPage":{"@id":"https:\/\/mr-mass.com\/?product=biotech-iso-whey-227kg#primaryimage"},"image":{"@id":"https:\/\/mr-mass.com\/?product=biotech-iso-whey-227kg#primaryimage"},"thumbnailUrl":"https:\/\/mr-mass.com\/wp-content\/uploads\/2025\/06\/Produit_2__25_-removebg-preview.webp-67b3105503e5d.webp","datePublished":"2025-06-10T08:46:52+00:00","dateModified":"2025-09-30T18:00:59+00:00","description":"ISO Whey Zero 2.27kg est une prot\u00e9ine isol\u00e9e de lactos\u00e9rum de haute qualit\u00e9, sans lactose, sans sucre, sans huile de palme, et sans gluten. Enrichie en BCAA et glutamine, elle fournit 42g de prot\u00e9ines par portion de 50g pour soutenir la r\u00e9cup\u00e9ration musculaire et am\u00e9liorer vos performances.","breadcrumb":{"@id":"https:\/\/mr-mass.com\/?product=biotech-iso-whey-227kg#breadcrumb"},"inLanguage":"fr-FR","potentialAction":[{"@type":"ReadAction","target":["https:\/\/mr-mass.com\/?product=biotech-iso-whey-227kg"]}]},{"@type":"ImageObject","inLanguage":"fr-FR","@id":"https:\/\/mr-mass.com\/?product=biotech-iso-whey-227kg#primaryimage","url":"https:\/\/mr-mass.com\/wp-content\/uploads\/2025\/06\/Produit_2__25_-removebg-preview.webp-67b3105503e5d.webp","contentUrl":"https:\/\/mr-mass.com\/wp-content\/uploads\/2025\/06\/Produit_2__25_-removebg-preview.webp-67b3105503e5d.webp","width":500,"height":500},{"@type":"BreadcrumbList","@id":"https:\/\/mr-mass.com\/?product=biotech-iso-whey-227kg#breadcrumb","itemListElement":[{"@type":"ListItem","position":1,"name":"Home","item":"https:\/\/mr-mass.com\/"},{"@type":"ListItem","position":2,"name":"Boutique","item":"https:\/\/mr-mass.com\/?page_id=8"},{"@type":"ListItem","position":3,"name":"Biotech ISO WHEY 2,27KG"}]},{"@type":"WebSite","@id":"https:\/\/mr-mass.com\/#website","url":"https:\/\/mr-mass.com\/","name":"MR MASS","description":"","publisher":{"@id":"https:\/\/mr-mass.com\/#organization"},"potentialAction":[{"@type":"SearchAction","target":{"@type":"EntryPoint","urlTemplate":"https:\/\/mr-mass.com\/?s={search_term_string}"},"query-input":{"@type":"PropertyValueSpecification","valueRequired":true,"valueName":"search_term_string"}}],"inLanguage":"fr-FR"},{"@type":"Organization","@id":"https:\/\/mr-mass.com\/#organization","name":"MR MASS","url":"https:\/\/mr-mass.com\/","logo":{"@type":"ImageObject","inLanguage":"fr-FR","@id":"https:\/\/mr-mass.com\/#\/schema\/logo\/image\/","url":"https:\/\/mr-mass.com\/wp-content\/uploads\/2025\/06\/cropped-417524477_413976367821865_6357673664813295189_n-removebg-preview.png","contentUrl":"https:\/\/mr-mass.com\/wp-content\/uploads\/2025\/06\/cropped-417524477_413976367821865_6357673664813295189_n-removebg-preview.png","width":500,"height":436,"caption":"MR MASS"},"image":{"@id":"https:\/\/mr-mass.com\/#\/schema\/logo\/image\/"}}]}},"jetpack_sharing_enabled":true,"_links":{"self":[{"href":"https:\/\/mr-mass.com\/index.php?rest_route=\/wp\/v2\/product\/6571","targetHints":{"allow":["GET"]}}],"collection":[{"href":"https:\/\/mr-mass.com\/index.php?rest_route=\/wp\/v2\/product"}],"about":[{"href":"https:\/\/mr-mass.com\/index.php?rest_route=\/wp\/v2\/types\/product"}],"replies":[{"embeddable":true,"href":"https:\/\/mr-mass.com\/index.php?rest_route=%2Fwp%2Fv2%2Fcomments&post=6571"}],"wp:featuredmedia":[{"embeddable":true,"href":"https:\/\/mr-mass.com\/index.php?rest_route=\/wp\/v2\/media\/6656"}],"wp:attachment":[{"href":"https:\/\/mr-mass.com\/index.php?rest_route=%2Fwp%2Fv2%2Fmedia&parent=6571"}],"wp:term":[{"taxonomy":"product_cat","embeddable":true,"href":"https:\/\/mr-mass.com\/index.php?rest_route=%2Fwp%2Fv2%2Fproduct_cat&post=6571"},{"taxonomy":"product_tag","embeddable":true,"href":"https:\/\/mr-mass.com\/index.php?rest_route=%2Fwp%2Fv2%2Fproduct_tag&post=6571"}],"curies":[{"name":"wp","href":"https:\/\/api.w.org\/{rel}","templated":true}]}}