{"id":6573,"date":"2025-06-10T10:46:53","date_gmt":"2025-06-10T08:46:53","guid":{"rendered":"https:\/\/mr-mass.com\/?product=biotech-100pure-whey-1kg"},"modified":"2025-10-30T12:16:31","modified_gmt":"2025-10-30T11:16:31","slug":"biotech-100pure-whey-1kg","status":"publish","type":"product","link":"https:\/\/mr-mass.com\/?product=biotech-100pure-whey-1kg","title":{"rendered":"Biotech 100%PURE WHEY 1KG"},"content":{"rendered":"<ul id=\"myTab\" class=\"nav nav-tabs custom-nav\" role=\"tablist\">\n<li class=\"nav-item\" role=\"presentation\"><button id=\"description-tab\" class=\"nav-link active\" role=\"tab\" type=\"button\" data-bs-toggle=\"tab\" data-bs-target=\"#description\" aria-controls=\"description\" aria-selected=\"true\">Description<\/button><\/li>\n<\/ul>\n<div id=\"myTabContent\" class=\"tab-content custom-tab\">\n<div id=\"description\" class=\"tab-pane fade show active\" role=\"tabpanel\" aria-labelledby=\"description-tab\">\n<div class=\"product-description\">\n<p data-start=\"61\" data-end=\"621\"><strong data-start=\"61\" data-end=\"83\">100% PURE WHEY 1KG<\/strong>\u00a0est une prot\u00e9ine de lactos\u00e9rum pure, sans additifs ni agents superflus. Formul\u00e9e exclusivement \u00e0 partir de prot\u00e9ine de lactos\u00e9rum de haute qualit\u00e9, chaque portion de 56g offre 41g de prot\u00e9ines, favorisant la\u00a0<strong data-start=\"292\" data-end=\"317\">croissance musculaire<\/strong>, la\u00a0<strong data-start=\"322\" data-end=\"356\">r\u00e9cup\u00e9ration post-entra\u00eenement<\/strong>\u00a0et le maintien d&rsquo;une masse musculaire maigre. Sa formule riche en\u00a0<strong data-start=\"423\" data-end=\"431\">BCAA<\/strong>\u00a0(acides amin\u00e9s \u00e0 cha\u00eene ramifi\u00e9e) et en\u00a0<strong data-start=\"472\" data-end=\"500\" data-is-only-node=\"\">acides amin\u00e9s essentiels<\/strong>\u00a0soutient la\u00a0<strong data-start=\"513\" data-end=\"535\">synth\u00e8se prot\u00e9ique<\/strong>, r\u00e9duit la fatigue musculaire et am\u00e9liore la r\u00e9cup\u00e9ration apr\u00e8s des s\u00e9ances intenses.<\/p>\n<p data-start=\"623\" data-end=\"993\">La\u00a0<strong data-start=\"626\" data-end=\"651\">rapidit\u00e9 d&rsquo;absorption<\/strong>\u00a0de cette prot\u00e9ine de lactos\u00e9rum la rend id\u00e9ale pour une consommation apr\u00e8s l\u2019entra\u00eenement, permettant \u00e0 vos muscles de se r\u00e9g\u00e9n\u00e9rer rapidement et efficacement. De plus, sa\u00a0<strong data-start=\"824\" data-end=\"851\">digestibilit\u00e9 optimis\u00e9e<\/strong>\u00a0r\u00e9duit les risques d&rsquo;inconforts gastro-intestinaux, facilitant l&rsquo;assimilation des nutriments essentiels sans effets secondaires d\u00e9sagr\u00e9ables.<\/p>\n<p data-start=\"995\" data-end=\"1349\"><strong data-start=\"995\" data-end=\"1030\">Faible en sucres et en graisses<\/strong>,\u00a0<strong data-start=\"1032\" data-end=\"1050\">100% PURE WHEY<\/strong>\u00a0est parfaite pour ceux qui suivent un r\u00e9gime strict ou souhaitent contr\u00f4ler leur apport calorique tout en augmentant leur consommation de prot\u00e9ines. Le format de 1kg offre une solution pratique et \u00e9conomique pour les athl\u00e8tes r\u00e9guliers ou ceux cherchant \u00e0 compl\u00e9ter leur apport prot\u00e9ique quotidien.<\/p>\n<p data-start=\"1351\" data-end=\"1659\" data-is-last-node=\"\" data-is-only-node=\"\">Polyvalente, cette prot\u00e9ine peut \u00eatre consomm\u00e9e en shake, m\u00e9lang\u00e9e \u00e0 des smoothies ou m\u00eame int\u00e9gr\u00e9e \u00e0 diverses recettes pour enrichir vos repas. En r\u00e9sum\u00e9,\u00a0<strong data-start=\"1507\" data-end=\"1529\">100% PURE WHEY 1KG<\/strong>\u00a0est un choix id\u00e9al pour soutenir vos performances sportives, optimiser la r\u00e9cup\u00e9ration et atteindre vos objectifs de musculation.<\/p>\n<\/div>\n<\/div>\n<\/div>\n","protected":false},"excerpt":{"rendered":"<p><span class=\"badge rounded-pill text-bg-primary\">35 SERVINGS<\/span><\/p>\n<div class=\"procuct-contain\">100% PURE WHEY 1KG est une prot\u00e9ine de lactos\u00e9rum d&rsquo;une puret\u00e9 exceptionnelle, offrant 41g de prot\u00e9ines par portion de 56g. Sans additifs superflus, chaque portion est con\u00e7ue pour une absorption rapide et efficace, favorisant la croissance musculaire, acc\u00e9l\u00e9rant la r\u00e9cup\u00e9ration apr\u00e8s l\u2019entra\u00eenement et maintenant une masse musculaire maigre et d\u00e9finie. Id\u00e9ale pour les athl\u00e8tes et passionn\u00e9s de fitness souhaitant optimiser leurs performances et atteindre leurs objectifs de musculation.<\/div>\n","protected":false},"featured_media":6727,"comment_status":"open","ping_status":"closed","template":"","meta":[],"product_cat":[50],"product_tag":[],"class_list":{"0":"post-6573","1":"product","2":"type-product","3":"status-publish","4":"has-post-thumbnail","6":"product_brand-yava-labs","7":"product_cat-protein","9":"first","10":"outofstock","11":"shipping-taxable","12":"purchasable","13":"product-type-simple"},"yoast_head":"<!-- This site is optimized with the Yoast SEO plugin v25.2 - https:\/\/yoast.com\/wordpress\/plugins\/seo\/ -->\n<title>Biotech 100%PURE WHEY 1KG - MR MASS<\/title>\n<meta name=\"description\" content=\"35 SERVINGS100% PURE WHEY 1KG est une prot\u00e9ine de lactos\u00e9rum d&#039;une puret\u00e9 exceptionnelle, offrant 41g de prot\u00e9ines par portion de 56g. Sans additifs superflus, chaque portion est con\u00e7ue pour une absorption rapide et efficace, favorisant la croissance musculaire, acc\u00e9l\u00e9rant la r\u00e9cup\u00e9ration apr\u00e8s l\u2019entra\u00eenement et maintenant une masse musculaire maigre et d\u00e9finie. Id\u00e9ale pour les athl\u00e8tes et passionn\u00e9s de fitness souhaitant optimiser leurs performances et atteindre leurs objectifs de musculation.\" \/>\n<meta name=\"robots\" content=\"index, follow, max-snippet:-1, max-image-preview:large, max-video-preview:-1\" \/>\n<link rel=\"canonical\" href=\"https:\/\/mr-mass.com\/?product=biotech-100pure-whey-1kg\" \/>\n<meta property=\"og:locale\" content=\"fr_FR\" \/>\n<meta property=\"og:type\" content=\"article\" \/>\n<meta property=\"og:title\" content=\"Biotech 100%PURE WHEY 1KG - MR MASS\" \/>\n<meta property=\"og:description\" content=\"35 SERVINGS100% PURE WHEY 1KG est une prot\u00e9ine de lactos\u00e9rum d&#039;une puret\u00e9 exceptionnelle, offrant 41g de prot\u00e9ines par portion de 56g. Sans additifs superflus, chaque portion est con\u00e7ue pour une absorption rapide et efficace, favorisant la croissance musculaire, acc\u00e9l\u00e9rant la r\u00e9cup\u00e9ration apr\u00e8s l\u2019entra\u00eenement et maintenant une masse musculaire maigre et d\u00e9finie. Id\u00e9ale pour les athl\u00e8tes et passionn\u00e9s de fitness souhaitant optimiser leurs performances et atteindre leurs objectifs de musculation.\" \/>\n<meta property=\"og:url\" content=\"https:\/\/mr-mass.com\/?product=biotech-100pure-whey-1kg\" \/>\n<meta property=\"og:site_name\" content=\"MR MASS\" \/>\n<meta property=\"article:modified_time\" content=\"2025-10-30T11:16:31+00:00\" \/>\n<meta property=\"og:image\" content=\"https:\/\/mr-mass.com\/wp-content\/uploads\/2025\/06\/Produit_2__33_-removebg-preview.webp-67b317ba9756f.webp\" \/>\n\t<meta property=\"og:image:width\" content=\"500\" \/>\n\t<meta property=\"og:image:height\" content=\"500\" \/>\n\t<meta property=\"og:image:type\" content=\"image\/webp\" \/>\n<meta name=\"twitter:card\" content=\"summary_large_image\" \/>\n<meta name=\"twitter:label1\" content=\"Dur\u00e9e de lecture estim\u00e9e\" \/>\n\t<meta name=\"twitter:data1\" content=\"2 minutes\" \/>\n<script type=\"application\/ld+json\" class=\"yoast-schema-graph\">{\"@context\":\"https:\/\/schema.org\",\"@graph\":[{\"@type\":\"WebPage\",\"@id\":\"https:\/\/mr-mass.com\/?product=biotech-100pure-whey-1kg\",\"url\":\"https:\/\/mr-mass.com\/?product=biotech-100pure-whey-1kg\",\"name\":\"Biotech 100%PURE WHEY 1KG - MR MASS\",\"isPartOf\":{\"@id\":\"https:\/\/mr-mass.com\/#website\"},\"primaryImageOfPage\":{\"@id\":\"https:\/\/mr-mass.com\/?product=biotech-100pure-whey-1kg#primaryimage\"},\"image\":{\"@id\":\"https:\/\/mr-mass.com\/?product=biotech-100pure-whey-1kg#primaryimage\"},\"thumbnailUrl\":\"https:\/\/mr-mass.com\/wp-content\/uploads\/2025\/06\/Produit_2__33_-removebg-preview.webp-67b317ba9756f.webp\",\"datePublished\":\"2025-06-10T08:46:53+00:00\",\"dateModified\":\"2025-10-30T11:16:31+00:00\",\"description\":\"35 SERVINGS100% PURE WHEY 1KG est une prot\u00e9ine de lactos\u00e9rum d'une puret\u00e9 exceptionnelle, offrant 41g de prot\u00e9ines par portion de 56g. Sans additifs superflus, chaque portion est con\u00e7ue pour une absorption rapide et efficace, favorisant la croissance musculaire, acc\u00e9l\u00e9rant la r\u00e9cup\u00e9ration apr\u00e8s l\u2019entra\u00eenement et maintenant une masse musculaire maigre et d\u00e9finie. Id\u00e9ale pour les athl\u00e8tes et passionn\u00e9s de fitness souhaitant optimiser leurs performances et atteindre leurs objectifs de musculation.\",\"breadcrumb\":{\"@id\":\"https:\/\/mr-mass.com\/?product=biotech-100pure-whey-1kg#breadcrumb\"},\"inLanguage\":\"fr-FR\",\"potentialAction\":[{\"@type\":\"ReadAction\",\"target\":[\"https:\/\/mr-mass.com\/?product=biotech-100pure-whey-1kg\"]}]},{\"@type\":\"ImageObject\",\"inLanguage\":\"fr-FR\",\"@id\":\"https:\/\/mr-mass.com\/?product=biotech-100pure-whey-1kg#primaryimage\",\"url\":\"https:\/\/mr-mass.com\/wp-content\/uploads\/2025\/06\/Produit_2__33_-removebg-preview.webp-67b317ba9756f.webp\",\"contentUrl\":\"https:\/\/mr-mass.com\/wp-content\/uploads\/2025\/06\/Produit_2__33_-removebg-preview.webp-67b317ba9756f.webp\",\"width\":500,\"height\":500},{\"@type\":\"BreadcrumbList\",\"@id\":\"https:\/\/mr-mass.com\/?product=biotech-100pure-whey-1kg#breadcrumb\",\"itemListElement\":[{\"@type\":\"ListItem\",\"position\":1,\"name\":\"Home\",\"item\":\"https:\/\/mr-mass.com\/\"},{\"@type\":\"ListItem\",\"position\":2,\"name\":\"Boutique\",\"item\":\"https:\/\/mr-mass.com\/?page_id=8\"},{\"@type\":\"ListItem\",\"position\":3,\"name\":\"Biotech 100%PURE WHEY 1KG\"}]},{\"@type\":\"WebSite\",\"@id\":\"https:\/\/mr-mass.com\/#website\",\"url\":\"https:\/\/mr-mass.com\/\",\"name\":\"MR MASS\",\"description\":\"\",\"publisher\":{\"@id\":\"https:\/\/mr-mass.com\/#organization\"},\"potentialAction\":[{\"@type\":\"SearchAction\",\"target\":{\"@type\":\"EntryPoint\",\"urlTemplate\":\"https:\/\/mr-mass.com\/?s={search_term_string}\"},\"query-input\":{\"@type\":\"PropertyValueSpecification\",\"valueRequired\":true,\"valueName\":\"search_term_string\"}}],\"inLanguage\":\"fr-FR\"},{\"@type\":\"Organization\",\"@id\":\"https:\/\/mr-mass.com\/#organization\",\"name\":\"MR MASS\",\"url\":\"https:\/\/mr-mass.com\/\",\"logo\":{\"@type\":\"ImageObject\",\"inLanguage\":\"fr-FR\",\"@id\":\"https:\/\/mr-mass.com\/#\/schema\/logo\/image\/\",\"url\":\"https:\/\/mr-mass.com\/wp-content\/uploads\/2025\/06\/cropped-417524477_413976367821865_6357673664813295189_n-removebg-preview.png\",\"contentUrl\":\"https:\/\/mr-mass.com\/wp-content\/uploads\/2025\/06\/cropped-417524477_413976367821865_6357673664813295189_n-removebg-preview.png\",\"width\":500,\"height\":436,\"caption\":\"MR MASS\"},\"image\":{\"@id\":\"https:\/\/mr-mass.com\/#\/schema\/logo\/image\/\"}}]}<\/script>\n<!-- \/ Yoast SEO plugin. -->","yoast_head_json":{"title":"Biotech 100%PURE WHEY 1KG - MR MASS","description":"35 SERVINGS100% PURE WHEY 1KG est une prot\u00e9ine de lactos\u00e9rum d'une puret\u00e9 exceptionnelle, offrant 41g de prot\u00e9ines par portion de 56g. Sans additifs superflus, chaque portion est con\u00e7ue pour une absorption rapide et efficace, favorisant la croissance musculaire, acc\u00e9l\u00e9rant la r\u00e9cup\u00e9ration apr\u00e8s l\u2019entra\u00eenement et maintenant une masse musculaire maigre et d\u00e9finie. Id\u00e9ale pour les athl\u00e8tes et passionn\u00e9s de fitness souhaitant optimiser leurs performances et atteindre leurs objectifs de musculation.","robots":{"index":"index","follow":"follow","max-snippet":"max-snippet:-1","max-image-preview":"max-image-preview:large","max-video-preview":"max-video-preview:-1"},"canonical":"https:\/\/mr-mass.com\/?product=biotech-100pure-whey-1kg","og_locale":"fr_FR","og_type":"article","og_title":"Biotech 100%PURE WHEY 1KG - MR MASS","og_description":"35 SERVINGS100% PURE WHEY 1KG est une prot\u00e9ine de lactos\u00e9rum d'une puret\u00e9 exceptionnelle, offrant 41g de prot\u00e9ines par portion de 56g. Sans additifs superflus, chaque portion est con\u00e7ue pour une absorption rapide et efficace, favorisant la croissance musculaire, acc\u00e9l\u00e9rant la r\u00e9cup\u00e9ration apr\u00e8s l\u2019entra\u00eenement et maintenant une masse musculaire maigre et d\u00e9finie. Id\u00e9ale pour les athl\u00e8tes et passionn\u00e9s de fitness souhaitant optimiser leurs performances et atteindre leurs objectifs de musculation.","og_url":"https:\/\/mr-mass.com\/?product=biotech-100pure-whey-1kg","og_site_name":"MR MASS","article_modified_time":"2025-10-30T11:16:31+00:00","og_image":[{"width":500,"height":500,"url":"https:\/\/mr-mass.com\/wp-content\/uploads\/2025\/06\/Produit_2__33_-removebg-preview.webp-67b317ba9756f.webp","type":"image\/webp"}],"twitter_card":"summary_large_image","twitter_misc":{"Dur\u00e9e de lecture estim\u00e9e":"2 minutes"},"schema":{"@context":"https:\/\/schema.org","@graph":[{"@type":"WebPage","@id":"https:\/\/mr-mass.com\/?product=biotech-100pure-whey-1kg","url":"https:\/\/mr-mass.com\/?product=biotech-100pure-whey-1kg","name":"Biotech 100%PURE WHEY 1KG - MR MASS","isPartOf":{"@id":"https:\/\/mr-mass.com\/#website"},"primaryImageOfPage":{"@id":"https:\/\/mr-mass.com\/?product=biotech-100pure-whey-1kg#primaryimage"},"image":{"@id":"https:\/\/mr-mass.com\/?product=biotech-100pure-whey-1kg#primaryimage"},"thumbnailUrl":"https:\/\/mr-mass.com\/wp-content\/uploads\/2025\/06\/Produit_2__33_-removebg-preview.webp-67b317ba9756f.webp","datePublished":"2025-06-10T08:46:53+00:00","dateModified":"2025-10-30T11:16:31+00:00","description":"35 SERVINGS100% PURE WHEY 1KG est une prot\u00e9ine de lactos\u00e9rum d'une puret\u00e9 exceptionnelle, offrant 41g de prot\u00e9ines par portion de 56g. Sans additifs superflus, chaque portion est con\u00e7ue pour une absorption rapide et efficace, favorisant la croissance musculaire, acc\u00e9l\u00e9rant la r\u00e9cup\u00e9ration apr\u00e8s l\u2019entra\u00eenement et maintenant une masse musculaire maigre et d\u00e9finie. Id\u00e9ale pour les athl\u00e8tes et passionn\u00e9s de fitness souhaitant optimiser leurs performances et atteindre leurs objectifs de musculation.","breadcrumb":{"@id":"https:\/\/mr-mass.com\/?product=biotech-100pure-whey-1kg#breadcrumb"},"inLanguage":"fr-FR","potentialAction":[{"@type":"ReadAction","target":["https:\/\/mr-mass.com\/?product=biotech-100pure-whey-1kg"]}]},{"@type":"ImageObject","inLanguage":"fr-FR","@id":"https:\/\/mr-mass.com\/?product=biotech-100pure-whey-1kg#primaryimage","url":"https:\/\/mr-mass.com\/wp-content\/uploads\/2025\/06\/Produit_2__33_-removebg-preview.webp-67b317ba9756f.webp","contentUrl":"https:\/\/mr-mass.com\/wp-content\/uploads\/2025\/06\/Produit_2__33_-removebg-preview.webp-67b317ba9756f.webp","width":500,"height":500},{"@type":"BreadcrumbList","@id":"https:\/\/mr-mass.com\/?product=biotech-100pure-whey-1kg#breadcrumb","itemListElement":[{"@type":"ListItem","position":1,"name":"Home","item":"https:\/\/mr-mass.com\/"},{"@type":"ListItem","position":2,"name":"Boutique","item":"https:\/\/mr-mass.com\/?page_id=8"},{"@type":"ListItem","position":3,"name":"Biotech 100%PURE WHEY 1KG"}]},{"@type":"WebSite","@id":"https:\/\/mr-mass.com\/#website","url":"https:\/\/mr-mass.com\/","name":"MR MASS","description":"","publisher":{"@id":"https:\/\/mr-mass.com\/#organization"},"potentialAction":[{"@type":"SearchAction","target":{"@type":"EntryPoint","urlTemplate":"https:\/\/mr-mass.com\/?s={search_term_string}"},"query-input":{"@type":"PropertyValueSpecification","valueRequired":true,"valueName":"search_term_string"}}],"inLanguage":"fr-FR"},{"@type":"Organization","@id":"https:\/\/mr-mass.com\/#organization","name":"MR MASS","url":"https:\/\/mr-mass.com\/","logo":{"@type":"ImageObject","inLanguage":"fr-FR","@id":"https:\/\/mr-mass.com\/#\/schema\/logo\/image\/","url":"https:\/\/mr-mass.com\/wp-content\/uploads\/2025\/06\/cropped-417524477_413976367821865_6357673664813295189_n-removebg-preview.png","contentUrl":"https:\/\/mr-mass.com\/wp-content\/uploads\/2025\/06\/cropped-417524477_413976367821865_6357673664813295189_n-removebg-preview.png","width":500,"height":436,"caption":"MR MASS"},"image":{"@id":"https:\/\/mr-mass.com\/#\/schema\/logo\/image\/"}}]}},"jetpack_sharing_enabled":true,"_links":{"self":[{"href":"https:\/\/mr-mass.com\/index.php?rest_route=\/wp\/v2\/product\/6573","targetHints":{"allow":["GET"]}}],"collection":[{"href":"https:\/\/mr-mass.com\/index.php?rest_route=\/wp\/v2\/product"}],"about":[{"href":"https:\/\/mr-mass.com\/index.php?rest_route=\/wp\/v2\/types\/product"}],"replies":[{"embeddable":true,"href":"https:\/\/mr-mass.com\/index.php?rest_route=%2Fwp%2Fv2%2Fcomments&post=6573"}],"wp:featuredmedia":[{"embeddable":true,"href":"https:\/\/mr-mass.com\/index.php?rest_route=\/wp\/v2\/media\/6727"}],"wp:attachment":[{"href":"https:\/\/mr-mass.com\/index.php?rest_route=%2Fwp%2Fv2%2Fmedia&parent=6573"}],"wp:term":[{"taxonomy":"product_cat","embeddable":true,"href":"https:\/\/mr-mass.com\/index.php?rest_route=%2Fwp%2Fv2%2Fproduct_cat&post=6573"},{"taxonomy":"product_tag","embeddable":true,"href":"https:\/\/mr-mass.com\/index.php?rest_route=%2Fwp%2Fv2%2Fproduct_tag&post=6573"}],"curies":[{"name":"wp","href":"https:\/\/api.w.org\/{rel}","templated":true}]}}