{"id":6574,"date":"2025-06-10T10:46:53","date_gmt":"2025-06-10T08:46:53","guid":{"rendered":"https:\/\/mr-mass.com\/?product=biotech-hydro-zero-181kg"},"modified":"2025-08-14T13:48:04","modified_gmt":"2025-08-14T11:48:04","slug":"biotech-hydro-zero-181kg","status":"publish","type":"product","link":"https:\/\/mr-mass.com\/?product=biotech-hydro-zero-181kg","title":{"rendered":"Biotech HYDRO ZERO 1,81KG"},"content":{"rendered":"<p data-start=\"278\" data-end=\"569\"><b>Hydro Whey Zero<\/b>\u00a0est une prot\u00e9ine de lactos\u00e9rum hydrolys\u00e9e combin\u00e9e \u00e0 de l\u2019isolat de lactos\u00e9rum, offrant une digestion rapide et une absorption optimale. Gr\u00e2ce au processus d\u2019hydrolysation, cette prot\u00e9ine est id\u00e9ale pour une r\u00e9cup\u00e9ration musculaire acc\u00e9l\u00e9r\u00e9e apr\u00e8s un entra\u00eenement intensif.<\/p>\n<p data-start=\"571\" data-end=\"877\">Sa formule est enrichie en L-glutamine et L-arginine, des acides amin\u00e9s conditionnellement essentiels qui soutiennent la r\u00e9g\u00e9n\u00e9ration musculaire et r\u00e9duisent la fatigue. Sans gluten, sans sucre et sans lipides lorsqu\u2019elle est m\u00e9lang\u00e9e avec de l\u2019eau, elle convient aux athl\u00e8tes soucieux de leur nutrition.<\/p>\n<p data-start=\"879\" data-end=\"895\">Points forts :<\/p>\n<p data-start=\"879\" data-end=\"895\">&#8211; 80 % de prot\u00e9ines de haute qualit\u00e9<\/p>\n<p data-start=\"879\" data-end=\"895\">&#8211; Absorption rapide gr\u00e2ce \u00e0 l\u2019hydrolysation<\/p>\n<p data-start=\"879\" data-end=\"895\">&#8211; Sans gluten, sans sucre et sans lipides (dans une portion pr\u00e9par\u00e9e avec de l\u2019eau)<\/p>\n<p data-start=\"879\" data-end=\"895\">&#8211; Enrichie en L-glutamine et L-arginine pour une meilleure r\u00e9cup\u00e9ration<\/p>\n<p data-start=\"879\" data-end=\"895\">&#8211; Texture cr\u00e9meuse et go\u00fbt agr\u00e9able<\/p>\n<p data-start=\"1180\" data-end=\"1333\" data-is-last-node=\"\" data-is-only-node=\"\">Id\u00e9ale pour les sportifs cherchant une prot\u00e9ine performante et facilement digestible afin d\u2019optimiser leur r\u00e9cup\u00e9ration et leur d\u00e9veloppement musculaire.<\/p>\n","protected":false},"excerpt":{"rendered":"<p><span class=\"badge rounded-pill text-bg-primary\">82 SERVINGS<\/span><\/p>\n<div class=\"procuct-contain\">Hydro Whey Zero 1.816 kg \u2013 Prot\u00e9ine de lactos\u00e9rum hydrolys\u00e9e \u00e0 assimilation rapide, sans gluten, sans sucre et sans lipides. Enrichie en L-glutamine et L-arginine, elle favorise la r\u00e9cup\u00e9ration musculaire et la performance.<\/div>\n","protected":false},"featured_media":6660,"comment_status":"open","ping_status":"closed","template":"","meta":[],"product_cat":[50],"product_tag":[],"class_list":{"0":"post-6574","1":"product","2":"type-product","3":"status-publish","4":"has-post-thumbnail","6":"product_brand-biotech-usa","7":"product_cat-protein","9":"first","10":"outofstock","11":"shipping-taxable","12":"purchasable","13":"product-type-simple"},"yoast_head":"<!-- This site is optimized with the Yoast SEO plugin v25.2 - https:\/\/yoast.com\/wordpress\/plugins\/seo\/ -->\n<title>Biotech HYDRO ZERO 1,81KG - MR MASS<\/title>\n<meta name=\"description\" content=\"82 SERVINGSHydro Whey Zero 1.816 kg \u2013 Prot\u00e9ine de lactos\u00e9rum hydrolys\u00e9e \u00e0 assimilation rapide, sans gluten, sans sucre et sans lipides. Enrichie en L-glutamine et L-arginine, elle favorise la r\u00e9cup\u00e9ration musculaire et la performance.\" \/>\n<meta name=\"robots\" content=\"index, follow, max-snippet:-1, max-image-preview:large, max-video-preview:-1\" \/>\n<link rel=\"canonical\" href=\"https:\/\/mr-mass.com\/?product=biotech-hydro-zero-181kg\" \/>\n<meta property=\"og:locale\" content=\"fr_FR\" \/>\n<meta property=\"og:type\" content=\"article\" \/>\n<meta property=\"og:title\" content=\"Biotech HYDRO ZERO 1,81KG - MR MASS\" \/>\n<meta property=\"og:description\" content=\"82 SERVINGSHydro Whey Zero 1.816 kg \u2013 Prot\u00e9ine de lactos\u00e9rum hydrolys\u00e9e \u00e0 assimilation rapide, sans gluten, sans sucre et sans lipides. Enrichie en L-glutamine et L-arginine, elle favorise la r\u00e9cup\u00e9ration musculaire et la performance.\" \/>\n<meta property=\"og:url\" content=\"https:\/\/mr-mass.com\/?product=biotech-hydro-zero-181kg\" \/>\n<meta property=\"og:site_name\" content=\"MR MASS\" \/>\n<meta property=\"article:modified_time\" content=\"2025-08-14T11:48:04+00:00\" \/>\n<meta property=\"og:image\" content=\"https:\/\/mr-mass.com\/wp-content\/uploads\/2025\/06\/Produit_2__28_-removebg-preview.webp-67b311993e60d-2.webp\" \/>\n\t<meta property=\"og:image:width\" content=\"500\" \/>\n\t<meta property=\"og:image:height\" content=\"500\" \/>\n\t<meta property=\"og:image:type\" content=\"image\/webp\" \/>\n<meta name=\"twitter:card\" content=\"summary_large_image\" \/>\n<meta name=\"twitter:label1\" content=\"Dur\u00e9e de lecture estim\u00e9e\" \/>\n\t<meta name=\"twitter:data1\" content=\"1 minute\" \/>\n<script type=\"application\/ld+json\" class=\"yoast-schema-graph\">{\"@context\":\"https:\/\/schema.org\",\"@graph\":[{\"@type\":\"WebPage\",\"@id\":\"https:\/\/mr-mass.com\/?product=biotech-hydro-zero-181kg\",\"url\":\"https:\/\/mr-mass.com\/?product=biotech-hydro-zero-181kg\",\"name\":\"Biotech HYDRO ZERO 1,81KG - MR MASS\",\"isPartOf\":{\"@id\":\"https:\/\/mr-mass.com\/#website\"},\"primaryImageOfPage\":{\"@id\":\"https:\/\/mr-mass.com\/?product=biotech-hydro-zero-181kg#primaryimage\"},\"image\":{\"@id\":\"https:\/\/mr-mass.com\/?product=biotech-hydro-zero-181kg#primaryimage\"},\"thumbnailUrl\":\"https:\/\/mr-mass.com\/wp-content\/uploads\/2025\/06\/Produit_2__28_-removebg-preview.webp-67b311993e60d-2.webp\",\"datePublished\":\"2025-06-10T08:46:53+00:00\",\"dateModified\":\"2025-08-14T11:48:04+00:00\",\"description\":\"82 SERVINGSHydro Whey Zero 1.816 kg \u2013 Prot\u00e9ine de lactos\u00e9rum hydrolys\u00e9e \u00e0 assimilation rapide, sans gluten, sans sucre et sans lipides. Enrichie en L-glutamine et L-arginine, elle favorise la r\u00e9cup\u00e9ration musculaire et la performance.\",\"breadcrumb\":{\"@id\":\"https:\/\/mr-mass.com\/?product=biotech-hydro-zero-181kg#breadcrumb\"},\"inLanguage\":\"fr-FR\",\"potentialAction\":[{\"@type\":\"ReadAction\",\"target\":[\"https:\/\/mr-mass.com\/?product=biotech-hydro-zero-181kg\"]}]},{\"@type\":\"ImageObject\",\"inLanguage\":\"fr-FR\",\"@id\":\"https:\/\/mr-mass.com\/?product=biotech-hydro-zero-181kg#primaryimage\",\"url\":\"https:\/\/mr-mass.com\/wp-content\/uploads\/2025\/06\/Produit_2__28_-removebg-preview.webp-67b311993e60d-2.webp\",\"contentUrl\":\"https:\/\/mr-mass.com\/wp-content\/uploads\/2025\/06\/Produit_2__28_-removebg-preview.webp-67b311993e60d-2.webp\",\"width\":500,\"height\":500},{\"@type\":\"BreadcrumbList\",\"@id\":\"https:\/\/mr-mass.com\/?product=biotech-hydro-zero-181kg#breadcrumb\",\"itemListElement\":[{\"@type\":\"ListItem\",\"position\":1,\"name\":\"Home\",\"item\":\"https:\/\/mr-mass.com\/\"},{\"@type\":\"ListItem\",\"position\":2,\"name\":\"Boutique\",\"item\":\"https:\/\/mr-mass.com\/?page_id=8\"},{\"@type\":\"ListItem\",\"position\":3,\"name\":\"Biotech HYDRO ZERO 1,81KG\"}]},{\"@type\":\"WebSite\",\"@id\":\"https:\/\/mr-mass.com\/#website\",\"url\":\"https:\/\/mr-mass.com\/\",\"name\":\"MR MASS\",\"description\":\"\",\"publisher\":{\"@id\":\"https:\/\/mr-mass.com\/#organization\"},\"potentialAction\":[{\"@type\":\"SearchAction\",\"target\":{\"@type\":\"EntryPoint\",\"urlTemplate\":\"https:\/\/mr-mass.com\/?s={search_term_string}\"},\"query-input\":{\"@type\":\"PropertyValueSpecification\",\"valueRequired\":true,\"valueName\":\"search_term_string\"}}],\"inLanguage\":\"fr-FR\"},{\"@type\":\"Organization\",\"@id\":\"https:\/\/mr-mass.com\/#organization\",\"name\":\"MR MASS\",\"url\":\"https:\/\/mr-mass.com\/\",\"logo\":{\"@type\":\"ImageObject\",\"inLanguage\":\"fr-FR\",\"@id\":\"https:\/\/mr-mass.com\/#\/schema\/logo\/image\/\",\"url\":\"https:\/\/mr-mass.com\/wp-content\/uploads\/2025\/06\/cropped-417524477_413976367821865_6357673664813295189_n-removebg-preview.png\",\"contentUrl\":\"https:\/\/mr-mass.com\/wp-content\/uploads\/2025\/06\/cropped-417524477_413976367821865_6357673664813295189_n-removebg-preview.png\",\"width\":500,\"height\":436,\"caption\":\"MR MASS\"},\"image\":{\"@id\":\"https:\/\/mr-mass.com\/#\/schema\/logo\/image\/\"}}]}<\/script>\n<!-- \/ Yoast SEO plugin. -->","yoast_head_json":{"title":"Biotech HYDRO ZERO 1,81KG - MR MASS","description":"82 SERVINGSHydro Whey Zero 1.816 kg \u2013 Prot\u00e9ine de lactos\u00e9rum hydrolys\u00e9e \u00e0 assimilation rapide, sans gluten, sans sucre et sans lipides. Enrichie en L-glutamine et L-arginine, elle favorise la r\u00e9cup\u00e9ration musculaire et la performance.","robots":{"index":"index","follow":"follow","max-snippet":"max-snippet:-1","max-image-preview":"max-image-preview:large","max-video-preview":"max-video-preview:-1"},"canonical":"https:\/\/mr-mass.com\/?product=biotech-hydro-zero-181kg","og_locale":"fr_FR","og_type":"article","og_title":"Biotech HYDRO ZERO 1,81KG - MR MASS","og_description":"82 SERVINGSHydro Whey Zero 1.816 kg \u2013 Prot\u00e9ine de lactos\u00e9rum hydrolys\u00e9e \u00e0 assimilation rapide, sans gluten, sans sucre et sans lipides. Enrichie en L-glutamine et L-arginine, elle favorise la r\u00e9cup\u00e9ration musculaire et la performance.","og_url":"https:\/\/mr-mass.com\/?product=biotech-hydro-zero-181kg","og_site_name":"MR MASS","article_modified_time":"2025-08-14T11:48:04+00:00","og_image":[{"width":500,"height":500,"url":"https:\/\/mr-mass.com\/wp-content\/uploads\/2025\/06\/Produit_2__28_-removebg-preview.webp-67b311993e60d-2.webp","type":"image\/webp"}],"twitter_card":"summary_large_image","twitter_misc":{"Dur\u00e9e de lecture estim\u00e9e":"1 minute"},"schema":{"@context":"https:\/\/schema.org","@graph":[{"@type":"WebPage","@id":"https:\/\/mr-mass.com\/?product=biotech-hydro-zero-181kg","url":"https:\/\/mr-mass.com\/?product=biotech-hydro-zero-181kg","name":"Biotech HYDRO ZERO 1,81KG - MR MASS","isPartOf":{"@id":"https:\/\/mr-mass.com\/#website"},"primaryImageOfPage":{"@id":"https:\/\/mr-mass.com\/?product=biotech-hydro-zero-181kg#primaryimage"},"image":{"@id":"https:\/\/mr-mass.com\/?product=biotech-hydro-zero-181kg#primaryimage"},"thumbnailUrl":"https:\/\/mr-mass.com\/wp-content\/uploads\/2025\/06\/Produit_2__28_-removebg-preview.webp-67b311993e60d-2.webp","datePublished":"2025-06-10T08:46:53+00:00","dateModified":"2025-08-14T11:48:04+00:00","description":"82 SERVINGSHydro Whey Zero 1.816 kg \u2013 Prot\u00e9ine de lactos\u00e9rum hydrolys\u00e9e \u00e0 assimilation rapide, sans gluten, sans sucre et sans lipides. Enrichie en L-glutamine et L-arginine, elle favorise la r\u00e9cup\u00e9ration musculaire et la performance.","breadcrumb":{"@id":"https:\/\/mr-mass.com\/?product=biotech-hydro-zero-181kg#breadcrumb"},"inLanguage":"fr-FR","potentialAction":[{"@type":"ReadAction","target":["https:\/\/mr-mass.com\/?product=biotech-hydro-zero-181kg"]}]},{"@type":"ImageObject","inLanguage":"fr-FR","@id":"https:\/\/mr-mass.com\/?product=biotech-hydro-zero-181kg#primaryimage","url":"https:\/\/mr-mass.com\/wp-content\/uploads\/2025\/06\/Produit_2__28_-removebg-preview.webp-67b311993e60d-2.webp","contentUrl":"https:\/\/mr-mass.com\/wp-content\/uploads\/2025\/06\/Produit_2__28_-removebg-preview.webp-67b311993e60d-2.webp","width":500,"height":500},{"@type":"BreadcrumbList","@id":"https:\/\/mr-mass.com\/?product=biotech-hydro-zero-181kg#breadcrumb","itemListElement":[{"@type":"ListItem","position":1,"name":"Home","item":"https:\/\/mr-mass.com\/"},{"@type":"ListItem","position":2,"name":"Boutique","item":"https:\/\/mr-mass.com\/?page_id=8"},{"@type":"ListItem","position":3,"name":"Biotech HYDRO ZERO 1,81KG"}]},{"@type":"WebSite","@id":"https:\/\/mr-mass.com\/#website","url":"https:\/\/mr-mass.com\/","name":"MR MASS","description":"","publisher":{"@id":"https:\/\/mr-mass.com\/#organization"},"potentialAction":[{"@type":"SearchAction","target":{"@type":"EntryPoint","urlTemplate":"https:\/\/mr-mass.com\/?s={search_term_string}"},"query-input":{"@type":"PropertyValueSpecification","valueRequired":true,"valueName":"search_term_string"}}],"inLanguage":"fr-FR"},{"@type":"Organization","@id":"https:\/\/mr-mass.com\/#organization","name":"MR MASS","url":"https:\/\/mr-mass.com\/","logo":{"@type":"ImageObject","inLanguage":"fr-FR","@id":"https:\/\/mr-mass.com\/#\/schema\/logo\/image\/","url":"https:\/\/mr-mass.com\/wp-content\/uploads\/2025\/06\/cropped-417524477_413976367821865_6357673664813295189_n-removebg-preview.png","contentUrl":"https:\/\/mr-mass.com\/wp-content\/uploads\/2025\/06\/cropped-417524477_413976367821865_6357673664813295189_n-removebg-preview.png","width":500,"height":436,"caption":"MR MASS"},"image":{"@id":"https:\/\/mr-mass.com\/#\/schema\/logo\/image\/"}}]}},"jetpack_sharing_enabled":true,"_links":{"self":[{"href":"https:\/\/mr-mass.com\/index.php?rest_route=\/wp\/v2\/product\/6574","targetHints":{"allow":["GET"]}}],"collection":[{"href":"https:\/\/mr-mass.com\/index.php?rest_route=\/wp\/v2\/product"}],"about":[{"href":"https:\/\/mr-mass.com\/index.php?rest_route=\/wp\/v2\/types\/product"}],"replies":[{"embeddable":true,"href":"https:\/\/mr-mass.com\/index.php?rest_route=%2Fwp%2Fv2%2Fcomments&post=6574"}],"wp:featuredmedia":[{"embeddable":true,"href":"https:\/\/mr-mass.com\/index.php?rest_route=\/wp\/v2\/media\/6660"}],"wp:attachment":[{"href":"https:\/\/mr-mass.com\/index.php?rest_route=%2Fwp%2Fv2%2Fmedia&parent=6574"}],"wp:term":[{"taxonomy":"product_cat","embeddable":true,"href":"https:\/\/mr-mass.com\/index.php?rest_route=%2Fwp%2Fv2%2Fproduct_cat&post=6574"},{"taxonomy":"product_tag","embeddable":true,"href":"https:\/\/mr-mass.com\/index.php?rest_route=%2Fwp%2Fv2%2Fproduct_tag&post=6574"}],"curies":[{"name":"wp","href":"https:\/\/api.w.org\/{rel}","templated":true}]}}