{"id":6576,"date":"2025-06-10T10:46:53","date_gmt":"2025-06-10T08:46:53","guid":{"rendered":"https:\/\/mr-mass.com\/?product=muscle-tech-nitrotech-ripped-18kg"},"modified":"2025-06-13T18:25:43","modified_gmt":"2025-06-13T16:25:43","slug":"muscle-tech-nitrotech-ripped-18kg","status":"publish","type":"product","link":"https:\/\/mr-mass.com\/?product=muscle-tech-nitrotech-ripped-18kg","title":{"rendered":"MuscleTech Nitro-Tech Ripped 4lb \u2013 1,81kg"},"content":{"rendered":"<div class=\"txt small-h\">\n<p><strong>Nitro-Tech Ripped<\/strong>\u00a0est une des prot\u00e9ines en poudre de la marque MuscleTech. Con\u00e7ue pour aider \u00e0 la fois \u00e0 la perte de poids et \u00e0 la construction musculaire, cette formule innovante combine des prot\u00e9ines de haute qualit\u00e9 avec des ingr\u00e9dients cl\u00e9s pour la gestion du poids.<\/p>\n<h2>Caract\u00e9ristiques de la Nitro-Tech Ripped<\/h2>\n<p>Nitro-Tech Ripped est un compl\u00e9ment alimentaire qui se compose principalement de whey isolate. Elle contient \u00e9galement du C. canephora robusta, un ingr\u00e9dient scientifiquement prouv\u00e9 pour soutenir la perte de poids, ainsi que de la L-carnitine.<\/p>\n<ul>\n<li>30g de prot\u00e9ines par portion<\/li>\n<li>500mg de L-carnitine L-tartrate<\/li>\n<li>200mg de C. canephora robusta<\/li>\n<li>250mg de CLA<\/li>\n<li>100mg d\u2019extrait de th\u00e9 vert<\/li>\n<\/ul>\n<h2>Pourquoi choisir Nitro-Tech Ripped?<\/h2>\n<ul>\n<li>Formule compl\u00e8te pour la perte de poids et le maintien musculaire<\/li>\n<li>Ingr\u00e9dients de haute qualit\u00e9 sans charges inutiles<\/li>\n<li>Profil nutritionnel propre et macronutriments bien \u00e9quilibr\u00e9s<\/li>\n<\/ul>\n<h2>L\u2019avis des experts sur Nitro-Tech Ripped<\/h2>\n<p>Nitro-Tech Ripped combine une prot\u00e9ine de haute qualit\u00e9 avec des ingr\u00e9dients sp\u00e9cifiques pour soutenir la perte de poids. Elle est parfaite pour ceux qui veulent perdre du gras tout en maintenant leur masse musculaire. Disponible en d\u00e9licieuses saveurs telles que \u00ab\u00a0Chocolate Fudge Brownie\u00a0\u00bb et \u00ab\u00a0French Vanilla Bean\u00a0\u00bb, elle offre une solution gustative et nutritive pour atteindre vos objectifs.<\/p>\n<h2>Ingr\u00e9dients de la Nitro-Tech Ripped<\/h2>\n<p>Nitro-Tech Ripped contient des peptides de whey, de l\u2019isolat de prot\u00e9ines de whey, de la L-carnitine L-tartrate, du CLA, et de l\u2019extrait de th\u00e9 vert.<\/p>\n<\/div>\n<div class=\"txt small-h mt-4\">\n<h2>Comment utiliser Nitro-Tech Ripped ?<\/h2>\n<div class=\"wrap\">\n<p>M\u00e9langez 1 dose (soit 42g de poudre) dans un shaker avec environ 235ml d\u2019eau fra\u00eeche ou de lait \u00e9cr\u00e9m\u00e9.<\/p>\n<h2>Quand utiliser Nitro-Tech Ripped?<\/h2>\n<p>Consommez deux fois par jour, 30 \u00e0 60 minutes avant vos deux plus grands repas. Pour de meilleurs r\u00e9sultats, utilisez avec un r\u00e9gime alimentaire et un programme d\u2019exercice pendant 60 jours.<\/p>\n<\/div>\n<\/div>\n","protected":false},"excerpt":{"rendered":"<div class=\"elementor-element elementor-element-3a8670eb wd-single-short-desc text-left elementor-widget elementor-widget-wd_single_product_short_description\" data-id=\"3a8670eb\" data-element_type=\"widget\" data-widget_type=\"wd_single_product_short_description.default\">\n<div class=\"elementor-widget-container\">\n<div class=\"woocommerce-product-details__short-description\">\n<p>Nitro-Tech Ripped de MuscleTech est une prot\u00e9ine en poudre de haute qualit\u00e9 con\u00e7ue pour favoriser la perte de poids et la construction musculaire. Avec 30g de prot\u00e9ines par portion, enrichie en C. canephora robusta et en L-carnitine, cette whey isolate est id\u00e9ale pour ceux qui cherchent \u00e0 sculpter un physique sec et muscl\u00e9.<\/p>\n<\/div>\n<\/div>\n<\/div>\n<div class=\"wd-negative-gap elementor-element elementor-element-38f7bb63 e-flex e-con-boxed e-con e-child\" data-id=\"38f7bb63\" data-element_type=\"container\">\n<div class=\"e-con-inner\">\n<div class=\"elementor-element elementor-element-cea6fee wd-single-price text-left elementor-widget elementor-widget-wd_single_product_price\" data-id=\"cea6fee\" data-element_type=\"widget\" data-widget_type=\"wd_single_product_price.default\">\n<div class=\"elementor-widget-container\"><\/div>\n<\/div>\n<\/div>\n<\/div>\n","protected":false},"featured_media":6784,"comment_status":"open","ping_status":"closed","template":"","meta":[],"product_cat":[50],"product_tag":[],"class_list":{"0":"post-6576","1":"product","2":"type-product","3":"status-publish","4":"has-post-thumbnail","6":"product_brand-muscletech","7":"product_cat-protein","9":"first","10":"instock","11":"shipping-taxable","12":"purchasable","13":"product-type-simple"},"yoast_head":"<!-- This site is optimized with the Yoast SEO plugin v25.2 - https:\/\/yoast.com\/wordpress\/plugins\/seo\/ -->\n<title>MuscleTech Nitro-Tech Ripped 4lb \u2013 1,81kg - MR MASS<\/title>\n<meta name=\"description\" content=\"Nitro-Tech Ripped de MuscleTech est une prot\u00e9ine en poudre de haute qualit\u00e9 con\u00e7ue pour favoriser la perte de poids et la construction musculaire. Avec 30g de prot\u00e9ines par portion, enrichie en C. canephora robusta et en L-carnitine, cette whey isolate est id\u00e9ale pour ceux qui cherchent \u00e0 sculpter un physique sec et muscl\u00e9.\" \/>\n<meta name=\"robots\" content=\"index, follow, max-snippet:-1, max-image-preview:large, max-video-preview:-1\" \/>\n<link rel=\"canonical\" href=\"https:\/\/mr-mass.com\/?product=muscle-tech-nitrotech-ripped-18kg\" \/>\n<meta property=\"og:locale\" content=\"fr_FR\" \/>\n<meta property=\"og:type\" content=\"article\" \/>\n<meta property=\"og:title\" content=\"MuscleTech Nitro-Tech Ripped 4lb \u2013 1,81kg - MR MASS\" \/>\n<meta property=\"og:description\" content=\"Nitro-Tech Ripped de MuscleTech est une prot\u00e9ine en poudre de haute qualit\u00e9 con\u00e7ue pour favoriser la perte de poids et la construction musculaire. Avec 30g de prot\u00e9ines par portion, enrichie en C. canephora robusta et en L-carnitine, cette whey isolate est id\u00e9ale pour ceux qui cherchent \u00e0 sculpter un physique sec et muscl\u00e9.\" \/>\n<meta property=\"og:url\" content=\"https:\/\/mr-mass.com\/?product=muscle-tech-nitrotech-ripped-18kg\" \/>\n<meta property=\"og:site_name\" content=\"MR MASS\" \/>\n<meta property=\"article:modified_time\" content=\"2025-06-13T16:25:43+00:00\" \/>\n<meta property=\"og:image\" content=\"https:\/\/mr-mass.com\/wp-content\/uploads\/2025\/06\/03904080_Nitrotech_Ripped_FVB_4lb_front_1635x1227_web_2022_low-e1749831885679.webp\" \/>\n\t<meta property=\"og:image:width\" content=\"500\" \/>\n\t<meta property=\"og:image:height\" content=\"375\" \/>\n\t<meta property=\"og:image:type\" content=\"image\/webp\" \/>\n<meta name=\"twitter:card\" content=\"summary_large_image\" \/>\n<meta name=\"twitter:label1\" content=\"Dur\u00e9e de lecture estim\u00e9e\" \/>\n\t<meta name=\"twitter:data1\" content=\"2 minutes\" \/>\n<script type=\"application\/ld+json\" class=\"yoast-schema-graph\">{\"@context\":\"https:\/\/schema.org\",\"@graph\":[{\"@type\":\"WebPage\",\"@id\":\"https:\/\/mr-mass.com\/?product=muscle-tech-nitrotech-ripped-18kg\",\"url\":\"https:\/\/mr-mass.com\/?product=muscle-tech-nitrotech-ripped-18kg\",\"name\":\"MuscleTech Nitro-Tech Ripped 4lb \u2013 1,81kg - MR MASS\",\"isPartOf\":{\"@id\":\"https:\/\/mr-mass.com\/#website\"},\"primaryImageOfPage\":{\"@id\":\"https:\/\/mr-mass.com\/?product=muscle-tech-nitrotech-ripped-18kg#primaryimage\"},\"image\":{\"@id\":\"https:\/\/mr-mass.com\/?product=muscle-tech-nitrotech-ripped-18kg#primaryimage\"},\"thumbnailUrl\":\"https:\/\/mr-mass.com\/wp-content\/uploads\/2025\/06\/03904080_Nitrotech_Ripped_FVB_4lb_front_1635x1227_web_2022_low-e1749831885679.webp\",\"datePublished\":\"2025-06-10T08:46:53+00:00\",\"dateModified\":\"2025-06-13T16:25:43+00:00\",\"description\":\"Nitro-Tech Ripped de MuscleTech est une prot\u00e9ine en poudre de haute qualit\u00e9 con\u00e7ue pour favoriser la perte de poids et la construction musculaire. Avec 30g de prot\u00e9ines par portion, enrichie en C. canephora robusta et en L-carnitine, cette whey isolate est id\u00e9ale pour ceux qui cherchent \u00e0 sculpter un physique sec et muscl\u00e9.\",\"breadcrumb\":{\"@id\":\"https:\/\/mr-mass.com\/?product=muscle-tech-nitrotech-ripped-18kg#breadcrumb\"},\"inLanguage\":\"fr-FR\",\"potentialAction\":[{\"@type\":\"ReadAction\",\"target\":[\"https:\/\/mr-mass.com\/?product=muscle-tech-nitrotech-ripped-18kg\"]}]},{\"@type\":\"ImageObject\",\"inLanguage\":\"fr-FR\",\"@id\":\"https:\/\/mr-mass.com\/?product=muscle-tech-nitrotech-ripped-18kg#primaryimage\",\"url\":\"https:\/\/mr-mass.com\/wp-content\/uploads\/2025\/06\/03904080_Nitrotech_Ripped_FVB_4lb_front_1635x1227_web_2022_low-e1749831885679.webp\",\"contentUrl\":\"https:\/\/mr-mass.com\/wp-content\/uploads\/2025\/06\/03904080_Nitrotech_Ripped_FVB_4lb_front_1635x1227_web_2022_low-e1749831885679.webp\",\"width\":500,\"height\":375},{\"@type\":\"BreadcrumbList\",\"@id\":\"https:\/\/mr-mass.com\/?product=muscle-tech-nitrotech-ripped-18kg#breadcrumb\",\"itemListElement\":[{\"@type\":\"ListItem\",\"position\":1,\"name\":\"Home\",\"item\":\"https:\/\/mr-mass.com\/\"},{\"@type\":\"ListItem\",\"position\":2,\"name\":\"Boutique\",\"item\":\"https:\/\/mr-mass.com\/?page_id=8\"},{\"@type\":\"ListItem\",\"position\":3,\"name\":\"MuscleTech Nitro-Tech Ripped 4lb \u2013 1,81kg\"}]},{\"@type\":\"WebSite\",\"@id\":\"https:\/\/mr-mass.com\/#website\",\"url\":\"https:\/\/mr-mass.com\/\",\"name\":\"MR MASS\",\"description\":\"\",\"publisher\":{\"@id\":\"https:\/\/mr-mass.com\/#organization\"},\"potentialAction\":[{\"@type\":\"SearchAction\",\"target\":{\"@type\":\"EntryPoint\",\"urlTemplate\":\"https:\/\/mr-mass.com\/?s={search_term_string}\"},\"query-input\":{\"@type\":\"PropertyValueSpecification\",\"valueRequired\":true,\"valueName\":\"search_term_string\"}}],\"inLanguage\":\"fr-FR\"},{\"@type\":\"Organization\",\"@id\":\"https:\/\/mr-mass.com\/#organization\",\"name\":\"MR MASS\",\"url\":\"https:\/\/mr-mass.com\/\",\"logo\":{\"@type\":\"ImageObject\",\"inLanguage\":\"fr-FR\",\"@id\":\"https:\/\/mr-mass.com\/#\/schema\/logo\/image\/\",\"url\":\"https:\/\/mr-mass.com\/wp-content\/uploads\/2025\/06\/cropped-417524477_413976367821865_6357673664813295189_n-removebg-preview.png\",\"contentUrl\":\"https:\/\/mr-mass.com\/wp-content\/uploads\/2025\/06\/cropped-417524477_413976367821865_6357673664813295189_n-removebg-preview.png\",\"width\":500,\"height\":436,\"caption\":\"MR MASS\"},\"image\":{\"@id\":\"https:\/\/mr-mass.com\/#\/schema\/logo\/image\/\"}}]}<\/script>\n<!-- \/ Yoast SEO plugin. -->","yoast_head_json":{"title":"MuscleTech Nitro-Tech Ripped 4lb \u2013 1,81kg - MR MASS","description":"Nitro-Tech Ripped de MuscleTech est une prot\u00e9ine en poudre de haute qualit\u00e9 con\u00e7ue pour favoriser la perte de poids et la construction musculaire. Avec 30g de prot\u00e9ines par portion, enrichie en C. canephora robusta et en L-carnitine, cette whey isolate est id\u00e9ale pour ceux qui cherchent \u00e0 sculpter un physique sec et muscl\u00e9.","robots":{"index":"index","follow":"follow","max-snippet":"max-snippet:-1","max-image-preview":"max-image-preview:large","max-video-preview":"max-video-preview:-1"},"canonical":"https:\/\/mr-mass.com\/?product=muscle-tech-nitrotech-ripped-18kg","og_locale":"fr_FR","og_type":"article","og_title":"MuscleTech Nitro-Tech Ripped 4lb \u2013 1,81kg - MR MASS","og_description":"Nitro-Tech Ripped de MuscleTech est une prot\u00e9ine en poudre de haute qualit\u00e9 con\u00e7ue pour favoriser la perte de poids et la construction musculaire. Avec 30g de prot\u00e9ines par portion, enrichie en C. canephora robusta et en L-carnitine, cette whey isolate est id\u00e9ale pour ceux qui cherchent \u00e0 sculpter un physique sec et muscl\u00e9.","og_url":"https:\/\/mr-mass.com\/?product=muscle-tech-nitrotech-ripped-18kg","og_site_name":"MR MASS","article_modified_time":"2025-06-13T16:25:43+00:00","og_image":[{"width":500,"height":375,"url":"https:\/\/mr-mass.com\/wp-content\/uploads\/2025\/06\/03904080_Nitrotech_Ripped_FVB_4lb_front_1635x1227_web_2022_low-e1749831885679.webp","type":"image\/webp"}],"twitter_card":"summary_large_image","twitter_misc":{"Dur\u00e9e de lecture estim\u00e9e":"2 minutes"},"schema":{"@context":"https:\/\/schema.org","@graph":[{"@type":"WebPage","@id":"https:\/\/mr-mass.com\/?product=muscle-tech-nitrotech-ripped-18kg","url":"https:\/\/mr-mass.com\/?product=muscle-tech-nitrotech-ripped-18kg","name":"MuscleTech Nitro-Tech Ripped 4lb \u2013 1,81kg - MR MASS","isPartOf":{"@id":"https:\/\/mr-mass.com\/#website"},"primaryImageOfPage":{"@id":"https:\/\/mr-mass.com\/?product=muscle-tech-nitrotech-ripped-18kg#primaryimage"},"image":{"@id":"https:\/\/mr-mass.com\/?product=muscle-tech-nitrotech-ripped-18kg#primaryimage"},"thumbnailUrl":"https:\/\/mr-mass.com\/wp-content\/uploads\/2025\/06\/03904080_Nitrotech_Ripped_FVB_4lb_front_1635x1227_web_2022_low-e1749831885679.webp","datePublished":"2025-06-10T08:46:53+00:00","dateModified":"2025-06-13T16:25:43+00:00","description":"Nitro-Tech Ripped de MuscleTech est une prot\u00e9ine en poudre de haute qualit\u00e9 con\u00e7ue pour favoriser la perte de poids et la construction musculaire. Avec 30g de prot\u00e9ines par portion, enrichie en C. canephora robusta et en L-carnitine, cette whey isolate est id\u00e9ale pour ceux qui cherchent \u00e0 sculpter un physique sec et muscl\u00e9.","breadcrumb":{"@id":"https:\/\/mr-mass.com\/?product=muscle-tech-nitrotech-ripped-18kg#breadcrumb"},"inLanguage":"fr-FR","potentialAction":[{"@type":"ReadAction","target":["https:\/\/mr-mass.com\/?product=muscle-tech-nitrotech-ripped-18kg"]}]},{"@type":"ImageObject","inLanguage":"fr-FR","@id":"https:\/\/mr-mass.com\/?product=muscle-tech-nitrotech-ripped-18kg#primaryimage","url":"https:\/\/mr-mass.com\/wp-content\/uploads\/2025\/06\/03904080_Nitrotech_Ripped_FVB_4lb_front_1635x1227_web_2022_low-e1749831885679.webp","contentUrl":"https:\/\/mr-mass.com\/wp-content\/uploads\/2025\/06\/03904080_Nitrotech_Ripped_FVB_4lb_front_1635x1227_web_2022_low-e1749831885679.webp","width":500,"height":375},{"@type":"BreadcrumbList","@id":"https:\/\/mr-mass.com\/?product=muscle-tech-nitrotech-ripped-18kg#breadcrumb","itemListElement":[{"@type":"ListItem","position":1,"name":"Home","item":"https:\/\/mr-mass.com\/"},{"@type":"ListItem","position":2,"name":"Boutique","item":"https:\/\/mr-mass.com\/?page_id=8"},{"@type":"ListItem","position":3,"name":"MuscleTech Nitro-Tech Ripped 4lb \u2013 1,81kg"}]},{"@type":"WebSite","@id":"https:\/\/mr-mass.com\/#website","url":"https:\/\/mr-mass.com\/","name":"MR MASS","description":"","publisher":{"@id":"https:\/\/mr-mass.com\/#organization"},"potentialAction":[{"@type":"SearchAction","target":{"@type":"EntryPoint","urlTemplate":"https:\/\/mr-mass.com\/?s={search_term_string}"},"query-input":{"@type":"PropertyValueSpecification","valueRequired":true,"valueName":"search_term_string"}}],"inLanguage":"fr-FR"},{"@type":"Organization","@id":"https:\/\/mr-mass.com\/#organization","name":"MR MASS","url":"https:\/\/mr-mass.com\/","logo":{"@type":"ImageObject","inLanguage":"fr-FR","@id":"https:\/\/mr-mass.com\/#\/schema\/logo\/image\/","url":"https:\/\/mr-mass.com\/wp-content\/uploads\/2025\/06\/cropped-417524477_413976367821865_6357673664813295189_n-removebg-preview.png","contentUrl":"https:\/\/mr-mass.com\/wp-content\/uploads\/2025\/06\/cropped-417524477_413976367821865_6357673664813295189_n-removebg-preview.png","width":500,"height":436,"caption":"MR MASS"},"image":{"@id":"https:\/\/mr-mass.com\/#\/schema\/logo\/image\/"}}]}},"jetpack_sharing_enabled":true,"_links":{"self":[{"href":"https:\/\/mr-mass.com\/index.php?rest_route=\/wp\/v2\/product\/6576","targetHints":{"allow":["GET"]}}],"collection":[{"href":"https:\/\/mr-mass.com\/index.php?rest_route=\/wp\/v2\/product"}],"about":[{"href":"https:\/\/mr-mass.com\/index.php?rest_route=\/wp\/v2\/types\/product"}],"replies":[{"embeddable":true,"href":"https:\/\/mr-mass.com\/index.php?rest_route=%2Fwp%2Fv2%2Fcomments&post=6576"}],"wp:featuredmedia":[{"embeddable":true,"href":"https:\/\/mr-mass.com\/index.php?rest_route=\/wp\/v2\/media\/6784"}],"wp:attachment":[{"href":"https:\/\/mr-mass.com\/index.php?rest_route=%2Fwp%2Fv2%2Fmedia&parent=6576"}],"wp:term":[{"taxonomy":"product_cat","embeddable":true,"href":"https:\/\/mr-mass.com\/index.php?rest_route=%2Fwp%2Fv2%2Fproduct_cat&post=6576"},{"taxonomy":"product_tag","embeddable":true,"href":"https:\/\/mr-mass.com\/index.php?rest_route=%2Fwp%2Fv2%2Fproduct_tag&post=6576"}],"curies":[{"name":"wp","href":"https:\/\/api.w.org\/{rel}","templated":true}]}}