{"id":6578,"date":"2025-06-10T10:46:53","date_gmt":"2025-06-10T08:46:53","guid":{"rendered":"https:\/\/mr-mass.com\/?product=muscletech-euphoriq-pre-workout"},"modified":"2025-09-06T18:35:27","modified_gmt":"2025-09-06T16:35:27","slug":"muscletech-euphoriq-pre-workout","status":"publish","type":"product","link":"https:\/\/mr-mass.com\/?product=muscletech-euphoriq-pre-workout","title":{"rendered":"MUSCLETECH EUPHORIQ PRE-WORKOUT"},"content":{"rendered":"<div class=\"txt small-h\">\n<p><strong>MuscleTech EUPHORiQ Pre-Workout<\/strong>\u00a0est une formule de pr\u00e9-entra\u00eenement r\u00e9volutionnaire con\u00e7ue pour offrir une \u00e9nergie soutenue, une concentration am\u00e9lior\u00e9e et une endurance accrue, sans les effets secondaires n\u00e9gatifs de la caf\u00e9ine traditionnelle. Enrichi en paraxanthine, cet ingr\u00e9dient innovant offre tous les avantages de la caf\u00e9ine tout en minimisant les d\u00e9sagr\u00e9ments tels que les naus\u00e9es, les palpitations et l\u2019anxi\u00e9t\u00e9.<\/p>\n<h2>Caract\u00e9ristiques de MuscleTech EUPHORiQ<\/h2>\n<p>Ce compl\u00e9ment pr\u00e9-entra\u00eenement unique se distingue par sa composition d\u2019ingr\u00e9dients de haute qualit\u00e9 :<\/p>\n<ul>\n<li>300 mg d\u2019Enfinity\u00ae (Paraxanthine) pour une \u00e9nergie propre et durable<\/li>\n<li>4 g de citrulline pour des pompes musculaires maximis\u00e9es<\/li>\n<li>3.2 g de b\u00eata-alanine pour une endurance accrue<\/li>\n<li>1.6 g de NooLVL\u00ae pour am\u00e9liorer la fonction cognitive<\/li>\n<li>100 mg de NeuroFactor\u00ae pour stimuler les niveaux de neuroprot\u00e9ines<\/li>\n<\/ul>\n<p>Cette combinaison d\u2019ingr\u00e9dients cliniquement dos\u00e9s est con\u00e7ue pour am\u00e9liorer vos performances sportives et vous aider \u00e0 atteindre vos objectifs de fitness.<\/p>\n<h2>Les b\u00e9n\u00e9fices de MuscleTech EUPHORiQ<\/h2>\n<ul>\n<li>Am\u00e9lioration de l\u2019\u00e9nergie et de la concentration sans crash<\/li>\n<li>Augmentation de la force et de l\u2019endurance musculaire<\/li>\n<li>Soutien cognitif pour une meilleure pr\u00e9cision et prise de d\u00e9cision<\/li>\n<li>Formule sans caf\u00e9ine traditionnelle pour r\u00e9duire les effets secondaires<\/li>\n<\/ul>\n<h2>Comment utiliser MuscleTech EUPHORiQ?<\/h2>\n<p>M\u00e9langez une dose avec 240-300 ml d\u2019eau et consommez 20-30 minutes avant l\u2019entra\u00eenement. Ne pas d\u00e9passer une dose par p\u00e9riode de 24 heures.<\/p>\n<\/div>\n<p><img fetchpriority=\"high\" decoding=\"async\" class=\"size-medium wp-image-28644 aligncenter\" src=\"https:\/\/sf-nutrition.tn\/wp-content\/uploads\/2024\/07\/diagram-caffeine-metabolism_750x750-300x300.jpg\" sizes=\"(max-width: 300px) 100vw, 300px\" srcset=\"https:\/\/sf-nutrition.tn\/wp-content\/uploads\/2024\/07\/diagram-caffeine-metabolism_750x750-300x300.jpg 300w, https:\/\/sf-nutrition.tn\/wp-content\/uploads\/2024\/07\/diagram-caffeine-metabolism_750x750-150x150.jpg 150w, https:\/\/sf-nutrition.tn\/wp-content\/uploads\/2024\/07\/diagram-caffeine-metabolism_750x750-430x430.jpg 430w, https:\/\/sf-nutrition.tn\/wp-content\/uploads\/2024\/07\/diagram-caffeine-metabolism_750x750-700x700.jpg 700w, https:\/\/sf-nutrition.tn\/wp-content\/uploads\/2024\/07\/diagram-caffeine-metabolism_750x750.jpg 750w\" alt=\"\" width=\"300\" height=\"300\" \/><\/p>\n","protected":false},"excerpt":{"rendered":"<p>MuscleTech EUPHORiQ Pre-Workout est une formule de pr\u00e9-entra\u00eenement r\u00e9volutionnaire con\u00e7ue pour offrir une \u00e9nergie soutenue, une concentration am\u00e9lior\u00e9e et une endurance accrue, sans les effets secondaires n\u00e9gatifs de la caf\u00e9ine traditionnelle. Enrichi en paraxanthine, cet ingr\u00e9dient innovant offre tous les avantages de la caf\u00e9ine tout en minimisant les d\u00e9sagr\u00e9ments tels que les naus\u00e9es, les palpitations et l\u2019anxi\u00e9t\u00e9.<\/p>\n","protected":false},"featured_media":6711,"comment_status":"open","ping_status":"closed","template":"","meta":[],"product_cat":[38,67],"product_tag":[],"class_list":{"0":"post-6578","1":"product","2":"type-product","3":"status-publish","4":"has-post-thumbnail","6":"product_brand-muscletech","7":"product_cat-endurance-energy","8":"product_cat-pre-workout","10":"first","11":"outofstock","12":"sale","13":"shipping-taxable","14":"purchasable","15":"product-type-simple"},"yoast_head":"<!-- This site is optimized with the Yoast SEO plugin v25.2 - https:\/\/yoast.com\/wordpress\/plugins\/seo\/ -->\n<title>MUSCLETECH EUPHORIQ PRE-WORKOUT - MR MASS<\/title>\n<meta name=\"description\" content=\"MuscleTech EUPHORiQ Pre-Workout est une formule de pr\u00e9-entra\u00eenement r\u00e9volutionnaire con\u00e7ue pour offrir une \u00e9nergie soutenue, une concentration am\u00e9lior\u00e9e et une endurance accrue, sans les effets secondaires n\u00e9gatifs de la caf\u00e9ine traditionnelle. Enrichi en paraxanthine, cet ingr\u00e9dient innovant offre tous les avantages de la caf\u00e9ine tout en minimisant les d\u00e9sagr\u00e9ments tels que les naus\u00e9es, les palpitations et l\u2019anxi\u00e9t\u00e9.\" \/>\n<meta name=\"robots\" content=\"index, follow, max-snippet:-1, max-image-preview:large, max-video-preview:-1\" \/>\n<link rel=\"canonical\" href=\"https:\/\/mr-mass.com\/?product=muscletech-euphoriq-pre-workout\" \/>\n<meta property=\"og:locale\" content=\"fr_FR\" \/>\n<meta property=\"og:type\" content=\"article\" \/>\n<meta property=\"og:title\" content=\"MUSCLETECH EUPHORIQ PRE-WORKOUT - MR MASS\" \/>\n<meta property=\"og:description\" content=\"MuscleTech EUPHORiQ Pre-Workout est une formule de pr\u00e9-entra\u00eenement r\u00e9volutionnaire con\u00e7ue pour offrir une \u00e9nergie soutenue, une concentration am\u00e9lior\u00e9e et une endurance accrue, sans les effets secondaires n\u00e9gatifs de la caf\u00e9ine traditionnelle. Enrichi en paraxanthine, cet ingr\u00e9dient innovant offre tous les avantages de la caf\u00e9ine tout en minimisant les d\u00e9sagr\u00e9ments tels que les naus\u00e9es, les palpitations et l\u2019anxi\u00e9t\u00e9.\" \/>\n<meta property=\"og:url\" content=\"https:\/\/mr-mass.com\/?product=muscletech-euphoriq-pre-workout\" \/>\n<meta property=\"og:site_name\" content=\"MR MASS\" \/>\n<meta property=\"article:modified_time\" content=\"2025-09-06T16:35:27+00:00\" \/>\n<meta property=\"og:image\" content=\"https:\/\/mr-mass.com\/wp-content\/uploads\/2025\/06\/MuscleTech-EuphoriQ-Preworkout-Powder-and-Energy-Support-Boogieman-Punch_4abc7660-4f76-4b00-8b46-193ae3bc7eef.55f489341ec42e3bf41f8d8034a6ef07.webp\" \/>\n\t<meta property=\"og:image:width\" content=\"612\" \/>\n\t<meta property=\"og:image:height\" content=\"612\" \/>\n\t<meta property=\"og:image:type\" content=\"image\/webp\" \/>\n<meta name=\"twitter:card\" content=\"summary_large_image\" \/>\n<meta name=\"twitter:label1\" content=\"Dur\u00e9e de lecture estim\u00e9e\" \/>\n\t<meta name=\"twitter:data1\" content=\"2 minutes\" \/>\n<script type=\"application\/ld+json\" class=\"yoast-schema-graph\">{\"@context\":\"https:\/\/schema.org\",\"@graph\":[{\"@type\":\"WebPage\",\"@id\":\"https:\/\/mr-mass.com\/?product=muscletech-euphoriq-pre-workout\",\"url\":\"https:\/\/mr-mass.com\/?product=muscletech-euphoriq-pre-workout\",\"name\":\"MUSCLETECH EUPHORIQ PRE-WORKOUT - MR MASS\",\"isPartOf\":{\"@id\":\"https:\/\/mr-mass.com\/#website\"},\"primaryImageOfPage\":{\"@id\":\"https:\/\/mr-mass.com\/?product=muscletech-euphoriq-pre-workout#primaryimage\"},\"image\":{\"@id\":\"https:\/\/mr-mass.com\/?product=muscletech-euphoriq-pre-workout#primaryimage\"},\"thumbnailUrl\":\"https:\/\/mr-mass.com\/wp-content\/uploads\/2025\/06\/MuscleTech-EuphoriQ-Preworkout-Powder-and-Energy-Support-Boogieman-Punch_4abc7660-4f76-4b00-8b46-193ae3bc7eef.55f489341ec42e3bf41f8d8034a6ef07.webp\",\"datePublished\":\"2025-06-10T08:46:53+00:00\",\"dateModified\":\"2025-09-06T16:35:27+00:00\",\"description\":\"MuscleTech EUPHORiQ Pre-Workout est une formule de pr\u00e9-entra\u00eenement r\u00e9volutionnaire con\u00e7ue pour offrir une \u00e9nergie soutenue, une concentration am\u00e9lior\u00e9e et une endurance accrue, sans les effets secondaires n\u00e9gatifs de la caf\u00e9ine traditionnelle. Enrichi en paraxanthine, cet ingr\u00e9dient innovant offre tous les avantages de la caf\u00e9ine tout en minimisant les d\u00e9sagr\u00e9ments tels que les naus\u00e9es, les palpitations et l\u2019anxi\u00e9t\u00e9.\",\"breadcrumb\":{\"@id\":\"https:\/\/mr-mass.com\/?product=muscletech-euphoriq-pre-workout#breadcrumb\"},\"inLanguage\":\"fr-FR\",\"potentialAction\":[{\"@type\":\"ReadAction\",\"target\":[\"https:\/\/mr-mass.com\/?product=muscletech-euphoriq-pre-workout\"]}]},{\"@type\":\"ImageObject\",\"inLanguage\":\"fr-FR\",\"@id\":\"https:\/\/mr-mass.com\/?product=muscletech-euphoriq-pre-workout#primaryimage\",\"url\":\"https:\/\/mr-mass.com\/wp-content\/uploads\/2025\/06\/MuscleTech-EuphoriQ-Preworkout-Powder-and-Energy-Support-Boogieman-Punch_4abc7660-4f76-4b00-8b46-193ae3bc7eef.55f489341ec42e3bf41f8d8034a6ef07.webp\",\"contentUrl\":\"https:\/\/mr-mass.com\/wp-content\/uploads\/2025\/06\/MuscleTech-EuphoriQ-Preworkout-Powder-and-Energy-Support-Boogieman-Punch_4abc7660-4f76-4b00-8b46-193ae3bc7eef.55f489341ec42e3bf41f8d8034a6ef07.webp\",\"width\":612,\"height\":612},{\"@type\":\"BreadcrumbList\",\"@id\":\"https:\/\/mr-mass.com\/?product=muscletech-euphoriq-pre-workout#breadcrumb\",\"itemListElement\":[{\"@type\":\"ListItem\",\"position\":1,\"name\":\"Home\",\"item\":\"https:\/\/mr-mass.com\/\"},{\"@type\":\"ListItem\",\"position\":2,\"name\":\"Boutique\",\"item\":\"https:\/\/mr-mass.com\/?page_id=8\"},{\"@type\":\"ListItem\",\"position\":3,\"name\":\"MUSCLETECH EUPHORIQ PRE-WORKOUT\"}]},{\"@type\":\"WebSite\",\"@id\":\"https:\/\/mr-mass.com\/#website\",\"url\":\"https:\/\/mr-mass.com\/\",\"name\":\"MR MASS\",\"description\":\"\",\"publisher\":{\"@id\":\"https:\/\/mr-mass.com\/#organization\"},\"potentialAction\":[{\"@type\":\"SearchAction\",\"target\":{\"@type\":\"EntryPoint\",\"urlTemplate\":\"https:\/\/mr-mass.com\/?s={search_term_string}\"},\"query-input\":{\"@type\":\"PropertyValueSpecification\",\"valueRequired\":true,\"valueName\":\"search_term_string\"}}],\"inLanguage\":\"fr-FR\"},{\"@type\":\"Organization\",\"@id\":\"https:\/\/mr-mass.com\/#organization\",\"name\":\"MR MASS\",\"url\":\"https:\/\/mr-mass.com\/\",\"logo\":{\"@type\":\"ImageObject\",\"inLanguage\":\"fr-FR\",\"@id\":\"https:\/\/mr-mass.com\/#\/schema\/logo\/image\/\",\"url\":\"https:\/\/mr-mass.com\/wp-content\/uploads\/2025\/06\/cropped-417524477_413976367821865_6357673664813295189_n-removebg-preview.png\",\"contentUrl\":\"https:\/\/mr-mass.com\/wp-content\/uploads\/2025\/06\/cropped-417524477_413976367821865_6357673664813295189_n-removebg-preview.png\",\"width\":500,\"height\":436,\"caption\":\"MR MASS\"},\"image\":{\"@id\":\"https:\/\/mr-mass.com\/#\/schema\/logo\/image\/\"}}]}<\/script>\n<!-- \/ Yoast SEO plugin. -->","yoast_head_json":{"title":"MUSCLETECH EUPHORIQ PRE-WORKOUT - MR MASS","description":"MuscleTech EUPHORiQ Pre-Workout est une formule de pr\u00e9-entra\u00eenement r\u00e9volutionnaire con\u00e7ue pour offrir une \u00e9nergie soutenue, une concentration am\u00e9lior\u00e9e et une endurance accrue, sans les effets secondaires n\u00e9gatifs de la caf\u00e9ine traditionnelle. Enrichi en paraxanthine, cet ingr\u00e9dient innovant offre tous les avantages de la caf\u00e9ine tout en minimisant les d\u00e9sagr\u00e9ments tels que les naus\u00e9es, les palpitations et l\u2019anxi\u00e9t\u00e9.","robots":{"index":"index","follow":"follow","max-snippet":"max-snippet:-1","max-image-preview":"max-image-preview:large","max-video-preview":"max-video-preview:-1"},"canonical":"https:\/\/mr-mass.com\/?product=muscletech-euphoriq-pre-workout","og_locale":"fr_FR","og_type":"article","og_title":"MUSCLETECH EUPHORIQ PRE-WORKOUT - MR MASS","og_description":"MuscleTech EUPHORiQ Pre-Workout est une formule de pr\u00e9-entra\u00eenement r\u00e9volutionnaire con\u00e7ue pour offrir une \u00e9nergie soutenue, une concentration am\u00e9lior\u00e9e et une endurance accrue, sans les effets secondaires n\u00e9gatifs de la caf\u00e9ine traditionnelle. Enrichi en paraxanthine, cet ingr\u00e9dient innovant offre tous les avantages de la caf\u00e9ine tout en minimisant les d\u00e9sagr\u00e9ments tels que les naus\u00e9es, les palpitations et l\u2019anxi\u00e9t\u00e9.","og_url":"https:\/\/mr-mass.com\/?product=muscletech-euphoriq-pre-workout","og_site_name":"MR MASS","article_modified_time":"2025-09-06T16:35:27+00:00","og_image":[{"width":612,"height":612,"url":"https:\/\/mr-mass.com\/wp-content\/uploads\/2025\/06\/MuscleTech-EuphoriQ-Preworkout-Powder-and-Energy-Support-Boogieman-Punch_4abc7660-4f76-4b00-8b46-193ae3bc7eef.55f489341ec42e3bf41f8d8034a6ef07.webp","type":"image\/webp"}],"twitter_card":"summary_large_image","twitter_misc":{"Dur\u00e9e de lecture estim\u00e9e":"2 minutes"},"schema":{"@context":"https:\/\/schema.org","@graph":[{"@type":"WebPage","@id":"https:\/\/mr-mass.com\/?product=muscletech-euphoriq-pre-workout","url":"https:\/\/mr-mass.com\/?product=muscletech-euphoriq-pre-workout","name":"MUSCLETECH EUPHORIQ PRE-WORKOUT - MR MASS","isPartOf":{"@id":"https:\/\/mr-mass.com\/#website"},"primaryImageOfPage":{"@id":"https:\/\/mr-mass.com\/?product=muscletech-euphoriq-pre-workout#primaryimage"},"image":{"@id":"https:\/\/mr-mass.com\/?product=muscletech-euphoriq-pre-workout#primaryimage"},"thumbnailUrl":"https:\/\/mr-mass.com\/wp-content\/uploads\/2025\/06\/MuscleTech-EuphoriQ-Preworkout-Powder-and-Energy-Support-Boogieman-Punch_4abc7660-4f76-4b00-8b46-193ae3bc7eef.55f489341ec42e3bf41f8d8034a6ef07.webp","datePublished":"2025-06-10T08:46:53+00:00","dateModified":"2025-09-06T16:35:27+00:00","description":"MuscleTech EUPHORiQ Pre-Workout est une formule de pr\u00e9-entra\u00eenement r\u00e9volutionnaire con\u00e7ue pour offrir une \u00e9nergie soutenue, une concentration am\u00e9lior\u00e9e et une endurance accrue, sans les effets secondaires n\u00e9gatifs de la caf\u00e9ine traditionnelle. Enrichi en paraxanthine, cet ingr\u00e9dient innovant offre tous les avantages de la caf\u00e9ine tout en minimisant les d\u00e9sagr\u00e9ments tels que les naus\u00e9es, les palpitations et l\u2019anxi\u00e9t\u00e9.","breadcrumb":{"@id":"https:\/\/mr-mass.com\/?product=muscletech-euphoriq-pre-workout#breadcrumb"},"inLanguage":"fr-FR","potentialAction":[{"@type":"ReadAction","target":["https:\/\/mr-mass.com\/?product=muscletech-euphoriq-pre-workout"]}]},{"@type":"ImageObject","inLanguage":"fr-FR","@id":"https:\/\/mr-mass.com\/?product=muscletech-euphoriq-pre-workout#primaryimage","url":"https:\/\/mr-mass.com\/wp-content\/uploads\/2025\/06\/MuscleTech-EuphoriQ-Preworkout-Powder-and-Energy-Support-Boogieman-Punch_4abc7660-4f76-4b00-8b46-193ae3bc7eef.55f489341ec42e3bf41f8d8034a6ef07.webp","contentUrl":"https:\/\/mr-mass.com\/wp-content\/uploads\/2025\/06\/MuscleTech-EuphoriQ-Preworkout-Powder-and-Energy-Support-Boogieman-Punch_4abc7660-4f76-4b00-8b46-193ae3bc7eef.55f489341ec42e3bf41f8d8034a6ef07.webp","width":612,"height":612},{"@type":"BreadcrumbList","@id":"https:\/\/mr-mass.com\/?product=muscletech-euphoriq-pre-workout#breadcrumb","itemListElement":[{"@type":"ListItem","position":1,"name":"Home","item":"https:\/\/mr-mass.com\/"},{"@type":"ListItem","position":2,"name":"Boutique","item":"https:\/\/mr-mass.com\/?page_id=8"},{"@type":"ListItem","position":3,"name":"MUSCLETECH EUPHORIQ PRE-WORKOUT"}]},{"@type":"WebSite","@id":"https:\/\/mr-mass.com\/#website","url":"https:\/\/mr-mass.com\/","name":"MR MASS","description":"","publisher":{"@id":"https:\/\/mr-mass.com\/#organization"},"potentialAction":[{"@type":"SearchAction","target":{"@type":"EntryPoint","urlTemplate":"https:\/\/mr-mass.com\/?s={search_term_string}"},"query-input":{"@type":"PropertyValueSpecification","valueRequired":true,"valueName":"search_term_string"}}],"inLanguage":"fr-FR"},{"@type":"Organization","@id":"https:\/\/mr-mass.com\/#organization","name":"MR MASS","url":"https:\/\/mr-mass.com\/","logo":{"@type":"ImageObject","inLanguage":"fr-FR","@id":"https:\/\/mr-mass.com\/#\/schema\/logo\/image\/","url":"https:\/\/mr-mass.com\/wp-content\/uploads\/2025\/06\/cropped-417524477_413976367821865_6357673664813295189_n-removebg-preview.png","contentUrl":"https:\/\/mr-mass.com\/wp-content\/uploads\/2025\/06\/cropped-417524477_413976367821865_6357673664813295189_n-removebg-preview.png","width":500,"height":436,"caption":"MR MASS"},"image":{"@id":"https:\/\/mr-mass.com\/#\/schema\/logo\/image\/"}}]}},"jetpack_sharing_enabled":true,"_links":{"self":[{"href":"https:\/\/mr-mass.com\/index.php?rest_route=\/wp\/v2\/product\/6578","targetHints":{"allow":["GET"]}}],"collection":[{"href":"https:\/\/mr-mass.com\/index.php?rest_route=\/wp\/v2\/product"}],"about":[{"href":"https:\/\/mr-mass.com\/index.php?rest_route=\/wp\/v2\/types\/product"}],"replies":[{"embeddable":true,"href":"https:\/\/mr-mass.com\/index.php?rest_route=%2Fwp%2Fv2%2Fcomments&post=6578"}],"wp:featuredmedia":[{"embeddable":true,"href":"https:\/\/mr-mass.com\/index.php?rest_route=\/wp\/v2\/media\/6711"}],"wp:attachment":[{"href":"https:\/\/mr-mass.com\/index.php?rest_route=%2Fwp%2Fv2%2Fmedia&parent=6578"}],"wp:term":[{"taxonomy":"product_cat","embeddable":true,"href":"https:\/\/mr-mass.com\/index.php?rest_route=%2Fwp%2Fv2%2Fproduct_cat&post=6578"},{"taxonomy":"product_tag","embeddable":true,"href":"https:\/\/mr-mass.com\/index.php?rest_route=%2Fwp%2Fv2%2Fproduct_tag&post=6578"}],"curies":[{"name":"wp","href":"https:\/\/api.w.org\/{rel}","templated":true}]}}