{"id":6583,"date":"2025-06-10T10:46:54","date_gmt":"2025-06-10T08:46:54","guid":{"rendered":"https:\/\/mr-mass.com\/?product=dy-shado-whey-hydrolysate-227kg"},"modified":"2025-09-30T19:59:48","modified_gmt":"2025-09-30T17:59:48","slug":"dy-shado-whey-hydrolysate-227kg","status":"publish","type":"product","link":"https:\/\/mr-mass.com\/?product=dy-shado-whey-hydrolysate-227kg","title":{"rendered":"Whey Protein Shadowhey Hydrolyzed &#8211; DY Nutrition | 2.27Kg"},"content":{"rendered":"<h2>Caract\u00e9ristiques principales :<\/h2>\n<ol>\n<li>\u2714\u00a0<strong>Prot\u00e9ine hydrolys\u00e9e ultra-pure<\/strong>\u00a0: assimilation rapide et digestion facilit\u00e9e<\/li>\n<li>\u2714<strong>\u00a06,1 g de BCAA par portion<\/strong>\u00a0: stimule la synth\u00e8se prot\u00e9ique et limite le catabolisme<\/li>\n<li>\u2714\u00a0<strong>0,5 g de glucides, sans sucre ni mati\u00e8res grasses<\/strong>\u00a0: id\u00e9ale pour la d\u00e9finition musculaire<\/li>\n<li>\u2714\u00a0<strong>Riche en fer<\/strong>\u00a0: am\u00e9liore l&rsquo;endurance et r\u00e9duit la fatigue<\/li>\n<li>\u2714 Tous les 9 acides amin\u00e9s essentiels (<strong>EAA<\/strong>) : support optimal pour la masse musculaire<\/li>\n<li>\u2714 M\u00e9lange facile, go\u00fbt agr\u00e9able<\/li>\n<\/ol>\n<h2>Mode d\u2019action<\/h2>\n<p><strong>L\u2019hydrolyse<\/strong>\u00a0permet de pr\u00e9dig\u00e9rer la\u00a0<strong>prot\u00e9ine<\/strong>\u00a0en\u00a0<strong>peptides<\/strong>\u00a0courts, garantissant une assimilation rapide et efficace.\u00a0<strong>Shadowhey<\/strong>\u00a0<strong>Hydrolysate<\/strong>\u00a0est id\u00e9ale en post-entra\u00eenement pour une r\u00e9cup\u00e9ration musculaire imm\u00e9diate.<\/p>\n<h3>Profil en acides amin\u00e9s :<\/h3>\n<ol>\n<li><strong>L-Leucine<\/strong>\u00a0(anabolisant cl\u00e9) : favorise la croissance musculaire et l\u2019endurance<\/li>\n<li><strong>L-Isoleucine<\/strong>\u00a0: acc\u00e9l\u00e8re la r\u00e9cup\u00e9ration et optimise la synth\u00e8se des prot\u00e9ines<\/li>\n<li><strong>L-Valine<\/strong>\u00a0: r\u00e9duit la fatigue et prot\u00e8ge les muscles<\/li>\n<li><strong>Acide D-Aspartique<\/strong>\u00a0: renforce la force et la masse musculaire<\/li>\n<li><strong>Enzyme lactase<\/strong>\u00a0: facilite la digestion des prot\u00e9ines.<\/li>\n<\/ol>\n<h4>Ingr\u00e9dients :<\/h4>\n<p>Matrice prot\u00e9ique (isolat de prot\u00e9ines de lactos\u00e9rum, isolat de prot\u00e9ines de lactos\u00e9rum hydrolys\u00e9es), poudre de cacao \u00e9cr\u00e9m\u00e9 (9%), ar\u00f4mes, \u00e9mulsifiants (l\u00e9cithine de soja, carboxym\u00e9thylcellulose sodique), b\u00eata-hydroxy-b\u00eata-m\u00e9thylbutyrate de calcium, acide D-aspartique, \u00e9dulcorant (sucralose), fumarate de fer (II), sel, cristal de vanille, oxyde de zinc, inuline (de la chicor\u00e9e), enzyme lactase.<\/p>\n","protected":false},"excerpt":{"rendered":"<h2>Prot\u00e9ine ultra-pure et assimilation rapide<\/h2>\n<p><strong>Shadowhey Hydrolysate<\/strong>\u00a0est une<strong>\u00a0prot\u00e9ine\u00a0<\/strong>de<strong>\u00a0lactos\u00e9rum hydrolys\u00e9e avec 90%\u00a0<\/strong>de<strong>\u00a0prot\u00e9ines\u00a0<\/strong>et une<strong>\u00a0absorption rapide<\/strong>. Con\u00e7ue pour les athl\u00e8tes exigeants, elle apporte\u00a0<strong>23 g<\/strong>\u00a0de\u00a0<strong>prot\u00e9ines<\/strong>\u00a0par portion, favorisant la croissance musculaire et la r\u00e9cup\u00e9ration optimis\u00e9e.<\/p>\n<h3>Utilisation recommand\u00e9e :<\/h3>\n<p>\u27a1 M\u00e9langez 1 dose (30 g) avec 250-300 ml d\u2019eau<\/p>\n<p>\u27a1 \u00c0 consommer apr\u00e8s l\u2019entra\u00eenement ou selon vos besoins en prot\u00e9ines<\/p>\n","protected":false},"featured_media":6681,"comment_status":"open","ping_status":"closed","template":"","meta":[],"product_cat":[50],"product_tag":[],"class_list":{"0":"post-6583","1":"product","2":"type-product","3":"status-publish","4":"has-post-thumbnail","6":"product_brand-dy-nutrition","7":"product_cat-protein","9":"first","10":"instock","11":"shipping-taxable","12":"purchasable","13":"product-type-simple"},"yoast_head":"<!-- This site is optimized with the Yoast SEO plugin v25.2 - https:\/\/yoast.com\/wordpress\/plugins\/seo\/ -->\n<title>Whey Protein Shadowhey Hydrolyzed - DY Nutrition | 2.27Kg - MR MASS<\/title>\n<meta name=\"description\" content=\"Prot\u00e9ine ultra-pure et assimilation rapideShadowhey Hydrolysate est une prot\u00e9ine de lactos\u00e9rum hydrolys\u00e9e avec 90% de prot\u00e9ines et une absorption rapide. Con\u00e7ue pour les athl\u00e8tes exigeants, elle apporte 23 g de prot\u00e9ines par portion, favorisant la croissance musculaire et la r\u00e9cup\u00e9ration optimis\u00e9e.Utilisation recommand\u00e9e :\u27a1 M\u00e9langez 1 dose (30 g) avec 250-300 ml d\u2019eau\u27a1 \u00c0 consommer apr\u00e8s l\u2019entra\u00eenement ou selon vos besoins en prot\u00e9ines\" \/>\n<meta name=\"robots\" content=\"index, follow, max-snippet:-1, max-image-preview:large, max-video-preview:-1\" \/>\n<link rel=\"canonical\" href=\"https:\/\/mr-mass.com\/?product=dy-shado-whey-hydrolysate-227kg\" \/>\n<meta property=\"og:locale\" content=\"fr_FR\" \/>\n<meta property=\"og:type\" content=\"article\" \/>\n<meta property=\"og:title\" content=\"Whey Protein Shadowhey Hydrolyzed - DY Nutrition | 2.27Kg - MR MASS\" \/>\n<meta property=\"og:description\" content=\"Prot\u00e9ine ultra-pure et assimilation rapideShadowhey Hydrolysate est une prot\u00e9ine de lactos\u00e9rum hydrolys\u00e9e avec 90% de prot\u00e9ines et une absorption rapide. Con\u00e7ue pour les athl\u00e8tes exigeants, elle apporte 23 g de prot\u00e9ines par portion, favorisant la croissance musculaire et la r\u00e9cup\u00e9ration optimis\u00e9e.Utilisation recommand\u00e9e :\u27a1 M\u00e9langez 1 dose (30 g) avec 250-300 ml d\u2019eau\u27a1 \u00c0 consommer apr\u00e8s l\u2019entra\u00eenement ou selon vos besoins en prot\u00e9ines\" \/>\n<meta property=\"og:url\" content=\"https:\/\/mr-mass.com\/?product=dy-shado-whey-hydrolysate-227kg\" \/>\n<meta property=\"og:site_name\" content=\"MR MASS\" \/>\n<meta property=\"article:modified_time\" content=\"2025-09-30T17:59:48+00:00\" \/>\n<meta property=\"og:image\" content=\"https:\/\/mr-mass.com\/wp-content\/uploads\/2025\/06\/6_507263bb-a09c-4643-966b-961430a4f088_1_1800x1800.webp\" \/>\n\t<meta property=\"og:image:width\" content=\"1800\" \/>\n\t<meta property=\"og:image:height\" content=\"1800\" \/>\n\t<meta property=\"og:image:type\" content=\"image\/webp\" \/>\n<meta name=\"twitter:card\" content=\"summary_large_image\" \/>\n<meta name=\"twitter:label1\" content=\"Dur\u00e9e de lecture estim\u00e9e\" \/>\n\t<meta name=\"twitter:data1\" content=\"2 minutes\" \/>\n<script type=\"application\/ld+json\" class=\"yoast-schema-graph\">{\"@context\":\"https:\/\/schema.org\",\"@graph\":[{\"@type\":\"WebPage\",\"@id\":\"https:\/\/mr-mass.com\/?product=dy-shado-whey-hydrolysate-227kg\",\"url\":\"https:\/\/mr-mass.com\/?product=dy-shado-whey-hydrolysate-227kg\",\"name\":\"Whey Protein Shadowhey Hydrolyzed - DY Nutrition | 2.27Kg - MR MASS\",\"isPartOf\":{\"@id\":\"https:\/\/mr-mass.com\/#website\"},\"primaryImageOfPage\":{\"@id\":\"https:\/\/mr-mass.com\/?product=dy-shado-whey-hydrolysate-227kg#primaryimage\"},\"image\":{\"@id\":\"https:\/\/mr-mass.com\/?product=dy-shado-whey-hydrolysate-227kg#primaryimage\"},\"thumbnailUrl\":\"https:\/\/mr-mass.com\/wp-content\/uploads\/2025\/06\/6_507263bb-a09c-4643-966b-961430a4f088_1_1800x1800.webp\",\"datePublished\":\"2025-06-10T08:46:54+00:00\",\"dateModified\":\"2025-09-30T17:59:48+00:00\",\"description\":\"Prot\u00e9ine ultra-pure et assimilation rapideShadowhey Hydrolysate est une prot\u00e9ine de lactos\u00e9rum hydrolys\u00e9e avec 90% de prot\u00e9ines et une absorption rapide. Con\u00e7ue pour les athl\u00e8tes exigeants, elle apporte 23 g de prot\u00e9ines par portion, favorisant la croissance musculaire et la r\u00e9cup\u00e9ration optimis\u00e9e.Utilisation recommand\u00e9e :\u27a1 M\u00e9langez 1 dose (30 g) avec 250-300 ml d\u2019eau\u27a1 \u00c0 consommer apr\u00e8s l\u2019entra\u00eenement ou selon vos besoins en prot\u00e9ines\",\"breadcrumb\":{\"@id\":\"https:\/\/mr-mass.com\/?product=dy-shado-whey-hydrolysate-227kg#breadcrumb\"},\"inLanguage\":\"fr-FR\",\"potentialAction\":[{\"@type\":\"ReadAction\",\"target\":[\"https:\/\/mr-mass.com\/?product=dy-shado-whey-hydrolysate-227kg\"]}]},{\"@type\":\"ImageObject\",\"inLanguage\":\"fr-FR\",\"@id\":\"https:\/\/mr-mass.com\/?product=dy-shado-whey-hydrolysate-227kg#primaryimage\",\"url\":\"https:\/\/mr-mass.com\/wp-content\/uploads\/2025\/06\/6_507263bb-a09c-4643-966b-961430a4f088_1_1800x1800.webp\",\"contentUrl\":\"https:\/\/mr-mass.com\/wp-content\/uploads\/2025\/06\/6_507263bb-a09c-4643-966b-961430a4f088_1_1800x1800.webp\",\"width\":1800,\"height\":1800},{\"@type\":\"BreadcrumbList\",\"@id\":\"https:\/\/mr-mass.com\/?product=dy-shado-whey-hydrolysate-227kg#breadcrumb\",\"itemListElement\":[{\"@type\":\"ListItem\",\"position\":1,\"name\":\"Home\",\"item\":\"https:\/\/mr-mass.com\/\"},{\"@type\":\"ListItem\",\"position\":2,\"name\":\"Boutique\",\"item\":\"https:\/\/mr-mass.com\/?page_id=8\"},{\"@type\":\"ListItem\",\"position\":3,\"name\":\"Whey Protein Shadowhey Hydrolyzed &#8211; DY Nutrition | 2.27Kg\"}]},{\"@type\":\"WebSite\",\"@id\":\"https:\/\/mr-mass.com\/#website\",\"url\":\"https:\/\/mr-mass.com\/\",\"name\":\"MR MASS\",\"description\":\"\",\"publisher\":{\"@id\":\"https:\/\/mr-mass.com\/#organization\"},\"potentialAction\":[{\"@type\":\"SearchAction\",\"target\":{\"@type\":\"EntryPoint\",\"urlTemplate\":\"https:\/\/mr-mass.com\/?s={search_term_string}\"},\"query-input\":{\"@type\":\"PropertyValueSpecification\",\"valueRequired\":true,\"valueName\":\"search_term_string\"}}],\"inLanguage\":\"fr-FR\"},{\"@type\":\"Organization\",\"@id\":\"https:\/\/mr-mass.com\/#organization\",\"name\":\"MR MASS\",\"url\":\"https:\/\/mr-mass.com\/\",\"logo\":{\"@type\":\"ImageObject\",\"inLanguage\":\"fr-FR\",\"@id\":\"https:\/\/mr-mass.com\/#\/schema\/logo\/image\/\",\"url\":\"https:\/\/mr-mass.com\/wp-content\/uploads\/2025\/06\/cropped-417524477_413976367821865_6357673664813295189_n-removebg-preview.png\",\"contentUrl\":\"https:\/\/mr-mass.com\/wp-content\/uploads\/2025\/06\/cropped-417524477_413976367821865_6357673664813295189_n-removebg-preview.png\",\"width\":500,\"height\":436,\"caption\":\"MR MASS\"},\"image\":{\"@id\":\"https:\/\/mr-mass.com\/#\/schema\/logo\/image\/\"}}]}<\/script>\n<!-- \/ Yoast SEO plugin. -->","yoast_head_json":{"title":"Whey Protein Shadowhey Hydrolyzed - DY Nutrition | 2.27Kg - MR MASS","description":"Prot\u00e9ine ultra-pure et assimilation rapideShadowhey Hydrolysate est une prot\u00e9ine de lactos\u00e9rum hydrolys\u00e9e avec 90% de prot\u00e9ines et une absorption rapide. Con\u00e7ue pour les athl\u00e8tes exigeants, elle apporte 23 g de prot\u00e9ines par portion, favorisant la croissance musculaire et la r\u00e9cup\u00e9ration optimis\u00e9e.Utilisation recommand\u00e9e :\u27a1 M\u00e9langez 1 dose (30 g) avec 250-300 ml d\u2019eau\u27a1 \u00c0 consommer apr\u00e8s l\u2019entra\u00eenement ou selon vos besoins en prot\u00e9ines","robots":{"index":"index","follow":"follow","max-snippet":"max-snippet:-1","max-image-preview":"max-image-preview:large","max-video-preview":"max-video-preview:-1"},"canonical":"https:\/\/mr-mass.com\/?product=dy-shado-whey-hydrolysate-227kg","og_locale":"fr_FR","og_type":"article","og_title":"Whey Protein Shadowhey Hydrolyzed - DY Nutrition | 2.27Kg - MR MASS","og_description":"Prot\u00e9ine ultra-pure et assimilation rapideShadowhey Hydrolysate est une prot\u00e9ine de lactos\u00e9rum hydrolys\u00e9e avec 90% de prot\u00e9ines et une absorption rapide. Con\u00e7ue pour les athl\u00e8tes exigeants, elle apporte 23 g de prot\u00e9ines par portion, favorisant la croissance musculaire et la r\u00e9cup\u00e9ration optimis\u00e9e.Utilisation recommand\u00e9e :\u27a1 M\u00e9langez 1 dose (30 g) avec 250-300 ml d\u2019eau\u27a1 \u00c0 consommer apr\u00e8s l\u2019entra\u00eenement ou selon vos besoins en prot\u00e9ines","og_url":"https:\/\/mr-mass.com\/?product=dy-shado-whey-hydrolysate-227kg","og_site_name":"MR MASS","article_modified_time":"2025-09-30T17:59:48+00:00","og_image":[{"width":1800,"height":1800,"url":"https:\/\/mr-mass.com\/wp-content\/uploads\/2025\/06\/6_507263bb-a09c-4643-966b-961430a4f088_1_1800x1800.webp","type":"image\/webp"}],"twitter_card":"summary_large_image","twitter_misc":{"Dur\u00e9e de lecture estim\u00e9e":"2 minutes"},"schema":{"@context":"https:\/\/schema.org","@graph":[{"@type":"WebPage","@id":"https:\/\/mr-mass.com\/?product=dy-shado-whey-hydrolysate-227kg","url":"https:\/\/mr-mass.com\/?product=dy-shado-whey-hydrolysate-227kg","name":"Whey Protein Shadowhey Hydrolyzed - DY Nutrition | 2.27Kg - MR MASS","isPartOf":{"@id":"https:\/\/mr-mass.com\/#website"},"primaryImageOfPage":{"@id":"https:\/\/mr-mass.com\/?product=dy-shado-whey-hydrolysate-227kg#primaryimage"},"image":{"@id":"https:\/\/mr-mass.com\/?product=dy-shado-whey-hydrolysate-227kg#primaryimage"},"thumbnailUrl":"https:\/\/mr-mass.com\/wp-content\/uploads\/2025\/06\/6_507263bb-a09c-4643-966b-961430a4f088_1_1800x1800.webp","datePublished":"2025-06-10T08:46:54+00:00","dateModified":"2025-09-30T17:59:48+00:00","description":"Prot\u00e9ine ultra-pure et assimilation rapideShadowhey Hydrolysate est une prot\u00e9ine de lactos\u00e9rum hydrolys\u00e9e avec 90% de prot\u00e9ines et une absorption rapide. Con\u00e7ue pour les athl\u00e8tes exigeants, elle apporte 23 g de prot\u00e9ines par portion, favorisant la croissance musculaire et la r\u00e9cup\u00e9ration optimis\u00e9e.Utilisation recommand\u00e9e :\u27a1 M\u00e9langez 1 dose (30 g) avec 250-300 ml d\u2019eau\u27a1 \u00c0 consommer apr\u00e8s l\u2019entra\u00eenement ou selon vos besoins en prot\u00e9ines","breadcrumb":{"@id":"https:\/\/mr-mass.com\/?product=dy-shado-whey-hydrolysate-227kg#breadcrumb"},"inLanguage":"fr-FR","potentialAction":[{"@type":"ReadAction","target":["https:\/\/mr-mass.com\/?product=dy-shado-whey-hydrolysate-227kg"]}]},{"@type":"ImageObject","inLanguage":"fr-FR","@id":"https:\/\/mr-mass.com\/?product=dy-shado-whey-hydrolysate-227kg#primaryimage","url":"https:\/\/mr-mass.com\/wp-content\/uploads\/2025\/06\/6_507263bb-a09c-4643-966b-961430a4f088_1_1800x1800.webp","contentUrl":"https:\/\/mr-mass.com\/wp-content\/uploads\/2025\/06\/6_507263bb-a09c-4643-966b-961430a4f088_1_1800x1800.webp","width":1800,"height":1800},{"@type":"BreadcrumbList","@id":"https:\/\/mr-mass.com\/?product=dy-shado-whey-hydrolysate-227kg#breadcrumb","itemListElement":[{"@type":"ListItem","position":1,"name":"Home","item":"https:\/\/mr-mass.com\/"},{"@type":"ListItem","position":2,"name":"Boutique","item":"https:\/\/mr-mass.com\/?page_id=8"},{"@type":"ListItem","position":3,"name":"Whey Protein Shadowhey Hydrolyzed &#8211; DY Nutrition | 2.27Kg"}]},{"@type":"WebSite","@id":"https:\/\/mr-mass.com\/#website","url":"https:\/\/mr-mass.com\/","name":"MR MASS","description":"","publisher":{"@id":"https:\/\/mr-mass.com\/#organization"},"potentialAction":[{"@type":"SearchAction","target":{"@type":"EntryPoint","urlTemplate":"https:\/\/mr-mass.com\/?s={search_term_string}"},"query-input":{"@type":"PropertyValueSpecification","valueRequired":true,"valueName":"search_term_string"}}],"inLanguage":"fr-FR"},{"@type":"Organization","@id":"https:\/\/mr-mass.com\/#organization","name":"MR MASS","url":"https:\/\/mr-mass.com\/","logo":{"@type":"ImageObject","inLanguage":"fr-FR","@id":"https:\/\/mr-mass.com\/#\/schema\/logo\/image\/","url":"https:\/\/mr-mass.com\/wp-content\/uploads\/2025\/06\/cropped-417524477_413976367821865_6357673664813295189_n-removebg-preview.png","contentUrl":"https:\/\/mr-mass.com\/wp-content\/uploads\/2025\/06\/cropped-417524477_413976367821865_6357673664813295189_n-removebg-preview.png","width":500,"height":436,"caption":"MR MASS"},"image":{"@id":"https:\/\/mr-mass.com\/#\/schema\/logo\/image\/"}}]}},"jetpack_sharing_enabled":true,"_links":{"self":[{"href":"https:\/\/mr-mass.com\/index.php?rest_route=\/wp\/v2\/product\/6583","targetHints":{"allow":["GET"]}}],"collection":[{"href":"https:\/\/mr-mass.com\/index.php?rest_route=\/wp\/v2\/product"}],"about":[{"href":"https:\/\/mr-mass.com\/index.php?rest_route=\/wp\/v2\/types\/product"}],"replies":[{"embeddable":true,"href":"https:\/\/mr-mass.com\/index.php?rest_route=%2Fwp%2Fv2%2Fcomments&post=6583"}],"wp:featuredmedia":[{"embeddable":true,"href":"https:\/\/mr-mass.com\/index.php?rest_route=\/wp\/v2\/media\/6681"}],"wp:attachment":[{"href":"https:\/\/mr-mass.com\/index.php?rest_route=%2Fwp%2Fv2%2Fmedia&parent=6583"}],"wp:term":[{"taxonomy":"product_cat","embeddable":true,"href":"https:\/\/mr-mass.com\/index.php?rest_route=%2Fwp%2Fv2%2Fproduct_cat&post=6583"},{"taxonomy":"product_tag","embeddable":true,"href":"https:\/\/mr-mass.com\/index.php?rest_route=%2Fwp%2Fv2%2Fproduct_tag&post=6583"}],"curies":[{"name":"wp","href":"https:\/\/api.w.org\/{rel}","templated":true}]}}