{"id":6584,"date":"2025-06-10T10:46:54","date_gmt":"2025-06-10T08:46:54","guid":{"rendered":"https:\/\/mr-mass.com\/?product=rule1-7-sourse-23kg"},"modified":"2025-06-26T18:04:12","modified_gmt":"2025-06-26T16:04:12","slug":"rule1-7-sourse-23kg","status":"publish","type":"product","link":"https:\/\/mr-mass.com\/?product=rule1-7-sourse-23kg","title":{"rendered":"SOURCE 7 PROTEIN &#8211; Rule 1 | 2.26 KG"},"content":{"rendered":"<h2>Les Sources de Prot\u00e9ines<\/h2>\n<ul>\n<li><strong>Whey Protein Isolate<\/strong><\/li>\n<li><strong>Whey Protein Concentrate<\/strong><\/li>\n<li><strong>Hydrolyzed Whey Protein<\/strong><\/li>\n<li><strong>Native Whey Protein Isolate<\/strong><\/li>\n<li><strong>Micellar Casein<\/strong><\/li>\n<li><strong>Milk Protein<\/strong><\/li>\n<li><strong>Isolate Pea Protein<\/strong><\/li>\n<\/ul>\n<p>Ces sources de prot\u00e9ines de haute qualit\u00e9 sont soigneusement s\u00e9lectionn\u00e9es pour leurs diff\u00e9rents taux d&rsquo;absorption, assurant ainsi une lib\u00e9ration prolong\u00e9e d&rsquo;acides amin\u00e9s dans le corps.<\/p>\n<h3>Richesse en Acides Amin\u00e9s Naturels<\/h3>\n<p><strong>Source7<\/strong>\u00a0est charg\u00e9 en\u00a0<strong>acides amin\u00e9s naturellement<\/strong>\u00a0pr\u00e9sents, offrant un spectre complet d\u2019acides amin\u00e9s\u00a0<strong>essentiels<\/strong>, conditionnellement essentiels et\u00a0<strong>non essentiels<\/strong>\u00a0:<\/p>\n<ul>\n<li>Plus de\u00a0<strong>10g<\/strong>\u00a0d\u2019acides amin\u00e9s essentiels (<strong>EAAs<\/strong>) par portion<\/li>\n<li>Plus de\u00a0<strong>7g<\/strong>\u00a0d\u2019acides amin\u00e9s conditionnellement essentiels (<strong>CEAAs<\/strong>) par portion<\/li>\n<li>Plus de\u00a0<strong>4g<\/strong>\u00a0d\u2019acides amin\u00e9s non essentiels (<strong>NEAAs<\/strong>) par portion<\/li>\n<\/ul>\n<h3>Certifi\u00e9 Informed Choice\u00ae<\/h3>\n<p>Pour les sportifs professionnels pr\u00e9occup\u00e9s par les\u00a0<strong>tests antidopage<\/strong>,\u00a0<strong>Source7<\/strong>\u00a0est\u00a0<strong>certifi\u00e9 Informed Choice\u00ae<\/strong>. Cela signifie que\u00a0chaque lot est r\u00e9guli\u00e8rement test\u00e9 pour les substances interdites par le laboratoire antidopage de classe mondiale, LGC.\u00a0Vous pouvez donc profiter des bienfaits nutritionnels de\u00a0<strong>Source7<\/strong>\u00a0en toute confiance, sachant qu&rsquo;il est exempt de substances prohib\u00e9es.<\/p>\n<p>En r\u00e9sum\u00e9,\u00a0<strong>Source7<\/strong>\u00a0Protein est un choix id\u00e9al pour les athl\u00e8tes \u00e0 la recherche d&rsquo;une prot\u00e9ine de haute qualit\u00e9, s\u00e9curis\u00e9e et efficace. Que vous cherchiez \u00e0 am\u00e9liorer votre r\u00e9cup\u00e9ration, \u00e0 augmenter votre apport en prot\u00e9ines, ou simplement \u00e0 savourer un shake d\u00e9licieux,\u00a0<strong>Source7<\/strong>\u00a0est l\u00e0 pour r\u00e9pondre \u00e0 vos besoins.<\/p>\n<h3>Comment utiliser MEGA MASS 2000 ?<\/h3>\n<p>Prenez un sachet par jour pendant 3 semaines cons\u00e9cutives. Les jours d&rsquo;entra\u00eenement, prenez-le 30 minutes avant l&rsquo;exercice. Les jours sans entra\u00eenement, prenez-le \u00e0 jeun, entre les repas. Pour de meilleurs r\u00e9sultats, suivez un cycle en prenant ce produit pendant trois semaines puis en faisant une pause d&rsquo;une semaine. Ce produit peut \u00eatre combin\u00e9 avec Animal Pak pour des r\u00e9sultats sup\u00e9rieurs. Ne d\u00e9passez pas la dose recommand\u00e9e.<\/p>\n<h4>Ingr\u00e9dients &amp; Autres Ingr\u00e9dients :<\/h4>\n<p>M\u00e9lange de Prot\u00e9ines (Concentr\u00e9 de Prot\u00e9ines de Lactos\u00e9rum, Isolat de Prot\u00e9ines de Lactos\u00e9rum, Isolat de Prot\u00e9ines de Lactos\u00e9rum Natif, Hydrolysat de Prot\u00e9ines de Lactos\u00e9rum, Cas\u00e9ine Micellaire, Isolat de Prot\u00e9ines de Lait, Prot\u00e9ine de Pois), Cacao Trait\u00e9 \u00e0 l&rsquo;Alcali, Cr\u00e9mier (Huile de Tournesol, Maltodextrine, Cas\u00e9inate de Sodium, Dioxyde de Silicium, Monoglyc\u00e9rides, Tocoph\u00e9rols M\u00e9lang\u00e9s), Ar\u00f4me Naturel et Artificiel, Gomme de Xanthane, Gomme de Cellulose, L\u00e9cithine de Soja et\/ou de Tournesol, Sel, Sucralose, Ac\u00e9sulfame Potassique.<\/p>\n<h5>Allerg\u00e8nes \/ Mises en Garde :<\/h5>\n<p>Contient du Lait et du Soja.<\/p>\n","protected":false},"excerpt":{"rendered":"<h2>Source7 Protein : S\u00e9curit\u00e9 Antidopage &#8211; Sans Gluten<\/h2>\n<p><strong>Source7<\/strong>\u00a0Protein combine\u00a0<strong>sept prot\u00e9ines de haute qualit\u00e9<\/strong>, une saveur gourmande et une texture velout\u00e9e dans un shake facile \u00e0 m\u00e9langer. Son go\u00fbt exceptionnel, inspir\u00e9 du gelato cr\u00e9meux, est enrichi de\u00a0<strong>22g de prot\u00e9ines<\/strong>\u00a0provenant de sources \u00e0\u00a0<strong>digestion rapide<\/strong>,\u00a0<strong>mod\u00e9r\u00e9e et lente<\/strong>.<\/p>\n<p><strong>Certifi\u00e9 par Informed Choice\u00ae<\/strong>,\u00a0<strong>Source7<\/strong>\u00a0est r\u00e9guli\u00e8rement\u00a0<strong>test\u00e9 pour les substances interdites par le laboratoire antidopage de classe mondiale, LGC<\/strong>.<\/p>\n<ul>\n<li>Conseil coach\u00a0:\u00a0M\u00e9langez une dose de Source7 Protein avec 180-240 ml d&rsquo;eau froide. Pour un shake plus cr\u00e9meux, utilisez du lait et des gla\u00e7ons.<\/li>\n<\/ul>\n","protected":false},"featured_media":6689,"comment_status":"open","ping_status":"closed","template":"","meta":[],"product_cat":[50],"product_tag":[],"class_list":{"0":"post-6584","1":"product","2":"type-product","3":"status-publish","4":"has-post-thumbnail","6":"product_brand-rule-one","7":"product_cat-protein","9":"first","10":"outofstock","11":"sale","12":"shipping-taxable","13":"purchasable","14":"product-type-simple"},"yoast_head":"<!-- This site is optimized with the Yoast SEO plugin v25.2 - https:\/\/yoast.com\/wordpress\/plugins\/seo\/ -->\n<title>SOURCE 7 PROTEIN - Rule 1 | 2.26 KG - MR MASS<\/title>\n<meta name=\"description\" content=\"Source7 Protein : S\u00e9curit\u00e9 Antidopage - Sans GlutenSource7 Protein combine sept prot\u00e9ines de haute qualit\u00e9, une saveur gourmande et une texture velout\u00e9e dans un shake facile \u00e0 m\u00e9langer. Son go\u00fbt exceptionnel, inspir\u00e9 du gelato cr\u00e9meux, est enrichi de 22g de prot\u00e9ines provenant de sources \u00e0 digestion rapide, mod\u00e9r\u00e9e et lente.Certifi\u00e9 par Informed Choice\u00ae, Source7 est r\u00e9guli\u00e8rement test\u00e9 pour les substances interdites par le laboratoire antidopage de classe mondiale, LGC.Conseil coach : M\u00e9langez une dose de Source7 Protein avec 180-240 ml d&#039;eau froide. Pour un shake plus cr\u00e9meux, utilisez du lait et des gla\u00e7ons.\" \/>\n<meta name=\"robots\" content=\"index, follow, max-snippet:-1, max-image-preview:large, max-video-preview:-1\" \/>\n<link rel=\"canonical\" href=\"https:\/\/mr-mass.com\/?product=rule1-7-sourse-23kg\" \/>\n<meta property=\"og:locale\" content=\"fr_FR\" \/>\n<meta property=\"og:type\" content=\"article\" \/>\n<meta property=\"og:title\" content=\"SOURCE 7 PROTEIN - Rule 1 | 2.26 KG - MR MASS\" \/>\n<meta property=\"og:description\" content=\"Source7 Protein : S\u00e9curit\u00e9 Antidopage - Sans GlutenSource7 Protein combine sept prot\u00e9ines de haute qualit\u00e9, une saveur gourmande et une texture velout\u00e9e dans un shake facile \u00e0 m\u00e9langer. Son go\u00fbt exceptionnel, inspir\u00e9 du gelato cr\u00e9meux, est enrichi de 22g de prot\u00e9ines provenant de sources \u00e0 digestion rapide, mod\u00e9r\u00e9e et lente.Certifi\u00e9 par Informed Choice\u00ae, Source7 est r\u00e9guli\u00e8rement test\u00e9 pour les substances interdites par le laboratoire antidopage de classe mondiale, LGC.Conseil coach : M\u00e9langez une dose de Source7 Protein avec 180-240 ml d&#039;eau froide. Pour un shake plus cr\u00e9meux, utilisez du lait et des gla\u00e7ons.\" \/>\n<meta property=\"og:url\" content=\"https:\/\/mr-mass.com\/?product=rule1-7-sourse-23kg\" \/>\n<meta property=\"og:site_name\" content=\"MR MASS\" \/>\n<meta property=\"article:modified_time\" content=\"2025-06-26T16:04:12+00:00\" \/>\n<meta property=\"og:image\" content=\"https:\/\/mr-mass.com\/wp-content\/uploads\/2025\/06\/source-7-protein-rule-1-226-kg.jpg\" \/>\n\t<meta property=\"og:image:width\" content=\"1000\" \/>\n\t<meta property=\"og:image:height\" content=\"1200\" \/>\n\t<meta property=\"og:image:type\" content=\"image\/jpeg\" \/>\n<meta name=\"twitter:card\" content=\"summary_large_image\" \/>\n<meta name=\"twitter:label1\" content=\"Dur\u00e9e de lecture estim\u00e9e\" \/>\n\t<meta name=\"twitter:data1\" content=\"3 minutes\" \/>\n<script type=\"application\/ld+json\" class=\"yoast-schema-graph\">{\"@context\":\"https:\/\/schema.org\",\"@graph\":[{\"@type\":\"WebPage\",\"@id\":\"https:\/\/mr-mass.com\/?product=rule1-7-sourse-23kg\",\"url\":\"https:\/\/mr-mass.com\/?product=rule1-7-sourse-23kg\",\"name\":\"SOURCE 7 PROTEIN - Rule 1 | 2.26 KG - MR MASS\",\"isPartOf\":{\"@id\":\"https:\/\/mr-mass.com\/#website\"},\"primaryImageOfPage\":{\"@id\":\"https:\/\/mr-mass.com\/?product=rule1-7-sourse-23kg#primaryimage\"},\"image\":{\"@id\":\"https:\/\/mr-mass.com\/?product=rule1-7-sourse-23kg#primaryimage\"},\"thumbnailUrl\":\"https:\/\/mr-mass.com\/wp-content\/uploads\/2025\/06\/source-7-protein-rule-1-226-kg.jpg\",\"datePublished\":\"2025-06-10T08:46:54+00:00\",\"dateModified\":\"2025-06-26T16:04:12+00:00\",\"description\":\"Source7 Protein : S\u00e9curit\u00e9 Antidopage - Sans GlutenSource7 Protein combine sept prot\u00e9ines de haute qualit\u00e9, une saveur gourmande et une texture velout\u00e9e dans un shake facile \u00e0 m\u00e9langer. Son go\u00fbt exceptionnel, inspir\u00e9 du gelato cr\u00e9meux, est enrichi de 22g de prot\u00e9ines provenant de sources \u00e0 digestion rapide, mod\u00e9r\u00e9e et lente.Certifi\u00e9 par Informed Choice\u00ae, Source7 est r\u00e9guli\u00e8rement test\u00e9 pour les substances interdites par le laboratoire antidopage de classe mondiale, LGC.Conseil coach : M\u00e9langez une dose de Source7 Protein avec 180-240 ml d'eau froide. Pour un shake plus cr\u00e9meux, utilisez du lait et des gla\u00e7ons.\",\"breadcrumb\":{\"@id\":\"https:\/\/mr-mass.com\/?product=rule1-7-sourse-23kg#breadcrumb\"},\"inLanguage\":\"fr-FR\",\"potentialAction\":[{\"@type\":\"ReadAction\",\"target\":[\"https:\/\/mr-mass.com\/?product=rule1-7-sourse-23kg\"]}]},{\"@type\":\"ImageObject\",\"inLanguage\":\"fr-FR\",\"@id\":\"https:\/\/mr-mass.com\/?product=rule1-7-sourse-23kg#primaryimage\",\"url\":\"https:\/\/mr-mass.com\/wp-content\/uploads\/2025\/06\/source-7-protein-rule-1-226-kg.jpg\",\"contentUrl\":\"https:\/\/mr-mass.com\/wp-content\/uploads\/2025\/06\/source-7-protein-rule-1-226-kg.jpg\",\"width\":1000,\"height\":1200},{\"@type\":\"BreadcrumbList\",\"@id\":\"https:\/\/mr-mass.com\/?product=rule1-7-sourse-23kg#breadcrumb\",\"itemListElement\":[{\"@type\":\"ListItem\",\"position\":1,\"name\":\"Home\",\"item\":\"https:\/\/mr-mass.com\/\"},{\"@type\":\"ListItem\",\"position\":2,\"name\":\"Boutique\",\"item\":\"https:\/\/mr-mass.com\/?page_id=8\"},{\"@type\":\"ListItem\",\"position\":3,\"name\":\"SOURCE 7 PROTEIN &#8211; Rule 1 | 2.26 KG\"}]},{\"@type\":\"WebSite\",\"@id\":\"https:\/\/mr-mass.com\/#website\",\"url\":\"https:\/\/mr-mass.com\/\",\"name\":\"MR MASS\",\"description\":\"\",\"publisher\":{\"@id\":\"https:\/\/mr-mass.com\/#organization\"},\"potentialAction\":[{\"@type\":\"SearchAction\",\"target\":{\"@type\":\"EntryPoint\",\"urlTemplate\":\"https:\/\/mr-mass.com\/?s={search_term_string}\"},\"query-input\":{\"@type\":\"PropertyValueSpecification\",\"valueRequired\":true,\"valueName\":\"search_term_string\"}}],\"inLanguage\":\"fr-FR\"},{\"@type\":\"Organization\",\"@id\":\"https:\/\/mr-mass.com\/#organization\",\"name\":\"MR MASS\",\"url\":\"https:\/\/mr-mass.com\/\",\"logo\":{\"@type\":\"ImageObject\",\"inLanguage\":\"fr-FR\",\"@id\":\"https:\/\/mr-mass.com\/#\/schema\/logo\/image\/\",\"url\":\"https:\/\/mr-mass.com\/wp-content\/uploads\/2025\/06\/cropped-417524477_413976367821865_6357673664813295189_n-removebg-preview.png\",\"contentUrl\":\"https:\/\/mr-mass.com\/wp-content\/uploads\/2025\/06\/cropped-417524477_413976367821865_6357673664813295189_n-removebg-preview.png\",\"width\":500,\"height\":436,\"caption\":\"MR MASS\"},\"image\":{\"@id\":\"https:\/\/mr-mass.com\/#\/schema\/logo\/image\/\"}}]}<\/script>\n<!-- \/ Yoast SEO plugin. -->","yoast_head_json":{"title":"SOURCE 7 PROTEIN - Rule 1 | 2.26 KG - MR MASS","description":"Source7 Protein : S\u00e9curit\u00e9 Antidopage - Sans GlutenSource7 Protein combine sept prot\u00e9ines de haute qualit\u00e9, une saveur gourmande et une texture velout\u00e9e dans un shake facile \u00e0 m\u00e9langer. Son go\u00fbt exceptionnel, inspir\u00e9 du gelato cr\u00e9meux, est enrichi de 22g de prot\u00e9ines provenant de sources \u00e0 digestion rapide, mod\u00e9r\u00e9e et lente.Certifi\u00e9 par Informed Choice\u00ae, Source7 est r\u00e9guli\u00e8rement test\u00e9 pour les substances interdites par le laboratoire antidopage de classe mondiale, LGC.Conseil coach : M\u00e9langez une dose de Source7 Protein avec 180-240 ml d'eau froide. Pour un shake plus cr\u00e9meux, utilisez du lait et des gla\u00e7ons.","robots":{"index":"index","follow":"follow","max-snippet":"max-snippet:-1","max-image-preview":"max-image-preview:large","max-video-preview":"max-video-preview:-1"},"canonical":"https:\/\/mr-mass.com\/?product=rule1-7-sourse-23kg","og_locale":"fr_FR","og_type":"article","og_title":"SOURCE 7 PROTEIN - Rule 1 | 2.26 KG - MR MASS","og_description":"Source7 Protein : S\u00e9curit\u00e9 Antidopage - Sans GlutenSource7 Protein combine sept prot\u00e9ines de haute qualit\u00e9, une saveur gourmande et une texture velout\u00e9e dans un shake facile \u00e0 m\u00e9langer. Son go\u00fbt exceptionnel, inspir\u00e9 du gelato cr\u00e9meux, est enrichi de 22g de prot\u00e9ines provenant de sources \u00e0 digestion rapide, mod\u00e9r\u00e9e et lente.Certifi\u00e9 par Informed Choice\u00ae, Source7 est r\u00e9guli\u00e8rement test\u00e9 pour les substances interdites par le laboratoire antidopage de classe mondiale, LGC.Conseil coach : M\u00e9langez une dose de Source7 Protein avec 180-240 ml d'eau froide. Pour un shake plus cr\u00e9meux, utilisez du lait et des gla\u00e7ons.","og_url":"https:\/\/mr-mass.com\/?product=rule1-7-sourse-23kg","og_site_name":"MR MASS","article_modified_time":"2025-06-26T16:04:12+00:00","og_image":[{"width":1000,"height":1200,"url":"https:\/\/mr-mass.com\/wp-content\/uploads\/2025\/06\/source-7-protein-rule-1-226-kg.jpg","type":"image\/jpeg"}],"twitter_card":"summary_large_image","twitter_misc":{"Dur\u00e9e de lecture estim\u00e9e":"3 minutes"},"schema":{"@context":"https:\/\/schema.org","@graph":[{"@type":"WebPage","@id":"https:\/\/mr-mass.com\/?product=rule1-7-sourse-23kg","url":"https:\/\/mr-mass.com\/?product=rule1-7-sourse-23kg","name":"SOURCE 7 PROTEIN - Rule 1 | 2.26 KG - MR MASS","isPartOf":{"@id":"https:\/\/mr-mass.com\/#website"},"primaryImageOfPage":{"@id":"https:\/\/mr-mass.com\/?product=rule1-7-sourse-23kg#primaryimage"},"image":{"@id":"https:\/\/mr-mass.com\/?product=rule1-7-sourse-23kg#primaryimage"},"thumbnailUrl":"https:\/\/mr-mass.com\/wp-content\/uploads\/2025\/06\/source-7-protein-rule-1-226-kg.jpg","datePublished":"2025-06-10T08:46:54+00:00","dateModified":"2025-06-26T16:04:12+00:00","description":"Source7 Protein : S\u00e9curit\u00e9 Antidopage - Sans GlutenSource7 Protein combine sept prot\u00e9ines de haute qualit\u00e9, une saveur gourmande et une texture velout\u00e9e dans un shake facile \u00e0 m\u00e9langer. Son go\u00fbt exceptionnel, inspir\u00e9 du gelato cr\u00e9meux, est enrichi de 22g de prot\u00e9ines provenant de sources \u00e0 digestion rapide, mod\u00e9r\u00e9e et lente.Certifi\u00e9 par Informed Choice\u00ae, Source7 est r\u00e9guli\u00e8rement test\u00e9 pour les substances interdites par le laboratoire antidopage de classe mondiale, LGC.Conseil coach : M\u00e9langez une dose de Source7 Protein avec 180-240 ml d'eau froide. Pour un shake plus cr\u00e9meux, utilisez du lait et des gla\u00e7ons.","breadcrumb":{"@id":"https:\/\/mr-mass.com\/?product=rule1-7-sourse-23kg#breadcrumb"},"inLanguage":"fr-FR","potentialAction":[{"@type":"ReadAction","target":["https:\/\/mr-mass.com\/?product=rule1-7-sourse-23kg"]}]},{"@type":"ImageObject","inLanguage":"fr-FR","@id":"https:\/\/mr-mass.com\/?product=rule1-7-sourse-23kg#primaryimage","url":"https:\/\/mr-mass.com\/wp-content\/uploads\/2025\/06\/source-7-protein-rule-1-226-kg.jpg","contentUrl":"https:\/\/mr-mass.com\/wp-content\/uploads\/2025\/06\/source-7-protein-rule-1-226-kg.jpg","width":1000,"height":1200},{"@type":"BreadcrumbList","@id":"https:\/\/mr-mass.com\/?product=rule1-7-sourse-23kg#breadcrumb","itemListElement":[{"@type":"ListItem","position":1,"name":"Home","item":"https:\/\/mr-mass.com\/"},{"@type":"ListItem","position":2,"name":"Boutique","item":"https:\/\/mr-mass.com\/?page_id=8"},{"@type":"ListItem","position":3,"name":"SOURCE 7 PROTEIN &#8211; Rule 1 | 2.26 KG"}]},{"@type":"WebSite","@id":"https:\/\/mr-mass.com\/#website","url":"https:\/\/mr-mass.com\/","name":"MR MASS","description":"","publisher":{"@id":"https:\/\/mr-mass.com\/#organization"},"potentialAction":[{"@type":"SearchAction","target":{"@type":"EntryPoint","urlTemplate":"https:\/\/mr-mass.com\/?s={search_term_string}"},"query-input":{"@type":"PropertyValueSpecification","valueRequired":true,"valueName":"search_term_string"}}],"inLanguage":"fr-FR"},{"@type":"Organization","@id":"https:\/\/mr-mass.com\/#organization","name":"MR MASS","url":"https:\/\/mr-mass.com\/","logo":{"@type":"ImageObject","inLanguage":"fr-FR","@id":"https:\/\/mr-mass.com\/#\/schema\/logo\/image\/","url":"https:\/\/mr-mass.com\/wp-content\/uploads\/2025\/06\/cropped-417524477_413976367821865_6357673664813295189_n-removebg-preview.png","contentUrl":"https:\/\/mr-mass.com\/wp-content\/uploads\/2025\/06\/cropped-417524477_413976367821865_6357673664813295189_n-removebg-preview.png","width":500,"height":436,"caption":"MR MASS"},"image":{"@id":"https:\/\/mr-mass.com\/#\/schema\/logo\/image\/"}}]}},"jetpack_sharing_enabled":true,"_links":{"self":[{"href":"https:\/\/mr-mass.com\/index.php?rest_route=\/wp\/v2\/product\/6584","targetHints":{"allow":["GET"]}}],"collection":[{"href":"https:\/\/mr-mass.com\/index.php?rest_route=\/wp\/v2\/product"}],"about":[{"href":"https:\/\/mr-mass.com\/index.php?rest_route=\/wp\/v2\/types\/product"}],"replies":[{"embeddable":true,"href":"https:\/\/mr-mass.com\/index.php?rest_route=%2Fwp%2Fv2%2Fcomments&post=6584"}],"wp:featuredmedia":[{"embeddable":true,"href":"https:\/\/mr-mass.com\/index.php?rest_route=\/wp\/v2\/media\/6689"}],"wp:attachment":[{"href":"https:\/\/mr-mass.com\/index.php?rest_route=%2Fwp%2Fv2%2Fmedia&parent=6584"}],"wp:term":[{"taxonomy":"product_cat","embeddable":true,"href":"https:\/\/mr-mass.com\/index.php?rest_route=%2Fwp%2Fv2%2Fproduct_cat&post=6584"},{"taxonomy":"product_tag","embeddable":true,"href":"https:\/\/mr-mass.com\/index.php?rest_route=%2Fwp%2Fv2%2Fproduct_tag&post=6584"}],"curies":[{"name":"wp","href":"https:\/\/api.w.org\/{rel}","templated":true}]}}