{"id":6586,"date":"2025-06-10T10:46:54","date_gmt":"2025-06-10T08:46:54","guid":{"rendered":"https:\/\/mr-mass.com\/?product=rule1-roar-pw-30-servings"},"modified":"2025-10-31T14:54:08","modified_gmt":"2025-10-31T13:54:08","slug":"rule1-roar-pw-30-servings","status":"publish","type":"product","link":"https:\/\/mr-mass.com\/?product=rule1-roar-pw-30-servings","title":{"rendered":"Rule 1 Roar Pre-Workout"},"content":{"rendered":"<p>Le pr\u00e9-entra\u00eenement\u00a0<strong>Rule 1 Roar<\/strong>\u00a0offre une \u00e9nergie explosive, une concentration intense, et des pompes musculaires impressionnantes. Id\u00e9al pour d\u00e9velopper la force et am\u00e9liorer l\u2019endurance, ce suppl\u00e9ment de haute qualit\u00e9 est formul\u00e9 \u00e0 base de cr\u00e9atine, citrulline et caf\u00e9ine naturelle pour vous aider \u00e0 surpasser vos limites \u00e0 chaque entra\u00eenement<\/p>\n<ul>\n<li>2g de L-Citrulline pour une meilleure circulation sanguine<\/li>\n<li>1,2g de CarnoSyn\u00ae Beta-Alanine pour combattre la fatigue musculaire<\/li>\n<li>1g de taurine et d\u2019\u00e9lectrolytes pour maintenir l\u2019hydratation et am\u00e9liorer l\u2019endurance<\/li>\n<li>175mg de caf\u00e9ine naturelle pour une \u00e9nergie sans crash<\/li>\n<li>Sans sucre, sans additifs inutiles<\/li>\n<\/ul>\n","protected":false},"excerpt":{"rendered":"<p>Le pr\u00e9-entra\u00eenement\u00a0<strong>Rule 1 Roar<\/strong>\u00a0offre une \u00e9nergie explosive, une concentration intense, et des pompes musculaires impressionnantes. Id\u00e9al pour d\u00e9velopper la force et am\u00e9liorer l\u2019endurance, ce suppl\u00e9ment de haute qualit\u00e9 est formul\u00e9 \u00e0 base de cr\u00e9atine, citrulline et caf\u00e9ine naturelle pour vous aider \u00e0 surpasser vos limites \u00e0 chaque entra\u00eenement<\/p>\n","protected":false},"featured_media":6488,"comment_status":"open","ping_status":"closed","template":"","meta":[],"product_cat":[67],"product_tag":[],"class_list":{"0":"post-6586","1":"product","2":"type-product","3":"status-publish","4":"has-post-thumbnail","6":"product_brand-rule-one","7":"product_cat-pre-workout","9":"first","10":"outofstock","11":"sale","12":"shipping-taxable","13":"purchasable","14":"product-type-simple"},"yoast_head":"<!-- This site is optimized with the Yoast SEO plugin v25.2 - https:\/\/yoast.com\/wordpress\/plugins\/seo\/ -->\n<title>Rule 1 Roar Pre-Workout - MR MASS<\/title>\n<meta name=\"description\" content=\"Le pr\u00e9-entra\u00eenement Rule 1 Roar offre une \u00e9nergie explosive, une concentration intense, et des pompes musculaires impressionnantes. Id\u00e9al pour d\u00e9velopper la force et am\u00e9liorer l\u2019endurance, ce suppl\u00e9ment de haute qualit\u00e9 est formul\u00e9 \u00e0 base de cr\u00e9atine, citrulline et caf\u00e9ine naturelle pour vous aider \u00e0 surpasser vos limites \u00e0 chaque entra\u00eenement\" \/>\n<meta name=\"robots\" content=\"index, follow, max-snippet:-1, max-image-preview:large, max-video-preview:-1\" \/>\n<link rel=\"canonical\" href=\"https:\/\/mr-mass.com\/?product=rule1-roar-pw-30-servings\" \/>\n<meta property=\"og:locale\" content=\"fr_FR\" \/>\n<meta property=\"og:type\" content=\"article\" \/>\n<meta property=\"og:title\" content=\"Rule 1 Roar Pre-Workout - MR MASS\" \/>\n<meta property=\"og:description\" content=\"Le pr\u00e9-entra\u00eenement Rule 1 Roar offre une \u00e9nergie explosive, une concentration intense, et des pompes musculaires impressionnantes. Id\u00e9al pour d\u00e9velopper la force et am\u00e9liorer l\u2019endurance, ce suppl\u00e9ment de haute qualit\u00e9 est formul\u00e9 \u00e0 base de cr\u00e9atine, citrulline et caf\u00e9ine naturelle pour vous aider \u00e0 surpasser vos limites \u00e0 chaque entra\u00eenement\" \/>\n<meta property=\"og:url\" content=\"https:\/\/mr-mass.com\/?product=rule1-roar-pw-30-servings\" \/>\n<meta property=\"og:site_name\" content=\"MR MASS\" \/>\n<meta property=\"article:modified_time\" content=\"2025-10-31T13:54:08+00:00\" \/>\n<meta property=\"og:image\" content=\"https:\/\/mr-mass.com\/wp-content\/uploads\/2025\/06\/Roar-Rule-One-Pre-Workout-1-1.webp\" \/>\n\t<meta property=\"og:image:width\" content=\"500\" \/>\n\t<meta property=\"og:image:height\" content=\"500\" \/>\n\t<meta property=\"og:image:type\" content=\"image\/webp\" \/>\n<meta name=\"twitter:card\" content=\"summary_large_image\" \/>\n<meta name=\"twitter:label1\" content=\"Dur\u00e9e de lecture estim\u00e9e\" \/>\n\t<meta name=\"twitter:data1\" content=\"1 minute\" \/>\n<script type=\"application\/ld+json\" class=\"yoast-schema-graph\">{\"@context\":\"https:\/\/schema.org\",\"@graph\":[{\"@type\":\"WebPage\",\"@id\":\"https:\/\/mr-mass.com\/?product=rule1-roar-pw-30-servings\",\"url\":\"https:\/\/mr-mass.com\/?product=rule1-roar-pw-30-servings\",\"name\":\"Rule 1 Roar Pre-Workout - MR MASS\",\"isPartOf\":{\"@id\":\"https:\/\/mr-mass.com\/#website\"},\"primaryImageOfPage\":{\"@id\":\"https:\/\/mr-mass.com\/?product=rule1-roar-pw-30-servings#primaryimage\"},\"image\":{\"@id\":\"https:\/\/mr-mass.com\/?product=rule1-roar-pw-30-servings#primaryimage\"},\"thumbnailUrl\":\"https:\/\/mr-mass.com\/wp-content\/uploads\/2025\/06\/Roar-Rule-One-Pre-Workout-1-1.webp\",\"datePublished\":\"2025-06-10T08:46:54+00:00\",\"dateModified\":\"2025-10-31T13:54:08+00:00\",\"description\":\"Le pr\u00e9-entra\u00eenement Rule 1 Roar offre une \u00e9nergie explosive, une concentration intense, et des pompes musculaires impressionnantes. Id\u00e9al pour d\u00e9velopper la force et am\u00e9liorer l\u2019endurance, ce suppl\u00e9ment de haute qualit\u00e9 est formul\u00e9 \u00e0 base de cr\u00e9atine, citrulline et caf\u00e9ine naturelle pour vous aider \u00e0 surpasser vos limites \u00e0 chaque entra\u00eenement\",\"breadcrumb\":{\"@id\":\"https:\/\/mr-mass.com\/?product=rule1-roar-pw-30-servings#breadcrumb\"},\"inLanguage\":\"fr-FR\",\"potentialAction\":[{\"@type\":\"ReadAction\",\"target\":[\"https:\/\/mr-mass.com\/?product=rule1-roar-pw-30-servings\"]}]},{\"@type\":\"ImageObject\",\"inLanguage\":\"fr-FR\",\"@id\":\"https:\/\/mr-mass.com\/?product=rule1-roar-pw-30-servings#primaryimage\",\"url\":\"https:\/\/mr-mass.com\/wp-content\/uploads\/2025\/06\/Roar-Rule-One-Pre-Workout-1-1.webp\",\"contentUrl\":\"https:\/\/mr-mass.com\/wp-content\/uploads\/2025\/06\/Roar-Rule-One-Pre-Workout-1-1.webp\",\"width\":500,\"height\":500},{\"@type\":\"BreadcrumbList\",\"@id\":\"https:\/\/mr-mass.com\/?product=rule1-roar-pw-30-servings#breadcrumb\",\"itemListElement\":[{\"@type\":\"ListItem\",\"position\":1,\"name\":\"Home\",\"item\":\"https:\/\/mr-mass.com\/\"},{\"@type\":\"ListItem\",\"position\":2,\"name\":\"Boutique\",\"item\":\"https:\/\/mr-mass.com\/?page_id=8\"},{\"@type\":\"ListItem\",\"position\":3,\"name\":\"Rule 1 Roar Pre-Workout\"}]},{\"@type\":\"WebSite\",\"@id\":\"https:\/\/mr-mass.com\/#website\",\"url\":\"https:\/\/mr-mass.com\/\",\"name\":\"MR MASS\",\"description\":\"\",\"publisher\":{\"@id\":\"https:\/\/mr-mass.com\/#organization\"},\"potentialAction\":[{\"@type\":\"SearchAction\",\"target\":{\"@type\":\"EntryPoint\",\"urlTemplate\":\"https:\/\/mr-mass.com\/?s={search_term_string}\"},\"query-input\":{\"@type\":\"PropertyValueSpecification\",\"valueRequired\":true,\"valueName\":\"search_term_string\"}}],\"inLanguage\":\"fr-FR\"},{\"@type\":\"Organization\",\"@id\":\"https:\/\/mr-mass.com\/#organization\",\"name\":\"MR MASS\",\"url\":\"https:\/\/mr-mass.com\/\",\"logo\":{\"@type\":\"ImageObject\",\"inLanguage\":\"fr-FR\",\"@id\":\"https:\/\/mr-mass.com\/#\/schema\/logo\/image\/\",\"url\":\"https:\/\/mr-mass.com\/wp-content\/uploads\/2025\/06\/cropped-417524477_413976367821865_6357673664813295189_n-removebg-preview.png\",\"contentUrl\":\"https:\/\/mr-mass.com\/wp-content\/uploads\/2025\/06\/cropped-417524477_413976367821865_6357673664813295189_n-removebg-preview.png\",\"width\":500,\"height\":436,\"caption\":\"MR MASS\"},\"image\":{\"@id\":\"https:\/\/mr-mass.com\/#\/schema\/logo\/image\/\"}}]}<\/script>\n<!-- \/ Yoast SEO plugin. -->","yoast_head_json":{"title":"Rule 1 Roar Pre-Workout - MR MASS","description":"Le pr\u00e9-entra\u00eenement Rule 1 Roar offre une \u00e9nergie explosive, une concentration intense, et des pompes musculaires impressionnantes. Id\u00e9al pour d\u00e9velopper la force et am\u00e9liorer l\u2019endurance, ce suppl\u00e9ment de haute qualit\u00e9 est formul\u00e9 \u00e0 base de cr\u00e9atine, citrulline et caf\u00e9ine naturelle pour vous aider \u00e0 surpasser vos limites \u00e0 chaque entra\u00eenement","robots":{"index":"index","follow":"follow","max-snippet":"max-snippet:-1","max-image-preview":"max-image-preview:large","max-video-preview":"max-video-preview:-1"},"canonical":"https:\/\/mr-mass.com\/?product=rule1-roar-pw-30-servings","og_locale":"fr_FR","og_type":"article","og_title":"Rule 1 Roar Pre-Workout - MR MASS","og_description":"Le pr\u00e9-entra\u00eenement Rule 1 Roar offre une \u00e9nergie explosive, une concentration intense, et des pompes musculaires impressionnantes. Id\u00e9al pour d\u00e9velopper la force et am\u00e9liorer l\u2019endurance, ce suppl\u00e9ment de haute qualit\u00e9 est formul\u00e9 \u00e0 base de cr\u00e9atine, citrulline et caf\u00e9ine naturelle pour vous aider \u00e0 surpasser vos limites \u00e0 chaque entra\u00eenement","og_url":"https:\/\/mr-mass.com\/?product=rule1-roar-pw-30-servings","og_site_name":"MR MASS","article_modified_time":"2025-10-31T13:54:08+00:00","og_image":[{"width":500,"height":500,"url":"https:\/\/mr-mass.com\/wp-content\/uploads\/2025\/06\/Roar-Rule-One-Pre-Workout-1-1.webp","type":"image\/webp"}],"twitter_card":"summary_large_image","twitter_misc":{"Dur\u00e9e de lecture estim\u00e9e":"1 minute"},"schema":{"@context":"https:\/\/schema.org","@graph":[{"@type":"WebPage","@id":"https:\/\/mr-mass.com\/?product=rule1-roar-pw-30-servings","url":"https:\/\/mr-mass.com\/?product=rule1-roar-pw-30-servings","name":"Rule 1 Roar Pre-Workout - MR MASS","isPartOf":{"@id":"https:\/\/mr-mass.com\/#website"},"primaryImageOfPage":{"@id":"https:\/\/mr-mass.com\/?product=rule1-roar-pw-30-servings#primaryimage"},"image":{"@id":"https:\/\/mr-mass.com\/?product=rule1-roar-pw-30-servings#primaryimage"},"thumbnailUrl":"https:\/\/mr-mass.com\/wp-content\/uploads\/2025\/06\/Roar-Rule-One-Pre-Workout-1-1.webp","datePublished":"2025-06-10T08:46:54+00:00","dateModified":"2025-10-31T13:54:08+00:00","description":"Le pr\u00e9-entra\u00eenement Rule 1 Roar offre une \u00e9nergie explosive, une concentration intense, et des pompes musculaires impressionnantes. Id\u00e9al pour d\u00e9velopper la force et am\u00e9liorer l\u2019endurance, ce suppl\u00e9ment de haute qualit\u00e9 est formul\u00e9 \u00e0 base de cr\u00e9atine, citrulline et caf\u00e9ine naturelle pour vous aider \u00e0 surpasser vos limites \u00e0 chaque entra\u00eenement","breadcrumb":{"@id":"https:\/\/mr-mass.com\/?product=rule1-roar-pw-30-servings#breadcrumb"},"inLanguage":"fr-FR","potentialAction":[{"@type":"ReadAction","target":["https:\/\/mr-mass.com\/?product=rule1-roar-pw-30-servings"]}]},{"@type":"ImageObject","inLanguage":"fr-FR","@id":"https:\/\/mr-mass.com\/?product=rule1-roar-pw-30-servings#primaryimage","url":"https:\/\/mr-mass.com\/wp-content\/uploads\/2025\/06\/Roar-Rule-One-Pre-Workout-1-1.webp","contentUrl":"https:\/\/mr-mass.com\/wp-content\/uploads\/2025\/06\/Roar-Rule-One-Pre-Workout-1-1.webp","width":500,"height":500},{"@type":"BreadcrumbList","@id":"https:\/\/mr-mass.com\/?product=rule1-roar-pw-30-servings#breadcrumb","itemListElement":[{"@type":"ListItem","position":1,"name":"Home","item":"https:\/\/mr-mass.com\/"},{"@type":"ListItem","position":2,"name":"Boutique","item":"https:\/\/mr-mass.com\/?page_id=8"},{"@type":"ListItem","position":3,"name":"Rule 1 Roar Pre-Workout"}]},{"@type":"WebSite","@id":"https:\/\/mr-mass.com\/#website","url":"https:\/\/mr-mass.com\/","name":"MR MASS","description":"","publisher":{"@id":"https:\/\/mr-mass.com\/#organization"},"potentialAction":[{"@type":"SearchAction","target":{"@type":"EntryPoint","urlTemplate":"https:\/\/mr-mass.com\/?s={search_term_string}"},"query-input":{"@type":"PropertyValueSpecification","valueRequired":true,"valueName":"search_term_string"}}],"inLanguage":"fr-FR"},{"@type":"Organization","@id":"https:\/\/mr-mass.com\/#organization","name":"MR MASS","url":"https:\/\/mr-mass.com\/","logo":{"@type":"ImageObject","inLanguage":"fr-FR","@id":"https:\/\/mr-mass.com\/#\/schema\/logo\/image\/","url":"https:\/\/mr-mass.com\/wp-content\/uploads\/2025\/06\/cropped-417524477_413976367821865_6357673664813295189_n-removebg-preview.png","contentUrl":"https:\/\/mr-mass.com\/wp-content\/uploads\/2025\/06\/cropped-417524477_413976367821865_6357673664813295189_n-removebg-preview.png","width":500,"height":436,"caption":"MR MASS"},"image":{"@id":"https:\/\/mr-mass.com\/#\/schema\/logo\/image\/"}}]}},"jetpack_sharing_enabled":true,"_links":{"self":[{"href":"https:\/\/mr-mass.com\/index.php?rest_route=\/wp\/v2\/product\/6586","targetHints":{"allow":["GET"]}}],"collection":[{"href":"https:\/\/mr-mass.com\/index.php?rest_route=\/wp\/v2\/product"}],"about":[{"href":"https:\/\/mr-mass.com\/index.php?rest_route=\/wp\/v2\/types\/product"}],"replies":[{"embeddable":true,"href":"https:\/\/mr-mass.com\/index.php?rest_route=%2Fwp%2Fv2%2Fcomments&post=6586"}],"wp:featuredmedia":[{"embeddable":true,"href":"https:\/\/mr-mass.com\/index.php?rest_route=\/wp\/v2\/media\/6488"}],"wp:attachment":[{"href":"https:\/\/mr-mass.com\/index.php?rest_route=%2Fwp%2Fv2%2Fmedia&parent=6586"}],"wp:term":[{"taxonomy":"product_cat","embeddable":true,"href":"https:\/\/mr-mass.com\/index.php?rest_route=%2Fwp%2Fv2%2Fproduct_cat&post=6586"},{"taxonomy":"product_tag","embeddable":true,"href":"https:\/\/mr-mass.com\/index.php?rest_route=%2Fwp%2Fv2%2Fproduct_tag&post=6586"}],"curies":[{"name":"wp","href":"https:\/\/api.w.org\/{rel}","templated":true}]}}