{"id":6587,"date":"2025-06-10T10:46:55","date_gmt":"2025-06-10T08:46:55","guid":{"rendered":"https:\/\/mr-mass.com\/?product=rule1-pw-prelift"},"modified":"2025-10-31T14:53:26","modified_gmt":"2025-10-31T13:53:26","slug":"rule1-pw-prelift","status":"publish","type":"product","link":"https:\/\/mr-mass.com\/?product=rule1-pw-prelift","title":{"rendered":"Rule 1 Pre lift 30serv"},"content":{"rendered":"<div class=\"wd-negative-gap elementor-element elementor-element-c6e98cb wd-section-stretch e-flex e-con-boxed e-con e-parent e-lazyloaded\" data-id=\"c6e98cb\" data-element_type=\"container\">\n<div class=\"e-con-inner\">\n<div class=\"elementor-element elementor-element-49ff3ecb wd-single-tabs wd-width-100 elementor-widget elementor-widget-wd_single_product_tabs\" data-id=\"49ff3ecb\" data-element_type=\"widget\" data-widget_type=\"wd_single_product_tabs.default\">\n<div class=\"elementor-widget-container\">\n<div class=\"woocommerce-tabs wc-tabs-wrapper\" data-state=\"first\" data-layout=\"tabs\">\n<div class=\"wd-nav-wrapper wd-nav-tabs-wrapper text-center\">\n<ul class=\"wd-nav wd-nav-tabs wd-icon-pos-left tabs wc-tabs wd-style-underline\" role=\"tablist\">\n<li id=\"tab-title-description\" class=\"description_tab active\" role=\"presentation\" aria-controls=\"tab-description\"><a class=\"wd-nav-link\" tabindex=\"0\" role=\"tab\" href=\"https:\/\/sf-nutrition.tn\/rule-1-pre-lift-30serv-copie\/#tab-description\" aria-selected=\"true\"><span class=\"nav-link-text wd-tabs-title\">Description<\/span><\/a><\/li>\n<\/ul>\n<\/div>\n<div id=\"tab-description\" class=\"woocommerce-Tabs-panel panel entry-content wc-tab woocommerce-Tabs-panel--description\" role=\"tabpanel\" aria-labelledby=\"tab-title-description\" data-accordion-index=\"description\">\n<div class=\"txt small-h\">\n<p><strong>Rule 1 Pre Lift \u2013 30 servings<\/strong>\u00a0est un compl\u00e9ment pr\u00e9-entra\u00eenement avanc\u00e9, formul\u00e9 pour soutenir les athl\u00e8tes et les passionn\u00e9s de fitness dans leur qu\u00eate de performance maximale. Enrichi en ingr\u00e9dients cliniquement \u00e9tudi\u00e9s, il offre un soutien \u00e9nerg\u00e9tique prolong\u00e9, am\u00e9liore l\u2019endurance et la vigilance mentale, et favorise une meilleure r\u00e9cup\u00e9ration musculaire.<\/p>\n<h2>Caract\u00e9ristiques du Pre Lift<\/h2>\n<p>Pre Lift se compose d\u2019un m\u00e9lange puissant d\u2019ingr\u00e9dients, incluant de la caf\u00e9ine pour un coup de fouet \u00e9nerg\u00e9tique, de la beta-alanine pour retarder la fatigue musculaire, et de la citrulline malate pour am\u00e9liorer la circulation sanguine et les performances.<\/p>\n<ul>\n<li>300 mg de caf\u00e9ine par portion<\/li>\n<li>6 g de citrulline malate<\/li>\n<li>3.2 g de beta-alanine CarnoSyn\u00ae<\/li>\n<li>1 g de cr\u00e9atine HCl<\/li>\n<li>Ingr\u00e9dients brevet\u00e9s comme Senactiv\u00ae et Alpha-GPC<\/li>\n<\/ul>\n<h2>Ce qu\u2019il a de plus que les autres pr\u00e9-entra\u00eenements<\/h2>\n<ul>\n<li>Formulation compl\u00e8te avec 25 ingr\u00e9dients actifs<\/li>\n<li>Utilisation d\u2019ingr\u00e9dients brevet\u00e9s pour une efficacit\u00e9 maximale<\/li>\n<li>Saveurs vari\u00e9es et rafra\u00eechissantes<\/li>\n<\/ul>\n<h2>L\u2019avis des experts sur Pre Lift<\/h2>\n<p>Pre Lift de Rule 1 est particuli\u00e8rement appr\u00e9ci\u00e9 pour sa capacit\u00e9 \u00e0 fournir une \u00e9nergie durable et une am\u00e9lioration notable des performances physiques et mentales. Les utilisateurs rapportent une meilleure concentration, une r\u00e9duction de la fatigue et une augmentation de l\u2019endurance\u200b:citation[oaicite:0]{index=0}\u200b .<\/p>\n<h2>Ingr\u00e9dients du Pre Lift<\/h2>\n<p>Pre Lift contient principalement de la caf\u00e9ine, de la beta-alanine, de la citrulline malate, de la cr\u00e9atine HCl, et des compos\u00e9s brevet\u00e9s comme Senactiv\u00ae et Alpha-GPC, ainsi que des ar\u00f4mes naturels et des \u00e9dulcorants pour un go\u00fbt agr\u00e9able.<\/p>\n<\/div>\n<div class=\"txt small-h mt-4\">\n<h2>Comment utiliser Pre Lift ?<\/h2>\n<div class=\"wrap\">\n<p>M\u00e9langez 1 dose (14 g) dans un shaker avec environ 250-300 ml d\u2019eau. Consommez 20-30 minutes avant l\u2019entra\u00eenement.<\/p>\n<h2>Quand utiliser Pre Lift?<\/h2>\n<p>Utilisez Pre Lift avant vos s\u00e9ances d\u2019entra\u00eenement pour maximiser l\u2019\u00e9nergie, l\u2019endurance et la concentration mentale.<\/p>\n<\/div>\n<\/div>\n<\/div>\n<\/div>\n<\/div>\n<\/div>\n<\/div>\n<\/div>\n","protected":false},"excerpt":{"rendered":"<p>D\u00e9couvrez Rule 1 Pre Lift 30 servings, un pr\u00e9-entra\u00eenement de pointe con\u00e7u pour maximiser votre performance. Avec 300 mg de caf\u00e9ine et une formule riche en ingr\u00e9dients brevet\u00e9s comme CarnoSyn\u00ae et Senactiv\u00ae, ce suppl\u00e9ment vous aide \u00e0 vous surpasser \u00e0 chaque s\u00e9ance. Disponible en saveurs rafra\u00eechissantes comme Acai Berry et Blue Raspberry.<\/p>\n","protected":false},"featured_media":6725,"comment_status":"open","ping_status":"closed","template":"","meta":[],"product_cat":[38,67],"product_tag":[],"class_list":{"0":"post-6587","1":"product","2":"type-product","3":"status-publish","4":"has-post-thumbnail","6":"product_brand-rule-one","7":"product_cat-endurance-energy","8":"product_cat-pre-workout","10":"first","11":"outofstock","12":"sale","13":"shipping-taxable","14":"purchasable","15":"product-type-simple"},"yoast_head":"<!-- This site is optimized with the Yoast SEO plugin v25.2 - https:\/\/yoast.com\/wordpress\/plugins\/seo\/ -->\n<title>Rule 1 Pre lift 30serv - MR MASS<\/title>\n<meta name=\"description\" content=\"D\u00e9couvrez Rule 1 Pre Lift 30 servings, un pr\u00e9-entra\u00eenement de pointe con\u00e7u pour maximiser votre performance. Avec 300 mg de caf\u00e9ine et une formule riche en ingr\u00e9dients brevet\u00e9s comme CarnoSyn\u00ae et Senactiv\u00ae, ce suppl\u00e9ment vous aide \u00e0 vous surpasser \u00e0 chaque s\u00e9ance. Disponible en saveurs rafra\u00eechissantes comme Acai Berry et Blue Raspberry.\" \/>\n<meta name=\"robots\" content=\"index, follow, max-snippet:-1, max-image-preview:large, max-video-preview:-1\" \/>\n<link rel=\"canonical\" href=\"https:\/\/mr-mass.com\/?product=rule1-pw-prelift\" \/>\n<meta property=\"og:locale\" content=\"fr_FR\" \/>\n<meta property=\"og:type\" content=\"article\" \/>\n<meta property=\"og:title\" content=\"Rule 1 Pre lift 30serv - MR MASS\" \/>\n<meta property=\"og:description\" content=\"D\u00e9couvrez Rule 1 Pre Lift 30 servings, un pr\u00e9-entra\u00eenement de pointe con\u00e7u pour maximiser votre performance. Avec 300 mg de caf\u00e9ine et une formule riche en ingr\u00e9dients brevet\u00e9s comme CarnoSyn\u00ae et Senactiv\u00ae, ce suppl\u00e9ment vous aide \u00e0 vous surpasser \u00e0 chaque s\u00e9ance. Disponible en saveurs rafra\u00eechissantes comme Acai Berry et Blue Raspberry.\" \/>\n<meta property=\"og:url\" content=\"https:\/\/mr-mass.com\/?product=rule1-pw-prelift\" \/>\n<meta property=\"og:site_name\" content=\"MR MASS\" \/>\n<meta property=\"article:modified_time\" content=\"2025-10-31T13:53:26+00:00\" \/>\n<meta property=\"og:image\" content=\"https:\/\/mr-mass.com\/wp-content\/uploads\/2025\/06\/Rule-Pre-lift-orangepineapple.webp\" \/>\n\t<meta property=\"og:image:width\" content=\"600\" \/>\n\t<meta property=\"og:image:height\" content=\"800\" \/>\n\t<meta property=\"og:image:type\" content=\"image\/webp\" \/>\n<meta name=\"twitter:card\" content=\"summary_large_image\" \/>\n<meta name=\"twitter:label1\" content=\"Dur\u00e9e de lecture estim\u00e9e\" \/>\n\t<meta name=\"twitter:data1\" content=\"2 minutes\" \/>\n<script type=\"application\/ld+json\" class=\"yoast-schema-graph\">{\"@context\":\"https:\/\/schema.org\",\"@graph\":[{\"@type\":\"WebPage\",\"@id\":\"https:\/\/mr-mass.com\/?product=rule1-pw-prelift\",\"url\":\"https:\/\/mr-mass.com\/?product=rule1-pw-prelift\",\"name\":\"Rule 1 Pre lift 30serv - MR MASS\",\"isPartOf\":{\"@id\":\"https:\/\/mr-mass.com\/#website\"},\"primaryImageOfPage\":{\"@id\":\"https:\/\/mr-mass.com\/?product=rule1-pw-prelift#primaryimage\"},\"image\":{\"@id\":\"https:\/\/mr-mass.com\/?product=rule1-pw-prelift#primaryimage\"},\"thumbnailUrl\":\"https:\/\/mr-mass.com\/wp-content\/uploads\/2025\/06\/Rule-Pre-lift-orangepineapple.webp\",\"datePublished\":\"2025-06-10T08:46:55+00:00\",\"dateModified\":\"2025-10-31T13:53:26+00:00\",\"description\":\"D\u00e9couvrez Rule 1 Pre Lift 30 servings, un pr\u00e9-entra\u00eenement de pointe con\u00e7u pour maximiser votre performance. Avec 300 mg de caf\u00e9ine et une formule riche en ingr\u00e9dients brevet\u00e9s comme CarnoSyn\u00ae et Senactiv\u00ae, ce suppl\u00e9ment vous aide \u00e0 vous surpasser \u00e0 chaque s\u00e9ance. Disponible en saveurs rafra\u00eechissantes comme Acai Berry et Blue Raspberry.\",\"breadcrumb\":{\"@id\":\"https:\/\/mr-mass.com\/?product=rule1-pw-prelift#breadcrumb\"},\"inLanguage\":\"fr-FR\",\"potentialAction\":[{\"@type\":\"ReadAction\",\"target\":[\"https:\/\/mr-mass.com\/?product=rule1-pw-prelift\"]}]},{\"@type\":\"ImageObject\",\"inLanguage\":\"fr-FR\",\"@id\":\"https:\/\/mr-mass.com\/?product=rule1-pw-prelift#primaryimage\",\"url\":\"https:\/\/mr-mass.com\/wp-content\/uploads\/2025\/06\/Rule-Pre-lift-orangepineapple.webp\",\"contentUrl\":\"https:\/\/mr-mass.com\/wp-content\/uploads\/2025\/06\/Rule-Pre-lift-orangepineapple.webp\",\"width\":600,\"height\":800},{\"@type\":\"BreadcrumbList\",\"@id\":\"https:\/\/mr-mass.com\/?product=rule1-pw-prelift#breadcrumb\",\"itemListElement\":[{\"@type\":\"ListItem\",\"position\":1,\"name\":\"Home\",\"item\":\"https:\/\/mr-mass.com\/\"},{\"@type\":\"ListItem\",\"position\":2,\"name\":\"Boutique\",\"item\":\"https:\/\/mr-mass.com\/?page_id=8\"},{\"@type\":\"ListItem\",\"position\":3,\"name\":\"Rule 1 Pre lift 30serv\"}]},{\"@type\":\"WebSite\",\"@id\":\"https:\/\/mr-mass.com\/#website\",\"url\":\"https:\/\/mr-mass.com\/\",\"name\":\"MR MASS\",\"description\":\"\",\"publisher\":{\"@id\":\"https:\/\/mr-mass.com\/#organization\"},\"potentialAction\":[{\"@type\":\"SearchAction\",\"target\":{\"@type\":\"EntryPoint\",\"urlTemplate\":\"https:\/\/mr-mass.com\/?s={search_term_string}\"},\"query-input\":{\"@type\":\"PropertyValueSpecification\",\"valueRequired\":true,\"valueName\":\"search_term_string\"}}],\"inLanguage\":\"fr-FR\"},{\"@type\":\"Organization\",\"@id\":\"https:\/\/mr-mass.com\/#organization\",\"name\":\"MR MASS\",\"url\":\"https:\/\/mr-mass.com\/\",\"logo\":{\"@type\":\"ImageObject\",\"inLanguage\":\"fr-FR\",\"@id\":\"https:\/\/mr-mass.com\/#\/schema\/logo\/image\/\",\"url\":\"https:\/\/mr-mass.com\/wp-content\/uploads\/2025\/06\/cropped-417524477_413976367821865_6357673664813295189_n-removebg-preview.png\",\"contentUrl\":\"https:\/\/mr-mass.com\/wp-content\/uploads\/2025\/06\/cropped-417524477_413976367821865_6357673664813295189_n-removebg-preview.png\",\"width\":500,\"height\":436,\"caption\":\"MR MASS\"},\"image\":{\"@id\":\"https:\/\/mr-mass.com\/#\/schema\/logo\/image\/\"}}]}<\/script>\n<!-- \/ Yoast SEO plugin. -->","yoast_head_json":{"title":"Rule 1 Pre lift 30serv - MR MASS","description":"D\u00e9couvrez Rule 1 Pre Lift 30 servings, un pr\u00e9-entra\u00eenement de pointe con\u00e7u pour maximiser votre performance. Avec 300 mg de caf\u00e9ine et une formule riche en ingr\u00e9dients brevet\u00e9s comme CarnoSyn\u00ae et Senactiv\u00ae, ce suppl\u00e9ment vous aide \u00e0 vous surpasser \u00e0 chaque s\u00e9ance. Disponible en saveurs rafra\u00eechissantes comme Acai Berry et Blue Raspberry.","robots":{"index":"index","follow":"follow","max-snippet":"max-snippet:-1","max-image-preview":"max-image-preview:large","max-video-preview":"max-video-preview:-1"},"canonical":"https:\/\/mr-mass.com\/?product=rule1-pw-prelift","og_locale":"fr_FR","og_type":"article","og_title":"Rule 1 Pre lift 30serv - MR MASS","og_description":"D\u00e9couvrez Rule 1 Pre Lift 30 servings, un pr\u00e9-entra\u00eenement de pointe con\u00e7u pour maximiser votre performance. Avec 300 mg de caf\u00e9ine et une formule riche en ingr\u00e9dients brevet\u00e9s comme CarnoSyn\u00ae et Senactiv\u00ae, ce suppl\u00e9ment vous aide \u00e0 vous surpasser \u00e0 chaque s\u00e9ance. Disponible en saveurs rafra\u00eechissantes comme Acai Berry et Blue Raspberry.","og_url":"https:\/\/mr-mass.com\/?product=rule1-pw-prelift","og_site_name":"MR MASS","article_modified_time":"2025-10-31T13:53:26+00:00","og_image":[{"width":600,"height":800,"url":"https:\/\/mr-mass.com\/wp-content\/uploads\/2025\/06\/Rule-Pre-lift-orangepineapple.webp","type":"image\/webp"}],"twitter_card":"summary_large_image","twitter_misc":{"Dur\u00e9e de lecture estim\u00e9e":"2 minutes"},"schema":{"@context":"https:\/\/schema.org","@graph":[{"@type":"WebPage","@id":"https:\/\/mr-mass.com\/?product=rule1-pw-prelift","url":"https:\/\/mr-mass.com\/?product=rule1-pw-prelift","name":"Rule 1 Pre lift 30serv - MR MASS","isPartOf":{"@id":"https:\/\/mr-mass.com\/#website"},"primaryImageOfPage":{"@id":"https:\/\/mr-mass.com\/?product=rule1-pw-prelift#primaryimage"},"image":{"@id":"https:\/\/mr-mass.com\/?product=rule1-pw-prelift#primaryimage"},"thumbnailUrl":"https:\/\/mr-mass.com\/wp-content\/uploads\/2025\/06\/Rule-Pre-lift-orangepineapple.webp","datePublished":"2025-06-10T08:46:55+00:00","dateModified":"2025-10-31T13:53:26+00:00","description":"D\u00e9couvrez Rule 1 Pre Lift 30 servings, un pr\u00e9-entra\u00eenement de pointe con\u00e7u pour maximiser votre performance. Avec 300 mg de caf\u00e9ine et une formule riche en ingr\u00e9dients brevet\u00e9s comme CarnoSyn\u00ae et Senactiv\u00ae, ce suppl\u00e9ment vous aide \u00e0 vous surpasser \u00e0 chaque s\u00e9ance. Disponible en saveurs rafra\u00eechissantes comme Acai Berry et Blue Raspberry.","breadcrumb":{"@id":"https:\/\/mr-mass.com\/?product=rule1-pw-prelift#breadcrumb"},"inLanguage":"fr-FR","potentialAction":[{"@type":"ReadAction","target":["https:\/\/mr-mass.com\/?product=rule1-pw-prelift"]}]},{"@type":"ImageObject","inLanguage":"fr-FR","@id":"https:\/\/mr-mass.com\/?product=rule1-pw-prelift#primaryimage","url":"https:\/\/mr-mass.com\/wp-content\/uploads\/2025\/06\/Rule-Pre-lift-orangepineapple.webp","contentUrl":"https:\/\/mr-mass.com\/wp-content\/uploads\/2025\/06\/Rule-Pre-lift-orangepineapple.webp","width":600,"height":800},{"@type":"BreadcrumbList","@id":"https:\/\/mr-mass.com\/?product=rule1-pw-prelift#breadcrumb","itemListElement":[{"@type":"ListItem","position":1,"name":"Home","item":"https:\/\/mr-mass.com\/"},{"@type":"ListItem","position":2,"name":"Boutique","item":"https:\/\/mr-mass.com\/?page_id=8"},{"@type":"ListItem","position":3,"name":"Rule 1 Pre lift 30serv"}]},{"@type":"WebSite","@id":"https:\/\/mr-mass.com\/#website","url":"https:\/\/mr-mass.com\/","name":"MR MASS","description":"","publisher":{"@id":"https:\/\/mr-mass.com\/#organization"},"potentialAction":[{"@type":"SearchAction","target":{"@type":"EntryPoint","urlTemplate":"https:\/\/mr-mass.com\/?s={search_term_string}"},"query-input":{"@type":"PropertyValueSpecification","valueRequired":true,"valueName":"search_term_string"}}],"inLanguage":"fr-FR"},{"@type":"Organization","@id":"https:\/\/mr-mass.com\/#organization","name":"MR MASS","url":"https:\/\/mr-mass.com\/","logo":{"@type":"ImageObject","inLanguage":"fr-FR","@id":"https:\/\/mr-mass.com\/#\/schema\/logo\/image\/","url":"https:\/\/mr-mass.com\/wp-content\/uploads\/2025\/06\/cropped-417524477_413976367821865_6357673664813295189_n-removebg-preview.png","contentUrl":"https:\/\/mr-mass.com\/wp-content\/uploads\/2025\/06\/cropped-417524477_413976367821865_6357673664813295189_n-removebg-preview.png","width":500,"height":436,"caption":"MR MASS"},"image":{"@id":"https:\/\/mr-mass.com\/#\/schema\/logo\/image\/"}}]}},"jetpack_sharing_enabled":true,"_links":{"self":[{"href":"https:\/\/mr-mass.com\/index.php?rest_route=\/wp\/v2\/product\/6587","targetHints":{"allow":["GET"]}}],"collection":[{"href":"https:\/\/mr-mass.com\/index.php?rest_route=\/wp\/v2\/product"}],"about":[{"href":"https:\/\/mr-mass.com\/index.php?rest_route=\/wp\/v2\/types\/product"}],"replies":[{"embeddable":true,"href":"https:\/\/mr-mass.com\/index.php?rest_route=%2Fwp%2Fv2%2Fcomments&post=6587"}],"wp:featuredmedia":[{"embeddable":true,"href":"https:\/\/mr-mass.com\/index.php?rest_route=\/wp\/v2\/media\/6725"}],"wp:attachment":[{"href":"https:\/\/mr-mass.com\/index.php?rest_route=%2Fwp%2Fv2%2Fmedia&parent=6587"}],"wp:term":[{"taxonomy":"product_cat","embeddable":true,"href":"https:\/\/mr-mass.com\/index.php?rest_route=%2Fwp%2Fv2%2Fproduct_cat&post=6587"},{"taxonomy":"product_tag","embeddable":true,"href":"https:\/\/mr-mass.com\/index.php?rest_route=%2Fwp%2Fv2%2Fproduct_tag&post=6587"}],"curies":[{"name":"wp","href":"https:\/\/api.w.org\/{rel}","templated":true}]}}