{"id":6589,"date":"2025-06-10T10:46:55","date_gmt":"2025-06-10T08:46:55","guid":{"rendered":"https:\/\/mr-mass.com\/?product=biotech-ashwaganda-60caps"},"modified":"2025-11-03T14:24:01","modified_gmt":"2025-11-03T13:24:01","slug":"biotech-ashwaganda-60caps","status":"publish","type":"product","link":"https:\/\/mr-mass.com\/?product=biotech-ashwaganda-60caps","title":{"rendered":"BIOTECH ASHWAGANDA  60CAPS"},"content":{"rendered":"<ul id=\"myTab\" class=\"nav nav-tabs custom-nav\" role=\"tablist\">\n<li class=\"nav-item\" role=\"presentation\"><button id=\"description-tab\" class=\"nav-link active\" role=\"tab\" type=\"button\" data-bs-toggle=\"tab\" data-bs-target=\"#description\" aria-controls=\"description\" aria-selected=\"true\">Description<\/button><\/li>\n<\/ul>\n<div id=\"myTabContent\" class=\"tab-content custom-tab\">\n<div id=\"description\" class=\"tab-pane fade show active\" role=\"tabpanel\" aria-labelledby=\"description-tab\">\n<div class=\"product-description\">\n<p data-start=\"318\" data-end=\"619\"><strong data-start=\"318\" data-end=\"348\">Ashwagandha de Biotech USA<\/strong>\u00a0est un compl\u00e9ment naturel con\u00e7u pour aider \u00e0 mieux g\u00e9rer le stress, am\u00e9liorer la r\u00e9cup\u00e9ration et optimiser l\u2019\u00e9quilibre mental et physique. Chaque portion fournit\u00a0<strong data-start=\"511\" data-end=\"539\">3.675 mg de withanolides<\/strong>, les compos\u00e9s actifs responsables des bienfaits adaptog\u00e8nes de l\u2019ashwagandha.<\/p>\n<p data-start=\"621\" data-end=\"898\">Avec son format de\u00a0<strong data-start=\"640\" data-end=\"669\">60 capsules \u2013 60 servings<\/strong>, ce suppl\u00e9ment s\u2019int\u00e8gre facilement \u00e0 une routine quotidienne pour un soutien durable. Il est id\u00e9al pour les sportifs, les personnes soumises \u00e0 un stress important ou celles recherchant un regain d\u2019\u00e9nergie et de concentration.<\/p>\n<p data-start=\"621\" data-end=\"898\"><strong data-start=\"902\" data-end=\"925\">&#8211; Adaptog\u00e8ne puissant<\/strong>: aide \u00e0 r\u00e9guler le stress et \u00e0 am\u00e9liorer la concentration<\/p>\n<p data-start=\"621\" data-end=\"898\"><strong data-start=\"989\" data-end=\"1039\">&#8211; Soutien des performances physiques et mentales<\/strong><\/p>\n<p data-start=\"621\" data-end=\"898\"><strong data-start=\"1044\" data-end=\"1071\">&#8211; Formule hautement dos\u00e9e<\/strong>pour une efficacit\u00e9 optimale<\/p>\n<p data-start=\"1104\" data-end=\"1192\" data-is-last-node=\"\" data-is-only-node=\"\">Optez pour\u00a0<strong data-start=\"1115\" data-end=\"1142\">Ashwagandha Biotech USA<\/strong>\u00a0et profitez d\u2019un bien-\u00eatre renforc\u00e9 au quotidien.<\/p>\n<\/div>\n<\/div>\n<\/div>\n","protected":false},"excerpt":{"rendered":"<p><span class=\"badge rounded-pill text-bg-primary\">60 SERVINGS<\/span><\/p>\n<div class=\"procuct-contain\">D\u00e9couvrez Ashwagandha de Biotech USA : une formule puissante avec 3.675 mg de withanolides par dose pour soutenir la gestion du stress, la vitalit\u00e9 et les performances. 60 capsules \u2013 60 servings pour une cure compl\u00e8te et efficace.<\/div>\n","protected":false},"featured_media":6665,"comment_status":"open","ping_status":"closed","template":"","meta":[],"product_cat":[76,72,56],"product_tag":[],"class_list":{"0":"post-6589","1":"product","2":"type-product","3":"status-publish","4":"has-post-thumbnail","6":"product_brand-biotech-usa","7":"product_cat-multi-vitamins-minerals","8":"product_cat-testo-booster","9":"product_cat-vegan-nutrition","11":"first","12":"instock","13":"shipping-taxable","14":"purchasable","15":"product-type-simple"},"yoast_head":"<!-- This site is optimized with the Yoast SEO plugin v25.2 - https:\/\/yoast.com\/wordpress\/plugins\/seo\/ -->\n<title>BIOTECH ASHWAGANDA 60CAPS - MR MASS<\/title>\n<meta name=\"description\" content=\"60 SERVINGSD\u00e9couvrez Ashwagandha de Biotech USA : une formule puissante avec 3.675 mg de withanolides par dose pour soutenir la gestion du stress, la vitalit\u00e9 et les performances. 60 capsules \u2013 60 servings pour une cure compl\u00e8te et efficace.\" \/>\n<meta name=\"robots\" content=\"index, follow, max-snippet:-1, max-image-preview:large, max-video-preview:-1\" \/>\n<link rel=\"canonical\" href=\"https:\/\/mr-mass.com\/?product=biotech-ashwaganda-60caps\" \/>\n<meta property=\"og:locale\" content=\"fr_FR\" \/>\n<meta property=\"og:type\" content=\"article\" \/>\n<meta property=\"og:title\" content=\"BIOTECH ASHWAGANDA 60CAPS - MR MASS\" \/>\n<meta property=\"og:description\" content=\"60 SERVINGSD\u00e9couvrez Ashwagandha de Biotech USA : une formule puissante avec 3.675 mg de withanolides par dose pour soutenir la gestion du stress, la vitalit\u00e9 et les performances. 60 capsules \u2013 60 servings pour une cure compl\u00e8te et efficace.\" \/>\n<meta property=\"og:url\" content=\"https:\/\/mr-mass.com\/?product=biotech-ashwaganda-60caps\" \/>\n<meta property=\"og:site_name\" content=\"MR MASS\" \/>\n<meta property=\"article:modified_time\" content=\"2025-11-03T13:24:01+00:00\" \/>\n<meta property=\"og:image\" content=\"https:\/\/mr-mass.com\/wp-content\/uploads\/2025\/06\/Produit_2__49_-removebg-preview.webp-67b338dcca7ae.webp\" \/>\n\t<meta property=\"og:image:width\" content=\"500\" \/>\n\t<meta property=\"og:image:height\" content=\"500\" \/>\n\t<meta property=\"og:image:type\" content=\"image\/webp\" \/>\n<meta name=\"twitter:card\" content=\"summary_large_image\" \/>\n<meta name=\"twitter:label1\" content=\"Dur\u00e9e de lecture estim\u00e9e\" \/>\n\t<meta name=\"twitter:data1\" content=\"1 minute\" \/>\n<script type=\"application\/ld+json\" class=\"yoast-schema-graph\">{\"@context\":\"https:\/\/schema.org\",\"@graph\":[{\"@type\":\"WebPage\",\"@id\":\"https:\/\/mr-mass.com\/?product=biotech-ashwaganda-60caps\",\"url\":\"https:\/\/mr-mass.com\/?product=biotech-ashwaganda-60caps\",\"name\":\"BIOTECH ASHWAGANDA 60CAPS - MR MASS\",\"isPartOf\":{\"@id\":\"https:\/\/mr-mass.com\/#website\"},\"primaryImageOfPage\":{\"@id\":\"https:\/\/mr-mass.com\/?product=biotech-ashwaganda-60caps#primaryimage\"},\"image\":{\"@id\":\"https:\/\/mr-mass.com\/?product=biotech-ashwaganda-60caps#primaryimage\"},\"thumbnailUrl\":\"https:\/\/mr-mass.com\/wp-content\/uploads\/2025\/06\/Produit_2__49_-removebg-preview.webp-67b338dcca7ae.webp\",\"datePublished\":\"2025-06-10T08:46:55+00:00\",\"dateModified\":\"2025-11-03T13:24:01+00:00\",\"description\":\"60 SERVINGSD\u00e9couvrez Ashwagandha de Biotech USA : une formule puissante avec 3.675 mg de withanolides par dose pour soutenir la gestion du stress, la vitalit\u00e9 et les performances. 60 capsules \u2013 60 servings pour une cure compl\u00e8te et efficace.\",\"breadcrumb\":{\"@id\":\"https:\/\/mr-mass.com\/?product=biotech-ashwaganda-60caps#breadcrumb\"},\"inLanguage\":\"fr-FR\",\"potentialAction\":[{\"@type\":\"ReadAction\",\"target\":[\"https:\/\/mr-mass.com\/?product=biotech-ashwaganda-60caps\"]}]},{\"@type\":\"ImageObject\",\"inLanguage\":\"fr-FR\",\"@id\":\"https:\/\/mr-mass.com\/?product=biotech-ashwaganda-60caps#primaryimage\",\"url\":\"https:\/\/mr-mass.com\/wp-content\/uploads\/2025\/06\/Produit_2__49_-removebg-preview.webp-67b338dcca7ae.webp\",\"contentUrl\":\"https:\/\/mr-mass.com\/wp-content\/uploads\/2025\/06\/Produit_2__49_-removebg-preview.webp-67b338dcca7ae.webp\",\"width\":500,\"height\":500},{\"@type\":\"BreadcrumbList\",\"@id\":\"https:\/\/mr-mass.com\/?product=biotech-ashwaganda-60caps#breadcrumb\",\"itemListElement\":[{\"@type\":\"ListItem\",\"position\":1,\"name\":\"Home\",\"item\":\"https:\/\/mr-mass.com\/\"},{\"@type\":\"ListItem\",\"position\":2,\"name\":\"Boutique\",\"item\":\"https:\/\/mr-mass.com\/?page_id=8\"},{\"@type\":\"ListItem\",\"position\":3,\"name\":\"BIOTECH ASHWAGANDA 60CAPS\"}]},{\"@type\":\"WebSite\",\"@id\":\"https:\/\/mr-mass.com\/#website\",\"url\":\"https:\/\/mr-mass.com\/\",\"name\":\"MR MASS\",\"description\":\"\",\"publisher\":{\"@id\":\"https:\/\/mr-mass.com\/#organization\"},\"potentialAction\":[{\"@type\":\"SearchAction\",\"target\":{\"@type\":\"EntryPoint\",\"urlTemplate\":\"https:\/\/mr-mass.com\/?s={search_term_string}\"},\"query-input\":{\"@type\":\"PropertyValueSpecification\",\"valueRequired\":true,\"valueName\":\"search_term_string\"}}],\"inLanguage\":\"fr-FR\"},{\"@type\":\"Organization\",\"@id\":\"https:\/\/mr-mass.com\/#organization\",\"name\":\"MR MASS\",\"url\":\"https:\/\/mr-mass.com\/\",\"logo\":{\"@type\":\"ImageObject\",\"inLanguage\":\"fr-FR\",\"@id\":\"https:\/\/mr-mass.com\/#\/schema\/logo\/image\/\",\"url\":\"https:\/\/mr-mass.com\/wp-content\/uploads\/2025\/06\/cropped-417524477_413976367821865_6357673664813295189_n-removebg-preview.png\",\"contentUrl\":\"https:\/\/mr-mass.com\/wp-content\/uploads\/2025\/06\/cropped-417524477_413976367821865_6357673664813295189_n-removebg-preview.png\",\"width\":500,\"height\":436,\"caption\":\"MR MASS\"},\"image\":{\"@id\":\"https:\/\/mr-mass.com\/#\/schema\/logo\/image\/\"}}]}<\/script>\n<!-- \/ Yoast SEO plugin. -->","yoast_head_json":{"title":"BIOTECH ASHWAGANDA 60CAPS - MR MASS","description":"60 SERVINGSD\u00e9couvrez Ashwagandha de Biotech USA : une formule puissante avec 3.675 mg de withanolides par dose pour soutenir la gestion du stress, la vitalit\u00e9 et les performances. 60 capsules \u2013 60 servings pour une cure compl\u00e8te et efficace.","robots":{"index":"index","follow":"follow","max-snippet":"max-snippet:-1","max-image-preview":"max-image-preview:large","max-video-preview":"max-video-preview:-1"},"canonical":"https:\/\/mr-mass.com\/?product=biotech-ashwaganda-60caps","og_locale":"fr_FR","og_type":"article","og_title":"BIOTECH ASHWAGANDA 60CAPS - MR MASS","og_description":"60 SERVINGSD\u00e9couvrez Ashwagandha de Biotech USA : une formule puissante avec 3.675 mg de withanolides par dose pour soutenir la gestion du stress, la vitalit\u00e9 et les performances. 60 capsules \u2013 60 servings pour une cure compl\u00e8te et efficace.","og_url":"https:\/\/mr-mass.com\/?product=biotech-ashwaganda-60caps","og_site_name":"MR MASS","article_modified_time":"2025-11-03T13:24:01+00:00","og_image":[{"width":500,"height":500,"url":"https:\/\/mr-mass.com\/wp-content\/uploads\/2025\/06\/Produit_2__49_-removebg-preview.webp-67b338dcca7ae.webp","type":"image\/webp"}],"twitter_card":"summary_large_image","twitter_misc":{"Dur\u00e9e de lecture estim\u00e9e":"1 minute"},"schema":{"@context":"https:\/\/schema.org","@graph":[{"@type":"WebPage","@id":"https:\/\/mr-mass.com\/?product=biotech-ashwaganda-60caps","url":"https:\/\/mr-mass.com\/?product=biotech-ashwaganda-60caps","name":"BIOTECH ASHWAGANDA 60CAPS - MR MASS","isPartOf":{"@id":"https:\/\/mr-mass.com\/#website"},"primaryImageOfPage":{"@id":"https:\/\/mr-mass.com\/?product=biotech-ashwaganda-60caps#primaryimage"},"image":{"@id":"https:\/\/mr-mass.com\/?product=biotech-ashwaganda-60caps#primaryimage"},"thumbnailUrl":"https:\/\/mr-mass.com\/wp-content\/uploads\/2025\/06\/Produit_2__49_-removebg-preview.webp-67b338dcca7ae.webp","datePublished":"2025-06-10T08:46:55+00:00","dateModified":"2025-11-03T13:24:01+00:00","description":"60 SERVINGSD\u00e9couvrez Ashwagandha de Biotech USA : une formule puissante avec 3.675 mg de withanolides par dose pour soutenir la gestion du stress, la vitalit\u00e9 et les performances. 60 capsules \u2013 60 servings pour une cure compl\u00e8te et efficace.","breadcrumb":{"@id":"https:\/\/mr-mass.com\/?product=biotech-ashwaganda-60caps#breadcrumb"},"inLanguage":"fr-FR","potentialAction":[{"@type":"ReadAction","target":["https:\/\/mr-mass.com\/?product=biotech-ashwaganda-60caps"]}]},{"@type":"ImageObject","inLanguage":"fr-FR","@id":"https:\/\/mr-mass.com\/?product=biotech-ashwaganda-60caps#primaryimage","url":"https:\/\/mr-mass.com\/wp-content\/uploads\/2025\/06\/Produit_2__49_-removebg-preview.webp-67b338dcca7ae.webp","contentUrl":"https:\/\/mr-mass.com\/wp-content\/uploads\/2025\/06\/Produit_2__49_-removebg-preview.webp-67b338dcca7ae.webp","width":500,"height":500},{"@type":"BreadcrumbList","@id":"https:\/\/mr-mass.com\/?product=biotech-ashwaganda-60caps#breadcrumb","itemListElement":[{"@type":"ListItem","position":1,"name":"Home","item":"https:\/\/mr-mass.com\/"},{"@type":"ListItem","position":2,"name":"Boutique","item":"https:\/\/mr-mass.com\/?page_id=8"},{"@type":"ListItem","position":3,"name":"BIOTECH ASHWAGANDA 60CAPS"}]},{"@type":"WebSite","@id":"https:\/\/mr-mass.com\/#website","url":"https:\/\/mr-mass.com\/","name":"MR MASS","description":"","publisher":{"@id":"https:\/\/mr-mass.com\/#organization"},"potentialAction":[{"@type":"SearchAction","target":{"@type":"EntryPoint","urlTemplate":"https:\/\/mr-mass.com\/?s={search_term_string}"},"query-input":{"@type":"PropertyValueSpecification","valueRequired":true,"valueName":"search_term_string"}}],"inLanguage":"fr-FR"},{"@type":"Organization","@id":"https:\/\/mr-mass.com\/#organization","name":"MR MASS","url":"https:\/\/mr-mass.com\/","logo":{"@type":"ImageObject","inLanguage":"fr-FR","@id":"https:\/\/mr-mass.com\/#\/schema\/logo\/image\/","url":"https:\/\/mr-mass.com\/wp-content\/uploads\/2025\/06\/cropped-417524477_413976367821865_6357673664813295189_n-removebg-preview.png","contentUrl":"https:\/\/mr-mass.com\/wp-content\/uploads\/2025\/06\/cropped-417524477_413976367821865_6357673664813295189_n-removebg-preview.png","width":500,"height":436,"caption":"MR MASS"},"image":{"@id":"https:\/\/mr-mass.com\/#\/schema\/logo\/image\/"}}]}},"jetpack_sharing_enabled":true,"_links":{"self":[{"href":"https:\/\/mr-mass.com\/index.php?rest_route=\/wp\/v2\/product\/6589","targetHints":{"allow":["GET"]}}],"collection":[{"href":"https:\/\/mr-mass.com\/index.php?rest_route=\/wp\/v2\/product"}],"about":[{"href":"https:\/\/mr-mass.com\/index.php?rest_route=\/wp\/v2\/types\/product"}],"replies":[{"embeddable":true,"href":"https:\/\/mr-mass.com\/index.php?rest_route=%2Fwp%2Fv2%2Fcomments&post=6589"}],"wp:featuredmedia":[{"embeddable":true,"href":"https:\/\/mr-mass.com\/index.php?rest_route=\/wp\/v2\/media\/6665"}],"wp:attachment":[{"href":"https:\/\/mr-mass.com\/index.php?rest_route=%2Fwp%2Fv2%2Fmedia&parent=6589"}],"wp:term":[{"taxonomy":"product_cat","embeddable":true,"href":"https:\/\/mr-mass.com\/index.php?rest_route=%2Fwp%2Fv2%2Fproduct_cat&post=6589"},{"taxonomy":"product_tag","embeddable":true,"href":"https:\/\/mr-mass.com\/index.php?rest_route=%2Fwp%2Fv2%2Fproduct_tag&post=6589"}],"curies":[{"name":"wp","href":"https:\/\/api.w.org\/{rel}","templated":true}]}}