{"id":6590,"date":"2025-06-10T10:46:55","date_gmt":"2025-06-10T08:46:55","guid":{"rendered":"https:\/\/mr-mass.com\/?product=biotech-multivitamin-for-men-60-caps"},"modified":"2025-06-11T17:52:02","modified_gmt":"2025-06-11T15:52:02","slug":"biotech-multivitamin-for-men-60-caps","status":"publish","type":"product","link":"https:\/\/mr-mass.com\/?product=biotech-multivitamin-for-men-60-caps","title":{"rendered":"BIOTECH MULTIVITAMIN FOR MEN 60 CAPS"},"content":{"rendered":"<section>\n<div class=\"container-fluid-lg\">\n<div class=\"row\">\n<div class=\"col-12\">\n<div class=\"product-section-box m-0\">\n<ul id=\"myTab\" class=\"nav nav-tabs custom-nav\" role=\"tablist\">\n<li class=\"nav-item\" role=\"presentation\"><button id=\"description-tab\" class=\"nav-link active\" role=\"tab\" type=\"button\" data-bs-toggle=\"tab\" data-bs-target=\"#description\" aria-controls=\"description\" aria-selected=\"true\">Description<\/button><\/li>\n<\/ul>\n<div id=\"myTabContent\" class=\"tab-content custom-tab\">\n<div id=\"description\" class=\"tab-pane fade show active\" role=\"tabpanel\" aria-labelledby=\"description-tab\">\n<div class=\"product-description\">\n<p><span>Composition complexe avec 38 substances actives contenant 12 vari\u00e9t\u00e9s de vitamines comprenant 10 types de min\u00e9raux enrichis de 7 antioxydants Comprend 4 acides amin\u00e9s et du tartrate de L-carnitine int\u00e9grant 7 extraits de plantes et de la poudre de spiruline Comprim\u00e9s enrob\u00e9s sans lactose pour une consommation facile Formule compl\u00e8te adapt\u00e9e aux hommes Sous forme de comprim\u00e9<\/span><\/p>\n<p><span>Multivitamin For Men est un suppl\u00e9ment en comprim\u00e9s sophistiqu\u00e9 formul\u00e9 avec des vitamines et des min\u00e9raux r\u00e9pondant sp\u00e9cifiquement aux besoins nutritionnels des hommes. Compl\u00e9tant une alimentation bien \u00e9quilibr\u00e9e, il fournit un m\u00e9lange harmonieux de nutriments, notamment des acides amin\u00e9s, divers extraits de fruits et l\u00e9gumes, divers types de vitamines B et des composants antioxydants qui contribuent \u00e0 prot\u00e9ger les cellules des dommages oxydatifs. Parmi sa gamme d&rsquo;extraits de plantes, le produit contient de l&rsquo;extrait d&rsquo;agropyre, des flavono\u00efdes d&rsquo;extrait de th\u00e9 vert et de l&rsquo;extrait d&rsquo;orange am\u00e8re comme source de bioflavono\u00efdes.<\/span><\/p>\n<p><span><b>Regain d&rsquo;\u00e9nergie<\/b><\/span><\/p>\n<p><span>La niacine (vitamine B3), la riboflavine (vitamine B2), la vitamine B6, la vitamine B12, la thiamine (vitamine B1), la biotine (vitamine B7), l&rsquo;acide pantoth\u00e9nique, la vitamine C, le calcium, le magn\u00e9sium, le mangan\u00e8se, le cuivre et l&rsquo;iode sont tous pr\u00e9sents dans le produit, contribuant au fonctionnement normal du m\u00e9tabolisme \u00e9nerg\u00e9tique. De plus, la vitamine C, la niacine, la riboflavine, l&rsquo;acide pantoth\u00e9nique, l&rsquo;acide folique, la vitamine B6, la vitamine B12 et le magn\u00e9sium contribuent collectivement \u00e0 la r\u00e9duction de la fatigue et de l&rsquo;\u00e9puisement.<\/span><\/p>\n<p><span><b>Sant\u00e9 des os<\/b><\/span><\/p>\n<p><span>La teneur du produit en vitamine D, calcium, zinc, magn\u00e9sium, mangan\u00e8se et vitamine C (la vitamine C favorisant la formation normale de collag\u00e8ne) joue collectivement un r\u00f4le crucial dans le maintien d&rsquo;une sant\u00e9 osseuse optimale.<\/span><\/p>\n<p><span><b>Soutien musculaire<\/b><\/span><\/p>\n<p><span>Le calcium et le magn\u00e9sium contribuent au fonctionnement normal des muscles, tandis que la vitamine D aide \u00e0 pr\u00e9server des fonctions musculaires saines.<\/span><\/p>\n<p><span><b>Am\u00e9lioration du syst\u00e8me immunitaire<\/b><\/span><\/p>\n<p><span>En plus de l&rsquo;acide folique, la teneur du produit en vitamine A, vitamine D, vitamine C, vitamine B6, vitamine B12, zinc, fer et s\u00e9l\u00e9nium soutient collectivement le fonctionnement normal du syst\u00e8me immunitaire.<\/span><\/p>\n<p><span><b>D\u00e9fense antioxydante<\/b><\/span><\/p>\n<p><span>La vitamine C, la vitamine E, la riboflavine (vitamine B2), le zinc, le mangan\u00e8se et le cuivre contenus dans le produit participent \u00e0 la protection des cellules contre le stress oxydatif.<\/span><\/p>\n<\/div>\n<\/div>\n<\/div>\n<\/div>\n<\/div>\n<\/div>\n<\/div>\n<\/section>\n<section class=\"product-list-section section-b-space\">\n<div class=\"container-fluid-lg\">\n<div class=\"title\"><\/div>\n<\/div>\n<\/section>\n","protected":false},"excerpt":{"rendered":"<p><span class=\"badge rounded-pill text-bg-primary\">30 SERVINGS<\/span><\/p>\n<div class=\"procuct-contain\">BioTech USA Men&rsquo;s Performance offre une alimentation \u00e9quilibr\u00e9e centr\u00e9e sur les acides amin\u00e9s essentiels, les antioxydants provenant d&rsquo;extraits de fruits et de l\u00e9gumes, ainsi qu&rsquo;une gamme de vitamines B. Cette formule vise \u00e0 compl\u00e9ter un r\u00e9gime alimentaire sain sp\u00e9cialement con\u00e7u pour les hommes.<\/div>\n","protected":false},"featured_media":6669,"comment_status":"open","ping_status":"closed","template":"","meta":[],"product_cat":[76],"product_tag":[],"class_list":{"0":"post-6590","1":"product","2":"type-product","3":"status-publish","4":"has-post-thumbnail","6":"product_brand-biotech-usa","7":"product_cat-multi-vitamins-minerals","9":"first","10":"instock","11":"shipping-taxable","12":"purchasable","13":"product-type-simple"},"yoast_head":"<!-- This site is optimized with the Yoast SEO plugin v25.2 - https:\/\/yoast.com\/wordpress\/plugins\/seo\/ -->\n<title>BIOTECH MULTIVITAMIN FOR MEN 60 CAPS - MR MASS<\/title>\n<meta name=\"description\" content=\"30 SERVINGSBioTech USA Men&#039;s Performance offre une alimentation \u00e9quilibr\u00e9e centr\u00e9e sur les acides amin\u00e9s essentiels, les antioxydants provenant d&#039;extraits de fruits et de l\u00e9gumes, ainsi qu&#039;une gamme de vitamines B. Cette formule vise \u00e0 compl\u00e9ter un r\u00e9gime alimentaire sain sp\u00e9cialement con\u00e7u pour les hommes.\" \/>\n<meta name=\"robots\" content=\"index, follow, max-snippet:-1, max-image-preview:large, max-video-preview:-1\" \/>\n<link rel=\"canonical\" href=\"https:\/\/mr-mass.com\/?product=biotech-multivitamin-for-men-60-caps\" \/>\n<meta property=\"og:locale\" content=\"fr_FR\" \/>\n<meta property=\"og:type\" content=\"article\" \/>\n<meta property=\"og:title\" content=\"BIOTECH MULTIVITAMIN FOR MEN 60 CAPS - MR MASS\" \/>\n<meta property=\"og:description\" content=\"30 SERVINGSBioTech USA Men&#039;s Performance offre une alimentation \u00e9quilibr\u00e9e centr\u00e9e sur les acides amin\u00e9s essentiels, les antioxydants provenant d&#039;extraits de fruits et de l\u00e9gumes, ainsi qu&#039;une gamme de vitamines B. Cette formule vise \u00e0 compl\u00e9ter un r\u00e9gime alimentaire sain sp\u00e9cialement con\u00e7u pour les hommes.\" \/>\n<meta property=\"og:url\" content=\"https:\/\/mr-mass.com\/?product=biotech-multivitamin-for-men-60-caps\" \/>\n<meta property=\"og:site_name\" content=\"MR MASS\" \/>\n<meta property=\"article:modified_time\" content=\"2025-06-11T15:52:02+00:00\" \/>\n<meta property=\"og:image\" content=\"https:\/\/mr-mass.com\/wp-content\/uploads\/2025\/06\/biotechusa-multivitamin-for-men-60-tablets.jpg\" \/>\n\t<meta property=\"og:image:width\" content=\"1000\" \/>\n\t<meta property=\"og:image:height\" content=\"1200\" \/>\n\t<meta property=\"og:image:type\" content=\"image\/jpeg\" \/>\n<meta name=\"twitter:card\" content=\"summary_large_image\" \/>\n<meta name=\"twitter:label1\" content=\"Dur\u00e9e de lecture estim\u00e9e\" \/>\n\t<meta name=\"twitter:data1\" content=\"3 minutes\" \/>\n<script type=\"application\/ld+json\" class=\"yoast-schema-graph\">{\"@context\":\"https:\/\/schema.org\",\"@graph\":[{\"@type\":\"WebPage\",\"@id\":\"https:\/\/mr-mass.com\/?product=biotech-multivitamin-for-men-60-caps\",\"url\":\"https:\/\/mr-mass.com\/?product=biotech-multivitamin-for-men-60-caps\",\"name\":\"BIOTECH MULTIVITAMIN FOR MEN 60 CAPS - MR MASS\",\"isPartOf\":{\"@id\":\"https:\/\/mr-mass.com\/#website\"},\"primaryImageOfPage\":{\"@id\":\"https:\/\/mr-mass.com\/?product=biotech-multivitamin-for-men-60-caps#primaryimage\"},\"image\":{\"@id\":\"https:\/\/mr-mass.com\/?product=biotech-multivitamin-for-men-60-caps#primaryimage\"},\"thumbnailUrl\":\"https:\/\/mr-mass.com\/wp-content\/uploads\/2025\/06\/biotechusa-multivitamin-for-men-60-tablets.jpg\",\"datePublished\":\"2025-06-10T08:46:55+00:00\",\"dateModified\":\"2025-06-11T15:52:02+00:00\",\"description\":\"30 SERVINGSBioTech USA Men's Performance offre une alimentation \u00e9quilibr\u00e9e centr\u00e9e sur les acides amin\u00e9s essentiels, les antioxydants provenant d'extraits de fruits et de l\u00e9gumes, ainsi qu'une gamme de vitamines B. Cette formule vise \u00e0 compl\u00e9ter un r\u00e9gime alimentaire sain sp\u00e9cialement con\u00e7u pour les hommes.\",\"breadcrumb\":{\"@id\":\"https:\/\/mr-mass.com\/?product=biotech-multivitamin-for-men-60-caps#breadcrumb\"},\"inLanguage\":\"fr-FR\",\"potentialAction\":[{\"@type\":\"ReadAction\",\"target\":[\"https:\/\/mr-mass.com\/?product=biotech-multivitamin-for-men-60-caps\"]}]},{\"@type\":\"ImageObject\",\"inLanguage\":\"fr-FR\",\"@id\":\"https:\/\/mr-mass.com\/?product=biotech-multivitamin-for-men-60-caps#primaryimage\",\"url\":\"https:\/\/mr-mass.com\/wp-content\/uploads\/2025\/06\/biotechusa-multivitamin-for-men-60-tablets.jpg\",\"contentUrl\":\"https:\/\/mr-mass.com\/wp-content\/uploads\/2025\/06\/biotechusa-multivitamin-for-men-60-tablets.jpg\",\"width\":1000,\"height\":1200},{\"@type\":\"BreadcrumbList\",\"@id\":\"https:\/\/mr-mass.com\/?product=biotech-multivitamin-for-men-60-caps#breadcrumb\",\"itemListElement\":[{\"@type\":\"ListItem\",\"position\":1,\"name\":\"Home\",\"item\":\"https:\/\/mr-mass.com\/\"},{\"@type\":\"ListItem\",\"position\":2,\"name\":\"Boutique\",\"item\":\"https:\/\/mr-mass.com\/?page_id=8\"},{\"@type\":\"ListItem\",\"position\":3,\"name\":\"BIOTECH MULTIVITAMIN FOR MEN 60 CAPS\"}]},{\"@type\":\"WebSite\",\"@id\":\"https:\/\/mr-mass.com\/#website\",\"url\":\"https:\/\/mr-mass.com\/\",\"name\":\"MR MASS\",\"description\":\"\",\"publisher\":{\"@id\":\"https:\/\/mr-mass.com\/#organization\"},\"potentialAction\":[{\"@type\":\"SearchAction\",\"target\":{\"@type\":\"EntryPoint\",\"urlTemplate\":\"https:\/\/mr-mass.com\/?s={search_term_string}\"},\"query-input\":{\"@type\":\"PropertyValueSpecification\",\"valueRequired\":true,\"valueName\":\"search_term_string\"}}],\"inLanguage\":\"fr-FR\"},{\"@type\":\"Organization\",\"@id\":\"https:\/\/mr-mass.com\/#organization\",\"name\":\"MR MASS\",\"url\":\"https:\/\/mr-mass.com\/\",\"logo\":{\"@type\":\"ImageObject\",\"inLanguage\":\"fr-FR\",\"@id\":\"https:\/\/mr-mass.com\/#\/schema\/logo\/image\/\",\"url\":\"https:\/\/mr-mass.com\/wp-content\/uploads\/2025\/06\/cropped-417524477_413976367821865_6357673664813295189_n-removebg-preview.png\",\"contentUrl\":\"https:\/\/mr-mass.com\/wp-content\/uploads\/2025\/06\/cropped-417524477_413976367821865_6357673664813295189_n-removebg-preview.png\",\"width\":500,\"height\":436,\"caption\":\"MR MASS\"},\"image\":{\"@id\":\"https:\/\/mr-mass.com\/#\/schema\/logo\/image\/\"}}]}<\/script>\n<!-- \/ Yoast SEO plugin. -->","yoast_head_json":{"title":"BIOTECH MULTIVITAMIN FOR MEN 60 CAPS - MR MASS","description":"30 SERVINGSBioTech USA Men's Performance offre une alimentation \u00e9quilibr\u00e9e centr\u00e9e sur les acides amin\u00e9s essentiels, les antioxydants provenant d'extraits de fruits et de l\u00e9gumes, ainsi qu'une gamme de vitamines B. Cette formule vise \u00e0 compl\u00e9ter un r\u00e9gime alimentaire sain sp\u00e9cialement con\u00e7u pour les hommes.","robots":{"index":"index","follow":"follow","max-snippet":"max-snippet:-1","max-image-preview":"max-image-preview:large","max-video-preview":"max-video-preview:-1"},"canonical":"https:\/\/mr-mass.com\/?product=biotech-multivitamin-for-men-60-caps","og_locale":"fr_FR","og_type":"article","og_title":"BIOTECH MULTIVITAMIN FOR MEN 60 CAPS - MR MASS","og_description":"30 SERVINGSBioTech USA Men's Performance offre une alimentation \u00e9quilibr\u00e9e centr\u00e9e sur les acides amin\u00e9s essentiels, les antioxydants provenant d'extraits de fruits et de l\u00e9gumes, ainsi qu'une gamme de vitamines B. Cette formule vise \u00e0 compl\u00e9ter un r\u00e9gime alimentaire sain sp\u00e9cialement con\u00e7u pour les hommes.","og_url":"https:\/\/mr-mass.com\/?product=biotech-multivitamin-for-men-60-caps","og_site_name":"MR MASS","article_modified_time":"2025-06-11T15:52:02+00:00","og_image":[{"width":1000,"height":1200,"url":"https:\/\/mr-mass.com\/wp-content\/uploads\/2025\/06\/biotechusa-multivitamin-for-men-60-tablets.jpg","type":"image\/jpeg"}],"twitter_card":"summary_large_image","twitter_misc":{"Dur\u00e9e de lecture estim\u00e9e":"3 minutes"},"schema":{"@context":"https:\/\/schema.org","@graph":[{"@type":"WebPage","@id":"https:\/\/mr-mass.com\/?product=biotech-multivitamin-for-men-60-caps","url":"https:\/\/mr-mass.com\/?product=biotech-multivitamin-for-men-60-caps","name":"BIOTECH MULTIVITAMIN FOR MEN 60 CAPS - MR MASS","isPartOf":{"@id":"https:\/\/mr-mass.com\/#website"},"primaryImageOfPage":{"@id":"https:\/\/mr-mass.com\/?product=biotech-multivitamin-for-men-60-caps#primaryimage"},"image":{"@id":"https:\/\/mr-mass.com\/?product=biotech-multivitamin-for-men-60-caps#primaryimage"},"thumbnailUrl":"https:\/\/mr-mass.com\/wp-content\/uploads\/2025\/06\/biotechusa-multivitamin-for-men-60-tablets.jpg","datePublished":"2025-06-10T08:46:55+00:00","dateModified":"2025-06-11T15:52:02+00:00","description":"30 SERVINGSBioTech USA Men's Performance offre une alimentation \u00e9quilibr\u00e9e centr\u00e9e sur les acides amin\u00e9s essentiels, les antioxydants provenant d'extraits de fruits et de l\u00e9gumes, ainsi qu'une gamme de vitamines B. Cette formule vise \u00e0 compl\u00e9ter un r\u00e9gime alimentaire sain sp\u00e9cialement con\u00e7u pour les hommes.","breadcrumb":{"@id":"https:\/\/mr-mass.com\/?product=biotech-multivitamin-for-men-60-caps#breadcrumb"},"inLanguage":"fr-FR","potentialAction":[{"@type":"ReadAction","target":["https:\/\/mr-mass.com\/?product=biotech-multivitamin-for-men-60-caps"]}]},{"@type":"ImageObject","inLanguage":"fr-FR","@id":"https:\/\/mr-mass.com\/?product=biotech-multivitamin-for-men-60-caps#primaryimage","url":"https:\/\/mr-mass.com\/wp-content\/uploads\/2025\/06\/biotechusa-multivitamin-for-men-60-tablets.jpg","contentUrl":"https:\/\/mr-mass.com\/wp-content\/uploads\/2025\/06\/biotechusa-multivitamin-for-men-60-tablets.jpg","width":1000,"height":1200},{"@type":"BreadcrumbList","@id":"https:\/\/mr-mass.com\/?product=biotech-multivitamin-for-men-60-caps#breadcrumb","itemListElement":[{"@type":"ListItem","position":1,"name":"Home","item":"https:\/\/mr-mass.com\/"},{"@type":"ListItem","position":2,"name":"Boutique","item":"https:\/\/mr-mass.com\/?page_id=8"},{"@type":"ListItem","position":3,"name":"BIOTECH MULTIVITAMIN FOR MEN 60 CAPS"}]},{"@type":"WebSite","@id":"https:\/\/mr-mass.com\/#website","url":"https:\/\/mr-mass.com\/","name":"MR MASS","description":"","publisher":{"@id":"https:\/\/mr-mass.com\/#organization"},"potentialAction":[{"@type":"SearchAction","target":{"@type":"EntryPoint","urlTemplate":"https:\/\/mr-mass.com\/?s={search_term_string}"},"query-input":{"@type":"PropertyValueSpecification","valueRequired":true,"valueName":"search_term_string"}}],"inLanguage":"fr-FR"},{"@type":"Organization","@id":"https:\/\/mr-mass.com\/#organization","name":"MR MASS","url":"https:\/\/mr-mass.com\/","logo":{"@type":"ImageObject","inLanguage":"fr-FR","@id":"https:\/\/mr-mass.com\/#\/schema\/logo\/image\/","url":"https:\/\/mr-mass.com\/wp-content\/uploads\/2025\/06\/cropped-417524477_413976367821865_6357673664813295189_n-removebg-preview.png","contentUrl":"https:\/\/mr-mass.com\/wp-content\/uploads\/2025\/06\/cropped-417524477_413976367821865_6357673664813295189_n-removebg-preview.png","width":500,"height":436,"caption":"MR MASS"},"image":{"@id":"https:\/\/mr-mass.com\/#\/schema\/logo\/image\/"}}]}},"jetpack_sharing_enabled":true,"_links":{"self":[{"href":"https:\/\/mr-mass.com\/index.php?rest_route=\/wp\/v2\/product\/6590","targetHints":{"allow":["GET"]}}],"collection":[{"href":"https:\/\/mr-mass.com\/index.php?rest_route=\/wp\/v2\/product"}],"about":[{"href":"https:\/\/mr-mass.com\/index.php?rest_route=\/wp\/v2\/types\/product"}],"replies":[{"embeddable":true,"href":"https:\/\/mr-mass.com\/index.php?rest_route=%2Fwp%2Fv2%2Fcomments&post=6590"}],"wp:featuredmedia":[{"embeddable":true,"href":"https:\/\/mr-mass.com\/index.php?rest_route=\/wp\/v2\/media\/6669"}],"wp:attachment":[{"href":"https:\/\/mr-mass.com\/index.php?rest_route=%2Fwp%2Fv2%2Fmedia&parent=6590"}],"wp:term":[{"taxonomy":"product_cat","embeddable":true,"href":"https:\/\/mr-mass.com\/index.php?rest_route=%2Fwp%2Fv2%2Fproduct_cat&post=6590"},{"taxonomy":"product_tag","embeddable":true,"href":"https:\/\/mr-mass.com\/index.php?rest_route=%2Fwp%2Fv2%2Fproduct_tag&post=6590"}],"curies":[{"name":"wp","href":"https:\/\/api.w.org\/{rel}","templated":true}]}}