{"id":6591,"date":"2025-06-10T10:46:55","date_gmt":"2025-06-10T08:46:55","guid":{"rendered":"https:\/\/mr-mass.com\/?product=yava-eaa"},"modified":"2025-06-12T17:59:33","modified_gmt":"2025-06-12T15:59:33","slug":"yava-eaa","status":"publish","type":"product","link":"https:\/\/mr-mass.com\/?product=yava-eaa","title":{"rendered":"YAVA LABS EAA COMPLEX 300G"},"content":{"rendered":"<ul id=\"myTab\" class=\"nav nav-tabs custom-nav\" role=\"tablist\">\n<li class=\"nav-item\" role=\"presentation\"><button id=\"description-tab\" class=\"nav-link active\" role=\"tab\" type=\"button\" data-bs-toggle=\"tab\" data-bs-target=\"#description\" aria-controls=\"description\" aria-selected=\"true\">Description<\/button><\/li>\n<\/ul>\n<div id=\"myTabContent\" class=\"tab-content custom-tab\">\n<div id=\"description\" class=\"tab-pane fade show active\" role=\"tabpanel\" aria-labelledby=\"description-tab\">\n<div class=\"product-description\">\n<p><b>EAA COMPLEX 300GR de Yava Labs<\/b>\u00a0est le compl\u00e9ment ultime pour ceux qui cherchent \u00e0 maximiser leurs r\u00e9sultats sportifs. Ce produit innovant contient 7.7g d&rsquo;acides amin\u00e9s essentiels par portion, avec une dose pr\u00e9cise de 4.8g de BCAA, les alli\u00e9s indispensables pour la construction musculaire et la r\u00e9duction des courbatures post-entra\u00eenement.<\/p>\n<p>Formul\u00e9 pour r\u00e9pondre aux besoins des athl\u00e8tes, ce complexe d&rsquo;acides amin\u00e9s essentiels stimule la synth\u00e8se des prot\u00e9ines, favorise une r\u00e9cup\u00e9ration rapide et aide \u00e0 maintenir une \u00e9nergie optimale durant vos s\u00e9ances d&rsquo;entra\u00eenement. Avec 34 portions par pot, EAA COMPLEX est votre partenaire id\u00e9al pour atteindre vos objectifs fitness, tout en profitant de saveurs exquises.<\/p>\n<p><strong>Mode d&#8217;emploi :<\/strong><br \/>\nM\u00e9langez une dose (8,6 g) avec 200 ml d&rsquo;eau et consommez imm\u00e9diatement apr\u00e8s pr\u00e9paration. Ce produit peut \u00eatre pris avant, pendant ou apr\u00e8s l&rsquo;entra\u00eenement selon vos pr\u00e9f\u00e9rences.<\/p>\n<\/div>\n<\/div>\n<\/div>\n","protected":false},"excerpt":{"rendered":"<p><span class=\"badge rounded-pill text-bg-primary\">34 SERVINGS<\/span><\/p>\n<div class=\"procuct-contain\">D\u00e9couvrez EAA COMPLEX 300GR de Yava Labs, un m\u00e9lange parfaitement \u00e9quilibr\u00e9 d&rsquo;acides amin\u00e9s essentiels, dont 4.8g de BCAA par portion, con\u00e7u pour optimiser la synth\u00e8se des prot\u00e9ines, acc\u00e9l\u00e9rer la r\u00e9cup\u00e9ration et am\u00e9liorer vos performances physiques. Avec 34 portions d\u00e9licieuses par pot, ce suppl\u00e9ment est id\u00e9al pour compl\u00e9ter votre routine fitness.<\/div>\n","protected":false},"featured_media":6748,"comment_status":"open","ping_status":"closed","template":"","meta":[],"product_cat":[78],"product_tag":[],"class_list":{"0":"post-6591","1":"product","2":"type-product","3":"status-publish","4":"has-post-thumbnail","6":"product_brand-yava-labs","7":"product_cat-acide-amine","9":"first","10":"instock","11":"shipping-taxable","12":"purchasable","13":"product-type-simple"},"yoast_head":"<!-- This site is optimized with the Yoast SEO plugin v25.2 - https:\/\/yoast.com\/wordpress\/plugins\/seo\/ -->\n<title>YAVA LABS EAA COMPLEX 300G - MR MASS<\/title>\n<meta name=\"description\" content=\"34 SERVINGSD\u00e9couvrez EAA COMPLEX 300GR de Yava Labs, un m\u00e9lange parfaitement \u00e9quilibr\u00e9 d&#039;acides amin\u00e9s essentiels, dont 4.8g de BCAA par portion, con\u00e7u pour optimiser la synth\u00e8se des prot\u00e9ines, acc\u00e9l\u00e9rer la r\u00e9cup\u00e9ration et am\u00e9liorer vos performances physiques. Avec 34 portions d\u00e9licieuses par pot, ce suppl\u00e9ment est id\u00e9al pour compl\u00e9ter votre routine fitness.\" \/>\n<meta name=\"robots\" content=\"index, follow, max-snippet:-1, max-image-preview:large, max-video-preview:-1\" \/>\n<link rel=\"canonical\" href=\"https:\/\/mr-mass.com\/?product=yava-eaa\" \/>\n<meta property=\"og:locale\" content=\"fr_FR\" \/>\n<meta property=\"og:type\" content=\"article\" \/>\n<meta property=\"og:title\" content=\"YAVA LABS EAA COMPLEX 300G - MR MASS\" \/>\n<meta property=\"og:description\" content=\"34 SERVINGSD\u00e9couvrez EAA COMPLEX 300GR de Yava Labs, un m\u00e9lange parfaitement \u00e9quilibr\u00e9 d&#039;acides amin\u00e9s essentiels, dont 4.8g de BCAA par portion, con\u00e7u pour optimiser la synth\u00e8se des prot\u00e9ines, acc\u00e9l\u00e9rer la r\u00e9cup\u00e9ration et am\u00e9liorer vos performances physiques. Avec 34 portions d\u00e9licieuses par pot, ce suppl\u00e9ment est id\u00e9al pour compl\u00e9ter votre routine fitness.\" \/>\n<meta property=\"og:url\" content=\"https:\/\/mr-mass.com\/?product=yava-eaa\" \/>\n<meta property=\"og:site_name\" content=\"MR MASS\" \/>\n<meta property=\"article:modified_time\" content=\"2025-06-12T15:59:33+00:00\" \/>\n<meta property=\"og:image\" content=\"https:\/\/mr-mass.com\/wp-content\/uploads\/2025\/06\/produit_-_2024-08-28T170535.396-removebg-preview.webp-66cf3d0419c40.webp\" \/>\n\t<meta property=\"og:image:width\" content=\"500\" \/>\n\t<meta property=\"og:image:height\" content=\"500\" \/>\n\t<meta property=\"og:image:type\" content=\"image\/webp\" \/>\n<meta name=\"twitter:card\" content=\"summary_large_image\" \/>\n<meta name=\"twitter:label1\" content=\"Dur\u00e9e de lecture estim\u00e9e\" \/>\n\t<meta name=\"twitter:data1\" content=\"1 minute\" \/>\n<script type=\"application\/ld+json\" class=\"yoast-schema-graph\">{\"@context\":\"https:\/\/schema.org\",\"@graph\":[{\"@type\":\"WebPage\",\"@id\":\"https:\/\/mr-mass.com\/?product=yava-eaa\",\"url\":\"https:\/\/mr-mass.com\/?product=yava-eaa\",\"name\":\"YAVA LABS EAA COMPLEX 300G - MR MASS\",\"isPartOf\":{\"@id\":\"https:\/\/mr-mass.com\/#website\"},\"primaryImageOfPage\":{\"@id\":\"https:\/\/mr-mass.com\/?product=yava-eaa#primaryimage\"},\"image\":{\"@id\":\"https:\/\/mr-mass.com\/?product=yava-eaa#primaryimage\"},\"thumbnailUrl\":\"https:\/\/mr-mass.com\/wp-content\/uploads\/2025\/06\/produit_-_2024-08-28T170535.396-removebg-preview.webp-66cf3d0419c40.webp\",\"datePublished\":\"2025-06-10T08:46:55+00:00\",\"dateModified\":\"2025-06-12T15:59:33+00:00\",\"description\":\"34 SERVINGSD\u00e9couvrez EAA COMPLEX 300GR de Yava Labs, un m\u00e9lange parfaitement \u00e9quilibr\u00e9 d'acides amin\u00e9s essentiels, dont 4.8g de BCAA par portion, con\u00e7u pour optimiser la synth\u00e8se des prot\u00e9ines, acc\u00e9l\u00e9rer la r\u00e9cup\u00e9ration et am\u00e9liorer vos performances physiques. Avec 34 portions d\u00e9licieuses par pot, ce suppl\u00e9ment est id\u00e9al pour compl\u00e9ter votre routine fitness.\",\"breadcrumb\":{\"@id\":\"https:\/\/mr-mass.com\/?product=yava-eaa#breadcrumb\"},\"inLanguage\":\"fr-FR\",\"potentialAction\":[{\"@type\":\"ReadAction\",\"target\":[\"https:\/\/mr-mass.com\/?product=yava-eaa\"]}]},{\"@type\":\"ImageObject\",\"inLanguage\":\"fr-FR\",\"@id\":\"https:\/\/mr-mass.com\/?product=yava-eaa#primaryimage\",\"url\":\"https:\/\/mr-mass.com\/wp-content\/uploads\/2025\/06\/produit_-_2024-08-28T170535.396-removebg-preview.webp-66cf3d0419c40.webp\",\"contentUrl\":\"https:\/\/mr-mass.com\/wp-content\/uploads\/2025\/06\/produit_-_2024-08-28T170535.396-removebg-preview.webp-66cf3d0419c40.webp\",\"width\":500,\"height\":500},{\"@type\":\"BreadcrumbList\",\"@id\":\"https:\/\/mr-mass.com\/?product=yava-eaa#breadcrumb\",\"itemListElement\":[{\"@type\":\"ListItem\",\"position\":1,\"name\":\"Home\",\"item\":\"https:\/\/mr-mass.com\/\"},{\"@type\":\"ListItem\",\"position\":2,\"name\":\"Boutique\",\"item\":\"https:\/\/mr-mass.com\/?page_id=8\"},{\"@type\":\"ListItem\",\"position\":3,\"name\":\"YAVA LABS EAA COMPLEX 300G\"}]},{\"@type\":\"WebSite\",\"@id\":\"https:\/\/mr-mass.com\/#website\",\"url\":\"https:\/\/mr-mass.com\/\",\"name\":\"MR MASS\",\"description\":\"\",\"publisher\":{\"@id\":\"https:\/\/mr-mass.com\/#organization\"},\"potentialAction\":[{\"@type\":\"SearchAction\",\"target\":{\"@type\":\"EntryPoint\",\"urlTemplate\":\"https:\/\/mr-mass.com\/?s={search_term_string}\"},\"query-input\":{\"@type\":\"PropertyValueSpecification\",\"valueRequired\":true,\"valueName\":\"search_term_string\"}}],\"inLanguage\":\"fr-FR\"},{\"@type\":\"Organization\",\"@id\":\"https:\/\/mr-mass.com\/#organization\",\"name\":\"MR MASS\",\"url\":\"https:\/\/mr-mass.com\/\",\"logo\":{\"@type\":\"ImageObject\",\"inLanguage\":\"fr-FR\",\"@id\":\"https:\/\/mr-mass.com\/#\/schema\/logo\/image\/\",\"url\":\"https:\/\/mr-mass.com\/wp-content\/uploads\/2025\/06\/cropped-417524477_413976367821865_6357673664813295189_n-removebg-preview.png\",\"contentUrl\":\"https:\/\/mr-mass.com\/wp-content\/uploads\/2025\/06\/cropped-417524477_413976367821865_6357673664813295189_n-removebg-preview.png\",\"width\":500,\"height\":436,\"caption\":\"MR MASS\"},\"image\":{\"@id\":\"https:\/\/mr-mass.com\/#\/schema\/logo\/image\/\"}}]}<\/script>\n<!-- \/ Yoast SEO plugin. -->","yoast_head_json":{"title":"YAVA LABS EAA COMPLEX 300G - MR MASS","description":"34 SERVINGSD\u00e9couvrez EAA COMPLEX 300GR de Yava Labs, un m\u00e9lange parfaitement \u00e9quilibr\u00e9 d'acides amin\u00e9s essentiels, dont 4.8g de BCAA par portion, con\u00e7u pour optimiser la synth\u00e8se des prot\u00e9ines, acc\u00e9l\u00e9rer la r\u00e9cup\u00e9ration et am\u00e9liorer vos performances physiques. Avec 34 portions d\u00e9licieuses par pot, ce suppl\u00e9ment est id\u00e9al pour compl\u00e9ter votre routine fitness.","robots":{"index":"index","follow":"follow","max-snippet":"max-snippet:-1","max-image-preview":"max-image-preview:large","max-video-preview":"max-video-preview:-1"},"canonical":"https:\/\/mr-mass.com\/?product=yava-eaa","og_locale":"fr_FR","og_type":"article","og_title":"YAVA LABS EAA COMPLEX 300G - MR MASS","og_description":"34 SERVINGSD\u00e9couvrez EAA COMPLEX 300GR de Yava Labs, un m\u00e9lange parfaitement \u00e9quilibr\u00e9 d'acides amin\u00e9s essentiels, dont 4.8g de BCAA par portion, con\u00e7u pour optimiser la synth\u00e8se des prot\u00e9ines, acc\u00e9l\u00e9rer la r\u00e9cup\u00e9ration et am\u00e9liorer vos performances physiques. Avec 34 portions d\u00e9licieuses par pot, ce suppl\u00e9ment est id\u00e9al pour compl\u00e9ter votre routine fitness.","og_url":"https:\/\/mr-mass.com\/?product=yava-eaa","og_site_name":"MR MASS","article_modified_time":"2025-06-12T15:59:33+00:00","og_image":[{"width":500,"height":500,"url":"https:\/\/mr-mass.com\/wp-content\/uploads\/2025\/06\/produit_-_2024-08-28T170535.396-removebg-preview.webp-66cf3d0419c40.webp","type":"image\/webp"}],"twitter_card":"summary_large_image","twitter_misc":{"Dur\u00e9e de lecture estim\u00e9e":"1 minute"},"schema":{"@context":"https:\/\/schema.org","@graph":[{"@type":"WebPage","@id":"https:\/\/mr-mass.com\/?product=yava-eaa","url":"https:\/\/mr-mass.com\/?product=yava-eaa","name":"YAVA LABS EAA COMPLEX 300G - MR MASS","isPartOf":{"@id":"https:\/\/mr-mass.com\/#website"},"primaryImageOfPage":{"@id":"https:\/\/mr-mass.com\/?product=yava-eaa#primaryimage"},"image":{"@id":"https:\/\/mr-mass.com\/?product=yava-eaa#primaryimage"},"thumbnailUrl":"https:\/\/mr-mass.com\/wp-content\/uploads\/2025\/06\/produit_-_2024-08-28T170535.396-removebg-preview.webp-66cf3d0419c40.webp","datePublished":"2025-06-10T08:46:55+00:00","dateModified":"2025-06-12T15:59:33+00:00","description":"34 SERVINGSD\u00e9couvrez EAA COMPLEX 300GR de Yava Labs, un m\u00e9lange parfaitement \u00e9quilibr\u00e9 d'acides amin\u00e9s essentiels, dont 4.8g de BCAA par portion, con\u00e7u pour optimiser la synth\u00e8se des prot\u00e9ines, acc\u00e9l\u00e9rer la r\u00e9cup\u00e9ration et am\u00e9liorer vos performances physiques. Avec 34 portions d\u00e9licieuses par pot, ce suppl\u00e9ment est id\u00e9al pour compl\u00e9ter votre routine fitness.","breadcrumb":{"@id":"https:\/\/mr-mass.com\/?product=yava-eaa#breadcrumb"},"inLanguage":"fr-FR","potentialAction":[{"@type":"ReadAction","target":["https:\/\/mr-mass.com\/?product=yava-eaa"]}]},{"@type":"ImageObject","inLanguage":"fr-FR","@id":"https:\/\/mr-mass.com\/?product=yava-eaa#primaryimage","url":"https:\/\/mr-mass.com\/wp-content\/uploads\/2025\/06\/produit_-_2024-08-28T170535.396-removebg-preview.webp-66cf3d0419c40.webp","contentUrl":"https:\/\/mr-mass.com\/wp-content\/uploads\/2025\/06\/produit_-_2024-08-28T170535.396-removebg-preview.webp-66cf3d0419c40.webp","width":500,"height":500},{"@type":"BreadcrumbList","@id":"https:\/\/mr-mass.com\/?product=yava-eaa#breadcrumb","itemListElement":[{"@type":"ListItem","position":1,"name":"Home","item":"https:\/\/mr-mass.com\/"},{"@type":"ListItem","position":2,"name":"Boutique","item":"https:\/\/mr-mass.com\/?page_id=8"},{"@type":"ListItem","position":3,"name":"YAVA LABS EAA COMPLEX 300G"}]},{"@type":"WebSite","@id":"https:\/\/mr-mass.com\/#website","url":"https:\/\/mr-mass.com\/","name":"MR MASS","description":"","publisher":{"@id":"https:\/\/mr-mass.com\/#organization"},"potentialAction":[{"@type":"SearchAction","target":{"@type":"EntryPoint","urlTemplate":"https:\/\/mr-mass.com\/?s={search_term_string}"},"query-input":{"@type":"PropertyValueSpecification","valueRequired":true,"valueName":"search_term_string"}}],"inLanguage":"fr-FR"},{"@type":"Organization","@id":"https:\/\/mr-mass.com\/#organization","name":"MR MASS","url":"https:\/\/mr-mass.com\/","logo":{"@type":"ImageObject","inLanguage":"fr-FR","@id":"https:\/\/mr-mass.com\/#\/schema\/logo\/image\/","url":"https:\/\/mr-mass.com\/wp-content\/uploads\/2025\/06\/cropped-417524477_413976367821865_6357673664813295189_n-removebg-preview.png","contentUrl":"https:\/\/mr-mass.com\/wp-content\/uploads\/2025\/06\/cropped-417524477_413976367821865_6357673664813295189_n-removebg-preview.png","width":500,"height":436,"caption":"MR MASS"},"image":{"@id":"https:\/\/mr-mass.com\/#\/schema\/logo\/image\/"}}]}},"jetpack_sharing_enabled":true,"_links":{"self":[{"href":"https:\/\/mr-mass.com\/index.php?rest_route=\/wp\/v2\/product\/6591","targetHints":{"allow":["GET"]}}],"collection":[{"href":"https:\/\/mr-mass.com\/index.php?rest_route=\/wp\/v2\/product"}],"about":[{"href":"https:\/\/mr-mass.com\/index.php?rest_route=\/wp\/v2\/types\/product"}],"replies":[{"embeddable":true,"href":"https:\/\/mr-mass.com\/index.php?rest_route=%2Fwp%2Fv2%2Fcomments&post=6591"}],"wp:featuredmedia":[{"embeddable":true,"href":"https:\/\/mr-mass.com\/index.php?rest_route=\/wp\/v2\/media\/6748"}],"wp:attachment":[{"href":"https:\/\/mr-mass.com\/index.php?rest_route=%2Fwp%2Fv2%2Fmedia&parent=6591"}],"wp:term":[{"taxonomy":"product_cat","embeddable":true,"href":"https:\/\/mr-mass.com\/index.php?rest_route=%2Fwp%2Fv2%2Fproduct_cat&post=6591"},{"taxonomy":"product_tag","embeddable":true,"href":"https:\/\/mr-mass.com\/index.php?rest_route=%2Fwp%2Fv2%2Fproduct_tag&post=6591"}],"curies":[{"name":"wp","href":"https:\/\/api.w.org\/{rel}","templated":true}]}}