{"id":6592,"date":"2025-06-10T10:46:55","date_gmt":"2025-06-10T08:46:55","guid":{"rendered":"https:\/\/mr-mass.com\/?product=yava-pre-workout"},"modified":"2025-11-05T13:54:28","modified_gmt":"2025-11-05T12:54:28","slug":"yava-pre-workout","status":"publish","type":"product","link":"https:\/\/mr-mass.com\/?product=yava-pre-workout","title":{"rendered":"YAVA LABS PRE WORKOUT 300GR"},"content":{"rendered":"<ul id=\"myTab\" class=\"nav nav-tabs custom-nav\" role=\"tablist\">\n<li class=\"nav-item\" role=\"presentation\"><button id=\"description-tab\" class=\"nav-link active\" role=\"tab\" type=\"button\" data-bs-toggle=\"tab\" data-bs-target=\"#description\" aria-controls=\"description\" aria-selected=\"true\">Description<\/button><\/li>\n<\/ul>\n<div id=\"myTabContent\" class=\"tab-content custom-tab\">\n<div id=\"description\" class=\"tab-pane fade show active\" role=\"tabpanel\" aria-labelledby=\"description-tab\">\n<div class=\"product-description\">\n<p>Le\u00a0<strong>Yava Labs Elite Pre-Workout<\/strong>\u00a0est un compl\u00e9ment haut de gamme, con\u00e7u avec soin pour am\u00e9liorer vos performances sportives. Adoub\u00e9 par Breon Ansley, double champion Mr. Olympia Classic, ce pr\u00e9-entra\u00eenement favorise une endurance accrue et vous procure une \u00e9nergie intense pour des s\u00e9ances d\u2019entra\u00eenement efficaces. Ce m\u00e9lange pr\u00e9cis de b\u00eata-alanine, citrulline, caf\u00e9ine, et autres composants essentiels garantit une congestion musculaire optimale sans provoquer d\u2019effets secondaires ind\u00e9sirables tels que des tremblements, tout en am\u00e9liorant votre concentration et en offrant une \u00e9nergie durable. Disponible en plusieurs saveurs d\u00e9licieuses pour enrichir votre routine pr\u00e9-entra\u00eenement.<\/p>\n<p><strong>Conseils d\u2019Utilisation:<\/strong><br \/>\nPour des r\u00e9sultats optimaux, diluez 5g (1\/2 cuill\u00e8re) du produit dans 100ml d&rsquo;eau et consommez imm\u00e9diatement apr\u00e8s pr\u00e9paration. Ce pr\u00e9-entra\u00eenement est id\u00e9al \u00e0 prendre avant vos s\u00e9ances pour maximiser vos performances et votre endurance.<\/p>\n<p><strong>Pr\u00e9cautions:<\/strong><br \/>\nNe pas d\u00e9passer la dose quotidienne recommand\u00e9e. Ne consommez pas ce produit si vous pr\u00e9sentez une hypersensibilit\u00e9 \u00e0 l\u2019un de ses ingr\u00e9dients. Les compl\u00e9ments alimentaires ne doivent pas se substituer \u00e0 une alimentation \u00e9quilibr\u00e9e et vari\u00e9e, ni \u00e0 un mode de vie sain. Ce produit peut contenir des traces accidentelles de gluten, d&rsquo;\u0153ufs, de graines de s\u00e9same, de noix, de c\u00e9leri et de sulfites.<\/p>\n<p><strong>Conditions de Conservation:<\/strong><br \/>\nConservez ce produit dans son emballage d&rsquo;origine, herm\u00e9tiquement ferm\u00e9, \u00e0 temp\u00e9rature ambiante et \u00e0 l&rsquo;abri de la lumi\u00e8re. Gardez-le dans un endroit frais et sec, \u00e0 l&rsquo;abri de la chaleur et du soleil, avec une temp\u00e9rature ne d\u00e9passant pas 25\u00b0C. La date de p\u00e9remption et le num\u00e9ro de lot sont indiqu\u00e9s au bas de l&#8217;emballage. Gardez ce produit hors de port\u00e9e des enfants. Notez que le contenu est vendu au poids et non au volume.<\/p>\n<\/div>\n<\/div>\n<\/div>\n","protected":false},"excerpt":{"rendered":"<p><span class=\"badge rounded-pill text-bg-primary\">60 SERVINGS<\/span><\/p>\n<div class=\"procuct-contain\">Yava Labs Elite Pre-Workout est un compl\u00e9ment de qualit\u00e9 sup\u00e9rieure approuv\u00e9 par Breon Ansley, champion Mr. Olympia Classic. Formul\u00e9 pour augmenter votre endurance et votre \u00e9nergie, ce pr\u00e9-entra\u00eenement vous offre une congestion musculaire optimale sans effets ind\u00e9sirables. Disponibles en plusieurs saveurs d\u00e9licieuses.<\/div>\n","protected":false},"featured_media":6751,"comment_status":"open","ping_status":"closed","template":"","meta":[],"product_cat":[38,67],"product_tag":[],"class_list":{"0":"post-6592","1":"product","2":"type-product","3":"status-publish","4":"has-post-thumbnail","6":"product_brand-yava-labs","7":"product_cat-endurance-energy","8":"product_cat-pre-workout","10":"first","11":"outofstock","12":"shipping-taxable","13":"purchasable","14":"product-type-simple"},"yoast_head":"<!-- This site is optimized with the Yoast SEO plugin v25.2 - https:\/\/yoast.com\/wordpress\/plugins\/seo\/ -->\n<title>YAVA LABS PRE WORKOUT 300GR - MR MASS<\/title>\n<meta name=\"description\" content=\"60 SERVINGSYava Labs Elite Pre-Workout est un compl\u00e9ment de qualit\u00e9 sup\u00e9rieure approuv\u00e9 par Breon Ansley, champion Mr. Olympia Classic. Formul\u00e9 pour augmenter votre endurance et votre \u00e9nergie, ce pr\u00e9-entra\u00eenement vous offre une congestion musculaire optimale sans effets ind\u00e9sirables. Disponibles en plusieurs saveurs d\u00e9licieuses.\" \/>\n<meta name=\"robots\" content=\"index, follow, max-snippet:-1, max-image-preview:large, max-video-preview:-1\" \/>\n<link rel=\"canonical\" href=\"https:\/\/mr-mass.com\/?product=yava-pre-workout\" \/>\n<meta property=\"og:locale\" content=\"fr_FR\" \/>\n<meta property=\"og:type\" content=\"article\" \/>\n<meta property=\"og:title\" content=\"YAVA LABS PRE WORKOUT 300GR - MR MASS\" \/>\n<meta property=\"og:description\" content=\"60 SERVINGSYava Labs Elite Pre-Workout est un compl\u00e9ment de qualit\u00e9 sup\u00e9rieure approuv\u00e9 par Breon Ansley, champion Mr. Olympia Classic. Formul\u00e9 pour augmenter votre endurance et votre \u00e9nergie, ce pr\u00e9-entra\u00eenement vous offre une congestion musculaire optimale sans effets ind\u00e9sirables. Disponibles en plusieurs saveurs d\u00e9licieuses.\" \/>\n<meta property=\"og:url\" content=\"https:\/\/mr-mass.com\/?product=yava-pre-workout\" \/>\n<meta property=\"og:site_name\" content=\"MR MASS\" \/>\n<meta property=\"article:modified_time\" content=\"2025-11-05T12:54:28+00:00\" \/>\n<meta property=\"og:image\" content=\"https:\/\/mr-mass.com\/wp-content\/uploads\/2025\/06\/produit-removebg-preview.webp-66d1db19276b3.webp\" \/>\n\t<meta property=\"og:image:width\" content=\"500\" \/>\n\t<meta property=\"og:image:height\" content=\"500\" \/>\n\t<meta property=\"og:image:type\" content=\"image\/webp\" \/>\n<meta name=\"twitter:card\" content=\"summary_large_image\" \/>\n<meta name=\"twitter:label1\" content=\"Dur\u00e9e de lecture estim\u00e9e\" \/>\n\t<meta name=\"twitter:data1\" content=\"2 minutes\" \/>\n<script type=\"application\/ld+json\" class=\"yoast-schema-graph\">{\"@context\":\"https:\/\/schema.org\",\"@graph\":[{\"@type\":\"WebPage\",\"@id\":\"https:\/\/mr-mass.com\/?product=yava-pre-workout\",\"url\":\"https:\/\/mr-mass.com\/?product=yava-pre-workout\",\"name\":\"YAVA LABS PRE WORKOUT 300GR - MR MASS\",\"isPartOf\":{\"@id\":\"https:\/\/mr-mass.com\/#website\"},\"primaryImageOfPage\":{\"@id\":\"https:\/\/mr-mass.com\/?product=yava-pre-workout#primaryimage\"},\"image\":{\"@id\":\"https:\/\/mr-mass.com\/?product=yava-pre-workout#primaryimage\"},\"thumbnailUrl\":\"https:\/\/mr-mass.com\/wp-content\/uploads\/2025\/06\/produit-removebg-preview.webp-66d1db19276b3.webp\",\"datePublished\":\"2025-06-10T08:46:55+00:00\",\"dateModified\":\"2025-11-05T12:54:28+00:00\",\"description\":\"60 SERVINGSYava Labs Elite Pre-Workout est un compl\u00e9ment de qualit\u00e9 sup\u00e9rieure approuv\u00e9 par Breon Ansley, champion Mr. Olympia Classic. Formul\u00e9 pour augmenter votre endurance et votre \u00e9nergie, ce pr\u00e9-entra\u00eenement vous offre une congestion musculaire optimale sans effets ind\u00e9sirables. Disponibles en plusieurs saveurs d\u00e9licieuses.\",\"breadcrumb\":{\"@id\":\"https:\/\/mr-mass.com\/?product=yava-pre-workout#breadcrumb\"},\"inLanguage\":\"fr-FR\",\"potentialAction\":[{\"@type\":\"ReadAction\",\"target\":[\"https:\/\/mr-mass.com\/?product=yava-pre-workout\"]}]},{\"@type\":\"ImageObject\",\"inLanguage\":\"fr-FR\",\"@id\":\"https:\/\/mr-mass.com\/?product=yava-pre-workout#primaryimage\",\"url\":\"https:\/\/mr-mass.com\/wp-content\/uploads\/2025\/06\/produit-removebg-preview.webp-66d1db19276b3.webp\",\"contentUrl\":\"https:\/\/mr-mass.com\/wp-content\/uploads\/2025\/06\/produit-removebg-preview.webp-66d1db19276b3.webp\",\"width\":500,\"height\":500},{\"@type\":\"BreadcrumbList\",\"@id\":\"https:\/\/mr-mass.com\/?product=yava-pre-workout#breadcrumb\",\"itemListElement\":[{\"@type\":\"ListItem\",\"position\":1,\"name\":\"Home\",\"item\":\"https:\/\/mr-mass.com\/\"},{\"@type\":\"ListItem\",\"position\":2,\"name\":\"Boutique\",\"item\":\"https:\/\/mr-mass.com\/?page_id=8\"},{\"@type\":\"ListItem\",\"position\":3,\"name\":\"YAVA LABS PRE WORKOUT 300GR\"}]},{\"@type\":\"WebSite\",\"@id\":\"https:\/\/mr-mass.com\/#website\",\"url\":\"https:\/\/mr-mass.com\/\",\"name\":\"MR MASS\",\"description\":\"\",\"publisher\":{\"@id\":\"https:\/\/mr-mass.com\/#organization\"},\"potentialAction\":[{\"@type\":\"SearchAction\",\"target\":{\"@type\":\"EntryPoint\",\"urlTemplate\":\"https:\/\/mr-mass.com\/?s={search_term_string}\"},\"query-input\":{\"@type\":\"PropertyValueSpecification\",\"valueRequired\":true,\"valueName\":\"search_term_string\"}}],\"inLanguage\":\"fr-FR\"},{\"@type\":\"Organization\",\"@id\":\"https:\/\/mr-mass.com\/#organization\",\"name\":\"MR MASS\",\"url\":\"https:\/\/mr-mass.com\/\",\"logo\":{\"@type\":\"ImageObject\",\"inLanguage\":\"fr-FR\",\"@id\":\"https:\/\/mr-mass.com\/#\/schema\/logo\/image\/\",\"url\":\"https:\/\/mr-mass.com\/wp-content\/uploads\/2025\/06\/cropped-417524477_413976367821865_6357673664813295189_n-removebg-preview.png\",\"contentUrl\":\"https:\/\/mr-mass.com\/wp-content\/uploads\/2025\/06\/cropped-417524477_413976367821865_6357673664813295189_n-removebg-preview.png\",\"width\":500,\"height\":436,\"caption\":\"MR MASS\"},\"image\":{\"@id\":\"https:\/\/mr-mass.com\/#\/schema\/logo\/image\/\"}}]}<\/script>\n<!-- \/ Yoast SEO plugin. -->","yoast_head_json":{"title":"YAVA LABS PRE WORKOUT 300GR - MR MASS","description":"60 SERVINGSYava Labs Elite Pre-Workout est un compl\u00e9ment de qualit\u00e9 sup\u00e9rieure approuv\u00e9 par Breon Ansley, champion Mr. Olympia Classic. Formul\u00e9 pour augmenter votre endurance et votre \u00e9nergie, ce pr\u00e9-entra\u00eenement vous offre une congestion musculaire optimale sans effets ind\u00e9sirables. Disponibles en plusieurs saveurs d\u00e9licieuses.","robots":{"index":"index","follow":"follow","max-snippet":"max-snippet:-1","max-image-preview":"max-image-preview:large","max-video-preview":"max-video-preview:-1"},"canonical":"https:\/\/mr-mass.com\/?product=yava-pre-workout","og_locale":"fr_FR","og_type":"article","og_title":"YAVA LABS PRE WORKOUT 300GR - MR MASS","og_description":"60 SERVINGSYava Labs Elite Pre-Workout est un compl\u00e9ment de qualit\u00e9 sup\u00e9rieure approuv\u00e9 par Breon Ansley, champion Mr. Olympia Classic. Formul\u00e9 pour augmenter votre endurance et votre \u00e9nergie, ce pr\u00e9-entra\u00eenement vous offre une congestion musculaire optimale sans effets ind\u00e9sirables. Disponibles en plusieurs saveurs d\u00e9licieuses.","og_url":"https:\/\/mr-mass.com\/?product=yava-pre-workout","og_site_name":"MR MASS","article_modified_time":"2025-11-05T12:54:28+00:00","og_image":[{"width":500,"height":500,"url":"https:\/\/mr-mass.com\/wp-content\/uploads\/2025\/06\/produit-removebg-preview.webp-66d1db19276b3.webp","type":"image\/webp"}],"twitter_card":"summary_large_image","twitter_misc":{"Dur\u00e9e de lecture estim\u00e9e":"2 minutes"},"schema":{"@context":"https:\/\/schema.org","@graph":[{"@type":"WebPage","@id":"https:\/\/mr-mass.com\/?product=yava-pre-workout","url":"https:\/\/mr-mass.com\/?product=yava-pre-workout","name":"YAVA LABS PRE WORKOUT 300GR - MR MASS","isPartOf":{"@id":"https:\/\/mr-mass.com\/#website"},"primaryImageOfPage":{"@id":"https:\/\/mr-mass.com\/?product=yava-pre-workout#primaryimage"},"image":{"@id":"https:\/\/mr-mass.com\/?product=yava-pre-workout#primaryimage"},"thumbnailUrl":"https:\/\/mr-mass.com\/wp-content\/uploads\/2025\/06\/produit-removebg-preview.webp-66d1db19276b3.webp","datePublished":"2025-06-10T08:46:55+00:00","dateModified":"2025-11-05T12:54:28+00:00","description":"60 SERVINGSYava Labs Elite Pre-Workout est un compl\u00e9ment de qualit\u00e9 sup\u00e9rieure approuv\u00e9 par Breon Ansley, champion Mr. Olympia Classic. Formul\u00e9 pour augmenter votre endurance et votre \u00e9nergie, ce pr\u00e9-entra\u00eenement vous offre une congestion musculaire optimale sans effets ind\u00e9sirables. Disponibles en plusieurs saveurs d\u00e9licieuses.","breadcrumb":{"@id":"https:\/\/mr-mass.com\/?product=yava-pre-workout#breadcrumb"},"inLanguage":"fr-FR","potentialAction":[{"@type":"ReadAction","target":["https:\/\/mr-mass.com\/?product=yava-pre-workout"]}]},{"@type":"ImageObject","inLanguage":"fr-FR","@id":"https:\/\/mr-mass.com\/?product=yava-pre-workout#primaryimage","url":"https:\/\/mr-mass.com\/wp-content\/uploads\/2025\/06\/produit-removebg-preview.webp-66d1db19276b3.webp","contentUrl":"https:\/\/mr-mass.com\/wp-content\/uploads\/2025\/06\/produit-removebg-preview.webp-66d1db19276b3.webp","width":500,"height":500},{"@type":"BreadcrumbList","@id":"https:\/\/mr-mass.com\/?product=yava-pre-workout#breadcrumb","itemListElement":[{"@type":"ListItem","position":1,"name":"Home","item":"https:\/\/mr-mass.com\/"},{"@type":"ListItem","position":2,"name":"Boutique","item":"https:\/\/mr-mass.com\/?page_id=8"},{"@type":"ListItem","position":3,"name":"YAVA LABS PRE WORKOUT 300GR"}]},{"@type":"WebSite","@id":"https:\/\/mr-mass.com\/#website","url":"https:\/\/mr-mass.com\/","name":"MR MASS","description":"","publisher":{"@id":"https:\/\/mr-mass.com\/#organization"},"potentialAction":[{"@type":"SearchAction","target":{"@type":"EntryPoint","urlTemplate":"https:\/\/mr-mass.com\/?s={search_term_string}"},"query-input":{"@type":"PropertyValueSpecification","valueRequired":true,"valueName":"search_term_string"}}],"inLanguage":"fr-FR"},{"@type":"Organization","@id":"https:\/\/mr-mass.com\/#organization","name":"MR MASS","url":"https:\/\/mr-mass.com\/","logo":{"@type":"ImageObject","inLanguage":"fr-FR","@id":"https:\/\/mr-mass.com\/#\/schema\/logo\/image\/","url":"https:\/\/mr-mass.com\/wp-content\/uploads\/2025\/06\/cropped-417524477_413976367821865_6357673664813295189_n-removebg-preview.png","contentUrl":"https:\/\/mr-mass.com\/wp-content\/uploads\/2025\/06\/cropped-417524477_413976367821865_6357673664813295189_n-removebg-preview.png","width":500,"height":436,"caption":"MR MASS"},"image":{"@id":"https:\/\/mr-mass.com\/#\/schema\/logo\/image\/"}}]}},"jetpack_sharing_enabled":true,"_links":{"self":[{"href":"https:\/\/mr-mass.com\/index.php?rest_route=\/wp\/v2\/product\/6592","targetHints":{"allow":["GET"]}}],"collection":[{"href":"https:\/\/mr-mass.com\/index.php?rest_route=\/wp\/v2\/product"}],"about":[{"href":"https:\/\/mr-mass.com\/index.php?rest_route=\/wp\/v2\/types\/product"}],"replies":[{"embeddable":true,"href":"https:\/\/mr-mass.com\/index.php?rest_route=%2Fwp%2Fv2%2Fcomments&post=6592"}],"wp:featuredmedia":[{"embeddable":true,"href":"https:\/\/mr-mass.com\/index.php?rest_route=\/wp\/v2\/media\/6751"}],"wp:attachment":[{"href":"https:\/\/mr-mass.com\/index.php?rest_route=%2Fwp%2Fv2%2Fmedia&parent=6592"}],"wp:term":[{"taxonomy":"product_cat","embeddable":true,"href":"https:\/\/mr-mass.com\/index.php?rest_route=%2Fwp%2Fv2%2Fproduct_cat&post=6592"},{"taxonomy":"product_tag","embeddable":true,"href":"https:\/\/mr-mass.com\/index.php?rest_route=%2Fwp%2Fv2%2Fproduct_tag&post=6592"}],"curies":[{"name":"wp","href":"https:\/\/api.w.org\/{rel}","templated":true}]}}