{"id":6594,"date":"2025-06-10T10:46:55","date_gmt":"2025-06-10T08:46:55","guid":{"rendered":"https:\/\/mr-mass.com\/?product=yava-labs-elite-whey-2kg"},"modified":"2025-06-12T17:21:38","modified_gmt":"2025-06-12T15:21:38","slug":"yava-labs-elite-whey-2kg","status":"publish","type":"product","link":"https:\/\/mr-mass.com\/?product=yava-labs-elite-whey-2kg","title":{"rendered":"YAVA LABS ELITE WHEY 2KG"},"content":{"rendered":"<ul id=\"myTab\" class=\"nav nav-tabs custom-nav\" role=\"tablist\">\n<li class=\"nav-item\" role=\"presentation\"><button id=\"description-tab\" class=\"nav-link active\" role=\"tab\" type=\"button\" data-bs-toggle=\"tab\" data-bs-target=\"#description\" aria-controls=\"description\" aria-selected=\"true\">Description<\/button><\/li>\n<\/ul>\n<div id=\"myTabContent\" class=\"tab-content custom-tab\">\n<div id=\"description\" class=\"tab-pane fade show active\" role=\"tabpanel\" aria-labelledby=\"description-tab\">\n<div class=\"product-description\">\n<p>Boostez vos muscles avec\u00a0<b>ELITE WHEY 2KG de la marque Yava Labs<\/b>.\u00a0<b>Chaque portion vous apporte 22g de prot\u00e9ines<\/b>\u00a0de lactos\u00e9rum concentr\u00e9 de qualit\u00e9 sup\u00e9rieure, con\u00e7ues pour soutenir la croissance musculaire et am\u00e9liorer la r\u00e9cup\u00e9ration apr\u00e8s l&rsquo;entra\u00eenement.\u00a0<b>Enrichi de 5g de BCAA, dont 2.4g de leucine<\/b>, ce produit est sp\u00e9cialement formul\u00e9 pour maximiser l&rsquo;hypertrophie musculaire, ce qui en fait un choix id\u00e9al pour les athl\u00e8tes et les amateurs de fitness souhaitant am\u00e9liorer leur force et leur endurance.<\/p>\n<p>Avec ses saveurs d\u00e9licieuses, le shake ELITE WHEY transforme votre apport en prot\u00e9ines en un moment de plaisir. M\u00e9langez une portion de 30g (1 cuill\u00e8re) avec 200 ml d&rsquo;eau ou de lait, et consommez-le de pr\u00e9f\u00e9rence apr\u00e8s l&rsquo;entra\u00eenement, au r\u00e9veil, ou \u00e0 tout moment de la journ\u00e9e pour un soutien musculaire continu. Ce produit peut \u00e9galement \u00eatre pris avant le coucher pour nourrir vos muscles pendant la nuit.<\/p>\n<p><strong>Pr\u00e9cautions d&#8217;emploi<\/strong>\u00a0: Ne d\u00e9passez pas la dose journali\u00e8re recommand\u00e9e. Si vous \u00eates enceinte ou allaitez, consultez un m\u00e9decin avant utilisation. Ce produit ne doit pas se substituer \u00e0 une alimentation vari\u00e9e et \u00e9quilibr\u00e9e. Les personnes allergiques ou hypersensibles \u00e0 l&rsquo;un des ingr\u00e9dients doivent \u00e9viter de consommer ce produit.<\/p>\n<\/div>\n<\/div>\n<\/div>\n","protected":false},"excerpt":{"rendered":"<p><span class=\"badge rounded-pill text-bg-primary\">60 SERVINGS<\/span><\/p>\n<div class=\"procuct-contain\">D\u00e9couvrez ELITE WHEY 2KG de Yava Labs, une prot\u00e9ine de lactos\u00e9rum de haute qualit\u00e9 offrant 22g de prot\u00e9ines, 5g de BCAA et 2.4g de leucine par portion. Id\u00e9al pour favoriser la croissance musculaire et acc\u00e9l\u00e9rer la r\u00e9cup\u00e9ration, ce suppl\u00e9ment est parfait pour les athl\u00e8tes cherchant \u00e0 am\u00e9liorer leurs performances.<\/div>\n","protected":false},"featured_media":6736,"comment_status":"open","ping_status":"closed","template":"","meta":[],"product_cat":[50],"product_tag":[],"class_list":{"0":"post-6594","1":"product","2":"type-product","3":"status-publish","4":"has-post-thumbnail","6":"product_brand-yava-labs","7":"product_cat-protein","9":"first","10":"instock","11":"shipping-taxable","12":"purchasable","13":"product-type-simple"},"yoast_head":"<!-- This site is optimized with the Yoast SEO plugin v25.2 - https:\/\/yoast.com\/wordpress\/plugins\/seo\/ -->\n<title>YAVA LABS ELITE WHEY 2KG - MR MASS<\/title>\n<meta name=\"description\" content=\"60 SERVINGSD\u00e9couvrez ELITE WHEY 2KG de Yava Labs, une prot\u00e9ine de lactos\u00e9rum de haute qualit\u00e9 offrant 22g de prot\u00e9ines, 5g de BCAA et 2.4g de leucine par portion. Id\u00e9al pour favoriser la croissance musculaire et acc\u00e9l\u00e9rer la r\u00e9cup\u00e9ration, ce suppl\u00e9ment est parfait pour les athl\u00e8tes cherchant \u00e0 am\u00e9liorer leurs performances.\" \/>\n<meta name=\"robots\" content=\"index, follow, max-snippet:-1, max-image-preview:large, max-video-preview:-1\" \/>\n<link rel=\"canonical\" href=\"https:\/\/mr-mass.com\/?product=yava-labs-elite-whey-2kg\" \/>\n<meta property=\"og:locale\" content=\"fr_FR\" \/>\n<meta property=\"og:type\" content=\"article\" \/>\n<meta property=\"og:title\" content=\"YAVA LABS ELITE WHEY 2KG - MR MASS\" \/>\n<meta property=\"og:description\" content=\"60 SERVINGSD\u00e9couvrez ELITE WHEY 2KG de Yava Labs, une prot\u00e9ine de lactos\u00e9rum de haute qualit\u00e9 offrant 22g de prot\u00e9ines, 5g de BCAA et 2.4g de leucine par portion. Id\u00e9al pour favoriser la croissance musculaire et acc\u00e9l\u00e9rer la r\u00e9cup\u00e9ration, ce suppl\u00e9ment est parfait pour les athl\u00e8tes cherchant \u00e0 am\u00e9liorer leurs performances.\" \/>\n<meta property=\"og:url\" content=\"https:\/\/mr-mass.com\/?product=yava-labs-elite-whey-2kg\" \/>\n<meta property=\"og:site_name\" content=\"MR MASS\" \/>\n<meta property=\"article:modified_time\" content=\"2025-06-12T15:21:38+00:00\" \/>\n<meta property=\"og:image\" content=\"https:\/\/mr-mass.com\/wp-content\/uploads\/2025\/06\/produit_-_2024-08-28T173531.885-removebg-preview.webp-66cf43fb0375c.webp\" \/>\n\t<meta property=\"og:image:width\" content=\"500\" \/>\n\t<meta property=\"og:image:height\" content=\"500\" \/>\n\t<meta property=\"og:image:type\" content=\"image\/webp\" \/>\n<meta name=\"twitter:card\" content=\"summary_large_image\" \/>\n<meta name=\"twitter:label1\" content=\"Dur\u00e9e de lecture estim\u00e9e\" \/>\n\t<meta name=\"twitter:data1\" content=\"2 minutes\" \/>\n<script type=\"application\/ld+json\" class=\"yoast-schema-graph\">{\"@context\":\"https:\/\/schema.org\",\"@graph\":[{\"@type\":\"WebPage\",\"@id\":\"https:\/\/mr-mass.com\/?product=yava-labs-elite-whey-2kg\",\"url\":\"https:\/\/mr-mass.com\/?product=yava-labs-elite-whey-2kg\",\"name\":\"YAVA LABS ELITE WHEY 2KG - MR MASS\",\"isPartOf\":{\"@id\":\"https:\/\/mr-mass.com\/#website\"},\"primaryImageOfPage\":{\"@id\":\"https:\/\/mr-mass.com\/?product=yava-labs-elite-whey-2kg#primaryimage\"},\"image\":{\"@id\":\"https:\/\/mr-mass.com\/?product=yava-labs-elite-whey-2kg#primaryimage\"},\"thumbnailUrl\":\"https:\/\/mr-mass.com\/wp-content\/uploads\/2025\/06\/produit_-_2024-08-28T173531.885-removebg-preview.webp-66cf43fb0375c.webp\",\"datePublished\":\"2025-06-10T08:46:55+00:00\",\"dateModified\":\"2025-06-12T15:21:38+00:00\",\"description\":\"60 SERVINGSD\u00e9couvrez ELITE WHEY 2KG de Yava Labs, une prot\u00e9ine de lactos\u00e9rum de haute qualit\u00e9 offrant 22g de prot\u00e9ines, 5g de BCAA et 2.4g de leucine par portion. Id\u00e9al pour favoriser la croissance musculaire et acc\u00e9l\u00e9rer la r\u00e9cup\u00e9ration, ce suppl\u00e9ment est parfait pour les athl\u00e8tes cherchant \u00e0 am\u00e9liorer leurs performances.\",\"breadcrumb\":{\"@id\":\"https:\/\/mr-mass.com\/?product=yava-labs-elite-whey-2kg#breadcrumb\"},\"inLanguage\":\"fr-FR\",\"potentialAction\":[{\"@type\":\"ReadAction\",\"target\":[\"https:\/\/mr-mass.com\/?product=yava-labs-elite-whey-2kg\"]}]},{\"@type\":\"ImageObject\",\"inLanguage\":\"fr-FR\",\"@id\":\"https:\/\/mr-mass.com\/?product=yava-labs-elite-whey-2kg#primaryimage\",\"url\":\"https:\/\/mr-mass.com\/wp-content\/uploads\/2025\/06\/produit_-_2024-08-28T173531.885-removebg-preview.webp-66cf43fb0375c.webp\",\"contentUrl\":\"https:\/\/mr-mass.com\/wp-content\/uploads\/2025\/06\/produit_-_2024-08-28T173531.885-removebg-preview.webp-66cf43fb0375c.webp\",\"width\":500,\"height\":500},{\"@type\":\"BreadcrumbList\",\"@id\":\"https:\/\/mr-mass.com\/?product=yava-labs-elite-whey-2kg#breadcrumb\",\"itemListElement\":[{\"@type\":\"ListItem\",\"position\":1,\"name\":\"Home\",\"item\":\"https:\/\/mr-mass.com\/\"},{\"@type\":\"ListItem\",\"position\":2,\"name\":\"Boutique\",\"item\":\"https:\/\/mr-mass.com\/?page_id=8\"},{\"@type\":\"ListItem\",\"position\":3,\"name\":\"YAVA LABS ELITE WHEY 2KG\"}]},{\"@type\":\"WebSite\",\"@id\":\"https:\/\/mr-mass.com\/#website\",\"url\":\"https:\/\/mr-mass.com\/\",\"name\":\"MR MASS\",\"description\":\"\",\"publisher\":{\"@id\":\"https:\/\/mr-mass.com\/#organization\"},\"potentialAction\":[{\"@type\":\"SearchAction\",\"target\":{\"@type\":\"EntryPoint\",\"urlTemplate\":\"https:\/\/mr-mass.com\/?s={search_term_string}\"},\"query-input\":{\"@type\":\"PropertyValueSpecification\",\"valueRequired\":true,\"valueName\":\"search_term_string\"}}],\"inLanguage\":\"fr-FR\"},{\"@type\":\"Organization\",\"@id\":\"https:\/\/mr-mass.com\/#organization\",\"name\":\"MR MASS\",\"url\":\"https:\/\/mr-mass.com\/\",\"logo\":{\"@type\":\"ImageObject\",\"inLanguage\":\"fr-FR\",\"@id\":\"https:\/\/mr-mass.com\/#\/schema\/logo\/image\/\",\"url\":\"https:\/\/mr-mass.com\/wp-content\/uploads\/2025\/06\/cropped-417524477_413976367821865_6357673664813295189_n-removebg-preview.png\",\"contentUrl\":\"https:\/\/mr-mass.com\/wp-content\/uploads\/2025\/06\/cropped-417524477_413976367821865_6357673664813295189_n-removebg-preview.png\",\"width\":500,\"height\":436,\"caption\":\"MR MASS\"},\"image\":{\"@id\":\"https:\/\/mr-mass.com\/#\/schema\/logo\/image\/\"}}]}<\/script>\n<!-- \/ Yoast SEO plugin. -->","yoast_head_json":{"title":"YAVA LABS ELITE WHEY 2KG - MR MASS","description":"60 SERVINGSD\u00e9couvrez ELITE WHEY 2KG de Yava Labs, une prot\u00e9ine de lactos\u00e9rum de haute qualit\u00e9 offrant 22g de prot\u00e9ines, 5g de BCAA et 2.4g de leucine par portion. Id\u00e9al pour favoriser la croissance musculaire et acc\u00e9l\u00e9rer la r\u00e9cup\u00e9ration, ce suppl\u00e9ment est parfait pour les athl\u00e8tes cherchant \u00e0 am\u00e9liorer leurs performances.","robots":{"index":"index","follow":"follow","max-snippet":"max-snippet:-1","max-image-preview":"max-image-preview:large","max-video-preview":"max-video-preview:-1"},"canonical":"https:\/\/mr-mass.com\/?product=yava-labs-elite-whey-2kg","og_locale":"fr_FR","og_type":"article","og_title":"YAVA LABS ELITE WHEY 2KG - MR MASS","og_description":"60 SERVINGSD\u00e9couvrez ELITE WHEY 2KG de Yava Labs, une prot\u00e9ine de lactos\u00e9rum de haute qualit\u00e9 offrant 22g de prot\u00e9ines, 5g de BCAA et 2.4g de leucine par portion. Id\u00e9al pour favoriser la croissance musculaire et acc\u00e9l\u00e9rer la r\u00e9cup\u00e9ration, ce suppl\u00e9ment est parfait pour les athl\u00e8tes cherchant \u00e0 am\u00e9liorer leurs performances.","og_url":"https:\/\/mr-mass.com\/?product=yava-labs-elite-whey-2kg","og_site_name":"MR MASS","article_modified_time":"2025-06-12T15:21:38+00:00","og_image":[{"width":500,"height":500,"url":"https:\/\/mr-mass.com\/wp-content\/uploads\/2025\/06\/produit_-_2024-08-28T173531.885-removebg-preview.webp-66cf43fb0375c.webp","type":"image\/webp"}],"twitter_card":"summary_large_image","twitter_misc":{"Dur\u00e9e de lecture estim\u00e9e":"2 minutes"},"schema":{"@context":"https:\/\/schema.org","@graph":[{"@type":"WebPage","@id":"https:\/\/mr-mass.com\/?product=yava-labs-elite-whey-2kg","url":"https:\/\/mr-mass.com\/?product=yava-labs-elite-whey-2kg","name":"YAVA LABS ELITE WHEY 2KG - MR MASS","isPartOf":{"@id":"https:\/\/mr-mass.com\/#website"},"primaryImageOfPage":{"@id":"https:\/\/mr-mass.com\/?product=yava-labs-elite-whey-2kg#primaryimage"},"image":{"@id":"https:\/\/mr-mass.com\/?product=yava-labs-elite-whey-2kg#primaryimage"},"thumbnailUrl":"https:\/\/mr-mass.com\/wp-content\/uploads\/2025\/06\/produit_-_2024-08-28T173531.885-removebg-preview.webp-66cf43fb0375c.webp","datePublished":"2025-06-10T08:46:55+00:00","dateModified":"2025-06-12T15:21:38+00:00","description":"60 SERVINGSD\u00e9couvrez ELITE WHEY 2KG de Yava Labs, une prot\u00e9ine de lactos\u00e9rum de haute qualit\u00e9 offrant 22g de prot\u00e9ines, 5g de BCAA et 2.4g de leucine par portion. Id\u00e9al pour favoriser la croissance musculaire et acc\u00e9l\u00e9rer la r\u00e9cup\u00e9ration, ce suppl\u00e9ment est parfait pour les athl\u00e8tes cherchant \u00e0 am\u00e9liorer leurs performances.","breadcrumb":{"@id":"https:\/\/mr-mass.com\/?product=yava-labs-elite-whey-2kg#breadcrumb"},"inLanguage":"fr-FR","potentialAction":[{"@type":"ReadAction","target":["https:\/\/mr-mass.com\/?product=yava-labs-elite-whey-2kg"]}]},{"@type":"ImageObject","inLanguage":"fr-FR","@id":"https:\/\/mr-mass.com\/?product=yava-labs-elite-whey-2kg#primaryimage","url":"https:\/\/mr-mass.com\/wp-content\/uploads\/2025\/06\/produit_-_2024-08-28T173531.885-removebg-preview.webp-66cf43fb0375c.webp","contentUrl":"https:\/\/mr-mass.com\/wp-content\/uploads\/2025\/06\/produit_-_2024-08-28T173531.885-removebg-preview.webp-66cf43fb0375c.webp","width":500,"height":500},{"@type":"BreadcrumbList","@id":"https:\/\/mr-mass.com\/?product=yava-labs-elite-whey-2kg#breadcrumb","itemListElement":[{"@type":"ListItem","position":1,"name":"Home","item":"https:\/\/mr-mass.com\/"},{"@type":"ListItem","position":2,"name":"Boutique","item":"https:\/\/mr-mass.com\/?page_id=8"},{"@type":"ListItem","position":3,"name":"YAVA LABS ELITE WHEY 2KG"}]},{"@type":"WebSite","@id":"https:\/\/mr-mass.com\/#website","url":"https:\/\/mr-mass.com\/","name":"MR MASS","description":"","publisher":{"@id":"https:\/\/mr-mass.com\/#organization"},"potentialAction":[{"@type":"SearchAction","target":{"@type":"EntryPoint","urlTemplate":"https:\/\/mr-mass.com\/?s={search_term_string}"},"query-input":{"@type":"PropertyValueSpecification","valueRequired":true,"valueName":"search_term_string"}}],"inLanguage":"fr-FR"},{"@type":"Organization","@id":"https:\/\/mr-mass.com\/#organization","name":"MR MASS","url":"https:\/\/mr-mass.com\/","logo":{"@type":"ImageObject","inLanguage":"fr-FR","@id":"https:\/\/mr-mass.com\/#\/schema\/logo\/image\/","url":"https:\/\/mr-mass.com\/wp-content\/uploads\/2025\/06\/cropped-417524477_413976367821865_6357673664813295189_n-removebg-preview.png","contentUrl":"https:\/\/mr-mass.com\/wp-content\/uploads\/2025\/06\/cropped-417524477_413976367821865_6357673664813295189_n-removebg-preview.png","width":500,"height":436,"caption":"MR MASS"},"image":{"@id":"https:\/\/mr-mass.com\/#\/schema\/logo\/image\/"}}]}},"jetpack_sharing_enabled":true,"_links":{"self":[{"href":"https:\/\/mr-mass.com\/index.php?rest_route=\/wp\/v2\/product\/6594","targetHints":{"allow":["GET"]}}],"collection":[{"href":"https:\/\/mr-mass.com\/index.php?rest_route=\/wp\/v2\/product"}],"about":[{"href":"https:\/\/mr-mass.com\/index.php?rest_route=\/wp\/v2\/types\/product"}],"replies":[{"embeddable":true,"href":"https:\/\/mr-mass.com\/index.php?rest_route=%2Fwp%2Fv2%2Fcomments&post=6594"}],"wp:featuredmedia":[{"embeddable":true,"href":"https:\/\/mr-mass.com\/index.php?rest_route=\/wp\/v2\/media\/6736"}],"wp:attachment":[{"href":"https:\/\/mr-mass.com\/index.php?rest_route=%2Fwp%2Fv2%2Fmedia&parent=6594"}],"wp:term":[{"taxonomy":"product_cat","embeddable":true,"href":"https:\/\/mr-mass.com\/index.php?rest_route=%2Fwp%2Fv2%2Fproduct_cat&post=6594"},{"taxonomy":"product_tag","embeddable":true,"href":"https:\/\/mr-mass.com\/index.php?rest_route=%2Fwp%2Fv2%2Fproduct_tag&post=6594"}],"curies":[{"name":"wp","href":"https:\/\/api.w.org\/{rel}","templated":true}]}}