{"id":6602,"date":"2025-06-10T10:46:57","date_gmt":"2025-06-10T08:46:57","guid":{"rendered":"https:\/\/mr-mass.com\/?product=yava-labs-omega-3-90-caps"},"modified":"2025-07-26T19:52:12","modified_gmt":"2025-07-26T17:52:12","slug":"yava-labs-omega-3-90-caps","status":"publish","type":"product","link":"https:\/\/mr-mass.com\/?product=yava-labs-omega-3-90-caps","title":{"rendered":"YAVA LABS OMEGA 3 90 CAPS"},"content":{"rendered":"<p><b>Yava Labs OMEGA 3<\/b>\u00a0est un compl\u00e9ment alimentaire con\u00e7u pour apporter des acides gras insatur\u00e9s essentiels \u00e0 votre r\u00e9gime quotidien. Enrichi en acide docosahexa\u00e9no\u00efque (DHA) et en acide eicosapenta\u00e9no\u00efque (EPA), il offre une solution naturelle pour soutenir votre sant\u00e9 cardiovasculaire et cognitive. Chaque capsule, contenant 1000 mg d&rsquo;huile de poisson d\u00e9riv\u00e9e d&rsquo;anchois, fournit 180 mg d&rsquo;EPA et 120 mg de DHA, reconnus pour leurs bienfaits multiples, notamment le maintien d&rsquo;un taux de triglyc\u00e9rides \u00e9quilibr\u00e9 et la promotion d&rsquo;un bien-\u00eatre g\u00e9n\u00e9ral.<\/p>\n<p>Prendre une capsule par jour, de pr\u00e9f\u00e9rence le matin, pour b\u00e9n\u00e9ficier des effets positifs des Om\u00e9ga-3 sur le long terme. Ce compl\u00e9ment ne doit pas remplacer une alimentation vari\u00e9e et \u00e9quilibr\u00e9e. Conservez le flacon \u00e0 l&rsquo;abri de la chaleur, de l&rsquo;humidit\u00e9, et de la lumi\u00e8re directe pour en pr\u00e9server la qualit\u00e9.<\/p>\n","protected":false},"excerpt":{"rendered":"<p><span class=\"badge rounded-pill text-bg-primary\">30 SERVINGS<\/span><\/p>\n<div class=\"procuct-contain\">D\u00e9couvrez Yava Labs OMEGA 3, un compl\u00e9ment alimentaire de qualit\u00e9 sup\u00e9rieure, enrichi en acides gras essentiels DHA et EPA, pour soutenir la sant\u00e9 cardiovasculaire et c\u00e9r\u00e9brale. Chaque capsule contient 1000 mg d&rsquo;huile de poisson.<\/div>\n","protected":false},"featured_media":6741,"comment_status":"open","ping_status":"closed","template":"","meta":[],"product_cat":[76,70],"product_tag":[],"class_list":{"0":"post-6602","1":"product","2":"type-product","3":"status-publish","4":"has-post-thumbnail","6":"product_brand-yava-labs","7":"product_cat-multi-vitamins-minerals","8":"product_cat-omega-3","10":"first","11":"outofstock","12":"shipping-taxable","13":"purchasable","14":"product-type-simple"},"yoast_head":"<!-- This site is optimized with the Yoast SEO plugin v25.2 - https:\/\/yoast.com\/wordpress\/plugins\/seo\/ -->\n<title>YAVA LABS OMEGA 3 90 CAPS - MR MASS<\/title>\n<meta name=\"description\" content=\"30 SERVINGSD\u00e9couvrez Yava Labs OMEGA 3, un compl\u00e9ment alimentaire de qualit\u00e9 sup\u00e9rieure, enrichi en acides gras essentiels DHA et EPA, pour soutenir la sant\u00e9 cardiovasculaire et c\u00e9r\u00e9brale. Chaque capsule contient 1000 mg d&#039;huile de poisson.\" \/>\n<meta name=\"robots\" content=\"index, follow, max-snippet:-1, max-image-preview:large, max-video-preview:-1\" \/>\n<link rel=\"canonical\" href=\"https:\/\/mr-mass.com\/?product=yava-labs-omega-3-90-caps\" \/>\n<meta property=\"og:locale\" content=\"fr_FR\" \/>\n<meta property=\"og:type\" content=\"article\" \/>\n<meta property=\"og:title\" content=\"YAVA LABS OMEGA 3 90 CAPS - MR MASS\" \/>\n<meta property=\"og:description\" content=\"30 SERVINGSD\u00e9couvrez Yava Labs OMEGA 3, un compl\u00e9ment alimentaire de qualit\u00e9 sup\u00e9rieure, enrichi en acides gras essentiels DHA et EPA, pour soutenir la sant\u00e9 cardiovasculaire et c\u00e9r\u00e9brale. Chaque capsule contient 1000 mg d&#039;huile de poisson.\" \/>\n<meta property=\"og:url\" content=\"https:\/\/mr-mass.com\/?product=yava-labs-omega-3-90-caps\" \/>\n<meta property=\"og:site_name\" content=\"MR MASS\" \/>\n<meta property=\"article:modified_time\" content=\"2025-07-26T17:52:12+00:00\" \/>\n<meta property=\"og:image\" content=\"https:\/\/mr-mass.com\/wp-content\/uploads\/2025\/06\/Produit_2__18_-removebg-preview.webp-67befc4c38a89.webp\" \/>\n\t<meta property=\"og:image:width\" content=\"500\" \/>\n\t<meta property=\"og:image:height\" content=\"500\" \/>\n\t<meta property=\"og:image:type\" content=\"image\/webp\" \/>\n<meta name=\"twitter:card\" content=\"summary_large_image\" \/>\n<meta name=\"twitter:label1\" content=\"Dur\u00e9e de lecture estim\u00e9e\" \/>\n\t<meta name=\"twitter:data1\" content=\"1 minute\" \/>\n<script type=\"application\/ld+json\" class=\"yoast-schema-graph\">{\"@context\":\"https:\/\/schema.org\",\"@graph\":[{\"@type\":\"WebPage\",\"@id\":\"https:\/\/mr-mass.com\/?product=yava-labs-omega-3-90-caps\",\"url\":\"https:\/\/mr-mass.com\/?product=yava-labs-omega-3-90-caps\",\"name\":\"YAVA LABS OMEGA 3 90 CAPS - MR MASS\",\"isPartOf\":{\"@id\":\"https:\/\/mr-mass.com\/#website\"},\"primaryImageOfPage\":{\"@id\":\"https:\/\/mr-mass.com\/?product=yava-labs-omega-3-90-caps#primaryimage\"},\"image\":{\"@id\":\"https:\/\/mr-mass.com\/?product=yava-labs-omega-3-90-caps#primaryimage\"},\"thumbnailUrl\":\"https:\/\/mr-mass.com\/wp-content\/uploads\/2025\/06\/Produit_2__18_-removebg-preview.webp-67befc4c38a89.webp\",\"datePublished\":\"2025-06-10T08:46:57+00:00\",\"dateModified\":\"2025-07-26T17:52:12+00:00\",\"description\":\"30 SERVINGSD\u00e9couvrez Yava Labs OMEGA 3, un compl\u00e9ment alimentaire de qualit\u00e9 sup\u00e9rieure, enrichi en acides gras essentiels DHA et EPA, pour soutenir la sant\u00e9 cardiovasculaire et c\u00e9r\u00e9brale. Chaque capsule contient 1000 mg d'huile de poisson.\",\"breadcrumb\":{\"@id\":\"https:\/\/mr-mass.com\/?product=yava-labs-omega-3-90-caps#breadcrumb\"},\"inLanguage\":\"fr-FR\",\"potentialAction\":[{\"@type\":\"ReadAction\",\"target\":[\"https:\/\/mr-mass.com\/?product=yava-labs-omega-3-90-caps\"]}]},{\"@type\":\"ImageObject\",\"inLanguage\":\"fr-FR\",\"@id\":\"https:\/\/mr-mass.com\/?product=yava-labs-omega-3-90-caps#primaryimage\",\"url\":\"https:\/\/mr-mass.com\/wp-content\/uploads\/2025\/06\/Produit_2__18_-removebg-preview.webp-67befc4c38a89.webp\",\"contentUrl\":\"https:\/\/mr-mass.com\/wp-content\/uploads\/2025\/06\/Produit_2__18_-removebg-preview.webp-67befc4c38a89.webp\",\"width\":500,\"height\":500},{\"@type\":\"BreadcrumbList\",\"@id\":\"https:\/\/mr-mass.com\/?product=yava-labs-omega-3-90-caps#breadcrumb\",\"itemListElement\":[{\"@type\":\"ListItem\",\"position\":1,\"name\":\"Home\",\"item\":\"https:\/\/mr-mass.com\/\"},{\"@type\":\"ListItem\",\"position\":2,\"name\":\"Boutique\",\"item\":\"https:\/\/mr-mass.com\/?page_id=8\"},{\"@type\":\"ListItem\",\"position\":3,\"name\":\"YAVA LABS OMEGA 3 90 CAPS\"}]},{\"@type\":\"WebSite\",\"@id\":\"https:\/\/mr-mass.com\/#website\",\"url\":\"https:\/\/mr-mass.com\/\",\"name\":\"MR MASS\",\"description\":\"\",\"publisher\":{\"@id\":\"https:\/\/mr-mass.com\/#organization\"},\"potentialAction\":[{\"@type\":\"SearchAction\",\"target\":{\"@type\":\"EntryPoint\",\"urlTemplate\":\"https:\/\/mr-mass.com\/?s={search_term_string}\"},\"query-input\":{\"@type\":\"PropertyValueSpecification\",\"valueRequired\":true,\"valueName\":\"search_term_string\"}}],\"inLanguage\":\"fr-FR\"},{\"@type\":\"Organization\",\"@id\":\"https:\/\/mr-mass.com\/#organization\",\"name\":\"MR MASS\",\"url\":\"https:\/\/mr-mass.com\/\",\"logo\":{\"@type\":\"ImageObject\",\"inLanguage\":\"fr-FR\",\"@id\":\"https:\/\/mr-mass.com\/#\/schema\/logo\/image\/\",\"url\":\"https:\/\/mr-mass.com\/wp-content\/uploads\/2025\/06\/cropped-417524477_413976367821865_6357673664813295189_n-removebg-preview.png\",\"contentUrl\":\"https:\/\/mr-mass.com\/wp-content\/uploads\/2025\/06\/cropped-417524477_413976367821865_6357673664813295189_n-removebg-preview.png\",\"width\":500,\"height\":436,\"caption\":\"MR MASS\"},\"image\":{\"@id\":\"https:\/\/mr-mass.com\/#\/schema\/logo\/image\/\"}}]}<\/script>\n<!-- \/ Yoast SEO plugin. -->","yoast_head_json":{"title":"YAVA LABS OMEGA 3 90 CAPS - MR MASS","description":"30 SERVINGSD\u00e9couvrez Yava Labs OMEGA 3, un compl\u00e9ment alimentaire de qualit\u00e9 sup\u00e9rieure, enrichi en acides gras essentiels DHA et EPA, pour soutenir la sant\u00e9 cardiovasculaire et c\u00e9r\u00e9brale. Chaque capsule contient 1000 mg d'huile de poisson.","robots":{"index":"index","follow":"follow","max-snippet":"max-snippet:-1","max-image-preview":"max-image-preview:large","max-video-preview":"max-video-preview:-1"},"canonical":"https:\/\/mr-mass.com\/?product=yava-labs-omega-3-90-caps","og_locale":"fr_FR","og_type":"article","og_title":"YAVA LABS OMEGA 3 90 CAPS - MR MASS","og_description":"30 SERVINGSD\u00e9couvrez Yava Labs OMEGA 3, un compl\u00e9ment alimentaire de qualit\u00e9 sup\u00e9rieure, enrichi en acides gras essentiels DHA et EPA, pour soutenir la sant\u00e9 cardiovasculaire et c\u00e9r\u00e9brale. Chaque capsule contient 1000 mg d'huile de poisson.","og_url":"https:\/\/mr-mass.com\/?product=yava-labs-omega-3-90-caps","og_site_name":"MR MASS","article_modified_time":"2025-07-26T17:52:12+00:00","og_image":[{"width":500,"height":500,"url":"https:\/\/mr-mass.com\/wp-content\/uploads\/2025\/06\/Produit_2__18_-removebg-preview.webp-67befc4c38a89.webp","type":"image\/webp"}],"twitter_card":"summary_large_image","twitter_misc":{"Dur\u00e9e de lecture estim\u00e9e":"1 minute"},"schema":{"@context":"https:\/\/schema.org","@graph":[{"@type":"WebPage","@id":"https:\/\/mr-mass.com\/?product=yava-labs-omega-3-90-caps","url":"https:\/\/mr-mass.com\/?product=yava-labs-omega-3-90-caps","name":"YAVA LABS OMEGA 3 90 CAPS - MR MASS","isPartOf":{"@id":"https:\/\/mr-mass.com\/#website"},"primaryImageOfPage":{"@id":"https:\/\/mr-mass.com\/?product=yava-labs-omega-3-90-caps#primaryimage"},"image":{"@id":"https:\/\/mr-mass.com\/?product=yava-labs-omega-3-90-caps#primaryimage"},"thumbnailUrl":"https:\/\/mr-mass.com\/wp-content\/uploads\/2025\/06\/Produit_2__18_-removebg-preview.webp-67befc4c38a89.webp","datePublished":"2025-06-10T08:46:57+00:00","dateModified":"2025-07-26T17:52:12+00:00","description":"30 SERVINGSD\u00e9couvrez Yava Labs OMEGA 3, un compl\u00e9ment alimentaire de qualit\u00e9 sup\u00e9rieure, enrichi en acides gras essentiels DHA et EPA, pour soutenir la sant\u00e9 cardiovasculaire et c\u00e9r\u00e9brale. Chaque capsule contient 1000 mg d'huile de poisson.","breadcrumb":{"@id":"https:\/\/mr-mass.com\/?product=yava-labs-omega-3-90-caps#breadcrumb"},"inLanguage":"fr-FR","potentialAction":[{"@type":"ReadAction","target":["https:\/\/mr-mass.com\/?product=yava-labs-omega-3-90-caps"]}]},{"@type":"ImageObject","inLanguage":"fr-FR","@id":"https:\/\/mr-mass.com\/?product=yava-labs-omega-3-90-caps#primaryimage","url":"https:\/\/mr-mass.com\/wp-content\/uploads\/2025\/06\/Produit_2__18_-removebg-preview.webp-67befc4c38a89.webp","contentUrl":"https:\/\/mr-mass.com\/wp-content\/uploads\/2025\/06\/Produit_2__18_-removebg-preview.webp-67befc4c38a89.webp","width":500,"height":500},{"@type":"BreadcrumbList","@id":"https:\/\/mr-mass.com\/?product=yava-labs-omega-3-90-caps#breadcrumb","itemListElement":[{"@type":"ListItem","position":1,"name":"Home","item":"https:\/\/mr-mass.com\/"},{"@type":"ListItem","position":2,"name":"Boutique","item":"https:\/\/mr-mass.com\/?page_id=8"},{"@type":"ListItem","position":3,"name":"YAVA LABS OMEGA 3 90 CAPS"}]},{"@type":"WebSite","@id":"https:\/\/mr-mass.com\/#website","url":"https:\/\/mr-mass.com\/","name":"MR MASS","description":"","publisher":{"@id":"https:\/\/mr-mass.com\/#organization"},"potentialAction":[{"@type":"SearchAction","target":{"@type":"EntryPoint","urlTemplate":"https:\/\/mr-mass.com\/?s={search_term_string}"},"query-input":{"@type":"PropertyValueSpecification","valueRequired":true,"valueName":"search_term_string"}}],"inLanguage":"fr-FR"},{"@type":"Organization","@id":"https:\/\/mr-mass.com\/#organization","name":"MR MASS","url":"https:\/\/mr-mass.com\/","logo":{"@type":"ImageObject","inLanguage":"fr-FR","@id":"https:\/\/mr-mass.com\/#\/schema\/logo\/image\/","url":"https:\/\/mr-mass.com\/wp-content\/uploads\/2025\/06\/cropped-417524477_413976367821865_6357673664813295189_n-removebg-preview.png","contentUrl":"https:\/\/mr-mass.com\/wp-content\/uploads\/2025\/06\/cropped-417524477_413976367821865_6357673664813295189_n-removebg-preview.png","width":500,"height":436,"caption":"MR MASS"},"image":{"@id":"https:\/\/mr-mass.com\/#\/schema\/logo\/image\/"}}]}},"jetpack_sharing_enabled":true,"_links":{"self":[{"href":"https:\/\/mr-mass.com\/index.php?rest_route=\/wp\/v2\/product\/6602","targetHints":{"allow":["GET"]}}],"collection":[{"href":"https:\/\/mr-mass.com\/index.php?rest_route=\/wp\/v2\/product"}],"about":[{"href":"https:\/\/mr-mass.com\/index.php?rest_route=\/wp\/v2\/types\/product"}],"replies":[{"embeddable":true,"href":"https:\/\/mr-mass.com\/index.php?rest_route=%2Fwp%2Fv2%2Fcomments&post=6602"}],"wp:featuredmedia":[{"embeddable":true,"href":"https:\/\/mr-mass.com\/index.php?rest_route=\/wp\/v2\/media\/6741"}],"wp:attachment":[{"href":"https:\/\/mr-mass.com\/index.php?rest_route=%2Fwp%2Fv2%2Fmedia&parent=6602"}],"wp:term":[{"taxonomy":"product_cat","embeddable":true,"href":"https:\/\/mr-mass.com\/index.php?rest_route=%2Fwp%2Fv2%2Fproduct_cat&post=6602"},{"taxonomy":"product_tag","embeddable":true,"href":"https:\/\/mr-mass.com\/index.php?rest_route=%2Fwp%2Fv2%2Fproduct_tag&post=6602"}],"curies":[{"name":"wp","href":"https:\/\/api.w.org\/{rel}","templated":true}]}}