{"id":6604,"date":"2025-06-10T10:46:58","date_gmt":"2025-06-10T08:46:58","guid":{"rendered":"https:\/\/mr-mass.com\/?product=allmax-creatine-400g"},"modified":"2025-07-29T16:01:53","modified_gmt":"2025-07-29T14:01:53","slug":"allmax-creatine-400g","status":"publish","type":"product","link":"https:\/\/mr-mass.com\/?product=allmax-creatine-400g","title":{"rendered":"ALLMAX CREATINE 400G"},"content":{"rendered":"<ul class=\"wd-nav wd-nav-tabs wd-icon-pos-left tabs wc-tabs wd-style-underline\" role=\"tablist\">\n<li style=\"list-style-type: none;\">\n<ul class=\"wd-nav wd-nav-tabs wd-icon-pos-left tabs wc-tabs wd-style-underline\" role=\"tablist\">DESCRIPTION<\/ul>\n<\/li>\n<\/ul>\n<p><strong style=\"font-size: 16px;\">Allmax CREATINE<\/strong><span style=\"font-size: 16px;\">\u00a0est une cr\u00e9atine monohydrate micronis\u00e9e de qualit\u00e9 pharmaceutique, reconnue comme le suppl\u00e9ment de nutrition sportive le plus \u00e9tudi\u00e9 et \u00e9prouv\u00e9 au monde. Cette cr\u00e9atine est con\u00e7ue pour maximiser les performances sportives, augmenter la force, la puissance et la masse musculaire maigre.<\/span><\/p>\n<div id=\"tab-description\" class=\"woocommerce-Tabs-panel panel entry-content wc-tab woocommerce-Tabs-panel--description\" role=\"tabpanel\" aria-labelledby=\"tab-title-description\" data-accordion-index=\"description\">\n<div class=\"txt small-h\">\n<h2>Caract\u00e9ristiques de Allmax CREATINE<\/h2>\n<p>La cr\u00e9atine d\u2019Allmax est fabriqu\u00e9e selon des normes strictes de puret\u00e9 et de s\u00e9curit\u00e9, avec une micronisation pour une absorption optimale et un m\u00e9lange facile.<\/p>\n<ul>\n<li>5g de cr\u00e9atine monohydrate micronis\u00e9e par portion<\/li>\n<li>Am\u00e9liore la force, la puissance et la performance lors des entra\u00eenements de haute intensit\u00e9<\/li>\n<li>Soutient la croissance musculaire et la r\u00e9cup\u00e9ration rapide<\/li>\n<li>Sans gluten, v\u00e9g\u00e9talien, certifi\u00e9 casher et test\u00e9 pour les substances interdites (Informed Choice)<\/li>\n<\/ul>\n<p>Cette formule vous assure une cr\u00e9atine propre et fiable, id\u00e9ale pour ceux qui cherchent \u00e0 maximiser leurs r\u00e9sultats.<\/p>\n<h2>Pourquoi choisir Allmax CREATINE ?<\/h2>\n<ul>\n<li>Cr\u00e9atine monohydrate pure pour une efficacit\u00e9 maximale<\/li>\n<li>Am\u00e9liore les performances sportives et les gains de masse musculaire maigre<\/li>\n<li>Convient \u00e0 tous les athl\u00e8tes cherchant \u00e0 am\u00e9liorer leur endurance et leur force<\/li>\n<li>Protocole simple de chargement et de maintien pour des r\u00e9sultats optimaux<\/li>\n<\/ul>\n<h2>Les bienfaits de la cr\u00e9atine Allmax<\/h2>\n<p>Allmax CREATINE aide \u00e0 pr\u00e9venir la d\u00e9pl\u00e9tion d\u2019ATP, stimule la synth\u00e8se des prot\u00e9ines et favorise la volumisation cellulaire. En augmentant l\u2019\u00e9nergie disponible pour les muscles, elle am\u00e9liore la performance globale lors des s\u00e9ances d\u2019entra\u00eenement intenses.<\/p>\n<h2>Ingr\u00e9dients de Allmax CREATINE<\/h2>\n<p>Allmax CREATINE contient du monohydrate de cr\u00e9atine micronis\u00e9e (CreaSyn\u2122), con\u00e7u pour une puret\u00e9 et une absorption maximales.<\/p>\n<\/div>\n<div class=\"txt small-h mt-4\">\n<h2>Comment utiliser Allmax CREATINE ?<\/h2>\n<div class=\"wrap\">\n<p>Utilisez Allmax CREATINE tous les jours avec de l\u2019eau ou du jus au r\u00e9veil et apr\u00e8s l\u2019entra\u00eenement, ou sur les jours de repos apr\u00e8s un repas.<\/p>\n<h2>Quand utiliser Allmax CREATINE ?<\/h2>\n<p>Commencez par une phase de charge de 5-7 jours (10g par jour), puis suivez une phase de maintien de 5g par jour pendant 8 semaines, avec une pause de 2 semaines avant de recommencer.<\/p>\n<\/div>\n<\/div>\n<\/div>\n","protected":false},"excerpt":{"rendered":"<p>Allmax CREATINE est une cr\u00e9atine monohydrate micronis\u00e9e de grade pharmaceutique, con\u00e7ue pour augmenter la force, la puissance et la masse musculaire maigre. Utilisez la cr\u00e9atine la plus pure et la plus efficace pour am\u00e9liorer vos performances sportives et soutenir votre croissance musculaire. D\u00e9couvrez les avantages de la cr\u00e9atine pour des gains optimaux.<\/p>\n","protected":false},"featured_media":6647,"comment_status":"open","ping_status":"closed","template":"","meta":[],"product_cat":[34],"product_tag":[],"class_list":{"0":"post-6604","1":"product","2":"type-product","3":"status-publish","4":"has-post-thumbnail","6":"product_brand-allmax","7":"product_cat-creatine","9":"first","10":"outofstock","11":"sale","12":"shipping-taxable","13":"purchasable","14":"product-type-simple"},"yoast_head":"<!-- This site is optimized with the Yoast SEO plugin v25.2 - https:\/\/yoast.com\/wordpress\/plugins\/seo\/ -->\n<title>ALLMAX CREATINE 400G - MR MASS<\/title>\n<meta name=\"description\" content=\"Allmax CREATINE est une cr\u00e9atine monohydrate micronis\u00e9e de grade pharmaceutique, con\u00e7ue pour augmenter la force, la puissance et la masse musculaire maigre. Utilisez la cr\u00e9atine la plus pure et la plus efficace pour am\u00e9liorer vos performances sportives et soutenir votre croissance musculaire. D\u00e9couvrez les avantages de la cr\u00e9atine pour des gains optimaux.\" \/>\n<meta name=\"robots\" content=\"index, follow, max-snippet:-1, max-image-preview:large, max-video-preview:-1\" \/>\n<link rel=\"canonical\" href=\"https:\/\/mr-mass.com\/?product=allmax-creatine-400g\" \/>\n<meta property=\"og:locale\" content=\"fr_FR\" \/>\n<meta property=\"og:type\" content=\"article\" \/>\n<meta property=\"og:title\" content=\"ALLMAX CREATINE 400G - MR MASS\" \/>\n<meta property=\"og:description\" content=\"Allmax CREATINE est une cr\u00e9atine monohydrate micronis\u00e9e de grade pharmaceutique, con\u00e7ue pour augmenter la force, la puissance et la masse musculaire maigre. Utilisez la cr\u00e9atine la plus pure et la plus efficace pour am\u00e9liorer vos performances sportives et soutenir votre croissance musculaire. D\u00e9couvrez les avantages de la cr\u00e9atine pour des gains optimaux.\" \/>\n<meta property=\"og:url\" content=\"https:\/\/mr-mass.com\/?product=allmax-creatine-400g\" \/>\n<meta property=\"og:site_name\" content=\"MR MASS\" \/>\n<meta property=\"article:modified_time\" content=\"2025-07-29T14:01:53+00:00\" \/>\n<meta property=\"og:image\" content=\"https:\/\/mr-mass.com\/wp-content\/uploads\/2025\/06\/creatine-monohydrate-400-gr-allmax-nutrition-1.webp\" \/>\n\t<meta property=\"og:image:width\" content=\"450\" \/>\n\t<meta property=\"og:image:height\" content=\"450\" \/>\n\t<meta property=\"og:image:type\" content=\"image\/webp\" \/>\n<meta name=\"twitter:card\" content=\"summary_large_image\" \/>\n<meta name=\"twitter:label1\" content=\"Dur\u00e9e de lecture estim\u00e9e\" \/>\n\t<meta name=\"twitter:data1\" content=\"2 minutes\" \/>\n<script type=\"application\/ld+json\" class=\"yoast-schema-graph\">{\"@context\":\"https:\/\/schema.org\",\"@graph\":[{\"@type\":\"WebPage\",\"@id\":\"https:\/\/mr-mass.com\/?product=allmax-creatine-400g\",\"url\":\"https:\/\/mr-mass.com\/?product=allmax-creatine-400g\",\"name\":\"ALLMAX CREATINE 400G - MR MASS\",\"isPartOf\":{\"@id\":\"https:\/\/mr-mass.com\/#website\"},\"primaryImageOfPage\":{\"@id\":\"https:\/\/mr-mass.com\/?product=allmax-creatine-400g#primaryimage\"},\"image\":{\"@id\":\"https:\/\/mr-mass.com\/?product=allmax-creatine-400g#primaryimage\"},\"thumbnailUrl\":\"https:\/\/mr-mass.com\/wp-content\/uploads\/2025\/06\/creatine-monohydrate-400-gr-allmax-nutrition-1.webp\",\"datePublished\":\"2025-06-10T08:46:58+00:00\",\"dateModified\":\"2025-07-29T14:01:53+00:00\",\"description\":\"Allmax CREATINE est une cr\u00e9atine monohydrate micronis\u00e9e de grade pharmaceutique, con\u00e7ue pour augmenter la force, la puissance et la masse musculaire maigre. Utilisez la cr\u00e9atine la plus pure et la plus efficace pour am\u00e9liorer vos performances sportives et soutenir votre croissance musculaire. D\u00e9couvrez les avantages de la cr\u00e9atine pour des gains optimaux.\",\"breadcrumb\":{\"@id\":\"https:\/\/mr-mass.com\/?product=allmax-creatine-400g#breadcrumb\"},\"inLanguage\":\"fr-FR\",\"potentialAction\":[{\"@type\":\"ReadAction\",\"target\":[\"https:\/\/mr-mass.com\/?product=allmax-creatine-400g\"]}]},{\"@type\":\"ImageObject\",\"inLanguage\":\"fr-FR\",\"@id\":\"https:\/\/mr-mass.com\/?product=allmax-creatine-400g#primaryimage\",\"url\":\"https:\/\/mr-mass.com\/wp-content\/uploads\/2025\/06\/creatine-monohydrate-400-gr-allmax-nutrition-1.webp\",\"contentUrl\":\"https:\/\/mr-mass.com\/wp-content\/uploads\/2025\/06\/creatine-monohydrate-400-gr-allmax-nutrition-1.webp\",\"width\":450,\"height\":450},{\"@type\":\"BreadcrumbList\",\"@id\":\"https:\/\/mr-mass.com\/?product=allmax-creatine-400g#breadcrumb\",\"itemListElement\":[{\"@type\":\"ListItem\",\"position\":1,\"name\":\"Home\",\"item\":\"https:\/\/mr-mass.com\/\"},{\"@type\":\"ListItem\",\"position\":2,\"name\":\"Boutique\",\"item\":\"https:\/\/mr-mass.com\/?page_id=8\"},{\"@type\":\"ListItem\",\"position\":3,\"name\":\"ALLMAX CREATINE 400G\"}]},{\"@type\":\"WebSite\",\"@id\":\"https:\/\/mr-mass.com\/#website\",\"url\":\"https:\/\/mr-mass.com\/\",\"name\":\"MR MASS\",\"description\":\"\",\"publisher\":{\"@id\":\"https:\/\/mr-mass.com\/#organization\"},\"potentialAction\":[{\"@type\":\"SearchAction\",\"target\":{\"@type\":\"EntryPoint\",\"urlTemplate\":\"https:\/\/mr-mass.com\/?s={search_term_string}\"},\"query-input\":{\"@type\":\"PropertyValueSpecification\",\"valueRequired\":true,\"valueName\":\"search_term_string\"}}],\"inLanguage\":\"fr-FR\"},{\"@type\":\"Organization\",\"@id\":\"https:\/\/mr-mass.com\/#organization\",\"name\":\"MR MASS\",\"url\":\"https:\/\/mr-mass.com\/\",\"logo\":{\"@type\":\"ImageObject\",\"inLanguage\":\"fr-FR\",\"@id\":\"https:\/\/mr-mass.com\/#\/schema\/logo\/image\/\",\"url\":\"https:\/\/mr-mass.com\/wp-content\/uploads\/2025\/06\/cropped-417524477_413976367821865_6357673664813295189_n-removebg-preview.png\",\"contentUrl\":\"https:\/\/mr-mass.com\/wp-content\/uploads\/2025\/06\/cropped-417524477_413976367821865_6357673664813295189_n-removebg-preview.png\",\"width\":500,\"height\":436,\"caption\":\"MR MASS\"},\"image\":{\"@id\":\"https:\/\/mr-mass.com\/#\/schema\/logo\/image\/\"}}]}<\/script>\n<!-- \/ Yoast SEO plugin. -->","yoast_head_json":{"title":"ALLMAX CREATINE 400G - MR MASS","description":"Allmax CREATINE est une cr\u00e9atine monohydrate micronis\u00e9e de grade pharmaceutique, con\u00e7ue pour augmenter la force, la puissance et la masse musculaire maigre. Utilisez la cr\u00e9atine la plus pure et la plus efficace pour am\u00e9liorer vos performances sportives et soutenir votre croissance musculaire. D\u00e9couvrez les avantages de la cr\u00e9atine pour des gains optimaux.","robots":{"index":"index","follow":"follow","max-snippet":"max-snippet:-1","max-image-preview":"max-image-preview:large","max-video-preview":"max-video-preview:-1"},"canonical":"https:\/\/mr-mass.com\/?product=allmax-creatine-400g","og_locale":"fr_FR","og_type":"article","og_title":"ALLMAX CREATINE 400G - MR MASS","og_description":"Allmax CREATINE est une cr\u00e9atine monohydrate micronis\u00e9e de grade pharmaceutique, con\u00e7ue pour augmenter la force, la puissance et la masse musculaire maigre. Utilisez la cr\u00e9atine la plus pure et la plus efficace pour am\u00e9liorer vos performances sportives et soutenir votre croissance musculaire. D\u00e9couvrez les avantages de la cr\u00e9atine pour des gains optimaux.","og_url":"https:\/\/mr-mass.com\/?product=allmax-creatine-400g","og_site_name":"MR MASS","article_modified_time":"2025-07-29T14:01:53+00:00","og_image":[{"width":450,"height":450,"url":"https:\/\/mr-mass.com\/wp-content\/uploads\/2025\/06\/creatine-monohydrate-400-gr-allmax-nutrition-1.webp","type":"image\/webp"}],"twitter_card":"summary_large_image","twitter_misc":{"Dur\u00e9e de lecture estim\u00e9e":"2 minutes"},"schema":{"@context":"https:\/\/schema.org","@graph":[{"@type":"WebPage","@id":"https:\/\/mr-mass.com\/?product=allmax-creatine-400g","url":"https:\/\/mr-mass.com\/?product=allmax-creatine-400g","name":"ALLMAX CREATINE 400G - MR MASS","isPartOf":{"@id":"https:\/\/mr-mass.com\/#website"},"primaryImageOfPage":{"@id":"https:\/\/mr-mass.com\/?product=allmax-creatine-400g#primaryimage"},"image":{"@id":"https:\/\/mr-mass.com\/?product=allmax-creatine-400g#primaryimage"},"thumbnailUrl":"https:\/\/mr-mass.com\/wp-content\/uploads\/2025\/06\/creatine-monohydrate-400-gr-allmax-nutrition-1.webp","datePublished":"2025-06-10T08:46:58+00:00","dateModified":"2025-07-29T14:01:53+00:00","description":"Allmax CREATINE est une cr\u00e9atine monohydrate micronis\u00e9e de grade pharmaceutique, con\u00e7ue pour augmenter la force, la puissance et la masse musculaire maigre. Utilisez la cr\u00e9atine la plus pure et la plus efficace pour am\u00e9liorer vos performances sportives et soutenir votre croissance musculaire. D\u00e9couvrez les avantages de la cr\u00e9atine pour des gains optimaux.","breadcrumb":{"@id":"https:\/\/mr-mass.com\/?product=allmax-creatine-400g#breadcrumb"},"inLanguage":"fr-FR","potentialAction":[{"@type":"ReadAction","target":["https:\/\/mr-mass.com\/?product=allmax-creatine-400g"]}]},{"@type":"ImageObject","inLanguage":"fr-FR","@id":"https:\/\/mr-mass.com\/?product=allmax-creatine-400g#primaryimage","url":"https:\/\/mr-mass.com\/wp-content\/uploads\/2025\/06\/creatine-monohydrate-400-gr-allmax-nutrition-1.webp","contentUrl":"https:\/\/mr-mass.com\/wp-content\/uploads\/2025\/06\/creatine-monohydrate-400-gr-allmax-nutrition-1.webp","width":450,"height":450},{"@type":"BreadcrumbList","@id":"https:\/\/mr-mass.com\/?product=allmax-creatine-400g#breadcrumb","itemListElement":[{"@type":"ListItem","position":1,"name":"Home","item":"https:\/\/mr-mass.com\/"},{"@type":"ListItem","position":2,"name":"Boutique","item":"https:\/\/mr-mass.com\/?page_id=8"},{"@type":"ListItem","position":3,"name":"ALLMAX CREATINE 400G"}]},{"@type":"WebSite","@id":"https:\/\/mr-mass.com\/#website","url":"https:\/\/mr-mass.com\/","name":"MR MASS","description":"","publisher":{"@id":"https:\/\/mr-mass.com\/#organization"},"potentialAction":[{"@type":"SearchAction","target":{"@type":"EntryPoint","urlTemplate":"https:\/\/mr-mass.com\/?s={search_term_string}"},"query-input":{"@type":"PropertyValueSpecification","valueRequired":true,"valueName":"search_term_string"}}],"inLanguage":"fr-FR"},{"@type":"Organization","@id":"https:\/\/mr-mass.com\/#organization","name":"MR MASS","url":"https:\/\/mr-mass.com\/","logo":{"@type":"ImageObject","inLanguage":"fr-FR","@id":"https:\/\/mr-mass.com\/#\/schema\/logo\/image\/","url":"https:\/\/mr-mass.com\/wp-content\/uploads\/2025\/06\/cropped-417524477_413976367821865_6357673664813295189_n-removebg-preview.png","contentUrl":"https:\/\/mr-mass.com\/wp-content\/uploads\/2025\/06\/cropped-417524477_413976367821865_6357673664813295189_n-removebg-preview.png","width":500,"height":436,"caption":"MR MASS"},"image":{"@id":"https:\/\/mr-mass.com\/#\/schema\/logo\/image\/"}}]}},"jetpack_sharing_enabled":true,"_links":{"self":[{"href":"https:\/\/mr-mass.com\/index.php?rest_route=\/wp\/v2\/product\/6604","targetHints":{"allow":["GET"]}}],"collection":[{"href":"https:\/\/mr-mass.com\/index.php?rest_route=\/wp\/v2\/product"}],"about":[{"href":"https:\/\/mr-mass.com\/index.php?rest_route=\/wp\/v2\/types\/product"}],"replies":[{"embeddable":true,"href":"https:\/\/mr-mass.com\/index.php?rest_route=%2Fwp%2Fv2%2Fcomments&post=6604"}],"wp:featuredmedia":[{"embeddable":true,"href":"https:\/\/mr-mass.com\/index.php?rest_route=\/wp\/v2\/media\/6647"}],"wp:attachment":[{"href":"https:\/\/mr-mass.com\/index.php?rest_route=%2Fwp%2Fv2%2Fmedia&parent=6604"}],"wp:term":[{"taxonomy":"product_cat","embeddable":true,"href":"https:\/\/mr-mass.com\/index.php?rest_route=%2Fwp%2Fv2%2Fproduct_cat&post=6604"},{"taxonomy":"product_tag","embeddable":true,"href":"https:\/\/mr-mass.com\/index.php?rest_route=%2Fwp%2Fv2%2Fproduct_tag&post=6604"}],"curies":[{"name":"wp","href":"https:\/\/api.w.org\/{rel}","templated":true}]}}