{"id":6605,"date":"2025-06-10T10:46:58","date_gmt":"2025-06-10T08:46:58","guid":{"rendered":"https:\/\/mr-mass.com\/?product=gsn-big-mass-3kg"},"modified":"2025-06-11T19:58:23","modified_gmt":"2025-06-11T17:58:23","slug":"gsn-big-mass-3kg","status":"publish","type":"product","link":"https:\/\/mr-mass.com\/?product=gsn-big-mass-3kg","title":{"rendered":"GSN &#8211; BIG MASS GAINER | 3KG"},"content":{"rendered":"<h2>Big Mass Gainer GSN : La Formule Ultime pour la Prise de Masse !<\/h2>\n<p>Ce produit\u00a0<strong>ultra micronis\u00e9<\/strong>\u00a0contient\u00a0<strong>80 g de prot\u00e9ines<\/strong>,\u00a0<strong>18 g de BCAA<\/strong>\u00a0et\u00a0<strong>3 g de cr\u00e9atine<\/strong>, fournissant\u00a0<strong>plus de 1351 kcal par portion<\/strong>.\u00a0<strong>Sans OGM ni aspartame<\/strong>, il est \u00e9labor\u00e9 dans des\u00a0<strong>laboratoires certifi\u00e9s GMP<\/strong>, garantissant ainsi la plus haute qualit\u00e9 et efficacit\u00e9 pour soutenir votre prise de masse musculaire.<\/p>\n<h3>Ingr\u00e9dients :<\/h3>\n<p>Maltodextrine, M\u00e9lange de prot\u00e9ines (Concentr\u00e9 de prot\u00e9ines de lactos\u00e9rum, Concentr\u00e9 de prot\u00e9ines de lait), Monohydrate de cr\u00e9atine, Cr\u00e9mier (Mono et Diglyc\u00e9rides, phosphate de dipotassium, l\u00e9cithine de soja), Ar\u00f4mes artificiels, Fructose, Fibrosol, Poudre d&rsquo;huile de graines de lin, Triglyc\u00e9rides \u00e0 cha\u00eene moyenne, Dioxyde de silicium, Gomme xanthane, Sel, Sucralose.<\/p>\n<h4>ALLERGENE:<\/h4>\n<p>Ce produit contient des prot\u00e9ines de lait, de soja et de l&rsquo;huile de graines de lin.<\/p>\n<h4>Avertissements :<\/h4>\n<p>Ne d\u00e9passez pas la dose quotidienne recommand\u00e9e. Ce produit peut \u00eatre utilis\u00e9 dans le cadre d&rsquo;un mode de vie sain et ne doit pas se substituer \u00e0 une alimentation \u00e9quilibr\u00e9e. Ce produit peut \u00eatre consomm\u00e9 par tout le monde, sauf par les personnes allergiques \u00e0 l&rsquo;un de ses ingr\u00e9dients.<\/p>\n","protected":false},"excerpt":{"rendered":"<h2>SN BIG MASS GAINER: Formule enrichie en cr\u00e9atine pour une croissance musculaire optimale !<\/h2>\n<p><strong>BIG MASS GAINER<\/strong>\u00a0de la marque\u00a0<strong>GSN<\/strong>\u00a0est un shake sp\u00e9cialement con\u00e7u pour favoriser la prise de muscle et de poids. Il combine des glucides et des acides amin\u00e9s pour encourager la croissance musculaire.<\/p>\n<p>Avec l&rsquo;ajout de cr\u00e9atine, il fournit\u00a0<strong>3g de cr\u00e9atine<\/strong>\u00a0pure par jour. Il contribue \u00e0 la pr\u00e9servation et \u00e0 la croissance de la masse musculaire car il contient\u00a0<strong>plus de 80 % de prot\u00e9ines de lactos\u00e9rum<\/strong>. Vous pouvez consommer plus de calories gr\u00e2ce \u00e0 sa formule riche en calories, qui apporte\u00a0<strong>1351 calories<\/strong>\u00a0chaque jour.<\/p>\n<ul>\n<li>Conseil Coach:\u00a0Pour obtenir la dose recommand\u00e9e de\u00a0<strong>cr\u00e9atine<\/strong>, il est conseill\u00e9 de prendre entre\u00a0<strong>1 et 4 doses par jour<\/strong>, m\u00e9lang\u00e9es dans\u00a0<strong>350 ml d&rsquo;eau ou de lait<\/strong>.<\/li>\n<\/ul>\n","protected":false},"featured_media":6692,"comment_status":"open","ping_status":"closed","template":"","meta":[],"product_cat":[59],"product_tag":[],"class_list":{"0":"post-6605","1":"product","2":"type-product","3":"status-publish","4":"has-post-thumbnail","6":"product_brand-gsn-great-sport-nutrition","7":"product_cat-weight-gainers","9":"first","10":"instock","11":"shipping-taxable","12":"purchasable","13":"product-type-simple"},"yoast_head":"<!-- This site is optimized with the Yoast SEO plugin v25.2 - https:\/\/yoast.com\/wordpress\/plugins\/seo\/ -->\n<title>GSN - BIG MASS GAINER | 3KG - MR MASS<\/title>\n<meta name=\"description\" content=\"SN BIG MASS GAINER: Formule enrichie en cr\u00e9atine pour une croissance musculaire optimale !BIG MASS GAINER de la marque GSN est un shake sp\u00e9cialement con\u00e7u pour favoriser la prise de muscle et de poids. Il combine des glucides et des acides amin\u00e9s pour encourager la croissance musculaire.Avec l&#039;ajout de cr\u00e9atine, il fournit 3g de cr\u00e9atine pure par jour. Il contribue \u00e0 la pr\u00e9servation et \u00e0 la croissance de la masse musculaire car il contient plus de 80 % de prot\u00e9ines de lactos\u00e9rum. Vous pouvez consommer plus de calories gr\u00e2ce \u00e0 sa formule riche en calories, qui apporte 1351 calories chaque jour.Conseil Coach: Pour obtenir la dose recommand\u00e9e de cr\u00e9atine, il est conseill\u00e9 de prendre entre 1 et 4 doses par jour, m\u00e9lang\u00e9es dans 350 ml d&#039;eau ou de lait.\" \/>\n<meta name=\"robots\" content=\"index, follow, max-snippet:-1, max-image-preview:large, max-video-preview:-1\" \/>\n<link rel=\"canonical\" href=\"https:\/\/mr-mass.com\/?product=gsn-big-mass-3kg\" \/>\n<meta property=\"og:locale\" content=\"fr_FR\" \/>\n<meta property=\"og:type\" content=\"article\" \/>\n<meta property=\"og:title\" content=\"GSN - BIG MASS GAINER | 3KG - MR MASS\" \/>\n<meta property=\"og:description\" content=\"SN BIG MASS GAINER: Formule enrichie en cr\u00e9atine pour une croissance musculaire optimale !BIG MASS GAINER de la marque GSN est un shake sp\u00e9cialement con\u00e7u pour favoriser la prise de muscle et de poids. Il combine des glucides et des acides amin\u00e9s pour encourager la croissance musculaire.Avec l&#039;ajout de cr\u00e9atine, il fournit 3g de cr\u00e9atine pure par jour. Il contribue \u00e0 la pr\u00e9servation et \u00e0 la croissance de la masse musculaire car il contient plus de 80 % de prot\u00e9ines de lactos\u00e9rum. Vous pouvez consommer plus de calories gr\u00e2ce \u00e0 sa formule riche en calories, qui apporte 1351 calories chaque jour.Conseil Coach: Pour obtenir la dose recommand\u00e9e de cr\u00e9atine, il est conseill\u00e9 de prendre entre 1 et 4 doses par jour, m\u00e9lang\u00e9es dans 350 ml d&#039;eau ou de lait.\" \/>\n<meta property=\"og:url\" content=\"https:\/\/mr-mass.com\/?product=gsn-big-mass-3kg\" \/>\n<meta property=\"og:site_name\" content=\"MR MASS\" \/>\n<meta property=\"article:modified_time\" content=\"2025-06-11T17:58:23+00:00\" \/>\n<meta property=\"og:image\" content=\"https:\/\/mr-mass.com\/wp-content\/uploads\/2025\/06\/gsn-big-mass-gainer-3kg.jpg\" \/>\n\t<meta property=\"og:image:width\" content=\"1000\" \/>\n\t<meta property=\"og:image:height\" content=\"1200\" \/>\n\t<meta property=\"og:image:type\" content=\"image\/jpeg\" \/>\n<meta name=\"twitter:card\" content=\"summary_large_image\" \/>\n<meta name=\"twitter:label1\" content=\"Dur\u00e9e de lecture estim\u00e9e\" \/>\n\t<meta name=\"twitter:data1\" content=\"2 minutes\" \/>\n<script type=\"application\/ld+json\" class=\"yoast-schema-graph\">{\"@context\":\"https:\/\/schema.org\",\"@graph\":[{\"@type\":\"WebPage\",\"@id\":\"https:\/\/mr-mass.com\/?product=gsn-big-mass-3kg\",\"url\":\"https:\/\/mr-mass.com\/?product=gsn-big-mass-3kg\",\"name\":\"GSN - BIG MASS GAINER | 3KG - MR MASS\",\"isPartOf\":{\"@id\":\"https:\/\/mr-mass.com\/#website\"},\"primaryImageOfPage\":{\"@id\":\"https:\/\/mr-mass.com\/?product=gsn-big-mass-3kg#primaryimage\"},\"image\":{\"@id\":\"https:\/\/mr-mass.com\/?product=gsn-big-mass-3kg#primaryimage\"},\"thumbnailUrl\":\"https:\/\/mr-mass.com\/wp-content\/uploads\/2025\/06\/gsn-big-mass-gainer-3kg.jpg\",\"datePublished\":\"2025-06-10T08:46:58+00:00\",\"dateModified\":\"2025-06-11T17:58:23+00:00\",\"description\":\"SN BIG MASS GAINER: Formule enrichie en cr\u00e9atine pour une croissance musculaire optimale !BIG MASS GAINER de la marque GSN est un shake sp\u00e9cialement con\u00e7u pour favoriser la prise de muscle et de poids. Il combine des glucides et des acides amin\u00e9s pour encourager la croissance musculaire.Avec l'ajout de cr\u00e9atine, il fournit 3g de cr\u00e9atine pure par jour. Il contribue \u00e0 la pr\u00e9servation et \u00e0 la croissance de la masse musculaire car il contient plus de 80 % de prot\u00e9ines de lactos\u00e9rum. Vous pouvez consommer plus de calories gr\u00e2ce \u00e0 sa formule riche en calories, qui apporte 1351 calories chaque jour.Conseil Coach: Pour obtenir la dose recommand\u00e9e de cr\u00e9atine, il est conseill\u00e9 de prendre entre 1 et 4 doses par jour, m\u00e9lang\u00e9es dans 350 ml d'eau ou de lait.\",\"breadcrumb\":{\"@id\":\"https:\/\/mr-mass.com\/?product=gsn-big-mass-3kg#breadcrumb\"},\"inLanguage\":\"fr-FR\",\"potentialAction\":[{\"@type\":\"ReadAction\",\"target\":[\"https:\/\/mr-mass.com\/?product=gsn-big-mass-3kg\"]}]},{\"@type\":\"ImageObject\",\"inLanguage\":\"fr-FR\",\"@id\":\"https:\/\/mr-mass.com\/?product=gsn-big-mass-3kg#primaryimage\",\"url\":\"https:\/\/mr-mass.com\/wp-content\/uploads\/2025\/06\/gsn-big-mass-gainer-3kg.jpg\",\"contentUrl\":\"https:\/\/mr-mass.com\/wp-content\/uploads\/2025\/06\/gsn-big-mass-gainer-3kg.jpg\",\"width\":1000,\"height\":1200},{\"@type\":\"BreadcrumbList\",\"@id\":\"https:\/\/mr-mass.com\/?product=gsn-big-mass-3kg#breadcrumb\",\"itemListElement\":[{\"@type\":\"ListItem\",\"position\":1,\"name\":\"Home\",\"item\":\"https:\/\/mr-mass.com\/\"},{\"@type\":\"ListItem\",\"position\":2,\"name\":\"Boutique\",\"item\":\"https:\/\/mr-mass.com\/?page_id=8\"},{\"@type\":\"ListItem\",\"position\":3,\"name\":\"GSN &#8211; BIG MASS GAINER | 3KG\"}]},{\"@type\":\"WebSite\",\"@id\":\"https:\/\/mr-mass.com\/#website\",\"url\":\"https:\/\/mr-mass.com\/\",\"name\":\"MR MASS\",\"description\":\"\",\"publisher\":{\"@id\":\"https:\/\/mr-mass.com\/#organization\"},\"potentialAction\":[{\"@type\":\"SearchAction\",\"target\":{\"@type\":\"EntryPoint\",\"urlTemplate\":\"https:\/\/mr-mass.com\/?s={search_term_string}\"},\"query-input\":{\"@type\":\"PropertyValueSpecification\",\"valueRequired\":true,\"valueName\":\"search_term_string\"}}],\"inLanguage\":\"fr-FR\"},{\"@type\":\"Organization\",\"@id\":\"https:\/\/mr-mass.com\/#organization\",\"name\":\"MR MASS\",\"url\":\"https:\/\/mr-mass.com\/\",\"logo\":{\"@type\":\"ImageObject\",\"inLanguage\":\"fr-FR\",\"@id\":\"https:\/\/mr-mass.com\/#\/schema\/logo\/image\/\",\"url\":\"https:\/\/mr-mass.com\/wp-content\/uploads\/2025\/06\/cropped-417524477_413976367821865_6357673664813295189_n-removebg-preview.png\",\"contentUrl\":\"https:\/\/mr-mass.com\/wp-content\/uploads\/2025\/06\/cropped-417524477_413976367821865_6357673664813295189_n-removebg-preview.png\",\"width\":500,\"height\":436,\"caption\":\"MR MASS\"},\"image\":{\"@id\":\"https:\/\/mr-mass.com\/#\/schema\/logo\/image\/\"}}]}<\/script>\n<!-- \/ Yoast SEO plugin. -->","yoast_head_json":{"title":"GSN - BIG MASS GAINER | 3KG - MR MASS","description":"SN BIG MASS GAINER: Formule enrichie en cr\u00e9atine pour une croissance musculaire optimale !BIG MASS GAINER de la marque GSN est un shake sp\u00e9cialement con\u00e7u pour favoriser la prise de muscle et de poids. Il combine des glucides et des acides amin\u00e9s pour encourager la croissance musculaire.Avec l'ajout de cr\u00e9atine, il fournit 3g de cr\u00e9atine pure par jour. Il contribue \u00e0 la pr\u00e9servation et \u00e0 la croissance de la masse musculaire car il contient plus de 80 % de prot\u00e9ines de lactos\u00e9rum. Vous pouvez consommer plus de calories gr\u00e2ce \u00e0 sa formule riche en calories, qui apporte 1351 calories chaque jour.Conseil Coach: Pour obtenir la dose recommand\u00e9e de cr\u00e9atine, il est conseill\u00e9 de prendre entre 1 et 4 doses par jour, m\u00e9lang\u00e9es dans 350 ml d'eau ou de lait.","robots":{"index":"index","follow":"follow","max-snippet":"max-snippet:-1","max-image-preview":"max-image-preview:large","max-video-preview":"max-video-preview:-1"},"canonical":"https:\/\/mr-mass.com\/?product=gsn-big-mass-3kg","og_locale":"fr_FR","og_type":"article","og_title":"GSN - BIG MASS GAINER | 3KG - MR MASS","og_description":"SN BIG MASS GAINER: Formule enrichie en cr\u00e9atine pour une croissance musculaire optimale !BIG MASS GAINER de la marque GSN est un shake sp\u00e9cialement con\u00e7u pour favoriser la prise de muscle et de poids. Il combine des glucides et des acides amin\u00e9s pour encourager la croissance musculaire.Avec l'ajout de cr\u00e9atine, il fournit 3g de cr\u00e9atine pure par jour. Il contribue \u00e0 la pr\u00e9servation et \u00e0 la croissance de la masse musculaire car il contient plus de 80 % de prot\u00e9ines de lactos\u00e9rum. Vous pouvez consommer plus de calories gr\u00e2ce \u00e0 sa formule riche en calories, qui apporte 1351 calories chaque jour.Conseil Coach: Pour obtenir la dose recommand\u00e9e de cr\u00e9atine, il est conseill\u00e9 de prendre entre 1 et 4 doses par jour, m\u00e9lang\u00e9es dans 350 ml d'eau ou de lait.","og_url":"https:\/\/mr-mass.com\/?product=gsn-big-mass-3kg","og_site_name":"MR MASS","article_modified_time":"2025-06-11T17:58:23+00:00","og_image":[{"width":1000,"height":1200,"url":"https:\/\/mr-mass.com\/wp-content\/uploads\/2025\/06\/gsn-big-mass-gainer-3kg.jpg","type":"image\/jpeg"}],"twitter_card":"summary_large_image","twitter_misc":{"Dur\u00e9e de lecture estim\u00e9e":"2 minutes"},"schema":{"@context":"https:\/\/schema.org","@graph":[{"@type":"WebPage","@id":"https:\/\/mr-mass.com\/?product=gsn-big-mass-3kg","url":"https:\/\/mr-mass.com\/?product=gsn-big-mass-3kg","name":"GSN - BIG MASS GAINER | 3KG - MR MASS","isPartOf":{"@id":"https:\/\/mr-mass.com\/#website"},"primaryImageOfPage":{"@id":"https:\/\/mr-mass.com\/?product=gsn-big-mass-3kg#primaryimage"},"image":{"@id":"https:\/\/mr-mass.com\/?product=gsn-big-mass-3kg#primaryimage"},"thumbnailUrl":"https:\/\/mr-mass.com\/wp-content\/uploads\/2025\/06\/gsn-big-mass-gainer-3kg.jpg","datePublished":"2025-06-10T08:46:58+00:00","dateModified":"2025-06-11T17:58:23+00:00","description":"SN BIG MASS GAINER: Formule enrichie en cr\u00e9atine pour une croissance musculaire optimale !BIG MASS GAINER de la marque GSN est un shake sp\u00e9cialement con\u00e7u pour favoriser la prise de muscle et de poids. Il combine des glucides et des acides amin\u00e9s pour encourager la croissance musculaire.Avec l'ajout de cr\u00e9atine, il fournit 3g de cr\u00e9atine pure par jour. Il contribue \u00e0 la pr\u00e9servation et \u00e0 la croissance de la masse musculaire car il contient plus de 80 % de prot\u00e9ines de lactos\u00e9rum. Vous pouvez consommer plus de calories gr\u00e2ce \u00e0 sa formule riche en calories, qui apporte 1351 calories chaque jour.Conseil Coach: Pour obtenir la dose recommand\u00e9e de cr\u00e9atine, il est conseill\u00e9 de prendre entre 1 et 4 doses par jour, m\u00e9lang\u00e9es dans 350 ml d'eau ou de lait.","breadcrumb":{"@id":"https:\/\/mr-mass.com\/?product=gsn-big-mass-3kg#breadcrumb"},"inLanguage":"fr-FR","potentialAction":[{"@type":"ReadAction","target":["https:\/\/mr-mass.com\/?product=gsn-big-mass-3kg"]}]},{"@type":"ImageObject","inLanguage":"fr-FR","@id":"https:\/\/mr-mass.com\/?product=gsn-big-mass-3kg#primaryimage","url":"https:\/\/mr-mass.com\/wp-content\/uploads\/2025\/06\/gsn-big-mass-gainer-3kg.jpg","contentUrl":"https:\/\/mr-mass.com\/wp-content\/uploads\/2025\/06\/gsn-big-mass-gainer-3kg.jpg","width":1000,"height":1200},{"@type":"BreadcrumbList","@id":"https:\/\/mr-mass.com\/?product=gsn-big-mass-3kg#breadcrumb","itemListElement":[{"@type":"ListItem","position":1,"name":"Home","item":"https:\/\/mr-mass.com\/"},{"@type":"ListItem","position":2,"name":"Boutique","item":"https:\/\/mr-mass.com\/?page_id=8"},{"@type":"ListItem","position":3,"name":"GSN &#8211; BIG MASS GAINER | 3KG"}]},{"@type":"WebSite","@id":"https:\/\/mr-mass.com\/#website","url":"https:\/\/mr-mass.com\/","name":"MR MASS","description":"","publisher":{"@id":"https:\/\/mr-mass.com\/#organization"},"potentialAction":[{"@type":"SearchAction","target":{"@type":"EntryPoint","urlTemplate":"https:\/\/mr-mass.com\/?s={search_term_string}"},"query-input":{"@type":"PropertyValueSpecification","valueRequired":true,"valueName":"search_term_string"}}],"inLanguage":"fr-FR"},{"@type":"Organization","@id":"https:\/\/mr-mass.com\/#organization","name":"MR MASS","url":"https:\/\/mr-mass.com\/","logo":{"@type":"ImageObject","inLanguage":"fr-FR","@id":"https:\/\/mr-mass.com\/#\/schema\/logo\/image\/","url":"https:\/\/mr-mass.com\/wp-content\/uploads\/2025\/06\/cropped-417524477_413976367821865_6357673664813295189_n-removebg-preview.png","contentUrl":"https:\/\/mr-mass.com\/wp-content\/uploads\/2025\/06\/cropped-417524477_413976367821865_6357673664813295189_n-removebg-preview.png","width":500,"height":436,"caption":"MR MASS"},"image":{"@id":"https:\/\/mr-mass.com\/#\/schema\/logo\/image\/"}}]}},"jetpack_sharing_enabled":true,"_links":{"self":[{"href":"https:\/\/mr-mass.com\/index.php?rest_route=\/wp\/v2\/product\/6605","targetHints":{"allow":["GET"]}}],"collection":[{"href":"https:\/\/mr-mass.com\/index.php?rest_route=\/wp\/v2\/product"}],"about":[{"href":"https:\/\/mr-mass.com\/index.php?rest_route=\/wp\/v2\/types\/product"}],"replies":[{"embeddable":true,"href":"https:\/\/mr-mass.com\/index.php?rest_route=%2Fwp%2Fv2%2Fcomments&post=6605"}],"wp:featuredmedia":[{"embeddable":true,"href":"https:\/\/mr-mass.com\/index.php?rest_route=\/wp\/v2\/media\/6692"}],"wp:attachment":[{"href":"https:\/\/mr-mass.com\/index.php?rest_route=%2Fwp%2Fv2%2Fmedia&parent=6605"}],"wp:term":[{"taxonomy":"product_cat","embeddable":true,"href":"https:\/\/mr-mass.com\/index.php?rest_route=%2Fwp%2Fv2%2Fproduct_cat&post=6605"},{"taxonomy":"product_tag","embeddable":true,"href":"https:\/\/mr-mass.com\/index.php?rest_route=%2Fwp%2Fv2%2Fproduct_tag&post=6605"}],"curies":[{"name":"wp","href":"https:\/\/api.w.org\/{rel}","templated":true}]}}