{"id":6608,"date":"2025-06-10T10:46:58","date_gmt":"2025-06-10T08:46:58","guid":{"rendered":"https:\/\/mr-mass.com\/?product=gsn-creatine-200g"},"modified":"2025-06-12T13:25:45","modified_gmt":"2025-06-12T11:25:45","slug":"gsn-creatine-200g","status":"publish","type":"product","link":"https:\/\/mr-mass.com\/?product=gsn-creatine-200g","title":{"rendered":"GSN Great Sport Nutrition &#8211; Creatine Monohydrate | 200g"},"content":{"rendered":"<h2>Informations Importantes !<\/h2>\n<p>Une recherche publi\u00e9e dans le *Journal of Strength and Conditioning Research* a montr\u00e9 que la cr\u00e9atine monohydrate peut accro\u00eetre la force musculaire de 20 % en moyenne apr\u00e8s seulement 10 jours de prise. Cette \u00e9tude souligne l&rsquo;efficacit\u00e9 de notre formule avanc\u00e9e.<\/p>\n<h3>Utilisation et Conseil Coach :<\/h3>\n<p>Pour tirer le meilleur parti de notre Cr\u00e9atine Monohydrate Pure \u00e0 100 %, il est conseill\u00e9 de prendre une dose de 3 g (une cuill\u00e8re) m\u00e9lang\u00e9e \u00e0 200 ml d&rsquo;eau ou de jus, environ 30 minutes avant votre entra\u00eenement. Pour des r\u00e9sultats optimaux, il est recommand\u00e9 de consulter un coach nutritionnel afin de personnaliser la posologie selon vos besoins sp\u00e9cifiques.<\/p>\n<h4>Allerg\u00e8nes:<\/h4>\n<p>Aucune<\/p>\n<h4><strong>Note:<\/strong><\/h4>\n<p>Notre Cr\u00e9atine Monohydrate Pure \u00e0 100 % est un produit r\u00e9cemment lanc\u00e9, \u00e9labor\u00e9 dans notre laboratoire certifi\u00e9 ISO 22000, FSSC 22000 et GMP, garantissant les plus hauts standards de qualit\u00e9 et de s\u00e9curit\u00e9.<\/p>\n<h5>Pr\u00e9cautions et Avertissements:<\/h5>\n<p>Respectez la dose recommand\u00e9e. Ne pas utiliser pendant la grossesse ou l&rsquo;allaitement. Consultez un professionnel de sant\u00e9 avant utilisation si vous avez des conditions m\u00e9dicales pr\u00e9existantes. Conservez hors de port\u00e9e des enfants.<\/p>\n","protected":false},"excerpt":{"rendered":"<h2>100% Cr\u00e9atine Monohydrate &#8211; Great Sport Nutrition<\/h2>\n<p><strong>100% Cr\u00e9atine Monohydrate<\/strong>\u00a0\u00bb est le dernier compl\u00e9ment alimentaire d\u00e9velopp\u00e9 par Great Sport Nutrition. Con\u00e7u pour augmenter votre \u00e9nergie et am\u00e9liorer votre endurance, ce produit refl\u00e8te notre engagement envers la qualit\u00e9, soutenu par nos certifications ISO 22000, FSSC 22000 et GMP.<\/p>\n<ul>\n<li>Conseil coach: Il\u00a0est recommand\u00e9 de consommer une dose de 3g (une cuill\u00e8re) m\u00e9lang\u00e9e dans 200ml d&rsquo;eau ou de jus, 30 minutes avant l&rsquo;entra\u00eenement.<\/li>\n<\/ul>\n","protected":false},"featured_media":6704,"comment_status":"open","ping_status":"closed","template":"","meta":[],"product_cat":[34],"product_tag":[],"class_list":{"0":"post-6608","1":"product","2":"type-product","3":"status-publish","4":"has-post-thumbnail","6":"product_brand-gsn-great-sport-nutrition","7":"product_cat-creatine","9":"first","10":"instock","11":"sale","12":"shipping-taxable","13":"purchasable","14":"product-type-simple"},"yoast_head":"<!-- This site is optimized with the Yoast SEO plugin v25.2 - https:\/\/yoast.com\/wordpress\/plugins\/seo\/ -->\n<title>GSN Great Sport Nutrition - Creatine Monohydrate | 200g - MR MASS<\/title>\n<meta name=\"description\" content=\"100% Cr\u00e9atine Monohydrate - Great Sport Nutrition100% Cr\u00e9atine Monohydrate&quot; est le dernier compl\u00e9ment alimentaire d\u00e9velopp\u00e9 par Great Sport Nutrition. Con\u00e7u pour augmenter votre \u00e9nergie et am\u00e9liorer votre endurance, ce produit refl\u00e8te notre engagement envers la qualit\u00e9, soutenu par nos certifications ISO 22000, FSSC 22000 et GMP.Conseil coach: Il est recommand\u00e9 de consommer une dose de 3g (une cuill\u00e8re) m\u00e9lang\u00e9e dans 200ml d&#039;eau ou de jus, 30 minutes avant l&#039;entra\u00eenement.\" \/>\n<meta name=\"robots\" content=\"index, follow, max-snippet:-1, max-image-preview:large, max-video-preview:-1\" \/>\n<link rel=\"canonical\" href=\"https:\/\/mr-mass.com\/?product=gsn-creatine-200g\" \/>\n<meta property=\"og:locale\" content=\"fr_FR\" \/>\n<meta property=\"og:type\" content=\"article\" \/>\n<meta property=\"og:title\" content=\"GSN Great Sport Nutrition - Creatine Monohydrate | 200g - MR MASS\" \/>\n<meta property=\"og:description\" content=\"100% Cr\u00e9atine Monohydrate - Great Sport Nutrition100% Cr\u00e9atine Monohydrate&quot; est le dernier compl\u00e9ment alimentaire d\u00e9velopp\u00e9 par Great Sport Nutrition. Con\u00e7u pour augmenter votre \u00e9nergie et am\u00e9liorer votre endurance, ce produit refl\u00e8te notre engagement envers la qualit\u00e9, soutenu par nos certifications ISO 22000, FSSC 22000 et GMP.Conseil coach: Il est recommand\u00e9 de consommer une dose de 3g (une cuill\u00e8re) m\u00e9lang\u00e9e dans 200ml d&#039;eau ou de jus, 30 minutes avant l&#039;entra\u00eenement.\" \/>\n<meta property=\"og:url\" content=\"https:\/\/mr-mass.com\/?product=gsn-creatine-200g\" \/>\n<meta property=\"og:site_name\" content=\"MR MASS\" \/>\n<meta property=\"article:modified_time\" content=\"2025-06-12T11:25:45+00:00\" \/>\n<meta property=\"og:image\" content=\"https:\/\/mr-mass.com\/wp-content\/uploads\/2025\/06\/gsn-great-sport-nutrition-creatine-monohydrate-200g-1.jpg\" \/>\n\t<meta property=\"og:image:width\" content=\"1000\" \/>\n\t<meta property=\"og:image:height\" content=\"1200\" \/>\n\t<meta property=\"og:image:type\" content=\"image\/jpeg\" \/>\n<meta name=\"twitter:card\" content=\"summary_large_image\" \/>\n<meta name=\"twitter:label1\" content=\"Dur\u00e9e de lecture estim\u00e9e\" \/>\n\t<meta name=\"twitter:data1\" content=\"2 minutes\" \/>\n<script type=\"application\/ld+json\" class=\"yoast-schema-graph\">{\"@context\":\"https:\/\/schema.org\",\"@graph\":[{\"@type\":\"WebPage\",\"@id\":\"https:\/\/mr-mass.com\/?product=gsn-creatine-200g\",\"url\":\"https:\/\/mr-mass.com\/?product=gsn-creatine-200g\",\"name\":\"GSN Great Sport Nutrition - Creatine Monohydrate | 200g - MR MASS\",\"isPartOf\":{\"@id\":\"https:\/\/mr-mass.com\/#website\"},\"primaryImageOfPage\":{\"@id\":\"https:\/\/mr-mass.com\/?product=gsn-creatine-200g#primaryimage\"},\"image\":{\"@id\":\"https:\/\/mr-mass.com\/?product=gsn-creatine-200g#primaryimage\"},\"thumbnailUrl\":\"https:\/\/mr-mass.com\/wp-content\/uploads\/2025\/06\/gsn-great-sport-nutrition-creatine-monohydrate-200g-1.jpg\",\"datePublished\":\"2025-06-10T08:46:58+00:00\",\"dateModified\":\"2025-06-12T11:25:45+00:00\",\"description\":\"100% Cr\u00e9atine Monohydrate - Great Sport Nutrition100% Cr\u00e9atine Monohydrate\\\" est le dernier compl\u00e9ment alimentaire d\u00e9velopp\u00e9 par Great Sport Nutrition. Con\u00e7u pour augmenter votre \u00e9nergie et am\u00e9liorer votre endurance, ce produit refl\u00e8te notre engagement envers la qualit\u00e9, soutenu par nos certifications ISO 22000, FSSC 22000 et GMP.Conseil coach: Il est recommand\u00e9 de consommer une dose de 3g (une cuill\u00e8re) m\u00e9lang\u00e9e dans 200ml d'eau ou de jus, 30 minutes avant l'entra\u00eenement.\",\"breadcrumb\":{\"@id\":\"https:\/\/mr-mass.com\/?product=gsn-creatine-200g#breadcrumb\"},\"inLanguage\":\"fr-FR\",\"potentialAction\":[{\"@type\":\"ReadAction\",\"target\":[\"https:\/\/mr-mass.com\/?product=gsn-creatine-200g\"]}]},{\"@type\":\"ImageObject\",\"inLanguage\":\"fr-FR\",\"@id\":\"https:\/\/mr-mass.com\/?product=gsn-creatine-200g#primaryimage\",\"url\":\"https:\/\/mr-mass.com\/wp-content\/uploads\/2025\/06\/gsn-great-sport-nutrition-creatine-monohydrate-200g-1.jpg\",\"contentUrl\":\"https:\/\/mr-mass.com\/wp-content\/uploads\/2025\/06\/gsn-great-sport-nutrition-creatine-monohydrate-200g-1.jpg\",\"width\":1000,\"height\":1200},{\"@type\":\"BreadcrumbList\",\"@id\":\"https:\/\/mr-mass.com\/?product=gsn-creatine-200g#breadcrumb\",\"itemListElement\":[{\"@type\":\"ListItem\",\"position\":1,\"name\":\"Home\",\"item\":\"https:\/\/mr-mass.com\/\"},{\"@type\":\"ListItem\",\"position\":2,\"name\":\"Boutique\",\"item\":\"https:\/\/mr-mass.com\/?page_id=8\"},{\"@type\":\"ListItem\",\"position\":3,\"name\":\"GSN Great Sport Nutrition &#8211; Creatine Monohydrate | 200g\"}]},{\"@type\":\"WebSite\",\"@id\":\"https:\/\/mr-mass.com\/#website\",\"url\":\"https:\/\/mr-mass.com\/\",\"name\":\"MR MASS\",\"description\":\"\",\"publisher\":{\"@id\":\"https:\/\/mr-mass.com\/#organization\"},\"potentialAction\":[{\"@type\":\"SearchAction\",\"target\":{\"@type\":\"EntryPoint\",\"urlTemplate\":\"https:\/\/mr-mass.com\/?s={search_term_string}\"},\"query-input\":{\"@type\":\"PropertyValueSpecification\",\"valueRequired\":true,\"valueName\":\"search_term_string\"}}],\"inLanguage\":\"fr-FR\"},{\"@type\":\"Organization\",\"@id\":\"https:\/\/mr-mass.com\/#organization\",\"name\":\"MR MASS\",\"url\":\"https:\/\/mr-mass.com\/\",\"logo\":{\"@type\":\"ImageObject\",\"inLanguage\":\"fr-FR\",\"@id\":\"https:\/\/mr-mass.com\/#\/schema\/logo\/image\/\",\"url\":\"https:\/\/mr-mass.com\/wp-content\/uploads\/2025\/06\/cropped-417524477_413976367821865_6357673664813295189_n-removebg-preview.png\",\"contentUrl\":\"https:\/\/mr-mass.com\/wp-content\/uploads\/2025\/06\/cropped-417524477_413976367821865_6357673664813295189_n-removebg-preview.png\",\"width\":500,\"height\":436,\"caption\":\"MR MASS\"},\"image\":{\"@id\":\"https:\/\/mr-mass.com\/#\/schema\/logo\/image\/\"}}]}<\/script>\n<!-- \/ Yoast SEO plugin. -->","yoast_head_json":{"title":"GSN Great Sport Nutrition - Creatine Monohydrate | 200g - MR MASS","description":"100% Cr\u00e9atine Monohydrate - Great Sport Nutrition100% Cr\u00e9atine Monohydrate\" est le dernier compl\u00e9ment alimentaire d\u00e9velopp\u00e9 par Great Sport Nutrition. Con\u00e7u pour augmenter votre \u00e9nergie et am\u00e9liorer votre endurance, ce produit refl\u00e8te notre engagement envers la qualit\u00e9, soutenu par nos certifications ISO 22000, FSSC 22000 et GMP.Conseil coach: Il est recommand\u00e9 de consommer une dose de 3g (une cuill\u00e8re) m\u00e9lang\u00e9e dans 200ml d'eau ou de jus, 30 minutes avant l'entra\u00eenement.","robots":{"index":"index","follow":"follow","max-snippet":"max-snippet:-1","max-image-preview":"max-image-preview:large","max-video-preview":"max-video-preview:-1"},"canonical":"https:\/\/mr-mass.com\/?product=gsn-creatine-200g","og_locale":"fr_FR","og_type":"article","og_title":"GSN Great Sport Nutrition - Creatine Monohydrate | 200g - MR MASS","og_description":"100% Cr\u00e9atine Monohydrate - Great Sport Nutrition100% Cr\u00e9atine Monohydrate\" est le dernier compl\u00e9ment alimentaire d\u00e9velopp\u00e9 par Great Sport Nutrition. Con\u00e7u pour augmenter votre \u00e9nergie et am\u00e9liorer votre endurance, ce produit refl\u00e8te notre engagement envers la qualit\u00e9, soutenu par nos certifications ISO 22000, FSSC 22000 et GMP.Conseil coach: Il est recommand\u00e9 de consommer une dose de 3g (une cuill\u00e8re) m\u00e9lang\u00e9e dans 200ml d'eau ou de jus, 30 minutes avant l'entra\u00eenement.","og_url":"https:\/\/mr-mass.com\/?product=gsn-creatine-200g","og_site_name":"MR MASS","article_modified_time":"2025-06-12T11:25:45+00:00","og_image":[{"width":1000,"height":1200,"url":"https:\/\/mr-mass.com\/wp-content\/uploads\/2025\/06\/gsn-great-sport-nutrition-creatine-monohydrate-200g-1.jpg","type":"image\/jpeg"}],"twitter_card":"summary_large_image","twitter_misc":{"Dur\u00e9e de lecture estim\u00e9e":"2 minutes"},"schema":{"@context":"https:\/\/schema.org","@graph":[{"@type":"WebPage","@id":"https:\/\/mr-mass.com\/?product=gsn-creatine-200g","url":"https:\/\/mr-mass.com\/?product=gsn-creatine-200g","name":"GSN Great Sport Nutrition - Creatine Monohydrate | 200g - MR MASS","isPartOf":{"@id":"https:\/\/mr-mass.com\/#website"},"primaryImageOfPage":{"@id":"https:\/\/mr-mass.com\/?product=gsn-creatine-200g#primaryimage"},"image":{"@id":"https:\/\/mr-mass.com\/?product=gsn-creatine-200g#primaryimage"},"thumbnailUrl":"https:\/\/mr-mass.com\/wp-content\/uploads\/2025\/06\/gsn-great-sport-nutrition-creatine-monohydrate-200g-1.jpg","datePublished":"2025-06-10T08:46:58+00:00","dateModified":"2025-06-12T11:25:45+00:00","description":"100% Cr\u00e9atine Monohydrate - Great Sport Nutrition100% Cr\u00e9atine Monohydrate\" est le dernier compl\u00e9ment alimentaire d\u00e9velopp\u00e9 par Great Sport Nutrition. Con\u00e7u pour augmenter votre \u00e9nergie et am\u00e9liorer votre endurance, ce produit refl\u00e8te notre engagement envers la qualit\u00e9, soutenu par nos certifications ISO 22000, FSSC 22000 et GMP.Conseil coach: Il est recommand\u00e9 de consommer une dose de 3g (une cuill\u00e8re) m\u00e9lang\u00e9e dans 200ml d'eau ou de jus, 30 minutes avant l'entra\u00eenement.","breadcrumb":{"@id":"https:\/\/mr-mass.com\/?product=gsn-creatine-200g#breadcrumb"},"inLanguage":"fr-FR","potentialAction":[{"@type":"ReadAction","target":["https:\/\/mr-mass.com\/?product=gsn-creatine-200g"]}]},{"@type":"ImageObject","inLanguage":"fr-FR","@id":"https:\/\/mr-mass.com\/?product=gsn-creatine-200g#primaryimage","url":"https:\/\/mr-mass.com\/wp-content\/uploads\/2025\/06\/gsn-great-sport-nutrition-creatine-monohydrate-200g-1.jpg","contentUrl":"https:\/\/mr-mass.com\/wp-content\/uploads\/2025\/06\/gsn-great-sport-nutrition-creatine-monohydrate-200g-1.jpg","width":1000,"height":1200},{"@type":"BreadcrumbList","@id":"https:\/\/mr-mass.com\/?product=gsn-creatine-200g#breadcrumb","itemListElement":[{"@type":"ListItem","position":1,"name":"Home","item":"https:\/\/mr-mass.com\/"},{"@type":"ListItem","position":2,"name":"Boutique","item":"https:\/\/mr-mass.com\/?page_id=8"},{"@type":"ListItem","position":3,"name":"GSN Great Sport Nutrition &#8211; Creatine Monohydrate | 200g"}]},{"@type":"WebSite","@id":"https:\/\/mr-mass.com\/#website","url":"https:\/\/mr-mass.com\/","name":"MR MASS","description":"","publisher":{"@id":"https:\/\/mr-mass.com\/#organization"},"potentialAction":[{"@type":"SearchAction","target":{"@type":"EntryPoint","urlTemplate":"https:\/\/mr-mass.com\/?s={search_term_string}"},"query-input":{"@type":"PropertyValueSpecification","valueRequired":true,"valueName":"search_term_string"}}],"inLanguage":"fr-FR"},{"@type":"Organization","@id":"https:\/\/mr-mass.com\/#organization","name":"MR MASS","url":"https:\/\/mr-mass.com\/","logo":{"@type":"ImageObject","inLanguage":"fr-FR","@id":"https:\/\/mr-mass.com\/#\/schema\/logo\/image\/","url":"https:\/\/mr-mass.com\/wp-content\/uploads\/2025\/06\/cropped-417524477_413976367821865_6357673664813295189_n-removebg-preview.png","contentUrl":"https:\/\/mr-mass.com\/wp-content\/uploads\/2025\/06\/cropped-417524477_413976367821865_6357673664813295189_n-removebg-preview.png","width":500,"height":436,"caption":"MR MASS"},"image":{"@id":"https:\/\/mr-mass.com\/#\/schema\/logo\/image\/"}}]}},"jetpack_sharing_enabled":true,"_links":{"self":[{"href":"https:\/\/mr-mass.com\/index.php?rest_route=\/wp\/v2\/product\/6608","targetHints":{"allow":["GET"]}}],"collection":[{"href":"https:\/\/mr-mass.com\/index.php?rest_route=\/wp\/v2\/product"}],"about":[{"href":"https:\/\/mr-mass.com\/index.php?rest_route=\/wp\/v2\/types\/product"}],"replies":[{"embeddable":true,"href":"https:\/\/mr-mass.com\/index.php?rest_route=%2Fwp%2Fv2%2Fcomments&post=6608"}],"wp:featuredmedia":[{"embeddable":true,"href":"https:\/\/mr-mass.com\/index.php?rest_route=\/wp\/v2\/media\/6704"}],"wp:attachment":[{"href":"https:\/\/mr-mass.com\/index.php?rest_route=%2Fwp%2Fv2%2Fmedia&parent=6608"}],"wp:term":[{"taxonomy":"product_cat","embeddable":true,"href":"https:\/\/mr-mass.com\/index.php?rest_route=%2Fwp%2Fv2%2Fproduct_cat&post=6608"},{"taxonomy":"product_tag","embeddable":true,"href":"https:\/\/mr-mass.com\/index.php?rest_route=%2Fwp%2Fv2%2Fproduct_tag&post=6608"}],"curies":[{"name":"wp","href":"https:\/\/api.w.org\/{rel}","templated":true}]}}