{"id":6613,"date":"2025-06-10T10:46:59","date_gmt":"2025-06-10T08:46:59","guid":{"rendered":"https:\/\/mr-mass.com\/?product=impact-whey-sashet-900g"},"modified":"2025-07-05T19:11:57","modified_gmt":"2025-07-05T17:11:57","slug":"impact-whey-sashet-900g","status":"publish","type":"product","link":"https:\/\/mr-mass.com\/?product=impact-whey-sashet-900g","title":{"rendered":"IMPACT WHEY SASHET 900G"},"content":{"rendered":"<h3 class=\"e-n-accordion-item-title-text\">Descriptif<\/h3>\n<div class=\"elementor-element elementor-element-92c4e18 e-flex e-con-boxed e-con e-child\" role=\"region\" aria-labelledby=\"e-n-accordion-item-1730\" data-id=\"92c4e18\" data-element_type=\"container\" data-settings=\"{&quot;background_background&quot;:&quot;classic&quot;}\">\n<div class=\"e-con-inner\">\n<div class=\"elementor-element elementor-element-596a5cd e-con-full e-flex e-con e-child\" role=\"region\" aria-labelledby=\"e-n-accordion-item-1730\" data-id=\"596a5cd\" data-element_type=\"container\">\n<div class=\"elementor-element elementor-element-d978002 elementor-widget elementor-widget-text-editor\" data-id=\"d978002\" data-element_type=\"widget\" data-widget_type=\"text-editor.default\">\n<div class=\"elementor-widget-container\">\n<p><strong>PREMIUM WHEY<\/strong>\u00a0est une pr\u00e9paration hyper-prot\u00e9in\u00e9e en poudre instantan\u00e9e de qualit\u00e9 sup\u00e9rieure fabriqu\u00e9e \u00e0 partir d\u2019un concentr\u00e9 natif de prot\u00e9ines de Petit-lait, whey en anglosaxon.<\/p>\n<p>Cette prot\u00e9ine, extraite \u00e0 froid \u00e0 partir d\u2019une source laiti\u00e8re ultra-pure et d\u2019origine contr\u00f4l\u00e9e, conserve toutes ses qualit\u00e9s nutritionnelles de base pour offrir une prot\u00e9ine de haute valeur biologique particuli\u00e8rement riche en acides amin\u00e9s essentiels facilement assimilable et parfaitement bien tol\u00e9r\u00e9e.<\/p>\n<p>Chaque portion de Premium Whey fournit 23g de prot\u00e9ines \u00e0 assimilation rapide, dont 11g d\u2019acides amin\u00e9s essentiels (EAA) et 5g de BCAA, dans un ratio anabolique optimal de 2:1:1 sans artifices ni ingr\u00e9dients cach\u00e9s.<\/p>\n<p>Premium Whey est le meilleure compromis qualit\u00e9-prix pour r\u00e9pondre aux besoins prot\u00e9iques journaliers.<\/p>\n<h3 class=\"e-n-accordion-item-title-text\">Les avantages<\/h3>\n<div class=\"elementor-element elementor-element-32533f6 e-flex e-con-boxed e-con e-child\" role=\"region\" aria-labelledby=\"e-n-accordion-item-1731\" data-id=\"32533f6\" data-element_type=\"container\" data-settings=\"{&quot;background_background&quot;:&quot;classic&quot;}\">\n<div class=\"e-con-inner\">\n<div class=\"elementor-element elementor-element-fa53602 e-con-full e-flex e-con e-child\" role=\"region\" aria-labelledby=\"e-n-accordion-item-1731\" data-id=\"fa53602\" data-element_type=\"container\">\n<div class=\"elementor-element elementor-element-c577401 elementor-widget elementor-widget-text-editor\" data-id=\"c577401\" data-element_type=\"widget\" data-widget_type=\"text-editor.default\">\n<div class=\"elementor-widget-container\">\n<ul>\n<li>Prot\u00e9ine native non d\u00e9natur\u00e9e extraite \u00e0 froid<\/li>\n<li>Haute teneur en prot\u00e9ines<\/li>\n<li>Prot\u00e9ine de haute valeur biologique<\/li>\n<li>Garantie sans Amino-Spiking<\/li>\n<li>Sans sucre ajout\u00e9<\/li>\n<li>Sans conservateurs, ni colorants de synth\u00e8se<\/li>\n<li>Ne contient pas d\u2019aspartame<\/li>\n<\/ul>\n<h3 class=\"e-n-accordion-item-title-text\">Conseil de prise<\/h3>\n<div class=\"elementor-element elementor-element-54cea0d e-flex e-con-boxed e-con e-child\" role=\"region\" aria-labelledby=\"e-n-accordion-item-1732\" data-id=\"54cea0d\" data-element_type=\"container\" data-settings=\"{&quot;background_background&quot;:&quot;classic&quot;}\">\n<div class=\"e-con-inner\">\n<div class=\"elementor-element elementor-element-1268990 e-con-full e-flex e-con e-child\" role=\"region\" aria-labelledby=\"e-n-accordion-item-1732\" data-id=\"1268990\" data-element_type=\"container\">\n<div class=\"elementor-element elementor-element-4ed0c61 elementor-widget elementor-widget-text-editor\" data-id=\"4ed0c61\" data-element_type=\"widget\" data-widget_type=\"text-editor.default\">\n<div class=\"elementor-widget-container\">\n<p>M\u00e9langer 1 cuill\u00e8re-mesure (30g) dans 200ml d\u2019eau. Agiter \u00e9nergiquement \u00e0 l\u2019aide d\u2019une bouteille m\u00e9langeuse jusqu\u2019\u00e0 dissolution totale. Boire la pr\u00e9paration imm\u00e9diatement apr\u00e8s un effort physique.<\/p>\n<p>Pour plus d\u2019onctuosit\u00e9, remplacer l\u2019eau par du lait.<\/p>\n<h6>Si tu souhaite rompre ta routine :<\/h6>\n<p>Premium Whey est un excellent choix de prot\u00e9ine pour r\u00e9pondre aux besoins post-effort de r\u00e9cup\u00e9ration. Mais elle peut \u00e9galement \u00eatre utilis\u00e9e comme prot\u00e9ine d\u2019enrichissement \u00e0 n\u2019import quel moment de la journ\u00e9e. Pour augmenter l\u2019apport prot\u00e9ique, une dose suppl\u00e9mentaire peut \u00eatre ajout\u00e9e, en fonction de vos besoins alimentaires. Vous pouvez \u00e9galement l\u2019incorporer comme un super-ingr\u00e9dient dans de tr\u00e8s nombreuses pr\u00e9parations pour petit-d\u00e9jeuner ou collations.<\/p>\n<\/div>\n<h3 class=\"e-n-accordion-item-title-text\">Composition<\/h3>\n<div class=\"elementor-element elementor-element-4386123 e-con-full e-flex e-con e-child\" role=\"region\" aria-labelledby=\"e-n-accordion-item-1733\" data-id=\"4386123\" data-element_type=\"container\" data-settings=\"{&quot;background_background&quot;:&quot;classic&quot;}\">\n<div class=\"elementor-element elementor-element-3fd2ca6 e-flex e-con-boxed e-con e-child\" role=\"region\" aria-labelledby=\"e-n-accordion-item-1733\" data-id=\"3fd2ca6\" data-element_type=\"container\">\n<div class=\"e-con-inner\">\n<div class=\"elementor-element elementor-element-f0459b1 elementor-widget elementor-widget-text-editor\" data-id=\"f0459b1\" data-element_type=\"widget\" data-widget_type=\"text-editor.default\">\n<div class=\"elementor-widget-container\">\n<p>Concentr\u00e9 Natif de Prot\u00e9ines de Petit-Lait (avec L\u00e9cithine de Tournesol), Cacao Alcalinis\u00e9*, Ar\u00f4mes, \u00c9paississant [Carboxym\u00e9thylcellulose sodique], Chlorure de sodium, \u00c9dulcorant [Sucralose], Colorant Naturel [Extrait de betterave**].<\/p>\n<p>*Saveur Double Chocolate **Saveur Strawberry Cream<\/p>\n<p><strong>Informations allerg\u00e8nes :<\/strong>\u00a0Lait et d\u00e9riv\u00e9s (Concentr\u00e9 de WHEY).<\/p>\n<h3 class=\"e-n-accordion-item-title-text\">Profil nutritionnel<\/h3>\n<div class=\"elementor-element elementor-element-a43842d e-flex e-con-boxed e-con e-child\" role=\"region\" aria-labelledby=\"e-n-accordion-item-1734\" data-id=\"a43842d\" data-element_type=\"container\" data-settings=\"{&quot;background_background&quot;:&quot;classic&quot;}\">\n<div class=\"e-con-inner\">\n<div class=\"elementor-element elementor-element-19a7c49 e-con-full e-flex e-con e-child\" role=\"region\" aria-labelledby=\"e-n-accordion-item-1734\" data-id=\"19a7c49\" data-element_type=\"container\">\n<div class=\"elementor-element elementor-element-9415425 elementor-widget elementor-widget-text-editor\" data-id=\"9415425\" data-element_type=\"widget\" data-widget_type=\"text-editor.default\">\n<div class=\"elementor-widget-container\">\n<table width=\"400\">\n<tbody>\n<tr>\n<td width=\"150\">\n<h5><strong>Analyse nutritionnelle<\/strong><\/h5>\n<\/td>\n<td width=\"156\"><strong>Pour 1 Portion de 30g<\/strong><\/td>\n<\/tr>\n<tr>\n<td><strong>Energie<\/strong><\/td>\n<td><strong>118 kcal<\/strong><\/td>\n<\/tr>\n<tr>\n<td><strong>Lipides Totaux<\/strong><\/td>\n<td><strong>2,1g<\/strong><\/td>\n<\/tr>\n<tr>\n<td>Dont Satur\u00e9s<\/td>\n<td>1,4g<\/td>\n<\/tr>\n<tr>\n<td><strong>Sodium<\/strong><\/td>\n<td><strong>60mg<\/strong><\/td>\n<\/tr>\n<tr>\n<td><strong>Carbohydrates Totaux<\/strong><\/td>\n<td><strong>2,7g<\/strong><\/td>\n<\/tr>\n<tr>\n<td>Fibres Alimentaires<\/td>\n<td>0g<\/td>\n<\/tr>\n<tr>\n<td>Sucres Totaux<\/td>\n<td>1g<\/td>\n<\/tr>\n<tr>\n<td>Dont Sucre Ajout\u00e9<\/td>\n<td>0g<\/td>\n<\/tr>\n<tr>\n<td><strong>Prot\u00e9ine<\/strong><\/td>\n<td><strong>23g<\/strong><\/td>\n<\/tr>\n<\/tbody>\n<\/table>\n<div class=\"kvgmc6g5 cxmmr5t8 oygrvhab hcukyx3x c1et5uql ii04i59q\"><strong>Portion recommand\u00e9e :<\/strong>\u00a030g (1 cuill\u00e8re-mesure)<\/div>\n<div><strong>Nombre de portions pas emballage :<\/strong>\u00a030 (900g)\/60 (1.8kg).<\/div>\n<div>Cuill\u00e8re doseuse fournie dans l\u2019emballage. La cuill\u00e8re-mesure de 70cc fournie ne mesure pas les poids mais les volumes. Pour obtenir un dosage pr\u00e9cis, il est recommand\u00e9 d\u2019utiliser une balance.<\/div>\n<div><\/div>\n<div>\n<table width=\"291\">\n<tbody>\n<tr>\n<td colspan=\"2\" width=\"291\">\n<h5>Aminogramme en acides amin\u00e9s par portion<\/h5>\n<\/td>\n<\/tr>\n<tr>\n<td>Isoleucine<\/td>\n<td>1,4g<\/td>\n<\/tr>\n<tr>\n<td>Leucine<\/td>\n<td>2,4g<\/td>\n<\/tr>\n<tr>\n<td>Lysine<\/td>\n<td>2,1g<\/td>\n<\/tr>\n<tr>\n<td>M\u00e9thionine<\/td>\n<td>0,5g<\/td>\n<\/tr>\n<tr>\n<td>Ph\u00e9nylalanine<\/td>\n<td>0,7g<\/td>\n<\/tr>\n<tr>\n<td>Thr\u00e9onine<\/td>\n<td>1,6g<\/td>\n<\/tr>\n<tr>\n<td>Tryptophane<\/td>\n<td>0,4g<\/td>\n<\/tr>\n<tr>\n<td>Valine<\/td>\n<td>1,2g<\/td>\n<\/tr>\n<tr>\n<td>Arginine<\/td>\n<td>0,6g<\/td>\n<\/tr>\n<tr>\n<td>Cyst\u00e9ine<\/td>\n<td>0,5g<\/td>\n<\/tr>\n<tr>\n<td>Acide Glutamique<\/td>\n<td>4,1g<\/td>\n<\/tr>\n<tr>\n<td>Histidine<\/td>\n<td>0,4g<\/td>\n<\/tr>\n<tr>\n<td>Proline<\/td>\n<td>1,4g<\/td>\n<\/tr>\n<tr>\n<td>Tyrosine<\/td>\n<td>0,7g<\/td>\n<\/tr>\n<tr>\n<td>Alanine<\/td>\n<td>1,1g<\/td>\n<\/tr>\n<tr>\n<td>Acide Aspartique<\/td>\n<td>2,5g<\/td>\n<\/tr>\n<tr>\n<td>Glycine<\/td>\n<td>0,4g<\/td>\n<\/tr>\n<tr>\n<td>S\u00e9rine<\/td>\n<td>1,1g<\/td>\n<\/tr>\n<tr>\n<td>Acides Amin\u00e9s Essentiels EAA<\/td>\n<td>\u00b111g<\/td>\n<\/tr>\n<tr>\n<td>Acides Amin\u00e9s Ramifi\u00e9s BCAA<\/td>\n<td>5,0g<\/td>\n<\/tr>\n<\/tbody>\n<\/table>\n<\/div>\n<\/div>\n<\/div>\n<\/div>\n<\/div>\n<\/div>\n<\/div>\n<\/div>\n<\/div>\n<\/div>\n<\/div>\n<\/div>\n<\/div>\n<\/div>\n<\/div>\n<\/div>\n<\/div>\n<\/div>\n<\/div>\n<\/div>\n<\/div>\n<\/div>\n<\/div>\n<\/div>\n<\/div>\n","protected":false},"excerpt":{"rendered":"<ul>\n<li>Prot\u00e9ine native non d\u00e9natur\u00e9e extraite \u00e0 froid<\/li>\n<li>Haute teneur en prot\u00e9ines<\/li>\n<li>Prot\u00e9ine de haute valeur biologique<\/li>\n<li>Garantie sans Amino-Spiking<\/li>\n<li>Sans sucre ajout\u00e9<\/li>\n<li>Sans conservateurs, ni colorants de synth\u00e8se<\/li>\n<li>Ne contient pas d\u2019aspartame ni gluten<\/li>\n<\/ul>\n","protected":false},"featured_media":6643,"comment_status":"open","ping_status":"closed","template":"","meta":[],"product_cat":[50],"product_tag":[],"class_list":{"0":"post-6613","1":"product","2":"type-product","3":"status-publish","4":"has-post-thumbnail","6":"product_brand-impact-sport-nutrition","7":"product_cat-protein","9":"first","10":"instock","11":"shipping-taxable","12":"purchasable","13":"product-type-simple"},"yoast_head":"<!-- This site is optimized with the Yoast SEO plugin v25.2 - https:\/\/yoast.com\/wordpress\/plugins\/seo\/ -->\n<title>IMPACT WHEY SASHET 900G - MR MASS<\/title>\n<meta name=\"robots\" content=\"index, follow, max-snippet:-1, max-image-preview:large, max-video-preview:-1\" \/>\n<link rel=\"canonical\" href=\"https:\/\/mr-mass.com\/?product=impact-whey-sashet-900g\" \/>\n<meta property=\"og:locale\" content=\"fr_FR\" \/>\n<meta property=\"og:type\" content=\"article\" \/>\n<meta property=\"og:title\" content=\"IMPACT WHEY SASHET 900G - MR MASS\" \/>\n<meta property=\"og:description\" content=\"Prot\u00e9ine native non d\u00e9natur\u00e9e extraite \u00e0 froid  Haute teneur en prot\u00e9ines  Prot\u00e9ine de haute valeur biologique  Garantie sans Amino-Spiking  Sans sucre ajout\u00e9  Sans conservateurs, ni colorants de synth\u00e8se  Ne contient pas d\u2019aspartame ni gluten\" \/>\n<meta property=\"og:url\" content=\"https:\/\/mr-mass.com\/?product=impact-whey-sashet-900g\" \/>\n<meta property=\"og:site_name\" content=\"MR MASS\" \/>\n<meta property=\"article:modified_time\" content=\"2025-07-05T17:11:57+00:00\" \/>\n<meta property=\"og:image\" content=\"https:\/\/mr-mass.com\/wp-content\/uploads\/2025\/06\/PREMIUM-WHEY-900G-DOUBLE-CHOCO-600x600-1.jpg\" \/>\n\t<meta property=\"og:image:width\" content=\"600\" \/>\n\t<meta property=\"og:image:height\" content=\"600\" \/>\n\t<meta property=\"og:image:type\" content=\"image\/jpeg\" \/>\n<meta name=\"twitter:card\" content=\"summary_large_image\" \/>\n<meta name=\"twitter:label1\" content=\"Dur\u00e9e de lecture estim\u00e9e\" \/>\n\t<meta name=\"twitter:data1\" content=\"3 minutes\" \/>\n<script type=\"application\/ld+json\" class=\"yoast-schema-graph\">{\"@context\":\"https:\/\/schema.org\",\"@graph\":[{\"@type\":\"WebPage\",\"@id\":\"https:\/\/mr-mass.com\/?product=impact-whey-sashet-900g\",\"url\":\"https:\/\/mr-mass.com\/?product=impact-whey-sashet-900g\",\"name\":\"IMPACT WHEY SASHET 900G - MR MASS\",\"isPartOf\":{\"@id\":\"https:\/\/mr-mass.com\/#website\"},\"primaryImageOfPage\":{\"@id\":\"https:\/\/mr-mass.com\/?product=impact-whey-sashet-900g#primaryimage\"},\"image\":{\"@id\":\"https:\/\/mr-mass.com\/?product=impact-whey-sashet-900g#primaryimage\"},\"thumbnailUrl\":\"https:\/\/mr-mass.com\/wp-content\/uploads\/2025\/06\/PREMIUM-WHEY-900G-DOUBLE-CHOCO-600x600-1.jpg\",\"datePublished\":\"2025-06-10T08:46:59+00:00\",\"dateModified\":\"2025-07-05T17:11:57+00:00\",\"breadcrumb\":{\"@id\":\"https:\/\/mr-mass.com\/?product=impact-whey-sashet-900g#breadcrumb\"},\"inLanguage\":\"fr-FR\",\"potentialAction\":[{\"@type\":\"ReadAction\",\"target\":[\"https:\/\/mr-mass.com\/?product=impact-whey-sashet-900g\"]}]},{\"@type\":\"ImageObject\",\"inLanguage\":\"fr-FR\",\"@id\":\"https:\/\/mr-mass.com\/?product=impact-whey-sashet-900g#primaryimage\",\"url\":\"https:\/\/mr-mass.com\/wp-content\/uploads\/2025\/06\/PREMIUM-WHEY-900G-DOUBLE-CHOCO-600x600-1.jpg\",\"contentUrl\":\"https:\/\/mr-mass.com\/wp-content\/uploads\/2025\/06\/PREMIUM-WHEY-900G-DOUBLE-CHOCO-600x600-1.jpg\",\"width\":600,\"height\":600},{\"@type\":\"BreadcrumbList\",\"@id\":\"https:\/\/mr-mass.com\/?product=impact-whey-sashet-900g#breadcrumb\",\"itemListElement\":[{\"@type\":\"ListItem\",\"position\":1,\"name\":\"Home\",\"item\":\"https:\/\/mr-mass.com\/\"},{\"@type\":\"ListItem\",\"position\":2,\"name\":\"Boutique\",\"item\":\"https:\/\/mr-mass.com\/?page_id=8\"},{\"@type\":\"ListItem\",\"position\":3,\"name\":\"IMPACT WHEY SASHET 900G\"}]},{\"@type\":\"WebSite\",\"@id\":\"https:\/\/mr-mass.com\/#website\",\"url\":\"https:\/\/mr-mass.com\/\",\"name\":\"MR MASS\",\"description\":\"\",\"publisher\":{\"@id\":\"https:\/\/mr-mass.com\/#organization\"},\"potentialAction\":[{\"@type\":\"SearchAction\",\"target\":{\"@type\":\"EntryPoint\",\"urlTemplate\":\"https:\/\/mr-mass.com\/?s={search_term_string}\"},\"query-input\":{\"@type\":\"PropertyValueSpecification\",\"valueRequired\":true,\"valueName\":\"search_term_string\"}}],\"inLanguage\":\"fr-FR\"},{\"@type\":\"Organization\",\"@id\":\"https:\/\/mr-mass.com\/#organization\",\"name\":\"MR MASS\",\"url\":\"https:\/\/mr-mass.com\/\",\"logo\":{\"@type\":\"ImageObject\",\"inLanguage\":\"fr-FR\",\"@id\":\"https:\/\/mr-mass.com\/#\/schema\/logo\/image\/\",\"url\":\"https:\/\/mr-mass.com\/wp-content\/uploads\/2025\/06\/cropped-417524477_413976367821865_6357673664813295189_n-removebg-preview.png\",\"contentUrl\":\"https:\/\/mr-mass.com\/wp-content\/uploads\/2025\/06\/cropped-417524477_413976367821865_6357673664813295189_n-removebg-preview.png\",\"width\":500,\"height\":436,\"caption\":\"MR MASS\"},\"image\":{\"@id\":\"https:\/\/mr-mass.com\/#\/schema\/logo\/image\/\"}}]}<\/script>\n<!-- \/ Yoast SEO plugin. -->","yoast_head_json":{"title":"IMPACT WHEY SASHET 900G - MR MASS","robots":{"index":"index","follow":"follow","max-snippet":"max-snippet:-1","max-image-preview":"max-image-preview:large","max-video-preview":"max-video-preview:-1"},"canonical":"https:\/\/mr-mass.com\/?product=impact-whey-sashet-900g","og_locale":"fr_FR","og_type":"article","og_title":"IMPACT WHEY SASHET 900G - MR MASS","og_description":"Prot\u00e9ine native non d\u00e9natur\u00e9e extraite \u00e0 froid  Haute teneur en prot\u00e9ines  Prot\u00e9ine de haute valeur biologique  Garantie sans Amino-Spiking  Sans sucre ajout\u00e9  Sans conservateurs, ni colorants de synth\u00e8se  Ne contient pas d\u2019aspartame ni gluten","og_url":"https:\/\/mr-mass.com\/?product=impact-whey-sashet-900g","og_site_name":"MR MASS","article_modified_time":"2025-07-05T17:11:57+00:00","og_image":[{"width":600,"height":600,"url":"https:\/\/mr-mass.com\/wp-content\/uploads\/2025\/06\/PREMIUM-WHEY-900G-DOUBLE-CHOCO-600x600-1.jpg","type":"image\/jpeg"}],"twitter_card":"summary_large_image","twitter_misc":{"Dur\u00e9e de lecture estim\u00e9e":"3 minutes"},"schema":{"@context":"https:\/\/schema.org","@graph":[{"@type":"WebPage","@id":"https:\/\/mr-mass.com\/?product=impact-whey-sashet-900g","url":"https:\/\/mr-mass.com\/?product=impact-whey-sashet-900g","name":"IMPACT WHEY SASHET 900G - MR MASS","isPartOf":{"@id":"https:\/\/mr-mass.com\/#website"},"primaryImageOfPage":{"@id":"https:\/\/mr-mass.com\/?product=impact-whey-sashet-900g#primaryimage"},"image":{"@id":"https:\/\/mr-mass.com\/?product=impact-whey-sashet-900g#primaryimage"},"thumbnailUrl":"https:\/\/mr-mass.com\/wp-content\/uploads\/2025\/06\/PREMIUM-WHEY-900G-DOUBLE-CHOCO-600x600-1.jpg","datePublished":"2025-06-10T08:46:59+00:00","dateModified":"2025-07-05T17:11:57+00:00","breadcrumb":{"@id":"https:\/\/mr-mass.com\/?product=impact-whey-sashet-900g#breadcrumb"},"inLanguage":"fr-FR","potentialAction":[{"@type":"ReadAction","target":["https:\/\/mr-mass.com\/?product=impact-whey-sashet-900g"]}]},{"@type":"ImageObject","inLanguage":"fr-FR","@id":"https:\/\/mr-mass.com\/?product=impact-whey-sashet-900g#primaryimage","url":"https:\/\/mr-mass.com\/wp-content\/uploads\/2025\/06\/PREMIUM-WHEY-900G-DOUBLE-CHOCO-600x600-1.jpg","contentUrl":"https:\/\/mr-mass.com\/wp-content\/uploads\/2025\/06\/PREMIUM-WHEY-900G-DOUBLE-CHOCO-600x600-1.jpg","width":600,"height":600},{"@type":"BreadcrumbList","@id":"https:\/\/mr-mass.com\/?product=impact-whey-sashet-900g#breadcrumb","itemListElement":[{"@type":"ListItem","position":1,"name":"Home","item":"https:\/\/mr-mass.com\/"},{"@type":"ListItem","position":2,"name":"Boutique","item":"https:\/\/mr-mass.com\/?page_id=8"},{"@type":"ListItem","position":3,"name":"IMPACT WHEY SASHET 900G"}]},{"@type":"WebSite","@id":"https:\/\/mr-mass.com\/#website","url":"https:\/\/mr-mass.com\/","name":"MR MASS","description":"","publisher":{"@id":"https:\/\/mr-mass.com\/#organization"},"potentialAction":[{"@type":"SearchAction","target":{"@type":"EntryPoint","urlTemplate":"https:\/\/mr-mass.com\/?s={search_term_string}"},"query-input":{"@type":"PropertyValueSpecification","valueRequired":true,"valueName":"search_term_string"}}],"inLanguage":"fr-FR"},{"@type":"Organization","@id":"https:\/\/mr-mass.com\/#organization","name":"MR MASS","url":"https:\/\/mr-mass.com\/","logo":{"@type":"ImageObject","inLanguage":"fr-FR","@id":"https:\/\/mr-mass.com\/#\/schema\/logo\/image\/","url":"https:\/\/mr-mass.com\/wp-content\/uploads\/2025\/06\/cropped-417524477_413976367821865_6357673664813295189_n-removebg-preview.png","contentUrl":"https:\/\/mr-mass.com\/wp-content\/uploads\/2025\/06\/cropped-417524477_413976367821865_6357673664813295189_n-removebg-preview.png","width":500,"height":436,"caption":"MR MASS"},"image":{"@id":"https:\/\/mr-mass.com\/#\/schema\/logo\/image\/"}}]}},"jetpack_sharing_enabled":true,"_links":{"self":[{"href":"https:\/\/mr-mass.com\/index.php?rest_route=\/wp\/v2\/product\/6613","targetHints":{"allow":["GET"]}}],"collection":[{"href":"https:\/\/mr-mass.com\/index.php?rest_route=\/wp\/v2\/product"}],"about":[{"href":"https:\/\/mr-mass.com\/index.php?rest_route=\/wp\/v2\/types\/product"}],"replies":[{"embeddable":true,"href":"https:\/\/mr-mass.com\/index.php?rest_route=%2Fwp%2Fv2%2Fcomments&post=6613"}],"wp:featuredmedia":[{"embeddable":true,"href":"https:\/\/mr-mass.com\/index.php?rest_route=\/wp\/v2\/media\/6643"}],"wp:attachment":[{"href":"https:\/\/mr-mass.com\/index.php?rest_route=%2Fwp%2Fv2%2Fmedia&parent=6613"}],"wp:term":[{"taxonomy":"product_cat","embeddable":true,"href":"https:\/\/mr-mass.com\/index.php?rest_route=%2Fwp%2Fv2%2Fproduct_cat&post=6613"},{"taxonomy":"product_tag","embeddable":true,"href":"https:\/\/mr-mass.com\/index.php?rest_route=%2Fwp%2Fv2%2Fproduct_tag&post=6613"}],"curies":[{"name":"wp","href":"https:\/\/api.w.org\/{rel}","templated":true}]}}