{"id":6614,"date":"2025-06-10T10:46:59","date_gmt":"2025-06-10T08:46:59","guid":{"rendered":"https:\/\/mr-mass.com\/?product=impact-anabolic-mass-gainer-5kg"},"modified":"2025-07-07T14:56:34","modified_gmt":"2025-07-07T12:56:34","slug":"impact-anabolic-mass-gainer-5kg","status":"publish","type":"product","link":"https:\/\/mr-mass.com\/?product=impact-anabolic-mass-gainer-5kg","title":{"rendered":"IMPACT ISN ANABOLIC MASS GAINER 5KG"},"content":{"rendered":"<p><em><strong>DESCRIPTIF<\/strong><\/em><\/p>\n<p><strong>ANABOLIC MASS GAINER<\/strong>\u00a0est une formule tout-en-un \u00e0 base de prot\u00e9ines de haute qualit\u00e9, une combinaison de glucides et d\u2019un complexe de micronutriments essentiels de 10 vitamines et 2 min\u00e9raux essentiels ch\u00e9lat\u00e9s.<\/p>\n<p>C\u2019est un booster de calories qui augmente facilement la densit\u00e9 \u00e9nerg\u00e9tique d\u2019un programme alimentaire. Il est recommand\u00e9 pendant la phase de prise de masse musculaire et aux personnes ayant des difficult\u00e9s \u00e0 prendre du poids \u00abLes Ectomorphes\u00bb plus connus sous l\u2019appellation \u00ab\u00a0Hard-Gainers\u00a0\u00bb.<\/p>\n<p><strong>ANABOLIC MASS GAINER<\/strong>\u00a0contient les nutriments cl\u00e9s pour une r\u00e9cup\u00e9ration r\u00e9ussie. La formule fournit des prot\u00e9ines de remplacement pour stimuler la synth\u00e8se des prot\u00e9ines et les glucides n\u00e9cessaires \u00e0 la r\u00e9pl\u00e9tion glycog\u00e8ne. Il peut \u00eatre utilis\u00e9 en post entra\u00eenement chez les athl\u00e8tes de force et d\u2019endurance pour compenser les pertes d\u2019une s\u00e9ance d\u2019entra\u00eenement de haute intensit\u00e9.<\/p>\n<h3 class=\"e-n-accordion-item-title-text\">Les avantages<\/h3>\n<div class=\"elementor-element elementor-element-2e4d2a4 e-flex e-con-boxed e-con e-child\" role=\"region\" aria-labelledby=\"e-n-accordion-item-1871\" data-id=\"2e4d2a4\" data-element_type=\"container\">\n<div class=\"e-con-inner\">\n<div class=\"elementor-element elementor-element-147ea42 e-con-full e-flex e-con e-child\" role=\"region\" aria-labelledby=\"e-n-accordion-item-1871\" data-id=\"147ea42\" data-element_type=\"container\">\n<div class=\"elementor-element elementor-element-7a13b88 elementor-widget elementor-widget-text-editor\" data-id=\"7a13b88\" data-element_type=\"widget\" data-widget_type=\"text-editor.default\">\n<div class=\"elementor-widget-container\">\n<ul>\n<li>Source de prot\u00e9ines<\/li>\n<li>Haute teneur en \u00e9nergie<\/li>\n<li>Ratio Glucides-Prot\u00e9ines de 4:1<\/li>\n<li>Enrichi en 10 Vitamines et 5 Min\u00e9raux essentiels ch\u00e9lat\u00e9s<\/li>\n<li>Avec Fer et Zinc sous forme de bisglycinate<\/li>\n<li>A base d\u2019avoine de qualit\u00e9 instantan\u00e9 pr\u00e9cuit \u00e0 la vapeur et hautement digestible appauvri en phytates<\/li>\n<li>Sans conservateurs, ni colorants de synth\u00e8se<\/li>\n<li>Ne contient pas d\u2019aspartame<\/li>\n<li><\/li>\n<li><\/li>\n<li>\n<h3 class=\"e-n-accordion-item-title-text\">Conseil de prise<\/h3>\n<div class=\"elementor-element elementor-element-dfcc076 e-flex e-con-boxed e-con e-child\" role=\"region\" aria-labelledby=\"e-n-accordion-item-1872\" data-id=\"dfcc076\" data-element_type=\"container\">\n<div class=\"e-con-inner\">\n<div class=\"elementor-element elementor-element-a4ea240 e-con-full e-flex e-con e-child\" role=\"region\" aria-labelledby=\"e-n-accordion-item-1872\" data-id=\"a4ea240\" data-element_type=\"container\">\n<div class=\"elementor-element elementor-element-d9e8c94 elementor-widget elementor-widget-text-editor\" data-id=\"d9e8c94\" data-element_type=\"widget\" data-widget_type=\"text-editor.default\">\n<div class=\"elementor-widget-container\">\n<p><strong>Pour les programmes de prise de masse :<\/strong><\/p>\n<ul>\n<li>Collation du matin : M\u00e9langez 4 cuill\u00e8res mesure (180g)\u00a0 dans 350ml de lait entier. Agitez \u00e9nergiquement et boire la pr\u00e9paration.<\/li>\n<li>Collation de l\u2019apr\u00e8s-midi : M\u00e9langez 3 cuill\u00e8res (135g) dans 300ml de lait entier. Agitez \u00e9nergiquement et boire la pr\u00e9paration.<\/li>\n<\/ul>\n<p>Une portion journali\u00e8re totale de 315g est recommand\u00e9e chez les personnes dont l\u2019apport calorique et \u00e9nerg\u00e9tique est tr\u00e8s faible mais nous recommandons vivement \u00e0 ces personnes d\u2019agir sur leur alimentation pour la r\u00e9\u00e9quilibrer.<\/p>\n<p>Chez les personnes dont l\u2019apport calorique est correct par rapport \u00e0 leurs besoins de maintenance, une portion de 180g soient 4 cuill\u00e8res mesure par jour suffit.<\/p>\n<p>Dans tous les cas, il est important de savoir que la portion \u00e0 consommer doit \u00eatre corr\u00e9l\u00e9e \u00e0 vos apport alimentaires. Vous pouvez augmenter ou diminuer les apports de weight gainer en fonction de vos besoins : la cuill\u00e8re mesure fournit est gradu\u00e9e, elle permet de doser pr\u00e9cis\u00e9ment.<\/p>\n<p><strong>Pour la recharge glycog\u00e9nique apr\u00e8s un effort intense ou un effort d\u2019endurance :<\/strong><\/p>\n<p>M\u00e9langez 2 cuill\u00e8res mesure (90g) dans 200ml d\u2019eau fraiche. Agitez \u00e9nergiquement et boire imm\u00e9diatement apr\u00e8s l\u2019effort.<\/p>\n<h3 class=\"e-n-accordion-item-title-text\">Composition<\/h3>\n<div class=\"elementor-element elementor-element-5e61e84 e-con-full e-flex e-con e-child\" role=\"region\" aria-labelledby=\"e-n-accordion-item-1873\" data-id=\"5e61e84\" data-element_type=\"container\">\n<div class=\"elementor-element elementor-element-71d407e e-flex e-con-boxed e-con e-child\" role=\"region\" aria-labelledby=\"e-n-accordion-item-1873\" data-id=\"71d407e\" data-element_type=\"container\">\n<div class=\"e-con-inner\">\n<div class=\"elementor-element elementor-element-bcc03d2 elementor-widget elementor-widget-text-editor\" data-id=\"bcc03d2\" data-element_type=\"widget\" data-widget_type=\"text-editor.default\">\n<div class=\"elementor-widget-container\">\n<p>Maltodextrine DE19, Dextrose Monohydrate, Farine d\u2019Avoine Instantan\u00e9 (Avena sativa), Concentr\u00e9 de Prot\u00e9ines de Petit-Lait (WHEY)(avec L\u00e9cithine de Toursenol), Cacao alcalinis\u00e9*, Ar\u00f4mes, Chlorure de Sodium, Epaississant : carboxym\u00e9thylcellulose, Vitamines &amp; Min\u00e9raux [Vitamine C (Acide L-Ascorbique), Bisglycinate de Fer, Bisglycinate de Zinc, Vitamine E (Ac\u00e9tate de DL-alpha-tocoph\u00e9rol), Vitamine B3 (Nicotinamide), Vitamine B5 (Panthot\u00e9nate de DL Calcium), Vitamine B12 (Cyanocobalamine),\u00a0 Vitamine B6 (Chlorhydrate de Pyridoxine), Vitamine B2 (Riboflavine), Vitamine B1 (Chlorhydrate de Thiamine), Vitamine D3 (Chol\u00e9calcif\u00e9rol), Vitamine B9 (Acide Folique)].<\/p>\n<p>Allerg\u00e8nes : Lait et d\u00e9riv\u00e9s (Whey), Gluten (Avoine).<\/p>\n<h3 class=\"e-n-accordion-item-title-text\">Profil nutritionnel<\/h3>\n<div class=\"elementor-element elementor-element-fa59606 e-flex e-con-boxed e-con e-child\" role=\"region\" aria-labelledby=\"e-n-accordion-item-1874\" data-id=\"fa59606\" data-element_type=\"container\">\n<div class=\"e-con-inner\">\n<div class=\"elementor-element elementor-element-b3afe5e e-con-full e-flex e-con e-child\" role=\"region\" aria-labelledby=\"e-n-accordion-item-1874\" data-id=\"b3afe5e\" data-element_type=\"container\">\n<div class=\"elementor-element elementor-element-3f85eee elementor-widget elementor-widget-text-editor\" data-id=\"3f85eee\" data-element_type=\"widget\" data-widget_type=\"text-editor.default\">\n<div class=\"elementor-widget-container\">\n<table width=\"948\">\n<tbody>\n<tr>\n<td rowspan=\"2\" width=\"299\">\u00a0PROFIL NUTRITIONNEL<\/td>\n<td colspan=\"2\" width=\"222\">55 portions<\/td>\n<td colspan=\"2\" width=\"230\">28 Portions<\/td>\n<td colspan=\"2\" width=\"197\">16 Portions<\/td>\n<\/tr>\n<tr>\n<td colspan=\"2\" width=\"222\">2 Cuill\u00e8res-mesure (90g)<\/td>\n<td colspan=\"2\" width=\"230\">4 Cuill\u00e8res-mesure (180g)<\/td>\n<td colspan=\"2\" width=\"197\">7 Cuill\u00e8res-mesure (315g)<\/td>\n<\/tr>\n<tr>\n<td width=\"299\">\u00a0ANABOLIC MASSGAINER<\/td>\n<td colspan=\"2\" width=\"222\"><b>Teneurs<\/b><\/td>\n<td colspan=\"2\" width=\"230\"><b>Teneurs<\/b><\/td>\n<td colspan=\"2\" width=\"197\"><b>Teneurs<\/b><\/td>\n<\/tr>\n<tr>\n<td width=\"299\"><b>Energie<\/b><\/td>\n<td colspan=\"2\" width=\"222\"><b>321kcal\/1304kJ<\/b><\/p>\n<p><b>\u00a0<\/b><\/td>\n<td colspan=\"2\" width=\"230\"><b>643kcal\/2690kJ<\/b><\/p>\n<p><b>\u00a0<\/b><\/td>\n<td colspan=\"2\" width=\"197\"><b>1125kcal\/4707kJ<\/b><\/td>\n<\/tr>\n<tr>\n<td width=\"299\"><b>Lipides Totaux<\/b><\/td>\n<td colspan=\"2\" width=\"222\"><b>2,7g<\/b><\/td>\n<td colspan=\"2\" width=\"230\"><b>5,4g<\/b><b>\u00a0<\/b><\/td>\n<td colspan=\"2\" width=\"197\"><b>9,5g<\/b><\/td>\n<\/tr>\n<tr>\n<td width=\"299\">\u00a0 Dont Satur\u00e9s<\/td>\n<td colspan=\"2\" width=\"222\">0,4g<\/td>\n<td colspan=\"2\" width=\"230\">0,8g<\/td>\n<td colspan=\"2\" width=\"197\">1,3g<\/td>\n<\/tr>\n<tr>\n<td width=\"299\"><b>Sodium<\/b><\/td>\n<td colspan=\"2\" width=\"222\"><b>45mg<\/b><b>\u00a0<\/b><\/td>\n<td colspan=\"2\" width=\"230\"><b>90mg<\/b><\/td>\n<td colspan=\"2\" width=\"197\"><b>160mg<\/b><\/td>\n<\/tr>\n<tr>\n<td width=\"299\"><b>Glucides Totaux<\/b><\/td>\n<td colspan=\"2\" width=\"222\"><b>59g<\/b><\/td>\n<td colspan=\"2\" width=\"230\"><b>119g<\/b><\/td>\n<td colspan=\"2\" width=\"197\"><b>208g<\/b><\/td>\n<\/tr>\n<tr>\n<td width=\"299\">\u00a0 Dont Sucres Simples<\/td>\n<td colspan=\"2\" width=\"222\">27g<\/td>\n<td colspan=\"2\" width=\"230\">54g<\/td>\n<td colspan=\"2\" width=\"197\">94g<\/td>\n<\/tr>\n<tr>\n<td width=\"299\"><b>Prot\u00e9ine<\/b><\/td>\n<td colspan=\"2\" width=\"222\"><b>15g<\/b><\/td>\n<td colspan=\"2\" width=\"230\"><b>30g<\/b><b>\u00a0<\/b><\/td>\n<td colspan=\"2\" width=\"197\"><b>52g<\/b><b>\u00a0<\/b><\/td>\n<\/tr>\n<tr>\n<td width=\"299\"><b>Vitamines\u00a0<\/b><b>essentielles &amp; Min\u00e9raux<\/b>\u00a0<b>ch\u00e9lat\u00e9s<\/b><\/td>\n<td width=\"125\"><b>Teneurs<\/b><\/td>\n<td width=\"97\"><b>%AR<\/b><\/td>\n<td width=\"133\"><b>Teneurs<\/b><\/td>\n<td width=\"97\"><b>%AR<\/b><\/td>\n<td width=\"97\"><b>Teneurs<\/b><\/td>\n<td width=\"99\"><b>%AR<\/b><\/td>\n<\/tr>\n<tr>\n<td width=\"299\">\u00a0 Vitamine C<\/td>\n<td width=\"125\">22,9mg<\/td>\n<td width=\"97\">29%<\/td>\n<td width=\"133\">45,7mg<\/td>\n<td width=\"97\">57%<\/td>\n<td width=\"97\">80,0mg<\/td>\n<td width=\"99\">100%<\/td>\n<\/tr>\n<tr>\n<td width=\"299\">\u00a0 Vitamine B3<\/td>\n<td width=\"125\">4,6mg<\/td>\n<td width=\"97\">29%<\/td>\n<td width=\"133\">9,1mg<\/td>\n<td width=\"97\">57%<\/td>\n<td width=\"97\">16mg<\/td>\n<td width=\"99\">100%<\/td>\n<\/tr>\n<tr>\n<td width=\"299\">\u00a0 Vitamine E<\/td>\n<td width=\"125\">3,4mg<\/td>\n<td width=\"97\">28%<\/td>\n<td width=\"133\">6,8mg<\/td>\n<td width=\"97\">57%<\/td>\n<td width=\"97\">12mg<\/td>\n<td width=\"99\">100%<\/td>\n<\/tr>\n<tr>\n<td width=\"299\">\u00a0 Vitamine B5<\/td>\n<td width=\"125\">0,9mg<\/td>\n<td width=\"97\">14%<\/td>\n<td width=\"133\">1,7mg<\/td>\n<td width=\"97\">29%<\/td>\n<td width=\"97\">3mg<\/td>\n<td width=\"99\">50%<\/td>\n<\/tr>\n<tr>\n<td width=\"299\">\u00a0 Vitamine B6<\/td>\n<td width=\"125\">0,4mg<\/td>\n<td width=\"97\">29%<\/td>\n<td width=\"133\">0,8mg<\/td>\n<td width=\"97\">57%<\/td>\n<td width=\"97\">1,4mg<\/td>\n<td width=\"99\">100%<\/td>\n<\/tr>\n<tr>\n<td width=\"299\">\u00a0 Vitamine B1<\/td>\n<td width=\"125\">0,3mg<\/td>\n<td width=\"97\">29%<\/td>\n<td width=\"133\">0,6mg<\/td>\n<td width=\"97\">57%<\/td>\n<td width=\"97\">1,1mg<\/td>\n<td width=\"99\">100%<\/td>\n<\/tr>\n<tr>\n<td width=\"299\">\u00a0 Vitamine B2<\/td>\n<td width=\"125\">0,4mg<\/td>\n<td width=\"97\">29%<\/td>\n<td width=\"133\">0,8mg<\/td>\n<td width=\"97\">57%<\/td>\n<td width=\"97\">1,4mg<\/td>\n<td width=\"99\">100%<\/td>\n<\/tr>\n<tr>\n<td width=\"299\">\u00a0 Vitamine B9<\/td>\n<td width=\"125\">57\u00b5g<\/td>\n<td width=\"97\">29%<\/td>\n<td width=\"133\">100\u00b5g<\/td>\n<td width=\"97\">57%<\/td>\n<td width=\"97\">200\u00b5g<\/td>\n<td width=\"99\">100%<\/td>\n<\/tr>\n<tr>\n<td width=\"299\">\u00a0 Vitamine D3<\/td>\n<td width=\"125\">0,7\u00b5g<\/td>\n<td width=\"97\">14%<\/td>\n<td width=\"133\">1,4\u00b5g<\/td>\n<td width=\"97\">29%<\/td>\n<td width=\"97\">2,5\u00b5g<\/td>\n<td width=\"99\">50%<\/td>\n<\/tr>\n<tr>\n<td width=\"299\">\u00a0 Vitamine B12<\/td>\n<td width=\"125\">0,7\u00b5g<\/td>\n<td width=\"97\">28%<\/td>\n<td width=\"133\">1,4\u00b5g<\/td>\n<td width=\"97\">57%<\/td>\n<td width=\"97\">2,5\u00b5g<\/td>\n<td width=\"99\">100%<\/td>\n<\/tr>\n<tr>\n<td width=\"299\">\u00a0 Fer (Bisglycinate de Fer)<\/td>\n<td width=\"125\">4,0mg<\/td>\n<td width=\"97\">29%<\/td>\n<td width=\"133\">8mg<\/td>\n<td width=\"97\">57%<\/td>\n<td width=\"97\">14mg<\/td>\n<td width=\"99\">100%<\/td>\n<\/tr>\n<tr>\n<td width=\"299\">\u00a0 Zinc (Bisglycinate de Zinc)<\/td>\n<td width=\"125\">2,9mg<\/td>\n<td width=\"97\">29%<\/td>\n<td width=\"133\">5,7mg<\/td>\n<td width=\"97\">57%<\/td>\n<td width=\"97\">10,0mg<\/td>\n<td width=\"99\">100%<\/td>\n<\/tr>\n<\/tbody>\n<\/table>\n<\/div>\n<\/div>\n<\/div>\n<\/div>\n<\/div>\n<\/div>\n<\/div>\n<\/div>\n<\/div>\n<\/div>\n<\/div>\n<\/div>\n<\/div>\n<\/div>\n<\/div>\n<\/li>\n<\/ul>\n<\/div>\n<\/div>\n<\/div>\n<\/div>\n<\/div>\n","protected":false},"excerpt":{"rendered":"<table class=\"woocommerce-product-attributes shop_attributes\" aria-label=\"D\u00e9tails du produit\">\n<tbody>\n<tr class=\"woocommerce-product-attributes-item woocommerce-product-attributes-item--attribute_saveur\">\n<th class=\"woocommerce-product-attributes-item__label\" scope=\"row\">Saveur<\/th>\n<td class=\"woocommerce-product-attributes-item__value\">Dark Chocolate, Madagascar Vanilla, Caramel, Banoffee<\/td>\n<\/tr>\n<\/tbody>\n<\/table>\n","protected":false},"featured_media":6359,"comment_status":"open","ping_status":"closed","template":"","meta":[],"product_cat":[59],"product_tag":[],"class_list":{"0":"post-6614","1":"product","2":"type-product","3":"status-publish","4":"has-post-thumbnail","6":"product_brand-impact-sport-nutrition","7":"product_cat-weight-gainers","9":"first","10":"instock","11":"shipping-taxable","12":"purchasable","13":"product-type-simple"},"yoast_head":"<!-- This site is optimized with the Yoast SEO plugin v25.2 - https:\/\/yoast.com\/wordpress\/plugins\/seo\/ -->\n<title>IMPACT ISN ANABOLIC MASS GAINER 5KG - MR MASS<\/title>\n<meta name=\"robots\" content=\"index, follow, max-snippet:-1, max-image-preview:large, max-video-preview:-1\" \/>\n<link rel=\"canonical\" href=\"https:\/\/mr-mass.com\/?product=impact-anabolic-mass-gainer-5kg\" \/>\n<meta property=\"og:locale\" content=\"fr_FR\" \/>\n<meta property=\"og:type\" content=\"article\" \/>\n<meta property=\"og:title\" content=\"IMPACT ISN ANABOLIC MASS GAINER 5KG - MR MASS\" \/>\n<meta property=\"og:description\" content=\"Saveur Dark Chocolate, Madagascar Vanilla, Caramel, Banoffee\" \/>\n<meta property=\"og:url\" content=\"https:\/\/mr-mass.com\/?product=impact-anabolic-mass-gainer-5kg\" \/>\n<meta property=\"og:site_name\" content=\"MR MASS\" \/>\n<meta property=\"article:modified_time\" content=\"2025-07-07T12:56:34+00:00\" \/>\n<meta property=\"og:image\" content=\"https:\/\/mr-mass.com\/wp-content\/uploads\/2025\/06\/ANABOLIC-MASS-5KG-IMPACT.webp\" \/>\n\t<meta property=\"og:image:width\" content=\"500\" \/>\n\t<meta property=\"og:image:height\" content=\"500\" \/>\n\t<meta property=\"og:image:type\" content=\"image\/webp\" \/>\n<meta name=\"twitter:card\" content=\"summary_large_image\" \/>\n<meta name=\"twitter:label1\" content=\"Dur\u00e9e de lecture estim\u00e9e\" \/>\n\t<meta name=\"twitter:data1\" content=\"4 minutes\" \/>\n<script type=\"application\/ld+json\" class=\"yoast-schema-graph\">{\"@context\":\"https:\/\/schema.org\",\"@graph\":[{\"@type\":\"WebPage\",\"@id\":\"https:\/\/mr-mass.com\/?product=impact-anabolic-mass-gainer-5kg\",\"url\":\"https:\/\/mr-mass.com\/?product=impact-anabolic-mass-gainer-5kg\",\"name\":\"IMPACT ISN ANABOLIC MASS GAINER 5KG - MR MASS\",\"isPartOf\":{\"@id\":\"https:\/\/mr-mass.com\/#website\"},\"primaryImageOfPage\":{\"@id\":\"https:\/\/mr-mass.com\/?product=impact-anabolic-mass-gainer-5kg#primaryimage\"},\"image\":{\"@id\":\"https:\/\/mr-mass.com\/?product=impact-anabolic-mass-gainer-5kg#primaryimage\"},\"thumbnailUrl\":\"https:\/\/mr-mass.com\/wp-content\/uploads\/2025\/06\/ANABOLIC-MASS-5KG-IMPACT.webp\",\"datePublished\":\"2025-06-10T08:46:59+00:00\",\"dateModified\":\"2025-07-07T12:56:34+00:00\",\"breadcrumb\":{\"@id\":\"https:\/\/mr-mass.com\/?product=impact-anabolic-mass-gainer-5kg#breadcrumb\"},\"inLanguage\":\"fr-FR\",\"potentialAction\":[{\"@type\":\"ReadAction\",\"target\":[\"https:\/\/mr-mass.com\/?product=impact-anabolic-mass-gainer-5kg\"]}]},{\"@type\":\"ImageObject\",\"inLanguage\":\"fr-FR\",\"@id\":\"https:\/\/mr-mass.com\/?product=impact-anabolic-mass-gainer-5kg#primaryimage\",\"url\":\"https:\/\/mr-mass.com\/wp-content\/uploads\/2025\/06\/ANABOLIC-MASS-5KG-IMPACT.webp\",\"contentUrl\":\"https:\/\/mr-mass.com\/wp-content\/uploads\/2025\/06\/ANABOLIC-MASS-5KG-IMPACT.webp\",\"width\":500,\"height\":500},{\"@type\":\"BreadcrumbList\",\"@id\":\"https:\/\/mr-mass.com\/?product=impact-anabolic-mass-gainer-5kg#breadcrumb\",\"itemListElement\":[{\"@type\":\"ListItem\",\"position\":1,\"name\":\"Home\",\"item\":\"https:\/\/mr-mass.com\/\"},{\"@type\":\"ListItem\",\"position\":2,\"name\":\"Boutique\",\"item\":\"https:\/\/mr-mass.com\/?page_id=8\"},{\"@type\":\"ListItem\",\"position\":3,\"name\":\"IMPACT ISN ANABOLIC MASS GAINER 5KG\"}]},{\"@type\":\"WebSite\",\"@id\":\"https:\/\/mr-mass.com\/#website\",\"url\":\"https:\/\/mr-mass.com\/\",\"name\":\"MR MASS\",\"description\":\"\",\"publisher\":{\"@id\":\"https:\/\/mr-mass.com\/#organization\"},\"potentialAction\":[{\"@type\":\"SearchAction\",\"target\":{\"@type\":\"EntryPoint\",\"urlTemplate\":\"https:\/\/mr-mass.com\/?s={search_term_string}\"},\"query-input\":{\"@type\":\"PropertyValueSpecification\",\"valueRequired\":true,\"valueName\":\"search_term_string\"}}],\"inLanguage\":\"fr-FR\"},{\"@type\":\"Organization\",\"@id\":\"https:\/\/mr-mass.com\/#organization\",\"name\":\"MR MASS\",\"url\":\"https:\/\/mr-mass.com\/\",\"logo\":{\"@type\":\"ImageObject\",\"inLanguage\":\"fr-FR\",\"@id\":\"https:\/\/mr-mass.com\/#\/schema\/logo\/image\/\",\"url\":\"https:\/\/mr-mass.com\/wp-content\/uploads\/2025\/06\/cropped-417524477_413976367821865_6357673664813295189_n-removebg-preview.png\",\"contentUrl\":\"https:\/\/mr-mass.com\/wp-content\/uploads\/2025\/06\/cropped-417524477_413976367821865_6357673664813295189_n-removebg-preview.png\",\"width\":500,\"height\":436,\"caption\":\"MR MASS\"},\"image\":{\"@id\":\"https:\/\/mr-mass.com\/#\/schema\/logo\/image\/\"}}]}<\/script>\n<!-- \/ Yoast SEO plugin. -->","yoast_head_json":{"title":"IMPACT ISN ANABOLIC MASS GAINER 5KG - MR MASS","robots":{"index":"index","follow":"follow","max-snippet":"max-snippet:-1","max-image-preview":"max-image-preview:large","max-video-preview":"max-video-preview:-1"},"canonical":"https:\/\/mr-mass.com\/?product=impact-anabolic-mass-gainer-5kg","og_locale":"fr_FR","og_type":"article","og_title":"IMPACT ISN ANABOLIC MASS GAINER 5KG - MR MASS","og_description":"Saveur Dark Chocolate, Madagascar Vanilla, Caramel, Banoffee","og_url":"https:\/\/mr-mass.com\/?product=impact-anabolic-mass-gainer-5kg","og_site_name":"MR MASS","article_modified_time":"2025-07-07T12:56:34+00:00","og_image":[{"width":500,"height":500,"url":"https:\/\/mr-mass.com\/wp-content\/uploads\/2025\/06\/ANABOLIC-MASS-5KG-IMPACT.webp","type":"image\/webp"}],"twitter_card":"summary_large_image","twitter_misc":{"Dur\u00e9e de lecture estim\u00e9e":"4 minutes"},"schema":{"@context":"https:\/\/schema.org","@graph":[{"@type":"WebPage","@id":"https:\/\/mr-mass.com\/?product=impact-anabolic-mass-gainer-5kg","url":"https:\/\/mr-mass.com\/?product=impact-anabolic-mass-gainer-5kg","name":"IMPACT ISN ANABOLIC MASS GAINER 5KG - MR MASS","isPartOf":{"@id":"https:\/\/mr-mass.com\/#website"},"primaryImageOfPage":{"@id":"https:\/\/mr-mass.com\/?product=impact-anabolic-mass-gainer-5kg#primaryimage"},"image":{"@id":"https:\/\/mr-mass.com\/?product=impact-anabolic-mass-gainer-5kg#primaryimage"},"thumbnailUrl":"https:\/\/mr-mass.com\/wp-content\/uploads\/2025\/06\/ANABOLIC-MASS-5KG-IMPACT.webp","datePublished":"2025-06-10T08:46:59+00:00","dateModified":"2025-07-07T12:56:34+00:00","breadcrumb":{"@id":"https:\/\/mr-mass.com\/?product=impact-anabolic-mass-gainer-5kg#breadcrumb"},"inLanguage":"fr-FR","potentialAction":[{"@type":"ReadAction","target":["https:\/\/mr-mass.com\/?product=impact-anabolic-mass-gainer-5kg"]}]},{"@type":"ImageObject","inLanguage":"fr-FR","@id":"https:\/\/mr-mass.com\/?product=impact-anabolic-mass-gainer-5kg#primaryimage","url":"https:\/\/mr-mass.com\/wp-content\/uploads\/2025\/06\/ANABOLIC-MASS-5KG-IMPACT.webp","contentUrl":"https:\/\/mr-mass.com\/wp-content\/uploads\/2025\/06\/ANABOLIC-MASS-5KG-IMPACT.webp","width":500,"height":500},{"@type":"BreadcrumbList","@id":"https:\/\/mr-mass.com\/?product=impact-anabolic-mass-gainer-5kg#breadcrumb","itemListElement":[{"@type":"ListItem","position":1,"name":"Home","item":"https:\/\/mr-mass.com\/"},{"@type":"ListItem","position":2,"name":"Boutique","item":"https:\/\/mr-mass.com\/?page_id=8"},{"@type":"ListItem","position":3,"name":"IMPACT ISN ANABOLIC MASS GAINER 5KG"}]},{"@type":"WebSite","@id":"https:\/\/mr-mass.com\/#website","url":"https:\/\/mr-mass.com\/","name":"MR MASS","description":"","publisher":{"@id":"https:\/\/mr-mass.com\/#organization"},"potentialAction":[{"@type":"SearchAction","target":{"@type":"EntryPoint","urlTemplate":"https:\/\/mr-mass.com\/?s={search_term_string}"},"query-input":{"@type":"PropertyValueSpecification","valueRequired":true,"valueName":"search_term_string"}}],"inLanguage":"fr-FR"},{"@type":"Organization","@id":"https:\/\/mr-mass.com\/#organization","name":"MR MASS","url":"https:\/\/mr-mass.com\/","logo":{"@type":"ImageObject","inLanguage":"fr-FR","@id":"https:\/\/mr-mass.com\/#\/schema\/logo\/image\/","url":"https:\/\/mr-mass.com\/wp-content\/uploads\/2025\/06\/cropped-417524477_413976367821865_6357673664813295189_n-removebg-preview.png","contentUrl":"https:\/\/mr-mass.com\/wp-content\/uploads\/2025\/06\/cropped-417524477_413976367821865_6357673664813295189_n-removebg-preview.png","width":500,"height":436,"caption":"MR MASS"},"image":{"@id":"https:\/\/mr-mass.com\/#\/schema\/logo\/image\/"}}]}},"jetpack_sharing_enabled":true,"_links":{"self":[{"href":"https:\/\/mr-mass.com\/index.php?rest_route=\/wp\/v2\/product\/6614","targetHints":{"allow":["GET"]}}],"collection":[{"href":"https:\/\/mr-mass.com\/index.php?rest_route=\/wp\/v2\/product"}],"about":[{"href":"https:\/\/mr-mass.com\/index.php?rest_route=\/wp\/v2\/types\/product"}],"replies":[{"embeddable":true,"href":"https:\/\/mr-mass.com\/index.php?rest_route=%2Fwp%2Fv2%2Fcomments&post=6614"}],"wp:featuredmedia":[{"embeddable":true,"href":"https:\/\/mr-mass.com\/index.php?rest_route=\/wp\/v2\/media\/6359"}],"wp:attachment":[{"href":"https:\/\/mr-mass.com\/index.php?rest_route=%2Fwp%2Fv2%2Fmedia&parent=6614"}],"wp:term":[{"taxonomy":"product_cat","embeddable":true,"href":"https:\/\/mr-mass.com\/index.php?rest_route=%2Fwp%2Fv2%2Fproduct_cat&post=6614"},{"taxonomy":"product_tag","embeddable":true,"href":"https:\/\/mr-mass.com\/index.php?rest_route=%2Fwp%2Fv2%2Fproduct_tag&post=6614"}],"curies":[{"name":"wp","href":"https:\/\/api.w.org\/{rel}","templated":true}]}}