{"id":6774,"date":"2025-06-12T20:04:14","date_gmt":"2025-06-12T18:04:14","guid":{"rendered":"https:\/\/mr-mass.com\/?post_type=product&#038;p=6774"},"modified":"2025-10-07T15:47:27","modified_gmt":"2025-10-07T13:47:27","slug":"shilajit-20-fulvic-acid-400mg-60-capsules-dr-supplements-sports","status":"publish","type":"product","link":"https:\/\/mr-mass.com\/?product=shilajit-20-fulvic-acid-400mg-60-capsules-dr-supplements-sports","title":{"rendered":"Shilajit 20% Fulvic acid 400mg \u2013 60 capsules \u2013 Dr Supplements Sports"},"content":{"rendered":"<p><strong>Dr Supplements Sports :\u00a0\u00a0<\/strong>d\u2019abord\u00a0<a href=\"https:\/\/www.dr-supplements.com\/\">Dr. Supplements Sports<\/a>\u00a0pr\u00e9sente cette formulation de Shilajit, contenant une concentration de 20% d\u2019acide fulvique, sous forme de 60 g\u00e9lules. Les gens utilisent traditionnellement le Shilajit, une substance naturelle riche en min\u00e9raux et acides amin\u00e9s, en raison de ses propri\u00e9t\u00e9s b\u00e9n\u00e9fiques pour la sant\u00e9. L\u2019acide fulvique,de Dr Supplements Sports\u00a0 pr\u00e9sent \u00e0 hauteur de 20 %, est reconnu pour ses propri\u00e9t\u00e9s antioxydantes et ses effets positifs sur la sant\u00e9 cellulaire. Car Chaque capsule de 400 mg fournit une dose concentr\u00e9e de ces compos\u00e9s naturels, id\u00e9ale pour soutenir la sant\u00e9, l\u2019\u00e9nergie et la vitalit\u00e9 globales. Ce produit vise les personnes actives qui cherchent \u00e0 optimiser leurs performances physiques et leur bien-\u00eatre g\u00e9n\u00e9ral.<\/p>\n<p>En effet Les caract\u00e9ristiques de ce produit comprennent :<\/p>\n<ul>\n<li>Contient 400 mg de Shilajit par capsule.<\/li>\n<li>Nous standardisons chaque capsule pour contenir 20% d\u2019acide fulvique.<\/li>\n<li>Conditionn\u00e9 en flacons de 60 capsules.<\/li>\n<li>Formul\u00e9 pour une utilisation pratique et une absorption optimale.<\/li>\n<li>\n<div class=\"flex-1 overflow-hidden\">\n<div class=\"react-scroll-to-bottom--css-mbcpr-79elbk h-full\">\n<div class=\"react-scroll-to-bottom--css-mbcpr-1n7m0yu\">\n<div class=\"flex flex-col text-sm pb-9\">\n<div class=\"w-full text-token-text-primary\" data-testid=\"conversation-turn-3\">\n<div class=\"px-4 py-2 justify-center text-base md:gap-6 m-auto\">\n<div class=\"flex flex-1 text-base mx-auto gap-3 md:px-5 lg:px-1 xl:px-5 md:max-w-3xl lg:max-w- xl:max-w- group final-completion\">\n<div class=\"relative flex w-full flex-col agent-turn\">\n<div class=\"flex-col gap-1 md:gap-3\">\n<div class=\"flex flex-grow flex-col max-w-full\">\n<div class=\"min-h- text-message flex flex-col items-start gap-3 whitespace-pre-wrap break-words :mt-5 overflow-x-auto\" data-message-author-role=\"assistant\" data-message-id=\"8a7344af-5e4b-4dd9-8a2d-b5edfa92e53f\">\n<div class=\"markdown prose w-full break-words dark:prose-invert light\">\n<p>Les propri\u00e9t\u00e9s b\u00e9n\u00e9fiques pour la sant\u00e9 de Shilajit incluent sa reconnaissance en tant qu\u2019agent antioxydant et son potentiel \u00e0 am\u00e9liorer la vitalit\u00e9 et l\u2019\u00e9nergie.<\/p>\n<\/div>\n<\/div>\n<\/div>\n<div class=\"mt-1 flex justify-start gap-3 empty:hidden\"><\/div>\n<\/div>\n<\/div>\n<\/div>\n<\/div>\n<\/div>\n<\/div>\n<\/div>\n<\/div>\n<\/div>\n<div class=\"w-full pt-2 md:pt-0 dark:border-white\/20 md:border-transparent md:dark:border-transparent md:w-\">\n<p>Finalement Chaque capsule de 400 mg offre une dose concentr\u00e9e de ces compos\u00e9s naturels, id\u00e9ale pour soutenir la sant\u00e9 g\u00e9n\u00e9rale, l\u2019\u00e9nergie et la vitalit\u00e9. Ce produit cible les personnes actives qui cherchent \u00e0 optimiser leur performance physique et leur bien-\u00eatre g\u00e9n\u00e9ral.<\/p>\n<p>Pour plus d\u2019infos contactez le 23888889<\/p>\n<\/div>\n<\/li>\n<\/ul>\n","protected":false},"excerpt":{"rendered":"<p>Finalement Chaque capsule de 400 mg offre une dose concentr\u00e9e de ces compos\u00e9s naturels, id\u00e9ale pour soutenir la sant\u00e9 g\u00e9n\u00e9rale, l\u2019\u00e9nergie et la vitalit\u00e9. Ce produit cible les personnes actives qui cherchent \u00e0 optimiser leur performance physique et leur bien-\u00eatre g\u00e9n\u00e9ral.<\/p>\n","protected":false},"featured_media":6775,"comment_status":"open","ping_status":"closed","template":"","meta":[],"product_cat":[76,72],"product_tag":[],"class_list":{"0":"post-6774","1":"product","2":"type-product","3":"status-publish","4":"has-post-thumbnail","6":"product_brand-dr-supplements","7":"product_cat-multi-vitamins-minerals","8":"product_cat-testo-booster","10":"first","11":"outofstock","12":"sale","13":"shipping-taxable","14":"purchasable","15":"product-type-simple"},"yoast_head":"<!-- This site is optimized with the Yoast SEO plugin v25.2 - https:\/\/yoast.com\/wordpress\/plugins\/seo\/ -->\n<title>Shilajit 20% Fulvic acid 400mg \u2013 60 capsules \u2013 Dr Supplements Sports - MR MASS<\/title>\n<meta name=\"description\" content=\"Finalement Chaque capsule de 400 mg offre une dose concentr\u00e9e de ces compos\u00e9s naturels, id\u00e9ale pour soutenir la sant\u00e9 g\u00e9n\u00e9rale, l\u2019\u00e9nergie et la vitalit\u00e9. Ce produit cible les personnes actives qui cherchent \u00e0 optimiser leur performance physique et leur bien-\u00eatre g\u00e9n\u00e9ral.\" \/>\n<meta name=\"robots\" content=\"index, follow, max-snippet:-1, max-image-preview:large, max-video-preview:-1\" \/>\n<link rel=\"canonical\" href=\"https:\/\/mr-mass.com\/?product=shilajit-20-fulvic-acid-400mg-60-capsules-dr-supplements-sports\" \/>\n<meta property=\"og:locale\" content=\"fr_FR\" \/>\n<meta property=\"og:type\" content=\"article\" \/>\n<meta property=\"og:title\" content=\"Shilajit 20% Fulvic acid 400mg \u2013 60 capsules \u2013 Dr Supplements Sports - MR MASS\" \/>\n<meta property=\"og:description\" content=\"Finalement Chaque capsule de 400 mg offre une dose concentr\u00e9e de ces compos\u00e9s naturels, id\u00e9ale pour soutenir la sant\u00e9 g\u00e9n\u00e9rale, l\u2019\u00e9nergie et la vitalit\u00e9. Ce produit cible les personnes actives qui cherchent \u00e0 optimiser leur performance physique et leur bien-\u00eatre g\u00e9n\u00e9ral.\" \/>\n<meta property=\"og:url\" content=\"https:\/\/mr-mass.com\/?product=shilajit-20-fulvic-acid-400mg-60-capsules-dr-supplements-sports\" \/>\n<meta property=\"og:site_name\" content=\"MR MASS\" \/>\n<meta property=\"article:modified_time\" content=\"2025-10-07T13:47:27+00:00\" \/>\n<meta property=\"og:image\" content=\"https:\/\/mr-mass.com\/wp-content\/uploads\/2025\/06\/Shilajit-20-Fulvic-acid-400mg-60-capsules-Dr-Supplements-Sports.webp\" \/>\n\t<meta property=\"og:image:width\" content=\"500\" \/>\n\t<meta property=\"og:image:height\" content=\"500\" \/>\n\t<meta property=\"og:image:type\" content=\"image\/webp\" \/>\n<meta name=\"twitter:card\" content=\"summary_large_image\" \/>\n<meta name=\"twitter:label1\" content=\"Dur\u00e9e de lecture estim\u00e9e\" \/>\n\t<meta name=\"twitter:data1\" content=\"2 minutes\" \/>\n<script type=\"application\/ld+json\" class=\"yoast-schema-graph\">{\"@context\":\"https:\/\/schema.org\",\"@graph\":[{\"@type\":\"WebPage\",\"@id\":\"https:\/\/mr-mass.com\/?product=shilajit-20-fulvic-acid-400mg-60-capsules-dr-supplements-sports\",\"url\":\"https:\/\/mr-mass.com\/?product=shilajit-20-fulvic-acid-400mg-60-capsules-dr-supplements-sports\",\"name\":\"Shilajit 20% Fulvic acid 400mg \u2013 60 capsules \u2013 Dr Supplements Sports - MR MASS\",\"isPartOf\":{\"@id\":\"https:\/\/mr-mass.com\/#website\"},\"primaryImageOfPage\":{\"@id\":\"https:\/\/mr-mass.com\/?product=shilajit-20-fulvic-acid-400mg-60-capsules-dr-supplements-sports#primaryimage\"},\"image\":{\"@id\":\"https:\/\/mr-mass.com\/?product=shilajit-20-fulvic-acid-400mg-60-capsules-dr-supplements-sports#primaryimage\"},\"thumbnailUrl\":\"https:\/\/mr-mass.com\/wp-content\/uploads\/2025\/06\/Shilajit-20-Fulvic-acid-400mg-60-capsules-Dr-Supplements-Sports.webp\",\"datePublished\":\"2025-06-12T18:04:14+00:00\",\"dateModified\":\"2025-10-07T13:47:27+00:00\",\"description\":\"Finalement Chaque capsule de 400 mg offre une dose concentr\u00e9e de ces compos\u00e9s naturels, id\u00e9ale pour soutenir la sant\u00e9 g\u00e9n\u00e9rale, l\u2019\u00e9nergie et la vitalit\u00e9. Ce produit cible les personnes actives qui cherchent \u00e0 optimiser leur performance physique et leur bien-\u00eatre g\u00e9n\u00e9ral.\",\"breadcrumb\":{\"@id\":\"https:\/\/mr-mass.com\/?product=shilajit-20-fulvic-acid-400mg-60-capsules-dr-supplements-sports#breadcrumb\"},\"inLanguage\":\"fr-FR\",\"potentialAction\":[{\"@type\":\"ReadAction\",\"target\":[\"https:\/\/mr-mass.com\/?product=shilajit-20-fulvic-acid-400mg-60-capsules-dr-supplements-sports\"]}]},{\"@type\":\"ImageObject\",\"inLanguage\":\"fr-FR\",\"@id\":\"https:\/\/mr-mass.com\/?product=shilajit-20-fulvic-acid-400mg-60-capsules-dr-supplements-sports#primaryimage\",\"url\":\"https:\/\/mr-mass.com\/wp-content\/uploads\/2025\/06\/Shilajit-20-Fulvic-acid-400mg-60-capsules-Dr-Supplements-Sports.webp\",\"contentUrl\":\"https:\/\/mr-mass.com\/wp-content\/uploads\/2025\/06\/Shilajit-20-Fulvic-acid-400mg-60-capsules-Dr-Supplements-Sports.webp\",\"width\":500,\"height\":500},{\"@type\":\"BreadcrumbList\",\"@id\":\"https:\/\/mr-mass.com\/?product=shilajit-20-fulvic-acid-400mg-60-capsules-dr-supplements-sports#breadcrumb\",\"itemListElement\":[{\"@type\":\"ListItem\",\"position\":1,\"name\":\"Home\",\"item\":\"https:\/\/mr-mass.com\/\"},{\"@type\":\"ListItem\",\"position\":2,\"name\":\"Boutique\",\"item\":\"https:\/\/mr-mass.com\/?page_id=8\"},{\"@type\":\"ListItem\",\"position\":3,\"name\":\"Shilajit 20% Fulvic acid 400mg \u2013 60 capsules \u2013 Dr Supplements Sports\"}]},{\"@type\":\"WebSite\",\"@id\":\"https:\/\/mr-mass.com\/#website\",\"url\":\"https:\/\/mr-mass.com\/\",\"name\":\"MR MASS\",\"description\":\"\",\"publisher\":{\"@id\":\"https:\/\/mr-mass.com\/#organization\"},\"potentialAction\":[{\"@type\":\"SearchAction\",\"target\":{\"@type\":\"EntryPoint\",\"urlTemplate\":\"https:\/\/mr-mass.com\/?s={search_term_string}\"},\"query-input\":{\"@type\":\"PropertyValueSpecification\",\"valueRequired\":true,\"valueName\":\"search_term_string\"}}],\"inLanguage\":\"fr-FR\"},{\"@type\":\"Organization\",\"@id\":\"https:\/\/mr-mass.com\/#organization\",\"name\":\"MR MASS\",\"url\":\"https:\/\/mr-mass.com\/\",\"logo\":{\"@type\":\"ImageObject\",\"inLanguage\":\"fr-FR\",\"@id\":\"https:\/\/mr-mass.com\/#\/schema\/logo\/image\/\",\"url\":\"https:\/\/mr-mass.com\/wp-content\/uploads\/2025\/06\/cropped-417524477_413976367821865_6357673664813295189_n-removebg-preview.png\",\"contentUrl\":\"https:\/\/mr-mass.com\/wp-content\/uploads\/2025\/06\/cropped-417524477_413976367821865_6357673664813295189_n-removebg-preview.png\",\"width\":500,\"height\":436,\"caption\":\"MR MASS\"},\"image\":{\"@id\":\"https:\/\/mr-mass.com\/#\/schema\/logo\/image\/\"}}]}<\/script>\n<!-- \/ Yoast SEO plugin. -->","yoast_head_json":{"title":"Shilajit 20% Fulvic acid 400mg \u2013 60 capsules \u2013 Dr Supplements Sports - MR MASS","description":"Finalement Chaque capsule de 400 mg offre une dose concentr\u00e9e de ces compos\u00e9s naturels, id\u00e9ale pour soutenir la sant\u00e9 g\u00e9n\u00e9rale, l\u2019\u00e9nergie et la vitalit\u00e9. Ce produit cible les personnes actives qui cherchent \u00e0 optimiser leur performance physique et leur bien-\u00eatre g\u00e9n\u00e9ral.","robots":{"index":"index","follow":"follow","max-snippet":"max-snippet:-1","max-image-preview":"max-image-preview:large","max-video-preview":"max-video-preview:-1"},"canonical":"https:\/\/mr-mass.com\/?product=shilajit-20-fulvic-acid-400mg-60-capsules-dr-supplements-sports","og_locale":"fr_FR","og_type":"article","og_title":"Shilajit 20% Fulvic acid 400mg \u2013 60 capsules \u2013 Dr Supplements Sports - MR MASS","og_description":"Finalement Chaque capsule de 400 mg offre une dose concentr\u00e9e de ces compos\u00e9s naturels, id\u00e9ale pour soutenir la sant\u00e9 g\u00e9n\u00e9rale, l\u2019\u00e9nergie et la vitalit\u00e9. Ce produit cible les personnes actives qui cherchent \u00e0 optimiser leur performance physique et leur bien-\u00eatre g\u00e9n\u00e9ral.","og_url":"https:\/\/mr-mass.com\/?product=shilajit-20-fulvic-acid-400mg-60-capsules-dr-supplements-sports","og_site_name":"MR MASS","article_modified_time":"2025-10-07T13:47:27+00:00","og_image":[{"width":500,"height":500,"url":"https:\/\/mr-mass.com\/wp-content\/uploads\/2025\/06\/Shilajit-20-Fulvic-acid-400mg-60-capsules-Dr-Supplements-Sports.webp","type":"image\/webp"}],"twitter_card":"summary_large_image","twitter_misc":{"Dur\u00e9e de lecture estim\u00e9e":"2 minutes"},"schema":{"@context":"https:\/\/schema.org","@graph":[{"@type":"WebPage","@id":"https:\/\/mr-mass.com\/?product=shilajit-20-fulvic-acid-400mg-60-capsules-dr-supplements-sports","url":"https:\/\/mr-mass.com\/?product=shilajit-20-fulvic-acid-400mg-60-capsules-dr-supplements-sports","name":"Shilajit 20% Fulvic acid 400mg \u2013 60 capsules \u2013 Dr Supplements Sports - MR MASS","isPartOf":{"@id":"https:\/\/mr-mass.com\/#website"},"primaryImageOfPage":{"@id":"https:\/\/mr-mass.com\/?product=shilajit-20-fulvic-acid-400mg-60-capsules-dr-supplements-sports#primaryimage"},"image":{"@id":"https:\/\/mr-mass.com\/?product=shilajit-20-fulvic-acid-400mg-60-capsules-dr-supplements-sports#primaryimage"},"thumbnailUrl":"https:\/\/mr-mass.com\/wp-content\/uploads\/2025\/06\/Shilajit-20-Fulvic-acid-400mg-60-capsules-Dr-Supplements-Sports.webp","datePublished":"2025-06-12T18:04:14+00:00","dateModified":"2025-10-07T13:47:27+00:00","description":"Finalement Chaque capsule de 400 mg offre une dose concentr\u00e9e de ces compos\u00e9s naturels, id\u00e9ale pour soutenir la sant\u00e9 g\u00e9n\u00e9rale, l\u2019\u00e9nergie et la vitalit\u00e9. Ce produit cible les personnes actives qui cherchent \u00e0 optimiser leur performance physique et leur bien-\u00eatre g\u00e9n\u00e9ral.","breadcrumb":{"@id":"https:\/\/mr-mass.com\/?product=shilajit-20-fulvic-acid-400mg-60-capsules-dr-supplements-sports#breadcrumb"},"inLanguage":"fr-FR","potentialAction":[{"@type":"ReadAction","target":["https:\/\/mr-mass.com\/?product=shilajit-20-fulvic-acid-400mg-60-capsules-dr-supplements-sports"]}]},{"@type":"ImageObject","inLanguage":"fr-FR","@id":"https:\/\/mr-mass.com\/?product=shilajit-20-fulvic-acid-400mg-60-capsules-dr-supplements-sports#primaryimage","url":"https:\/\/mr-mass.com\/wp-content\/uploads\/2025\/06\/Shilajit-20-Fulvic-acid-400mg-60-capsules-Dr-Supplements-Sports.webp","contentUrl":"https:\/\/mr-mass.com\/wp-content\/uploads\/2025\/06\/Shilajit-20-Fulvic-acid-400mg-60-capsules-Dr-Supplements-Sports.webp","width":500,"height":500},{"@type":"BreadcrumbList","@id":"https:\/\/mr-mass.com\/?product=shilajit-20-fulvic-acid-400mg-60-capsules-dr-supplements-sports#breadcrumb","itemListElement":[{"@type":"ListItem","position":1,"name":"Home","item":"https:\/\/mr-mass.com\/"},{"@type":"ListItem","position":2,"name":"Boutique","item":"https:\/\/mr-mass.com\/?page_id=8"},{"@type":"ListItem","position":3,"name":"Shilajit 20% Fulvic acid 400mg \u2013 60 capsules \u2013 Dr Supplements Sports"}]},{"@type":"WebSite","@id":"https:\/\/mr-mass.com\/#website","url":"https:\/\/mr-mass.com\/","name":"MR MASS","description":"","publisher":{"@id":"https:\/\/mr-mass.com\/#organization"},"potentialAction":[{"@type":"SearchAction","target":{"@type":"EntryPoint","urlTemplate":"https:\/\/mr-mass.com\/?s={search_term_string}"},"query-input":{"@type":"PropertyValueSpecification","valueRequired":true,"valueName":"search_term_string"}}],"inLanguage":"fr-FR"},{"@type":"Organization","@id":"https:\/\/mr-mass.com\/#organization","name":"MR MASS","url":"https:\/\/mr-mass.com\/","logo":{"@type":"ImageObject","inLanguage":"fr-FR","@id":"https:\/\/mr-mass.com\/#\/schema\/logo\/image\/","url":"https:\/\/mr-mass.com\/wp-content\/uploads\/2025\/06\/cropped-417524477_413976367821865_6357673664813295189_n-removebg-preview.png","contentUrl":"https:\/\/mr-mass.com\/wp-content\/uploads\/2025\/06\/cropped-417524477_413976367821865_6357673664813295189_n-removebg-preview.png","width":500,"height":436,"caption":"MR MASS"},"image":{"@id":"https:\/\/mr-mass.com\/#\/schema\/logo\/image\/"}}]}},"jetpack_sharing_enabled":true,"_links":{"self":[{"href":"https:\/\/mr-mass.com\/index.php?rest_route=\/wp\/v2\/product\/6774","targetHints":{"allow":["GET"]}}],"collection":[{"href":"https:\/\/mr-mass.com\/index.php?rest_route=\/wp\/v2\/product"}],"about":[{"href":"https:\/\/mr-mass.com\/index.php?rest_route=\/wp\/v2\/types\/product"}],"replies":[{"embeddable":true,"href":"https:\/\/mr-mass.com\/index.php?rest_route=%2Fwp%2Fv2%2Fcomments&post=6774"}],"wp:featuredmedia":[{"embeddable":true,"href":"https:\/\/mr-mass.com\/index.php?rest_route=\/wp\/v2\/media\/6775"}],"wp:attachment":[{"href":"https:\/\/mr-mass.com\/index.php?rest_route=%2Fwp%2Fv2%2Fmedia&parent=6774"}],"wp:term":[{"taxonomy":"product_cat","embeddable":true,"href":"https:\/\/mr-mass.com\/index.php?rest_route=%2Fwp%2Fv2%2Fproduct_cat&post=6774"},{"taxonomy":"product_tag","embeddable":true,"href":"https:\/\/mr-mass.com\/index.php?rest_route=%2Fwp%2Fv2%2Fproduct_tag&post=6774"}],"curies":[{"name":"wp","href":"https:\/\/api.w.org\/{rel}","templated":true}]}}