{"id":6790,"date":"2025-06-13T19:37:51","date_gmt":"2025-06-13T17:37:51","guid":{"rendered":"https:\/\/mr-mass.com\/?post_type=product&#038;p=6790"},"modified":"2025-06-13T19:37:51","modified_gmt":"2025-06-13T17:37:51","slug":"isn-collagen-c-fuse","status":"publish","type":"product","link":"https:\/\/mr-mass.com\/?product=isn-collagen-c-fuse","title":{"rendered":"ISN Collagen-C Fuse"},"content":{"rendered":"<div id=\"page\" class=\"hfeed site\">\n<div id=\"content\" class=\"site-content\" tabindex=\"-1\">\n<div class=\"shoptimizer-archive\">\n<div class=\"col-full\">\n<div id=\"primary\" class=\"content-area\"><main id=\"main\" class=\"site-main\" role=\"main\"><\/p>\n<div id=\"product-131862\" class=\"product type-product post-131862 status-publish first instock product_cat-acides-amines product_cat-collagene-hydrolyse product_cat-endurance-series has-post-thumbnail featured shipping-taxable purchasable product-type-variable has-default-attributes\">\n<div class=\"woocommerce-tabs wc-tabs-wrapper\">\n<div id=\"tab-description\" class=\"woocommerce-Tabs-panel woocommerce-Tabs-panel--description panel entry-content wc-tab\" role=\"tabpanel\" aria-labelledby=\"tab-title-description\">\n<div class=\"elementor elementor-131862\" data-elementor-type=\"product-post\" data-elementor-id=\"131862\" data-elementor-post-type=\"product\">\n<div class=\"elementor-element elementor-element-8627f15 e-flex e-con-boxed e-con e-parent e-lazyloaded\" data-id=\"8627f15\" data-element_type=\"container\">\n<div class=\"e-con-inner\">\n<div class=\"elementor-element elementor-element-4f27008 e-con-full e-flex e-con e-child\" data-id=\"4f27008\" data-element_type=\"container\">\n<div class=\"elementor-element elementor-element-ef787c5 e-con-full e-flex e-con e-child\" data-id=\"ef787c5\" data-element_type=\"container\">\n<div class=\"elementor-element elementor-element-04d7bb4 elementor-widget elementor-widget-n-accordion\" data-id=\"04d7bb4\" data-element_type=\"widget\" data-settings=\"{&quot;max_items_expended&quot;:&quot;multiple&quot;,&quot;default_state&quot;:&quot;expanded&quot;,&quot;n_accordion_animation_duration&quot;:{&quot;unit&quot;:&quot;ms&quot;,&quot;size&quot;:400,&quot;sizes&quot;:[]}}\" data-widget_type=\"nested-accordion.default\">\n<div class=\"elementor-widget-container\">\n<div class=\"e-n-accordion\" aria-label=\"Accordion. Open links with Enter or Space, close with Escape, and navigate with Arrow Keys\">\n<details id=\"e-n-accordion-item-5070\" class=\"e-n-accordion-item\" open=\"\">\n<div class=\"elementor-element elementor-element-0227f5d e-flex e-con-boxed e-con e-child\" role=\"region\" aria-labelledby=\"e-n-accordion-item-5070\" data-id=\"0227f5d\" data-element_type=\"container\" data-settings=\"{&quot;background_background&quot;:&quot;classic&quot;}\">\n<div class=\"e-con-inner\">\n<div class=\"elementor-element elementor-element-b1c85b6 e-con-full e-flex e-con e-child\" role=\"region\" aria-labelledby=\"e-n-accordion-item-5070\" data-id=\"b1c85b6\" data-element_type=\"container\">\n<div class=\"elementor-element elementor-element-a44b742 elementor-widget elementor-widget-text-editor\" data-id=\"a44b742\" data-element_type=\"widget\" data-widget_type=\"text-editor.default\">\n<div class=\"elementor-widget-container\">\n<p data-start=\"102\" data-end=\"609\">D\u00e9couvrez\u00a0<strong data-start=\"112\" data-end=\"131\">COLLAGEN-C FUSE<\/strong>, une boisson instantan\u00e9e innovante alliant\u00a0<strong data-start=\"175\" data-end=\"199\">nutrition et plaisir<\/strong>. Con\u00e7ue \u00e0 base de\u00a0<strong data-start=\"218\" data-end=\"265\">collag\u00e8ne hydrolys\u00e9\u00a0 de marque Omnicol120, une prot\u00e9ine hautement biodisponible<\/strong>, Collagen-C Fuse fournit \u00e0 votre organisme des\u00a0<strong data-start=\"302\" data-end=\"319\">peptides cl\u00e9s<\/strong>\u00a0\u2013 glycine, proline et hydroxyproline \u2013 essentiels \u00e0 la\u00a0<strong data-start=\"375\" data-end=\"414\">r\u00e9g\u00e9n\u00e9ration des tissus conjonctifs<\/strong>. Avec\u00a0<strong data-start=\"421\" data-end=\"459\">9 g de peptides actifs par portion<\/strong>\u00a0et\u00a0<strong data-start=\"463\" data-end=\"486\">80 mg de vitamine C*<\/strong>\u00a0(100 % des Apports de R\u00e9f\u00e9rence), cette formule soutient efficacement la\u00a0<strong data-start=\"560\" data-end=\"606\">sant\u00e9 des cartilages, des os et de la peau<\/strong>.<\/p>\n<p data-start=\"611\" data-end=\"1043\">Sans sucres, sans mati\u00e8res grasses et\u00a0<strong data-start=\"649\" data-end=\"671\">faible en calories<\/strong>,\u00a0<strong data-start=\"673\" data-end=\"692\">COLLAGEN-C FUSE<\/strong>\u00a0est une alternative id\u00e9ale pour prendre soin de vous sans compromis. Sa composition clean privil\u00e9gie les\u00a0<strong data-start=\"798\" data-end=\"823\">ar\u00f4mes 100 % naturels<\/strong>, sans colorants artificiels, aspartame ou allerg\u00e8nes. Inspir\u00e9e du\u00a0<strong data-start=\"890\" data-end=\"903\">th\u00e9 glac\u00e9<\/strong>, cette boisson est \u00e0 la fois\u00a0<strong data-start=\"933\" data-end=\"976\">l\u00e9g\u00e8re, rafra\u00eechissante et d\u00e9salt\u00e9rante<\/strong>, parfaite pour un instant bien-\u00eatre \u00e0 tout moment de la journ\u00e9e.<\/p>\n<p data-start=\"611\" data-end=\"1043\"><em>*La vitamine C contribue \u00e0 la formation normale de collag\u00e8ne pour assurer la fonction normale de la peau, des cartilages et des os [R\u00e9glement UE 432\/2012].<\/em><\/p>\n<\/div>\n<\/div>\n<\/div>\n<\/div>\n<\/div>\n<\/details>\n<details id=\"e-n-accordion-item-5071\" class=\"e-n-accordion-item\" open=\"\">\n<h3 class=\"e-n-accordion-item-title-text\">Les avantages<\/h3>\n<div class=\"elementor-element elementor-element-5630348 e-flex e-con-boxed e-con e-child\" role=\"region\" aria-labelledby=\"e-n-accordion-item-5071\" data-id=\"5630348\" data-element_type=\"container\" data-settings=\"{&quot;background_background&quot;:&quot;classic&quot;}\">\n<div class=\"e-con-inner\">\n<div class=\"elementor-element elementor-element-4e500d7 e-con-full e-flex e-con e-child\" role=\"region\" aria-labelledby=\"e-n-accordion-item-5071\" data-id=\"4e500d7\" data-element_type=\"container\">\n<div class=\"elementor-element elementor-element-5d35a68 elementor-widget elementor-widget-text-editor\" data-id=\"5d35a68\" data-element_type=\"widget\" data-widget_type=\"text-editor.default\">\n<div class=\"elementor-widget-container\">\n<ul>\n<li>100% Collag\u00e8ne Hydrolys\u00e9<\/li>\n<li>9g de Peptides de Collag\u00e8ne par portion de 10g (90%)<\/li>\n<li>4.3g de Peptides Actifs : Glycine, Proline et Hydroxyproline !<\/li>\n<li>Enrichi en Vitamine C : 80mg (100% AR)<\/li>\n<li>Aux Ar\u00f4mes 100% Naturels<\/li>\n<li>Sans Colorants Artificiels Ni Aspartame<\/li>\n<li>ZERO SUCRE ZERO MATIERES GRASSES garantis<\/li>\n<li>Tr\u00e8s Faible Apport Calorique !<\/li>\n<\/ul>\n<\/div>\n<\/div>\n<\/div>\n<\/div>\n<\/div>\n<\/details>\n<details id=\"e-n-accordion-item-5072\" class=\"e-n-accordion-item\" open=\"\">\n<h3 class=\"e-n-accordion-item-title-text\">Conseil de prise<\/h3>\n<div class=\"elementor-element elementor-element-6b6024f e-flex e-con-boxed e-con e-child\" role=\"region\" aria-labelledby=\"e-n-accordion-item-5072\" data-id=\"6b6024f\" data-element_type=\"container\" data-settings=\"{&quot;background_background&quot;:&quot;classic&quot;}\">\n<div class=\"e-con-inner\">\n<div class=\"elementor-element elementor-element-72205a8 e-con-full e-flex e-con e-child\" role=\"region\" aria-labelledby=\"e-n-accordion-item-5072\" data-id=\"72205a8\" data-element_type=\"container\">\n<div class=\"elementor-element elementor-element-eb434de elementor-widget elementor-widget-text-editor\" data-id=\"eb434de\" data-element_type=\"widget\" data-widget_type=\"text-editor.default\">\n<div class=\"elementor-widget-container\">\n<p>M\u00e9langer 10g de poudre (2 cuill\u00e8res-mesure) dans 200ml d\u2019eau froide. Agiter \u00e9nergiquement \u00e0 l\u2019aide d\u2019une bouteille m\u00e9langeuse. Boire la pr\u00e9paration le matin \u00e0 jeun ou apr\u00e8s un effort physique.<\/p>\n<p><strong>Suggestion de d\u00e9gustation :<\/strong><\/p>\n<ul>\n<li>Ajustez la quantit\u00e9 d\u2019eau selon votre pr\u00e9f\u00e9rence pour une saveur plus ou moins intense.<\/li>\n<li>Servez avec des gla\u00e7ons pour un effet Th\u00e9 Glac\u00e9.<\/li>\n<li>Ajoutez une rondelle de citron, une feuille de menthe ou quelques fruits rouges pour une touche gourmande.<\/li>\n<li>Remplacez l\u2019eau par un jus de fruits pour un maximum de saveurs.<\/li>\n<\/ul>\n<\/div>\n<\/div>\n<\/div>\n<\/div>\n<\/div>\n<\/details>\n<details id=\"e-n-accordion-item-5073\" class=\"e-n-accordion-item\" open=\"\">\n<h3 class=\"e-n-accordion-item-title-text\">Composition<\/h3>\n<div class=\"elementor-element elementor-element-37f4375 e-con-full e-flex e-con e-child\" role=\"region\" aria-labelledby=\"e-n-accordion-item-5073\" data-id=\"37f4375\" data-element_type=\"container\" data-settings=\"{&quot;background_background&quot;:&quot;classic&quot;}\">\n<div class=\"elementor-element elementor-element-f8457a4 e-flex e-con-boxed e-con e-child\" role=\"region\" aria-labelledby=\"e-n-accordion-item-5073\" data-id=\"f8457a4\" data-element_type=\"container\">\n<div class=\"e-con-inner\">\n<div class=\"elementor-element elementor-element-55cebb3 elementor-widget elementor-widget-text-editor\" data-id=\"55cebb3\" data-element_type=\"widget\" data-widget_type=\"text-editor.default\">\n<div class=\"elementor-widget-container\">\n<p>Collag\u00e8ne hydrolys\u00e9 [OmniCol 120TM], R\u00e9gulateur d\u2019acidit\u00e9 : Acide Citrique anhydre, Ar\u00f4mes Naturels, Vitamine C (Acide L-Ascorbique), Emulsifiant : L\u00e9cithine de Tournesol, Coorants Naturels [Extraits de Betterave\/Curcumine], Edulcorant : Sucralose.<\/p>\n<p><strong>Informations allerg\u00e8nes :<\/strong>\u00a0Absence.<\/p>\n<p>OmniCol 120 est un collag\u00e8ne hydrolys\u00e9 de source bovine (Halal) particuli\u00e8rement riche en peptides actifs.<\/p>\n<\/div>\n<\/div>\n<\/div>\n<\/div>\n<\/div>\n<\/details>\n<details id=\"e-n-accordion-item-5074\" class=\"e-n-accordion-item\" open=\"\">\n<h3 class=\"e-n-accordion-item-title-text\">Profil nutritionnel<\/h3>\n<div class=\"elementor-element elementor-element-cc6054c e-flex e-con-boxed e-con e-child\" role=\"region\" aria-labelledby=\"e-n-accordion-item-5074\" data-id=\"cc6054c\" data-element_type=\"container\" data-settings=\"{&quot;background_background&quot;:&quot;classic&quot;}\">\n<div class=\"e-con-inner\">\n<div class=\"elementor-element elementor-element-6466fff e-con-full e-flex e-con e-child\" role=\"region\" aria-labelledby=\"e-n-accordion-item-5074\" data-id=\"6466fff\" data-element_type=\"container\">\n<div class=\"elementor-element elementor-element-41cfb7d elementor-widget elementor-widget-text-editor\" data-id=\"41cfb7d\" data-element_type=\"widget\" data-widget_type=\"text-editor.default\">\n<div class=\"elementor-widget-container\">\n<p>Poids net : 300g (30 Doses)<\/p>\n<p>Saveurs disponibles : Fruits Rouge Naturels, Th\u00e9 Naturel<\/p>\n<table width=\"160\">\n<tbody>\n<tr>\n<td width=\"80\"><\/td>\n<td width=\"80\">Pour 10g<\/td>\n<\/tr>\n<tr>\n<td>Energie<\/td>\n<td>36kcal\/151kJ<\/td>\n<\/tr>\n<tr>\n<td>Lipides<\/td>\n<td>0g<\/td>\n<\/tr>\n<tr>\n<td>Sodium<\/td>\n<td>Traces<\/td>\n<\/tr>\n<tr>\n<td>Glucides Totaux<\/td>\n<td>0g<\/td>\n<\/tr>\n<tr>\n<td>Dont Sucres Simples<\/td>\n<td>0g<\/td>\n<\/tr>\n<tr>\n<td>Prot\u00e9ine<\/td>\n<td>9g<\/td>\n<\/tr>\n<tr>\n<td>Vitamine C<\/td>\n<td>80mg<\/td>\n<\/tr>\n<\/tbody>\n<\/table>\n<table width=\"310\">\n<tbody>\n<tr>\n<td colspan=\"2\" width=\"315\">Aminogramme<\/p>\n<p>Par dose recommand\u00e9e de 10g (9g de Collag\u00e8ne)<\/td>\n<\/tr>\n<tr>\n<td width=\"190\">Glycine*<\/td>\n<td width=\"125\">2,1g<\/td>\n<\/tr>\n<tr>\n<td width=\"190\">HydroxyProline*<\/td>\n<td width=\"125\">1,0g<\/td>\n<\/tr>\n<tr>\n<td width=\"190\">Proline*<\/td>\n<td width=\"125\">1,2g<\/td>\n<\/tr>\n<tr>\n<td width=\"190\">Alanine<\/td>\n<td width=\"125\">0,8g<\/td>\n<\/tr>\n<tr>\n<td width=\"190\">Arginine<\/td>\n<td width=\"125\">0,7g<\/td>\n<\/tr>\n<tr>\n<td width=\"190\">Acide Aspartique<\/td>\n<td width=\"125\">0,5g<\/td>\n<\/tr>\n<tr>\n<td width=\"190\">Glutamine<\/td>\n<td width=\"125\">0,9g<\/td>\n<\/tr>\n<tr>\n<td width=\"190\">Tyrosine<\/td>\n<td width=\"125\">0,05g<\/td>\n<\/tr>\n<tr>\n<td width=\"190\">S\u00e9rine<\/td>\n<td width=\"125\">0,3g<\/td>\n<\/tr>\n<tr>\n<td colspan=\"2\" width=\"315\">*Riche en Glycine, Hydroxyproline et Proline 4,3g<\/td>\n<\/tr>\n<tr>\n<td colspan=\"2\" width=\"315\">Acides amin\u00e9s essentiels EAA<\/td>\n<\/tr>\n<tr>\n<td width=\"190\">Histidine<\/td>\n<td width=\"125\">0,1g<\/td>\n<\/tr>\n<tr>\n<td width=\"190\">Isoleucine<\/td>\n<td width=\"125\">0,1g<\/td>\n<\/tr>\n<tr>\n<td width=\"190\">Leucine<\/td>\n<td width=\"125\">0,3g<\/td>\n<\/tr>\n<tr>\n<td width=\"190\">Lysine<\/td>\n<td width=\"125\">0,3g<\/td>\n<\/tr>\n<tr>\n<td width=\"190\">M\u00e9thionine<\/td>\n<td width=\"125\">0,1g<\/td>\n<\/tr>\n<tr>\n<td width=\"190\">Ph\u00e9nylalanine<\/td>\n<td width=\"125\">0,2g<\/td>\n<\/tr>\n<tr>\n<td width=\"190\">Thr\u00e9onine<\/td>\n<td width=\"125\">0,2g<\/td>\n<\/tr>\n<tr>\n<td width=\"190\">Valine<\/td>\n<td width=\"125\">0,2g<\/td>\n<\/tr>\n<\/tbody>\n<\/table>\n<p><strong>Avertissement :<\/strong><\/p>\n<p>Ce produit est un compl\u00e9ment alimentaire. Il ne remplace en aucun cas une alimentation diversifi\u00e9e et \u00e9quilibr\u00e9e. Il doit \u00eatre utilis\u00e9 conform\u00e9ment aux directives en combinaison d\u2019un r\u00e9gime alimentaire vari\u00e9 et adapt\u00e9.<\/p>\n<p>Ne pas d\u00e9passer la dose journali\u00e8re recommand\u00e9e. A tenir hors de port\u00e9e des jeunes enfants.<\/p>\n<\/div>\n<\/div>\n<\/div>\n<\/div>\n<\/div>\n<\/details>\n<\/div>\n<\/div>\n<\/div>\n<\/div>\n<\/div>\n<\/div>\n<\/div>\n<\/div>\n<\/div>\n<\/div>\n<\/div>\n<p><\/main><\/div>\n<\/div>\n<\/div>\n<\/div>\n<\/div>\n","protected":false},"excerpt":{"rendered":"<ul>\n<li>Collag\u00e8ne Hydrolys\u00e9 riche en Peptides Actifs<\/li>\n<li>90% de Peptides de Collag\u00e8ne<\/li>\n<li>80mg de Vitamine C<\/li>\n<li>Haute Teneur en Prot\u00e9ines<\/li>\n<li>Z\u00e9ro Sucres &amp; Z\u00e9ro Mati\u00e8res grasses<\/li>\n<li>Faible Valeur Calorique 36kcal par Dose<\/li>\n<li>Ar\u00f4mes 100% Naturels<\/li>\n<li>Sans Colorants Artificiels ni Gluten<\/li>\n<\/ul>\n","protected":false},"featured_media":6492,"comment_status":"open","ping_status":"closed","template":"","meta":[],"product_cat":[78,69],"product_tag":[],"class_list":{"0":"post-6790","1":"product","2":"type-product","3":"status-publish","4":"has-post-thumbnail","6":"product_brand-impact-sport-nutrition","7":"product_cat-acide-amine","8":"product_cat-collagen","10":"first","11":"instock","12":"shipping-taxable","13":"purchasable","14":"product-type-simple"},"yoast_head":"<!-- This site is optimized with the Yoast SEO plugin v25.2 - https:\/\/yoast.com\/wordpress\/plugins\/seo\/ -->\n<title>ISN Collagen-C Fuse - MR MASS<\/title>\n<meta name=\"description\" content=\"Collag\u00e8ne Hydrolys\u00e9 riche en Peptides Actifs90% de Peptides de Collag\u00e8ne80mg de Vitamine CHaute Teneur en Prot\u00e9inesZ\u00e9ro Sucres &amp; Z\u00e9ro Mati\u00e8res grassesFaible Valeur Calorique 36kcal par DoseAr\u00f4mes 100% NaturelsSans Colorants Artificiels ni Gluten\" \/>\n<meta name=\"robots\" content=\"index, follow, max-snippet:-1, max-image-preview:large, max-video-preview:-1\" \/>\n<link rel=\"canonical\" href=\"https:\/\/mr-mass.com\/?product=isn-collagen-c-fuse\" \/>\n<meta property=\"og:locale\" content=\"fr_FR\" \/>\n<meta property=\"og:type\" content=\"article\" \/>\n<meta property=\"og:title\" content=\"ISN Collagen-C Fuse - MR MASS\" \/>\n<meta property=\"og:description\" content=\"Collag\u00e8ne Hydrolys\u00e9 riche en Peptides Actifs90% de Peptides de Collag\u00e8ne80mg de Vitamine CHaute Teneur en Prot\u00e9inesZ\u00e9ro Sucres &amp; Z\u00e9ro Mati\u00e8res grassesFaible Valeur Calorique 36kcal par DoseAr\u00f4mes 100% NaturelsSans Colorants Artificiels ni Gluten\" \/>\n<meta property=\"og:url\" content=\"https:\/\/mr-mass.com\/?product=isn-collagen-c-fuse\" \/>\n<meta property=\"og:site_name\" content=\"MR MASS\" \/>\n<meta property=\"og:image\" content=\"https:\/\/mr-mass.com\/wp-content\/uploads\/2025\/06\/Impact-Collagen-Fuse-300G.webp\" \/>\n\t<meta property=\"og:image:width\" content=\"500\" \/>\n\t<meta property=\"og:image:height\" content=\"500\" \/>\n\t<meta property=\"og:image:type\" content=\"image\/webp\" \/>\n<meta name=\"twitter:card\" content=\"summary_large_image\" \/>\n<meta name=\"twitter:label1\" content=\"Dur\u00e9e de lecture estim\u00e9e\" \/>\n\t<meta name=\"twitter:data1\" content=\"3 minutes\" \/>\n<script type=\"application\/ld+json\" class=\"yoast-schema-graph\">{\"@context\":\"https:\/\/schema.org\",\"@graph\":[{\"@type\":\"WebPage\",\"@id\":\"https:\/\/mr-mass.com\/?product=isn-collagen-c-fuse\",\"url\":\"https:\/\/mr-mass.com\/?product=isn-collagen-c-fuse\",\"name\":\"ISN Collagen-C Fuse - MR MASS\",\"isPartOf\":{\"@id\":\"https:\/\/mr-mass.com\/#website\"},\"primaryImageOfPage\":{\"@id\":\"https:\/\/mr-mass.com\/?product=isn-collagen-c-fuse#primaryimage\"},\"image\":{\"@id\":\"https:\/\/mr-mass.com\/?product=isn-collagen-c-fuse#primaryimage\"},\"thumbnailUrl\":\"https:\/\/mr-mass.com\/wp-content\/uploads\/2025\/06\/Impact-Collagen-Fuse-300G.webp\",\"datePublished\":\"2025-06-13T17:37:51+00:00\",\"description\":\"Collag\u00e8ne Hydrolys\u00e9 riche en Peptides Actifs90% de Peptides de Collag\u00e8ne80mg de Vitamine CHaute Teneur en Prot\u00e9inesZ\u00e9ro Sucres & Z\u00e9ro Mati\u00e8res grassesFaible Valeur Calorique 36kcal par DoseAr\u00f4mes 100% NaturelsSans Colorants Artificiels ni Gluten\",\"breadcrumb\":{\"@id\":\"https:\/\/mr-mass.com\/?product=isn-collagen-c-fuse#breadcrumb\"},\"inLanguage\":\"fr-FR\",\"potentialAction\":[{\"@type\":\"ReadAction\",\"target\":[\"https:\/\/mr-mass.com\/?product=isn-collagen-c-fuse\"]}]},{\"@type\":\"ImageObject\",\"inLanguage\":\"fr-FR\",\"@id\":\"https:\/\/mr-mass.com\/?product=isn-collagen-c-fuse#primaryimage\",\"url\":\"https:\/\/mr-mass.com\/wp-content\/uploads\/2025\/06\/Impact-Collagen-Fuse-300G.webp\",\"contentUrl\":\"https:\/\/mr-mass.com\/wp-content\/uploads\/2025\/06\/Impact-Collagen-Fuse-300G.webp\",\"width\":500,\"height\":500},{\"@type\":\"BreadcrumbList\",\"@id\":\"https:\/\/mr-mass.com\/?product=isn-collagen-c-fuse#breadcrumb\",\"itemListElement\":[{\"@type\":\"ListItem\",\"position\":1,\"name\":\"Home\",\"item\":\"https:\/\/mr-mass.com\/\"},{\"@type\":\"ListItem\",\"position\":2,\"name\":\"Boutique\",\"item\":\"https:\/\/mr-mass.com\/?page_id=8\"},{\"@type\":\"ListItem\",\"position\":3,\"name\":\"ISN Collagen-C Fuse\"}]},{\"@type\":\"WebSite\",\"@id\":\"https:\/\/mr-mass.com\/#website\",\"url\":\"https:\/\/mr-mass.com\/\",\"name\":\"MR MASS\",\"description\":\"\",\"publisher\":{\"@id\":\"https:\/\/mr-mass.com\/#organization\"},\"potentialAction\":[{\"@type\":\"SearchAction\",\"target\":{\"@type\":\"EntryPoint\",\"urlTemplate\":\"https:\/\/mr-mass.com\/?s={search_term_string}\"},\"query-input\":{\"@type\":\"PropertyValueSpecification\",\"valueRequired\":true,\"valueName\":\"search_term_string\"}}],\"inLanguage\":\"fr-FR\"},{\"@type\":\"Organization\",\"@id\":\"https:\/\/mr-mass.com\/#organization\",\"name\":\"MR MASS\",\"url\":\"https:\/\/mr-mass.com\/\",\"logo\":{\"@type\":\"ImageObject\",\"inLanguage\":\"fr-FR\",\"@id\":\"https:\/\/mr-mass.com\/#\/schema\/logo\/image\/\",\"url\":\"https:\/\/mr-mass.com\/wp-content\/uploads\/2025\/06\/cropped-417524477_413976367821865_6357673664813295189_n-removebg-preview.png\",\"contentUrl\":\"https:\/\/mr-mass.com\/wp-content\/uploads\/2025\/06\/cropped-417524477_413976367821865_6357673664813295189_n-removebg-preview.png\",\"width\":500,\"height\":436,\"caption\":\"MR MASS\"},\"image\":{\"@id\":\"https:\/\/mr-mass.com\/#\/schema\/logo\/image\/\"}}]}<\/script>\n<!-- \/ Yoast SEO plugin. -->","yoast_head_json":{"title":"ISN Collagen-C Fuse - MR MASS","description":"Collag\u00e8ne Hydrolys\u00e9 riche en Peptides Actifs90% de Peptides de Collag\u00e8ne80mg de Vitamine CHaute Teneur en Prot\u00e9inesZ\u00e9ro Sucres & Z\u00e9ro Mati\u00e8res grassesFaible Valeur Calorique 36kcal par DoseAr\u00f4mes 100% NaturelsSans Colorants Artificiels ni Gluten","robots":{"index":"index","follow":"follow","max-snippet":"max-snippet:-1","max-image-preview":"max-image-preview:large","max-video-preview":"max-video-preview:-1"},"canonical":"https:\/\/mr-mass.com\/?product=isn-collagen-c-fuse","og_locale":"fr_FR","og_type":"article","og_title":"ISN Collagen-C Fuse - MR MASS","og_description":"Collag\u00e8ne Hydrolys\u00e9 riche en Peptides Actifs90% de Peptides de Collag\u00e8ne80mg de Vitamine CHaute Teneur en Prot\u00e9inesZ\u00e9ro Sucres & Z\u00e9ro Mati\u00e8res grassesFaible Valeur Calorique 36kcal par DoseAr\u00f4mes 100% NaturelsSans Colorants Artificiels ni Gluten","og_url":"https:\/\/mr-mass.com\/?product=isn-collagen-c-fuse","og_site_name":"MR MASS","og_image":[{"width":500,"height":500,"url":"https:\/\/mr-mass.com\/wp-content\/uploads\/2025\/06\/Impact-Collagen-Fuse-300G.webp","type":"image\/webp"}],"twitter_card":"summary_large_image","twitter_misc":{"Dur\u00e9e de lecture estim\u00e9e":"3 minutes"},"schema":{"@context":"https:\/\/schema.org","@graph":[{"@type":"WebPage","@id":"https:\/\/mr-mass.com\/?product=isn-collagen-c-fuse","url":"https:\/\/mr-mass.com\/?product=isn-collagen-c-fuse","name":"ISN Collagen-C Fuse - MR MASS","isPartOf":{"@id":"https:\/\/mr-mass.com\/#website"},"primaryImageOfPage":{"@id":"https:\/\/mr-mass.com\/?product=isn-collagen-c-fuse#primaryimage"},"image":{"@id":"https:\/\/mr-mass.com\/?product=isn-collagen-c-fuse#primaryimage"},"thumbnailUrl":"https:\/\/mr-mass.com\/wp-content\/uploads\/2025\/06\/Impact-Collagen-Fuse-300G.webp","datePublished":"2025-06-13T17:37:51+00:00","description":"Collag\u00e8ne Hydrolys\u00e9 riche en Peptides Actifs90% de Peptides de Collag\u00e8ne80mg de Vitamine CHaute Teneur en Prot\u00e9inesZ\u00e9ro Sucres & Z\u00e9ro Mati\u00e8res grassesFaible Valeur Calorique 36kcal par DoseAr\u00f4mes 100% NaturelsSans Colorants Artificiels ni Gluten","breadcrumb":{"@id":"https:\/\/mr-mass.com\/?product=isn-collagen-c-fuse#breadcrumb"},"inLanguage":"fr-FR","potentialAction":[{"@type":"ReadAction","target":["https:\/\/mr-mass.com\/?product=isn-collagen-c-fuse"]}]},{"@type":"ImageObject","inLanguage":"fr-FR","@id":"https:\/\/mr-mass.com\/?product=isn-collagen-c-fuse#primaryimage","url":"https:\/\/mr-mass.com\/wp-content\/uploads\/2025\/06\/Impact-Collagen-Fuse-300G.webp","contentUrl":"https:\/\/mr-mass.com\/wp-content\/uploads\/2025\/06\/Impact-Collagen-Fuse-300G.webp","width":500,"height":500},{"@type":"BreadcrumbList","@id":"https:\/\/mr-mass.com\/?product=isn-collagen-c-fuse#breadcrumb","itemListElement":[{"@type":"ListItem","position":1,"name":"Home","item":"https:\/\/mr-mass.com\/"},{"@type":"ListItem","position":2,"name":"Boutique","item":"https:\/\/mr-mass.com\/?page_id=8"},{"@type":"ListItem","position":3,"name":"ISN Collagen-C Fuse"}]},{"@type":"WebSite","@id":"https:\/\/mr-mass.com\/#website","url":"https:\/\/mr-mass.com\/","name":"MR MASS","description":"","publisher":{"@id":"https:\/\/mr-mass.com\/#organization"},"potentialAction":[{"@type":"SearchAction","target":{"@type":"EntryPoint","urlTemplate":"https:\/\/mr-mass.com\/?s={search_term_string}"},"query-input":{"@type":"PropertyValueSpecification","valueRequired":true,"valueName":"search_term_string"}}],"inLanguage":"fr-FR"},{"@type":"Organization","@id":"https:\/\/mr-mass.com\/#organization","name":"MR MASS","url":"https:\/\/mr-mass.com\/","logo":{"@type":"ImageObject","inLanguage":"fr-FR","@id":"https:\/\/mr-mass.com\/#\/schema\/logo\/image\/","url":"https:\/\/mr-mass.com\/wp-content\/uploads\/2025\/06\/cropped-417524477_413976367821865_6357673664813295189_n-removebg-preview.png","contentUrl":"https:\/\/mr-mass.com\/wp-content\/uploads\/2025\/06\/cropped-417524477_413976367821865_6357673664813295189_n-removebg-preview.png","width":500,"height":436,"caption":"MR MASS"},"image":{"@id":"https:\/\/mr-mass.com\/#\/schema\/logo\/image\/"}}]}},"jetpack_sharing_enabled":true,"_links":{"self":[{"href":"https:\/\/mr-mass.com\/index.php?rest_route=\/wp\/v2\/product\/6790","targetHints":{"allow":["GET"]}}],"collection":[{"href":"https:\/\/mr-mass.com\/index.php?rest_route=\/wp\/v2\/product"}],"about":[{"href":"https:\/\/mr-mass.com\/index.php?rest_route=\/wp\/v2\/types\/product"}],"replies":[{"embeddable":true,"href":"https:\/\/mr-mass.com\/index.php?rest_route=%2Fwp%2Fv2%2Fcomments&post=6790"}],"wp:featuredmedia":[{"embeddable":true,"href":"https:\/\/mr-mass.com\/index.php?rest_route=\/wp\/v2\/media\/6492"}],"wp:attachment":[{"href":"https:\/\/mr-mass.com\/index.php?rest_route=%2Fwp%2Fv2%2Fmedia&parent=6790"}],"wp:term":[{"taxonomy":"product_cat","embeddable":true,"href":"https:\/\/mr-mass.com\/index.php?rest_route=%2Fwp%2Fv2%2Fproduct_cat&post=6790"},{"taxonomy":"product_tag","embeddable":true,"href":"https:\/\/mr-mass.com\/index.php?rest_route=%2Fwp%2Fv2%2Fproduct_tag&post=6790"}],"curies":[{"name":"wp","href":"https:\/\/api.w.org\/{rel}","templated":true}]}}