{"id":6792,"date":"2025-06-13T19:45:36","date_gmt":"2025-06-13T17:45:36","guid":{"rendered":"https:\/\/mr-mass.com\/?post_type=product&#038;p=6792"},"modified":"2025-06-13T19:45:36","modified_gmt":"2025-06-13T17:45:36","slug":"isn-micronized-l-glutamine-300g-60-doses","status":"publish","type":"product","link":"https:\/\/mr-mass.com\/?product=isn-micronized-l-glutamine-300g-60-doses","title":{"rendered":"ISN Micronized L-Glutamine 300G 60 DOSES"},"content":{"rendered":"<div id=\"page\" class=\"hfeed site\">\n<div id=\"content\" class=\"site-content\" tabindex=\"-1\">\n<div class=\"shoptimizer-archive\">\n<div class=\"col-full\">\n<div id=\"primary\" class=\"content-area\"><main id=\"main\" class=\"site-main\" role=\"main\"><\/p>\n<div id=\"product-62476\" class=\"product type-product post-62476 status-publish first instock product_cat-vegetal product_cat-acides-amines product_cat-post-training product_cat-anabolisme-performances product_cat-minceur-acides-amines product_cat-non-classe product_tag-acides-amines product_tag-energie product_tag-muscle-sec product_tag-recuperation has-post-thumbnail shipping-taxable purchasable product-type-simple\">\n<div class=\"woocommerce-tabs wc-tabs-wrapper\">\n<p>&nbsp;<\/p>\n<div id=\"tab-description\" class=\"woocommerce-Tabs-panel woocommerce-Tabs-panel--description panel entry-content wc-tab\" role=\"tabpanel\" aria-labelledby=\"tab-title-description\">\n<div class=\"elementor elementor-62476\" data-elementor-type=\"wp-post\" data-elementor-id=\"62476\" data-elementor-post-type=\"product\">\n<div class=\"elementor-element elementor-element-aa3b1f8 e-flex e-con-boxed e-con e-parent e-lazyloaded\" data-id=\"aa3b1f8\" data-element_type=\"container\">\n<div class=\"e-con-inner\">\n<div class=\"elementor-element elementor-element-3129ebb e-con-full e-flex e-con e-child\" data-id=\"3129ebb\" data-element_type=\"container\">\n<div class=\"elementor-element elementor-element-ce43b17 e-con-full e-flex e-con e-child\" data-id=\"ce43b17\" data-element_type=\"container\">\n<div class=\"elementor-element elementor-element-328fe39 e-con-full e-flex e-con e-child\" data-id=\"328fe39\" data-element_type=\"container\">\n<div class=\"elementor-element elementor-element-3155e79 elementor-widget elementor-widget-n-accordion\" data-id=\"3155e79\" data-element_type=\"widget\" data-settings=\"{&quot;max_items_expended&quot;:&quot;multiple&quot;,&quot;default_state&quot;:&quot;expanded&quot;,&quot;n_accordion_animation_duration&quot;:{&quot;unit&quot;:&quot;ms&quot;,&quot;size&quot;:400,&quot;sizes&quot;:[]}}\" data-widget_type=\"nested-accordion.default\">\n<div class=\"elementor-widget-container\">\n<div class=\"e-n-accordion\" aria-label=\"Accordion. Open links with Enter or Space, close with Escape, and navigate with Arrow Keys\">\n<details id=\"e-n-accordion-item-5170\" class=\"e-n-accordion-item\" open=\"\">\n<h3 class=\"e-n-accordion-item-title-text\">Descriptif<\/h3>\n<div class=\"elementor-element elementor-element-5abe0cb e-flex e-con-boxed e-con e-child\" role=\"region\" aria-labelledby=\"e-n-accordion-item-5170\" data-id=\"5abe0cb\" data-element_type=\"container\" data-settings=\"{&quot;background_background&quot;:&quot;classic&quot;}\">\n<div class=\"e-con-inner\">\n<div class=\"elementor-element elementor-element-b46befb e-con-full e-flex e-con e-child\" role=\"region\" aria-labelledby=\"e-n-accordion-item-5170\" data-id=\"b46befb\" data-element_type=\"container\">\n<div class=\"elementor-element elementor-element-6052431 elementor-widget elementor-widget-text-editor\" data-id=\"6052431\" data-element_type=\"widget\" data-widget_type=\"text-editor.default\">\n<div class=\"elementor-widget-container\">\n<p data-start=\"78\" data-end=\"148\"><strong>L-Glutamine 100% Pure \u2013 La Cl\u00e9 de la R\u00e9cup\u00e9ration Musculaire<\/strong><\/p>\n<p data-start=\"150\" data-end=\"394\">Indispensable aux sportifs exigeants, la L-Glutamine est l\u2019acide amin\u00e9 le plus abondant du corps humain. Lors d\u2019un entra\u00eenement intense, ses niveaux chutent drastiquement, ralentissant la r\u00e9cup\u00e9ration et augmentant le risque de blessures.<\/p>\n<p data-start=\"396\" data-end=\"774\">Notre L-Glutamine micronis\u00e9e en qualit\u00e9 ultra-pure, de qualit\u00e9 pharmaceutique et hautement assimilable est id\u00e9ale pour :<\/p>\n<ul>\n<li data-start=\"396\" data-end=\"774\">Acc\u00e9l\u00e9rer la r\u00e9cup\u00e9ration musculaire et articulaire<\/li>\n<li data-start=\"396\" data-end=\"774\">Pr\u00e9venir le catabolisme et le surentra\u00eenement<\/li>\n<li data-start=\"396\" data-end=\"774\">Renforcer le microbiote intestinal et l\u2019immunit\u00e9<\/li>\n<li data-start=\"396\" data-end=\"774\">Soutenir la production hormonale, dont l\u2019hormone de croissance<\/li>\n<\/ul>\n<p data-start=\"776\" data-end=\"908\">Inodore et sans saveur, elle se m\u00e9lange parfaitement \u00e0 toutes vos boissons et shakes prot\u00e9in\u00e9s pour une assimilation optimale.<\/p>\n<p data-start=\"910\" data-end=\"1010\">Optez pour la performance et la r\u00e9cup\u00e9ration avec la L-Glutamine d\u2019Impact Sport Nutrition !<\/p>\n<\/div>\n<\/div>\n<\/div>\n<\/div>\n<\/div>\n<\/details>\n<details id=\"e-n-accordion-item-5171\" class=\"e-n-accordion-item\" open=\"\">\n<h3 class=\"e-n-accordion-item-title-text\">Les avantages<\/h3>\n<div class=\"elementor-element elementor-element-78c2c15 e-flex e-con-boxed e-con e-child\" role=\"region\" aria-labelledby=\"e-n-accordion-item-5171\" data-id=\"78c2c15\" data-element_type=\"container\" data-settings=\"{&quot;background_background&quot;:&quot;classic&quot;}\">\n<div class=\"e-con-inner\">\n<div class=\"elementor-element elementor-element-0187423 e-con-full e-flex e-con e-child\" role=\"region\" aria-labelledby=\"e-n-accordion-item-5171\" data-id=\"0187423\" data-element_type=\"container\">\n<div class=\"elementor-element elementor-element-7df72e0 elementor-widget elementor-widget-text-editor\" data-id=\"7df72e0\" data-element_type=\"widget\" data-widget_type=\"text-editor.default\">\n<div class=\"elementor-widget-container\">\n<ul>\n<li>L-Glutamine Ferment\u00e9e d\u2019Origine V\u00e9g\u00e9tale<\/li>\n<li>A particules Ultra-fines<\/li>\n<li>Hautr puret\u00e9 (HPLC)<\/li>\n<li>Sans Excipients ni Additifs<\/li>\n<\/ul>\n<\/div>\n<\/div>\n<\/div>\n<\/div>\n<\/div>\n<\/details>\n<details id=\"e-n-accordion-item-5172\" class=\"e-n-accordion-item\" open=\"\">\n<h3 class=\"e-n-accordion-item-title-text\">Conseil de prise<\/h3>\n<div class=\"elementor-element elementor-element-e1776d3 e-flex e-con-boxed e-con e-child\" role=\"region\" aria-labelledby=\"e-n-accordion-item-5172\" data-id=\"e1776d3\" data-element_type=\"container\" data-settings=\"{&quot;background_background&quot;:&quot;classic&quot;}\">\n<div class=\"e-con-inner\">\n<div class=\"elementor-element elementor-element-ffb5dcc e-con-full e-flex e-con e-child\" role=\"region\" aria-labelledby=\"e-n-accordion-item-5172\" data-id=\"ffb5dcc\" data-element_type=\"container\">\n<div class=\"elementor-element elementor-element-8c95432 elementor-widget elementor-widget-text-editor\" data-id=\"8c95432\" data-element_type=\"widget\" data-widget_type=\"text-editor.default\">\n<div class=\"elementor-widget-container\">\n<p data-start=\"83\" data-end=\"113\"><strong data-start=\"90\" data-end=\"111\">Dosage recommand\u00e9<\/strong><\/p>\n<ul>\n<li><strong data-start=\"116\" data-end=\"154\">Sportifs &amp; r\u00e9cup\u00e9ration musculaire<\/strong>\u00a0: 5 \u00e0 10 g par jour<\/li>\n<li><strong data-start=\"179\" data-end=\"213\">Soutien digestif &amp; immunitaire<\/strong>\u00a0: 3 \u00e0 5 g par jour<\/li>\n<li><strong data-start=\"237\" data-end=\"270\">Phase de charge (optionnelle)<\/strong>\u00a0: jusqu\u2019\u00e0 15 g r\u00e9partis sur la journ\u00e9e<\/li>\n<\/ul>\n<p data-start=\"313\" data-end=\"349\"><strong data-start=\"320\" data-end=\"347\">Moments id\u00e9aux de prise<\/strong><\/p>\n<ul>\n<li data-start=\"350\" data-end=\"619\"><strong data-start=\"352\" data-end=\"376\">Apr\u00e8s l\u2019entra\u00eenement<\/strong>\u00a0: 5 g dans de l\u2019eau ou une boisson prot\u00e9in\u00e9e pour favoriser la r\u00e9cup\u00e9ration musculaire<br data-start=\"463\" data-end=\"466\" \/><strong data-start=\"468\" data-end=\"487\">\u00c0 jeun le matin<\/strong>\u00a0: 3 \u00e0 5 g pour soutenir l\u2019intestin et le syst\u00e8me immunitaire<br data-start=\"548\" data-end=\"551\" \/><strong data-start=\"553\" data-end=\"572\">Avant de dormir<\/strong>\u00a0: 5 g pour limiter le catabolisme musculaire<\/li>\n<\/ul>\n<p data-start=\"621\" data-end=\"647\"><strong data-start=\"628\" data-end=\"645\">Mode d\u2019emploi<\/strong><\/p>\n<ul>\n<li>M\u00e9langer la poudre dans\u00a0<strong data-start=\"674\" data-end=\"696\">200 \u00e0 250 ml d\u2019eau<\/strong>, de jus de fruit ou de shake prot\u00e9in\u00e9<\/li>\n<li>Pour une meilleure absorption, prendre\u00a0<strong data-start=\"778\" data-end=\"802\">\u00e0 distance des repas.<\/strong><\/li>\n<\/ul>\n<\/div>\n<\/div>\n<\/div>\n<\/div>\n<\/div>\n<\/details>\n<details id=\"e-n-accordion-item-5173\" class=\"e-n-accordion-item\" open=\"\">\n<h3 class=\"e-n-accordion-item-title-text\">Composition<\/h3>\n<div class=\"elementor-element elementor-element-5a66b65 e-con-full e-flex e-con e-child\" role=\"region\" aria-labelledby=\"e-n-accordion-item-5173\" data-id=\"5a66b65\" data-element_type=\"container\" data-settings=\"{&quot;background_background&quot;:&quot;classic&quot;}\">\n<div class=\"elementor-element elementor-element-536da30 e-flex e-con-boxed e-con e-child\" role=\"region\" aria-labelledby=\"e-n-accordion-item-5173\" data-id=\"536da30\" data-element_type=\"container\">\n<div class=\"e-con-inner\">\n<div class=\"elementor-element elementor-element-49087a8 elementor-widget elementor-widget-text-editor\" data-id=\"49087a8\" data-element_type=\"widget\" data-widget_type=\"text-editor.default\">\n<div class=\"elementor-widget-container\">\n<p>100% L-Glutamine (Obetnue par fermentation v\u00e9g\u00e9tale).<\/p>\n<p><strong>Informations allerg\u00e8nes :<\/strong>\u00a0Absence.<\/p>\n<\/div>\n<\/div>\n<\/div>\n<\/div>\n<\/div>\n<\/details>\n<details id=\"e-n-accordion-item-5174\" class=\"e-n-accordion-item\" open=\"\">\n<h3 class=\"e-n-accordion-item-title-text\">Profil nutritionnel<\/h3>\n<div class=\"elementor-element elementor-element-b8a6274 e-flex e-con-boxed e-con e-child\" role=\"region\" aria-labelledby=\"e-n-accordion-item-5174\" data-id=\"b8a6274\" data-element_type=\"container\" data-settings=\"{&quot;background_background&quot;:&quot;classic&quot;}\">\n<div class=\"e-con-inner\">\n<div class=\"elementor-element elementor-element-df97b65 e-con-full e-flex e-con e-child\" role=\"region\" aria-labelledby=\"e-n-accordion-item-5174\" data-id=\"df97b65\" data-element_type=\"container\">\n<div class=\"elementor-element elementor-element-c6f6594 elementor-widget elementor-widget-text-editor\" data-id=\"c6f6594\" data-element_type=\"widget\" data-widget_type=\"text-editor.default\">\n<div class=\"elementor-widget-container\">\n<p>Poids net : 300g<\/p>\n<table width=\"298\">\n<tbody>\n<tr>\n<td width=\"80\"><\/td>\n<td width=\"218\">\u00a0Pour 1 dose de 5g<\/td>\n<\/tr>\n<tr>\n<td>L-Glutamine<\/td>\n<td>5g<\/td>\n<\/tr>\n<\/tbody>\n<\/table>\n<p><strong>Avertissement :<\/strong><\/p>\n<p>Ce produit est un compl\u00e9ment alimentaire. Il ne remplace en aucun cas une alimentation diversifi\u00e9e et \u00e9quilibr\u00e9e. Il doit \u00eatre utilis\u00e9 conform\u00e9ment aux directives en combinaison d\u2019un r\u00e9gime alimentaire vari\u00e9 et adapt\u00e9.<\/p>\n<p>Ne pas d\u00e9passer la dose journali\u00e8re recommand\u00e9e. A tenir hors de port\u00e9e des jeunes enfants<\/p>\n<\/div>\n<\/div>\n<\/div>\n<\/div>\n<\/div>\n<\/details>\n<\/div>\n<\/div>\n<\/div>\n<\/div>\n<\/div>\n<\/div>\n<\/div>\n<\/div>\n<\/div>\n<\/div>\n<\/div>\n<\/div>\n<p><\/main><\/div>\n<\/div>\n<\/div>\n<\/div>\n<\/div>\n","protected":false},"excerpt":{"rendered":"<p><strong>300g | 60 Doses<\/strong><\/p>\n<ul>\n<li>L-Glutamine Ferment\u00e9e d\u2019Origine V\u00e9g\u00e9tale<\/li>\n<li>Micronis\u00e9e \u00e0 particules ultra-fines<\/li>\n<li>Haute Puret\u00e9 (HPLC)<\/li>\n<li>Sans Excipients ni Additifs<\/li>\n<\/ul>\n","protected":false},"featured_media":6793,"comment_status":"open","ping_status":"closed","template":"","meta":[],"product_cat":[78],"product_tag":[],"class_list":{"0":"post-6792","1":"product","2":"type-product","3":"status-publish","4":"has-post-thumbnail","6":"product_brand-impact-sport-nutrition","7":"product_cat-acide-amine","9":"first","10":"instock","11":"shipping-taxable","12":"purchasable","13":"product-type-simple"},"yoast_head":"<!-- This site is optimized with the Yoast SEO plugin v25.2 - https:\/\/yoast.com\/wordpress\/plugins\/seo\/ -->\n<title>ISN Micronized L-Glutamine 300G 60 DOSES - MR MASS<\/title>\n<meta name=\"description\" content=\"300g | 60 DosesL-Glutamine Ferment\u00e9e d\u2019Origine V\u00e9g\u00e9taleMicronis\u00e9e \u00e0 particules ultra-finesHaute Puret\u00e9 (HPLC)Sans Excipients ni Additifs\" \/>\n<meta name=\"robots\" content=\"index, follow, max-snippet:-1, max-image-preview:large, max-video-preview:-1\" \/>\n<link rel=\"canonical\" href=\"https:\/\/mr-mass.com\/?product=isn-micronized-l-glutamine-300g-60-doses\" \/>\n<meta property=\"og:locale\" content=\"fr_FR\" \/>\n<meta property=\"og:type\" content=\"article\" \/>\n<meta property=\"og:title\" content=\"ISN Micronized L-Glutamine 300G 60 DOSES - MR MASS\" \/>\n<meta property=\"og:description\" content=\"300g | 60 DosesL-Glutamine Ferment\u00e9e d\u2019Origine V\u00e9g\u00e9taleMicronis\u00e9e \u00e0 particules ultra-finesHaute Puret\u00e9 (HPLC)Sans Excipients ni Additifs\" \/>\n<meta property=\"og:url\" content=\"https:\/\/mr-mass.com\/?product=isn-micronized-l-glutamine-300g-60-doses\" \/>\n<meta property=\"og:site_name\" content=\"MR MASS\" \/>\n<meta property=\"og:image\" content=\"https:\/\/mr-mass.com\/wp-content\/uploads\/2025\/06\/L-GLUTAMINE-1-600x600-1-e1749836671499.jpg\" \/>\n\t<meta property=\"og:image:width\" content=\"500\" \/>\n\t<meta property=\"og:image:height\" content=\"500\" \/>\n\t<meta property=\"og:image:type\" content=\"image\/jpeg\" \/>\n<meta name=\"twitter:card\" content=\"summary_large_image\" \/>\n<meta name=\"twitter:label1\" content=\"Dur\u00e9e de lecture estim\u00e9e\" \/>\n\t<meta name=\"twitter:data1\" content=\"2 minutes\" \/>\n<script type=\"application\/ld+json\" class=\"yoast-schema-graph\">{\"@context\":\"https:\/\/schema.org\",\"@graph\":[{\"@type\":\"WebPage\",\"@id\":\"https:\/\/mr-mass.com\/?product=isn-micronized-l-glutamine-300g-60-doses\",\"url\":\"https:\/\/mr-mass.com\/?product=isn-micronized-l-glutamine-300g-60-doses\",\"name\":\"ISN Micronized L-Glutamine 300G 60 DOSES - MR MASS\",\"isPartOf\":{\"@id\":\"https:\/\/mr-mass.com\/#website\"},\"primaryImageOfPage\":{\"@id\":\"https:\/\/mr-mass.com\/?product=isn-micronized-l-glutamine-300g-60-doses#primaryimage\"},\"image\":{\"@id\":\"https:\/\/mr-mass.com\/?product=isn-micronized-l-glutamine-300g-60-doses#primaryimage\"},\"thumbnailUrl\":\"https:\/\/mr-mass.com\/wp-content\/uploads\/2025\/06\/L-GLUTAMINE-1-600x600-1-e1749836671499.jpg\",\"datePublished\":\"2025-06-13T17:45:36+00:00\",\"description\":\"300g | 60 DosesL-Glutamine Ferment\u00e9e d\u2019Origine V\u00e9g\u00e9taleMicronis\u00e9e \u00e0 particules ultra-finesHaute Puret\u00e9 (HPLC)Sans Excipients ni Additifs\",\"breadcrumb\":{\"@id\":\"https:\/\/mr-mass.com\/?product=isn-micronized-l-glutamine-300g-60-doses#breadcrumb\"},\"inLanguage\":\"fr-FR\",\"potentialAction\":[{\"@type\":\"ReadAction\",\"target\":[\"https:\/\/mr-mass.com\/?product=isn-micronized-l-glutamine-300g-60-doses\"]}]},{\"@type\":\"ImageObject\",\"inLanguage\":\"fr-FR\",\"@id\":\"https:\/\/mr-mass.com\/?product=isn-micronized-l-glutamine-300g-60-doses#primaryimage\",\"url\":\"https:\/\/mr-mass.com\/wp-content\/uploads\/2025\/06\/L-GLUTAMINE-1-600x600-1-e1749836671499.jpg\",\"contentUrl\":\"https:\/\/mr-mass.com\/wp-content\/uploads\/2025\/06\/L-GLUTAMINE-1-600x600-1-e1749836671499.jpg\",\"width\":500,\"height\":500},{\"@type\":\"BreadcrumbList\",\"@id\":\"https:\/\/mr-mass.com\/?product=isn-micronized-l-glutamine-300g-60-doses#breadcrumb\",\"itemListElement\":[{\"@type\":\"ListItem\",\"position\":1,\"name\":\"Home\",\"item\":\"https:\/\/mr-mass.com\/\"},{\"@type\":\"ListItem\",\"position\":2,\"name\":\"Boutique\",\"item\":\"https:\/\/mr-mass.com\/?page_id=8\"},{\"@type\":\"ListItem\",\"position\":3,\"name\":\"ISN Micronized L-Glutamine 300G 60 DOSES\"}]},{\"@type\":\"WebSite\",\"@id\":\"https:\/\/mr-mass.com\/#website\",\"url\":\"https:\/\/mr-mass.com\/\",\"name\":\"MR MASS\",\"description\":\"\",\"publisher\":{\"@id\":\"https:\/\/mr-mass.com\/#organization\"},\"potentialAction\":[{\"@type\":\"SearchAction\",\"target\":{\"@type\":\"EntryPoint\",\"urlTemplate\":\"https:\/\/mr-mass.com\/?s={search_term_string}\"},\"query-input\":{\"@type\":\"PropertyValueSpecification\",\"valueRequired\":true,\"valueName\":\"search_term_string\"}}],\"inLanguage\":\"fr-FR\"},{\"@type\":\"Organization\",\"@id\":\"https:\/\/mr-mass.com\/#organization\",\"name\":\"MR MASS\",\"url\":\"https:\/\/mr-mass.com\/\",\"logo\":{\"@type\":\"ImageObject\",\"inLanguage\":\"fr-FR\",\"@id\":\"https:\/\/mr-mass.com\/#\/schema\/logo\/image\/\",\"url\":\"https:\/\/mr-mass.com\/wp-content\/uploads\/2025\/06\/cropped-417524477_413976367821865_6357673664813295189_n-removebg-preview.png\",\"contentUrl\":\"https:\/\/mr-mass.com\/wp-content\/uploads\/2025\/06\/cropped-417524477_413976367821865_6357673664813295189_n-removebg-preview.png\",\"width\":500,\"height\":436,\"caption\":\"MR MASS\"},\"image\":{\"@id\":\"https:\/\/mr-mass.com\/#\/schema\/logo\/image\/\"}}]}<\/script>\n<!-- \/ Yoast SEO plugin. -->","yoast_head_json":{"title":"ISN Micronized L-Glutamine 300G 60 DOSES - MR MASS","description":"300g | 60 DosesL-Glutamine Ferment\u00e9e d\u2019Origine V\u00e9g\u00e9taleMicronis\u00e9e \u00e0 particules ultra-finesHaute Puret\u00e9 (HPLC)Sans Excipients ni Additifs","robots":{"index":"index","follow":"follow","max-snippet":"max-snippet:-1","max-image-preview":"max-image-preview:large","max-video-preview":"max-video-preview:-1"},"canonical":"https:\/\/mr-mass.com\/?product=isn-micronized-l-glutamine-300g-60-doses","og_locale":"fr_FR","og_type":"article","og_title":"ISN Micronized L-Glutamine 300G 60 DOSES - MR MASS","og_description":"300g | 60 DosesL-Glutamine Ferment\u00e9e d\u2019Origine V\u00e9g\u00e9taleMicronis\u00e9e \u00e0 particules ultra-finesHaute Puret\u00e9 (HPLC)Sans Excipients ni Additifs","og_url":"https:\/\/mr-mass.com\/?product=isn-micronized-l-glutamine-300g-60-doses","og_site_name":"MR MASS","og_image":[{"width":500,"height":500,"url":"https:\/\/mr-mass.com\/wp-content\/uploads\/2025\/06\/L-GLUTAMINE-1-600x600-1-e1749836671499.jpg","type":"image\/jpeg"}],"twitter_card":"summary_large_image","twitter_misc":{"Dur\u00e9e de lecture estim\u00e9e":"2 minutes"},"schema":{"@context":"https:\/\/schema.org","@graph":[{"@type":"WebPage","@id":"https:\/\/mr-mass.com\/?product=isn-micronized-l-glutamine-300g-60-doses","url":"https:\/\/mr-mass.com\/?product=isn-micronized-l-glutamine-300g-60-doses","name":"ISN Micronized L-Glutamine 300G 60 DOSES - MR MASS","isPartOf":{"@id":"https:\/\/mr-mass.com\/#website"},"primaryImageOfPage":{"@id":"https:\/\/mr-mass.com\/?product=isn-micronized-l-glutamine-300g-60-doses#primaryimage"},"image":{"@id":"https:\/\/mr-mass.com\/?product=isn-micronized-l-glutamine-300g-60-doses#primaryimage"},"thumbnailUrl":"https:\/\/mr-mass.com\/wp-content\/uploads\/2025\/06\/L-GLUTAMINE-1-600x600-1-e1749836671499.jpg","datePublished":"2025-06-13T17:45:36+00:00","description":"300g | 60 DosesL-Glutamine Ferment\u00e9e d\u2019Origine V\u00e9g\u00e9taleMicronis\u00e9e \u00e0 particules ultra-finesHaute Puret\u00e9 (HPLC)Sans Excipients ni Additifs","breadcrumb":{"@id":"https:\/\/mr-mass.com\/?product=isn-micronized-l-glutamine-300g-60-doses#breadcrumb"},"inLanguage":"fr-FR","potentialAction":[{"@type":"ReadAction","target":["https:\/\/mr-mass.com\/?product=isn-micronized-l-glutamine-300g-60-doses"]}]},{"@type":"ImageObject","inLanguage":"fr-FR","@id":"https:\/\/mr-mass.com\/?product=isn-micronized-l-glutamine-300g-60-doses#primaryimage","url":"https:\/\/mr-mass.com\/wp-content\/uploads\/2025\/06\/L-GLUTAMINE-1-600x600-1-e1749836671499.jpg","contentUrl":"https:\/\/mr-mass.com\/wp-content\/uploads\/2025\/06\/L-GLUTAMINE-1-600x600-1-e1749836671499.jpg","width":500,"height":500},{"@type":"BreadcrumbList","@id":"https:\/\/mr-mass.com\/?product=isn-micronized-l-glutamine-300g-60-doses#breadcrumb","itemListElement":[{"@type":"ListItem","position":1,"name":"Home","item":"https:\/\/mr-mass.com\/"},{"@type":"ListItem","position":2,"name":"Boutique","item":"https:\/\/mr-mass.com\/?page_id=8"},{"@type":"ListItem","position":3,"name":"ISN Micronized L-Glutamine 300G 60 DOSES"}]},{"@type":"WebSite","@id":"https:\/\/mr-mass.com\/#website","url":"https:\/\/mr-mass.com\/","name":"MR MASS","description":"","publisher":{"@id":"https:\/\/mr-mass.com\/#organization"},"potentialAction":[{"@type":"SearchAction","target":{"@type":"EntryPoint","urlTemplate":"https:\/\/mr-mass.com\/?s={search_term_string}"},"query-input":{"@type":"PropertyValueSpecification","valueRequired":true,"valueName":"search_term_string"}}],"inLanguage":"fr-FR"},{"@type":"Organization","@id":"https:\/\/mr-mass.com\/#organization","name":"MR MASS","url":"https:\/\/mr-mass.com\/","logo":{"@type":"ImageObject","inLanguage":"fr-FR","@id":"https:\/\/mr-mass.com\/#\/schema\/logo\/image\/","url":"https:\/\/mr-mass.com\/wp-content\/uploads\/2025\/06\/cropped-417524477_413976367821865_6357673664813295189_n-removebg-preview.png","contentUrl":"https:\/\/mr-mass.com\/wp-content\/uploads\/2025\/06\/cropped-417524477_413976367821865_6357673664813295189_n-removebg-preview.png","width":500,"height":436,"caption":"MR MASS"},"image":{"@id":"https:\/\/mr-mass.com\/#\/schema\/logo\/image\/"}}]}},"jetpack_sharing_enabled":true,"_links":{"self":[{"href":"https:\/\/mr-mass.com\/index.php?rest_route=\/wp\/v2\/product\/6792","targetHints":{"allow":["GET"]}}],"collection":[{"href":"https:\/\/mr-mass.com\/index.php?rest_route=\/wp\/v2\/product"}],"about":[{"href":"https:\/\/mr-mass.com\/index.php?rest_route=\/wp\/v2\/types\/product"}],"replies":[{"embeddable":true,"href":"https:\/\/mr-mass.com\/index.php?rest_route=%2Fwp%2Fv2%2Fcomments&post=6792"}],"wp:featuredmedia":[{"embeddable":true,"href":"https:\/\/mr-mass.com\/index.php?rest_route=\/wp\/v2\/media\/6793"}],"wp:attachment":[{"href":"https:\/\/mr-mass.com\/index.php?rest_route=%2Fwp%2Fv2%2Fmedia&parent=6792"}],"wp:term":[{"taxonomy":"product_cat","embeddable":true,"href":"https:\/\/mr-mass.com\/index.php?rest_route=%2Fwp%2Fv2%2Fproduct_cat&post=6792"},{"taxonomy":"product_tag","embeddable":true,"href":"https:\/\/mr-mass.com\/index.php?rest_route=%2Fwp%2Fv2%2Fproduct_tag&post=6792"}],"curies":[{"name":"wp","href":"https:\/\/api.w.org\/{rel}","templated":true}]}}