{"id":6799,"date":"2025-06-14T15:32:06","date_gmt":"2025-06-14T13:32:06","guid":{"rendered":"https:\/\/mr-mass.com\/?post_type=product&#038;p=6799"},"modified":"2025-11-30T00:26:42","modified_gmt":"2025-11-29T23:26:42","slug":"kevin-levrone-levro-legendary-mass-7kg","status":"publish","type":"product","link":"https:\/\/mr-mass.com\/?product=kevin-levrone-levro-legendary-mass-7kg","title":{"rendered":"KEVIN LEVRONE LEVRO LEGENDARY MASS 7KG"},"content":{"rendered":"<h2>Levro Legendary Mass con\u00e7u pour acc\u00e9l\u00e9rer la croissance musculaire.<\/h2>\n<p>Ce produit est fabriqu\u00e9 avec deux ingr\u00e9dients efficaces\u00a0<strong>glucides et prot\u00e9ines<\/strong>. Ces<strong>\u00a0nutriments<\/strong>\u00a0sont essentiels pour fournir toute l&rsquo;\u00e9nergie et la<strong>\u00a0mati\u00e8re prot\u00e9ique<\/strong>\u00a0pour restaurer les tissus musculaires endommag\u00e9s par l&rsquo;entra\u00eenement et les rendre plus gros, plus forts.<\/p>\n<h3>Matrice de prot\u00e9ines complexes :<\/h3>\n<p>Combinaison innovatrice de prot\u00e9ines compl\u00e8tes avec absorption d&rsquo;acides amin\u00e9s diff\u00e9rents et la cin\u00e9tique de lib\u00e9ration: WPC, WPI, WPH, cas\u00e9ine hydrolys\u00e9e et cas\u00e9ine micellaire.<\/p>\n<p>Les formes prot\u00e9iques brevet\u00e9es garantissent le niveau et la qualit\u00e9 les plus \u00e9lev\u00e9s de la mati\u00e8re premi\u00e8re utilis\u00e9e.<\/p>\n<p>Les prot\u00e9ines jouent un r\u00f4le dans la croissance et le maintien de la masse musculaire.<\/p>\n<p>Les prot\u00e9ines aident \u00e0 maintenir des os sains.<\/p>\n<h3>Combinaison intelligente entre les glucides \u00e0 cha\u00eene courte et moyenne :<\/h3>\n<p>Un m\u00e9lange de maltodextrine et de glucose peut varier les taux d&rsquo;\u00e9mission d&rsquo;\u00e9nergie, qui r\u00e9duit l&rsquo;augmentation non contr\u00f4l\u00e9e et excessive du glucose sanguin.<\/p>\n<p>Les suppl\u00e9ments de glucides apr\u00e8s l&rsquo;entra\u00eenement sont b\u00e9n\u00e9fiques pour restaurer le fonctionnement des muscles, la r\u00e9g\u00e9n\u00e9ration des r\u00e9serves \u00e9nerg\u00e9tiques \u00e9puis\u00e9es et la recombinaison des r\u00e9serves de glycog\u00e8ne \u00e9puis\u00e9es.<\/p>\n<h3>Levro Legendary Mass 6.8 Kg Utilisation :<\/h3>\n<p>Tel que mentionn\u00e9 pr\u00e9c\u00e9demment, le gainer doit \u00eatre prise entre les repas et apr\u00e8s l&rsquo;entra\u00eenement. Ces snacks Shaker permettent un apport en calories rapide et une assimilation facile.<\/p>\n<p>La dose recommand\u00e9e est de 50 g par collation\u00a0dans 300 \u00e0 350 ml d&rsquo;eau. La dose peut \u00eatre augment\u00e9e jusqu&rsquo;\u00e0 100g par collation \u00e0 mesure que le gain de poids progresse.<\/p>\n<h3>Levro LegendaryMass fonctionnera parfaitement en association avec :<\/h3>\n<p>La cr\u00e9atine, des acides amin\u00e9s BCAA ou des boosters de testost\u00e9rone. Le suppl\u00e9ment s&rsquo;adresse aux amateurs et aux professionnels.<\/p>\n<h3>Informations suppl\u00e9mentaires<\/h3>\n<p>Quantit\u00e9 pour\u00a0100 g :\u00a0\u00c9nergie 348 kcal | Prot\u00e9ines 84 g | Glucides 1,7 g | sucres 0,7 g |L-leucine 11,68 g | L-isoleucine 7,05 g | L-valine 6,5 g | Acides amin\u00e9s \u00e0 cha\u00eene ramifi\u00e9e (BCAA) 25,23 g.<\/p>\n<h3>Ingr\u00e9dients :<\/h3>\n<p>Whey protein isolate , cacao, caf\u00e9 instantan\u00e9, \u00e9paississant, anti-agglom\u00e9rant (E551), correcteur d&rsquo;acidit\u00e9 (E330), sel, ar\u00f4mes, jus concentr\u00e9 de betterave rouge, colorant [(E160a), (E163)], \u00e9dulcorants.<\/p>\n","protected":false},"excerpt":{"rendered":"<p>Levro Legendary Mass est une poudre de prot\u00e9ine con\u00e7ue pour aider les culturistes et les athl\u00e8tes \u00e0 augmenter leur masse musculaire. Cette formule de prot\u00e9ine hautement concentr\u00e9e contient une combinaison d&rsquo;isolat de prot\u00e9ine de lactos\u00e9rum, de cas\u00e9inate de calcium et de concentr\u00e9 de prot\u00e9ine de lactos\u00e9rum pour fournir une source de prot\u00e9ines rapide et durable. En plus des prot\u00e9ines, cette poudre de prot\u00e9ine contient \u00e9galement des glucides pour aider \u00e0 reconstituer les r\u00e9serves de glycog\u00e8ne, ce qui est essentiel pour la r\u00e9cup\u00e9ration apr\u00e8s une s\u00e9ance d&rsquo;entra\u00eenement intense.Conseil coach : Prenez deux portions de 100 g par jour, m\u00e9lang\u00e9es avec 300-350 ml d&rsquo;eau ou lait 2\/jr.<\/p>\n","protected":false},"featured_media":6800,"comment_status":"open","ping_status":"closed","template":"","meta":[],"product_cat":[59],"product_tag":[],"class_list":{"0":"post-6799","1":"product","2":"type-product","3":"status-publish","4":"has-post-thumbnail","6":"product_brand-kevin-levrone","7":"product_cat-weight-gainers","9":"first","10":"instock","11":"shipping-taxable","12":"purchasable","13":"product-type-simple"},"yoast_head":"<!-- This site is optimized with the Yoast SEO plugin v25.2 - https:\/\/yoast.com\/wordpress\/plugins\/seo\/ -->\n<title>KEVIN LEVRONE LEVRO LEGENDARY MASS 7KG - MR MASS<\/title>\n<meta name=\"description\" content=\"Levro Legendary Mass est une poudre de prot\u00e9ine con\u00e7ue pour aider les culturistes et les athl\u00e8tes \u00e0 augmenter leur masse musculaire. Cette formule de prot\u00e9ine hautement concentr\u00e9e contient une combinaison d&#039;isolat de prot\u00e9ine de lactos\u00e9rum, de cas\u00e9inate de calcium et de concentr\u00e9 de prot\u00e9ine de lactos\u00e9rum pour fournir une source de prot\u00e9ines rapide et durable. En plus des prot\u00e9ines, cette poudre de prot\u00e9ine contient \u00e9galement des glucides pour aider \u00e0 reconstituer les r\u00e9serves de glycog\u00e8ne, ce qui est essentiel pour la r\u00e9cup\u00e9ration apr\u00e8s une s\u00e9ance d&#039;entra\u00eenement intense.Conseil coach : Prenez deux portions de 100 g par jour, m\u00e9lang\u00e9es avec 300-350 ml d&#039;eau ou lait 2\/jr.\" \/>\n<meta name=\"robots\" content=\"index, follow, max-snippet:-1, max-image-preview:large, max-video-preview:-1\" \/>\n<link rel=\"canonical\" href=\"https:\/\/mr-mass.com\/?product=kevin-levrone-levro-legendary-mass-7kg\" \/>\n<meta property=\"og:locale\" content=\"fr_FR\" \/>\n<meta property=\"og:type\" content=\"article\" \/>\n<meta property=\"og:title\" content=\"KEVIN LEVRONE LEVRO LEGENDARY MASS 7KG - MR MASS\" \/>\n<meta property=\"og:description\" content=\"Levro Legendary Mass est une poudre de prot\u00e9ine con\u00e7ue pour aider les culturistes et les athl\u00e8tes \u00e0 augmenter leur masse musculaire. Cette formule de prot\u00e9ine hautement concentr\u00e9e contient une combinaison d&#039;isolat de prot\u00e9ine de lactos\u00e9rum, de cas\u00e9inate de calcium et de concentr\u00e9 de prot\u00e9ine de lactos\u00e9rum pour fournir une source de prot\u00e9ines rapide et durable. En plus des prot\u00e9ines, cette poudre de prot\u00e9ine contient \u00e9galement des glucides pour aider \u00e0 reconstituer les r\u00e9serves de glycog\u00e8ne, ce qui est essentiel pour la r\u00e9cup\u00e9ration apr\u00e8s une s\u00e9ance d&#039;entra\u00eenement intense.Conseil coach : Prenez deux portions de 100 g par jour, m\u00e9lang\u00e9es avec 300-350 ml d&#039;eau ou lait 2\/jr.\" \/>\n<meta property=\"og:url\" content=\"https:\/\/mr-mass.com\/?product=kevin-levrone-levro-legendary-mass-7kg\" \/>\n<meta property=\"og:site_name\" content=\"MR MASS\" \/>\n<meta property=\"article:modified_time\" content=\"2025-11-29T23:26:42+00:00\" \/>\n<meta property=\"og:image\" content=\"https:\/\/mr-mass.com\/wp-content\/uploads\/2025\/06\/261481bd-d43c-48f0-a923-b35b99cb43ac_768x768_ftt_90-e1749907691570.webp\" \/>\n\t<meta property=\"og:image:width\" content=\"500\" \/>\n\t<meta property=\"og:image:height\" content=\"500\" \/>\n\t<meta property=\"og:image:type\" content=\"image\/webp\" \/>\n<meta name=\"twitter:card\" content=\"summary_large_image\" \/>\n<meta name=\"twitter:label1\" content=\"Dur\u00e9e de lecture estim\u00e9e\" \/>\n\t<meta name=\"twitter:data1\" content=\"2 minutes\" \/>\n<script type=\"application\/ld+json\" class=\"yoast-schema-graph\">{\"@context\":\"https:\/\/schema.org\",\"@graph\":[{\"@type\":\"WebPage\",\"@id\":\"https:\/\/mr-mass.com\/?product=kevin-levrone-levro-legendary-mass-7kg\",\"url\":\"https:\/\/mr-mass.com\/?product=kevin-levrone-levro-legendary-mass-7kg\",\"name\":\"KEVIN LEVRONE LEVRO LEGENDARY MASS 7KG - MR MASS\",\"isPartOf\":{\"@id\":\"https:\/\/mr-mass.com\/#website\"},\"primaryImageOfPage\":{\"@id\":\"https:\/\/mr-mass.com\/?product=kevin-levrone-levro-legendary-mass-7kg#primaryimage\"},\"image\":{\"@id\":\"https:\/\/mr-mass.com\/?product=kevin-levrone-levro-legendary-mass-7kg#primaryimage\"},\"thumbnailUrl\":\"https:\/\/mr-mass.com\/wp-content\/uploads\/2025\/06\/261481bd-d43c-48f0-a923-b35b99cb43ac_768x768_ftt_90-e1749907691570.webp\",\"datePublished\":\"2025-06-14T13:32:06+00:00\",\"dateModified\":\"2025-11-29T23:26:42+00:00\",\"description\":\"Levro Legendary Mass est une poudre de prot\u00e9ine con\u00e7ue pour aider les culturistes et les athl\u00e8tes \u00e0 augmenter leur masse musculaire. Cette formule de prot\u00e9ine hautement concentr\u00e9e contient une combinaison d'isolat de prot\u00e9ine de lactos\u00e9rum, de cas\u00e9inate de calcium et de concentr\u00e9 de prot\u00e9ine de lactos\u00e9rum pour fournir une source de prot\u00e9ines rapide et durable. En plus des prot\u00e9ines, cette poudre de prot\u00e9ine contient \u00e9galement des glucides pour aider \u00e0 reconstituer les r\u00e9serves de glycog\u00e8ne, ce qui est essentiel pour la r\u00e9cup\u00e9ration apr\u00e8s une s\u00e9ance d'entra\u00eenement intense.Conseil coach : Prenez deux portions de 100 g par jour, m\u00e9lang\u00e9es avec 300-350 ml d'eau ou lait 2\/jr.\",\"breadcrumb\":{\"@id\":\"https:\/\/mr-mass.com\/?product=kevin-levrone-levro-legendary-mass-7kg#breadcrumb\"},\"inLanguage\":\"fr-FR\",\"potentialAction\":[{\"@type\":\"ReadAction\",\"target\":[\"https:\/\/mr-mass.com\/?product=kevin-levrone-levro-legendary-mass-7kg\"]}]},{\"@type\":\"ImageObject\",\"inLanguage\":\"fr-FR\",\"@id\":\"https:\/\/mr-mass.com\/?product=kevin-levrone-levro-legendary-mass-7kg#primaryimage\",\"url\":\"https:\/\/mr-mass.com\/wp-content\/uploads\/2025\/06\/261481bd-d43c-48f0-a923-b35b99cb43ac_768x768_ftt_90-e1749907691570.webp\",\"contentUrl\":\"https:\/\/mr-mass.com\/wp-content\/uploads\/2025\/06\/261481bd-d43c-48f0-a923-b35b99cb43ac_768x768_ftt_90-e1749907691570.webp\",\"width\":500,\"height\":500},{\"@type\":\"BreadcrumbList\",\"@id\":\"https:\/\/mr-mass.com\/?product=kevin-levrone-levro-legendary-mass-7kg#breadcrumb\",\"itemListElement\":[{\"@type\":\"ListItem\",\"position\":1,\"name\":\"Home\",\"item\":\"https:\/\/mr-mass.com\/\"},{\"@type\":\"ListItem\",\"position\":2,\"name\":\"Boutique\",\"item\":\"https:\/\/mr-mass.com\/?page_id=8\"},{\"@type\":\"ListItem\",\"position\":3,\"name\":\"KEVIN LEVRONE LEVRO LEGENDARY MASS 7KG\"}]},{\"@type\":\"WebSite\",\"@id\":\"https:\/\/mr-mass.com\/#website\",\"url\":\"https:\/\/mr-mass.com\/\",\"name\":\"MR MASS\",\"description\":\"\",\"publisher\":{\"@id\":\"https:\/\/mr-mass.com\/#organization\"},\"potentialAction\":[{\"@type\":\"SearchAction\",\"target\":{\"@type\":\"EntryPoint\",\"urlTemplate\":\"https:\/\/mr-mass.com\/?s={search_term_string}\"},\"query-input\":{\"@type\":\"PropertyValueSpecification\",\"valueRequired\":true,\"valueName\":\"search_term_string\"}}],\"inLanguage\":\"fr-FR\"},{\"@type\":\"Organization\",\"@id\":\"https:\/\/mr-mass.com\/#organization\",\"name\":\"MR MASS\",\"url\":\"https:\/\/mr-mass.com\/\",\"logo\":{\"@type\":\"ImageObject\",\"inLanguage\":\"fr-FR\",\"@id\":\"https:\/\/mr-mass.com\/#\/schema\/logo\/image\/\",\"url\":\"https:\/\/mr-mass.com\/wp-content\/uploads\/2025\/06\/cropped-417524477_413976367821865_6357673664813295189_n-removebg-preview.png\",\"contentUrl\":\"https:\/\/mr-mass.com\/wp-content\/uploads\/2025\/06\/cropped-417524477_413976367821865_6357673664813295189_n-removebg-preview.png\",\"width\":500,\"height\":436,\"caption\":\"MR MASS\"},\"image\":{\"@id\":\"https:\/\/mr-mass.com\/#\/schema\/logo\/image\/\"}}]}<\/script>\n<!-- \/ Yoast SEO plugin. -->","yoast_head_json":{"title":"KEVIN LEVRONE LEVRO LEGENDARY MASS 7KG - MR MASS","description":"Levro Legendary Mass est une poudre de prot\u00e9ine con\u00e7ue pour aider les culturistes et les athl\u00e8tes \u00e0 augmenter leur masse musculaire. Cette formule de prot\u00e9ine hautement concentr\u00e9e contient une combinaison d'isolat de prot\u00e9ine de lactos\u00e9rum, de cas\u00e9inate de calcium et de concentr\u00e9 de prot\u00e9ine de lactos\u00e9rum pour fournir une source de prot\u00e9ines rapide et durable. En plus des prot\u00e9ines, cette poudre de prot\u00e9ine contient \u00e9galement des glucides pour aider \u00e0 reconstituer les r\u00e9serves de glycog\u00e8ne, ce qui est essentiel pour la r\u00e9cup\u00e9ration apr\u00e8s une s\u00e9ance d'entra\u00eenement intense.Conseil coach : Prenez deux portions de 100 g par jour, m\u00e9lang\u00e9es avec 300-350 ml d'eau ou lait 2\/jr.","robots":{"index":"index","follow":"follow","max-snippet":"max-snippet:-1","max-image-preview":"max-image-preview:large","max-video-preview":"max-video-preview:-1"},"canonical":"https:\/\/mr-mass.com\/?product=kevin-levrone-levro-legendary-mass-7kg","og_locale":"fr_FR","og_type":"article","og_title":"KEVIN LEVRONE LEVRO LEGENDARY MASS 7KG - MR MASS","og_description":"Levro Legendary Mass est une poudre de prot\u00e9ine con\u00e7ue pour aider les culturistes et les athl\u00e8tes \u00e0 augmenter leur masse musculaire. Cette formule de prot\u00e9ine hautement concentr\u00e9e contient une combinaison d'isolat de prot\u00e9ine de lactos\u00e9rum, de cas\u00e9inate de calcium et de concentr\u00e9 de prot\u00e9ine de lactos\u00e9rum pour fournir une source de prot\u00e9ines rapide et durable. En plus des prot\u00e9ines, cette poudre de prot\u00e9ine contient \u00e9galement des glucides pour aider \u00e0 reconstituer les r\u00e9serves de glycog\u00e8ne, ce qui est essentiel pour la r\u00e9cup\u00e9ration apr\u00e8s une s\u00e9ance d'entra\u00eenement intense.Conseil coach : Prenez deux portions de 100 g par jour, m\u00e9lang\u00e9es avec 300-350 ml d'eau ou lait 2\/jr.","og_url":"https:\/\/mr-mass.com\/?product=kevin-levrone-levro-legendary-mass-7kg","og_site_name":"MR MASS","article_modified_time":"2025-11-29T23:26:42+00:00","og_image":[{"width":500,"height":500,"url":"https:\/\/mr-mass.com\/wp-content\/uploads\/2025\/06\/261481bd-d43c-48f0-a923-b35b99cb43ac_768x768_ftt_90-e1749907691570.webp","type":"image\/webp"}],"twitter_card":"summary_large_image","twitter_misc":{"Dur\u00e9e de lecture estim\u00e9e":"2 minutes"},"schema":{"@context":"https:\/\/schema.org","@graph":[{"@type":"WebPage","@id":"https:\/\/mr-mass.com\/?product=kevin-levrone-levro-legendary-mass-7kg","url":"https:\/\/mr-mass.com\/?product=kevin-levrone-levro-legendary-mass-7kg","name":"KEVIN LEVRONE LEVRO LEGENDARY MASS 7KG - MR MASS","isPartOf":{"@id":"https:\/\/mr-mass.com\/#website"},"primaryImageOfPage":{"@id":"https:\/\/mr-mass.com\/?product=kevin-levrone-levro-legendary-mass-7kg#primaryimage"},"image":{"@id":"https:\/\/mr-mass.com\/?product=kevin-levrone-levro-legendary-mass-7kg#primaryimage"},"thumbnailUrl":"https:\/\/mr-mass.com\/wp-content\/uploads\/2025\/06\/261481bd-d43c-48f0-a923-b35b99cb43ac_768x768_ftt_90-e1749907691570.webp","datePublished":"2025-06-14T13:32:06+00:00","dateModified":"2025-11-29T23:26:42+00:00","description":"Levro Legendary Mass est une poudre de prot\u00e9ine con\u00e7ue pour aider les culturistes et les athl\u00e8tes \u00e0 augmenter leur masse musculaire. Cette formule de prot\u00e9ine hautement concentr\u00e9e contient une combinaison d'isolat de prot\u00e9ine de lactos\u00e9rum, de cas\u00e9inate de calcium et de concentr\u00e9 de prot\u00e9ine de lactos\u00e9rum pour fournir une source de prot\u00e9ines rapide et durable. En plus des prot\u00e9ines, cette poudre de prot\u00e9ine contient \u00e9galement des glucides pour aider \u00e0 reconstituer les r\u00e9serves de glycog\u00e8ne, ce qui est essentiel pour la r\u00e9cup\u00e9ration apr\u00e8s une s\u00e9ance d'entra\u00eenement intense.Conseil coach : Prenez deux portions de 100 g par jour, m\u00e9lang\u00e9es avec 300-350 ml d'eau ou lait 2\/jr.","breadcrumb":{"@id":"https:\/\/mr-mass.com\/?product=kevin-levrone-levro-legendary-mass-7kg#breadcrumb"},"inLanguage":"fr-FR","potentialAction":[{"@type":"ReadAction","target":["https:\/\/mr-mass.com\/?product=kevin-levrone-levro-legendary-mass-7kg"]}]},{"@type":"ImageObject","inLanguage":"fr-FR","@id":"https:\/\/mr-mass.com\/?product=kevin-levrone-levro-legendary-mass-7kg#primaryimage","url":"https:\/\/mr-mass.com\/wp-content\/uploads\/2025\/06\/261481bd-d43c-48f0-a923-b35b99cb43ac_768x768_ftt_90-e1749907691570.webp","contentUrl":"https:\/\/mr-mass.com\/wp-content\/uploads\/2025\/06\/261481bd-d43c-48f0-a923-b35b99cb43ac_768x768_ftt_90-e1749907691570.webp","width":500,"height":500},{"@type":"BreadcrumbList","@id":"https:\/\/mr-mass.com\/?product=kevin-levrone-levro-legendary-mass-7kg#breadcrumb","itemListElement":[{"@type":"ListItem","position":1,"name":"Home","item":"https:\/\/mr-mass.com\/"},{"@type":"ListItem","position":2,"name":"Boutique","item":"https:\/\/mr-mass.com\/?page_id=8"},{"@type":"ListItem","position":3,"name":"KEVIN LEVRONE LEVRO LEGENDARY MASS 7KG"}]},{"@type":"WebSite","@id":"https:\/\/mr-mass.com\/#website","url":"https:\/\/mr-mass.com\/","name":"MR MASS","description":"","publisher":{"@id":"https:\/\/mr-mass.com\/#organization"},"potentialAction":[{"@type":"SearchAction","target":{"@type":"EntryPoint","urlTemplate":"https:\/\/mr-mass.com\/?s={search_term_string}"},"query-input":{"@type":"PropertyValueSpecification","valueRequired":true,"valueName":"search_term_string"}}],"inLanguage":"fr-FR"},{"@type":"Organization","@id":"https:\/\/mr-mass.com\/#organization","name":"MR MASS","url":"https:\/\/mr-mass.com\/","logo":{"@type":"ImageObject","inLanguage":"fr-FR","@id":"https:\/\/mr-mass.com\/#\/schema\/logo\/image\/","url":"https:\/\/mr-mass.com\/wp-content\/uploads\/2025\/06\/cropped-417524477_413976367821865_6357673664813295189_n-removebg-preview.png","contentUrl":"https:\/\/mr-mass.com\/wp-content\/uploads\/2025\/06\/cropped-417524477_413976367821865_6357673664813295189_n-removebg-preview.png","width":500,"height":436,"caption":"MR MASS"},"image":{"@id":"https:\/\/mr-mass.com\/#\/schema\/logo\/image\/"}}]}},"jetpack_sharing_enabled":true,"_links":{"self":[{"href":"https:\/\/mr-mass.com\/index.php?rest_route=\/wp\/v2\/product\/6799","targetHints":{"allow":["GET"]}}],"collection":[{"href":"https:\/\/mr-mass.com\/index.php?rest_route=\/wp\/v2\/product"}],"about":[{"href":"https:\/\/mr-mass.com\/index.php?rest_route=\/wp\/v2\/types\/product"}],"replies":[{"embeddable":true,"href":"https:\/\/mr-mass.com\/index.php?rest_route=%2Fwp%2Fv2%2Fcomments&post=6799"}],"wp:featuredmedia":[{"embeddable":true,"href":"https:\/\/mr-mass.com\/index.php?rest_route=\/wp\/v2\/media\/6800"}],"wp:attachment":[{"href":"https:\/\/mr-mass.com\/index.php?rest_route=%2Fwp%2Fv2%2Fmedia&parent=6799"}],"wp:term":[{"taxonomy":"product_cat","embeddable":true,"href":"https:\/\/mr-mass.com\/index.php?rest_route=%2Fwp%2Fv2%2Fproduct_cat&post=6799"},{"taxonomy":"product_tag","embeddable":true,"href":"https:\/\/mr-mass.com\/index.php?rest_route=%2Fwp%2Fv2%2Fproduct_tag&post=6799"}],"curies":[{"name":"wp","href":"https:\/\/api.w.org\/{rel}","templated":true}]}}