{"id":6835,"date":"2025-06-17T15:15:07","date_gmt":"2025-06-17T13:15:07","guid":{"rendered":"https:\/\/mr-mass.com\/?post_type=product&#038;p=6835"},"modified":"2025-09-02T18:07:11","modified_gmt":"2025-09-02T16:07:11","slug":"essential-gainer-3kg","status":"publish","type":"product","link":"https:\/\/mr-mass.com\/?product=essential-gainer-3kg","title":{"rendered":"Essential Gainer 3kg"},"content":{"rendered":"<p>Essential Gainer est une pr\u00e9paration hautement \u00e9quilibr\u00e9e et compl\u00e8te, fabriqu\u00e9e enti\u00e8rement \u00e0 partir d\u2019ingr\u00e9dients strictement naturels.<\/p>\n<p>C\u2019est une formule simple et puissante qui combine des prot\u00e9ines et des glucides de haute qualit\u00e9, notamment de la prot\u00e9ine de lactos\u00e9rum concentr\u00e9e native, de l\u2019avoine et des glucides d\u2019origine v\u00e9g\u00e9tale. Ce suppl\u00e9ment de prise de poids est tr\u00e8s populaire chez les personnes ayant des difficult\u00e9s \u00e0 augmenter leur poids corporel. De plus, il peut \u00eatre utilis\u00e9 de mani\u00e8re b\u00e9n\u00e9fique par les athl\u00e8tes de tous types, ind\u00e9pendamment de leurs objectifs \u00e9nerg\u00e9tiques.<\/p>\n<p>Consomm\u00e9 apr\u00e8s un entra\u00eenement, ce complexe de prot\u00e9ines et de glucides r\u00e9approvisionne rapidement les r\u00e9serves de glycog\u00e8ne et stimule la fonction anabolique. Associ\u00e9 \u00e0 un plan alimentaire bien structur\u00e9, Essential Gainer favorise une prise de poids saine et efficace en augmentant la densit\u00e9 d\u2019\u00e9nergie quotidienne. Chaque portion de 100 g fournit l\u2019\u00e9quivalent de 32 g de prot\u00e9ines, 48 g de glucides et un total de 363 calories.<\/p>\n<p>Ce produit est l\u2019un des meilleurs sur le march\u00e9 pour plusieurs raisons, notamment pour sa combinaison non conventionnelle de prot\u00e9ines de lactos\u00e9rum natives et d\u2019avoine, son ratio parfaitement \u00e9quilibr\u00e9 de glucides et de prot\u00e9ines de 60:40 et sa charge glyc\u00e9mique physiologiquement appropri\u00e9e de 30, ainsi que pour sa formule naturelle sans additifs artificiels.<\/p>\n<p><strong>PREPARATION<\/strong><\/p>\n<p>Pour pr\u00e9parer, secouez vigoureusement trois cuill\u00e8res ou 100 g d\u2019Essential Gainer dans 300 ml de lait entier. Attendez une minute avant de consommer.<\/p>\n<p><strong>CONSEIL DE PRISE<\/strong><\/p>\n<p>Essential Gainer peut \u00eatre appr\u00e9ci\u00e9 en tant que collation \u00e9nerg\u00e9tique avant un entra\u00eenement ou comme boisson de r\u00e9cup\u00e9ration apr\u00e8s un entra\u00eenement, ou m\u00eame comme shake riche en calories pour le petit d\u00e9jeuner.<\/p>\n<p>Pour de meilleurs r\u00e9sultats, prenez une \u00e0 deux doses par jour en fonction des besoins caloriques et objectifs individuels.<\/p>\n<p><strong>INGREDIENTS<\/strong><\/p>\n<p>Concentr\u00e9 Natif de Prot\u00e9ines de Lactos\u00e9rum (avec L\u00e9cithine de Tournesol), Avoine Complet Moulu (Qualit\u00e9 instantan\u00e9e), Maltodextrine DE19, Dextrose (Ma\u00efs), Cacao alacinis\u00e9 en Poudre*, Ar\u00f4mes, Sel*, \u00c9paississant (Carboxym\u00e9thylcellulose V\u00e9g\u00e9tale), \u00c9dulcorant (Sucralose).<\/p>\n<p>*Saveur Chocolat uniquement<\/p>\n<p>Sans Aspartame. Sans Colorants Artificiels. Sans Conservateurs.<\/p>\n<table width=\"393\">\n<tbody>\n<tr>\n<td width=\"150\">Analyse nutritionnelle<\/td>\n<td width=\"156\"><strong>Pour 1 Portion<\/strong><\/td>\n<\/tr>\n<tr>\n<td>Energie<\/td>\n<td>363,5 kcal<\/td>\n<\/tr>\n<tr>\n<td><strong>Lipides Totaux<\/strong><\/td>\n<td><strong>4,7g<\/strong><\/td>\n<\/tr>\n<tr>\n<td>Dont Satur\u00e9s<\/td>\n<td>2g<\/td>\n<\/tr>\n<tr>\n<td><strong>Sodium<\/strong><\/td>\n<td><strong>60mg<\/strong><\/td>\n<\/tr>\n<tr>\n<td><strong>Carbohydrates Totaux<\/strong><\/td>\n<td><strong>48,3g<\/strong><\/td>\n<\/tr>\n<tr>\n<td>Fibres Alimentaires<\/td>\n<td>4,5g<\/td>\n<\/tr>\n<tr>\n<td>Sucres Totaux<\/td>\n<td>17,2g<\/td>\n<\/tr>\n<tr>\n<td><strong>Prot\u00e9ine<\/strong><\/td>\n<td><strong>32g<\/strong><\/td>\n<\/tr>\n<\/tbody>\n<\/table>\n","protected":false},"excerpt":{"rendered":"<p><strong>Le Weight Gainer le plus concentr\u00e9 en Prot\u00e9ines avec un taux record de 32% !<\/strong><\/p>\n","protected":false},"featured_media":6838,"comment_status":"open","ping_status":"closed","template":"","meta":[],"product_cat":[50,59],"product_tag":[],"class_list":{"0":"post-6835","1":"product","2":"type-product","3":"status-publish","4":"has-post-thumbnail","6":"product_brand-impact-sport-nutrition","7":"product_cat-protein","8":"product_cat-weight-gainers","10":"first","11":"outofstock","12":"sale","13":"shipping-taxable","14":"purchasable","15":"product-type-simple"},"yoast_head":"<!-- This site is optimized with the Yoast SEO plugin v25.2 - https:\/\/yoast.com\/wordpress\/plugins\/seo\/ -->\n<title>Essential Gainer 3kg - MR MASS<\/title>\n<meta name=\"description\" content=\"Le Weight Gainer le plus concentr\u00e9 en Prot\u00e9ines avec un taux record de 32% !\" \/>\n<meta name=\"robots\" content=\"index, follow, max-snippet:-1, max-image-preview:large, max-video-preview:-1\" \/>\n<link rel=\"canonical\" href=\"https:\/\/mr-mass.com\/?product=essential-gainer-3kg\" \/>\n<meta property=\"og:locale\" content=\"fr_FR\" \/>\n<meta property=\"og:type\" content=\"article\" \/>\n<meta property=\"og:title\" content=\"Essential Gainer 3kg - MR MASS\" \/>\n<meta property=\"og:description\" content=\"Le Weight Gainer le plus concentr\u00e9 en Prot\u00e9ines avec un taux record de 32% !\" \/>\n<meta property=\"og:url\" content=\"https:\/\/mr-mass.com\/?product=essential-gainer-3kg\" \/>\n<meta property=\"og:site_name\" content=\"MR MASS\" \/>\n<meta property=\"article:modified_time\" content=\"2025-09-02T16:07:11+00:00\" \/>\n<meta property=\"og:image\" content=\"https:\/\/mr-mass.com\/wp-content\/uploads\/2025\/06\/ESSENTIAL-GAINER-CHOCOLATE-e1750166182889.jpg\" \/>\n\t<meta property=\"og:image:width\" content=\"500\" \/>\n\t<meta property=\"og:image:height\" content=\"500\" \/>\n\t<meta property=\"og:image:type\" content=\"image\/jpeg\" \/>\n<meta name=\"twitter:card\" content=\"summary_large_image\" \/>\n<meta name=\"twitter:label1\" content=\"Dur\u00e9e de lecture estim\u00e9e\" \/>\n\t<meta name=\"twitter:data1\" content=\"3 minutes\" \/>\n<script type=\"application\/ld+json\" class=\"yoast-schema-graph\">{\"@context\":\"https:\/\/schema.org\",\"@graph\":[{\"@type\":\"WebPage\",\"@id\":\"https:\/\/mr-mass.com\/?product=essential-gainer-3kg\",\"url\":\"https:\/\/mr-mass.com\/?product=essential-gainer-3kg\",\"name\":\"Essential Gainer 3kg - MR MASS\",\"isPartOf\":{\"@id\":\"https:\/\/mr-mass.com\/#website\"},\"primaryImageOfPage\":{\"@id\":\"https:\/\/mr-mass.com\/?product=essential-gainer-3kg#primaryimage\"},\"image\":{\"@id\":\"https:\/\/mr-mass.com\/?product=essential-gainer-3kg#primaryimage\"},\"thumbnailUrl\":\"https:\/\/mr-mass.com\/wp-content\/uploads\/2025\/06\/ESSENTIAL-GAINER-CHOCOLATE-e1750166182889.jpg\",\"datePublished\":\"2025-06-17T13:15:07+00:00\",\"dateModified\":\"2025-09-02T16:07:11+00:00\",\"description\":\"Le Weight Gainer le plus concentr\u00e9 en Prot\u00e9ines avec un taux record de 32% !\",\"breadcrumb\":{\"@id\":\"https:\/\/mr-mass.com\/?product=essential-gainer-3kg#breadcrumb\"},\"inLanguage\":\"fr-FR\",\"potentialAction\":[{\"@type\":\"ReadAction\",\"target\":[\"https:\/\/mr-mass.com\/?product=essential-gainer-3kg\"]}]},{\"@type\":\"ImageObject\",\"inLanguage\":\"fr-FR\",\"@id\":\"https:\/\/mr-mass.com\/?product=essential-gainer-3kg#primaryimage\",\"url\":\"https:\/\/mr-mass.com\/wp-content\/uploads\/2025\/06\/ESSENTIAL-GAINER-CHOCOLATE-e1750166182889.jpg\",\"contentUrl\":\"https:\/\/mr-mass.com\/wp-content\/uploads\/2025\/06\/ESSENTIAL-GAINER-CHOCOLATE-e1750166182889.jpg\",\"width\":500,\"height\":500},{\"@type\":\"BreadcrumbList\",\"@id\":\"https:\/\/mr-mass.com\/?product=essential-gainer-3kg#breadcrumb\",\"itemListElement\":[{\"@type\":\"ListItem\",\"position\":1,\"name\":\"Home\",\"item\":\"https:\/\/mr-mass.com\/\"},{\"@type\":\"ListItem\",\"position\":2,\"name\":\"Boutique\",\"item\":\"https:\/\/mr-mass.com\/?page_id=8\"},{\"@type\":\"ListItem\",\"position\":3,\"name\":\"Essential Gainer 3kg\"}]},{\"@type\":\"WebSite\",\"@id\":\"https:\/\/mr-mass.com\/#website\",\"url\":\"https:\/\/mr-mass.com\/\",\"name\":\"MR MASS\",\"description\":\"\",\"publisher\":{\"@id\":\"https:\/\/mr-mass.com\/#organization\"},\"potentialAction\":[{\"@type\":\"SearchAction\",\"target\":{\"@type\":\"EntryPoint\",\"urlTemplate\":\"https:\/\/mr-mass.com\/?s={search_term_string}\"},\"query-input\":{\"@type\":\"PropertyValueSpecification\",\"valueRequired\":true,\"valueName\":\"search_term_string\"}}],\"inLanguage\":\"fr-FR\"},{\"@type\":\"Organization\",\"@id\":\"https:\/\/mr-mass.com\/#organization\",\"name\":\"MR MASS\",\"url\":\"https:\/\/mr-mass.com\/\",\"logo\":{\"@type\":\"ImageObject\",\"inLanguage\":\"fr-FR\",\"@id\":\"https:\/\/mr-mass.com\/#\/schema\/logo\/image\/\",\"url\":\"https:\/\/mr-mass.com\/wp-content\/uploads\/2025\/06\/cropped-417524477_413976367821865_6357673664813295189_n-removebg-preview.png\",\"contentUrl\":\"https:\/\/mr-mass.com\/wp-content\/uploads\/2025\/06\/cropped-417524477_413976367821865_6357673664813295189_n-removebg-preview.png\",\"width\":500,\"height\":436,\"caption\":\"MR MASS\"},\"image\":{\"@id\":\"https:\/\/mr-mass.com\/#\/schema\/logo\/image\/\"}}]}<\/script>\n<!-- \/ Yoast SEO plugin. -->","yoast_head_json":{"title":"Essential Gainer 3kg - MR MASS","description":"Le Weight Gainer le plus concentr\u00e9 en Prot\u00e9ines avec un taux record de 32% !","robots":{"index":"index","follow":"follow","max-snippet":"max-snippet:-1","max-image-preview":"max-image-preview:large","max-video-preview":"max-video-preview:-1"},"canonical":"https:\/\/mr-mass.com\/?product=essential-gainer-3kg","og_locale":"fr_FR","og_type":"article","og_title":"Essential Gainer 3kg - MR MASS","og_description":"Le Weight Gainer le plus concentr\u00e9 en Prot\u00e9ines avec un taux record de 32% !","og_url":"https:\/\/mr-mass.com\/?product=essential-gainer-3kg","og_site_name":"MR MASS","article_modified_time":"2025-09-02T16:07:11+00:00","og_image":[{"width":500,"height":500,"url":"https:\/\/mr-mass.com\/wp-content\/uploads\/2025\/06\/ESSENTIAL-GAINER-CHOCOLATE-e1750166182889.jpg","type":"image\/jpeg"}],"twitter_card":"summary_large_image","twitter_misc":{"Dur\u00e9e de lecture estim\u00e9e":"3 minutes"},"schema":{"@context":"https:\/\/schema.org","@graph":[{"@type":"WebPage","@id":"https:\/\/mr-mass.com\/?product=essential-gainer-3kg","url":"https:\/\/mr-mass.com\/?product=essential-gainer-3kg","name":"Essential Gainer 3kg - MR MASS","isPartOf":{"@id":"https:\/\/mr-mass.com\/#website"},"primaryImageOfPage":{"@id":"https:\/\/mr-mass.com\/?product=essential-gainer-3kg#primaryimage"},"image":{"@id":"https:\/\/mr-mass.com\/?product=essential-gainer-3kg#primaryimage"},"thumbnailUrl":"https:\/\/mr-mass.com\/wp-content\/uploads\/2025\/06\/ESSENTIAL-GAINER-CHOCOLATE-e1750166182889.jpg","datePublished":"2025-06-17T13:15:07+00:00","dateModified":"2025-09-02T16:07:11+00:00","description":"Le Weight Gainer le plus concentr\u00e9 en Prot\u00e9ines avec un taux record de 32% !","breadcrumb":{"@id":"https:\/\/mr-mass.com\/?product=essential-gainer-3kg#breadcrumb"},"inLanguage":"fr-FR","potentialAction":[{"@type":"ReadAction","target":["https:\/\/mr-mass.com\/?product=essential-gainer-3kg"]}]},{"@type":"ImageObject","inLanguage":"fr-FR","@id":"https:\/\/mr-mass.com\/?product=essential-gainer-3kg#primaryimage","url":"https:\/\/mr-mass.com\/wp-content\/uploads\/2025\/06\/ESSENTIAL-GAINER-CHOCOLATE-e1750166182889.jpg","contentUrl":"https:\/\/mr-mass.com\/wp-content\/uploads\/2025\/06\/ESSENTIAL-GAINER-CHOCOLATE-e1750166182889.jpg","width":500,"height":500},{"@type":"BreadcrumbList","@id":"https:\/\/mr-mass.com\/?product=essential-gainer-3kg#breadcrumb","itemListElement":[{"@type":"ListItem","position":1,"name":"Home","item":"https:\/\/mr-mass.com\/"},{"@type":"ListItem","position":2,"name":"Boutique","item":"https:\/\/mr-mass.com\/?page_id=8"},{"@type":"ListItem","position":3,"name":"Essential Gainer 3kg"}]},{"@type":"WebSite","@id":"https:\/\/mr-mass.com\/#website","url":"https:\/\/mr-mass.com\/","name":"MR MASS","description":"","publisher":{"@id":"https:\/\/mr-mass.com\/#organization"},"potentialAction":[{"@type":"SearchAction","target":{"@type":"EntryPoint","urlTemplate":"https:\/\/mr-mass.com\/?s={search_term_string}"},"query-input":{"@type":"PropertyValueSpecification","valueRequired":true,"valueName":"search_term_string"}}],"inLanguage":"fr-FR"},{"@type":"Organization","@id":"https:\/\/mr-mass.com\/#organization","name":"MR MASS","url":"https:\/\/mr-mass.com\/","logo":{"@type":"ImageObject","inLanguage":"fr-FR","@id":"https:\/\/mr-mass.com\/#\/schema\/logo\/image\/","url":"https:\/\/mr-mass.com\/wp-content\/uploads\/2025\/06\/cropped-417524477_413976367821865_6357673664813295189_n-removebg-preview.png","contentUrl":"https:\/\/mr-mass.com\/wp-content\/uploads\/2025\/06\/cropped-417524477_413976367821865_6357673664813295189_n-removebg-preview.png","width":500,"height":436,"caption":"MR MASS"},"image":{"@id":"https:\/\/mr-mass.com\/#\/schema\/logo\/image\/"}}]}},"jetpack_sharing_enabled":true,"_links":{"self":[{"href":"https:\/\/mr-mass.com\/index.php?rest_route=\/wp\/v2\/product\/6835","targetHints":{"allow":["GET"]}}],"collection":[{"href":"https:\/\/mr-mass.com\/index.php?rest_route=\/wp\/v2\/product"}],"about":[{"href":"https:\/\/mr-mass.com\/index.php?rest_route=\/wp\/v2\/types\/product"}],"replies":[{"embeddable":true,"href":"https:\/\/mr-mass.com\/index.php?rest_route=%2Fwp%2Fv2%2Fcomments&post=6835"}],"wp:featuredmedia":[{"embeddable":true,"href":"https:\/\/mr-mass.com\/index.php?rest_route=\/wp\/v2\/media\/6838"}],"wp:attachment":[{"href":"https:\/\/mr-mass.com\/index.php?rest_route=%2Fwp%2Fv2%2Fmedia&parent=6835"}],"wp:term":[{"taxonomy":"product_cat","embeddable":true,"href":"https:\/\/mr-mass.com\/index.php?rest_route=%2Fwp%2Fv2%2Fproduct_cat&post=6835"},{"taxonomy":"product_tag","embeddable":true,"href":"https:\/\/mr-mass.com\/index.php?rest_route=%2Fwp%2Fv2%2Fproduct_tag&post=6835"}],"curies":[{"name":"wp","href":"https:\/\/api.w.org\/{rel}","templated":true}]}}