{"id":6839,"date":"2025-06-17T15:30:41","date_gmt":"2025-06-17T13:30:41","guid":{"rendered":"https:\/\/mr-mass.com\/?post_type=product&#038;p=6839"},"modified":"2026-03-07T16:57:40","modified_gmt":"2026-03-07T15:57:40","slug":"real-mass-68kg","status":"publish","type":"product","link":"https:\/\/mr-mass.com\/?product=real-mass-68kg","title":{"rendered":"Real Mass | 6,8kg"},"content":{"rendered":"<h2>\ud83e\udd63 Ingr\u00e9dients Cl\u00e9s<\/h2>\n<ol>\n<li><strong>Sources de prot\u00e9ines :<\/strong>\u00a0concentr\u00e9, isolat et hydrolysat de lactos\u00e9rum, cas\u00e9ine micellaire<\/li>\n<li><strong>Glucides complexes et simples :<\/strong>\u00a0maltodextrine, amidon de riz, fructose, dextrose<\/li>\n<li><strong>BCAA<\/strong>\u00a0: 17,42 g pour 100 g de prot\u00e9ines<\/li>\n<li><strong>EAA<\/strong>\u00a0(Acides Amin\u00e9s Essentiels) : 37,19 g pour 100 g de prot\u00e9ines<\/li>\n<li><strong>Glutamine<\/strong>\u00a0(estim\u00e9e) : 14,03 g pour 100 g de prot\u00e9ines<\/li>\n<li>\u00c9paississant naturel : gomme xanthane<\/li>\n<li>Ar\u00f4mes et colorants naturels pour une meilleure saveur<\/li>\n<\/ol>\n<h3>\ud83c\udfcb\ufe0f\u200d\u2642\ufe0f Mode d\u2019emploi Dose recommand\u00e9e :<\/h3>\n<ol>\n<li>75 g (2 cuill\u00e8res) M\u00e9lange : avec 150-250 ml d\u2019eau ou de lait<\/li>\n<li>Fr\u00e9quence : jusqu&rsquo;\u00e0 4 fois par jour selon les besoins<\/li>\n<li>Ne pas d\u00e9passer 300 g par jour<\/li>\n<\/ol>\n<h4>Ingr\u00e9dients :<\/h4>\n<p>Isolat de prot\u00e9ine de lactos\u00e9rum, hydrolysat de prot\u00e9ine de lactos\u00e9rum, concentr\u00e9 de prot\u00e9ine de lactos\u00e9rum, maltodextrine, dextrose micronis\u00e9, amidon de riz, fructose, cacao (pour le go\u00fbt chocolat), cas\u00e9ine micellaire, \u00e9paississant &#8211; gomme xanthane, ar\u00f4mes, colorants (b\u00eata carot\u00e8ne pour le go\u00fbt vanille, banane, caramel poudre pour l&rsquo;ar\u00f4me caramel, concentr\u00e9 de betterave rouge pour le go\u00fbt chocolat, rouge cochenille pour l&rsquo;ar\u00f4me fraise).<\/p>\n<h5>Notez bien :<\/h5>\n<p>D\u00e9conseill\u00e9 aux femmes enceintes, aux m\u00e8res allaitantes, aux enfants et aux personnes allergiques \u00e0 l&rsquo;un des composants du produit. Ne pas d\u00e9passer la dose journali\u00e8re recommand\u00e9e. Conserver dans un endroit sec et sombre inaccessible aux jeunes enfants.<\/p>\n","protected":false},"excerpt":{"rendered":"<h2>Gainer Haute Performance pour la Prise de Masse<\/h2>\n<p><strong>Real Mass 6.8kg<\/strong>\u00a0est une formule avanc\u00e9e con\u00e7ue pour soutenir une prise de masse musculaire efficace. Avec un m\u00e9lange optimal de prot\u00e9ines, de glucides et d\u2019acides amin\u00e9s essentiels, ce gainer offre l\u2019apport calorique et nutritionnel n\u00e9cessaire pour d\u00e9velopper la musculature et am\u00e9liorer la r\u00e9cup\u00e9ration apr\u00e8s l\u2019entra\u00eenement.<\/p>\n<ul>\n<li>Conseil coach: Dissoudre 75 g dans 150-250 ml d&rsquo;eau . Prendre 2 fois par jour.<\/li>\n<\/ul>\n","protected":false},"featured_media":6840,"comment_status":"open","ping_status":"closed","template":"","meta":[],"product_cat":[59],"product_tag":[],"class_list":{"0":"post-6839","1":"product","2":"type-product","3":"status-publish","4":"has-post-thumbnail","6":"product_brand-real-pharm","7":"product_cat-weight-gainers","9":"first","10":"instock","11":"shipping-taxable","12":"purchasable","13":"product-type-simple"},"yoast_head":"<!-- This site is optimized with the Yoast SEO plugin v25.2 - https:\/\/yoast.com\/wordpress\/plugins\/seo\/ -->\n<title>Real Mass | 6,8kg - MR MASS<\/title>\n<meta name=\"description\" content=\"Gainer Haute Performance pour la Prise de MasseReal Mass 6.8kg est une formule avanc\u00e9e con\u00e7ue pour soutenir une prise de masse musculaire efficace. Avec un m\u00e9lange optimal de prot\u00e9ines, de glucides et d\u2019acides amin\u00e9s essentiels, ce gainer offre l\u2019apport calorique et nutritionnel n\u00e9cessaire pour d\u00e9velopper la musculature et am\u00e9liorer la r\u00e9cup\u00e9ration apr\u00e8s l\u2019entra\u00eenement.Conseil coach: Dissoudre 75 g dans 150-250 ml d&#039;eau . Prendre 2 fois par jour.\" \/>\n<meta name=\"robots\" content=\"index, follow, max-snippet:-1, max-image-preview:large, max-video-preview:-1\" \/>\n<link rel=\"canonical\" href=\"https:\/\/mr-mass.com\/?product=real-mass-68kg\" \/>\n<meta property=\"og:locale\" content=\"fr_FR\" \/>\n<meta property=\"og:type\" content=\"article\" \/>\n<meta property=\"og:title\" content=\"Real Mass | 6,8kg - MR MASS\" \/>\n<meta property=\"og:description\" content=\"Gainer Haute Performance pour la Prise de MasseReal Mass 6.8kg est une formule avanc\u00e9e con\u00e7ue pour soutenir une prise de masse musculaire efficace. Avec un m\u00e9lange optimal de prot\u00e9ines, de glucides et d\u2019acides amin\u00e9s essentiels, ce gainer offre l\u2019apport calorique et nutritionnel n\u00e9cessaire pour d\u00e9velopper la musculature et am\u00e9liorer la r\u00e9cup\u00e9ration apr\u00e8s l\u2019entra\u00eenement.Conseil coach: Dissoudre 75 g dans 150-250 ml d&#039;eau . Prendre 2 fois par jour.\" \/>\n<meta property=\"og:url\" content=\"https:\/\/mr-mass.com\/?product=real-mass-68kg\" \/>\n<meta property=\"og:site_name\" content=\"MR MASS\" \/>\n<meta property=\"article:modified_time\" content=\"2026-03-07T15:57:40+00:00\" \/>\n<meta property=\"og:image\" content=\"https:\/\/mr-mass.com\/wp-content\/uploads\/2025\/06\/MASS-GAINER-REAL-PHARM-REAL-MASS-_-6_8KG-Real-Pharm-73352297_576x-e1750167009516.webp\" \/>\n\t<meta property=\"og:image:width\" content=\"500\" \/>\n\t<meta property=\"og:image:height\" content=\"500\" \/>\n\t<meta property=\"og:image:type\" content=\"image\/webp\" \/>\n<meta name=\"twitter:card\" content=\"summary_large_image\" \/>\n<meta name=\"twitter:label1\" content=\"Dur\u00e9e de lecture estim\u00e9e\" \/>\n\t<meta name=\"twitter:data1\" content=\"2 minutes\" \/>\n<script type=\"application\/ld+json\" class=\"yoast-schema-graph\">{\"@context\":\"https:\/\/schema.org\",\"@graph\":[{\"@type\":\"WebPage\",\"@id\":\"https:\/\/mr-mass.com\/?product=real-mass-68kg\",\"url\":\"https:\/\/mr-mass.com\/?product=real-mass-68kg\",\"name\":\"Real Mass | 6,8kg - MR MASS\",\"isPartOf\":{\"@id\":\"https:\/\/mr-mass.com\/#website\"},\"primaryImageOfPage\":{\"@id\":\"https:\/\/mr-mass.com\/?product=real-mass-68kg#primaryimage\"},\"image\":{\"@id\":\"https:\/\/mr-mass.com\/?product=real-mass-68kg#primaryimage\"},\"thumbnailUrl\":\"https:\/\/mr-mass.com\/wp-content\/uploads\/2025\/06\/MASS-GAINER-REAL-PHARM-REAL-MASS-_-6_8KG-Real-Pharm-73352297_576x-e1750167009516.webp\",\"datePublished\":\"2025-06-17T13:30:41+00:00\",\"dateModified\":\"2026-03-07T15:57:40+00:00\",\"description\":\"Gainer Haute Performance pour la Prise de MasseReal Mass 6.8kg est une formule avanc\u00e9e con\u00e7ue pour soutenir une prise de masse musculaire efficace. Avec un m\u00e9lange optimal de prot\u00e9ines, de glucides et d\u2019acides amin\u00e9s essentiels, ce gainer offre l\u2019apport calorique et nutritionnel n\u00e9cessaire pour d\u00e9velopper la musculature et am\u00e9liorer la r\u00e9cup\u00e9ration apr\u00e8s l\u2019entra\u00eenement.Conseil coach: Dissoudre 75 g dans 150-250 ml d'eau . Prendre 2 fois par jour.\",\"breadcrumb\":{\"@id\":\"https:\/\/mr-mass.com\/?product=real-mass-68kg#breadcrumb\"},\"inLanguage\":\"fr-FR\",\"potentialAction\":[{\"@type\":\"ReadAction\",\"target\":[\"https:\/\/mr-mass.com\/?product=real-mass-68kg\"]}]},{\"@type\":\"ImageObject\",\"inLanguage\":\"fr-FR\",\"@id\":\"https:\/\/mr-mass.com\/?product=real-mass-68kg#primaryimage\",\"url\":\"https:\/\/mr-mass.com\/wp-content\/uploads\/2025\/06\/MASS-GAINER-REAL-PHARM-REAL-MASS-_-6_8KG-Real-Pharm-73352297_576x-e1750167009516.webp\",\"contentUrl\":\"https:\/\/mr-mass.com\/wp-content\/uploads\/2025\/06\/MASS-GAINER-REAL-PHARM-REAL-MASS-_-6_8KG-Real-Pharm-73352297_576x-e1750167009516.webp\",\"width\":500,\"height\":500},{\"@type\":\"BreadcrumbList\",\"@id\":\"https:\/\/mr-mass.com\/?product=real-mass-68kg#breadcrumb\",\"itemListElement\":[{\"@type\":\"ListItem\",\"position\":1,\"name\":\"Home\",\"item\":\"https:\/\/mr-mass.com\/\"},{\"@type\":\"ListItem\",\"position\":2,\"name\":\"Boutique\",\"item\":\"https:\/\/mr-mass.com\/?page_id=8\"},{\"@type\":\"ListItem\",\"position\":3,\"name\":\"Real Mass | 6,8kg\"}]},{\"@type\":\"WebSite\",\"@id\":\"https:\/\/mr-mass.com\/#website\",\"url\":\"https:\/\/mr-mass.com\/\",\"name\":\"MR MASS\",\"description\":\"\",\"publisher\":{\"@id\":\"https:\/\/mr-mass.com\/#organization\"},\"potentialAction\":[{\"@type\":\"SearchAction\",\"target\":{\"@type\":\"EntryPoint\",\"urlTemplate\":\"https:\/\/mr-mass.com\/?s={search_term_string}\"},\"query-input\":{\"@type\":\"PropertyValueSpecification\",\"valueRequired\":true,\"valueName\":\"search_term_string\"}}],\"inLanguage\":\"fr-FR\"},{\"@type\":\"Organization\",\"@id\":\"https:\/\/mr-mass.com\/#organization\",\"name\":\"MR MASS\",\"url\":\"https:\/\/mr-mass.com\/\",\"logo\":{\"@type\":\"ImageObject\",\"inLanguage\":\"fr-FR\",\"@id\":\"https:\/\/mr-mass.com\/#\/schema\/logo\/image\/\",\"url\":\"https:\/\/mr-mass.com\/wp-content\/uploads\/2025\/06\/cropped-417524477_413976367821865_6357673664813295189_n-removebg-preview.png\",\"contentUrl\":\"https:\/\/mr-mass.com\/wp-content\/uploads\/2025\/06\/cropped-417524477_413976367821865_6357673664813295189_n-removebg-preview.png\",\"width\":500,\"height\":436,\"caption\":\"MR MASS\"},\"image\":{\"@id\":\"https:\/\/mr-mass.com\/#\/schema\/logo\/image\/\"}}]}<\/script>\n<!-- \/ Yoast SEO plugin. -->","yoast_head_json":{"title":"Real Mass | 6,8kg - MR MASS","description":"Gainer Haute Performance pour la Prise de MasseReal Mass 6.8kg est une formule avanc\u00e9e con\u00e7ue pour soutenir une prise de masse musculaire efficace. Avec un m\u00e9lange optimal de prot\u00e9ines, de glucides et d\u2019acides amin\u00e9s essentiels, ce gainer offre l\u2019apport calorique et nutritionnel n\u00e9cessaire pour d\u00e9velopper la musculature et am\u00e9liorer la r\u00e9cup\u00e9ration apr\u00e8s l\u2019entra\u00eenement.Conseil coach: Dissoudre 75 g dans 150-250 ml d'eau . Prendre 2 fois par jour.","robots":{"index":"index","follow":"follow","max-snippet":"max-snippet:-1","max-image-preview":"max-image-preview:large","max-video-preview":"max-video-preview:-1"},"canonical":"https:\/\/mr-mass.com\/?product=real-mass-68kg","og_locale":"fr_FR","og_type":"article","og_title":"Real Mass | 6,8kg - MR MASS","og_description":"Gainer Haute Performance pour la Prise de MasseReal Mass 6.8kg est une formule avanc\u00e9e con\u00e7ue pour soutenir une prise de masse musculaire efficace. Avec un m\u00e9lange optimal de prot\u00e9ines, de glucides et d\u2019acides amin\u00e9s essentiels, ce gainer offre l\u2019apport calorique et nutritionnel n\u00e9cessaire pour d\u00e9velopper la musculature et am\u00e9liorer la r\u00e9cup\u00e9ration apr\u00e8s l\u2019entra\u00eenement.Conseil coach: Dissoudre 75 g dans 150-250 ml d'eau . Prendre 2 fois par jour.","og_url":"https:\/\/mr-mass.com\/?product=real-mass-68kg","og_site_name":"MR MASS","article_modified_time":"2026-03-07T15:57:40+00:00","og_image":[{"width":500,"height":500,"url":"https:\/\/mr-mass.com\/wp-content\/uploads\/2025\/06\/MASS-GAINER-REAL-PHARM-REAL-MASS-_-6_8KG-Real-Pharm-73352297_576x-e1750167009516.webp","type":"image\/webp"}],"twitter_card":"summary_large_image","twitter_misc":{"Dur\u00e9e de lecture estim\u00e9e":"2 minutes"},"schema":{"@context":"https:\/\/schema.org","@graph":[{"@type":"WebPage","@id":"https:\/\/mr-mass.com\/?product=real-mass-68kg","url":"https:\/\/mr-mass.com\/?product=real-mass-68kg","name":"Real Mass | 6,8kg - MR MASS","isPartOf":{"@id":"https:\/\/mr-mass.com\/#website"},"primaryImageOfPage":{"@id":"https:\/\/mr-mass.com\/?product=real-mass-68kg#primaryimage"},"image":{"@id":"https:\/\/mr-mass.com\/?product=real-mass-68kg#primaryimage"},"thumbnailUrl":"https:\/\/mr-mass.com\/wp-content\/uploads\/2025\/06\/MASS-GAINER-REAL-PHARM-REAL-MASS-_-6_8KG-Real-Pharm-73352297_576x-e1750167009516.webp","datePublished":"2025-06-17T13:30:41+00:00","dateModified":"2026-03-07T15:57:40+00:00","description":"Gainer Haute Performance pour la Prise de MasseReal Mass 6.8kg est une formule avanc\u00e9e con\u00e7ue pour soutenir une prise de masse musculaire efficace. Avec un m\u00e9lange optimal de prot\u00e9ines, de glucides et d\u2019acides amin\u00e9s essentiels, ce gainer offre l\u2019apport calorique et nutritionnel n\u00e9cessaire pour d\u00e9velopper la musculature et am\u00e9liorer la r\u00e9cup\u00e9ration apr\u00e8s l\u2019entra\u00eenement.Conseil coach: Dissoudre 75 g dans 150-250 ml d'eau . Prendre 2 fois par jour.","breadcrumb":{"@id":"https:\/\/mr-mass.com\/?product=real-mass-68kg#breadcrumb"},"inLanguage":"fr-FR","potentialAction":[{"@type":"ReadAction","target":["https:\/\/mr-mass.com\/?product=real-mass-68kg"]}]},{"@type":"ImageObject","inLanguage":"fr-FR","@id":"https:\/\/mr-mass.com\/?product=real-mass-68kg#primaryimage","url":"https:\/\/mr-mass.com\/wp-content\/uploads\/2025\/06\/MASS-GAINER-REAL-PHARM-REAL-MASS-_-6_8KG-Real-Pharm-73352297_576x-e1750167009516.webp","contentUrl":"https:\/\/mr-mass.com\/wp-content\/uploads\/2025\/06\/MASS-GAINER-REAL-PHARM-REAL-MASS-_-6_8KG-Real-Pharm-73352297_576x-e1750167009516.webp","width":500,"height":500},{"@type":"BreadcrumbList","@id":"https:\/\/mr-mass.com\/?product=real-mass-68kg#breadcrumb","itemListElement":[{"@type":"ListItem","position":1,"name":"Home","item":"https:\/\/mr-mass.com\/"},{"@type":"ListItem","position":2,"name":"Boutique","item":"https:\/\/mr-mass.com\/?page_id=8"},{"@type":"ListItem","position":3,"name":"Real Mass | 6,8kg"}]},{"@type":"WebSite","@id":"https:\/\/mr-mass.com\/#website","url":"https:\/\/mr-mass.com\/","name":"MR MASS","description":"","publisher":{"@id":"https:\/\/mr-mass.com\/#organization"},"potentialAction":[{"@type":"SearchAction","target":{"@type":"EntryPoint","urlTemplate":"https:\/\/mr-mass.com\/?s={search_term_string}"},"query-input":{"@type":"PropertyValueSpecification","valueRequired":true,"valueName":"search_term_string"}}],"inLanguage":"fr-FR"},{"@type":"Organization","@id":"https:\/\/mr-mass.com\/#organization","name":"MR MASS","url":"https:\/\/mr-mass.com\/","logo":{"@type":"ImageObject","inLanguage":"fr-FR","@id":"https:\/\/mr-mass.com\/#\/schema\/logo\/image\/","url":"https:\/\/mr-mass.com\/wp-content\/uploads\/2025\/06\/cropped-417524477_413976367821865_6357673664813295189_n-removebg-preview.png","contentUrl":"https:\/\/mr-mass.com\/wp-content\/uploads\/2025\/06\/cropped-417524477_413976367821865_6357673664813295189_n-removebg-preview.png","width":500,"height":436,"caption":"MR MASS"},"image":{"@id":"https:\/\/mr-mass.com\/#\/schema\/logo\/image\/"}}]}},"jetpack_sharing_enabled":true,"_links":{"self":[{"href":"https:\/\/mr-mass.com\/index.php?rest_route=\/wp\/v2\/product\/6839","targetHints":{"allow":["GET"]}}],"collection":[{"href":"https:\/\/mr-mass.com\/index.php?rest_route=\/wp\/v2\/product"}],"about":[{"href":"https:\/\/mr-mass.com\/index.php?rest_route=\/wp\/v2\/types\/product"}],"replies":[{"embeddable":true,"href":"https:\/\/mr-mass.com\/index.php?rest_route=%2Fwp%2Fv2%2Fcomments&post=6839"}],"wp:featuredmedia":[{"embeddable":true,"href":"https:\/\/mr-mass.com\/index.php?rest_route=\/wp\/v2\/media\/6840"}],"wp:attachment":[{"href":"https:\/\/mr-mass.com\/index.php?rest_route=%2Fwp%2Fv2%2Fmedia&parent=6839"}],"wp:term":[{"taxonomy":"product_cat","embeddable":true,"href":"https:\/\/mr-mass.com\/index.php?rest_route=%2Fwp%2Fv2%2Fproduct_cat&post=6839"},{"taxonomy":"product_tag","embeddable":true,"href":"https:\/\/mr-mass.com\/index.php?rest_route=%2Fwp%2Fv2%2Fproduct_tag&post=6839"}],"curies":[{"name":"wp","href":"https:\/\/api.w.org\/{rel}","templated":true}]}}