{"id":6858,"date":"2025-06-18T19:02:04","date_gmt":"2025-06-18T17:02:04","guid":{"rendered":"https:\/\/mr-mass.com\/?post_type=product&#038;p=6858"},"modified":"2025-06-30T00:04:06","modified_gmt":"2025-06-29T22:04:06","slug":"my-vitamin-advanced-formula-30-caps","status":"publish","type":"product","link":"https:\/\/mr-mass.com\/?product=my-vitamin-advanced-formula-30-caps","title":{"rendered":"My Vitamin Advanced Formula 30 CAPS"},"content":{"rendered":"<h1><strong>My Vitamin Advanced Formula : Suppl\u00e9ment Ultra-Dos\u00e9 pour Athl\u00e8tes<\/strong><\/h1>\n<p>My Vitamin Advanced Formula a \u00e9t\u00e9 sp\u00e9cifiquement con\u00e7u pour r\u00e9pondre aux besoins des athl\u00e8tes et sportifs d\u2019\u00e9lite. Cette formulation avanc\u00e9e de multivitamines offre une concentration \u00e9lev\u00e9e en vitamines hydrosolubles essentielles, contribuant ainsi \u00e0 optimiser les performances physiques et cognitives tout en renfor\u00e7ant la sant\u00e9 globale.<\/p>\n<h3><strong>Les Vitamines Essentielles dans My Vitamin Advanced Formula<\/strong><\/h3>\n<ul>\n<li><strong>Vitamine C (Acide L-Ascorbique)<\/strong><br \/>\nImpliqu\u00e9e dans la biosynth\u00e8se du collag\u00e8ne, elle joue un r\u00f4le crucial dans la maintenance structurale des vaisseaux sanguins, des os et des cartilages. De plus, ses propri\u00e9t\u00e9s antioxydantes aident \u00e0 moduler la r\u00e9ponse immunitaire et \u00e0 r\u00e9duire la fatigue.<\/li>\n<li><strong>Vitamine B3 (Nicotinamide)<\/strong><br \/>\nActeur cl\u00e9 dans les r\u00e9actions de production d\u2019ATP, elle est essentielle \u00e0 la conversion m\u00e9tabolique des nutriments en \u00e9nergie. En outre, elle prot\u00e8ge les cellules contre le stress oxydatif.<\/li>\n<li><strong>Vitamine B6 (Chlorhydrate de Pyridoxine)<\/strong><br \/>\nElle intervient dans le m\u00e9tabolisme des acides amin\u00e9s et est cruciale pour la production d\u2019\u00e9nergie et la neurotransmission.<\/li>\n<li><strong>Vitamine B12 (Cyanocobalamine 0,1%)<\/strong><br \/>\nN\u00e9cessaire \u00e0 la maturation des globules rouges, elle joue \u00e9galement un r\u00f4le dans la synth\u00e8se de l\u2019ADN et la my\u00e9linisation des neurones.<\/li>\n<li><strong>Vitamine B2 (Riboflavine)<\/strong><br \/>\nJoue un r\u00f4le enzymatique dans la cha\u00eene respiratoire mitochondriale, essentielle \u00e0 la production d\u2019ATP. De plus, elle est impliqu\u00e9e dans le m\u00e9tabolisme des acides gras.<\/li>\n<li><strong>Vitamine B1 (Chlorhydrate de Thiamine)<\/strong><br \/>\nCoenzyme essentielle pour la d\u00e9carboxylation des acides alpha-c\u00e9toniques, elle intervient dans la transformation des glucides en \u00e9nergie.<\/li>\n<li><strong>Vitamine B9 (Acide Folique)<\/strong><br \/>\nElle est n\u00e9cessaire pour la synth\u00e8se des nucl\u00e9otides, composants de l\u2019ADN, et joue un r\u00f4le dans la production et la maturation des globules rouges.<\/li>\n<\/ul>\n<h3><strong>Comparaison entre Vitamines Hydrosolubles et Liposolubles<\/strong><\/h3>\n<p>Les vitamines du groupe B et la vitamine C sont des vitamines hydrosolubles, se dissolvant dans l\u2019eau. Contrairement aux vitamines liposolubles (comme les vitamines A, D, E et K), qui peuvent \u00eatre stock\u00e9es en grandes quantit\u00e9s dans le foie et les tissus adipeux, les vitamines hydrosolubles ne sont g\u00e9n\u00e9ralement pas stock\u00e9es en grandes quantit\u00e9s dans le corps.<\/p>\n<h3><strong>Importance des Vitamines du Complexe B pour les Sportifs<\/strong><\/h3>\n<p>Les vitamines du complexe B sont cruciales pour la production d\u2019\u00e9nergie. En effet, ces vitamines sont particuli\u00e8rement sujettes \u00e0 d\u00e9ficience chez les athl\u00e8tes de haut niveau. Des \u00e9tudes, telles que celle publi\u00e9e dans le\u00a0<em>International Journal of Sport Nutrition and Exercise Metabolism<\/em>\u00a0en 2006, ont montr\u00e9 que les sportifs d\u2019endurance peuvent \u00eatre \u00e0 risque de d\u00e9ficience en vitamines B, notamment en vitamine B12 et en B9.<\/p>\n<h3><strong>Pourquoi Choisir My Vitamin Advanced Formula ?<\/strong><\/h3>\n<p>Ce sont toutes ces raisons qui nous ont pouss\u00e9s \u00e0 proposer une formulation bas\u00e9e sur les vitamines hydrosolubles afin d\u2019apporter une r\u00e9ponse cibl\u00e9e sur les performances athl\u00e9tiques.<\/p>\n<h3><strong>Conseil de Prise<\/strong><\/h3>\n<p>Prenez 1 g\u00e9lule par jour \u00e0 avaler avec un grand verre d\u2019eau au cours d\u2019un repas. Ne pas d\u00e9passer la dose journali\u00e8re recommand\u00e9e.<\/p>\n<h3><strong>Composition<\/strong><\/h3>\n<ul>\n<li>Vitamine C (Acide L-Ascorbique)<\/li>\n<li>Maltodextrine DE19 (Support)<\/li>\n<li>Vitamine B3 (Nicotinamide)<\/li>\n<li>Vitamine B6 (Chlorhydrate de Pyridoxine)<\/li>\n<li>Vitamine B12 (Cyanocobalamine 0,1%)<\/li>\n<li>Vitamine B2 (Riboflavine)<\/li>\n<li>Vitamine B1 (Chlorhydrate de Thiamine)<\/li>\n<li>Vitamine B9 (Acide Folique)<\/li>\n<\/ul>\n<p><strong>G\u00e9lule (Enveloppe v\u00e9g\u00e9tale)<\/strong>\u00a0: hydroxypropylm\u00e9thylcellulose.<\/p>\n<p><strong>Allerg\u00e8nes<\/strong>\u00a0: absence.<\/p>\n<h3><strong>Information nutritionnelles pour 1 g\u00e9lule :<\/strong><\/h3>\n<table width=\"358\">\n<tbody>\n<tr>\n<td colspan=\"2\" width=\"278\">Teneurs par g\u00e9lule<\/td>\n<td width=\"80\">AR*<\/td>\n<\/tr>\n<tr>\n<td>Acide Ascorbique Vit C<\/td>\n<td>320mg<\/td>\n<td>400%<\/td>\n<\/tr>\n<tr>\n<td>Nicotinamide\/vit PP B3<\/td>\n<td>16mg<\/td>\n<td>100%<\/td>\n<\/tr>\n<tr>\n<td>Chlorydrate de pyridoxine Vit B6<\/td>\n<td>11,2mg<\/td>\n<td>800%<\/td>\n<\/tr>\n<tr>\n<td>Thiamine Vit B1<\/td>\n<td>3,8mg<\/td>\n<td>345%<\/td>\n<\/tr>\n<tr>\n<td>Riboflavine Vit B2<\/td>\n<td>4,2mg<\/td>\n<td>300%<\/td>\n<\/tr>\n<tr>\n<td>Acide folique Vit B9<\/td>\n<td>500\u00b5g<\/td>\n<td>250%<\/td>\n<\/tr>\n<tr>\n<td>Cyanocobalamine Vit B12<\/td>\n<td>5\u00b5g<\/td>\n<td>200%<\/td>\n<\/tr>\n<tr>\n<td>*AR : Apports de R\u00e9f\u00e9rence<\/td>\n<td><\/td>\n<td><\/td>\n<\/tr>\n<\/tbody>\n<\/table>\n<p>Ceci est un compl\u00e9ment alimentaire. Il ne remplace pas une alimentation vari\u00e9e et \u00e9quilibr\u00e9e.<\/p>\n<p>Tenir hors de port\u00e9e des jeunes enfants.<\/p>\n<p>A conserver dans son emballage d\u2019origine \u00e0 l\u2019abri de la lumi\u00e8re, de la chaleur et de l\u2019humidit\u00e9.<\/p>\n<p>Ne pas d\u00e9passer la dose journali\u00e8re recommand\u00e9e (1 g\u00e9lule par jour).<\/p>\n","protected":false},"excerpt":{"rendered":"<p>L\u2019hyper-suppl\u00e9ment Impact Sport Nutrition ultra-dos\u00e9 en 7 vitamines hydrosolubles ! 7 vitamines fortement impliqu\u00e9es dans les voies de la performance \u00e9nerg\u00e9tiques et la m\u00e9tabolisation des acides amin\u00e9es et des nutriments. Ce multivitamine \u00e0 base de Vitamines du Complexe B et de Vitamine C est vraiment ce qu\u2019il faut pour r\u00e9pondre aux besoins quotidiens des athl\u00e8tes.<\/p>\n<ul>\n<li>7 Vitamines Essentielles Hydrosolubles : C, B1, B2, B3, B6, B9 et B12.<\/li>\n<li>Tr\u00e8s hautes concentrations en vitamines<\/li>\n<li>Teneurs par dose journali\u00e8re de 1 g\u00e9lule :\n<ul>\n<li>Vitamine B1 : 3,8mg\u00a0<b>| *<\/b>345%<\/li>\n<li>Vitamine B2 : 4,2mg\u00a0<b>| *<\/b>300%<\/li>\n<li>Vitamine B3 : 16mg\u00a0<b>| *<\/b>100%<\/li>\n<li>Vitamine B6 : 11,2mg\u00a0<b>|<\/b>\u00a0*800%<\/li>\n<li>Vitamine B9 : 500\u00b5g\u00a0<b>| *<\/b>250%<\/li>\n<li>Vitamine B12 : 5\u00b5g\u00a0<b>|<\/b>\u00a0*200%<\/li>\n<li>Vitamine C : 320mg\u00a0<b>|*<\/b>400%<\/li>\n<\/ul>\n<\/li>\n<\/ul>\n","protected":false},"featured_media":6859,"comment_status":"open","ping_status":"closed","template":"","meta":[],"product_cat":[76],"product_tag":[],"class_list":{"0":"post-6858","1":"product","2":"type-product","3":"status-publish","4":"has-post-thumbnail","6":"product_brand-impact-sport-nutrition","7":"product_cat-multi-vitamins-minerals","9":"first","10":"instock","11":"shipping-taxable","12":"purchasable","13":"product-type-simple"},"yoast_head":"<!-- This site is optimized with the Yoast SEO plugin v25.2 - https:\/\/yoast.com\/wordpress\/plugins\/seo\/ -->\n<title>My Vitamin Advanced Formula 30 CAPS - MR MASS<\/title>\n<meta name=\"description\" content=\"L\u2019hyper-suppl\u00e9ment Impact Sport Nutrition ultra-dos\u00e9 en 7 vitamines hydrosolubles ! 7 vitamines fortement impliqu\u00e9es dans les voies de la performance \u00e9nerg\u00e9tiques et la m\u00e9tabolisation des acides amin\u00e9es et des nutriments. Ce multivitamine \u00e0 base de Vitamines du Complexe B et de Vitamine C est vraiment ce qu\u2019il faut pour r\u00e9pondre aux besoins quotidiens des athl\u00e8tes.7 Vitamines Essentielles Hydrosolubles : C, B1, B2, B3, B6, B9 et B12.Tr\u00e8s hautes concentrations en vitaminesTeneurs par dose journali\u00e8re de 1 g\u00e9lule :Vitamine B1 : 3,8mg | *345%Vitamine B2 : 4,2mg | *300%Vitamine B3 : 16mg | *100%Vitamine B6 : 11,2mg | *800%Vitamine B9 : 500\u00b5g | *250%Vitamine B12 : 5\u00b5g | *200%Vitamine C : 320mg |*400%\" \/>\n<meta name=\"robots\" content=\"index, follow, max-snippet:-1, max-image-preview:large, max-video-preview:-1\" \/>\n<link rel=\"canonical\" href=\"https:\/\/mr-mass.com\/?product=my-vitamin-advanced-formula-30-caps\" \/>\n<meta property=\"og:locale\" content=\"fr_FR\" \/>\n<meta property=\"og:type\" content=\"article\" \/>\n<meta property=\"og:title\" content=\"My Vitamin Advanced Formula 30 CAPS - MR MASS\" \/>\n<meta property=\"og:description\" content=\"L\u2019hyper-suppl\u00e9ment Impact Sport Nutrition ultra-dos\u00e9 en 7 vitamines hydrosolubles ! 7 vitamines fortement impliqu\u00e9es dans les voies de la performance \u00e9nerg\u00e9tiques et la m\u00e9tabolisation des acides amin\u00e9es et des nutriments. Ce multivitamine \u00e0 base de Vitamines du Complexe B et de Vitamine C est vraiment ce qu\u2019il faut pour r\u00e9pondre aux besoins quotidiens des athl\u00e8tes.7 Vitamines Essentielles Hydrosolubles : C, B1, B2, B3, B6, B9 et B12.Tr\u00e8s hautes concentrations en vitaminesTeneurs par dose journali\u00e8re de 1 g\u00e9lule :Vitamine B1 : 3,8mg | *345%Vitamine B2 : 4,2mg | *300%Vitamine B3 : 16mg | *100%Vitamine B6 : 11,2mg | *800%Vitamine B9 : 500\u00b5g | *250%Vitamine B12 : 5\u00b5g | *200%Vitamine C : 320mg |*400%\" \/>\n<meta property=\"og:url\" content=\"https:\/\/mr-mass.com\/?product=my-vitamin-advanced-formula-30-caps\" \/>\n<meta property=\"og:site_name\" content=\"MR MASS\" \/>\n<meta property=\"article:modified_time\" content=\"2025-06-29T22:04:06+00:00\" \/>\n<meta property=\"og:image\" content=\"https:\/\/mr-mass.com\/wp-content\/uploads\/2025\/06\/MY-VITAMIN-3D-600x600-1-e1750266111200.jpg\" \/>\n\t<meta property=\"og:image:width\" content=\"500\" \/>\n\t<meta property=\"og:image:height\" content=\"500\" \/>\n\t<meta property=\"og:image:type\" content=\"image\/jpeg\" \/>\n<meta name=\"twitter:card\" content=\"summary_large_image\" \/>\n<meta name=\"twitter:label1\" content=\"Dur\u00e9e de lecture estim\u00e9e\" \/>\n\t<meta name=\"twitter:data1\" content=\"4 minutes\" \/>\n<script type=\"application\/ld+json\" class=\"yoast-schema-graph\">{\"@context\":\"https:\/\/schema.org\",\"@graph\":[{\"@type\":\"WebPage\",\"@id\":\"https:\/\/mr-mass.com\/?product=my-vitamin-advanced-formula-30-caps\",\"url\":\"https:\/\/mr-mass.com\/?product=my-vitamin-advanced-formula-30-caps\",\"name\":\"My Vitamin Advanced Formula 30 CAPS - MR MASS\",\"isPartOf\":{\"@id\":\"https:\/\/mr-mass.com\/#website\"},\"primaryImageOfPage\":{\"@id\":\"https:\/\/mr-mass.com\/?product=my-vitamin-advanced-formula-30-caps#primaryimage\"},\"image\":{\"@id\":\"https:\/\/mr-mass.com\/?product=my-vitamin-advanced-formula-30-caps#primaryimage\"},\"thumbnailUrl\":\"https:\/\/mr-mass.com\/wp-content\/uploads\/2025\/06\/MY-VITAMIN-3D-600x600-1-e1750266111200.jpg\",\"datePublished\":\"2025-06-18T17:02:04+00:00\",\"dateModified\":\"2025-06-29T22:04:06+00:00\",\"description\":\"L\u2019hyper-suppl\u00e9ment Impact Sport Nutrition ultra-dos\u00e9 en 7 vitamines hydrosolubles ! 7 vitamines fortement impliqu\u00e9es dans les voies de la performance \u00e9nerg\u00e9tiques et la m\u00e9tabolisation des acides amin\u00e9es et des nutriments. Ce multivitamine \u00e0 base de Vitamines du Complexe B et de Vitamine C est vraiment ce qu\u2019il faut pour r\u00e9pondre aux besoins quotidiens des athl\u00e8tes.7 Vitamines Essentielles Hydrosolubles : C, B1, B2, B3, B6, B9 et B12.Tr\u00e8s hautes concentrations en vitaminesTeneurs par dose journali\u00e8re de 1 g\u00e9lule :Vitamine B1 : 3,8mg | *345%Vitamine B2 : 4,2mg | *300%Vitamine B3 : 16mg | *100%Vitamine B6 : 11,2mg | *800%Vitamine B9 : 500\u00b5g | *250%Vitamine B12 : 5\u00b5g | *200%Vitamine C : 320mg |*400%\",\"breadcrumb\":{\"@id\":\"https:\/\/mr-mass.com\/?product=my-vitamin-advanced-formula-30-caps#breadcrumb\"},\"inLanguage\":\"fr-FR\",\"potentialAction\":[{\"@type\":\"ReadAction\",\"target\":[\"https:\/\/mr-mass.com\/?product=my-vitamin-advanced-formula-30-caps\"]}]},{\"@type\":\"ImageObject\",\"inLanguage\":\"fr-FR\",\"@id\":\"https:\/\/mr-mass.com\/?product=my-vitamin-advanced-formula-30-caps#primaryimage\",\"url\":\"https:\/\/mr-mass.com\/wp-content\/uploads\/2025\/06\/MY-VITAMIN-3D-600x600-1-e1750266111200.jpg\",\"contentUrl\":\"https:\/\/mr-mass.com\/wp-content\/uploads\/2025\/06\/MY-VITAMIN-3D-600x600-1-e1750266111200.jpg\",\"width\":500,\"height\":500},{\"@type\":\"BreadcrumbList\",\"@id\":\"https:\/\/mr-mass.com\/?product=my-vitamin-advanced-formula-30-caps#breadcrumb\",\"itemListElement\":[{\"@type\":\"ListItem\",\"position\":1,\"name\":\"Home\",\"item\":\"https:\/\/mr-mass.com\/\"},{\"@type\":\"ListItem\",\"position\":2,\"name\":\"Boutique\",\"item\":\"https:\/\/mr-mass.com\/?page_id=8\"},{\"@type\":\"ListItem\",\"position\":3,\"name\":\"My Vitamin Advanced Formula 30 CAPS\"}]},{\"@type\":\"WebSite\",\"@id\":\"https:\/\/mr-mass.com\/#website\",\"url\":\"https:\/\/mr-mass.com\/\",\"name\":\"MR MASS\",\"description\":\"\",\"publisher\":{\"@id\":\"https:\/\/mr-mass.com\/#organization\"},\"potentialAction\":[{\"@type\":\"SearchAction\",\"target\":{\"@type\":\"EntryPoint\",\"urlTemplate\":\"https:\/\/mr-mass.com\/?s={search_term_string}\"},\"query-input\":{\"@type\":\"PropertyValueSpecification\",\"valueRequired\":true,\"valueName\":\"search_term_string\"}}],\"inLanguage\":\"fr-FR\"},{\"@type\":\"Organization\",\"@id\":\"https:\/\/mr-mass.com\/#organization\",\"name\":\"MR MASS\",\"url\":\"https:\/\/mr-mass.com\/\",\"logo\":{\"@type\":\"ImageObject\",\"inLanguage\":\"fr-FR\",\"@id\":\"https:\/\/mr-mass.com\/#\/schema\/logo\/image\/\",\"url\":\"https:\/\/mr-mass.com\/wp-content\/uploads\/2025\/06\/cropped-417524477_413976367821865_6357673664813295189_n-removebg-preview.png\",\"contentUrl\":\"https:\/\/mr-mass.com\/wp-content\/uploads\/2025\/06\/cropped-417524477_413976367821865_6357673664813295189_n-removebg-preview.png\",\"width\":500,\"height\":436,\"caption\":\"MR MASS\"},\"image\":{\"@id\":\"https:\/\/mr-mass.com\/#\/schema\/logo\/image\/\"}}]}<\/script>\n<!-- \/ Yoast SEO plugin. -->","yoast_head_json":{"title":"My Vitamin Advanced Formula 30 CAPS - MR MASS","description":"L\u2019hyper-suppl\u00e9ment Impact Sport Nutrition ultra-dos\u00e9 en 7 vitamines hydrosolubles ! 7 vitamines fortement impliqu\u00e9es dans les voies de la performance \u00e9nerg\u00e9tiques et la m\u00e9tabolisation des acides amin\u00e9es et des nutriments. Ce multivitamine \u00e0 base de Vitamines du Complexe B et de Vitamine C est vraiment ce qu\u2019il faut pour r\u00e9pondre aux besoins quotidiens des athl\u00e8tes.7 Vitamines Essentielles Hydrosolubles : C, B1, B2, B3, B6, B9 et B12.Tr\u00e8s hautes concentrations en vitaminesTeneurs par dose journali\u00e8re de 1 g\u00e9lule :Vitamine B1 : 3,8mg | *345%Vitamine B2 : 4,2mg | *300%Vitamine B3 : 16mg | *100%Vitamine B6 : 11,2mg | *800%Vitamine B9 : 500\u00b5g | *250%Vitamine B12 : 5\u00b5g | *200%Vitamine C : 320mg |*400%","robots":{"index":"index","follow":"follow","max-snippet":"max-snippet:-1","max-image-preview":"max-image-preview:large","max-video-preview":"max-video-preview:-1"},"canonical":"https:\/\/mr-mass.com\/?product=my-vitamin-advanced-formula-30-caps","og_locale":"fr_FR","og_type":"article","og_title":"My Vitamin Advanced Formula 30 CAPS - MR MASS","og_description":"L\u2019hyper-suppl\u00e9ment Impact Sport Nutrition ultra-dos\u00e9 en 7 vitamines hydrosolubles ! 7 vitamines fortement impliqu\u00e9es dans les voies de la performance \u00e9nerg\u00e9tiques et la m\u00e9tabolisation des acides amin\u00e9es et des nutriments. Ce multivitamine \u00e0 base de Vitamines du Complexe B et de Vitamine C est vraiment ce qu\u2019il faut pour r\u00e9pondre aux besoins quotidiens des athl\u00e8tes.7 Vitamines Essentielles Hydrosolubles : C, B1, B2, B3, B6, B9 et B12.Tr\u00e8s hautes concentrations en vitaminesTeneurs par dose journali\u00e8re de 1 g\u00e9lule :Vitamine B1 : 3,8mg | *345%Vitamine B2 : 4,2mg | *300%Vitamine B3 : 16mg | *100%Vitamine B6 : 11,2mg | *800%Vitamine B9 : 500\u00b5g | *250%Vitamine B12 : 5\u00b5g | *200%Vitamine C : 320mg |*400%","og_url":"https:\/\/mr-mass.com\/?product=my-vitamin-advanced-formula-30-caps","og_site_name":"MR MASS","article_modified_time":"2025-06-29T22:04:06+00:00","og_image":[{"width":500,"height":500,"url":"https:\/\/mr-mass.com\/wp-content\/uploads\/2025\/06\/MY-VITAMIN-3D-600x600-1-e1750266111200.jpg","type":"image\/jpeg"}],"twitter_card":"summary_large_image","twitter_misc":{"Dur\u00e9e de lecture estim\u00e9e":"4 minutes"},"schema":{"@context":"https:\/\/schema.org","@graph":[{"@type":"WebPage","@id":"https:\/\/mr-mass.com\/?product=my-vitamin-advanced-formula-30-caps","url":"https:\/\/mr-mass.com\/?product=my-vitamin-advanced-formula-30-caps","name":"My Vitamin Advanced Formula 30 CAPS - MR MASS","isPartOf":{"@id":"https:\/\/mr-mass.com\/#website"},"primaryImageOfPage":{"@id":"https:\/\/mr-mass.com\/?product=my-vitamin-advanced-formula-30-caps#primaryimage"},"image":{"@id":"https:\/\/mr-mass.com\/?product=my-vitamin-advanced-formula-30-caps#primaryimage"},"thumbnailUrl":"https:\/\/mr-mass.com\/wp-content\/uploads\/2025\/06\/MY-VITAMIN-3D-600x600-1-e1750266111200.jpg","datePublished":"2025-06-18T17:02:04+00:00","dateModified":"2025-06-29T22:04:06+00:00","description":"L\u2019hyper-suppl\u00e9ment Impact Sport Nutrition ultra-dos\u00e9 en 7 vitamines hydrosolubles ! 7 vitamines fortement impliqu\u00e9es dans les voies de la performance \u00e9nerg\u00e9tiques et la m\u00e9tabolisation des acides amin\u00e9es et des nutriments. Ce multivitamine \u00e0 base de Vitamines du Complexe B et de Vitamine C est vraiment ce qu\u2019il faut pour r\u00e9pondre aux besoins quotidiens des athl\u00e8tes.7 Vitamines Essentielles Hydrosolubles : C, B1, B2, B3, B6, B9 et B12.Tr\u00e8s hautes concentrations en vitaminesTeneurs par dose journali\u00e8re de 1 g\u00e9lule :Vitamine B1 : 3,8mg | *345%Vitamine B2 : 4,2mg | *300%Vitamine B3 : 16mg | *100%Vitamine B6 : 11,2mg | *800%Vitamine B9 : 500\u00b5g | *250%Vitamine B12 : 5\u00b5g | *200%Vitamine C : 320mg |*400%","breadcrumb":{"@id":"https:\/\/mr-mass.com\/?product=my-vitamin-advanced-formula-30-caps#breadcrumb"},"inLanguage":"fr-FR","potentialAction":[{"@type":"ReadAction","target":["https:\/\/mr-mass.com\/?product=my-vitamin-advanced-formula-30-caps"]}]},{"@type":"ImageObject","inLanguage":"fr-FR","@id":"https:\/\/mr-mass.com\/?product=my-vitamin-advanced-formula-30-caps#primaryimage","url":"https:\/\/mr-mass.com\/wp-content\/uploads\/2025\/06\/MY-VITAMIN-3D-600x600-1-e1750266111200.jpg","contentUrl":"https:\/\/mr-mass.com\/wp-content\/uploads\/2025\/06\/MY-VITAMIN-3D-600x600-1-e1750266111200.jpg","width":500,"height":500},{"@type":"BreadcrumbList","@id":"https:\/\/mr-mass.com\/?product=my-vitamin-advanced-formula-30-caps#breadcrumb","itemListElement":[{"@type":"ListItem","position":1,"name":"Home","item":"https:\/\/mr-mass.com\/"},{"@type":"ListItem","position":2,"name":"Boutique","item":"https:\/\/mr-mass.com\/?page_id=8"},{"@type":"ListItem","position":3,"name":"My Vitamin Advanced Formula 30 CAPS"}]},{"@type":"WebSite","@id":"https:\/\/mr-mass.com\/#website","url":"https:\/\/mr-mass.com\/","name":"MR MASS","description":"","publisher":{"@id":"https:\/\/mr-mass.com\/#organization"},"potentialAction":[{"@type":"SearchAction","target":{"@type":"EntryPoint","urlTemplate":"https:\/\/mr-mass.com\/?s={search_term_string}"},"query-input":{"@type":"PropertyValueSpecification","valueRequired":true,"valueName":"search_term_string"}}],"inLanguage":"fr-FR"},{"@type":"Organization","@id":"https:\/\/mr-mass.com\/#organization","name":"MR MASS","url":"https:\/\/mr-mass.com\/","logo":{"@type":"ImageObject","inLanguage":"fr-FR","@id":"https:\/\/mr-mass.com\/#\/schema\/logo\/image\/","url":"https:\/\/mr-mass.com\/wp-content\/uploads\/2025\/06\/cropped-417524477_413976367821865_6357673664813295189_n-removebg-preview.png","contentUrl":"https:\/\/mr-mass.com\/wp-content\/uploads\/2025\/06\/cropped-417524477_413976367821865_6357673664813295189_n-removebg-preview.png","width":500,"height":436,"caption":"MR MASS"},"image":{"@id":"https:\/\/mr-mass.com\/#\/schema\/logo\/image\/"}}]}},"jetpack_sharing_enabled":true,"_links":{"self":[{"href":"https:\/\/mr-mass.com\/index.php?rest_route=\/wp\/v2\/product\/6858","targetHints":{"allow":["GET"]}}],"collection":[{"href":"https:\/\/mr-mass.com\/index.php?rest_route=\/wp\/v2\/product"}],"about":[{"href":"https:\/\/mr-mass.com\/index.php?rest_route=\/wp\/v2\/types\/product"}],"replies":[{"embeddable":true,"href":"https:\/\/mr-mass.com\/index.php?rest_route=%2Fwp%2Fv2%2Fcomments&post=6858"}],"wp:featuredmedia":[{"embeddable":true,"href":"https:\/\/mr-mass.com\/index.php?rest_route=\/wp\/v2\/media\/6859"}],"wp:attachment":[{"href":"https:\/\/mr-mass.com\/index.php?rest_route=%2Fwp%2Fv2%2Fmedia&parent=6858"}],"wp:term":[{"taxonomy":"product_cat","embeddable":true,"href":"https:\/\/mr-mass.com\/index.php?rest_route=%2Fwp%2Fv2%2Fproduct_cat&post=6858"},{"taxonomy":"product_tag","embeddable":true,"href":"https:\/\/mr-mass.com\/index.php?rest_route=%2Fwp%2Fv2%2Fproduct_tag&post=6858"}],"curies":[{"name":"wp","href":"https:\/\/api.w.org\/{rel}","templated":true}]}}