{"id":6864,"date":"2025-06-23T15:09:39","date_gmt":"2025-06-23T13:09:39","guid":{"rendered":"https:\/\/mr-mass.com\/?post_type=product&#038;p=6864"},"modified":"2025-08-02T06:18:21","modified_gmt":"2025-08-02T04:18:21","slug":"creatine-yava-300gr","status":"publish","type":"product","link":"https:\/\/mr-mass.com\/?product=creatine-yava-300gr","title":{"rendered":"CREATINE YAVA 300GR"},"content":{"rendered":"<ul id=\"myTab\" class=\"nav nav-tabs custom-nav\" role=\"tablist\">\n<li class=\"nav-item\" role=\"presentation\"><button id=\"description-tab\" class=\"nav-link active\" role=\"tab\" type=\"button\" data-bs-toggle=\"tab\" data-bs-target=\"#description\" aria-controls=\"description\" aria-selected=\"true\">Description<\/button><\/li>\n<\/ul>\n<div id=\"myTabContent\" class=\"tab-content custom-tab\">\n<div id=\"description\" class=\"tab-pane fade show active\" role=\"tabpanel\" aria-labelledby=\"description-tab\">\n<div class=\"product-description\">\n<p>D\u00e9couvrez la puissance de\u00a0<b>la Cr\u00e9atine 300g de Yava Labs<\/b>, con\u00e7ue pour maximiser vos gains musculaires et am\u00e9liorer vos performances lors d&rsquo;entra\u00eenements intensifs. Chaque portion vous apporte 4,9g de cr\u00e9atine monohydrate, un ingr\u00e9dient cl\u00e9 pour augmenter la force et l&rsquo;endurance musculaire. La pr\u00e9sence de 100mg de L-taurine amplifie encore votre \u00e9nergie, tandis que la vitamine B6, \u00e0 hauteur de 1,5mg, facilite le m\u00e9tabolisme \u00e9nerg\u00e9tique et r\u00e9duit la sensation de fatigue. Que vous soyez un athl\u00e8te aguerri ou un amateur passionn\u00e9, ce compl\u00e9ment est id\u00e9al pour vous aider \u00e0 atteindre vos objectifs sportifs.<\/p>\n<p><strong>Conseils d&rsquo;utilisation :<\/strong><br \/>\nM\u00e9langez une dose (5g) du produit avec 200ml d&rsquo;eau. Consommez le m\u00e9lange imm\u00e9diatement apr\u00e8s pr\u00e9paration, avant ou apr\u00e8s l&rsquo;entra\u00eenement. Assurez-vous de bien m\u00e9langer pour dissoudre enti\u00e8rement la poudre.<\/p>\n<p><strong>Avertissements :<\/strong><br \/>\nNe pas utiliser si vous \u00eates allergique \u00e0 l&rsquo;un des composants du suppl\u00e9ment. Ne pas prendre pendant la grossesse ou l&rsquo;allaitement sans consulter un m\u00e9decin. Ne d\u00e9passez pas la dose quotidienne recommand\u00e9e. Les compl\u00e9ments alimentaires ne doivent pas se substituer \u00e0 un r\u00e9gime alimentaire vari\u00e9 et \u00e9quilibr\u00e9. Il est conseill\u00e9 d&rsquo;adopter un mode de vie sain et une alimentation diversifi\u00e9e.<\/p>\n<p><strong>Conservation :<\/strong><br \/>\nConservez dans un contenant herm\u00e9tiquement ferm\u00e9, \u00e0 temp\u00e9rature ambiante, \u00e0 l&rsquo;abri de la lumi\u00e8re. Gardez hors de port\u00e9e des enfants. Conservez dans un endroit frais et sec, \u00e0 l&rsquo;abri de la lumi\u00e8re et ne d\u00e9passant pas 25\u00b0C. Veuillez vous r\u00e9f\u00e9rer \u00e0 la date de p\u00e9remption et au num\u00e9ro de lot indiqu\u00e9s au bas du paquet. Notez que le contenu est vendu au poids et non au volume.<\/p>\n<\/div>\n<\/div>\n<\/div>\n","protected":false},"excerpt":{"rendered":"<p><span class=\"badge rounded-pill text-bg-primary\">60 SERVINGS<\/span><\/p>\n<div class=\"procuct-contain\">Optimisez vos performances sportives avec la Cr\u00e9atine 300g de Yava Labs. Formul\u00e9e avec 4,9g de cr\u00e9atine monohydrate, 100mg de L-taurine et 1,5mg de vitamine B6, cette formule puissante booste la force musculaire et r\u00e9duit la fatigue.<\/div>\n","protected":false},"featured_media":6865,"comment_status":"open","ping_status":"closed","template":"","meta":[],"product_cat":[34],"product_tag":[],"class_list":{"0":"post-6864","1":"product","2":"type-product","3":"status-publish","4":"has-post-thumbnail","6":"product_brand-yava-labs","7":"product_cat-creatine","9":"first","10":"instock","11":"sale","12":"shipping-taxable","13":"purchasable","14":"product-type-simple"},"yoast_head":"<!-- This site is optimized with the Yoast SEO plugin v25.2 - https:\/\/yoast.com\/wordpress\/plugins\/seo\/ -->\n<title>CREATINE YAVA 300GR - MR MASS<\/title>\n<meta name=\"description\" content=\"60 SERVINGSOptimisez vos performances sportives avec la Cr\u00e9atine 300g de Yava Labs. Formul\u00e9e avec 4,9g de cr\u00e9atine monohydrate, 100mg de L-taurine et 1,5mg de vitamine B6, cette formule puissante booste la force musculaire et r\u00e9duit la fatigue.\" \/>\n<meta name=\"robots\" content=\"index, follow, max-snippet:-1, max-image-preview:large, max-video-preview:-1\" \/>\n<link rel=\"canonical\" href=\"https:\/\/mr-mass.com\/?product=creatine-yava-300gr\" \/>\n<meta property=\"og:locale\" content=\"fr_FR\" \/>\n<meta property=\"og:type\" content=\"article\" \/>\n<meta property=\"og:title\" content=\"CREATINE YAVA 300GR - MR MASS\" \/>\n<meta property=\"og:description\" content=\"60 SERVINGSOptimisez vos performances sportives avec la Cr\u00e9atine 300g de Yava Labs. Formul\u00e9e avec 4,9g de cr\u00e9atine monohydrate, 100mg de L-taurine et 1,5mg de vitamine B6, cette formule puissante booste la force musculaire et r\u00e9duit la fatigue.\" \/>\n<meta property=\"og:url\" content=\"https:\/\/mr-mass.com\/?product=creatine-yava-300gr\" \/>\n<meta property=\"og:site_name\" content=\"MR MASS\" \/>\n<meta property=\"article:modified_time\" content=\"2025-08-02T04:18:21+00:00\" \/>\n<meta property=\"og:image\" content=\"https:\/\/mr-mass.com\/wp-content\/uploads\/2025\/06\/produit_-_2024-08-28T163023.848-removebg-preview-1.webp-66cf38b2cfb05.webp\" \/>\n\t<meta property=\"og:image:width\" content=\"500\" \/>\n\t<meta property=\"og:image:height\" content=\"500\" \/>\n\t<meta property=\"og:image:type\" content=\"image\/webp\" \/>\n<meta name=\"twitter:card\" content=\"summary_large_image\" \/>\n<meta name=\"twitter:label1\" content=\"Dur\u00e9e de lecture estim\u00e9e\" \/>\n\t<meta name=\"twitter:data1\" content=\"2 minutes\" \/>\n<script type=\"application\/ld+json\" class=\"yoast-schema-graph\">{\"@context\":\"https:\/\/schema.org\",\"@graph\":[{\"@type\":\"WebPage\",\"@id\":\"https:\/\/mr-mass.com\/?product=creatine-yava-300gr\",\"url\":\"https:\/\/mr-mass.com\/?product=creatine-yava-300gr\",\"name\":\"CREATINE YAVA 300GR - MR MASS\",\"isPartOf\":{\"@id\":\"https:\/\/mr-mass.com\/#website\"},\"primaryImageOfPage\":{\"@id\":\"https:\/\/mr-mass.com\/?product=creatine-yava-300gr#primaryimage\"},\"image\":{\"@id\":\"https:\/\/mr-mass.com\/?product=creatine-yava-300gr#primaryimage\"},\"thumbnailUrl\":\"https:\/\/mr-mass.com\/wp-content\/uploads\/2025\/06\/produit_-_2024-08-28T163023.848-removebg-preview-1.webp-66cf38b2cfb05.webp\",\"datePublished\":\"2025-06-23T13:09:39+00:00\",\"dateModified\":\"2025-08-02T04:18:21+00:00\",\"description\":\"60 SERVINGSOptimisez vos performances sportives avec la Cr\u00e9atine 300g de Yava Labs. Formul\u00e9e avec 4,9g de cr\u00e9atine monohydrate, 100mg de L-taurine et 1,5mg de vitamine B6, cette formule puissante booste la force musculaire et r\u00e9duit la fatigue.\",\"breadcrumb\":{\"@id\":\"https:\/\/mr-mass.com\/?product=creatine-yava-300gr#breadcrumb\"},\"inLanguage\":\"fr-FR\",\"potentialAction\":[{\"@type\":\"ReadAction\",\"target\":[\"https:\/\/mr-mass.com\/?product=creatine-yava-300gr\"]}]},{\"@type\":\"ImageObject\",\"inLanguage\":\"fr-FR\",\"@id\":\"https:\/\/mr-mass.com\/?product=creatine-yava-300gr#primaryimage\",\"url\":\"https:\/\/mr-mass.com\/wp-content\/uploads\/2025\/06\/produit_-_2024-08-28T163023.848-removebg-preview-1.webp-66cf38b2cfb05.webp\",\"contentUrl\":\"https:\/\/mr-mass.com\/wp-content\/uploads\/2025\/06\/produit_-_2024-08-28T163023.848-removebg-preview-1.webp-66cf38b2cfb05.webp\",\"width\":500,\"height\":500},{\"@type\":\"BreadcrumbList\",\"@id\":\"https:\/\/mr-mass.com\/?product=creatine-yava-300gr#breadcrumb\",\"itemListElement\":[{\"@type\":\"ListItem\",\"position\":1,\"name\":\"Home\",\"item\":\"https:\/\/mr-mass.com\/\"},{\"@type\":\"ListItem\",\"position\":2,\"name\":\"Boutique\",\"item\":\"https:\/\/mr-mass.com\/?page_id=8\"},{\"@type\":\"ListItem\",\"position\":3,\"name\":\"CREATINE YAVA 300GR\"}]},{\"@type\":\"WebSite\",\"@id\":\"https:\/\/mr-mass.com\/#website\",\"url\":\"https:\/\/mr-mass.com\/\",\"name\":\"MR MASS\",\"description\":\"\",\"publisher\":{\"@id\":\"https:\/\/mr-mass.com\/#organization\"},\"potentialAction\":[{\"@type\":\"SearchAction\",\"target\":{\"@type\":\"EntryPoint\",\"urlTemplate\":\"https:\/\/mr-mass.com\/?s={search_term_string}\"},\"query-input\":{\"@type\":\"PropertyValueSpecification\",\"valueRequired\":true,\"valueName\":\"search_term_string\"}}],\"inLanguage\":\"fr-FR\"},{\"@type\":\"Organization\",\"@id\":\"https:\/\/mr-mass.com\/#organization\",\"name\":\"MR MASS\",\"url\":\"https:\/\/mr-mass.com\/\",\"logo\":{\"@type\":\"ImageObject\",\"inLanguage\":\"fr-FR\",\"@id\":\"https:\/\/mr-mass.com\/#\/schema\/logo\/image\/\",\"url\":\"https:\/\/mr-mass.com\/wp-content\/uploads\/2025\/06\/cropped-417524477_413976367821865_6357673664813295189_n-removebg-preview.png\",\"contentUrl\":\"https:\/\/mr-mass.com\/wp-content\/uploads\/2025\/06\/cropped-417524477_413976367821865_6357673664813295189_n-removebg-preview.png\",\"width\":500,\"height\":436,\"caption\":\"MR MASS\"},\"image\":{\"@id\":\"https:\/\/mr-mass.com\/#\/schema\/logo\/image\/\"}}]}<\/script>\n<!-- \/ Yoast SEO plugin. -->","yoast_head_json":{"title":"CREATINE YAVA 300GR - MR MASS","description":"60 SERVINGSOptimisez vos performances sportives avec la Cr\u00e9atine 300g de Yava Labs. Formul\u00e9e avec 4,9g de cr\u00e9atine monohydrate, 100mg de L-taurine et 1,5mg de vitamine B6, cette formule puissante booste la force musculaire et r\u00e9duit la fatigue.","robots":{"index":"index","follow":"follow","max-snippet":"max-snippet:-1","max-image-preview":"max-image-preview:large","max-video-preview":"max-video-preview:-1"},"canonical":"https:\/\/mr-mass.com\/?product=creatine-yava-300gr","og_locale":"fr_FR","og_type":"article","og_title":"CREATINE YAVA 300GR - MR MASS","og_description":"60 SERVINGSOptimisez vos performances sportives avec la Cr\u00e9atine 300g de Yava Labs. Formul\u00e9e avec 4,9g de cr\u00e9atine monohydrate, 100mg de L-taurine et 1,5mg de vitamine B6, cette formule puissante booste la force musculaire et r\u00e9duit la fatigue.","og_url":"https:\/\/mr-mass.com\/?product=creatine-yava-300gr","og_site_name":"MR MASS","article_modified_time":"2025-08-02T04:18:21+00:00","og_image":[{"width":500,"height":500,"url":"https:\/\/mr-mass.com\/wp-content\/uploads\/2025\/06\/produit_-_2024-08-28T163023.848-removebg-preview-1.webp-66cf38b2cfb05.webp","type":"image\/webp"}],"twitter_card":"summary_large_image","twitter_misc":{"Dur\u00e9e de lecture estim\u00e9e":"2 minutes"},"schema":{"@context":"https:\/\/schema.org","@graph":[{"@type":"WebPage","@id":"https:\/\/mr-mass.com\/?product=creatine-yava-300gr","url":"https:\/\/mr-mass.com\/?product=creatine-yava-300gr","name":"CREATINE YAVA 300GR - MR MASS","isPartOf":{"@id":"https:\/\/mr-mass.com\/#website"},"primaryImageOfPage":{"@id":"https:\/\/mr-mass.com\/?product=creatine-yava-300gr#primaryimage"},"image":{"@id":"https:\/\/mr-mass.com\/?product=creatine-yava-300gr#primaryimage"},"thumbnailUrl":"https:\/\/mr-mass.com\/wp-content\/uploads\/2025\/06\/produit_-_2024-08-28T163023.848-removebg-preview-1.webp-66cf38b2cfb05.webp","datePublished":"2025-06-23T13:09:39+00:00","dateModified":"2025-08-02T04:18:21+00:00","description":"60 SERVINGSOptimisez vos performances sportives avec la Cr\u00e9atine 300g de Yava Labs. Formul\u00e9e avec 4,9g de cr\u00e9atine monohydrate, 100mg de L-taurine et 1,5mg de vitamine B6, cette formule puissante booste la force musculaire et r\u00e9duit la fatigue.","breadcrumb":{"@id":"https:\/\/mr-mass.com\/?product=creatine-yava-300gr#breadcrumb"},"inLanguage":"fr-FR","potentialAction":[{"@type":"ReadAction","target":["https:\/\/mr-mass.com\/?product=creatine-yava-300gr"]}]},{"@type":"ImageObject","inLanguage":"fr-FR","@id":"https:\/\/mr-mass.com\/?product=creatine-yava-300gr#primaryimage","url":"https:\/\/mr-mass.com\/wp-content\/uploads\/2025\/06\/produit_-_2024-08-28T163023.848-removebg-preview-1.webp-66cf38b2cfb05.webp","contentUrl":"https:\/\/mr-mass.com\/wp-content\/uploads\/2025\/06\/produit_-_2024-08-28T163023.848-removebg-preview-1.webp-66cf38b2cfb05.webp","width":500,"height":500},{"@type":"BreadcrumbList","@id":"https:\/\/mr-mass.com\/?product=creatine-yava-300gr#breadcrumb","itemListElement":[{"@type":"ListItem","position":1,"name":"Home","item":"https:\/\/mr-mass.com\/"},{"@type":"ListItem","position":2,"name":"Boutique","item":"https:\/\/mr-mass.com\/?page_id=8"},{"@type":"ListItem","position":3,"name":"CREATINE YAVA 300GR"}]},{"@type":"WebSite","@id":"https:\/\/mr-mass.com\/#website","url":"https:\/\/mr-mass.com\/","name":"MR MASS","description":"","publisher":{"@id":"https:\/\/mr-mass.com\/#organization"},"potentialAction":[{"@type":"SearchAction","target":{"@type":"EntryPoint","urlTemplate":"https:\/\/mr-mass.com\/?s={search_term_string}"},"query-input":{"@type":"PropertyValueSpecification","valueRequired":true,"valueName":"search_term_string"}}],"inLanguage":"fr-FR"},{"@type":"Organization","@id":"https:\/\/mr-mass.com\/#organization","name":"MR MASS","url":"https:\/\/mr-mass.com\/","logo":{"@type":"ImageObject","inLanguage":"fr-FR","@id":"https:\/\/mr-mass.com\/#\/schema\/logo\/image\/","url":"https:\/\/mr-mass.com\/wp-content\/uploads\/2025\/06\/cropped-417524477_413976367821865_6357673664813295189_n-removebg-preview.png","contentUrl":"https:\/\/mr-mass.com\/wp-content\/uploads\/2025\/06\/cropped-417524477_413976367821865_6357673664813295189_n-removebg-preview.png","width":500,"height":436,"caption":"MR MASS"},"image":{"@id":"https:\/\/mr-mass.com\/#\/schema\/logo\/image\/"}}]}},"jetpack_sharing_enabled":true,"_links":{"self":[{"href":"https:\/\/mr-mass.com\/index.php?rest_route=\/wp\/v2\/product\/6864","targetHints":{"allow":["GET"]}}],"collection":[{"href":"https:\/\/mr-mass.com\/index.php?rest_route=\/wp\/v2\/product"}],"about":[{"href":"https:\/\/mr-mass.com\/index.php?rest_route=\/wp\/v2\/types\/product"}],"replies":[{"embeddable":true,"href":"https:\/\/mr-mass.com\/index.php?rest_route=%2Fwp%2Fv2%2Fcomments&post=6864"}],"wp:featuredmedia":[{"embeddable":true,"href":"https:\/\/mr-mass.com\/index.php?rest_route=\/wp\/v2\/media\/6865"}],"wp:attachment":[{"href":"https:\/\/mr-mass.com\/index.php?rest_route=%2Fwp%2Fv2%2Fmedia&parent=6864"}],"wp:term":[{"taxonomy":"product_cat","embeddable":true,"href":"https:\/\/mr-mass.com\/index.php?rest_route=%2Fwp%2Fv2%2Fproduct_cat&post=6864"},{"taxonomy":"product_tag","embeddable":true,"href":"https:\/\/mr-mass.com\/index.php?rest_route=%2Fwp%2Fv2%2Fproduct_tag&post=6864"}],"curies":[{"name":"wp","href":"https:\/\/api.w.org\/{rel}","templated":true}]}}