{"id":6870,"date":"2025-06-24T19:16:43","date_gmt":"2025-06-24T17:16:43","guid":{"rendered":"https:\/\/mr-mass.com\/?post_type=product&#038;p=6870"},"modified":"2025-10-13T17:45:21","modified_gmt":"2025-10-13T15:45:21","slug":"beta-alanine-200-g-natural","status":"publish","type":"product","link":"https:\/\/mr-mass.com\/?product=beta-alanine-200-g-natural","title":{"rendered":"Beta-Alanine 200 g natural"},"content":{"rendered":"<section class=\"projector__traits d-flex align-items-center flex-column\"><label class=\"--label col-12 col-md-10 col-lg-8 px-0\">Param\u00e8tres<\/label><\/p>\n<div class=\"projector__traits-list col-12 col-md-10 col-lg-8 px-0\">\n<div class=\"projector__trait\">\n<div class=\"--label\"><strong>Saveur:<\/strong><\/div>\n<div class=\"--list\">naturel<\/div>\n<\/div>\n<div class=\"projector__trait\">\n<div class=\"--label\"><strong>Forme du produit :<\/strong><\/div>\n<div class=\"--list\">poudre<\/div>\n<\/div>\n<div class=\"projector__trait\">\n<div class=\"--label\"><strong>Portions par contenant :<\/strong><\/div>\n<div class=\"--list\">250<\/div>\n<\/div>\n<div class=\"projector__trait\">\n<div class=\"--label\"><strong>Poids net:<\/strong><\/div>\n<div class=\"--list\">200 g<\/div>\n<\/div>\n<div class=\"projector__trait\">\n<div class=\"--label\"><strong>Ingr\u00e9dient dominant :<\/strong><\/div>\n<div class=\"--list\">b\u00eata-alanine<\/div>\n<\/div>\n<div class=\"projector__trait\">\n<div class=\"--label\"><strong>Produit v\u00e9g\u00e9talien :<\/strong><\/div>\n<div class=\"--list\">Oui<\/div>\n<\/div>\n<div class=\"projector__trait\">\n<div class=\"--label\"><strong>Code EAN:<\/strong><\/div>\n<div class=\"--list\">5902232611137<\/div>\n<\/div>\n<div class=\"projector__trait --icon\">\n<div class=\"--label --icon\"><img decoding=\"async\" class=\"b-lazy b-error\" src=\"https:\/\/ostrovit.com\/data\/lang\/eng\/traits\/gfx\/projector\/7017_2.svg\" alt=\"sans additifs inutiles\" \/><\/div>\n<div class=\"--desc\"><span class=\"--value\">sans additifs inutiles<\/span><\/div>\n<\/div>\n<\/div>\n<\/section>\n<section class=\"projector__tabs-dest cm\">\n<section class=\"projector__description row\" data-selector=\".--description\">\n<div class=\"col-12 col-md-10 col-lg-8\">\n<section class=\"mb-4\">\n<section class=\"cm__section\">\n<h2 class=\"cm__heading\">OstroVit B\u00eata-Alanine 200 g<\/h2>\n<p class=\"cm__text --bold\">OstroVit B\u00eata-Alanine est un compl\u00e9ment alimentaire de haute qualit\u00e9, source de b\u00eata-alanine. Sa composition simple et son ar\u00f4me naturel sont propos\u00e9s sous forme de poudre pratique. Ce produit est con\u00e7u pour les sportifs et les personnes actives qui souhaitent compl\u00e9ter leur alimentation avec un ingr\u00e9dient pr\u00e9cieux.<\/p>\n<section class=\"cm__stats\"><picture class=\"cm__stats-picture\"><img decoding=\"async\" src=\"https:\/\/static5.ostrovit.com\/hpeciai\/8021821d5b65543a9eb81184272e55cf\/eng_pm_OstroVit-Beta-Alanine-200-g-16634_1.png\" alt=\"OstroVit B\u00eata-Alanine 200 g naturelle\" \/><\/picture>\n<div class=\"row\">\n<div class=\"col-4\">\n<div class=\"cm__stats-value\">200<\/div>\n<div class=\"cm__stats-desc\">Grammes<\/div>\n<div class=\"cm__stats-capacity\">Par paquet<\/div>\n<\/div>\n<div class=\"col-4\">\n<div class=\"cm__stats-value\">250<\/div>\n<div class=\"cm__stats-desc\">Portions<\/div>\n<div class=\"cm__stats-capacity\">Par paquet<\/div>\n<\/div>\n<div class=\"col-4\">\n<div class=\"cm__stats-value\">1<\/div>\n<div class=\"cm__stats-desc\">Scoop<\/div>\n<div class=\"cm__stats-capacity\">1 portion = 1 mesure<\/div>\n<\/div>\n<\/div>\n<\/section>\n<ul class=\"cm__list\">\n<li><strong>Une riche source de b\u00eata-alanine<\/strong>\u00a0: une portion d\u2019un compl\u00e9ment alimentaire fournit au corps 800 mg d\u2019un compos\u00e9 pr\u00e9cieux.<\/li>\n<li><strong>Composition simple<\/strong>\u00a0&#8211; le produit ne contient que de la b\u00eata-alanine, sans additifs inutiles.<\/li>\n<li><strong>Ar\u00f4me naturel<\/strong>\u00a0.<\/li>\n<li><strong>1 portion = 1 mesure = 800 mg<\/strong>\u00a0.<\/li>\n<li><strong>Efficacit\u00e9<\/strong>\u00a0&#8211; l&#8217;emballage du produit contient 250 portions de la pr\u00e9paration.<\/li>\n<li><strong>Forme pratique<\/strong>\u00a0&#8211; la pr\u00e9paration disponible sous forme de poudre fournit un apport sans probl\u00e8me d&rsquo;un compl\u00e9ment alimentaire et est id\u00e9ale pour les personnes qui ont des difficult\u00e9s \u00e0 avaler des comprim\u00e9s.<\/li>\n<\/ul>\n<h2 class=\"cm__heading\">OstroVit Beta-Alanine &#8211; une source concentr\u00e9e d&rsquo;ingr\u00e9dients pr\u00e9cieux<\/h2>\n<p class=\"cm__text\"><strong>La b\u00eata-alanine<\/strong>\u00a0est un compos\u00e9 chimique organique class\u00e9 parmi les acides amin\u00e9s endog\u00e8nes. Avec la L-histidine, elle est un pr\u00e9curseur de la carnosine, un dipeptide extr\u00eamement important chez les personnes physiquement actives, pr\u00e9sent principalement dans les cellules musculaires. La b\u00eata-alanine est synth\u00e9tis\u00e9e naturellement par le corps humain et peut \u00e9galement \u00eatre absorb\u00e9e par l&rsquo;alimentation quotidienne. Elle provient principalement de la viande et des produits carn\u00e9s.<\/p>\n<p class=\"cm__text --bold\">Le produit pr\u00e9sente de fortes propri\u00e9t\u00e9s hygroscopiques (absorbe fortement l&rsquo;humidit\u00e9). La formation de grumeaux ou une consistance uniforme (compacte) ne signifie pas une perte de propri\u00e9t\u00e9s du produit. Dans ce cas, il convient de le broyer \u00e0 nouveau.<\/p>\n<\/section>\n<section class=\"cm__section\">\n<div class=\"cm__heading\">Qualit\u00e9 confirm\u00e9e en laboratoire<\/div>\n<p class=\"cm__text --bold\">Dans un souci de sant\u00e9 de nos clients, les produits que nous fabriquons sont r\u00e9guli\u00e8rement test\u00e9s dans un laboratoire ind\u00e9pendant et accr\u00e9dit\u00e9 afin de garantir et de maintenir la plus haute qualit\u00e9.<\/p>\n<div class=\"cm__laboratory\"><span class=\"--loaded\"><img decoding=\"async\" class=\"b-lazy b-loaded\" src=\"https:\/\/ostrovit.com\/data\/include\/cms\/description\/bad_1.jpg\" data-src_mobile=\"\/data\/include\/cms\/description\/bad_1.jpg\" \/><\/span><span class=\"--loaded\"><img decoding=\"async\" class=\"b-lazy b-loaded\" src=\"https:\/\/ostrovit.com\/data\/include\/cms\/description\/bad_2.jpg\" data-src_mobile=\"\/data\/include\/cms\/description\/bad_2.jpg\" \/><\/span><span class=\"--loaded\"><img decoding=\"async\" class=\"b-lazy b-loaded\" src=\"https:\/\/ostrovit.com\/data\/include\/cms\/description\/bad_3.jpg\" data-src_mobile=\"\/data\/include\/cms\/description\/bad_3.jpg\" \/><\/span><\/div>\n<div class=\"cm__enclousers\"><a class=\"--file\" href=\"https:\/\/ostrovit.com\/data\/include\/cms\/lab-test\/28-03-2025_OstroVit_Beta-Alanine_200g_lemon_microbiology_219190_25_GDY_EN.pdf\" target=\"_blank\" rel=\"noopener\">OstroVit Beta-Alanine &#8211; Test de teneur en m\u00e9taux lourds 03.04.2025<\/a><a class=\"--file\" href=\"https:\/\/ostrovit.com\/data\/include\/cms\/lab-test\/23.02.2024_OstroVit_BETA-ALANINE_smak_NATURAL_2BETA059_n_-_mikrobiologia_L_0_02_2024_3510_M_35_EN.pdf\" target=\"_blank\" rel=\"noopener\">OstroVit B\u00eata Alanine &#8211; Test microbiologique 01.03.2024<\/a><a class=\"--file\" href=\"https:\/\/ostrovit.com\/data\/include\/cms\/lab-test\/22.02.2024_OstroVit_BETA-ALANINE_smak_NATURAL_metale_ciezkie_L_0_02_2024_3510_F_14_EN.pdf\" target=\"_blank\" rel=\"noopener\">OstroVit Beta Alanine &#8211; Test de teneur en m\u00e9taux lourds 29.02.2024<\/a><\/div>\n<\/section>\n<\/section>\n<\/div>\n<\/section>\n<section class=\"projector__description--usage row\" data-selector=\".--usage\">\n<div class=\"--label col-12 --expanded\">Utilisation sugg\u00e9r\u00e9e<\/div>\n<div class=\"col-12 col-md-10 col-lg-8\">\n<p>Pour une portion de 800 mg (1 mesurette rase), dissoudre dans 100 ml d&rsquo;eau ou de jus. Utiliser le gobelet doseur inclus dans l&#8217;emballage (1 ml).<\/p>\n<p><strong>Une prise unique de b\u00eata-alanine sup\u00e9rieure \u00e0 800 mg peut provoquer des effets secondaires (picotements, engourdissements). Il est conseill\u00e9 de consommer une dose unique de 800 mg avec un intervalle d&rsquo;au moins 3 heures entre chaque prise.<\/strong><\/p>\n<p>Le produit est destin\u00e9 aux personnes ayant une activit\u00e9 physique accrue.<\/p>\n<p>Ne pas d\u00e9passer la dose journali\u00e8re recommand\u00e9e. Ce compl\u00e9ment alimentaire ne doit pas se substituer \u00e0 une alimentation vari\u00e9e. Une alimentation \u00e9quilibr\u00e9e et un mode de vie sain sont recommand\u00e9s. Ne pas consommer en cas d&rsquo;allergie \u00e0 l&rsquo;un des ingr\u00e9dients du produit. Ce produit est d\u00e9conseill\u00e9 aux enfants, aux femmes enceintes et aux m\u00e8res allaitantes. Tenir hors de port\u00e9e des jeunes enfants.<\/p>\n<\/div>\n<\/section>\n<section class=\"projector__description--nutritional row\" data-selector=\".--nutritional\">\n<div class=\"--label col-12 --expanded\">Informations nutritionnelles<\/div>\n<div class=\"col-12 col-md-10 col-lg-8\">\n<div class=\"--composition mb-4\">\n<h3 class=\"--sublabel\"><strong>Ingr\u00e9dients<\/strong><\/h3>\n<p>B\u00eata-alanine<\/p>\n<p>Le produit peut contenir du lait, du soja, des arachides, d&rsquo;autres fruits \u00e0 coque, des graines de s\u00e9same, de l&rsquo;avoine, des \u0153ufs, des crustac\u00e9s, du poisson.<\/p>\n<\/div>\n<div class=\"--nutrit\">\n<h3 class=\"--sublabel\"><strong>Valeurs nutritionnelles<\/strong><\/h3>\n<div class=\"nutrition_table_wrapper\">\n<div class=\"top_info\"><label>Poids net du produit : 200 g<\/label><\/div>\n<div class=\"top_info\"><label>Portions par contenant : 250<\/label><\/div>\n<div class=\"top_info\"><label>Portion : 800 mg<\/label><\/div>\n<div class=\"table_wrapper\">\n<table>\n<tbody>\n<tr>\n<th>Ingr\u00e9dients actifs<\/th>\n<th>Pour 100 g<\/th>\n<th>1 portion<\/th>\n<th>3 portions<\/th>\n<\/tr>\n<tr>\n<td>B\u00eata-alanine<\/td>\n<td>100 g<\/td>\n<td>800 mg<\/td>\n<td>2400 mg<\/td>\n<\/tr>\n<\/tbody>\n<\/table>\n<\/div>\n<\/div>\n<\/div>\n<\/div>\n<\/section>\n<\/section>\n","protected":false},"excerpt":{"rendered":"<p>OstroVit B\u00eata-Alanine est un compl\u00e9ment alimentaire de haute qualit\u00e9, source de b\u00eata-alanine. Sa composition simple et son ar\u00f4me naturel sont propos\u00e9s sous forme de poudre pratique. Ce produit est con\u00e7u pour les sportifs et les personnes actives qui souhaitent compl\u00e9ter leur alimentation avec un ingr\u00e9dient pr\u00e9cieux.<\/p>\n","protected":false},"featured_media":6871,"comment_status":"open","ping_status":"closed","template":"","meta":[],"product_cat":[78,38],"product_tag":[],"class_list":{"0":"post-6870","1":"product","2":"type-product","3":"status-publish","4":"has-post-thumbnail","6":"product_brand-ostrovit","7":"product_cat-acide-amine","8":"product_cat-endurance-energy","10":"first","11":"outofstock","12":"shipping-taxable","13":"purchasable","14":"product-type-simple"},"yoast_head":"<!-- This site is optimized with the Yoast SEO plugin v25.2 - https:\/\/yoast.com\/wordpress\/plugins\/seo\/ -->\n<title>Beta-Alanine 200 g natural - MR MASS<\/title>\n<meta name=\"description\" content=\"OstroVit B\u00eata-Alanine est un compl\u00e9ment alimentaire de haute qualit\u00e9, source de b\u00eata-alanine. Sa composition simple et son ar\u00f4me naturel sont propos\u00e9s sous forme de poudre pratique. Ce produit est con\u00e7u pour les sportifs et les personnes actives qui souhaitent compl\u00e9ter leur alimentation avec un ingr\u00e9dient pr\u00e9cieux.\" \/>\n<meta name=\"robots\" content=\"index, follow, max-snippet:-1, max-image-preview:large, max-video-preview:-1\" \/>\n<link rel=\"canonical\" href=\"https:\/\/mr-mass.com\/?product=beta-alanine-200-g-natural\" \/>\n<meta property=\"og:locale\" content=\"fr_FR\" \/>\n<meta property=\"og:type\" content=\"article\" \/>\n<meta property=\"og:title\" content=\"Beta-Alanine 200 g natural - MR MASS\" \/>\n<meta property=\"og:description\" content=\"OstroVit B\u00eata-Alanine est un compl\u00e9ment alimentaire de haute qualit\u00e9, source de b\u00eata-alanine. Sa composition simple et son ar\u00f4me naturel sont propos\u00e9s sous forme de poudre pratique. Ce produit est con\u00e7u pour les sportifs et les personnes actives qui souhaitent compl\u00e9ter leur alimentation avec un ingr\u00e9dient pr\u00e9cieux.\" \/>\n<meta property=\"og:url\" content=\"https:\/\/mr-mass.com\/?product=beta-alanine-200-g-natural\" \/>\n<meta property=\"og:site_name\" content=\"MR MASS\" \/>\n<meta property=\"article:modified_time\" content=\"2025-10-13T15:45:21+00:00\" \/>\n<meta property=\"og:image\" content=\"https:\/\/mr-mass.com\/wp-content\/uploads\/2025\/06\/eng_pm_OstroVit-Beta-Alanine-200-g-16634_1.png\" \/>\n\t<meta property=\"og:image:width\" content=\"450\" \/>\n\t<meta property=\"og:image:height\" content=\"450\" \/>\n\t<meta property=\"og:image:type\" content=\"image\/png\" \/>\n<meta name=\"twitter:card\" content=\"summary_large_image\" \/>\n<meta name=\"twitter:label1\" content=\"Dur\u00e9e de lecture estim\u00e9e\" \/>\n\t<meta name=\"twitter:data1\" content=\"4 minutes\" \/>\n<script type=\"application\/ld+json\" class=\"yoast-schema-graph\">{\"@context\":\"https:\/\/schema.org\",\"@graph\":[{\"@type\":\"WebPage\",\"@id\":\"https:\/\/mr-mass.com\/?product=beta-alanine-200-g-natural\",\"url\":\"https:\/\/mr-mass.com\/?product=beta-alanine-200-g-natural\",\"name\":\"Beta-Alanine 200 g natural - MR MASS\",\"isPartOf\":{\"@id\":\"https:\/\/mr-mass.com\/#website\"},\"primaryImageOfPage\":{\"@id\":\"https:\/\/mr-mass.com\/?product=beta-alanine-200-g-natural#primaryimage\"},\"image\":{\"@id\":\"https:\/\/mr-mass.com\/?product=beta-alanine-200-g-natural#primaryimage\"},\"thumbnailUrl\":\"https:\/\/mr-mass.com\/wp-content\/uploads\/2025\/06\/eng_pm_OstroVit-Beta-Alanine-200-g-16634_1.png\",\"datePublished\":\"2025-06-24T17:16:43+00:00\",\"dateModified\":\"2025-10-13T15:45:21+00:00\",\"description\":\"OstroVit B\u00eata-Alanine est un compl\u00e9ment alimentaire de haute qualit\u00e9, source de b\u00eata-alanine. Sa composition simple et son ar\u00f4me naturel sont propos\u00e9s sous forme de poudre pratique. Ce produit est con\u00e7u pour les sportifs et les personnes actives qui souhaitent compl\u00e9ter leur alimentation avec un ingr\u00e9dient pr\u00e9cieux.\",\"breadcrumb\":{\"@id\":\"https:\/\/mr-mass.com\/?product=beta-alanine-200-g-natural#breadcrumb\"},\"inLanguage\":\"fr-FR\",\"potentialAction\":[{\"@type\":\"ReadAction\",\"target\":[\"https:\/\/mr-mass.com\/?product=beta-alanine-200-g-natural\"]}]},{\"@type\":\"ImageObject\",\"inLanguage\":\"fr-FR\",\"@id\":\"https:\/\/mr-mass.com\/?product=beta-alanine-200-g-natural#primaryimage\",\"url\":\"https:\/\/mr-mass.com\/wp-content\/uploads\/2025\/06\/eng_pm_OstroVit-Beta-Alanine-200-g-16634_1.png\",\"contentUrl\":\"https:\/\/mr-mass.com\/wp-content\/uploads\/2025\/06\/eng_pm_OstroVit-Beta-Alanine-200-g-16634_1.png\",\"width\":450,\"height\":450},{\"@type\":\"BreadcrumbList\",\"@id\":\"https:\/\/mr-mass.com\/?product=beta-alanine-200-g-natural#breadcrumb\",\"itemListElement\":[{\"@type\":\"ListItem\",\"position\":1,\"name\":\"Home\",\"item\":\"https:\/\/mr-mass.com\/\"},{\"@type\":\"ListItem\",\"position\":2,\"name\":\"Boutique\",\"item\":\"https:\/\/mr-mass.com\/?page_id=8\"},{\"@type\":\"ListItem\",\"position\":3,\"name\":\"Beta-Alanine 200 g natural\"}]},{\"@type\":\"WebSite\",\"@id\":\"https:\/\/mr-mass.com\/#website\",\"url\":\"https:\/\/mr-mass.com\/\",\"name\":\"MR MASS\",\"description\":\"\",\"publisher\":{\"@id\":\"https:\/\/mr-mass.com\/#organization\"},\"potentialAction\":[{\"@type\":\"SearchAction\",\"target\":{\"@type\":\"EntryPoint\",\"urlTemplate\":\"https:\/\/mr-mass.com\/?s={search_term_string}\"},\"query-input\":{\"@type\":\"PropertyValueSpecification\",\"valueRequired\":true,\"valueName\":\"search_term_string\"}}],\"inLanguage\":\"fr-FR\"},{\"@type\":\"Organization\",\"@id\":\"https:\/\/mr-mass.com\/#organization\",\"name\":\"MR MASS\",\"url\":\"https:\/\/mr-mass.com\/\",\"logo\":{\"@type\":\"ImageObject\",\"inLanguage\":\"fr-FR\",\"@id\":\"https:\/\/mr-mass.com\/#\/schema\/logo\/image\/\",\"url\":\"https:\/\/mr-mass.com\/wp-content\/uploads\/2025\/06\/cropped-417524477_413976367821865_6357673664813295189_n-removebg-preview.png\",\"contentUrl\":\"https:\/\/mr-mass.com\/wp-content\/uploads\/2025\/06\/cropped-417524477_413976367821865_6357673664813295189_n-removebg-preview.png\",\"width\":500,\"height\":436,\"caption\":\"MR MASS\"},\"image\":{\"@id\":\"https:\/\/mr-mass.com\/#\/schema\/logo\/image\/\"}}]}<\/script>\n<!-- \/ Yoast SEO plugin. -->","yoast_head_json":{"title":"Beta-Alanine 200 g natural - MR MASS","description":"OstroVit B\u00eata-Alanine est un compl\u00e9ment alimentaire de haute qualit\u00e9, source de b\u00eata-alanine. Sa composition simple et son ar\u00f4me naturel sont propos\u00e9s sous forme de poudre pratique. Ce produit est con\u00e7u pour les sportifs et les personnes actives qui souhaitent compl\u00e9ter leur alimentation avec un ingr\u00e9dient pr\u00e9cieux.","robots":{"index":"index","follow":"follow","max-snippet":"max-snippet:-1","max-image-preview":"max-image-preview:large","max-video-preview":"max-video-preview:-1"},"canonical":"https:\/\/mr-mass.com\/?product=beta-alanine-200-g-natural","og_locale":"fr_FR","og_type":"article","og_title":"Beta-Alanine 200 g natural - MR MASS","og_description":"OstroVit B\u00eata-Alanine est un compl\u00e9ment alimentaire de haute qualit\u00e9, source de b\u00eata-alanine. Sa composition simple et son ar\u00f4me naturel sont propos\u00e9s sous forme de poudre pratique. Ce produit est con\u00e7u pour les sportifs et les personnes actives qui souhaitent compl\u00e9ter leur alimentation avec un ingr\u00e9dient pr\u00e9cieux.","og_url":"https:\/\/mr-mass.com\/?product=beta-alanine-200-g-natural","og_site_name":"MR MASS","article_modified_time":"2025-10-13T15:45:21+00:00","og_image":[{"width":450,"height":450,"url":"https:\/\/mr-mass.com\/wp-content\/uploads\/2025\/06\/eng_pm_OstroVit-Beta-Alanine-200-g-16634_1.png","type":"image\/png"}],"twitter_card":"summary_large_image","twitter_misc":{"Dur\u00e9e de lecture estim\u00e9e":"4 minutes"},"schema":{"@context":"https:\/\/schema.org","@graph":[{"@type":"WebPage","@id":"https:\/\/mr-mass.com\/?product=beta-alanine-200-g-natural","url":"https:\/\/mr-mass.com\/?product=beta-alanine-200-g-natural","name":"Beta-Alanine 200 g natural - MR MASS","isPartOf":{"@id":"https:\/\/mr-mass.com\/#website"},"primaryImageOfPage":{"@id":"https:\/\/mr-mass.com\/?product=beta-alanine-200-g-natural#primaryimage"},"image":{"@id":"https:\/\/mr-mass.com\/?product=beta-alanine-200-g-natural#primaryimage"},"thumbnailUrl":"https:\/\/mr-mass.com\/wp-content\/uploads\/2025\/06\/eng_pm_OstroVit-Beta-Alanine-200-g-16634_1.png","datePublished":"2025-06-24T17:16:43+00:00","dateModified":"2025-10-13T15:45:21+00:00","description":"OstroVit B\u00eata-Alanine est un compl\u00e9ment alimentaire de haute qualit\u00e9, source de b\u00eata-alanine. Sa composition simple et son ar\u00f4me naturel sont propos\u00e9s sous forme de poudre pratique. Ce produit est con\u00e7u pour les sportifs et les personnes actives qui souhaitent compl\u00e9ter leur alimentation avec un ingr\u00e9dient pr\u00e9cieux.","breadcrumb":{"@id":"https:\/\/mr-mass.com\/?product=beta-alanine-200-g-natural#breadcrumb"},"inLanguage":"fr-FR","potentialAction":[{"@type":"ReadAction","target":["https:\/\/mr-mass.com\/?product=beta-alanine-200-g-natural"]}]},{"@type":"ImageObject","inLanguage":"fr-FR","@id":"https:\/\/mr-mass.com\/?product=beta-alanine-200-g-natural#primaryimage","url":"https:\/\/mr-mass.com\/wp-content\/uploads\/2025\/06\/eng_pm_OstroVit-Beta-Alanine-200-g-16634_1.png","contentUrl":"https:\/\/mr-mass.com\/wp-content\/uploads\/2025\/06\/eng_pm_OstroVit-Beta-Alanine-200-g-16634_1.png","width":450,"height":450},{"@type":"BreadcrumbList","@id":"https:\/\/mr-mass.com\/?product=beta-alanine-200-g-natural#breadcrumb","itemListElement":[{"@type":"ListItem","position":1,"name":"Home","item":"https:\/\/mr-mass.com\/"},{"@type":"ListItem","position":2,"name":"Boutique","item":"https:\/\/mr-mass.com\/?page_id=8"},{"@type":"ListItem","position":3,"name":"Beta-Alanine 200 g natural"}]},{"@type":"WebSite","@id":"https:\/\/mr-mass.com\/#website","url":"https:\/\/mr-mass.com\/","name":"MR MASS","description":"","publisher":{"@id":"https:\/\/mr-mass.com\/#organization"},"potentialAction":[{"@type":"SearchAction","target":{"@type":"EntryPoint","urlTemplate":"https:\/\/mr-mass.com\/?s={search_term_string}"},"query-input":{"@type":"PropertyValueSpecification","valueRequired":true,"valueName":"search_term_string"}}],"inLanguage":"fr-FR"},{"@type":"Organization","@id":"https:\/\/mr-mass.com\/#organization","name":"MR MASS","url":"https:\/\/mr-mass.com\/","logo":{"@type":"ImageObject","inLanguage":"fr-FR","@id":"https:\/\/mr-mass.com\/#\/schema\/logo\/image\/","url":"https:\/\/mr-mass.com\/wp-content\/uploads\/2025\/06\/cropped-417524477_413976367821865_6357673664813295189_n-removebg-preview.png","contentUrl":"https:\/\/mr-mass.com\/wp-content\/uploads\/2025\/06\/cropped-417524477_413976367821865_6357673664813295189_n-removebg-preview.png","width":500,"height":436,"caption":"MR MASS"},"image":{"@id":"https:\/\/mr-mass.com\/#\/schema\/logo\/image\/"}}]}},"jetpack_sharing_enabled":true,"_links":{"self":[{"href":"https:\/\/mr-mass.com\/index.php?rest_route=\/wp\/v2\/product\/6870","targetHints":{"allow":["GET"]}}],"collection":[{"href":"https:\/\/mr-mass.com\/index.php?rest_route=\/wp\/v2\/product"}],"about":[{"href":"https:\/\/mr-mass.com\/index.php?rest_route=\/wp\/v2\/types\/product"}],"replies":[{"embeddable":true,"href":"https:\/\/mr-mass.com\/index.php?rest_route=%2Fwp%2Fv2%2Fcomments&post=6870"}],"wp:featuredmedia":[{"embeddable":true,"href":"https:\/\/mr-mass.com\/index.php?rest_route=\/wp\/v2\/media\/6871"}],"wp:attachment":[{"href":"https:\/\/mr-mass.com\/index.php?rest_route=%2Fwp%2Fv2%2Fmedia&parent=6870"}],"wp:term":[{"taxonomy":"product_cat","embeddable":true,"href":"https:\/\/mr-mass.com\/index.php?rest_route=%2Fwp%2Fv2%2Fproduct_cat&post=6870"},{"taxonomy":"product_tag","embeddable":true,"href":"https:\/\/mr-mass.com\/index.php?rest_route=%2Fwp%2Fv2%2Fproduct_tag&post=6870"}],"curies":[{"name":"wp","href":"https:\/\/api.w.org\/{rel}","templated":true}]}}