{"id":6873,"date":"2025-06-24T19:21:23","date_gmt":"2025-06-24T17:21:23","guid":{"rendered":"https:\/\/mr-mass.com\/?post_type=product&#038;p=6873"},"modified":"2025-06-28T15:11:09","modified_gmt":"2025-06-28T13:11:09","slug":"ostrovit-arginine-210-g-lemon","status":"publish","type":"product","link":"https:\/\/mr-mass.com\/?product=ostrovit-arginine-210-g-lemon","title":{"rendered":"OstroVit Arginine 210 g lemon"},"content":{"rendered":"<section class=\"projector__traits d-flex align-items-center flex-column\"><label class=\"--label col-12 col-md-10 col-lg-8 px-0\">Param\u00e8tres<\/label><\/p>\n<div class=\"projector__traits-list col-12 col-md-10 col-lg-8 px-0\">\n<div class=\"projector__trait\">\n<div class=\"--label\"><strong>Saveur:<\/strong><\/div>\n<div class=\"--list\">citron<\/div>\n<\/div>\n<div class=\"projector__trait\">\n<div class=\"--label\"><strong>Forme du produit :<\/strong><\/div>\n<div class=\"--list\">poudre<\/div>\n<\/div>\n<div class=\"projector__trait\">\n<div class=\"--label\"><strong>Portions par contenant :<\/strong><\/div>\n<div class=\"--list\">38<\/div>\n<\/div>\n<div class=\"projector__trait\">\n<div class=\"--label\"><strong>Poids net:<\/strong><\/div>\n<div class=\"--list\">210 g<\/div>\n<\/div>\n<div class=\"projector__trait\">\n<div class=\"--label\"><strong>Ingr\u00e9dient dominant :<\/strong><\/div>\n<div class=\"--list\">l-arginine<\/div>\n<\/div>\n<div class=\"projector__trait\">\n<div class=\"--label\"><strong>Produit v\u00e9g\u00e9talien :<\/strong><\/div>\n<div class=\"--list\">Oui<\/div>\n<\/div>\n<div class=\"projector__trait\">\n<div class=\"--label\"><strong>Code EAN:<\/strong><\/div>\n<div class=\"--list\">5902232611267<\/div>\n<\/div>\n<\/div>\n<\/section>\n<section class=\"projector__tabs-dest cm\">\n<section class=\"projector__description row\" data-selector=\".--description\">\n<div class=\"col-12 col-md-10 col-lg-8\">\n<section class=\"mb-4\">\n<section class=\"cm__section\">\n<h2 class=\"cm__heading\">OstroVit Arginine 210 g<\/h2>\n<p class=\"cm__text --bold\">OstroVit Arginine est un compl\u00e9ment alimentaire de haute qualit\u00e9 qui constitue une source pr\u00e9cieuse d&rsquo;acide amin\u00e9, la L-arginine. Cette pr\u00e9paration au d\u00e9licieux go\u00fbt fruit\u00e9 est disponible sous forme de poudre pratique \u00e0 consommer, sans sucre ajout\u00e9. Ce produit est con\u00e7u pour les sportifs et les personnes souhaitant compl\u00e9ter leur alimentation avec des compos\u00e9s pr\u00e9cieux.<\/p>\n<section class=\"cm__stats\"><picture class=\"cm__stats-picture\"><img decoding=\"async\" src=\"https:\/\/static2.ostrovit.com\/hpeciai\/304de9381dffb69a2f602059604a4990\/eng_pm_OstroVit-Arginine-210-g-16638_1.png\" alt=\"OstroVit Arginine 210 g citron\" \/><\/picture>\n<div class=\"row\">\n<div class=\"col-4\">\n<div class=\"cm__stats-value\">210<\/div>\n<div class=\"cm__stats-desc\">Grammes<\/div>\n<div class=\"cm__stats-capacity\">par paquet<\/div>\n<\/div>\n<div class=\"col-4\">\n<div class=\"cm__stats-value\">38<\/div>\n<div class=\"cm__stats-desc\">Portions<\/div>\n<div class=\"cm__stats-capacity\">par paquet<\/div>\n<\/div>\n<div class=\"col-4\">\n<div class=\"cm__stats-value\">3\/4<\/div>\n<div class=\"cm__stats-desc\">Boules<\/div>\n<div class=\"cm__stats-capacity\">1 portion = 3\/4 mesure<\/div>\n<\/div>\n<\/div>\n<\/section>\n<ul class=\"cm__list\">\n<li><strong>Source de L-arginine<\/strong>\u00a0&#8211; une portion du compl\u00e9ment alimentaire fournit \u00e0 l&rsquo;organisme 3000 mg d&rsquo;acide amin\u00e9.<\/li>\n<li><strong>Deux saveurs disponibles<\/strong>\u00a0: citron rafra\u00eechissant ou orange juteuse\u00a0? Choisissez celle qui ravira vos papilles.<\/li>\n<li><strong>Sans sucre ajout\u00e9<\/strong>\u00a0&#8211; le compl\u00e9ment alimentaire contient des \u00e9dulcorants \u00e0 faible teneur \u00e9nerg\u00e9tique qui contribuent \u00e0 r\u00e9duire la teneur \u00e9nerg\u00e9tique du produit.<\/li>\n<li><strong>1 portion = \u00be mesure = 5,45 g<\/strong>\u00a0.<\/li>\n<li><strong>Efficacit\u00e9<\/strong>\u00a0&#8211; l&#8217;emballage du produit contient 38 portions de la pr\u00e9paration.<\/li>\n<li><strong>Forme pratique<\/strong>\u00a0&#8211; la pr\u00e9paration est disponible sous forme de poudre, ce qui garantit un approvisionnement sans probl\u00e8me du suppl\u00e9ment et sera id\u00e9al pour les personnes qui ont des difficult\u00e9s \u00e0 avaler des comprim\u00e9s.<\/li>\n<\/ul>\n<h2 class=\"cm__heading\">OstroVit Arginine &#8211; source pr\u00e9cieuse d&rsquo;acides amin\u00e9s pr\u00e9cieux<\/h2>\n<p class=\"cm__text\"><strong>L&rsquo;arginine<\/strong>\u00a0est un compos\u00e9 chimique organique du groupe des acides amin\u00e9s relativement exog\u00e8nes. Le corps humain peut produire naturellement ce compos\u00e9, mais en quantit\u00e9s insuffisantes pour r\u00e9pondre \u00e0 ses besoins. Par cons\u00e9quent, ce compos\u00e9 peut \u00e9galement \u00eatre apport\u00e9 par l&rsquo;alimentation ou sous forme de compl\u00e9ments alimentaires. La L-arginine est pr\u00e9sente dans les aliments riches en prot\u00e9ines tels que les noix, les produits laitiers, la viande, le poisson et les fruits de mer, ainsi que dans les l\u00e9gumineuses et les graines de courge. L&rsquo;arginine est un acide amin\u00e9 qui, avec\u00a0<a href=\"https:\/\/ostrovit.com\/en\/menu\/citrulline-18858.html\" target=\"_blank\" rel=\"noopener\">la L-citrulline<\/a>\u00a0et la L-ornithine, est un interm\u00e9diaire du cycle de l&rsquo;ur\u00e9e et un substrat pour la synth\u00e8se de l&rsquo;oxyde nitrique (NO) et la production de\u00a0<a href=\"https:\/\/ostrovit.com\/en\/menu\/creatine-18777.html\" target=\"_blank\" rel=\"noopener\">cr\u00e9atine<\/a>\u00a0.<\/p>\n<p class=\"cm__text --bold\"><strong>ATTENTION\u00a0! Le produit a un go\u00fbt amer et d\u00e9sagr\u00e9able. Ce go\u00fbt est d\u00fb \u00e0 ses propri\u00e9t\u00e9s sensorielles naturelles. Une bonne solution consiste \u00e0 m\u00e9langer le produit \u00e0 du jus ou \u00e0 consommer la poudre directement avec de l&rsquo;eau ou du jus.<\/strong><\/p>\n<div class=\"--label col-12 --expanded\">Utilisation sugg\u00e9r\u00e9e<\/div>\n<div class=\"col-12 col-md-10 col-lg-8\">\n<p>Ajouter 5,45 g (3\/4 de mesure) \u00e0 200 ml d&rsquo;eau ou de jus. Les jours d&rsquo;entra\u00eenement, consommer une portion 30 minutes avant.<\/p>\n<p>Ne pas d\u00e9passer la dose journali\u00e8re recommand\u00e9e. Ce compl\u00e9ment alimentaire ne peut se substituer \u00e0 une alimentation vari\u00e9e. Une alimentation \u00e9quilibr\u00e9e et un mode de vie sain sont recommand\u00e9s. Ne pas consommer en cas d&rsquo;allergie \u00e0 l&rsquo;un des ingr\u00e9dients du produit. Ce produit est d\u00e9conseill\u00e9 aux enfants, aux femmes enceintes et aux m\u00e8res allaitantes. Tenir hors de port\u00e9e des jeunes enfants.<\/p>\n<div class=\"--label col-12 --expanded\">Informations nutritionnelles<\/div>\n<div class=\"col-12 col-md-10 col-lg-8\">\n<div class=\"--composition mb-4\">\n<h3 class=\"--sublabel\"><strong>Ingr\u00e9dients<\/strong><\/h3>\n<p>L-arginine, correcteur d&rsquo;acidit\u00e9 : acide citrique ; ar\u00f4mes, \u00e9dulcorants : sucralose, ac\u00e9sulfame K.<\/p>\n<p>Compl\u00e9ment alimentaire. Contient des \u00e9dulcorants.<\/p>\n<p>Le produit peut contenir du lait (y compris du lactose), du soja, des arachides, d&rsquo;autres fruits \u00e0 coque, des graines de s\u00e9same, des c\u00e9r\u00e9ales contenant du gluten, des \u0153ufs, des crustac\u00e9s, du poisson.<\/p>\n<\/div>\n<div class=\"--nutrit\">\n<h3 class=\"--sublabel\"><strong>Valeurs nutritionnelles<\/strong><\/h3>\n<div class=\"nutrition_table_wrapper\">\n<div class=\"top_info\">Poids net du produit : 210 g<\/div>\n<div class=\"top_info\">Portions par contenant : 38<\/div>\n<div class=\"top_info\">Portion : 5,45 g<\/div>\n<div class=\"table_wrapper\">\n<table>\n<tbody>\n<tr>\n<th>Ingr\u00e9dients actifs<\/th>\n<th>Pour une portion<\/th>\n<\/tr>\n<tr>\n<td>L-arginine<\/td>\n<td>3000 mg<\/td>\n<\/tr>\n<\/tbody>\n<\/table>\n<\/div>\n<\/div>\n<\/div>\n<\/div>\n<\/div>\n<\/section>\n<\/section>\n<\/div>\n<\/section>\n<\/section>\n","protected":false},"excerpt":{"rendered":"<p>OstroVit Arginine est un compl\u00e9ment alimentaire de haute qualit\u00e9 qui constitue une source pr\u00e9cieuse d&rsquo;acide amin\u00e9, la L-arginine. Cette pr\u00e9paration au d\u00e9licieux go\u00fbt fruit\u00e9 est disponible sous forme de poudre pratique \u00e0 consommer, sans sucre ajout\u00e9. Ce produit est con\u00e7u pour les sportifs et les personnes souhaitant compl\u00e9ter leur alimentation avec des compos\u00e9s pr\u00e9cieux.<\/p>\n","protected":false},"featured_media":6874,"comment_status":"open","ping_status":"closed","template":"","meta":[],"product_cat":[78,38],"product_tag":[],"class_list":{"0":"post-6873","1":"product","2":"type-product","3":"status-publish","4":"has-post-thumbnail","6":"product_brand-ostrovit","7":"product_cat-acide-amine","8":"product_cat-endurance-energy","10":"first","11":"instock","12":"shipping-taxable","13":"purchasable","14":"product-type-simple"},"yoast_head":"<!-- This site is optimized with the Yoast SEO plugin v25.2 - https:\/\/yoast.com\/wordpress\/plugins\/seo\/ -->\n<title>OstroVit Arginine 210 g lemon - MR MASS<\/title>\n<meta name=\"description\" content=\"OstroVit Arginine est un compl\u00e9ment alimentaire de haute qualit\u00e9 qui constitue une source pr\u00e9cieuse d&#039;acide amin\u00e9, la L-arginine. Cette pr\u00e9paration au d\u00e9licieux go\u00fbt fruit\u00e9 est disponible sous forme de poudre pratique \u00e0 consommer, sans sucre ajout\u00e9. Ce produit est con\u00e7u pour les sportifs et les personnes souhaitant compl\u00e9ter leur alimentation avec des compos\u00e9s pr\u00e9cieux.\" \/>\n<meta name=\"robots\" content=\"index, follow, max-snippet:-1, max-image-preview:large, max-video-preview:-1\" \/>\n<link rel=\"canonical\" href=\"https:\/\/mr-mass.com\/?product=ostrovit-arginine-210-g-lemon\" \/>\n<meta property=\"og:locale\" content=\"fr_FR\" \/>\n<meta property=\"og:type\" content=\"article\" \/>\n<meta property=\"og:title\" content=\"OstroVit Arginine 210 g lemon - MR MASS\" \/>\n<meta property=\"og:description\" content=\"OstroVit Arginine est un compl\u00e9ment alimentaire de haute qualit\u00e9 qui constitue une source pr\u00e9cieuse d&#039;acide amin\u00e9, la L-arginine. Cette pr\u00e9paration au d\u00e9licieux go\u00fbt fruit\u00e9 est disponible sous forme de poudre pratique \u00e0 consommer, sans sucre ajout\u00e9. Ce produit est con\u00e7u pour les sportifs et les personnes souhaitant compl\u00e9ter leur alimentation avec des compos\u00e9s pr\u00e9cieux.\" \/>\n<meta property=\"og:url\" content=\"https:\/\/mr-mass.com\/?product=ostrovit-arginine-210-g-lemon\" \/>\n<meta property=\"og:site_name\" content=\"MR MASS\" \/>\n<meta property=\"article:modified_time\" content=\"2025-06-28T13:11:09+00:00\" \/>\n<meta property=\"og:image\" content=\"https:\/\/mr-mass.com\/wp-content\/uploads\/2025\/06\/eng_pm_OstroVit-Arginine-210-g-16638_1.png\" \/>\n\t<meta property=\"og:image:width\" content=\"450\" \/>\n\t<meta property=\"og:image:height\" content=\"450\" \/>\n\t<meta property=\"og:image:type\" content=\"image\/png\" \/>\n<meta name=\"twitter:card\" content=\"summary_large_image\" \/>\n<meta name=\"twitter:label1\" content=\"Dur\u00e9e de lecture estim\u00e9e\" \/>\n\t<meta name=\"twitter:data1\" content=\"4 minutes\" \/>\n<script type=\"application\/ld+json\" class=\"yoast-schema-graph\">{\"@context\":\"https:\/\/schema.org\",\"@graph\":[{\"@type\":\"WebPage\",\"@id\":\"https:\/\/mr-mass.com\/?product=ostrovit-arginine-210-g-lemon\",\"url\":\"https:\/\/mr-mass.com\/?product=ostrovit-arginine-210-g-lemon\",\"name\":\"OstroVit Arginine 210 g lemon - MR MASS\",\"isPartOf\":{\"@id\":\"https:\/\/mr-mass.com\/#website\"},\"primaryImageOfPage\":{\"@id\":\"https:\/\/mr-mass.com\/?product=ostrovit-arginine-210-g-lemon#primaryimage\"},\"image\":{\"@id\":\"https:\/\/mr-mass.com\/?product=ostrovit-arginine-210-g-lemon#primaryimage\"},\"thumbnailUrl\":\"https:\/\/mr-mass.com\/wp-content\/uploads\/2025\/06\/eng_pm_OstroVit-Arginine-210-g-16638_1.png\",\"datePublished\":\"2025-06-24T17:21:23+00:00\",\"dateModified\":\"2025-06-28T13:11:09+00:00\",\"description\":\"OstroVit Arginine est un compl\u00e9ment alimentaire de haute qualit\u00e9 qui constitue une source pr\u00e9cieuse d'acide amin\u00e9, la L-arginine. Cette pr\u00e9paration au d\u00e9licieux go\u00fbt fruit\u00e9 est disponible sous forme de poudre pratique \u00e0 consommer, sans sucre ajout\u00e9. Ce produit est con\u00e7u pour les sportifs et les personnes souhaitant compl\u00e9ter leur alimentation avec des compos\u00e9s pr\u00e9cieux.\",\"breadcrumb\":{\"@id\":\"https:\/\/mr-mass.com\/?product=ostrovit-arginine-210-g-lemon#breadcrumb\"},\"inLanguage\":\"fr-FR\",\"potentialAction\":[{\"@type\":\"ReadAction\",\"target\":[\"https:\/\/mr-mass.com\/?product=ostrovit-arginine-210-g-lemon\"]}]},{\"@type\":\"ImageObject\",\"inLanguage\":\"fr-FR\",\"@id\":\"https:\/\/mr-mass.com\/?product=ostrovit-arginine-210-g-lemon#primaryimage\",\"url\":\"https:\/\/mr-mass.com\/wp-content\/uploads\/2025\/06\/eng_pm_OstroVit-Arginine-210-g-16638_1.png\",\"contentUrl\":\"https:\/\/mr-mass.com\/wp-content\/uploads\/2025\/06\/eng_pm_OstroVit-Arginine-210-g-16638_1.png\",\"width\":450,\"height\":450},{\"@type\":\"BreadcrumbList\",\"@id\":\"https:\/\/mr-mass.com\/?product=ostrovit-arginine-210-g-lemon#breadcrumb\",\"itemListElement\":[{\"@type\":\"ListItem\",\"position\":1,\"name\":\"Home\",\"item\":\"https:\/\/mr-mass.com\/\"},{\"@type\":\"ListItem\",\"position\":2,\"name\":\"Boutique\",\"item\":\"https:\/\/mr-mass.com\/?page_id=8\"},{\"@type\":\"ListItem\",\"position\":3,\"name\":\"OstroVit Arginine 210 g lemon\"}]},{\"@type\":\"WebSite\",\"@id\":\"https:\/\/mr-mass.com\/#website\",\"url\":\"https:\/\/mr-mass.com\/\",\"name\":\"MR MASS\",\"description\":\"\",\"publisher\":{\"@id\":\"https:\/\/mr-mass.com\/#organization\"},\"potentialAction\":[{\"@type\":\"SearchAction\",\"target\":{\"@type\":\"EntryPoint\",\"urlTemplate\":\"https:\/\/mr-mass.com\/?s={search_term_string}\"},\"query-input\":{\"@type\":\"PropertyValueSpecification\",\"valueRequired\":true,\"valueName\":\"search_term_string\"}}],\"inLanguage\":\"fr-FR\"},{\"@type\":\"Organization\",\"@id\":\"https:\/\/mr-mass.com\/#organization\",\"name\":\"MR MASS\",\"url\":\"https:\/\/mr-mass.com\/\",\"logo\":{\"@type\":\"ImageObject\",\"inLanguage\":\"fr-FR\",\"@id\":\"https:\/\/mr-mass.com\/#\/schema\/logo\/image\/\",\"url\":\"https:\/\/mr-mass.com\/wp-content\/uploads\/2025\/06\/cropped-417524477_413976367821865_6357673664813295189_n-removebg-preview.png\",\"contentUrl\":\"https:\/\/mr-mass.com\/wp-content\/uploads\/2025\/06\/cropped-417524477_413976367821865_6357673664813295189_n-removebg-preview.png\",\"width\":500,\"height\":436,\"caption\":\"MR MASS\"},\"image\":{\"@id\":\"https:\/\/mr-mass.com\/#\/schema\/logo\/image\/\"}}]}<\/script>\n<!-- \/ Yoast SEO plugin. -->","yoast_head_json":{"title":"OstroVit Arginine 210 g lemon - MR MASS","description":"OstroVit Arginine est un compl\u00e9ment alimentaire de haute qualit\u00e9 qui constitue une source pr\u00e9cieuse d'acide amin\u00e9, la L-arginine. Cette pr\u00e9paration au d\u00e9licieux go\u00fbt fruit\u00e9 est disponible sous forme de poudre pratique \u00e0 consommer, sans sucre ajout\u00e9. Ce produit est con\u00e7u pour les sportifs et les personnes souhaitant compl\u00e9ter leur alimentation avec des compos\u00e9s pr\u00e9cieux.","robots":{"index":"index","follow":"follow","max-snippet":"max-snippet:-1","max-image-preview":"max-image-preview:large","max-video-preview":"max-video-preview:-1"},"canonical":"https:\/\/mr-mass.com\/?product=ostrovit-arginine-210-g-lemon","og_locale":"fr_FR","og_type":"article","og_title":"OstroVit Arginine 210 g lemon - MR MASS","og_description":"OstroVit Arginine est un compl\u00e9ment alimentaire de haute qualit\u00e9 qui constitue une source pr\u00e9cieuse d'acide amin\u00e9, la L-arginine. Cette pr\u00e9paration au d\u00e9licieux go\u00fbt fruit\u00e9 est disponible sous forme de poudre pratique \u00e0 consommer, sans sucre ajout\u00e9. Ce produit est con\u00e7u pour les sportifs et les personnes souhaitant compl\u00e9ter leur alimentation avec des compos\u00e9s pr\u00e9cieux.","og_url":"https:\/\/mr-mass.com\/?product=ostrovit-arginine-210-g-lemon","og_site_name":"MR MASS","article_modified_time":"2025-06-28T13:11:09+00:00","og_image":[{"width":450,"height":450,"url":"https:\/\/mr-mass.com\/wp-content\/uploads\/2025\/06\/eng_pm_OstroVit-Arginine-210-g-16638_1.png","type":"image\/png"}],"twitter_card":"summary_large_image","twitter_misc":{"Dur\u00e9e de lecture estim\u00e9e":"4 minutes"},"schema":{"@context":"https:\/\/schema.org","@graph":[{"@type":"WebPage","@id":"https:\/\/mr-mass.com\/?product=ostrovit-arginine-210-g-lemon","url":"https:\/\/mr-mass.com\/?product=ostrovit-arginine-210-g-lemon","name":"OstroVit Arginine 210 g lemon - MR MASS","isPartOf":{"@id":"https:\/\/mr-mass.com\/#website"},"primaryImageOfPage":{"@id":"https:\/\/mr-mass.com\/?product=ostrovit-arginine-210-g-lemon#primaryimage"},"image":{"@id":"https:\/\/mr-mass.com\/?product=ostrovit-arginine-210-g-lemon#primaryimage"},"thumbnailUrl":"https:\/\/mr-mass.com\/wp-content\/uploads\/2025\/06\/eng_pm_OstroVit-Arginine-210-g-16638_1.png","datePublished":"2025-06-24T17:21:23+00:00","dateModified":"2025-06-28T13:11:09+00:00","description":"OstroVit Arginine est un compl\u00e9ment alimentaire de haute qualit\u00e9 qui constitue une source pr\u00e9cieuse d'acide amin\u00e9, la L-arginine. Cette pr\u00e9paration au d\u00e9licieux go\u00fbt fruit\u00e9 est disponible sous forme de poudre pratique \u00e0 consommer, sans sucre ajout\u00e9. Ce produit est con\u00e7u pour les sportifs et les personnes souhaitant compl\u00e9ter leur alimentation avec des compos\u00e9s pr\u00e9cieux.","breadcrumb":{"@id":"https:\/\/mr-mass.com\/?product=ostrovit-arginine-210-g-lemon#breadcrumb"},"inLanguage":"fr-FR","potentialAction":[{"@type":"ReadAction","target":["https:\/\/mr-mass.com\/?product=ostrovit-arginine-210-g-lemon"]}]},{"@type":"ImageObject","inLanguage":"fr-FR","@id":"https:\/\/mr-mass.com\/?product=ostrovit-arginine-210-g-lemon#primaryimage","url":"https:\/\/mr-mass.com\/wp-content\/uploads\/2025\/06\/eng_pm_OstroVit-Arginine-210-g-16638_1.png","contentUrl":"https:\/\/mr-mass.com\/wp-content\/uploads\/2025\/06\/eng_pm_OstroVit-Arginine-210-g-16638_1.png","width":450,"height":450},{"@type":"BreadcrumbList","@id":"https:\/\/mr-mass.com\/?product=ostrovit-arginine-210-g-lemon#breadcrumb","itemListElement":[{"@type":"ListItem","position":1,"name":"Home","item":"https:\/\/mr-mass.com\/"},{"@type":"ListItem","position":2,"name":"Boutique","item":"https:\/\/mr-mass.com\/?page_id=8"},{"@type":"ListItem","position":3,"name":"OstroVit Arginine 210 g lemon"}]},{"@type":"WebSite","@id":"https:\/\/mr-mass.com\/#website","url":"https:\/\/mr-mass.com\/","name":"MR MASS","description":"","publisher":{"@id":"https:\/\/mr-mass.com\/#organization"},"potentialAction":[{"@type":"SearchAction","target":{"@type":"EntryPoint","urlTemplate":"https:\/\/mr-mass.com\/?s={search_term_string}"},"query-input":{"@type":"PropertyValueSpecification","valueRequired":true,"valueName":"search_term_string"}}],"inLanguage":"fr-FR"},{"@type":"Organization","@id":"https:\/\/mr-mass.com\/#organization","name":"MR MASS","url":"https:\/\/mr-mass.com\/","logo":{"@type":"ImageObject","inLanguage":"fr-FR","@id":"https:\/\/mr-mass.com\/#\/schema\/logo\/image\/","url":"https:\/\/mr-mass.com\/wp-content\/uploads\/2025\/06\/cropped-417524477_413976367821865_6357673664813295189_n-removebg-preview.png","contentUrl":"https:\/\/mr-mass.com\/wp-content\/uploads\/2025\/06\/cropped-417524477_413976367821865_6357673664813295189_n-removebg-preview.png","width":500,"height":436,"caption":"MR MASS"},"image":{"@id":"https:\/\/mr-mass.com\/#\/schema\/logo\/image\/"}}]}},"jetpack_sharing_enabled":true,"_links":{"self":[{"href":"https:\/\/mr-mass.com\/index.php?rest_route=\/wp\/v2\/product\/6873","targetHints":{"allow":["GET"]}}],"collection":[{"href":"https:\/\/mr-mass.com\/index.php?rest_route=\/wp\/v2\/product"}],"about":[{"href":"https:\/\/mr-mass.com\/index.php?rest_route=\/wp\/v2\/types\/product"}],"replies":[{"embeddable":true,"href":"https:\/\/mr-mass.com\/index.php?rest_route=%2Fwp%2Fv2%2Fcomments&post=6873"}],"wp:featuredmedia":[{"embeddable":true,"href":"https:\/\/mr-mass.com\/index.php?rest_route=\/wp\/v2\/media\/6874"}],"wp:attachment":[{"href":"https:\/\/mr-mass.com\/index.php?rest_route=%2Fwp%2Fv2%2Fmedia&parent=6873"}],"wp:term":[{"taxonomy":"product_cat","embeddable":true,"href":"https:\/\/mr-mass.com\/index.php?rest_route=%2Fwp%2Fv2%2Fproduct_cat&post=6873"},{"taxonomy":"product_tag","embeddable":true,"href":"https:\/\/mr-mass.com\/index.php?rest_route=%2Fwp%2Fv2%2Fproduct_tag&post=6873"}],"curies":[{"name":"wp","href":"https:\/\/api.w.org\/{rel}","templated":true}]}}