{"id":6898,"date":"2025-07-16T19:40:12","date_gmt":"2025-07-16T17:40:12","guid":{"rendered":"https:\/\/mr-mass.com\/?post_type=product&#038;p=6898"},"modified":"2025-07-16T19:40:12","modified_gmt":"2025-07-16T17:40:12","slug":"olimp-collaregen-400-g","status":"publish","type":"product","link":"https:\/\/mr-mass.com\/?product=olimp-collaregen-400-g","title":{"rendered":"Olimp Collaregen &#8211; 400 g"},"content":{"rendered":"<div class=\"product info detailed homepage-tab products-tabs\">\n<div id=\"swissup-easy-tabs\" class=\"product data items collapsed mage-tabs-disabled\" role=\"tablist\">\n<div id=\"product.info.ingredients\" class=\"data item content\" role=\"tabpanel\" data-role=\"content\" aria-labelledby=\"tab-label-product.info.ingredients-real\" aria-hidden=\"false\">\n<div class=\"product attibute\">\n<p><strong>Ingr\u00e9dients<\/strong>: hydrolysat de collag\u00e8ne, correcteurs d&rsquo;acidit\u00e9: acide malique, acide citrique; maltodextrine, ar\u00f4mes, acide L-ascorbique micro-encapsul\u00e9e (PureWay-C<sup>\u00ae<\/sup>) \u2013 vit. C, \u00e9dulcorants: sucralose, cyclamates (Z); bisglycinate de mangan\u00e8se (mangan\u00e8se d\u2019acide amin\u00e9 ch\u00e9lat\u00e9 Albion\u2122), bisglycinate de cuivre (cuivre d\u2019acide amin\u00e9 ch\u00e9lat\u00e9 Albion\u2122), colorants: carot\u00e8nes v\u00e9g\u00e9taux (A), carmins (B), ribo\ufb02avines (C), E 150c (D), E 150d (E), E 133 (F), bleu patent\u00e9 V (G), carmin d\u2019indigo (H), chlorophylles et chlorophyllines (I), curcumine (J), anthocyanes (K), extrait de paprika (L), b\u00e9tanine (M), charbon v\u00e9g\u00e9tal (N). (A)-(Z) \u2013 En fonction du parfum du produit, le code (A-Z) du composant utilis\u00e9 se trouve \u00e0 c\u00f4t\u00e9 de la date de durabilit\u00e9 minimale (\u00e0 consommer de pr\u00e9f\u00e9rence avant le).<\/p>\n<p>Fabriqu\u00e9 dans une usine utilisant des ingr\u00e9dients d\u00e9riv\u00e9s du lait, des \u0153ufs, du soja, des fruits \u00e0 coque, des arachides, des c\u00e9r\u00e9ales contenant du gluten, des poissons, des crustac\u00e9s, des mollusques.<\/p>\n<table class=\"table\">\n<tbody>\n<tr>\n<td class=\"td1\"><strong><span class=\"b\">Information nutritionnelles<br \/>\n<\/span><\/strong><\/td>\n<td class=\"td1\"><strong><span class=\"b\">1 portion (5,5g)<br \/>\n<\/span><\/strong><\/td>\n<td class=\"td1\"><strong><span class=\"b\">2 portions (11g)<br \/>\n<\/span><\/strong><\/td>\n<\/tr>\n<tr>\n<td class=\"td2\"><span class=\"b\">Hydrolysat de collag\u00e8ne<\/span><\/td>\n<td class=\"td2\">5 g<\/td>\n<td class=\"td2\">10 g<\/td>\n<\/tr>\n<tr>\n<td class=\"td2\" valign=\"top\"><span class=\"b\">Vitamine C (Pure Way-C<sup>\u00ae<\/sup>)<\/span><\/td>\n<td class=\"td2\" valign=\"top\">40 mg (50%*)<\/td>\n<td class=\"td2\" valign=\"top\">80 mg (100%*)<\/td>\n<\/tr>\n<tr>\n<td class=\"td2\" valign=\"top\"><span class=\"b\">Mangan\u00e8se (d\u2019acide amin\u00e9 ch\u00e9lat\u00e9 Albion\u2122)<\/span><\/td>\n<td class=\"td2\" valign=\"top\">0,30 mg (15%*)<\/td>\n<td class=\"td2\" valign=\"top\">0,60 mg (30%*)<\/td>\n<\/tr>\n<tr>\n<td class=\"td2\" valign=\"top\"><span class=\"b\">Cuivre (d\u2019acide amin\u00e9 ch\u00e9lat\u00e9 Albion\u2122)<\/span><\/td>\n<td class=\"td2\" valign=\"top\">0,15 mg (15%*)<\/td>\n<td class=\"td2\" valign=\"top\">0,30 mg (30%*)<\/td>\n<\/tr>\n<\/tbody>\n<\/table>\n<p>*AR \u2013 apport de r\u00e9f\u00e9rence<\/p>\n<\/div>\n<\/div>\n<\/div>\n<\/div>\n<div id=\"agerestrict-component\" data-bind=\"scope:'agerestrictioncomponent'\">Le produit est destin\u00e9 notamment aux gens qui veillent sur l\u2019\u00e9tat du tissu conjonctif qui joue un r\u00f4le essentiel dans la cr\u00e9ation de l\u2019appareil locomoteur (articulations, cartilage articulaire, os), ainsi que pour les personnes qui restent actives apr\u00e8s un surmenage physique.<\/p>\n<p><strong>Conseils d&rsquo;utilisation<\/strong>: 1-2 portions par jour entre les repas. 1 portion (5,5 g de poudre = 2 dosettes) dissoudre dans 100 ml d&rsquo;eau. Consommer directement apr\u00e8s pr\u00e9paration.<\/p>\n<p>Ne pas d\u00e9passer la dose journali\u00e8re conseill\u00e9e. Les compl\u00e9ments alimentaires doivent \u00eatre utilis\u00e9s dans le cadre d\u2019un mode de vie sain et ne pas \u00eatre utilis\u00e9s comme substituts d\u2019un r\u00e9gime alimentaire vari\u00e9 et \u00e9quilibr\u00e9.<\/p>\n<p><strong>Avertissement<\/strong>: non recommand\u00e9 pour les femmes enceintes ou allaitantes. Ne pas consommer en cas de sensibilit\u00e9 \u00e0 l&rsquo;un des ingr\u00e9dients de la pr\u00e9paration. Tenir hors de port\u00e9e des enfants.<\/p>\n<p><strong>Conditions de stockage<\/strong>:\u00a0Non ouvert, \u00e0 conserver dans un endroit frais et sec.\u00a0Tenir hors de port\u00e9e des enfants.<\/div>\n<div data-bind=\"scope:'agerestrictioncomponent'\"><\/div>\n<div data-bind=\"scope:'agerestrictioncomponent'\"><strong>OLIMP LABORATORIES Sp. z o. o.<\/strong><br \/>\nPustynia 84F, 39-200 D\u0119bica, Poland<br \/>\ne-mail: info@olimp-labs.com<br \/>\n+48 14 680 32 00<\/div>\n<div class=\"related-posts\">\n<div class=\"related-posts-title\"><\/div>\n<\/div>\n","protected":false},"excerpt":{"rendered":"<p><strong>Olimp COLLAREGEN<\/strong>\u00a0Compl\u00e9ment alimentaire en poudre, contenant l\u2019hydrolysat de collag\u00e8ne, la vitamine C, le mangan\u00e8se et le cuivre. Avec \u00e9dulcorants. Le produit enrichit le r\u00e9gime alimentaire en collag\u00e8ne &#8211; le constituant majeur du tissu conjonctif, et en vitamine C (PureWay-C<sup>\u00ae<\/sup>) microencapsul\u00e9e, innovative\u00a0 et bien absorb\u00e9e, qui contribue \u00e0 la formation de collag\u00e8ne pour assurer la fonction normale des cartilages (dont du cartilage articulaire) et des os.<\/p>\n<p><strong>Olimp COLLAREGEN<\/strong>\u00a0est compl\u00e9ment\u00e9 par le mangan\u00e8se et le cuivre (sous forme d&rsquo;acides amin\u00e9s chelat\u00e9s Albion\u2122) qui contribuent au maintien de tissus conjonctifs normaux. Le produit est destin\u00e9 notamment aux gens qui veillent sur l\u2019\u00e9tat du tissu conjonctif qui joue un r\u00f4le essentiel dans la cr\u00e9ation de l\u2019appareil locomoteur (articulations, cartilage articulaire, os), ainsi que pour les personnes qui restent actives apr\u00e8s un surmenage physique.<\/p>\n","protected":false},"featured_media":6899,"comment_status":"open","ping_status":"closed","template":"","meta":[],"product_cat":[78,69],"product_tag":[],"class_list":{"0":"post-6898","1":"product","2":"type-product","3":"status-publish","4":"has-post-thumbnail","6":"product_brand-olimp","7":"product_cat-acide-amine","8":"product_cat-collagen","10":"first","11":"instock","12":"shipping-taxable","13":"purchasable","14":"product-type-simple"},"yoast_head":"<!-- This site is optimized with the Yoast SEO plugin v25.2 - https:\/\/yoast.com\/wordpress\/plugins\/seo\/ -->\n<title>Olimp Collaregen - 400 g - MR MASS<\/title>\n<meta name=\"description\" content=\"Olimp COLLAREGEN Compl\u00e9ment alimentaire en poudre, contenant l\u2019hydrolysat de collag\u00e8ne, la vitamine C, le mangan\u00e8se et le cuivre. Avec \u00e9dulcorants. Le produit enrichit le r\u00e9gime alimentaire en collag\u00e8ne - le constituant majeur du tissu conjonctif, et en vitamine C (PureWay-C\u00ae) microencapsul\u00e9e, innovative et bien absorb\u00e9e, qui contribue \u00e0 la formation de collag\u00e8ne pour assurer la fonction normale des cartilages (dont du cartilage articulaire) et des os.Olimp COLLAREGEN est compl\u00e9ment\u00e9 par le mangan\u00e8se et le cuivre (sous forme d&#039;acides amin\u00e9s chelat\u00e9s Albion\u2122) qui contribuent au maintien de tissus conjonctifs normaux. Le produit est destin\u00e9 notamment aux gens qui veillent sur l\u2019\u00e9tat du tissu conjonctif qui joue un r\u00f4le essentiel dans la cr\u00e9ation de l\u2019appareil locomoteur (articulations, cartilage articulaire, os), ainsi que pour les personnes qui restent actives apr\u00e8s un surmenage physique.\" \/>\n<meta name=\"robots\" content=\"index, follow, max-snippet:-1, max-image-preview:large, max-video-preview:-1\" \/>\n<link rel=\"canonical\" href=\"https:\/\/mr-mass.com\/?product=olimp-collaregen-400-g\" \/>\n<meta property=\"og:locale\" content=\"fr_FR\" \/>\n<meta property=\"og:type\" content=\"article\" \/>\n<meta property=\"og:title\" content=\"Olimp Collaregen - 400 g - MR MASS\" \/>\n<meta property=\"og:description\" content=\"Olimp COLLAREGEN Compl\u00e9ment alimentaire en poudre, contenant l\u2019hydrolysat de collag\u00e8ne, la vitamine C, le mangan\u00e8se et le cuivre. Avec \u00e9dulcorants. Le produit enrichit le r\u00e9gime alimentaire en collag\u00e8ne - le constituant majeur du tissu conjonctif, et en vitamine C (PureWay-C\u00ae) microencapsul\u00e9e, innovative et bien absorb\u00e9e, qui contribue \u00e0 la formation de collag\u00e8ne pour assurer la fonction normale des cartilages (dont du cartilage articulaire) et des os.Olimp COLLAREGEN est compl\u00e9ment\u00e9 par le mangan\u00e8se et le cuivre (sous forme d&#039;acides amin\u00e9s chelat\u00e9s Albion\u2122) qui contribuent au maintien de tissus conjonctifs normaux. Le produit est destin\u00e9 notamment aux gens qui veillent sur l\u2019\u00e9tat du tissu conjonctif qui joue un r\u00f4le essentiel dans la cr\u00e9ation de l\u2019appareil locomoteur (articulations, cartilage articulaire, os), ainsi que pour les personnes qui restent actives apr\u00e8s un surmenage physique.\" \/>\n<meta property=\"og:url\" content=\"https:\/\/mr-mass.com\/?product=olimp-collaregen-400-g\" \/>\n<meta property=\"og:site_name\" content=\"MR MASS\" \/>\n<meta property=\"og:image\" content=\"https:\/\/mr-mass.com\/wp-content\/uploads\/2025\/07\/collaregen_sleeve_400g_en-de-pl_0010_0001-e1752687560412.jpg\" \/>\n\t<meta property=\"og:image:width\" content=\"500\" \/>\n\t<meta property=\"og:image:height\" content=\"500\" \/>\n\t<meta property=\"og:image:type\" content=\"image\/jpeg\" \/>\n<meta name=\"twitter:card\" content=\"summary_large_image\" \/>\n<meta name=\"twitter:label1\" content=\"Dur\u00e9e de lecture estim\u00e9e\" \/>\n\t<meta name=\"twitter:data1\" content=\"3 minutes\" \/>\n<script type=\"application\/ld+json\" class=\"yoast-schema-graph\">{\"@context\":\"https:\/\/schema.org\",\"@graph\":[{\"@type\":\"WebPage\",\"@id\":\"https:\/\/mr-mass.com\/?product=olimp-collaregen-400-g\",\"url\":\"https:\/\/mr-mass.com\/?product=olimp-collaregen-400-g\",\"name\":\"Olimp Collaregen - 400 g - MR MASS\",\"isPartOf\":{\"@id\":\"https:\/\/mr-mass.com\/#website\"},\"primaryImageOfPage\":{\"@id\":\"https:\/\/mr-mass.com\/?product=olimp-collaregen-400-g#primaryimage\"},\"image\":{\"@id\":\"https:\/\/mr-mass.com\/?product=olimp-collaregen-400-g#primaryimage\"},\"thumbnailUrl\":\"https:\/\/mr-mass.com\/wp-content\/uploads\/2025\/07\/collaregen_sleeve_400g_en-de-pl_0010_0001-e1752687560412.jpg\",\"datePublished\":\"2025-07-16T17:40:12+00:00\",\"description\":\"Olimp COLLAREGEN Compl\u00e9ment alimentaire en poudre, contenant l\u2019hydrolysat de collag\u00e8ne, la vitamine C, le mangan\u00e8se et le cuivre. Avec \u00e9dulcorants. Le produit enrichit le r\u00e9gime alimentaire en collag\u00e8ne - le constituant majeur du tissu conjonctif, et en vitamine C (PureWay-C\u00ae) microencapsul\u00e9e, innovative et bien absorb\u00e9e, qui contribue \u00e0 la formation de collag\u00e8ne pour assurer la fonction normale des cartilages (dont du cartilage articulaire) et des os.Olimp COLLAREGEN est compl\u00e9ment\u00e9 par le mangan\u00e8se et le cuivre (sous forme d'acides amin\u00e9s chelat\u00e9s Albion\u2122) qui contribuent au maintien de tissus conjonctifs normaux. Le produit est destin\u00e9 notamment aux gens qui veillent sur l\u2019\u00e9tat du tissu conjonctif qui joue un r\u00f4le essentiel dans la cr\u00e9ation de l\u2019appareil locomoteur (articulations, cartilage articulaire, os), ainsi que pour les personnes qui restent actives apr\u00e8s un surmenage physique.\",\"breadcrumb\":{\"@id\":\"https:\/\/mr-mass.com\/?product=olimp-collaregen-400-g#breadcrumb\"},\"inLanguage\":\"fr-FR\",\"potentialAction\":[{\"@type\":\"ReadAction\",\"target\":[\"https:\/\/mr-mass.com\/?product=olimp-collaregen-400-g\"]}]},{\"@type\":\"ImageObject\",\"inLanguage\":\"fr-FR\",\"@id\":\"https:\/\/mr-mass.com\/?product=olimp-collaregen-400-g#primaryimage\",\"url\":\"https:\/\/mr-mass.com\/wp-content\/uploads\/2025\/07\/collaregen_sleeve_400g_en-de-pl_0010_0001-e1752687560412.jpg\",\"contentUrl\":\"https:\/\/mr-mass.com\/wp-content\/uploads\/2025\/07\/collaregen_sleeve_400g_en-de-pl_0010_0001-e1752687560412.jpg\",\"width\":500,\"height\":500},{\"@type\":\"BreadcrumbList\",\"@id\":\"https:\/\/mr-mass.com\/?product=olimp-collaregen-400-g#breadcrumb\",\"itemListElement\":[{\"@type\":\"ListItem\",\"position\":1,\"name\":\"Home\",\"item\":\"https:\/\/mr-mass.com\/\"},{\"@type\":\"ListItem\",\"position\":2,\"name\":\"Boutique\",\"item\":\"https:\/\/mr-mass.com\/?page_id=8\"},{\"@type\":\"ListItem\",\"position\":3,\"name\":\"Olimp Collaregen &#8211; 400 g\"}]},{\"@type\":\"WebSite\",\"@id\":\"https:\/\/mr-mass.com\/#website\",\"url\":\"https:\/\/mr-mass.com\/\",\"name\":\"MR MASS\",\"description\":\"\",\"publisher\":{\"@id\":\"https:\/\/mr-mass.com\/#organization\"},\"potentialAction\":[{\"@type\":\"SearchAction\",\"target\":{\"@type\":\"EntryPoint\",\"urlTemplate\":\"https:\/\/mr-mass.com\/?s={search_term_string}\"},\"query-input\":{\"@type\":\"PropertyValueSpecification\",\"valueRequired\":true,\"valueName\":\"search_term_string\"}}],\"inLanguage\":\"fr-FR\"},{\"@type\":\"Organization\",\"@id\":\"https:\/\/mr-mass.com\/#organization\",\"name\":\"MR MASS\",\"url\":\"https:\/\/mr-mass.com\/\",\"logo\":{\"@type\":\"ImageObject\",\"inLanguage\":\"fr-FR\",\"@id\":\"https:\/\/mr-mass.com\/#\/schema\/logo\/image\/\",\"url\":\"https:\/\/mr-mass.com\/wp-content\/uploads\/2025\/06\/cropped-417524477_413976367821865_6357673664813295189_n-removebg-preview.png\",\"contentUrl\":\"https:\/\/mr-mass.com\/wp-content\/uploads\/2025\/06\/cropped-417524477_413976367821865_6357673664813295189_n-removebg-preview.png\",\"width\":500,\"height\":436,\"caption\":\"MR MASS\"},\"image\":{\"@id\":\"https:\/\/mr-mass.com\/#\/schema\/logo\/image\/\"}}]}<\/script>\n<!-- \/ Yoast SEO plugin. -->","yoast_head_json":{"title":"Olimp Collaregen - 400 g - MR MASS","description":"Olimp COLLAREGEN Compl\u00e9ment alimentaire en poudre, contenant l\u2019hydrolysat de collag\u00e8ne, la vitamine C, le mangan\u00e8se et le cuivre. Avec \u00e9dulcorants. Le produit enrichit le r\u00e9gime alimentaire en collag\u00e8ne - le constituant majeur du tissu conjonctif, et en vitamine C (PureWay-C\u00ae) microencapsul\u00e9e, innovative et bien absorb\u00e9e, qui contribue \u00e0 la formation de collag\u00e8ne pour assurer la fonction normale des cartilages (dont du cartilage articulaire) et des os.Olimp COLLAREGEN est compl\u00e9ment\u00e9 par le mangan\u00e8se et le cuivre (sous forme d'acides amin\u00e9s chelat\u00e9s Albion\u2122) qui contribuent au maintien de tissus conjonctifs normaux. Le produit est destin\u00e9 notamment aux gens qui veillent sur l\u2019\u00e9tat du tissu conjonctif qui joue un r\u00f4le essentiel dans la cr\u00e9ation de l\u2019appareil locomoteur (articulations, cartilage articulaire, os), ainsi que pour les personnes qui restent actives apr\u00e8s un surmenage physique.","robots":{"index":"index","follow":"follow","max-snippet":"max-snippet:-1","max-image-preview":"max-image-preview:large","max-video-preview":"max-video-preview:-1"},"canonical":"https:\/\/mr-mass.com\/?product=olimp-collaregen-400-g","og_locale":"fr_FR","og_type":"article","og_title":"Olimp Collaregen - 400 g - MR MASS","og_description":"Olimp COLLAREGEN Compl\u00e9ment alimentaire en poudre, contenant l\u2019hydrolysat de collag\u00e8ne, la vitamine C, le mangan\u00e8se et le cuivre. Avec \u00e9dulcorants. Le produit enrichit le r\u00e9gime alimentaire en collag\u00e8ne - le constituant majeur du tissu conjonctif, et en vitamine C (PureWay-C\u00ae) microencapsul\u00e9e, innovative et bien absorb\u00e9e, qui contribue \u00e0 la formation de collag\u00e8ne pour assurer la fonction normale des cartilages (dont du cartilage articulaire) et des os.Olimp COLLAREGEN est compl\u00e9ment\u00e9 par le mangan\u00e8se et le cuivre (sous forme d'acides amin\u00e9s chelat\u00e9s Albion\u2122) qui contribuent au maintien de tissus conjonctifs normaux. Le produit est destin\u00e9 notamment aux gens qui veillent sur l\u2019\u00e9tat du tissu conjonctif qui joue un r\u00f4le essentiel dans la cr\u00e9ation de l\u2019appareil locomoteur (articulations, cartilage articulaire, os), ainsi que pour les personnes qui restent actives apr\u00e8s un surmenage physique.","og_url":"https:\/\/mr-mass.com\/?product=olimp-collaregen-400-g","og_site_name":"MR MASS","og_image":[{"width":500,"height":500,"url":"https:\/\/mr-mass.com\/wp-content\/uploads\/2025\/07\/collaregen_sleeve_400g_en-de-pl_0010_0001-e1752687560412.jpg","type":"image\/jpeg"}],"twitter_card":"summary_large_image","twitter_misc":{"Dur\u00e9e de lecture estim\u00e9e":"3 minutes"},"schema":{"@context":"https:\/\/schema.org","@graph":[{"@type":"WebPage","@id":"https:\/\/mr-mass.com\/?product=olimp-collaregen-400-g","url":"https:\/\/mr-mass.com\/?product=olimp-collaregen-400-g","name":"Olimp Collaregen - 400 g - MR MASS","isPartOf":{"@id":"https:\/\/mr-mass.com\/#website"},"primaryImageOfPage":{"@id":"https:\/\/mr-mass.com\/?product=olimp-collaregen-400-g#primaryimage"},"image":{"@id":"https:\/\/mr-mass.com\/?product=olimp-collaregen-400-g#primaryimage"},"thumbnailUrl":"https:\/\/mr-mass.com\/wp-content\/uploads\/2025\/07\/collaregen_sleeve_400g_en-de-pl_0010_0001-e1752687560412.jpg","datePublished":"2025-07-16T17:40:12+00:00","description":"Olimp COLLAREGEN Compl\u00e9ment alimentaire en poudre, contenant l\u2019hydrolysat de collag\u00e8ne, la vitamine C, le mangan\u00e8se et le cuivre. Avec \u00e9dulcorants. Le produit enrichit le r\u00e9gime alimentaire en collag\u00e8ne - le constituant majeur du tissu conjonctif, et en vitamine C (PureWay-C\u00ae) microencapsul\u00e9e, innovative et bien absorb\u00e9e, qui contribue \u00e0 la formation de collag\u00e8ne pour assurer la fonction normale des cartilages (dont du cartilage articulaire) et des os.Olimp COLLAREGEN est compl\u00e9ment\u00e9 par le mangan\u00e8se et le cuivre (sous forme d'acides amin\u00e9s chelat\u00e9s Albion\u2122) qui contribuent au maintien de tissus conjonctifs normaux. Le produit est destin\u00e9 notamment aux gens qui veillent sur l\u2019\u00e9tat du tissu conjonctif qui joue un r\u00f4le essentiel dans la cr\u00e9ation de l\u2019appareil locomoteur (articulations, cartilage articulaire, os), ainsi que pour les personnes qui restent actives apr\u00e8s un surmenage physique.","breadcrumb":{"@id":"https:\/\/mr-mass.com\/?product=olimp-collaregen-400-g#breadcrumb"},"inLanguage":"fr-FR","potentialAction":[{"@type":"ReadAction","target":["https:\/\/mr-mass.com\/?product=olimp-collaregen-400-g"]}]},{"@type":"ImageObject","inLanguage":"fr-FR","@id":"https:\/\/mr-mass.com\/?product=olimp-collaregen-400-g#primaryimage","url":"https:\/\/mr-mass.com\/wp-content\/uploads\/2025\/07\/collaregen_sleeve_400g_en-de-pl_0010_0001-e1752687560412.jpg","contentUrl":"https:\/\/mr-mass.com\/wp-content\/uploads\/2025\/07\/collaregen_sleeve_400g_en-de-pl_0010_0001-e1752687560412.jpg","width":500,"height":500},{"@type":"BreadcrumbList","@id":"https:\/\/mr-mass.com\/?product=olimp-collaregen-400-g#breadcrumb","itemListElement":[{"@type":"ListItem","position":1,"name":"Home","item":"https:\/\/mr-mass.com\/"},{"@type":"ListItem","position":2,"name":"Boutique","item":"https:\/\/mr-mass.com\/?page_id=8"},{"@type":"ListItem","position":3,"name":"Olimp Collaregen &#8211; 400 g"}]},{"@type":"WebSite","@id":"https:\/\/mr-mass.com\/#website","url":"https:\/\/mr-mass.com\/","name":"MR MASS","description":"","publisher":{"@id":"https:\/\/mr-mass.com\/#organization"},"potentialAction":[{"@type":"SearchAction","target":{"@type":"EntryPoint","urlTemplate":"https:\/\/mr-mass.com\/?s={search_term_string}"},"query-input":{"@type":"PropertyValueSpecification","valueRequired":true,"valueName":"search_term_string"}}],"inLanguage":"fr-FR"},{"@type":"Organization","@id":"https:\/\/mr-mass.com\/#organization","name":"MR MASS","url":"https:\/\/mr-mass.com\/","logo":{"@type":"ImageObject","inLanguage":"fr-FR","@id":"https:\/\/mr-mass.com\/#\/schema\/logo\/image\/","url":"https:\/\/mr-mass.com\/wp-content\/uploads\/2025\/06\/cropped-417524477_413976367821865_6357673664813295189_n-removebg-preview.png","contentUrl":"https:\/\/mr-mass.com\/wp-content\/uploads\/2025\/06\/cropped-417524477_413976367821865_6357673664813295189_n-removebg-preview.png","width":500,"height":436,"caption":"MR MASS"},"image":{"@id":"https:\/\/mr-mass.com\/#\/schema\/logo\/image\/"}}]}},"jetpack_sharing_enabled":true,"_links":{"self":[{"href":"https:\/\/mr-mass.com\/index.php?rest_route=\/wp\/v2\/product\/6898","targetHints":{"allow":["GET"]}}],"collection":[{"href":"https:\/\/mr-mass.com\/index.php?rest_route=\/wp\/v2\/product"}],"about":[{"href":"https:\/\/mr-mass.com\/index.php?rest_route=\/wp\/v2\/types\/product"}],"replies":[{"embeddable":true,"href":"https:\/\/mr-mass.com\/index.php?rest_route=%2Fwp%2Fv2%2Fcomments&post=6898"}],"wp:featuredmedia":[{"embeddable":true,"href":"https:\/\/mr-mass.com\/index.php?rest_route=\/wp\/v2\/media\/6899"}],"wp:attachment":[{"href":"https:\/\/mr-mass.com\/index.php?rest_route=%2Fwp%2Fv2%2Fmedia&parent=6898"}],"wp:term":[{"taxonomy":"product_cat","embeddable":true,"href":"https:\/\/mr-mass.com\/index.php?rest_route=%2Fwp%2Fv2%2Fproduct_cat&post=6898"},{"taxonomy":"product_tag","embeddable":true,"href":"https:\/\/mr-mass.com\/index.php?rest_route=%2Fwp%2Fv2%2Fproduct_tag&post=6898"}],"curies":[{"name":"wp","href":"https:\/\/api.w.org\/{rel}","templated":true}]}}