{"id":6906,"date":"2025-07-16T19:58:57","date_gmt":"2025-07-16T17:58:57","guid":{"rendered":"https:\/\/mr-mass.com\/?post_type=product&#038;p=6906"},"modified":"2025-07-16T19:58:57","modified_gmt":"2025-07-16T17:58:57","slug":"olimp-gain-bolic-6000-6800-g","status":"publish","type":"product","link":"https:\/\/mr-mass.com\/?product=olimp-gain-bolic-6000-6800-g","title":{"rendered":"Olimp Gain Bolic 6000\u00ae &#8211; 6800 g"},"content":{"rendered":"<h2><strong>Que\u2019est-ce que Olimp Gain Bolic 6000<sup>\u00ae<\/sup>\u00a0?<\/strong><\/h2>\n<p>Gr\u00e2ce \u00e0 des mati\u00e8res premi\u00e8res d\u2019une puret\u00e9 irr\u00e9prochable et \u00e0 une technologie de fabrication innovante, l\u2019entreprise pharmaceutique\u00a0<strong>Olimp Laboratories<\/strong>\u00a0d\u00e9finit, depuis de nombreuses ann\u00e9es, les tendances du march\u00e9 des suppl\u00e9ments alimentaires. L\u2019excellente qualit\u00e9 des produits propos\u00e9s, issus de laboratoires innovants, est une garantie de r\u00e9elle efficacit\u00e9 et, surtout, un v\u00e9ritable soutien pour toute personne physiquement active.\u00a0<strong>Olimp Gain Bolic 6000<sup>\u00ae<\/sup>\u00a0<\/strong>de\u00a0<strong>Olimp Sport Nutrition<\/strong>\u00a0s\u2019inscrit dans cette philosophie. Un m\u00e9lange multi-ingr\u00e9dients de substances actives, essentielles pour un d\u00e9veloppement spectaculaire de la masse musculaire et le renforcement des effets d&rsquo;une alimentation \u00e9quilibr\u00e9e et d&rsquo;un entra\u00eenement syst\u00e9matique ! Oubliez les suppl\u00e9ments existants, choisissez le gainer\u00a0<strong>Olimp Gain Bolic 6000<sup>\u00ae<\/sup><\/strong>!<\/p>\n<h2><strong>Composition du gainer Olimp Gain Bolic 6000<sup>\u00ae<\/sup>\u00a0\u2013 garantie de qualit\u00e9<\/strong><\/h2>\n<p>Gainer\u00a0<strong>Olimp Gain Bolic 6000<sup>\u00ae<\/sup><\/strong>\u00a0c\u2019est avant tout une dose appropri\u00e9e de prot\u00e9ines et de glucides, dont on sait qu&rsquo;ils constituent la base de l&rsquo;alimentation des personnes pratiquant une activit\u00e9 physique. Les prot\u00e9ines constituent un \u00e9l\u00e9ment principal de la croissance et du maintien de la masse musculaire. Dans le compl\u00e9ment alimentaire\u00a0<strong>Olimp Gain Bolic 6000<sup>\u00ae<\/sup><\/strong>\u00a0le fabricant a utilis\u00e9 trois sources de prot\u00e9ines distinctes. Ainsi, nous y trouvons une combinaison de lactos\u00e9rum concentr\u00e9, de cas\u00e9ine micellaire et d&rsquo;ovalbumine ultrafiltr\u00e9e, combinant des cin\u00e9tiques d&rsquo;absorption diff\u00e9rentes.<\/p>\n<p>D&rsquo;autre part, de fortes doses de glucides y ont \u00e9t\u00e9 incorpor\u00e9es. Dans\u00a0<strong>Olimp Gain Bolic 6000<sup>\u00ae<\/sup><\/strong>\u00a0il s&rsquo;agit du dextrose et de la maltodextrine lesquels, avec les prot\u00e9ines, procurent un auxiliaire appropri\u00e9 \u00e0 l&rsquo;alimentation dans la structuration de la silhouette, en fournissant l&rsquo;\u00e9nergie n\u00e9cessaire. La formule de ce suppl\u00e9ment est en outre enrichie de cr\u00e9atine et de taurine, et chaque portion fournit \u00e9galement une dose appropri\u00e9e d\u2019acides amin\u00e9s essentiels, dont les BCAA (L-leucine, L-valine, L-isoleucine).<\/p>\n<p>Choisissant le gainer de la marque\u00a0<strong>Olimp Sport Nutrition<\/strong>\u00a0vous \u00eates certain que chaque portion de\u00a0<strong>Olimp Gain Bolic 6000<sup>\u00ae<\/sup><\/strong>\u00a0apportera \u00e0 vos muscles une bonne quantit\u00e9 de nutriments. En outre, les mati\u00e8res premi\u00e8res utilis\u00e9es pour ce compl\u00e9ment alimentaire ont \u00e9t\u00e9 test\u00e9es \u00e0 plusieurs reprises pour leur puret\u00e9, y compris la pr\u00e9sence de m\u00e9taux lourds, et notamment pour leur qualit\u00e9. C\u2019est une garantie de s\u00e9curit\u00e9 que d\u2019utiliser le gainer Olimp, lequel gr\u00e2ce aux ingr\u00e9dients qu&rsquo;il contient, favorise le d\u00e9veloppement de la masse musculaire.<\/p>\n<h2><strong>Comment fonctionne Olimp Gain Bolic 6000<sup>\u00ae<\/sup>? Optez pour de r\u00e9els r\u00e9sultats<\/strong><\/h2>\n<p>Le compl\u00e9ment de prot\u00e9ines et de glucides\u00a0<strong>Olimp Gain Bolic 6000<sup>\u00ae<\/sup><\/strong>\u00a0est avant tout un suppl\u00e9ment alimentaire destin\u00e9 \u00e0 compl\u00e9ter l&rsquo;alimentation quotidienne avec des calories saines, ainsi que de bonnes prot\u00e9ines et glucides. Le produit\u00a0<strong>Olimp Gain Bolic 6000<sup>\u00ae<\/sup><\/strong>\u00a0est un suppl\u00e9ment assurant :<\/p>\n<ul>\n<li>conditions ad\u00e9quates au d\u00e9veloppement de la masse musculaire<\/li>\n<li>moyen simple et pratique d\u2019apport en calories<\/li>\n<li>source suppl\u00e9mentaire de bonnes prot\u00e9ines et glucides<\/li>\n<li>suppl\u00e9mentation en acides amin\u00e9s essentiels, cr\u00e9atine, taurine<\/li>\n<\/ul>\n<h2><strong>Comment utiliser le gainera Olimp Gain Bolic 6000<sup>\u00ae<\/sup>? Suppl\u00e9mentation correcte<\/strong><\/h2>\n<p>Afin d\u2019\u00e9viter les erreurs manifestes lors de l\u2019utilisation des suppl\u00e9ments alimentaires, la meilleure fa\u00e7on de proc\u00e9der est de se fier aux instructions du fabricant figurant sur l&#8217;emballage. Gr\u00e2ce \u00e0 cela, nous pouvons \u00eatre s\u00fbrs que les propri\u00e9t\u00e9s du produit seront utilis\u00e9es au maximum et permettront d&rsquo;obtenir les effets souhait\u00e9s. Il est recommand\u00e9 d&rsquo;utiliser\u00a0<strong>Olimp Gain Bolic 6000<sup>\u00ae<\/sup><\/strong>\u00a0\u00e0 raison de 1 \u00e0 3 portions par jour, chacune devant \u00eatre dissoute dans 175 ml d&rsquo;eau froide. Le produit doit \u00eatre consomm\u00e9 entre les repas. Les jours d&rsquo;entra\u00eenement, environ 1 heure avant et apr\u00e8s les exercices. Il convient de rappeler que le produit ne se substitue pas \u00e0 une alimentation \u00e9quilibr\u00e9e, mais qu&rsquo;il en est un compl\u00e9ment de qualit\u00e9.<\/p>\n<p>Le gainer de la marque\u00a0<strong>Olimp Sport Nutrition<\/strong>\u00a0se d\u00e9cline en trois d\u00e9licieuses saveurs (chocolat, fraise, vanille), et son prix est fonction de la taille du conditionnement. Le suppl\u00e9ment\u00a0<strong>Olimp Gain Bolic 6000<sup>\u00ae<\/sup><\/strong>\u00a0est disponible en 3 emballages :<\/p>\n<ul>\n<li>1000 g (plastique)<\/li>\n<li>3500 g (pot)<\/li>\n<li>6800 g (sachet)<\/li>\n<\/ul>\n<p><strong><em>Olimp Gain Bolic 6000<sup>\u00ae<\/sup>\u00a0\u2013 un probl\u00e8me de prise de masse ? \u00a0c\u2019est du pass\u00e9 !<\/em><\/strong><\/p>\n<p><strong>Ingr\u00e9dients<\/strong>: 80% d&rsquo;hydrates de carbonnes (maltodextrines, dextrose), 15,5% de prot\u00e9ines-mix (concentr\u00e9 de\u00a0prot\u00e9ines de lactos\u00e9rum (issue du lait), cas\u00e9ine micellaire (issue du lait), ultrafiltrated prot\u00e9ines d&rsquo;oeuf), ar\u00f4mes, cr\u00e9atine monohydrate, taurine, \u00e9paississants: gomme arabique, gomme xanthane,\u00a0carboxym\u00e9thyl-cellulose sodique; correcteurs d&rsquo;acidit\u00e9: acide citrique, citrates de sodium; \u00e9dulcorant: ac\u00e9sulfame-K; \u00e9mulsifiant: l\u00e9cithines (issue du soja); colorants: carot\u00e9no\u00efdes (A), carmins (B), riboflavines (C),\u00a0E 150c (D), E 150d (E), E 133 (F), bleu patent\u00e9 V (G), carmin d\u2019indigo (H), chlorophylles et chlorophyllines (I), curcumine (J), anthocyanes (K), extrait de paprika (L), b\u00e9tanine (M), charbon v\u00e9g\u00e9tal m\u00e9dicinal (N).<br \/>\n(A)-(Z) \u2013 En fonction du parfum du produit, le code (A-Z) du composant utilis\u00e9 se trouve \u00e0 c\u00f4t\u00e9 de la date de durabilit\u00e9 minimale (\u00e0 consommer de pr\u00e9f\u00e9rence avant le).<\/p>\n<p>Fabriqu\u00e9 dans une usine utilisant des ingr\u00e9dients\u00a0d\u00e9riv\u00e9s du lait, des oeufs, du soja, des fruits \u00e0 coque, des arachides, des c\u00e9r\u00e9ales contenant du gluten, des poissons, des crustac\u00e9s, des mollusques.<\/p>\n<div class=\"table-responsive\">\n<table class=\"table\">\n<tbody>\n<tr>\n<td><strong>Nutrition declaration<\/strong><\/td>\n<td><strong>Per portion 100g<br \/>\n<\/strong><\/td>\n<td><strong>Per 2 portions (200g)<br \/>\n<\/strong><\/td>\n<td><strong>Per 3 portions (300g)<\/strong><\/td>\n<\/tr>\n<tr>\n<td>Energy<\/td>\n<td>1597 kJ\/376 kcal<\/td>\n<td>3194 kJ\/752 kcal<\/td>\n<td>4790 kJ\/1129 kcal<\/td>\n<\/tr>\n<tr>\n<td valign=\"top\">Fat,<br \/>\nof which saturates<\/td>\n<td valign=\"top\">1,8 g<br \/>\n1,0 g<\/td>\n<td valign=\"top\">3,6 g<br \/>\n2,0 g<\/td>\n<td valign=\"top\">5,4 g<br \/>\n3,0 g<\/td>\n<\/tr>\n<tr>\n<td valign=\"top\">Carbohydrate,<br \/>\nof which sugars<\/td>\n<td valign=\"top\">75 g<br \/>\n32 g<\/td>\n<td valign=\"top\">150 g<br \/>\n64 g<\/td>\n<td valign=\"top\">225 g<br \/>\n96 g<\/td>\n<\/tr>\n<tr>\n<td valign=\"top\">Fibre<\/td>\n<td valign=\"top\">0 g<\/td>\n<td valign=\"top\">0 g<\/td>\n<td valign=\"top\">0 g<\/td>\n<\/tr>\n<tr>\n<td valign=\"top\">Protein<\/td>\n<td valign=\"top\">15 g<\/td>\n<td valign=\"top\">30 g<\/td>\n<td valign=\"top\">45 g<\/td>\n<\/tr>\n<tr>\n<td valign=\"top\">Salt<\/td>\n<td valign=\"top\">0,43 g<\/td>\n<td valign=\"top\">0,86 g<\/td>\n<td valign=\"top\">1,3 g<\/td>\n<\/tr>\n<tr>\n<td valign=\"top\">Creatine monohydrate<br \/>\nof which:\u00a0creatine<\/td>\n<td valign=\"top\">1500 mg<br \/>\n1320 mg<\/td>\n<td valign=\"top\">3000 mg<br \/>\n2640 mg<\/td>\n<td valign=\"top\">4500 mg<br \/>\n3960 mg<\/td>\n<\/tr>\n<tr>\n<td valign=\"top\">Taurine<\/td>\n<td valign=\"top\">500 mg<\/td>\n<td valign=\"top\">1000 mg<\/td>\n<td valign=\"top\">1500 mg<\/td>\n<\/tr>\n<\/tbody>\n<\/table>\n<p>Le produit est destin\u00e9 aux adultes, aux athl\u00e8tes amateurs et sportifs professionnels cherchant \u00e0 d\u00e9velopper la masse musculaire et en effectuant un effort\u00a0physique tr\u00e8s intense ou prolong\u00e9e occasionnant une fatigue musculaire et la diminution des r\u00e9serves de glycog\u00e8ne dans les muscles squelettiques.<\/p>\n<p><strong>Conseils d\u2019utilisation<\/strong>: prendre 1 \u00e0 2 portions par jour entre les\u00a0repas ou 1 heure avant ou apr\u00e8s l&rsquo;exercice. Ajouter 1 portion (100 g = 2 dosettes) \u00e0 170 ml\u00b9 d&rsquo;eau. Consommer directement apr\u00e8s pr\u00e9paration.<\/p>\n<p>Une augmentation du poids peut se produire. Ne convient pas pour les\u00a0enfants et les adolescents. Ne convient pas pour les diab\u00e9tiques. Ne pas d\u00e9passer la dose journali\u00e8re conseill\u00e9e. Les compl\u00e9ments alimentaires doivent \u00eatre utilis\u00e9s dans le cadre d\u2019un mode de vie sain et ne pas \u00eatre<br \/>\nutilis\u00e9s comme substituts d\u2019un r\u00e9gime alimentaire vari\u00e9 et \u00e9quilibr\u00e9.<\/p>\n<p>Tenir hors de port\u00e9e des enfants.\u00a0Non\u00a0ouvert, \u00e0 conserver dans un endroit frais et sec.<\/p>\n<\/div>\n","protected":false},"excerpt":{"rendered":"<p><strong class=\"type\">Avantages produit:<\/strong><\/p>\n<div class=\"value\">\n<ul>\n<li>Trois sources de prot\u00e9ines distinctes<\/li>\n<li>Pr\u00e9cieux additifs sous forme de cr\u00e9atine monohydrate et de taurine<\/li>\n<li>Glucides sous forme de dextrose et de maltodextrine \u00e0 des taux de lib\u00e9ration variables<\/li>\n<\/ul>\n<\/div>\n","protected":false},"featured_media":6907,"comment_status":"open","ping_status":"closed","template":"","meta":[],"product_cat":[59],"product_tag":[],"class_list":{"0":"post-6906","1":"product","2":"type-product","3":"status-publish","4":"has-post-thumbnail","6":"product_brand-olimp","7":"product_cat-weight-gainers","9":"first","10":"instock","11":"shipping-taxable","12":"purchasable","13":"product-type-simple"},"yoast_head":"<!-- This site is optimized with the Yoast SEO plugin v25.2 - https:\/\/yoast.com\/wordpress\/plugins\/seo\/ -->\n<title>Olimp Gain Bolic 6000\u00ae - 6800 g - MR MASS<\/title>\n<meta name=\"description\" content=\"Avantages produit:Trois sources de prot\u00e9ines distinctesPr\u00e9cieux additifs sous forme de cr\u00e9atine monohydrate et de taurineGlucides sous forme de dextrose et de maltodextrine \u00e0 des taux de lib\u00e9ration variables\" \/>\n<meta name=\"robots\" content=\"index, follow, max-snippet:-1, max-image-preview:large, max-video-preview:-1\" \/>\n<link rel=\"canonical\" href=\"https:\/\/mr-mass.com\/?product=olimp-gain-bolic-6000-6800-g\" \/>\n<meta property=\"og:locale\" content=\"fr_FR\" \/>\n<meta property=\"og:type\" content=\"article\" \/>\n<meta property=\"og:title\" content=\"Olimp Gain Bolic 6000\u00ae - 6800 g - MR MASS\" \/>\n<meta property=\"og:description\" content=\"Avantages produit:Trois sources de prot\u00e9ines distinctesPr\u00e9cieux additifs sous forme de cr\u00e9atine monohydrate et de taurineGlucides sous forme de dextrose et de maltodextrine \u00e0 des taux de lib\u00e9ration variables\" \/>\n<meta property=\"og:url\" content=\"https:\/\/mr-mass.com\/?product=olimp-gain-bolic-6000-6800-g\" \/>\n<meta property=\"og:site_name\" content=\"MR MASS\" \/>\n<meta property=\"og:image\" content=\"https:\/\/mr-mass.com\/wp-content\/uploads\/2025\/07\/olimp_gain_bolic_6000_6800-01_jpg-e1752688712467.webp\" \/>\n\t<meta property=\"og:image:width\" content=\"500\" \/>\n\t<meta property=\"og:image:height\" content=\"500\" \/>\n\t<meta property=\"og:image:type\" content=\"image\/webp\" \/>\n<meta name=\"twitter:card\" content=\"summary_large_image\" \/>\n<meta name=\"twitter:label1\" content=\"Dur\u00e9e de lecture estim\u00e9e\" \/>\n\t<meta name=\"twitter:data1\" content=\"6 minutes\" \/>\n<script type=\"application\/ld+json\" class=\"yoast-schema-graph\">{\"@context\":\"https:\/\/schema.org\",\"@graph\":[{\"@type\":\"WebPage\",\"@id\":\"https:\/\/mr-mass.com\/?product=olimp-gain-bolic-6000-6800-g\",\"url\":\"https:\/\/mr-mass.com\/?product=olimp-gain-bolic-6000-6800-g\",\"name\":\"Olimp Gain Bolic 6000\u00ae - 6800 g - MR MASS\",\"isPartOf\":{\"@id\":\"https:\/\/mr-mass.com\/#website\"},\"primaryImageOfPage\":{\"@id\":\"https:\/\/mr-mass.com\/?product=olimp-gain-bolic-6000-6800-g#primaryimage\"},\"image\":{\"@id\":\"https:\/\/mr-mass.com\/?product=olimp-gain-bolic-6000-6800-g#primaryimage\"},\"thumbnailUrl\":\"https:\/\/mr-mass.com\/wp-content\/uploads\/2025\/07\/olimp_gain_bolic_6000_6800-01_jpg-e1752688712467.webp\",\"datePublished\":\"2025-07-16T17:58:57+00:00\",\"description\":\"Avantages produit:Trois sources de prot\u00e9ines distinctesPr\u00e9cieux additifs sous forme de cr\u00e9atine monohydrate et de taurineGlucides sous forme de dextrose et de maltodextrine \u00e0 des taux de lib\u00e9ration variables\",\"breadcrumb\":{\"@id\":\"https:\/\/mr-mass.com\/?product=olimp-gain-bolic-6000-6800-g#breadcrumb\"},\"inLanguage\":\"fr-FR\",\"potentialAction\":[{\"@type\":\"ReadAction\",\"target\":[\"https:\/\/mr-mass.com\/?product=olimp-gain-bolic-6000-6800-g\"]}]},{\"@type\":\"ImageObject\",\"inLanguage\":\"fr-FR\",\"@id\":\"https:\/\/mr-mass.com\/?product=olimp-gain-bolic-6000-6800-g#primaryimage\",\"url\":\"https:\/\/mr-mass.com\/wp-content\/uploads\/2025\/07\/olimp_gain_bolic_6000_6800-01_jpg-e1752688712467.webp\",\"contentUrl\":\"https:\/\/mr-mass.com\/wp-content\/uploads\/2025\/07\/olimp_gain_bolic_6000_6800-01_jpg-e1752688712467.webp\",\"width\":500,\"height\":500},{\"@type\":\"BreadcrumbList\",\"@id\":\"https:\/\/mr-mass.com\/?product=olimp-gain-bolic-6000-6800-g#breadcrumb\",\"itemListElement\":[{\"@type\":\"ListItem\",\"position\":1,\"name\":\"Home\",\"item\":\"https:\/\/mr-mass.com\/\"},{\"@type\":\"ListItem\",\"position\":2,\"name\":\"Boutique\",\"item\":\"https:\/\/mr-mass.com\/?page_id=8\"},{\"@type\":\"ListItem\",\"position\":3,\"name\":\"Olimp Gain Bolic 6000\u00ae &#8211; 6800 g\"}]},{\"@type\":\"WebSite\",\"@id\":\"https:\/\/mr-mass.com\/#website\",\"url\":\"https:\/\/mr-mass.com\/\",\"name\":\"MR MASS\",\"description\":\"\",\"publisher\":{\"@id\":\"https:\/\/mr-mass.com\/#organization\"},\"potentialAction\":[{\"@type\":\"SearchAction\",\"target\":{\"@type\":\"EntryPoint\",\"urlTemplate\":\"https:\/\/mr-mass.com\/?s={search_term_string}\"},\"query-input\":{\"@type\":\"PropertyValueSpecification\",\"valueRequired\":true,\"valueName\":\"search_term_string\"}}],\"inLanguage\":\"fr-FR\"},{\"@type\":\"Organization\",\"@id\":\"https:\/\/mr-mass.com\/#organization\",\"name\":\"MR MASS\",\"url\":\"https:\/\/mr-mass.com\/\",\"logo\":{\"@type\":\"ImageObject\",\"inLanguage\":\"fr-FR\",\"@id\":\"https:\/\/mr-mass.com\/#\/schema\/logo\/image\/\",\"url\":\"https:\/\/mr-mass.com\/wp-content\/uploads\/2025\/06\/cropped-417524477_413976367821865_6357673664813295189_n-removebg-preview.png\",\"contentUrl\":\"https:\/\/mr-mass.com\/wp-content\/uploads\/2025\/06\/cropped-417524477_413976367821865_6357673664813295189_n-removebg-preview.png\",\"width\":500,\"height\":436,\"caption\":\"MR MASS\"},\"image\":{\"@id\":\"https:\/\/mr-mass.com\/#\/schema\/logo\/image\/\"}}]}<\/script>\n<!-- \/ Yoast SEO plugin. -->","yoast_head_json":{"title":"Olimp Gain Bolic 6000\u00ae - 6800 g - MR MASS","description":"Avantages produit:Trois sources de prot\u00e9ines distinctesPr\u00e9cieux additifs sous forme de cr\u00e9atine monohydrate et de taurineGlucides sous forme de dextrose et de maltodextrine \u00e0 des taux de lib\u00e9ration variables","robots":{"index":"index","follow":"follow","max-snippet":"max-snippet:-1","max-image-preview":"max-image-preview:large","max-video-preview":"max-video-preview:-1"},"canonical":"https:\/\/mr-mass.com\/?product=olimp-gain-bolic-6000-6800-g","og_locale":"fr_FR","og_type":"article","og_title":"Olimp Gain Bolic 6000\u00ae - 6800 g - MR MASS","og_description":"Avantages produit:Trois sources de prot\u00e9ines distinctesPr\u00e9cieux additifs sous forme de cr\u00e9atine monohydrate et de taurineGlucides sous forme de dextrose et de maltodextrine \u00e0 des taux de lib\u00e9ration variables","og_url":"https:\/\/mr-mass.com\/?product=olimp-gain-bolic-6000-6800-g","og_site_name":"MR MASS","og_image":[{"width":500,"height":500,"url":"https:\/\/mr-mass.com\/wp-content\/uploads\/2025\/07\/olimp_gain_bolic_6000_6800-01_jpg-e1752688712467.webp","type":"image\/webp"}],"twitter_card":"summary_large_image","twitter_misc":{"Dur\u00e9e de lecture estim\u00e9e":"6 minutes"},"schema":{"@context":"https:\/\/schema.org","@graph":[{"@type":"WebPage","@id":"https:\/\/mr-mass.com\/?product=olimp-gain-bolic-6000-6800-g","url":"https:\/\/mr-mass.com\/?product=olimp-gain-bolic-6000-6800-g","name":"Olimp Gain Bolic 6000\u00ae - 6800 g - MR MASS","isPartOf":{"@id":"https:\/\/mr-mass.com\/#website"},"primaryImageOfPage":{"@id":"https:\/\/mr-mass.com\/?product=olimp-gain-bolic-6000-6800-g#primaryimage"},"image":{"@id":"https:\/\/mr-mass.com\/?product=olimp-gain-bolic-6000-6800-g#primaryimage"},"thumbnailUrl":"https:\/\/mr-mass.com\/wp-content\/uploads\/2025\/07\/olimp_gain_bolic_6000_6800-01_jpg-e1752688712467.webp","datePublished":"2025-07-16T17:58:57+00:00","description":"Avantages produit:Trois sources de prot\u00e9ines distinctesPr\u00e9cieux additifs sous forme de cr\u00e9atine monohydrate et de taurineGlucides sous forme de dextrose et de maltodextrine \u00e0 des taux de lib\u00e9ration variables","breadcrumb":{"@id":"https:\/\/mr-mass.com\/?product=olimp-gain-bolic-6000-6800-g#breadcrumb"},"inLanguage":"fr-FR","potentialAction":[{"@type":"ReadAction","target":["https:\/\/mr-mass.com\/?product=olimp-gain-bolic-6000-6800-g"]}]},{"@type":"ImageObject","inLanguage":"fr-FR","@id":"https:\/\/mr-mass.com\/?product=olimp-gain-bolic-6000-6800-g#primaryimage","url":"https:\/\/mr-mass.com\/wp-content\/uploads\/2025\/07\/olimp_gain_bolic_6000_6800-01_jpg-e1752688712467.webp","contentUrl":"https:\/\/mr-mass.com\/wp-content\/uploads\/2025\/07\/olimp_gain_bolic_6000_6800-01_jpg-e1752688712467.webp","width":500,"height":500},{"@type":"BreadcrumbList","@id":"https:\/\/mr-mass.com\/?product=olimp-gain-bolic-6000-6800-g#breadcrumb","itemListElement":[{"@type":"ListItem","position":1,"name":"Home","item":"https:\/\/mr-mass.com\/"},{"@type":"ListItem","position":2,"name":"Boutique","item":"https:\/\/mr-mass.com\/?page_id=8"},{"@type":"ListItem","position":3,"name":"Olimp Gain Bolic 6000\u00ae &#8211; 6800 g"}]},{"@type":"WebSite","@id":"https:\/\/mr-mass.com\/#website","url":"https:\/\/mr-mass.com\/","name":"MR MASS","description":"","publisher":{"@id":"https:\/\/mr-mass.com\/#organization"},"potentialAction":[{"@type":"SearchAction","target":{"@type":"EntryPoint","urlTemplate":"https:\/\/mr-mass.com\/?s={search_term_string}"},"query-input":{"@type":"PropertyValueSpecification","valueRequired":true,"valueName":"search_term_string"}}],"inLanguage":"fr-FR"},{"@type":"Organization","@id":"https:\/\/mr-mass.com\/#organization","name":"MR MASS","url":"https:\/\/mr-mass.com\/","logo":{"@type":"ImageObject","inLanguage":"fr-FR","@id":"https:\/\/mr-mass.com\/#\/schema\/logo\/image\/","url":"https:\/\/mr-mass.com\/wp-content\/uploads\/2025\/06\/cropped-417524477_413976367821865_6357673664813295189_n-removebg-preview.png","contentUrl":"https:\/\/mr-mass.com\/wp-content\/uploads\/2025\/06\/cropped-417524477_413976367821865_6357673664813295189_n-removebg-preview.png","width":500,"height":436,"caption":"MR MASS"},"image":{"@id":"https:\/\/mr-mass.com\/#\/schema\/logo\/image\/"}}]}},"jetpack_sharing_enabled":true,"_links":{"self":[{"href":"https:\/\/mr-mass.com\/index.php?rest_route=\/wp\/v2\/product\/6906","targetHints":{"allow":["GET"]}}],"collection":[{"href":"https:\/\/mr-mass.com\/index.php?rest_route=\/wp\/v2\/product"}],"about":[{"href":"https:\/\/mr-mass.com\/index.php?rest_route=\/wp\/v2\/types\/product"}],"replies":[{"embeddable":true,"href":"https:\/\/mr-mass.com\/index.php?rest_route=%2Fwp%2Fv2%2Fcomments&post=6906"}],"wp:featuredmedia":[{"embeddable":true,"href":"https:\/\/mr-mass.com\/index.php?rest_route=\/wp\/v2\/media\/6907"}],"wp:attachment":[{"href":"https:\/\/mr-mass.com\/index.php?rest_route=%2Fwp%2Fv2%2Fmedia&parent=6906"}],"wp:term":[{"taxonomy":"product_cat","embeddable":true,"href":"https:\/\/mr-mass.com\/index.php?rest_route=%2Fwp%2Fv2%2Fproduct_cat&post=6906"},{"taxonomy":"product_tag","embeddable":true,"href":"https:\/\/mr-mass.com\/index.php?rest_route=%2Fwp%2Fv2%2Fproduct_tag&post=6906"}],"curies":[{"name":"wp","href":"https:\/\/api.w.org\/{rel}","templated":true}]}}