{"id":6918,"date":"2025-07-17T14:28:39","date_gmt":"2025-07-17T12:28:39","guid":{"rendered":"https:\/\/mr-mass.com\/?post_type=product&#038;p=6918"},"modified":"2025-08-02T06:19:01","modified_gmt":"2025-08-02T04:19:01","slug":"olimp-pure-whey-isolate-95-2200g","status":"publish","type":"product","link":"https:\/\/mr-mass.com\/?product=olimp-pure-whey-isolate-95-2200g","title":{"rendered":"Olimp Pure Whey Isolate 95 &#8211; 2200g"},"content":{"rendered":"<h2><strong>Qu\u2019est-ce que Pure Whey Isolate 95 de Olimp Sport Nutrition?<\/strong><\/h2>\n<p><strong>Olimp Sport Nutrition<\/strong>\u00a0pr\u00e9sente avec fiert\u00e9 \u00a0<strong>Olimp Pure Whey Isolate 95<\/strong>, \u00a0une solution id\u00e9ale d\u2019appoint \u00e0 votre alimentation quotidienne comprenant une portion optimale de prot\u00e9ines de lactos\u00e9rum de qualit\u00e9. Le produit est disponible sous forme de poudre laquelle, apr\u00e8s dissolution dans de l&rsquo;eau ou du lait, permet la pr\u00e9paration d\u2019un cocktail extr\u00eamement savoureux et \u00e0 forte teneur en prot\u00e9ines.\u00a0<strong>Olimp Pure Whey Isolate 95<\/strong>\u00a0a \u00e9t\u00e9 cr\u00e9\u00e9 dans les laboratoires pharmaceutiques modernes de l\u2019entreprise\u00a0<strong>Olimp Laboratories<\/strong>, et la mati\u00e8re premi\u00e8re elle-m\u00eame est issue du processus avanc\u00e9 de microfiltration CFM<sup>\u00ae<\/sup>. La combinaison entre une technologie de production innovante et les tests sur la pr\u00e9sence des m\u00e9taux lourds, a permis d\u2019aboutir \u00e0 un produit au standard international, tout en pr\u00e9servant un prix exceptionnellement abordable. Une solution id\u00e9ale pour l\u2019enrichissement de l\u2019alimentation des personnes physiquement actives, \u00e0 tous les niveaux, et pratiquant diverses disciplines sportives.<\/p>\n<h2><strong>Des mati\u00e8res premi\u00e8res de haute qualit\u00e9, voil\u00e0 la base! \u2013 composition de Olimp Pure Whey Isolate 95<\/strong><\/h2>\n<p>Des prot\u00e9ines de valeur constituent bien \u00e9videmment les ingr\u00e9dients cl\u00e9s de\u00a0<strong>Olimp Pure Whey Isolate 95<\/strong>. Les sp\u00e9cialistes de l\u2019entreprise pharmaceutique\u00a0<strong>Olimp Laboratories<\/strong>\u00a0ont utilis\u00e9 du lactos\u00e9rum de qualit\u00e9 sup\u00e9rieure, sous forme d&rsquo;isolat (WPI), obtenu gr\u00e2ce \u00e0 la technologie innovante CFM<sup>\u00ae<\/sup>. Gr\u00e2ce \u00e0 quoi, les prot\u00e9ines utilis\u00e9es se distinguent par un niveau \u00e9lev\u00e9 d&rsquo;activit\u00e9 biologique et une grande r\u00e9sistance aux processus de d\u00e9naturation. Pour faire simple, les prot\u00e9ines contenues dans\u00a0<strong>Pure Whey Isolate 95\u00a0<\/strong>de\u00a0<strong>Olimp Sport Nutrition<\/strong>\u00a0conservent longtemps leur structure compl\u00e8te et la fonctionnalit\u00e9.<\/p>\n<p>Une autre question est celle du caract\u00e8re complet de la prot\u00e9ine utilis\u00e9e. En dehors des prot\u00e9ines,\u00a0 chaque portion de\u00a0<strong>Olimp Pure Whey Isolate 95\u00a0<\/strong>contient \u00e9galement un riche aminogramme. Le produit \u00a0<strong>Olimp Sport Nutrition\u00a0<\/strong>permet de fournir des acides amin\u00e9s endog\u00e8nes et exog\u00e8nes essentiels, tels que les complexes BCAA et EAA. Ces composants sont les \u00e9l\u00e9ments fondamentaux d&rsquo;une alimentation vari\u00e9e et \u00e9quilibr\u00e9e, ainsi que les principaux constituants du tissu musculaire. Cela explique pourquoi les pr\u00e9parations \u00e0 base d&rsquo;acides amin\u00e9s sont largement recommand\u00e9es pour les personnes physiquement actives et les sportifs. De plus, afin d\u2019am\u00e9liorer l&rsquo;alimentation quotidienne, la formule de\u00a0<strong>Olimp Pure Whey Isolate 95<\/strong>\u00a0a \u00e9t\u00e9 enrichie en vitamines et min\u00e9raux essentiels.<\/p>\n<p>Il convient \u00e9galement de noter que l&rsquo;isolat de prot\u00e9ines de lactos\u00e9rum de la marque\u00a0<strong>Olimp Sport Nutrition<\/strong>\u00a0est libre d&rsquo;additifs inutiles. L&rsquo;absence de teneur significative en graisses et en glucides, permet d&rsquo;utiliser le produit chez les personnes en situation de perte de poids, lorsque chaque calorie consomm\u00e9e joue un r\u00f4le important dans la lutte contre les kilos superflus.\u00a0<strong>Olimp Pure Whey Isolate 95<\/strong>\u00a0se confirmera comme id\u00e9al pour les personnes en phase de d\u00e9veloppement de la masse musculaire maigre, ainsi que pour celles cherchant \u00e0 r\u00e9duire l&rsquo;exc\u00e8s de tissu adipeux.<\/p>\n<h2><strong>D\u00e9couvrez les effets et avantages de Olimp Pure Whey Isolate 95<\/strong><\/h2>\n<p>L&rsquo;utilisation de\u00a0<strong>Olimp Pure Whey Isolate 95<\/strong>\u00a0est particuli\u00e8rement recommand\u00e9e aux personnes physiquement actives dont le mode de vie sportif est indissociable du respect des principes d&rsquo;alimentation diversifi\u00e9e et d&rsquo;un r\u00e9gime \u00e9quilibr\u00e9. Pourquoi choisir\u00a0<strong>Olimp Sport Nutrition Pure Whey Isolate 95<\/strong>?<\/p>\n<ul>\n<li>Il enrichit votre alimentation quotidienne avec une dose de prot\u00e9ines saines, d&rsquo;acides amin\u00e9s essentiels et de pr\u00e9cieuses vitamines<\/li>\n<li>Contribue au d\u00e9veloppement et au maintien de la masse musculaire, gr\u00e2ce aux prot\u00e9ines<\/li>\n<\/ul>\n<h2><strong>Comment utiliser le suppl\u00e9ment alimentaire Olimp Pure Whey Isolate 95?<\/strong><\/h2>\n<p>Le produit\u00a0<strong>Olimp Sport Nutrition<\/strong>\u00a0doit \u00eatre consomm\u00e9 en fonction des besoins individuels et courants. Notez que\u00a0<strong>Olimp Pure Whey Isolate 95<\/strong>\u00a0n&rsquo;est qu&rsquo;un compl\u00e9ment \u00e0 une alimentation \u00e9quilibr\u00e9e et vari\u00e9e. Le fabricant vous recommande de prendre 1 \u00e0 3 portions par jour. Une seule portion du produit (35 g) doit \u00eatre dissoute dans environ 120 ml d&rsquo;eau ou de lait \u00e9cr\u00e9m\u00e9, puis consomm\u00e9e imm\u00e9diatement apr\u00e8s la pr\u00e9paration.<\/p>\n<p><strong>Pure Whey Isolate 95<\/strong>\u00a0de\u00a0<strong>Olimp Sport Nutrition<\/strong>\u00a0peut \u00eatre achet\u00e9 en diff\u00e9rentes saveurs, permettant de varier les avantages du lactos\u00e9rum d&rsquo;une mani\u00e8re extr\u00eamement savoureuse. Vous pouvez choisir entre : yaourt cerise, chocolat, beurre de cacahu\u00e8te, fraise et vanille. Le prix du\u00a0<strong>Olimp Pure Whey Isolate 95<\/strong>\u00a0est fonction du grammage.<\/p>\n<p><strong><em>Olimp Pure Whey Isolate 95 \u2013 une grande quantit\u00e9 de prot\u00e9ines sans un gramme de trucage !<\/em><\/strong><\/p>\n<p><strong>Olimp Pure Whey Isolate 95 &#8211; poudre pour la pr\u00e9paration d&rsquo;une boisson riche en prot\u00e9ines et en vitamines. Avec \u00e9dulcorants<\/strong>. Prot\u00e9ines d&rsquo;isolate de lactos\u00e9rum (WP) de haute qualit\u00e9.<\/p>\n<p>La prot\u00e9ine contribue au d\u00e9veloppement et au maintien de la masse musculaire. Une alimentation vari\u00e9e et \u00e9quilibr\u00e9e et un mode de vie sain sont recommand\u00e9s.<\/p>\n<p><strong>Ingr\u00e9dients<\/strong>: 97,5% d&rsquo;isolat de prot\u00e9ines de\u00a0<strong>lactos\u00e9rum<\/strong>\u00a0(<strong>lait<\/strong>), ar\u00f4mes, farine d&rsquo;<strong>arachide<\/strong>\u00a0(pour la saveur Peanut Butter), correcteurs d&rsquo;acidit\u00e9: acide citrique, acide malique; \u00e9paississants: gomme arabique, gomme xanthane, carboxym\u00e9thyl-cellulose sodique; \u00e9dulcorants: ac\u00e9sulfame-K, sucralose; sel, de vitamines [acide L-ascorbique (vitamine C), ac\u00e9tate de DL-alpha-tocoph\u00e9ryle (vitamine E), nicotinamide (niacine), D-biotine (biotine), ac\u00e9tate de r\u00e9tinyle (vitamine A), D-pantoth\u00e9nate de calcium (acide pantoth\u00e9nique), chlorhydrate de pyridoxine (vitamine B6), chol\u00e9calcif\u00e9rol (vitamine D), acide pt\u00e9royimonoglutamique (folate), mononitrate<br \/>\nde thiamine (vitamine B1), riboflavine (vitamine B2), cyanocobalamine (vitamine B12)], \u00e9mulsifiant: l\u00e9cithines de soja: colorants: carot\u00e9no\u00efdes (A), carmins (B), riboflavines (C), E 150c (D), E 150d (E), E 133 (F).<\/p>\n<p>(A)-{F) \u2014 En fonction du parfum du produit, le code (A-F) du composant utilis\u00e9 se Lruuve \u00e0 u\u00d4L\u00c9 de la dale de durabilit\u00e9 mnininrale (\u00e0 consommer de pr\u00e9f\u00e9rence avant le).<\/p>\n<p>Fabriqu\u00e9 dans une usine utilisant des ingr\u00e9dients d\u00e9riv\u00e9s du\u00a0<strong>lait<\/strong>, des\u00a0<strong>\u0153ufs<\/strong>, du\u00a0<strong>soja<\/strong>, des\u00a0<strong>fruits \u00e0 coque<\/strong>, des\u00a0<strong>arachides<\/strong>, des\u00a0<strong>c\u00e9r\u00e9ales contenant du gluten<\/strong>, des\u00a0<strong>poissons<\/strong>, des\u00a0<strong>crustac\u00e9s<\/strong>,<br \/>\ndes\u00a0<strong>mollusques<\/strong>.<\/p>\n<table class=\"table\">\n<tbody>\n<tr>\n<td><strong>Informations nutritionnelle<\/strong><\/td>\n<td><strong>Pour 1 portion<\/strong><strong>(35 g + 115 ml d&rsquo;eau)<\/strong><\/td>\n<td><strong>Pour 2 portions<\/strong><strong>(70 g + 230 ml d&rsquo;eau)<\/strong><\/td>\n<td><strong>Pour 3 portion<\/strong><strong>(105 g + 345 ml d&rsquo;eau)<\/strong><\/td>\n<td><strong>Pour 100 g<\/p>\n<p><\/strong><\/td>\n<\/tr>\n<tr>\n<td>\u00c9nergie<\/td>\n<td>516 kJ\/ 123 kcal<\/td>\n<td>1031 kJ\/ 246 kcal<\/td>\n<td>1546 kJ\/ 370 kcal<\/td>\n<td>1473 kJ\/ 352 kcal<\/td>\n<\/tr>\n<tr>\n<td>Mati\u00e8res grasses<br \/>\ndont acides gras satur\u00e9s<\/td>\n<td>&lt;0,5 g<br \/>\n0,2 g<\/td>\n<td>\u00a0&lt;0,5 g<br \/>\n0,4 g<\/td>\n<td>0,5 g<br \/>\n0,5 g<\/td>\n<td>0,5 g<br \/>\n0,5 g<\/td>\n<\/tr>\n<tr>\n<td>Glucides<br \/>\ndont sucres<strong><br \/>\n<\/strong><\/td>\n<td>&lt; 0,5 g<br \/>\n&lt; 0,5 g<\/td>\n<td>\u00a00,7 g<br \/>\n0,7 g<\/td>\n<td>1,1 g<br \/>\n1,1 g<\/td>\n<td>1,0 g<br \/>\n1,0 g<\/td>\n<\/tr>\n<tr>\n<td>Fibres alimentaires<\/td>\n<td>0 g<\/td>\n<td>\u00a00 g<\/td>\n<td>0 g<\/td>\n<td>0 g<\/td>\n<\/tr>\n<tr>\n<td><strong>Prot\u00e9ines<\/strong><\/td>\n<td>30 g<\/td>\n<td>60 g<\/td>\n<td>90 g<\/td>\n<td>86 g<\/td>\n<\/tr>\n<tr>\n<td>Sel<\/td>\n<td>0,29 g<\/td>\n<td>0,58 g<\/td>\n<td>0,87 g<\/td>\n<td>0,83 g<\/td>\n<\/tr>\n<tr>\n<td><strong>Vitamine A<\/strong>\u00a0(\u00b5g RE)<\/td>\n<td>42\u00a0\u00b5g<\/td>\n<td>84\u00a0\u00b5g<\/td>\n<td>126\u00a0\u00b5g (16%*)<\/td>\n<td>120\u00a0\u00b5g (15%*)<\/td>\n<\/tr>\n<tr>\n<td><strong>Vitamine D<\/strong><\/td>\n<td>0,26\u00a0\u00b5g<\/td>\n<td>0,53\u00a0\u00b5g<\/td>\n<td>0,79\u00a0\u00b5g (16%*)<\/td>\n<td>0,75\u00a0\u00b5g (15%*)<\/td>\n<\/tr>\n<tr>\n<td><strong>Vitamine E<\/strong><\/td>\n<td>0,63 mg<\/td>\n<td>1,26 mg<\/td>\n<td>1,89 mg (16%*)<\/td>\n<td>1,80 mg (15%*)<\/td>\n<\/tr>\n<tr>\n<td><strong>Thiamine\u00a0<\/strong>(Vit. B1)<\/td>\n<td>0,06 mg<\/td>\n<td>0,12 mg<\/td>\n<td>0,18 mg (16%*)<\/td>\n<td>0,17 mg (15%*)<\/td>\n<\/tr>\n<tr>\n<td><strong>Riboflavine\u00a0<\/strong>(Vit. B2)<\/td>\n<td>0,07 mg<\/td>\n<td>0,15 mg<\/td>\n<td>0,22 mg (16%*)<\/td>\n<td>0,21 mg (15%*)<\/td>\n<\/tr>\n<tr>\n<td><strong>Niacine\u00a0<\/strong>(mg NE)<\/td>\n<td>0,8 mg<\/td>\n<td>1,7 mg<\/td>\n<td>2,5 mg (16%*)<\/td>\n<td>2,4 mg (15%*)<\/td>\n<\/tr>\n<tr>\n<td><strong>Acide pantoth\u00e9nique<\/strong><\/td>\n<td>0,3 mg<\/td>\n<td>0,6 mg<\/td>\n<td>0,95 mg (16%*)<\/td>\n<td>0,9 mg (15%*)<\/td>\n<\/tr>\n<tr>\n<td><strong>Vitamine B6<\/strong><\/td>\n<td>0,07 mg<\/td>\n<td>0,15 mg<\/td>\n<td>0,22 mg (16%*)<\/td>\n<td>0,21 mg (15%*)<\/td>\n<\/tr>\n<tr>\n<td><strong>Acide folique<\/strong><\/td>\n<td>11\u00a0\u00b5g<\/td>\n<td>21\u00a0\u00b5g<\/td>\n<td>32\u00a0\u00b5g (16%*)<\/td>\n<td>30\u00a0\u00b5g (15%*)<\/td>\n<\/tr>\n<tr>\n<td><strong>Vitamine B12<\/strong><\/td>\n<td>0,13\u00a0\u00b5g<\/td>\n<td>0,27\u00a0\u00b5g<\/td>\n<td>0,40\u00a0\u00b5g (16%*)<\/td>\n<td>0,38\u00a0\u00b5g (15%*)<\/td>\n<\/tr>\n<tr>\n<td><strong>Biotine<\/strong><\/td>\n<td>2,6\u00a0\u00b5g<\/td>\n<td>5,2\u00a0\u00b5g<\/td>\n<td>7,9\u00a0\u00b5g (16%*)<\/td>\n<td>7,5\u00a0\u00b5g (15%*)<\/td>\n<\/tr>\n<tr>\n<td><strong>Vitamine C<\/strong><\/td>\n<td>4,2 mg<\/td>\n<td>8,4 mg<\/td>\n<td>12,6 mg (16%*)<\/td>\n<td>12,0 mg (15%*)<\/td>\n<\/tr>\n<\/tbody>\n<\/table>\n<p>*VNR \u2013 Valeurs Nutritionnelles de R\u00e9f\u00e9rence.<\/p>\n<table width=\"100%\">\n<tbody>\n<tr>\n<td width=\"33%\"><strong># Aminogram<\/strong><\/td>\n<td width=\"33%\"><strong>Per 35 g<\/strong><\/td>\n<td width=\"33%\"><strong>Per 100 g<\/strong><\/td>\n<\/tr>\n<tr>\n<td width=\"33%\">L-alanine<\/td>\n<td width=\"33%\">1,3095 g<\/td>\n<td width=\"33%\">4,365 g<\/td>\n<\/tr>\n<tr>\n<td width=\"33%\">L-arginine<\/td>\n<td width=\"33%\">0,54999 g<\/td>\n<td width=\"33%\">1,8333 g<\/td>\n<\/tr>\n<tr>\n<td width=\"33%\">Acide L-asparatique<\/td>\n<td width=\"33%\">2,8809 g<\/td>\n<td width=\"33%\">9,603 g<\/td>\n<\/tr>\n<tr>\n<td width=\"33%\">L-cyst\u00e9ine<\/td>\n<td width=\"33%\">0,54999 g<\/td>\n<td width=\"33%\">1,8333 g<\/td>\n<\/tr>\n<tr>\n<td width=\"33%\">Acide L-glutamique<\/td>\n<td width=\"33%\">4,74039 g<\/td>\n<td width=\"33%\">15,8013 g<\/td>\n<\/tr>\n<tr>\n<td width=\"33%\">Glycine<\/td>\n<td width=\"33%\">0,36666 g<\/td>\n<td width=\"33%\">1,2222 g<\/td>\n<\/tr>\n<tr>\n<td width=\"33%\">L-histidine<\/td>\n<td width=\"33%\">0,44523 g<\/td>\n<td width=\"33%\">1,4841 g<\/td>\n<\/tr>\n<tr>\n<td width=\"33%\">*\/** L-isoleucine<\/td>\n<td width=\"33%\">1,67616 g<\/td>\n<td width=\"33%\">5,5872 g<\/td>\n<\/tr>\n<tr>\n<td width=\"33%\">*\/** L-leucine<\/td>\n<td width=\"33%\">2,77614 g<\/td>\n<td width=\"33%\">9,2538 g<\/td>\n<\/tr>\n<tr>\n<td width=\"33%\">* L-Lysine<\/td>\n<td width=\"33%\">2,51424 g<\/td>\n<td width=\"33%\">8,3808 g<\/td>\n<\/tr>\n<tr>\n<td width=\"33%\">* L-m\u00e9tionina<\/td>\n<td width=\"33%\">0,57618 g<\/td>\n<td width=\"33%\">1,9206 g<\/td>\n<\/tr>\n<tr>\n<td width=\"33%\">*\/*** L-ph\u00e9nylalanine<\/td>\n<td width=\"33%\">0,7857 g<\/td>\n<td width=\"33%\">2,619 g<\/td>\n<\/tr>\n<tr>\n<td width=\"33%\">L-proline<\/td>\n<td width=\"33%\">1,44045 g<\/td>\n<td width=\"33%\">4,8015 g<\/td>\n<\/tr>\n<tr>\n<td width=\"33%\">L-s\u00e9rine<\/td>\n<td width=\"33%\">1,20474 g<\/td>\n<td width=\"33%\">4,0158 g<\/td>\n<\/tr>\n<tr>\n<td width=\"33%\">* L-thr\u00e9onine<\/td>\n<td width=\"33%\">1,75473 g<\/td>\n<td width=\"33%\">5,8491 g<\/td>\n<\/tr>\n<tr>\n<td width=\"33%\">*\/*** L-tryptophane<\/td>\n<td width=\"33%\">0,36666 g<\/td>\n<td width=\"33%\">1,2222 g<\/td>\n<\/tr>\n<tr>\n<td width=\"33%\">*** L-tyrosine<\/td>\n<td width=\"33%\">0,68094 g<\/td>\n<td width=\"33%\">2,2698 g<\/td>\n<\/tr>\n<tr>\n<td width=\"33%\">*\/** L-valine<\/td>\n<td width=\"33%\">1,54521 g<\/td>\n<td width=\"33%\">5,1507 g<\/td>\n<\/tr>\n<\/tbody>\n<\/table>\n<p># Les valeurs comprises du mod\u00e8le aminogramme peuvent \u00eatre sujettes \u00e0 des fluctuations, typiques aux produits naturels.<\/p>\n<p>* acides amin\u00e9s exog\u00e8nes<\/p>\n<p>** acides amin\u00e9s \u00e0 cha\u00eene ramifi\u00e9e<\/p>\n<p>*** acides amin\u00e9s aromatiques<\/p>\n<p>Ce produit est con\u00e7u pour les personnes physiquement actives et les sportifs, qui recherchent un d\u00e9veloppement de la masse musculaire.<\/p>\n<p><strong>Conseils d&rsquo;utilisation<\/strong>: prendre 1-3 portions par jour \u2014 au r\u00e9veil, entre les repas, apr\u00e8s<br \/>\nl&rsquo;entra\u00eenement ou avant de se coucher. Ajouter 1 portion (35 g = 1 dosette) \u00e0 115 ml<sup>1<\/sup>\u00a0d&rsquo;eau. Consommer directement apr\u00e8s pr\u00e9paration.<\/p>\n<p><sup>1<\/sup>Diluer dans 100-200 ml d&rsquo;eau en fonction de l&rsquo;intensit\u00e9 du go\u00fbt d\u00e9sir\u00e9e.<\/p>\n<p><strong>OLIMP LABORATORIES Sp. z o. o.<\/strong><br \/>\nPustynia 84F, 39-200 D\u0119bica, Poland<br \/>\ne-mail: info@olimp-labs.com<br \/>\n+48 14 680 32 00<\/p>\n","protected":false},"excerpt":{"rendered":"<p><strong class=\"type\">Avantages produit:<\/strong><\/p>\n<div class=\"value\">\n<ul>\n<li>Isolat de prot\u00e9ine de lactos\u00e9rum (WPI)<\/li>\n<li>Aminogramme riche &#8211; pr\u00e9sence de complexes BCAA et EAA<\/li>\n<li>Composition enrichie des vitamines les plus n\u00e9cessaires<\/li>\n<li>Favorise, gr\u00e2ce aux prot\u00e9ines, le d\u00e9veloppement et le maintien de la masse musculaire<\/li>\n<\/ul>\n<\/div>\n","protected":false},"featured_media":6919,"comment_status":"open","ping_status":"closed","template":"","meta":[],"product_cat":[50],"product_tag":[],"class_list":{"0":"post-6918","1":"product","2":"type-product","3":"status-publish","4":"has-post-thumbnail","6":"product_brand-olimp","7":"product_cat-protein","9":"first","10":"instock","11":"shipping-taxable","12":"purchasable","13":"product-type-simple"},"yoast_head":"<!-- This site is optimized with the Yoast SEO plugin v25.2 - https:\/\/yoast.com\/wordpress\/plugins\/seo\/ -->\n<title>Olimp Pure Whey Isolate 95 - 2200g - MR MASS<\/title>\n<meta name=\"description\" content=\"Avantages produit:Isolat de prot\u00e9ine de lactos\u00e9rum (WPI)Aminogramme riche - pr\u00e9sence de complexes BCAA et EAAComposition enrichie des vitamines les plus n\u00e9cessairesFavorise, gr\u00e2ce aux prot\u00e9ines, le d\u00e9veloppement et le maintien de la masse musculaire\" \/>\n<meta name=\"robots\" content=\"index, follow, max-snippet:-1, max-image-preview:large, max-video-preview:-1\" \/>\n<link rel=\"canonical\" href=\"https:\/\/mr-mass.com\/?product=olimp-pure-whey-isolate-95-2200g\" \/>\n<meta property=\"og:locale\" content=\"fr_FR\" \/>\n<meta property=\"og:type\" content=\"article\" \/>\n<meta property=\"og:title\" content=\"Olimp Pure Whey Isolate 95 - 2200g - MR MASS\" \/>\n<meta property=\"og:description\" content=\"Avantages produit:Isolat de prot\u00e9ine de lactos\u00e9rum (WPI)Aminogramme riche - pr\u00e9sence de complexes BCAA et EAAComposition enrichie des vitamines les plus n\u00e9cessairesFavorise, gr\u00e2ce aux prot\u00e9ines, le d\u00e9veloppement et le maintien de la masse musculaire\" \/>\n<meta property=\"og:url\" content=\"https:\/\/mr-mass.com\/?product=olimp-pure-whey-isolate-95-2200g\" \/>\n<meta property=\"og:site_name\" content=\"MR MASS\" \/>\n<meta property=\"article:modified_time\" content=\"2025-08-02T04:19:01+00:00\" \/>\n<meta property=\"og:image\" content=\"https:\/\/mr-mass.com\/wp-content\/uploads\/2025\/07\/Whey-isolate-95-MR-MASS-e1752755293129.webp\" \/>\n\t<meta property=\"og:image:width\" content=\"500\" \/>\n\t<meta property=\"og:image:height\" content=\"667\" \/>\n\t<meta property=\"og:image:type\" content=\"image\/webp\" \/>\n<meta name=\"twitter:card\" content=\"summary_large_image\" \/>\n<meta name=\"twitter:label1\" content=\"Dur\u00e9e de lecture estim\u00e9e\" \/>\n\t<meta name=\"twitter:data1\" content=\"8 minutes\" \/>\n<script type=\"application\/ld+json\" class=\"yoast-schema-graph\">{\"@context\":\"https:\/\/schema.org\",\"@graph\":[{\"@type\":\"WebPage\",\"@id\":\"https:\/\/mr-mass.com\/?product=olimp-pure-whey-isolate-95-2200g\",\"url\":\"https:\/\/mr-mass.com\/?product=olimp-pure-whey-isolate-95-2200g\",\"name\":\"Olimp Pure Whey Isolate 95 - 2200g - MR MASS\",\"isPartOf\":{\"@id\":\"https:\/\/mr-mass.com\/#website\"},\"primaryImageOfPage\":{\"@id\":\"https:\/\/mr-mass.com\/?product=olimp-pure-whey-isolate-95-2200g#primaryimage\"},\"image\":{\"@id\":\"https:\/\/mr-mass.com\/?product=olimp-pure-whey-isolate-95-2200g#primaryimage\"},\"thumbnailUrl\":\"https:\/\/mr-mass.com\/wp-content\/uploads\/2025\/07\/Whey-isolate-95-MR-MASS-e1752755293129.webp\",\"datePublished\":\"2025-07-17T12:28:39+00:00\",\"dateModified\":\"2025-08-02T04:19:01+00:00\",\"description\":\"Avantages produit:Isolat de prot\u00e9ine de lactos\u00e9rum (WPI)Aminogramme riche - pr\u00e9sence de complexes BCAA et EAAComposition enrichie des vitamines les plus n\u00e9cessairesFavorise, gr\u00e2ce aux prot\u00e9ines, le d\u00e9veloppement et le maintien de la masse musculaire\",\"breadcrumb\":{\"@id\":\"https:\/\/mr-mass.com\/?product=olimp-pure-whey-isolate-95-2200g#breadcrumb\"},\"inLanguage\":\"fr-FR\",\"potentialAction\":[{\"@type\":\"ReadAction\",\"target\":[\"https:\/\/mr-mass.com\/?product=olimp-pure-whey-isolate-95-2200g\"]}]},{\"@type\":\"ImageObject\",\"inLanguage\":\"fr-FR\",\"@id\":\"https:\/\/mr-mass.com\/?product=olimp-pure-whey-isolate-95-2200g#primaryimage\",\"url\":\"https:\/\/mr-mass.com\/wp-content\/uploads\/2025\/07\/Whey-isolate-95-MR-MASS-e1752755293129.webp\",\"contentUrl\":\"https:\/\/mr-mass.com\/wp-content\/uploads\/2025\/07\/Whey-isolate-95-MR-MASS-e1752755293129.webp\",\"width\":500,\"height\":667},{\"@type\":\"BreadcrumbList\",\"@id\":\"https:\/\/mr-mass.com\/?product=olimp-pure-whey-isolate-95-2200g#breadcrumb\",\"itemListElement\":[{\"@type\":\"ListItem\",\"position\":1,\"name\":\"Home\",\"item\":\"https:\/\/mr-mass.com\/\"},{\"@type\":\"ListItem\",\"position\":2,\"name\":\"Boutique\",\"item\":\"https:\/\/mr-mass.com\/?page_id=8\"},{\"@type\":\"ListItem\",\"position\":3,\"name\":\"Olimp Pure Whey Isolate 95 &#8211; 2200g\"}]},{\"@type\":\"WebSite\",\"@id\":\"https:\/\/mr-mass.com\/#website\",\"url\":\"https:\/\/mr-mass.com\/\",\"name\":\"MR MASS\",\"description\":\"\",\"publisher\":{\"@id\":\"https:\/\/mr-mass.com\/#organization\"},\"potentialAction\":[{\"@type\":\"SearchAction\",\"target\":{\"@type\":\"EntryPoint\",\"urlTemplate\":\"https:\/\/mr-mass.com\/?s={search_term_string}\"},\"query-input\":{\"@type\":\"PropertyValueSpecification\",\"valueRequired\":true,\"valueName\":\"search_term_string\"}}],\"inLanguage\":\"fr-FR\"},{\"@type\":\"Organization\",\"@id\":\"https:\/\/mr-mass.com\/#organization\",\"name\":\"MR MASS\",\"url\":\"https:\/\/mr-mass.com\/\",\"logo\":{\"@type\":\"ImageObject\",\"inLanguage\":\"fr-FR\",\"@id\":\"https:\/\/mr-mass.com\/#\/schema\/logo\/image\/\",\"url\":\"https:\/\/mr-mass.com\/wp-content\/uploads\/2025\/06\/cropped-417524477_413976367821865_6357673664813295189_n-removebg-preview.png\",\"contentUrl\":\"https:\/\/mr-mass.com\/wp-content\/uploads\/2025\/06\/cropped-417524477_413976367821865_6357673664813295189_n-removebg-preview.png\",\"width\":500,\"height\":436,\"caption\":\"MR MASS\"},\"image\":{\"@id\":\"https:\/\/mr-mass.com\/#\/schema\/logo\/image\/\"}}]}<\/script>\n<!-- \/ Yoast SEO plugin. -->","yoast_head_json":{"title":"Olimp Pure Whey Isolate 95 - 2200g - MR MASS","description":"Avantages produit:Isolat de prot\u00e9ine de lactos\u00e9rum (WPI)Aminogramme riche - pr\u00e9sence de complexes BCAA et EAAComposition enrichie des vitamines les plus n\u00e9cessairesFavorise, gr\u00e2ce aux prot\u00e9ines, le d\u00e9veloppement et le maintien de la masse musculaire","robots":{"index":"index","follow":"follow","max-snippet":"max-snippet:-1","max-image-preview":"max-image-preview:large","max-video-preview":"max-video-preview:-1"},"canonical":"https:\/\/mr-mass.com\/?product=olimp-pure-whey-isolate-95-2200g","og_locale":"fr_FR","og_type":"article","og_title":"Olimp Pure Whey Isolate 95 - 2200g - MR MASS","og_description":"Avantages produit:Isolat de prot\u00e9ine de lactos\u00e9rum (WPI)Aminogramme riche - pr\u00e9sence de complexes BCAA et EAAComposition enrichie des vitamines les plus n\u00e9cessairesFavorise, gr\u00e2ce aux prot\u00e9ines, le d\u00e9veloppement et le maintien de la masse musculaire","og_url":"https:\/\/mr-mass.com\/?product=olimp-pure-whey-isolate-95-2200g","og_site_name":"MR MASS","article_modified_time":"2025-08-02T04:19:01+00:00","og_image":[{"width":500,"height":667,"url":"https:\/\/mr-mass.com\/wp-content\/uploads\/2025\/07\/Whey-isolate-95-MR-MASS-e1752755293129.webp","type":"image\/webp"}],"twitter_card":"summary_large_image","twitter_misc":{"Dur\u00e9e de lecture estim\u00e9e":"8 minutes"},"schema":{"@context":"https:\/\/schema.org","@graph":[{"@type":"WebPage","@id":"https:\/\/mr-mass.com\/?product=olimp-pure-whey-isolate-95-2200g","url":"https:\/\/mr-mass.com\/?product=olimp-pure-whey-isolate-95-2200g","name":"Olimp Pure Whey Isolate 95 - 2200g - MR MASS","isPartOf":{"@id":"https:\/\/mr-mass.com\/#website"},"primaryImageOfPage":{"@id":"https:\/\/mr-mass.com\/?product=olimp-pure-whey-isolate-95-2200g#primaryimage"},"image":{"@id":"https:\/\/mr-mass.com\/?product=olimp-pure-whey-isolate-95-2200g#primaryimage"},"thumbnailUrl":"https:\/\/mr-mass.com\/wp-content\/uploads\/2025\/07\/Whey-isolate-95-MR-MASS-e1752755293129.webp","datePublished":"2025-07-17T12:28:39+00:00","dateModified":"2025-08-02T04:19:01+00:00","description":"Avantages produit:Isolat de prot\u00e9ine de lactos\u00e9rum (WPI)Aminogramme riche - pr\u00e9sence de complexes BCAA et EAAComposition enrichie des vitamines les plus n\u00e9cessairesFavorise, gr\u00e2ce aux prot\u00e9ines, le d\u00e9veloppement et le maintien de la masse musculaire","breadcrumb":{"@id":"https:\/\/mr-mass.com\/?product=olimp-pure-whey-isolate-95-2200g#breadcrumb"},"inLanguage":"fr-FR","potentialAction":[{"@type":"ReadAction","target":["https:\/\/mr-mass.com\/?product=olimp-pure-whey-isolate-95-2200g"]}]},{"@type":"ImageObject","inLanguage":"fr-FR","@id":"https:\/\/mr-mass.com\/?product=olimp-pure-whey-isolate-95-2200g#primaryimage","url":"https:\/\/mr-mass.com\/wp-content\/uploads\/2025\/07\/Whey-isolate-95-MR-MASS-e1752755293129.webp","contentUrl":"https:\/\/mr-mass.com\/wp-content\/uploads\/2025\/07\/Whey-isolate-95-MR-MASS-e1752755293129.webp","width":500,"height":667},{"@type":"BreadcrumbList","@id":"https:\/\/mr-mass.com\/?product=olimp-pure-whey-isolate-95-2200g#breadcrumb","itemListElement":[{"@type":"ListItem","position":1,"name":"Home","item":"https:\/\/mr-mass.com\/"},{"@type":"ListItem","position":2,"name":"Boutique","item":"https:\/\/mr-mass.com\/?page_id=8"},{"@type":"ListItem","position":3,"name":"Olimp Pure Whey Isolate 95 &#8211; 2200g"}]},{"@type":"WebSite","@id":"https:\/\/mr-mass.com\/#website","url":"https:\/\/mr-mass.com\/","name":"MR MASS","description":"","publisher":{"@id":"https:\/\/mr-mass.com\/#organization"},"potentialAction":[{"@type":"SearchAction","target":{"@type":"EntryPoint","urlTemplate":"https:\/\/mr-mass.com\/?s={search_term_string}"},"query-input":{"@type":"PropertyValueSpecification","valueRequired":true,"valueName":"search_term_string"}}],"inLanguage":"fr-FR"},{"@type":"Organization","@id":"https:\/\/mr-mass.com\/#organization","name":"MR MASS","url":"https:\/\/mr-mass.com\/","logo":{"@type":"ImageObject","inLanguage":"fr-FR","@id":"https:\/\/mr-mass.com\/#\/schema\/logo\/image\/","url":"https:\/\/mr-mass.com\/wp-content\/uploads\/2025\/06\/cropped-417524477_413976367821865_6357673664813295189_n-removebg-preview.png","contentUrl":"https:\/\/mr-mass.com\/wp-content\/uploads\/2025\/06\/cropped-417524477_413976367821865_6357673664813295189_n-removebg-preview.png","width":500,"height":436,"caption":"MR MASS"},"image":{"@id":"https:\/\/mr-mass.com\/#\/schema\/logo\/image\/"}}]}},"jetpack_sharing_enabled":true,"_links":{"self":[{"href":"https:\/\/mr-mass.com\/index.php?rest_route=\/wp\/v2\/product\/6918","targetHints":{"allow":["GET"]}}],"collection":[{"href":"https:\/\/mr-mass.com\/index.php?rest_route=\/wp\/v2\/product"}],"about":[{"href":"https:\/\/mr-mass.com\/index.php?rest_route=\/wp\/v2\/types\/product"}],"replies":[{"embeddable":true,"href":"https:\/\/mr-mass.com\/index.php?rest_route=%2Fwp%2Fv2%2Fcomments&post=6918"}],"wp:featuredmedia":[{"embeddable":true,"href":"https:\/\/mr-mass.com\/index.php?rest_route=\/wp\/v2\/media\/6919"}],"wp:attachment":[{"href":"https:\/\/mr-mass.com\/index.php?rest_route=%2Fwp%2Fv2%2Fmedia&parent=6918"}],"wp:term":[{"taxonomy":"product_cat","embeddable":true,"href":"https:\/\/mr-mass.com\/index.php?rest_route=%2Fwp%2Fv2%2Fproduct_cat&post=6918"},{"taxonomy":"product_tag","embeddable":true,"href":"https:\/\/mr-mass.com\/index.php?rest_route=%2Fwp%2Fv2%2Fproduct_tag&post=6918"}],"curies":[{"name":"wp","href":"https:\/\/api.w.org\/{rel}","templated":true}]}}