{"id":6940,"date":"2025-07-19T19:53:15","date_gmt":"2025-07-19T17:53:15","guid":{"rendered":"https:\/\/mr-mass.com\/?post_type=product&#038;p=6940"},"modified":"2025-07-19T19:53:15","modified_gmt":"2025-07-19T17:53:15","slug":"anabolic-real-mass-3kg","status":"publish","type":"product","link":"https:\/\/mr-mass.com\/?product=anabolic-real-mass-3kg","title":{"rendered":"ANABOLIC REAL MASS 3KG"},"content":{"rendered":"<p>Anabolic Real Mass de Real Pharm \u2013 Gainer enrichi en cr\u00e9atine<br \/>\nAnabolic Real Mass de Real Pharm est la solution id\u00e9ale pour ceux qui peinent \u00e0 prendre de la masse. Gr\u00e2ce \u00e0 une formule anabolique renforc\u00e9e, ce gainer associe des prot\u00e9ines de haute qualit\u00e9, des glucides complexes et de la cr\u00e9atine pour acc\u00e9l\u00e9rer la prise de poids, le d\u00e9veloppement musculaire et l\u2019apport \u00e9nerg\u00e9tique.<\/p>\n<p>Un produit parfaitement adapt\u00e9 aux athl\u00e8tes exigeants comme aux d\u00e9butants en prise de masse.<\/p>\n","protected":false},"excerpt":{"rendered":"<p>Anabolic Real Mass de Real Pharm \u2013 Gainer enrichi en cr\u00e9atine<br \/>\nAnabolic Real Mass de Real Pharm est la solution id\u00e9ale pour ceux qui peinent \u00e0 prendre de la masse. Gr\u00e2ce \u00e0 une formule anabolique renforc\u00e9e, ce gainer associe des prot\u00e9ines de haute qualit\u00e9, des glucides complexes et de la cr\u00e9atine pour acc\u00e9l\u00e9rer la prise de poids, le d\u00e9veloppement musculaire et l\u2019apport \u00e9nerg\u00e9tique.<\/p>\n<p>Un produit parfaitement adapt\u00e9 aux athl\u00e8tes exigeants comme aux d\u00e9butants en prise de masse.<\/p>\n","protected":false},"featured_media":6941,"comment_status":"open","ping_status":"closed","template":"","meta":[],"product_cat":[59],"product_tag":[],"class_list":{"0":"post-6940","1":"product","2":"type-product","3":"status-publish","4":"has-post-thumbnail","6":"product_brand-real-pharm","7":"product_cat-weight-gainers","9":"first","10":"instock","11":"shipping-taxable","12":"purchasable","13":"product-type-simple"},"yoast_head":"<!-- This site is optimized with the Yoast SEO plugin v25.2 - https:\/\/yoast.com\/wordpress\/plugins\/seo\/ -->\n<title>ANABOLIC REAL MASS 3KG - MR MASS<\/title>\n<meta name=\"description\" content=\"Anabolic Real Mass de Real Pharm \u2013 Gainer enrichi en cr\u00e9atineAnabolic Real Mass de Real Pharm est la solution id\u00e9ale pour ceux qui peinent \u00e0 prendre de la masse. Gr\u00e2ce \u00e0 une formule anabolique renforc\u00e9e, ce gainer associe des prot\u00e9ines de haute qualit\u00e9, des glucides complexes et de la cr\u00e9atine pour acc\u00e9l\u00e9rer la prise de poids, le d\u00e9veloppement musculaire et l\u2019apport \u00e9nerg\u00e9tique.Un produit parfaitement adapt\u00e9 aux athl\u00e8tes exigeants comme aux d\u00e9butants en prise de masse.\" \/>\n<meta name=\"robots\" content=\"index, follow, max-snippet:-1, max-image-preview:large, max-video-preview:-1\" \/>\n<link rel=\"canonical\" href=\"https:\/\/mr-mass.com\/?product=anabolic-real-mass-3kg\" \/>\n<meta property=\"og:locale\" content=\"fr_FR\" \/>\n<meta property=\"og:type\" content=\"article\" \/>\n<meta property=\"og:title\" content=\"ANABOLIC REAL MASS 3KG - MR MASS\" \/>\n<meta property=\"og:description\" content=\"Anabolic Real Mass de Real Pharm \u2013 Gainer enrichi en cr\u00e9atineAnabolic Real Mass de Real Pharm est la solution id\u00e9ale pour ceux qui peinent \u00e0 prendre de la masse. Gr\u00e2ce \u00e0 une formule anabolique renforc\u00e9e, ce gainer associe des prot\u00e9ines de haute qualit\u00e9, des glucides complexes et de la cr\u00e9atine pour acc\u00e9l\u00e9rer la prise de poids, le d\u00e9veloppement musculaire et l\u2019apport \u00e9nerg\u00e9tique.Un produit parfaitement adapt\u00e9 aux athl\u00e8tes exigeants comme aux d\u00e9butants en prise de masse.\" \/>\n<meta property=\"og:url\" content=\"https:\/\/mr-mass.com\/?product=anabolic-real-mass-3kg\" \/>\n<meta property=\"og:site_name\" content=\"MR MASS\" \/>\n<meta property=\"og:image\" content=\"https:\/\/mr-mass.com\/wp-content\/uploads\/2025\/07\/ANABOLIC-GOLD-MASS-3KG-e1752947585280.jpg\" \/>\n\t<meta property=\"og:image:width\" content=\"500\" \/>\n\t<meta property=\"og:image:height\" content=\"600\" \/>\n\t<meta property=\"og:image:type\" content=\"image\/jpeg\" \/>\n<meta name=\"twitter:card\" content=\"summary_large_image\" \/>\n<meta name=\"twitter:label1\" content=\"Dur\u00e9e de lecture estim\u00e9e\" \/>\n\t<meta name=\"twitter:data1\" content=\"1 minute\" \/>\n<script type=\"application\/ld+json\" class=\"yoast-schema-graph\">{\"@context\":\"https:\/\/schema.org\",\"@graph\":[{\"@type\":\"WebPage\",\"@id\":\"https:\/\/mr-mass.com\/?product=anabolic-real-mass-3kg\",\"url\":\"https:\/\/mr-mass.com\/?product=anabolic-real-mass-3kg\",\"name\":\"ANABOLIC REAL MASS 3KG - MR MASS\",\"isPartOf\":{\"@id\":\"https:\/\/mr-mass.com\/#website\"},\"primaryImageOfPage\":{\"@id\":\"https:\/\/mr-mass.com\/?product=anabolic-real-mass-3kg#primaryimage\"},\"image\":{\"@id\":\"https:\/\/mr-mass.com\/?product=anabolic-real-mass-3kg#primaryimage\"},\"thumbnailUrl\":\"https:\/\/mr-mass.com\/wp-content\/uploads\/2025\/07\/ANABOLIC-GOLD-MASS-3KG-e1752947585280.jpg\",\"datePublished\":\"2025-07-19T17:53:15+00:00\",\"description\":\"Anabolic Real Mass de Real Pharm \u2013 Gainer enrichi en cr\u00e9atineAnabolic Real Mass de Real Pharm est la solution id\u00e9ale pour ceux qui peinent \u00e0 prendre de la masse. Gr\u00e2ce \u00e0 une formule anabolique renforc\u00e9e, ce gainer associe des prot\u00e9ines de haute qualit\u00e9, des glucides complexes et de la cr\u00e9atine pour acc\u00e9l\u00e9rer la prise de poids, le d\u00e9veloppement musculaire et l\u2019apport \u00e9nerg\u00e9tique.Un produit parfaitement adapt\u00e9 aux athl\u00e8tes exigeants comme aux d\u00e9butants en prise de masse.\",\"breadcrumb\":{\"@id\":\"https:\/\/mr-mass.com\/?product=anabolic-real-mass-3kg#breadcrumb\"},\"inLanguage\":\"fr-FR\",\"potentialAction\":[{\"@type\":\"ReadAction\",\"target\":[\"https:\/\/mr-mass.com\/?product=anabolic-real-mass-3kg\"]}]},{\"@type\":\"ImageObject\",\"inLanguage\":\"fr-FR\",\"@id\":\"https:\/\/mr-mass.com\/?product=anabolic-real-mass-3kg#primaryimage\",\"url\":\"https:\/\/mr-mass.com\/wp-content\/uploads\/2025\/07\/ANABOLIC-GOLD-MASS-3KG-e1752947585280.jpg\",\"contentUrl\":\"https:\/\/mr-mass.com\/wp-content\/uploads\/2025\/07\/ANABOLIC-GOLD-MASS-3KG-e1752947585280.jpg\",\"width\":500,\"height\":600},{\"@type\":\"BreadcrumbList\",\"@id\":\"https:\/\/mr-mass.com\/?product=anabolic-real-mass-3kg#breadcrumb\",\"itemListElement\":[{\"@type\":\"ListItem\",\"position\":1,\"name\":\"Home\",\"item\":\"https:\/\/mr-mass.com\/\"},{\"@type\":\"ListItem\",\"position\":2,\"name\":\"Boutique\",\"item\":\"https:\/\/mr-mass.com\/?page_id=8\"},{\"@type\":\"ListItem\",\"position\":3,\"name\":\"ANABOLIC REAL MASS 3KG\"}]},{\"@type\":\"WebSite\",\"@id\":\"https:\/\/mr-mass.com\/#website\",\"url\":\"https:\/\/mr-mass.com\/\",\"name\":\"MR MASS\",\"description\":\"\",\"publisher\":{\"@id\":\"https:\/\/mr-mass.com\/#organization\"},\"potentialAction\":[{\"@type\":\"SearchAction\",\"target\":{\"@type\":\"EntryPoint\",\"urlTemplate\":\"https:\/\/mr-mass.com\/?s={search_term_string}\"},\"query-input\":{\"@type\":\"PropertyValueSpecification\",\"valueRequired\":true,\"valueName\":\"search_term_string\"}}],\"inLanguage\":\"fr-FR\"},{\"@type\":\"Organization\",\"@id\":\"https:\/\/mr-mass.com\/#organization\",\"name\":\"MR MASS\",\"url\":\"https:\/\/mr-mass.com\/\",\"logo\":{\"@type\":\"ImageObject\",\"inLanguage\":\"fr-FR\",\"@id\":\"https:\/\/mr-mass.com\/#\/schema\/logo\/image\/\",\"url\":\"https:\/\/mr-mass.com\/wp-content\/uploads\/2025\/06\/cropped-417524477_413976367821865_6357673664813295189_n-removebg-preview.png\",\"contentUrl\":\"https:\/\/mr-mass.com\/wp-content\/uploads\/2025\/06\/cropped-417524477_413976367821865_6357673664813295189_n-removebg-preview.png\",\"width\":500,\"height\":436,\"caption\":\"MR MASS\"},\"image\":{\"@id\":\"https:\/\/mr-mass.com\/#\/schema\/logo\/image\/\"}}]}<\/script>\n<!-- \/ Yoast SEO plugin. -->","yoast_head_json":{"title":"ANABOLIC REAL MASS 3KG - MR MASS","description":"Anabolic Real Mass de Real Pharm \u2013 Gainer enrichi en cr\u00e9atineAnabolic Real Mass de Real Pharm est la solution id\u00e9ale pour ceux qui peinent \u00e0 prendre de la masse. Gr\u00e2ce \u00e0 une formule anabolique renforc\u00e9e, ce gainer associe des prot\u00e9ines de haute qualit\u00e9, des glucides complexes et de la cr\u00e9atine pour acc\u00e9l\u00e9rer la prise de poids, le d\u00e9veloppement musculaire et l\u2019apport \u00e9nerg\u00e9tique.Un produit parfaitement adapt\u00e9 aux athl\u00e8tes exigeants comme aux d\u00e9butants en prise de masse.","robots":{"index":"index","follow":"follow","max-snippet":"max-snippet:-1","max-image-preview":"max-image-preview:large","max-video-preview":"max-video-preview:-1"},"canonical":"https:\/\/mr-mass.com\/?product=anabolic-real-mass-3kg","og_locale":"fr_FR","og_type":"article","og_title":"ANABOLIC REAL MASS 3KG - MR MASS","og_description":"Anabolic Real Mass de Real Pharm \u2013 Gainer enrichi en cr\u00e9atineAnabolic Real Mass de Real Pharm est la solution id\u00e9ale pour ceux qui peinent \u00e0 prendre de la masse. Gr\u00e2ce \u00e0 une formule anabolique renforc\u00e9e, ce gainer associe des prot\u00e9ines de haute qualit\u00e9, des glucides complexes et de la cr\u00e9atine pour acc\u00e9l\u00e9rer la prise de poids, le d\u00e9veloppement musculaire et l\u2019apport \u00e9nerg\u00e9tique.Un produit parfaitement adapt\u00e9 aux athl\u00e8tes exigeants comme aux d\u00e9butants en prise de masse.","og_url":"https:\/\/mr-mass.com\/?product=anabolic-real-mass-3kg","og_site_name":"MR MASS","og_image":[{"width":500,"height":600,"url":"https:\/\/mr-mass.com\/wp-content\/uploads\/2025\/07\/ANABOLIC-GOLD-MASS-3KG-e1752947585280.jpg","type":"image\/jpeg"}],"twitter_card":"summary_large_image","twitter_misc":{"Dur\u00e9e de lecture estim\u00e9e":"1 minute"},"schema":{"@context":"https:\/\/schema.org","@graph":[{"@type":"WebPage","@id":"https:\/\/mr-mass.com\/?product=anabolic-real-mass-3kg","url":"https:\/\/mr-mass.com\/?product=anabolic-real-mass-3kg","name":"ANABOLIC REAL MASS 3KG - MR MASS","isPartOf":{"@id":"https:\/\/mr-mass.com\/#website"},"primaryImageOfPage":{"@id":"https:\/\/mr-mass.com\/?product=anabolic-real-mass-3kg#primaryimage"},"image":{"@id":"https:\/\/mr-mass.com\/?product=anabolic-real-mass-3kg#primaryimage"},"thumbnailUrl":"https:\/\/mr-mass.com\/wp-content\/uploads\/2025\/07\/ANABOLIC-GOLD-MASS-3KG-e1752947585280.jpg","datePublished":"2025-07-19T17:53:15+00:00","description":"Anabolic Real Mass de Real Pharm \u2013 Gainer enrichi en cr\u00e9atineAnabolic Real Mass de Real Pharm est la solution id\u00e9ale pour ceux qui peinent \u00e0 prendre de la masse. Gr\u00e2ce \u00e0 une formule anabolique renforc\u00e9e, ce gainer associe des prot\u00e9ines de haute qualit\u00e9, des glucides complexes et de la cr\u00e9atine pour acc\u00e9l\u00e9rer la prise de poids, le d\u00e9veloppement musculaire et l\u2019apport \u00e9nerg\u00e9tique.Un produit parfaitement adapt\u00e9 aux athl\u00e8tes exigeants comme aux d\u00e9butants en prise de masse.","breadcrumb":{"@id":"https:\/\/mr-mass.com\/?product=anabolic-real-mass-3kg#breadcrumb"},"inLanguage":"fr-FR","potentialAction":[{"@type":"ReadAction","target":["https:\/\/mr-mass.com\/?product=anabolic-real-mass-3kg"]}]},{"@type":"ImageObject","inLanguage":"fr-FR","@id":"https:\/\/mr-mass.com\/?product=anabolic-real-mass-3kg#primaryimage","url":"https:\/\/mr-mass.com\/wp-content\/uploads\/2025\/07\/ANABOLIC-GOLD-MASS-3KG-e1752947585280.jpg","contentUrl":"https:\/\/mr-mass.com\/wp-content\/uploads\/2025\/07\/ANABOLIC-GOLD-MASS-3KG-e1752947585280.jpg","width":500,"height":600},{"@type":"BreadcrumbList","@id":"https:\/\/mr-mass.com\/?product=anabolic-real-mass-3kg#breadcrumb","itemListElement":[{"@type":"ListItem","position":1,"name":"Home","item":"https:\/\/mr-mass.com\/"},{"@type":"ListItem","position":2,"name":"Boutique","item":"https:\/\/mr-mass.com\/?page_id=8"},{"@type":"ListItem","position":3,"name":"ANABOLIC REAL MASS 3KG"}]},{"@type":"WebSite","@id":"https:\/\/mr-mass.com\/#website","url":"https:\/\/mr-mass.com\/","name":"MR MASS","description":"","publisher":{"@id":"https:\/\/mr-mass.com\/#organization"},"potentialAction":[{"@type":"SearchAction","target":{"@type":"EntryPoint","urlTemplate":"https:\/\/mr-mass.com\/?s={search_term_string}"},"query-input":{"@type":"PropertyValueSpecification","valueRequired":true,"valueName":"search_term_string"}}],"inLanguage":"fr-FR"},{"@type":"Organization","@id":"https:\/\/mr-mass.com\/#organization","name":"MR MASS","url":"https:\/\/mr-mass.com\/","logo":{"@type":"ImageObject","inLanguage":"fr-FR","@id":"https:\/\/mr-mass.com\/#\/schema\/logo\/image\/","url":"https:\/\/mr-mass.com\/wp-content\/uploads\/2025\/06\/cropped-417524477_413976367821865_6357673664813295189_n-removebg-preview.png","contentUrl":"https:\/\/mr-mass.com\/wp-content\/uploads\/2025\/06\/cropped-417524477_413976367821865_6357673664813295189_n-removebg-preview.png","width":500,"height":436,"caption":"MR MASS"},"image":{"@id":"https:\/\/mr-mass.com\/#\/schema\/logo\/image\/"}}]}},"jetpack_sharing_enabled":true,"_links":{"self":[{"href":"https:\/\/mr-mass.com\/index.php?rest_route=\/wp\/v2\/product\/6940","targetHints":{"allow":["GET"]}}],"collection":[{"href":"https:\/\/mr-mass.com\/index.php?rest_route=\/wp\/v2\/product"}],"about":[{"href":"https:\/\/mr-mass.com\/index.php?rest_route=\/wp\/v2\/types\/product"}],"replies":[{"embeddable":true,"href":"https:\/\/mr-mass.com\/index.php?rest_route=%2Fwp%2Fv2%2Fcomments&post=6940"}],"wp:featuredmedia":[{"embeddable":true,"href":"https:\/\/mr-mass.com\/index.php?rest_route=\/wp\/v2\/media\/6941"}],"wp:attachment":[{"href":"https:\/\/mr-mass.com\/index.php?rest_route=%2Fwp%2Fv2%2Fmedia&parent=6940"}],"wp:term":[{"taxonomy":"product_cat","embeddable":true,"href":"https:\/\/mr-mass.com\/index.php?rest_route=%2Fwp%2Fv2%2Fproduct_cat&post=6940"},{"taxonomy":"product_tag","embeddable":true,"href":"https:\/\/mr-mass.com\/index.php?rest_route=%2Fwp%2Fv2%2Fproduct_tag&post=6940"}],"curies":[{"name":"wp","href":"https:\/\/api.w.org\/{rel}","templated":true}]}}