{"id":6943,"date":"2025-07-26T17:58:39","date_gmt":"2025-07-26T15:58:39","guid":{"rendered":"https:\/\/mr-mass.com\/?post_type=product&#038;p=6943"},"modified":"2025-07-26T17:58:39","modified_gmt":"2025-07-26T15:58:39","slug":"olimp-sport-nutrition-amino-eaa-xplode-520g","status":"publish","type":"product","link":"https:\/\/mr-mass.com\/?product=olimp-sport-nutrition-amino-eaa-xplode-520g","title":{"rendered":"Olimp Sport Nutrition Amino EAA Xplode \u2013 520g"},"content":{"rendered":"<h4><strong>AMINO EAA XPLODE &#8211; OLIMP SPORT NUTRITION\u00a0<\/strong><\/h4>\n<p>Pour cette formule de AMINO EAA Xplode, nous avons non seulement cherch\u00e9 \u00e0 obtenir le bon rapport, mais \u00e9galement \u00e0 cr\u00e9er une composition complexe. Ainsi, en plus d&rsquo;incorporer tous les acides amin\u00e9s essentiels, nous avons ajouter de la vitamine B6 pour une meilleure assimilation. Id\u00e9ale pour une r\u00e9cup\u00e9ration et une construction musculaire optimale .<\/p>\n<p>&nbsp;<\/p>\n<ul>\n<li>Enrichissement du r\u00e9gime en amino-acides BCAA et EAA<\/li>\n<li>Plus de 9 g de BCAA de EAA dans chaque portion!<\/li>\n<li>Soutien au d\u00e9veloppement de la masse musculaire<\/li>\n<li>Recommand\u00e9 aux personnes physiquement actives et aux sportifs de haut niveau<\/li>\n<li>Produit enrichit en vitamines du groupe B (niacyne, vitamine B6)<\/li>\n<\/ul>\n<h4><strong>INGR\u00c9DIENTS<\/strong><\/h4>\n<p>EAA mtrx [L-leucine, L-lysine HCl, L-valine, L-isoleucine, L-thr\u00e9onine, L-ph\u00e9nyloalanine, L-m\u00e9thionine, L-tryptophane], EAA Support [L-glutamine, L-tyrosine, L-histidine HCl, L-alanine, cystine (comme source de L-cysteine)], EXTRA BCAA [L-leucine, L-isoleucine, L-valine], niacine (nicotinamide), vit. B6 (pyridoxine hydrochloride); \u00e9paississant \u2013 gomme d&rsquo;acacia, r\u00e9gulateur d&rsquo;acidit\u00e9 \u2013 acide malique, acide citrique, citrate de sodium; ar\u00f4mes, \u00e9dulcorants \u2013 ac\u00e9sulfame K, sucralose.<\/p>\n<p><img fetchpriority=\"high\" decoding=\"async\" src=\"https:\/\/www.nutrisport-performances.com\/img\/cms\/EAA%20XPLODE%20Olimp.jpg\" alt=\"\" width=\"732\" height=\"937\" \/><\/p>\n<h4><strong>UTILISATION<\/strong><\/h4>\n<p>M\u00e9langez 1 portion (13 g de poudre &#8211; 30 unit\u00e9s de mesure = 1 cuill\u00e8re ou 2 cuill\u00e8res \u00e0 plat) \u00e0 150 ml d&rsquo;eau et consommez avant l&rsquo;entrainement, et de suite apr\u00e8s l&rsquo;entrainement.<\/p>\n<p>&nbsp;<\/p>\n<h4><strong>PR\u00c9CAUTIONS<\/strong><\/h4>\n<p>Ne pas donner aux enfants, ne pas donner aux femmes enceintes, ne jamais d\u00e9passer la dose journali\u00e8re recommand\u00e9e.<\/p>\n","protected":false},"excerpt":{"rendered":"<p><strong>Pour cette formule de Amino EAA Xplode<\/strong>, nous avons non seulement cherch\u00e9 \u00e0 obtenir le bon rapport, mais \u00e9galement \u00e0 cr\u00e9er une composition complexe. Ainsi, en plus d&rsquo;incorporer tous les acides amin\u00e9s essentiels, nous avons ajouter de la vitamine B6 pour une meilleure assimilation. Id\u00e9ale pour une r\u00e9cup\u00e9ration et une construction musculaire optimale .<\/p>\n","protected":false},"featured_media":6944,"comment_status":"open","ping_status":"closed","template":"","meta":[],"product_cat":[78],"product_tag":[],"class_list":{"0":"post-6943","1":"product","2":"type-product","3":"status-publish","4":"has-post-thumbnail","6":"product_brand-olimp","7":"product_cat-acide-amine","9":"first","10":"instock","11":"shipping-taxable","12":"purchasable","13":"product-type-simple"},"yoast_head":"<!-- This site is optimized with the Yoast SEO plugin v25.2 - https:\/\/yoast.com\/wordpress\/plugins\/seo\/ -->\n<title>Olimp Sport Nutrition Amino EAA Xplode \u2013 520g - MR MASS<\/title>\n<meta name=\"description\" content=\"Pour cette formule de Amino EAA Xplode, nous avons non seulement cherch\u00e9 \u00e0 obtenir le bon rapport, mais \u00e9galement \u00e0 cr\u00e9er une composition complexe. Ainsi, en plus d&#039;incorporer tous les acides amin\u00e9s essentiels, nous avons ajouter de la vitamine B6 pour une meilleure assimilation. Id\u00e9ale pour une r\u00e9cup\u00e9ration et une construction musculaire optimale .\" \/>\n<meta name=\"robots\" content=\"index, follow, max-snippet:-1, max-image-preview:large, max-video-preview:-1\" \/>\n<link rel=\"canonical\" href=\"https:\/\/mr-mass.com\/?product=olimp-sport-nutrition-amino-eaa-xplode-520g\" \/>\n<meta property=\"og:locale\" content=\"fr_FR\" \/>\n<meta property=\"og:type\" content=\"article\" \/>\n<meta property=\"og:title\" content=\"Olimp Sport Nutrition Amino EAA Xplode \u2013 520g - MR MASS\" \/>\n<meta property=\"og:description\" content=\"Pour cette formule de Amino EAA Xplode, nous avons non seulement cherch\u00e9 \u00e0 obtenir le bon rapport, mais \u00e9galement \u00e0 cr\u00e9er une composition complexe. Ainsi, en plus d&#039;incorporer tous les acides amin\u00e9s essentiels, nous avons ajouter de la vitamine B6 pour une meilleure assimilation. Id\u00e9ale pour une r\u00e9cup\u00e9ration et une construction musculaire optimale .\" \/>\n<meta property=\"og:url\" content=\"https:\/\/mr-mass.com\/?product=olimp-sport-nutrition-amino-eaa-xplode-520g\" \/>\n<meta property=\"og:site_name\" content=\"MR MASS\" \/>\n<meta property=\"og:image\" content=\"https:\/\/mr-mass.com\/wp-content\/uploads\/2025\/07\/Olimp-Sport-Nutrition-Amino-EAA-Xplode-\u2013-520g-e1753545488332.webp\" \/>\n\t<meta property=\"og:image:width\" content=\"500\" \/>\n\t<meta property=\"og:image:height\" content=\"500\" \/>\n\t<meta property=\"og:image:type\" content=\"image\/webp\" \/>\n<meta name=\"twitter:card\" content=\"summary_large_image\" \/>\n<meta name=\"twitter:label1\" content=\"Dur\u00e9e de lecture estim\u00e9e\" \/>\n\t<meta name=\"twitter:data1\" content=\"2 minutes\" \/>\n<script type=\"application\/ld+json\" class=\"yoast-schema-graph\">{\"@context\":\"https:\/\/schema.org\",\"@graph\":[{\"@type\":\"WebPage\",\"@id\":\"https:\/\/mr-mass.com\/?product=olimp-sport-nutrition-amino-eaa-xplode-520g\",\"url\":\"https:\/\/mr-mass.com\/?product=olimp-sport-nutrition-amino-eaa-xplode-520g\",\"name\":\"Olimp Sport Nutrition Amino EAA Xplode \u2013 520g - MR MASS\",\"isPartOf\":{\"@id\":\"https:\/\/mr-mass.com\/#website\"},\"primaryImageOfPage\":{\"@id\":\"https:\/\/mr-mass.com\/?product=olimp-sport-nutrition-amino-eaa-xplode-520g#primaryimage\"},\"image\":{\"@id\":\"https:\/\/mr-mass.com\/?product=olimp-sport-nutrition-amino-eaa-xplode-520g#primaryimage\"},\"thumbnailUrl\":\"https:\/\/mr-mass.com\/wp-content\/uploads\/2025\/07\/Olimp-Sport-Nutrition-Amino-EAA-Xplode-\u2013-520g-e1753545488332.webp\",\"datePublished\":\"2025-07-26T15:58:39+00:00\",\"description\":\"Pour cette formule de Amino EAA Xplode, nous avons non seulement cherch\u00e9 \u00e0 obtenir le bon rapport, mais \u00e9galement \u00e0 cr\u00e9er une composition complexe. Ainsi, en plus d'incorporer tous les acides amin\u00e9s essentiels, nous avons ajouter de la vitamine B6 pour une meilleure assimilation. Id\u00e9ale pour une r\u00e9cup\u00e9ration et une construction musculaire optimale .\",\"breadcrumb\":{\"@id\":\"https:\/\/mr-mass.com\/?product=olimp-sport-nutrition-amino-eaa-xplode-520g#breadcrumb\"},\"inLanguage\":\"fr-FR\",\"potentialAction\":[{\"@type\":\"ReadAction\",\"target\":[\"https:\/\/mr-mass.com\/?product=olimp-sport-nutrition-amino-eaa-xplode-520g\"]}]},{\"@type\":\"ImageObject\",\"inLanguage\":\"fr-FR\",\"@id\":\"https:\/\/mr-mass.com\/?product=olimp-sport-nutrition-amino-eaa-xplode-520g#primaryimage\",\"url\":\"https:\/\/mr-mass.com\/wp-content\/uploads\/2025\/07\/Olimp-Sport-Nutrition-Amino-EAA-Xplode-\u2013-520g-e1753545488332.webp\",\"contentUrl\":\"https:\/\/mr-mass.com\/wp-content\/uploads\/2025\/07\/Olimp-Sport-Nutrition-Amino-EAA-Xplode-\u2013-520g-e1753545488332.webp\",\"width\":500,\"height\":500},{\"@type\":\"BreadcrumbList\",\"@id\":\"https:\/\/mr-mass.com\/?product=olimp-sport-nutrition-amino-eaa-xplode-520g#breadcrumb\",\"itemListElement\":[{\"@type\":\"ListItem\",\"position\":1,\"name\":\"Home\",\"item\":\"https:\/\/mr-mass.com\/\"},{\"@type\":\"ListItem\",\"position\":2,\"name\":\"Boutique\",\"item\":\"https:\/\/mr-mass.com\/?page_id=8\"},{\"@type\":\"ListItem\",\"position\":3,\"name\":\"Olimp Sport Nutrition Amino EAA Xplode \u2013 520g\"}]},{\"@type\":\"WebSite\",\"@id\":\"https:\/\/mr-mass.com\/#website\",\"url\":\"https:\/\/mr-mass.com\/\",\"name\":\"MR MASS\",\"description\":\"\",\"publisher\":{\"@id\":\"https:\/\/mr-mass.com\/#organization\"},\"potentialAction\":[{\"@type\":\"SearchAction\",\"target\":{\"@type\":\"EntryPoint\",\"urlTemplate\":\"https:\/\/mr-mass.com\/?s={search_term_string}\"},\"query-input\":{\"@type\":\"PropertyValueSpecification\",\"valueRequired\":true,\"valueName\":\"search_term_string\"}}],\"inLanguage\":\"fr-FR\"},{\"@type\":\"Organization\",\"@id\":\"https:\/\/mr-mass.com\/#organization\",\"name\":\"MR MASS\",\"url\":\"https:\/\/mr-mass.com\/\",\"logo\":{\"@type\":\"ImageObject\",\"inLanguage\":\"fr-FR\",\"@id\":\"https:\/\/mr-mass.com\/#\/schema\/logo\/image\/\",\"url\":\"https:\/\/mr-mass.com\/wp-content\/uploads\/2025\/06\/cropped-417524477_413976367821865_6357673664813295189_n-removebg-preview.png\",\"contentUrl\":\"https:\/\/mr-mass.com\/wp-content\/uploads\/2025\/06\/cropped-417524477_413976367821865_6357673664813295189_n-removebg-preview.png\",\"width\":500,\"height\":436,\"caption\":\"MR MASS\"},\"image\":{\"@id\":\"https:\/\/mr-mass.com\/#\/schema\/logo\/image\/\"}}]}<\/script>\n<!-- \/ Yoast SEO plugin. -->","yoast_head_json":{"title":"Olimp Sport Nutrition Amino EAA Xplode \u2013 520g - MR MASS","description":"Pour cette formule de Amino EAA Xplode, nous avons non seulement cherch\u00e9 \u00e0 obtenir le bon rapport, mais \u00e9galement \u00e0 cr\u00e9er une composition complexe. Ainsi, en plus d'incorporer tous les acides amin\u00e9s essentiels, nous avons ajouter de la vitamine B6 pour une meilleure assimilation. Id\u00e9ale pour une r\u00e9cup\u00e9ration et une construction musculaire optimale .","robots":{"index":"index","follow":"follow","max-snippet":"max-snippet:-1","max-image-preview":"max-image-preview:large","max-video-preview":"max-video-preview:-1"},"canonical":"https:\/\/mr-mass.com\/?product=olimp-sport-nutrition-amino-eaa-xplode-520g","og_locale":"fr_FR","og_type":"article","og_title":"Olimp Sport Nutrition Amino EAA Xplode \u2013 520g - MR MASS","og_description":"Pour cette formule de Amino EAA Xplode, nous avons non seulement cherch\u00e9 \u00e0 obtenir le bon rapport, mais \u00e9galement \u00e0 cr\u00e9er une composition complexe. Ainsi, en plus d'incorporer tous les acides amin\u00e9s essentiels, nous avons ajouter de la vitamine B6 pour une meilleure assimilation. Id\u00e9ale pour une r\u00e9cup\u00e9ration et une construction musculaire optimale .","og_url":"https:\/\/mr-mass.com\/?product=olimp-sport-nutrition-amino-eaa-xplode-520g","og_site_name":"MR MASS","og_image":[{"width":500,"height":500,"url":"https:\/\/mr-mass.com\/wp-content\/uploads\/2025\/07\/Olimp-Sport-Nutrition-Amino-EAA-Xplode-\u2013-520g-e1753545488332.webp","type":"image\/webp"}],"twitter_card":"summary_large_image","twitter_misc":{"Dur\u00e9e de lecture estim\u00e9e":"2 minutes"},"schema":{"@context":"https:\/\/schema.org","@graph":[{"@type":"WebPage","@id":"https:\/\/mr-mass.com\/?product=olimp-sport-nutrition-amino-eaa-xplode-520g","url":"https:\/\/mr-mass.com\/?product=olimp-sport-nutrition-amino-eaa-xplode-520g","name":"Olimp Sport Nutrition Amino EAA Xplode \u2013 520g - MR MASS","isPartOf":{"@id":"https:\/\/mr-mass.com\/#website"},"primaryImageOfPage":{"@id":"https:\/\/mr-mass.com\/?product=olimp-sport-nutrition-amino-eaa-xplode-520g#primaryimage"},"image":{"@id":"https:\/\/mr-mass.com\/?product=olimp-sport-nutrition-amino-eaa-xplode-520g#primaryimage"},"thumbnailUrl":"https:\/\/mr-mass.com\/wp-content\/uploads\/2025\/07\/Olimp-Sport-Nutrition-Amino-EAA-Xplode-\u2013-520g-e1753545488332.webp","datePublished":"2025-07-26T15:58:39+00:00","description":"Pour cette formule de Amino EAA Xplode, nous avons non seulement cherch\u00e9 \u00e0 obtenir le bon rapport, mais \u00e9galement \u00e0 cr\u00e9er une composition complexe. Ainsi, en plus d'incorporer tous les acides amin\u00e9s essentiels, nous avons ajouter de la vitamine B6 pour une meilleure assimilation. Id\u00e9ale pour une r\u00e9cup\u00e9ration et une construction musculaire optimale .","breadcrumb":{"@id":"https:\/\/mr-mass.com\/?product=olimp-sport-nutrition-amino-eaa-xplode-520g#breadcrumb"},"inLanguage":"fr-FR","potentialAction":[{"@type":"ReadAction","target":["https:\/\/mr-mass.com\/?product=olimp-sport-nutrition-amino-eaa-xplode-520g"]}]},{"@type":"ImageObject","inLanguage":"fr-FR","@id":"https:\/\/mr-mass.com\/?product=olimp-sport-nutrition-amino-eaa-xplode-520g#primaryimage","url":"https:\/\/mr-mass.com\/wp-content\/uploads\/2025\/07\/Olimp-Sport-Nutrition-Amino-EAA-Xplode-\u2013-520g-e1753545488332.webp","contentUrl":"https:\/\/mr-mass.com\/wp-content\/uploads\/2025\/07\/Olimp-Sport-Nutrition-Amino-EAA-Xplode-\u2013-520g-e1753545488332.webp","width":500,"height":500},{"@type":"BreadcrumbList","@id":"https:\/\/mr-mass.com\/?product=olimp-sport-nutrition-amino-eaa-xplode-520g#breadcrumb","itemListElement":[{"@type":"ListItem","position":1,"name":"Home","item":"https:\/\/mr-mass.com\/"},{"@type":"ListItem","position":2,"name":"Boutique","item":"https:\/\/mr-mass.com\/?page_id=8"},{"@type":"ListItem","position":3,"name":"Olimp Sport Nutrition Amino EAA Xplode \u2013 520g"}]},{"@type":"WebSite","@id":"https:\/\/mr-mass.com\/#website","url":"https:\/\/mr-mass.com\/","name":"MR MASS","description":"","publisher":{"@id":"https:\/\/mr-mass.com\/#organization"},"potentialAction":[{"@type":"SearchAction","target":{"@type":"EntryPoint","urlTemplate":"https:\/\/mr-mass.com\/?s={search_term_string}"},"query-input":{"@type":"PropertyValueSpecification","valueRequired":true,"valueName":"search_term_string"}}],"inLanguage":"fr-FR"},{"@type":"Organization","@id":"https:\/\/mr-mass.com\/#organization","name":"MR MASS","url":"https:\/\/mr-mass.com\/","logo":{"@type":"ImageObject","inLanguage":"fr-FR","@id":"https:\/\/mr-mass.com\/#\/schema\/logo\/image\/","url":"https:\/\/mr-mass.com\/wp-content\/uploads\/2025\/06\/cropped-417524477_413976367821865_6357673664813295189_n-removebg-preview.png","contentUrl":"https:\/\/mr-mass.com\/wp-content\/uploads\/2025\/06\/cropped-417524477_413976367821865_6357673664813295189_n-removebg-preview.png","width":500,"height":436,"caption":"MR MASS"},"image":{"@id":"https:\/\/mr-mass.com\/#\/schema\/logo\/image\/"}}]}},"jetpack_sharing_enabled":true,"_links":{"self":[{"href":"https:\/\/mr-mass.com\/index.php?rest_route=\/wp\/v2\/product\/6943","targetHints":{"allow":["GET"]}}],"collection":[{"href":"https:\/\/mr-mass.com\/index.php?rest_route=\/wp\/v2\/product"}],"about":[{"href":"https:\/\/mr-mass.com\/index.php?rest_route=\/wp\/v2\/types\/product"}],"replies":[{"embeddable":true,"href":"https:\/\/mr-mass.com\/index.php?rest_route=%2Fwp%2Fv2%2Fcomments&post=6943"}],"wp:featuredmedia":[{"embeddable":true,"href":"https:\/\/mr-mass.com\/index.php?rest_route=\/wp\/v2\/media\/6944"}],"wp:attachment":[{"href":"https:\/\/mr-mass.com\/index.php?rest_route=%2Fwp%2Fv2%2Fmedia&parent=6943"}],"wp:term":[{"taxonomy":"product_cat","embeddable":true,"href":"https:\/\/mr-mass.com\/index.php?rest_route=%2Fwp%2Fv2%2Fproduct_cat&post=6943"},{"taxonomy":"product_tag","embeddable":true,"href":"https:\/\/mr-mass.com\/index.php?rest_route=%2Fwp%2Fv2%2Fproduct_tag&post=6943"}],"curies":[{"name":"wp","href":"https:\/\/api.w.org\/{rel}","templated":true}]}}