{"id":6945,"date":"2025-07-26T19:43:21","date_gmt":"2025-07-26T17:43:21","guid":{"rendered":"https:\/\/mr-mass.com\/?post_type=product&#038;p=6945"},"modified":"2025-07-26T19:43:22","modified_gmt":"2025-07-26T17:43:22","slug":"gsn-multivitamins-30-capsules","status":"publish","type":"product","link":"https:\/\/mr-mass.com\/?product=gsn-multivitamins-30-capsules","title":{"rendered":"GSN MULTIVITAMINS 30 CAPSULES"},"content":{"rendered":"<h4 data-start=\"314\" data-end=\"344\">\u2705\u00a0<strong data-start=\"321\" data-end=\"342\">Composition cl\u00e9 :<\/strong><\/h4>\n<ul data-start=\"345\" data-end=\"835\">\n<li data-start=\"345\" data-end=\"424\">\n<p data-start=\"347\" data-end=\"424\"><strong data-start=\"347\" data-end=\"363\">Zinc (30 mg)<\/strong>\u00a0\u2013 soutien immunitaire, cicatrisation, r\u00e9gulation hormonale<\/p>\n<\/li>\n<li data-start=\"425\" data-end=\"515\">\n<p data-start=\"427\" data-end=\"515\"><strong data-start=\"427\" data-end=\"473\">Complexe Vitamines B (B1, B2, B6, B9, B12)<\/strong>\u00a0\u2013 \u00e9nergie, m\u00e9tabolisme, syst\u00e8me nerveux<\/p>\n<\/li>\n<li data-start=\"516\" data-end=\"559\">\n<p data-start=\"518\" data-end=\"559\"><strong data-start=\"518\" data-end=\"532\">Vitamine A<\/strong>\u00a0\u2013 vision, peau, immunit\u00e9<\/p>\n<\/li>\n<li data-start=\"560\" data-end=\"624\">\n<p data-start=\"562\" data-end=\"624\"><strong data-start=\"562\" data-end=\"576\">Vitamine C<\/strong>\u00a0\u2013 antioxydant puissant, renforce les d\u00e9fenses<\/p>\n<\/li>\n<li data-start=\"625\" data-end=\"711\">\n<p data-start=\"627\" data-end=\"711\"><strong data-start=\"627\" data-end=\"648\">Vitamine E, D &amp; K<\/strong>\u00a0\u2013 sant\u00e9 des os, fonctions musculaires, protection cellulaire<\/p>\n<\/li>\n<li data-start=\"712\" data-end=\"783\">\n<p data-start=\"714\" data-end=\"783\"><strong data-start=\"714\" data-end=\"728\">Fer (Iron)<\/strong>\u00a0\u2013 pr\u00e9vention de la fatigue, oxyg\u00e9nation des cellules<\/p>\n<\/li>\n<li data-start=\"784\" data-end=\"835\">\n<p data-start=\"786\" data-end=\"835\">Autres\u00a0<strong data-start=\"793\" data-end=\"835\">min\u00e9raux et micronutriments essentiels<\/strong><\/p>\n<\/li>\n<\/ul>\n<hr data-start=\"837\" data-end=\"840\" \/>\n<h4 data-start=\"842\" data-end=\"878\">\u2699\ufe0f\u00a0<strong data-start=\"850\" data-end=\"876\">B\u00e9n\u00e9fices principaux :<\/strong><\/h4>\n<ul data-start=\"879\" data-end=\"1168\">\n<li data-start=\"879\" data-end=\"932\">\n<p data-start=\"881\" data-end=\"932\">\ud83d\udd0b\u00a0<strong data-start=\"884\" data-end=\"903\">\u00c9nergie durable<\/strong>\u00a0et r\u00e9duction de la fatigue<\/p>\n<\/li>\n<li data-start=\"933\" data-end=\"980\">\n<p data-start=\"935\" data-end=\"980\">\ud83d\udee1\ufe0f\u00a0<strong data-start=\"939\" data-end=\"978\">Renforcement du syst\u00e8me immunitaire<\/strong><\/p>\n<\/li>\n<li data-start=\"981\" data-end=\"1025\">\n<p data-start=\"983\" data-end=\"1025\">\ud83e\udde0\u00a0<strong data-start=\"986\" data-end=\"1023\">Soutien cognitif et concentration<\/strong><\/p>\n<\/li>\n<li data-start=\"1026\" data-end=\"1079\">\n<p data-start=\"1028\" data-end=\"1079\">\ud83d\udcaa\u00a0<strong data-start=\"1031\" data-end=\"1077\">R\u00e9cup\u00e9ration physique et bien-\u00eatre g\u00e9n\u00e9ral<\/strong><\/p>\n<\/li>\n<li data-start=\"1080\" data-end=\"1168\">\n<p data-start=\"1082\" data-end=\"1168\">\ud83c\udf3f\u00a0<strong data-start=\"1085\" data-end=\"1168\">Id\u00e9al pour les sportifs, \u00e9tudiants, travailleurs actifs ou en p\u00e9riode de stress<\/strong><\/p>\n<\/li>\n<\/ul>\n<hr data-start=\"1170\" data-end=\"1173\" \/>\n<h4 data-start=\"1175\" data-end=\"1200\">\ud83e\uddf4 Format pratique :<\/h4>\n<ul data-start=\"1201\" data-end=\"1313\">\n<li data-start=\"1201\" data-end=\"1233\">\n<p data-start=\"1203\" data-end=\"1233\">30 capsules faciles \u00e0 avaler<\/p>\n<\/li>\n<li data-start=\"1234\" data-end=\"1277\">\n<p data-start=\"1236\" data-end=\"1277\">1 capsule par jour = 1 mois de vitalit\u00e9<\/p>\n<\/li>\n<li data-start=\"1278\" data-end=\"1313\">\n<p data-start=\"1280\" data-end=\"1313\">Convient aux hommes et aux femmes<\/p>\n<\/li>\n<\/ul>\n<hr data-start=\"1315\" data-end=\"1318\" \/>\n<h4 data-start=\"1320\" data-end=\"1353\">\u2705 Garantie GSM Nutrition :<\/h4>\n<ul data-start=\"1354\" data-end=\"1503\">\n<li data-start=\"1354\" data-end=\"1393\">\n<p data-start=\"1356\" data-end=\"1393\">Formule scientifiquement \u00e9quilibr\u00e9e<\/p>\n<\/li>\n<li data-start=\"1394\" data-end=\"1452\">\n<p data-start=\"1396\" data-end=\"1452\">Fabriqu\u00e9 selon les normes de qualit\u00e9 les plus strictes<\/p>\n<\/li>\n<li data-start=\"1453\" data-end=\"1503\">\n<p data-start=\"1455\" data-end=\"1503\"><strong data-start=\"1455\" data-end=\"1503\">Sans gluten \u2013 Sans OGM \u2013 Sans sucres ajout\u00e9s<\/strong><\/p>\n<\/li>\n<\/ul>\n<hr data-start=\"1505\" data-end=\"1508\" \/>\n<h3 data-start=\"1510\" data-end=\"1623\">\ud83d\uded2 Ajoutez\u00a0<strong data-start=\"1525\" data-end=\"1547\">GSM Multi Vitamins<\/strong>\u00a0\u00e0 votre routine quotidienne et faites le plein de sant\u00e9 et de performance !<\/h3>\n","protected":false},"excerpt":{"rendered":"<h3 data-start=\"119\" data-end=\"200\">MULTI VITAMINS \u2013 Compl\u00e9ment Complet &amp; \u00c9quilibr\u00e9 (30 Capsules \/ 30 Jours)<\/h3>\n<p data-start=\"201\" data-end=\"307\"><strong data-start=\"201\" data-end=\"307\">Un concentr\u00e9 de vitalit\u00e9 pour soutenir votre \u00e9nergie, votre immunit\u00e9 et vos performances quotidiennes.<\/strong><\/p>\n","protected":false},"featured_media":6946,"comment_status":"open","ping_status":"closed","template":"","meta":[],"product_cat":[76],"product_tag":[],"class_list":{"0":"post-6945","1":"product","2":"type-product","3":"status-publish","4":"has-post-thumbnail","6":"product_brand-gsn-great-sport-nutrition","7":"product_cat-multi-vitamins-minerals","9":"first","10":"instock","11":"sale","12":"shipping-taxable","13":"purchasable","14":"product-type-simple"},"yoast_head":"<!-- This site is optimized with the Yoast SEO plugin v25.2 - https:\/\/yoast.com\/wordpress\/plugins\/seo\/ -->\n<title>GSN MULTIVITAMINS 30 CAPSULES - MR MASS<\/title>\n<meta name=\"description\" content=\"MULTI VITAMINS \u2013 Compl\u00e9ment Complet &amp; \u00c9quilibr\u00e9 (30 Capsules \/ 30 Jours)Un concentr\u00e9 de vitalit\u00e9 pour soutenir votre \u00e9nergie, votre immunit\u00e9 et vos performances quotidiennes.\" \/>\n<meta name=\"robots\" content=\"index, follow, max-snippet:-1, max-image-preview:large, max-video-preview:-1\" \/>\n<link rel=\"canonical\" href=\"https:\/\/mr-mass.com\/?product=gsn-multivitamins-30-capsules\" \/>\n<meta property=\"og:locale\" content=\"fr_FR\" \/>\n<meta property=\"og:type\" content=\"article\" \/>\n<meta property=\"og:title\" content=\"GSN MULTIVITAMINS 30 CAPSULES - MR MASS\" \/>\n<meta property=\"og:description\" content=\"MULTI VITAMINS \u2013 Compl\u00e9ment Complet &amp; \u00c9quilibr\u00e9 (30 Capsules \/ 30 Jours)Un concentr\u00e9 de vitalit\u00e9 pour soutenir votre \u00e9nergie, votre immunit\u00e9 et vos performances quotidiennes.\" \/>\n<meta property=\"og:url\" content=\"https:\/\/mr-mass.com\/?product=gsn-multivitamins-30-capsules\" \/>\n<meta property=\"og:site_name\" content=\"MR MASS\" \/>\n<meta property=\"article:modified_time\" content=\"2025-07-26T17:43:22+00:00\" \/>\n<meta property=\"og:image\" content=\"https:\/\/mr-mass.com\/wp-content\/uploads\/2025\/07\/GSN-MULTIVITAMINS-30-CAPSULES.webp\" \/>\n\t<meta property=\"og:image:width\" content=\"500\" \/>\n\t<meta property=\"og:image:height\" content=\"500\" \/>\n\t<meta property=\"og:image:type\" content=\"image\/webp\" \/>\n<meta name=\"twitter:card\" content=\"summary_large_image\" \/>\n<meta name=\"twitter:label1\" content=\"Dur\u00e9e de lecture estim\u00e9e\" \/>\n\t<meta name=\"twitter:data1\" content=\"2 minutes\" \/>\n<script type=\"application\/ld+json\" class=\"yoast-schema-graph\">{\"@context\":\"https:\/\/schema.org\",\"@graph\":[{\"@type\":\"WebPage\",\"@id\":\"https:\/\/mr-mass.com\/?product=gsn-multivitamins-30-capsules\",\"url\":\"https:\/\/mr-mass.com\/?product=gsn-multivitamins-30-capsules\",\"name\":\"GSN MULTIVITAMINS 30 CAPSULES - MR MASS\",\"isPartOf\":{\"@id\":\"https:\/\/mr-mass.com\/#website\"},\"primaryImageOfPage\":{\"@id\":\"https:\/\/mr-mass.com\/?product=gsn-multivitamins-30-capsules#primaryimage\"},\"image\":{\"@id\":\"https:\/\/mr-mass.com\/?product=gsn-multivitamins-30-capsules#primaryimage\"},\"thumbnailUrl\":\"https:\/\/mr-mass.com\/wp-content\/uploads\/2025\/07\/GSN-MULTIVITAMINS-30-CAPSULES.webp\",\"datePublished\":\"2025-07-26T17:43:21+00:00\",\"dateModified\":\"2025-07-26T17:43:22+00:00\",\"description\":\"MULTI VITAMINS \u2013 Compl\u00e9ment Complet & \u00c9quilibr\u00e9 (30 Capsules \/ 30 Jours)Un concentr\u00e9 de vitalit\u00e9 pour soutenir votre \u00e9nergie, votre immunit\u00e9 et vos performances quotidiennes.\",\"breadcrumb\":{\"@id\":\"https:\/\/mr-mass.com\/?product=gsn-multivitamins-30-capsules#breadcrumb\"},\"inLanguage\":\"fr-FR\",\"potentialAction\":[{\"@type\":\"ReadAction\",\"target\":[\"https:\/\/mr-mass.com\/?product=gsn-multivitamins-30-capsules\"]}]},{\"@type\":\"ImageObject\",\"inLanguage\":\"fr-FR\",\"@id\":\"https:\/\/mr-mass.com\/?product=gsn-multivitamins-30-capsules#primaryimage\",\"url\":\"https:\/\/mr-mass.com\/wp-content\/uploads\/2025\/07\/GSN-MULTIVITAMINS-30-CAPSULES.webp\",\"contentUrl\":\"https:\/\/mr-mass.com\/wp-content\/uploads\/2025\/07\/GSN-MULTIVITAMINS-30-CAPSULES.webp\",\"width\":500,\"height\":500},{\"@type\":\"BreadcrumbList\",\"@id\":\"https:\/\/mr-mass.com\/?product=gsn-multivitamins-30-capsules#breadcrumb\",\"itemListElement\":[{\"@type\":\"ListItem\",\"position\":1,\"name\":\"Home\",\"item\":\"https:\/\/mr-mass.com\/\"},{\"@type\":\"ListItem\",\"position\":2,\"name\":\"Boutique\",\"item\":\"https:\/\/mr-mass.com\/?page_id=8\"},{\"@type\":\"ListItem\",\"position\":3,\"name\":\"GSN MULTIVITAMINS 30 CAPSULES\"}]},{\"@type\":\"WebSite\",\"@id\":\"https:\/\/mr-mass.com\/#website\",\"url\":\"https:\/\/mr-mass.com\/\",\"name\":\"MR MASS\",\"description\":\"\",\"publisher\":{\"@id\":\"https:\/\/mr-mass.com\/#organization\"},\"potentialAction\":[{\"@type\":\"SearchAction\",\"target\":{\"@type\":\"EntryPoint\",\"urlTemplate\":\"https:\/\/mr-mass.com\/?s={search_term_string}\"},\"query-input\":{\"@type\":\"PropertyValueSpecification\",\"valueRequired\":true,\"valueName\":\"search_term_string\"}}],\"inLanguage\":\"fr-FR\"},{\"@type\":\"Organization\",\"@id\":\"https:\/\/mr-mass.com\/#organization\",\"name\":\"MR MASS\",\"url\":\"https:\/\/mr-mass.com\/\",\"logo\":{\"@type\":\"ImageObject\",\"inLanguage\":\"fr-FR\",\"@id\":\"https:\/\/mr-mass.com\/#\/schema\/logo\/image\/\",\"url\":\"https:\/\/mr-mass.com\/wp-content\/uploads\/2025\/06\/cropped-417524477_413976367821865_6357673664813295189_n-removebg-preview.png\",\"contentUrl\":\"https:\/\/mr-mass.com\/wp-content\/uploads\/2025\/06\/cropped-417524477_413976367821865_6357673664813295189_n-removebg-preview.png\",\"width\":500,\"height\":436,\"caption\":\"MR MASS\"},\"image\":{\"@id\":\"https:\/\/mr-mass.com\/#\/schema\/logo\/image\/\"}}]}<\/script>\n<!-- \/ Yoast SEO plugin. -->","yoast_head_json":{"title":"GSN MULTIVITAMINS 30 CAPSULES - MR MASS","description":"MULTI VITAMINS \u2013 Compl\u00e9ment Complet & \u00c9quilibr\u00e9 (30 Capsules \/ 30 Jours)Un concentr\u00e9 de vitalit\u00e9 pour soutenir votre \u00e9nergie, votre immunit\u00e9 et vos performances quotidiennes.","robots":{"index":"index","follow":"follow","max-snippet":"max-snippet:-1","max-image-preview":"max-image-preview:large","max-video-preview":"max-video-preview:-1"},"canonical":"https:\/\/mr-mass.com\/?product=gsn-multivitamins-30-capsules","og_locale":"fr_FR","og_type":"article","og_title":"GSN MULTIVITAMINS 30 CAPSULES - MR MASS","og_description":"MULTI VITAMINS \u2013 Compl\u00e9ment Complet & \u00c9quilibr\u00e9 (30 Capsules \/ 30 Jours)Un concentr\u00e9 de vitalit\u00e9 pour soutenir votre \u00e9nergie, votre immunit\u00e9 et vos performances quotidiennes.","og_url":"https:\/\/mr-mass.com\/?product=gsn-multivitamins-30-capsules","og_site_name":"MR MASS","article_modified_time":"2025-07-26T17:43:22+00:00","og_image":[{"width":500,"height":500,"url":"https:\/\/mr-mass.com\/wp-content\/uploads\/2025\/07\/GSN-MULTIVITAMINS-30-CAPSULES.webp","type":"image\/webp"}],"twitter_card":"summary_large_image","twitter_misc":{"Dur\u00e9e de lecture estim\u00e9e":"2 minutes"},"schema":{"@context":"https:\/\/schema.org","@graph":[{"@type":"WebPage","@id":"https:\/\/mr-mass.com\/?product=gsn-multivitamins-30-capsules","url":"https:\/\/mr-mass.com\/?product=gsn-multivitamins-30-capsules","name":"GSN MULTIVITAMINS 30 CAPSULES - MR MASS","isPartOf":{"@id":"https:\/\/mr-mass.com\/#website"},"primaryImageOfPage":{"@id":"https:\/\/mr-mass.com\/?product=gsn-multivitamins-30-capsules#primaryimage"},"image":{"@id":"https:\/\/mr-mass.com\/?product=gsn-multivitamins-30-capsules#primaryimage"},"thumbnailUrl":"https:\/\/mr-mass.com\/wp-content\/uploads\/2025\/07\/GSN-MULTIVITAMINS-30-CAPSULES.webp","datePublished":"2025-07-26T17:43:21+00:00","dateModified":"2025-07-26T17:43:22+00:00","description":"MULTI VITAMINS \u2013 Compl\u00e9ment Complet & \u00c9quilibr\u00e9 (30 Capsules \/ 30 Jours)Un concentr\u00e9 de vitalit\u00e9 pour soutenir votre \u00e9nergie, votre immunit\u00e9 et vos performances quotidiennes.","breadcrumb":{"@id":"https:\/\/mr-mass.com\/?product=gsn-multivitamins-30-capsules#breadcrumb"},"inLanguage":"fr-FR","potentialAction":[{"@type":"ReadAction","target":["https:\/\/mr-mass.com\/?product=gsn-multivitamins-30-capsules"]}]},{"@type":"ImageObject","inLanguage":"fr-FR","@id":"https:\/\/mr-mass.com\/?product=gsn-multivitamins-30-capsules#primaryimage","url":"https:\/\/mr-mass.com\/wp-content\/uploads\/2025\/07\/GSN-MULTIVITAMINS-30-CAPSULES.webp","contentUrl":"https:\/\/mr-mass.com\/wp-content\/uploads\/2025\/07\/GSN-MULTIVITAMINS-30-CAPSULES.webp","width":500,"height":500},{"@type":"BreadcrumbList","@id":"https:\/\/mr-mass.com\/?product=gsn-multivitamins-30-capsules#breadcrumb","itemListElement":[{"@type":"ListItem","position":1,"name":"Home","item":"https:\/\/mr-mass.com\/"},{"@type":"ListItem","position":2,"name":"Boutique","item":"https:\/\/mr-mass.com\/?page_id=8"},{"@type":"ListItem","position":3,"name":"GSN MULTIVITAMINS 30 CAPSULES"}]},{"@type":"WebSite","@id":"https:\/\/mr-mass.com\/#website","url":"https:\/\/mr-mass.com\/","name":"MR MASS","description":"","publisher":{"@id":"https:\/\/mr-mass.com\/#organization"},"potentialAction":[{"@type":"SearchAction","target":{"@type":"EntryPoint","urlTemplate":"https:\/\/mr-mass.com\/?s={search_term_string}"},"query-input":{"@type":"PropertyValueSpecification","valueRequired":true,"valueName":"search_term_string"}}],"inLanguage":"fr-FR"},{"@type":"Organization","@id":"https:\/\/mr-mass.com\/#organization","name":"MR MASS","url":"https:\/\/mr-mass.com\/","logo":{"@type":"ImageObject","inLanguage":"fr-FR","@id":"https:\/\/mr-mass.com\/#\/schema\/logo\/image\/","url":"https:\/\/mr-mass.com\/wp-content\/uploads\/2025\/06\/cropped-417524477_413976367821865_6357673664813295189_n-removebg-preview.png","contentUrl":"https:\/\/mr-mass.com\/wp-content\/uploads\/2025\/06\/cropped-417524477_413976367821865_6357673664813295189_n-removebg-preview.png","width":500,"height":436,"caption":"MR MASS"},"image":{"@id":"https:\/\/mr-mass.com\/#\/schema\/logo\/image\/"}}]}},"jetpack_sharing_enabled":true,"_links":{"self":[{"href":"https:\/\/mr-mass.com\/index.php?rest_route=\/wp\/v2\/product\/6945","targetHints":{"allow":["GET"]}}],"collection":[{"href":"https:\/\/mr-mass.com\/index.php?rest_route=\/wp\/v2\/product"}],"about":[{"href":"https:\/\/mr-mass.com\/index.php?rest_route=\/wp\/v2\/types\/product"}],"replies":[{"embeddable":true,"href":"https:\/\/mr-mass.com\/index.php?rest_route=%2Fwp%2Fv2%2Fcomments&post=6945"}],"wp:featuredmedia":[{"embeddable":true,"href":"https:\/\/mr-mass.com\/index.php?rest_route=\/wp\/v2\/media\/6946"}],"wp:attachment":[{"href":"https:\/\/mr-mass.com\/index.php?rest_route=%2Fwp%2Fv2%2Fmedia&parent=6945"}],"wp:term":[{"taxonomy":"product_cat","embeddable":true,"href":"https:\/\/mr-mass.com\/index.php?rest_route=%2Fwp%2Fv2%2Fproduct_cat&post=6945"},{"taxonomy":"product_tag","embeddable":true,"href":"https:\/\/mr-mass.com\/index.php?rest_route=%2Fwp%2Fv2%2Fproduct_tag&post=6945"}],"curies":[{"name":"wp","href":"https:\/\/api.w.org\/{rel}","templated":true}]}}