{"id":6974,"date":"2025-09-12T19:11:10","date_gmt":"2025-09-12T17:11:10","guid":{"rendered":"https:\/\/mr-mass.com\/?post_type=product&#038;p=6974"},"modified":"2025-09-12T19:22:43","modified_gmt":"2025-09-12T17:22:43","slug":"bulk-muscle-xl-bpi-sports-6kg","status":"publish","type":"product","link":"https:\/\/mr-mass.com\/?product=bulk-muscle-xl-bpi-sports-6kg","title":{"rendered":"Bulk Muscle XL\u2122 &#8211; BPI Sports | 6kg"},"content":{"rendered":"<p><strong>Bulk Muscle XL Chocolat \u2013 6,8kg de BPI Sports, disponible en Tunisie :<\/strong><\/p>\n<p>Si vous \u00eates s\u00e9rieux \u00e0 propos de la prise de masse,\u00a0<strong>Bulk Muscle XL<\/strong>\u00a0de\u00a0<strong>BPI Sports<\/strong>\u00a0est votre solution ultime. Sp\u00e9cialement formul\u00e9 pour soutenir une croissance musculaire intense, chaque portion vous offre\u00a0<strong>50g de prot\u00e9ines premium<\/strong>\u00a0et\u00a0<strong>820 calories<\/strong>, garantissant que vous r\u00e9coltez les fruits de vos efforts \u00e0 la salle de sport.<\/p>\n<p><strong>Pourquoi choisir Bulk Muscle XL ?<\/strong><br \/>\nCette formule avanc\u00e9e est enrichie en ingr\u00e9dients essentiels \u00e0 la construction musculaire, notamment des\u00a0<strong>BCAA<\/strong>, du\u00a0<strong>CLA<\/strong>, des fibres et d\u2019autres nutriments b\u00e9n\u00e9fiques, tout en \u00e9tant faible en sucres et graisses ind\u00e9sirables. Les acides amin\u00e9s essentiels qu\u2019elle contient soutiennent la croissance et la r\u00e9cup\u00e9ration musculaire, vous permettant de vous entra\u00eener avec plus d\u2019intensit\u00e9 et de puissance.<\/p>\n<p><strong>Un go\u00fbt in\u00e9gal\u00e9<\/strong><br \/>\nEn plus de ses bienfaits nutritionnels, Bulk Muscle XL ne compromet jamais le go\u00fbt. Chaque shake au chocolat est un plaisir \u00e0 d\u00e9guster.<\/p>\n<p><strong>Qu\u2019apporte Bulk Muscle XL ?<\/strong><br \/>\nVoici ce que vous apporte chaque dose (215 g, saveur chocolat) :<\/p>\n<ul>\n<li><strong>820 calories<\/strong><\/li>\n<li><strong>6g de graisses<\/strong>, dont\u00a0<strong>3,5g de graisses satur\u00e9es<\/strong><\/li>\n<li><strong>141g de glucides<\/strong>, dont\u00a0<strong>9g de sucres<\/strong><\/li>\n<li><strong>50g de prot\u00e9ines<\/strong><\/li>\n<li><strong>5224 mg d\u2019acide aspartique<\/strong><\/li>\n<li><strong>8841 mg d\u2019acide glutamique<\/strong><\/li>\n<li><strong>5332 mg de leucine<\/strong>, ainsi que d&rsquo;autres acides amin\u00e9s<\/li>\n<\/ul>\n<p><strong>Poids :<\/strong>\u00a015 lb (6,8 kg)<\/p>\n<p><strong>Ingr\u00e9dients :<\/strong><br \/>\n<em>Chocolat<\/em>\u00a0: Maltodextrine, concentr\u00e9 de prot\u00e9ines de lactos\u00e9rum, cacao (trait\u00e9 avec un alcali), ar\u00f4mes naturels et artificiels, l\u00e9cithine de soja, sel, ac\u00e9sulfame potassique et sucralose.<br \/>\n<em>Vanille<\/em>\u00a0: Maltodextrine, concentr\u00e9 de prot\u00e9ines de lactos\u00e9rum, ar\u00f4mes naturels et artificiels, l\u00e9cithine de soja, sel, ac\u00e9sulfame potassique et sucralose.<\/p>\n<p><strong>Utilisation :<\/strong><br \/>\nPrenez une (1) portion (3 cuill\u00e8res rondes) et m\u00e9langez avec 16 oz d\u2019eau glac\u00e9e. \u00c0 consommer quotidiennement selon vos objectifs, ou selon les recommandations d\u2019un professionnel de sant\u00e9 qualifi\u00e9.<\/p>\n<p><strong>Avertissement allerg\u00e8ne :<\/strong><br \/>\nFABRIQU\u00c9 DANS UNE INSTALLATION QUI TRAITE \u00c9GALEMENT DES \u0152UFS, DES FRUITS \u00c0 COQUE ET DU BL\u00c9.<\/p>\n","protected":false},"excerpt":{"rendered":"<h2>Bulk Muscle XL\u2122 &#8211; BPI Sports | Gainer de Masse Riche en Prot\u00e9ines et Glucides<\/h2>\n<p><strong>Bulk Muscle XL\u2122\u00a0<\/strong>de<strong>\u00a0BPI Sports<\/strong>\u00a0est une formule avanc\u00e9e sp\u00e9cialement con\u00e7ue pour ceux qui cherchent \u00e0 prendre de la masse musculaire rapidement et efficacement. Avec une portion riche en\u00a0<strong>prot\u00e9ines<\/strong>\u00a0et en\u00a0<strong>glucides<\/strong>, ce\u00a0<strong>gainer<\/strong>\u00a0apporte l\u2019\u00e9nergie et les nutriments essentiels pour soutenir vos entra\u00eenements et acc\u00e9l\u00e9rer la r\u00e9cup\u00e9ration.<\/p>\n<h3>Une portion riche en nutriments essentiels (124g) :<\/h3>\n<p>\ud83d\udd39\u00a0<strong>25 g de prot\u00e9ines<\/strong>\u00a0pour nourrir les muscles et favoriser leur d\u00e9veloppement<\/p>\n<p>\ud83d\udd39<strong>\u00a0497 calories<\/strong>\u00a0pour un apport \u00e9nerg\u00e9tique optimal<\/p>\n<p>\ud83d\udd39\u00a0<strong>88 g de glucides<\/strong>\u00a0pour reconstituer les r\u00e9serves de glycog\u00e8ne et stimuler la prise de masse<\/p>\n","protected":false},"featured_media":6975,"comment_status":"open","ping_status":"closed","template":"","meta":[],"product_cat":[59],"product_tag":[],"class_list":{"0":"post-6974","1":"product","2":"type-product","3":"status-publish","4":"has-post-thumbnail","6":"product_brand-bpi","7":"product_cat-weight-gainers","9":"first","10":"instock","11":"sale","12":"shipping-taxable","13":"purchasable","14":"product-type-simple"},"yoast_head":"<!-- This site is optimized with the Yoast SEO plugin v25.2 - https:\/\/yoast.com\/wordpress\/plugins\/seo\/ -->\n<title>Bulk Muscle XL\u2122 - BPI Sports | 6kg - MR MASS<\/title>\n<meta name=\"description\" content=\"Bulk Muscle XL\u2122 - BPI Sports | Gainer de Masse Riche en Prot\u00e9ines et GlucidesBulk Muscle XL\u2122 de BPI Sports est une formule avanc\u00e9e sp\u00e9cialement con\u00e7ue pour ceux qui cherchent \u00e0 prendre de la masse musculaire rapidement et efficacement. Avec une portion riche en prot\u00e9ines et en glucides, ce gainer apporte l\u2019\u00e9nergie et les nutriments essentiels pour soutenir vos entra\u00eenements et acc\u00e9l\u00e9rer la r\u00e9cup\u00e9ration.Une portion riche en nutriments essentiels (124g) : \ud83d\udd39 25 g de prot\u00e9ines pour nourrir les muscles et favoriser leur d\u00e9veloppement\ud83d\udd39 497 calories pour un apport \u00e9nerg\u00e9tique optimal\ud83d\udd39 88 g de glucides pour reconstituer les r\u00e9serves de glycog\u00e8ne et stimuler la prise de masse\" \/>\n<meta name=\"robots\" content=\"index, follow, max-snippet:-1, max-image-preview:large, max-video-preview:-1\" \/>\n<link rel=\"canonical\" href=\"https:\/\/mr-mass.com\/?product=bulk-muscle-xl-bpi-sports-6kg\" \/>\n<meta property=\"og:locale\" content=\"fr_FR\" \/>\n<meta property=\"og:type\" content=\"article\" \/>\n<meta property=\"og:title\" content=\"Bulk Muscle XL\u2122 - BPI Sports | 6kg - MR MASS\" \/>\n<meta property=\"og:description\" content=\"Bulk Muscle XL\u2122 - BPI Sports | Gainer de Masse Riche en Prot\u00e9ines et GlucidesBulk Muscle XL\u2122 de BPI Sports est une formule avanc\u00e9e sp\u00e9cialement con\u00e7ue pour ceux qui cherchent \u00e0 prendre de la masse musculaire rapidement et efficacement. Avec une portion riche en prot\u00e9ines et en glucides, ce gainer apporte l\u2019\u00e9nergie et les nutriments essentiels pour soutenir vos entra\u00eenements et acc\u00e9l\u00e9rer la r\u00e9cup\u00e9ration.Une portion riche en nutriments essentiels (124g) : \ud83d\udd39 25 g de prot\u00e9ines pour nourrir les muscles et favoriser leur d\u00e9veloppement\ud83d\udd39 497 calories pour un apport \u00e9nerg\u00e9tique optimal\ud83d\udd39 88 g de glucides pour reconstituer les r\u00e9serves de glycog\u00e8ne et stimuler la prise de masse\" \/>\n<meta property=\"og:url\" content=\"https:\/\/mr-mass.com\/?product=bulk-muscle-xl-bpi-sports-6kg\" \/>\n<meta property=\"og:site_name\" content=\"MR MASS\" \/>\n<meta property=\"article:modified_time\" content=\"2025-09-12T17:22:43+00:00\" \/>\n<meta property=\"og:image\" content=\"https:\/\/mr-mass.com\/wp-content\/uploads\/2025\/09\/bulk-Xl-BPI-mrmass-e1757696935711.webp\" \/>\n\t<meta property=\"og:image:width\" content=\"500\" \/>\n\t<meta property=\"og:image:height\" content=\"500\" \/>\n\t<meta property=\"og:image:type\" content=\"image\/webp\" \/>\n<meta name=\"twitter:card\" content=\"summary_large_image\" \/>\n<meta name=\"twitter:label1\" content=\"Dur\u00e9e de lecture estim\u00e9e\" \/>\n\t<meta name=\"twitter:data1\" content=\"2 minutes\" \/>\n<script type=\"application\/ld+json\" class=\"yoast-schema-graph\">{\"@context\":\"https:\/\/schema.org\",\"@graph\":[{\"@type\":\"WebPage\",\"@id\":\"https:\/\/mr-mass.com\/?product=bulk-muscle-xl-bpi-sports-6kg\",\"url\":\"https:\/\/mr-mass.com\/?product=bulk-muscle-xl-bpi-sports-6kg\",\"name\":\"Bulk Muscle XL\u2122 - BPI Sports | 6kg - MR MASS\",\"isPartOf\":{\"@id\":\"https:\/\/mr-mass.com\/#website\"},\"primaryImageOfPage\":{\"@id\":\"https:\/\/mr-mass.com\/?product=bulk-muscle-xl-bpi-sports-6kg#primaryimage\"},\"image\":{\"@id\":\"https:\/\/mr-mass.com\/?product=bulk-muscle-xl-bpi-sports-6kg#primaryimage\"},\"thumbnailUrl\":\"https:\/\/mr-mass.com\/wp-content\/uploads\/2025\/09\/bulk-Xl-BPI-mrmass-e1757696935711.webp\",\"datePublished\":\"2025-09-12T17:11:10+00:00\",\"dateModified\":\"2025-09-12T17:22:43+00:00\",\"description\":\"Bulk Muscle XL\u2122 - BPI Sports | Gainer de Masse Riche en Prot\u00e9ines et GlucidesBulk Muscle XL\u2122 de BPI Sports est une formule avanc\u00e9e sp\u00e9cialement con\u00e7ue pour ceux qui cherchent \u00e0 prendre de la masse musculaire rapidement et efficacement. Avec une portion riche en prot\u00e9ines et en glucides, ce gainer apporte l\u2019\u00e9nergie et les nutriments essentiels pour soutenir vos entra\u00eenements et acc\u00e9l\u00e9rer la r\u00e9cup\u00e9ration.Une portion riche en nutriments essentiels (124g) : \ud83d\udd39 25 g de prot\u00e9ines pour nourrir les muscles et favoriser leur d\u00e9veloppement\ud83d\udd39 497 calories pour un apport \u00e9nerg\u00e9tique optimal\ud83d\udd39 88 g de glucides pour reconstituer les r\u00e9serves de glycog\u00e8ne et stimuler la prise de masse\",\"breadcrumb\":{\"@id\":\"https:\/\/mr-mass.com\/?product=bulk-muscle-xl-bpi-sports-6kg#breadcrumb\"},\"inLanguage\":\"fr-FR\",\"potentialAction\":[{\"@type\":\"ReadAction\",\"target\":[\"https:\/\/mr-mass.com\/?product=bulk-muscle-xl-bpi-sports-6kg\"]}]},{\"@type\":\"ImageObject\",\"inLanguage\":\"fr-FR\",\"@id\":\"https:\/\/mr-mass.com\/?product=bulk-muscle-xl-bpi-sports-6kg#primaryimage\",\"url\":\"https:\/\/mr-mass.com\/wp-content\/uploads\/2025\/09\/bulk-Xl-BPI-mrmass-e1757696935711.webp\",\"contentUrl\":\"https:\/\/mr-mass.com\/wp-content\/uploads\/2025\/09\/bulk-Xl-BPI-mrmass-e1757696935711.webp\",\"width\":500,\"height\":500},{\"@type\":\"BreadcrumbList\",\"@id\":\"https:\/\/mr-mass.com\/?product=bulk-muscle-xl-bpi-sports-6kg#breadcrumb\",\"itemListElement\":[{\"@type\":\"ListItem\",\"position\":1,\"name\":\"Home\",\"item\":\"https:\/\/mr-mass.com\/\"},{\"@type\":\"ListItem\",\"position\":2,\"name\":\"Boutique\",\"item\":\"https:\/\/mr-mass.com\/?page_id=8\"},{\"@type\":\"ListItem\",\"position\":3,\"name\":\"Bulk Muscle XL\u2122 &#8211; BPI Sports | 6kg\"}]},{\"@type\":\"WebSite\",\"@id\":\"https:\/\/mr-mass.com\/#website\",\"url\":\"https:\/\/mr-mass.com\/\",\"name\":\"MR MASS\",\"description\":\"\",\"publisher\":{\"@id\":\"https:\/\/mr-mass.com\/#organization\"},\"potentialAction\":[{\"@type\":\"SearchAction\",\"target\":{\"@type\":\"EntryPoint\",\"urlTemplate\":\"https:\/\/mr-mass.com\/?s={search_term_string}\"},\"query-input\":{\"@type\":\"PropertyValueSpecification\",\"valueRequired\":true,\"valueName\":\"search_term_string\"}}],\"inLanguage\":\"fr-FR\"},{\"@type\":\"Organization\",\"@id\":\"https:\/\/mr-mass.com\/#organization\",\"name\":\"MR MASS\",\"url\":\"https:\/\/mr-mass.com\/\",\"logo\":{\"@type\":\"ImageObject\",\"inLanguage\":\"fr-FR\",\"@id\":\"https:\/\/mr-mass.com\/#\/schema\/logo\/image\/\",\"url\":\"https:\/\/mr-mass.com\/wp-content\/uploads\/2025\/06\/cropped-417524477_413976367821865_6357673664813295189_n-removebg-preview.png\",\"contentUrl\":\"https:\/\/mr-mass.com\/wp-content\/uploads\/2025\/06\/cropped-417524477_413976367821865_6357673664813295189_n-removebg-preview.png\",\"width\":500,\"height\":436,\"caption\":\"MR MASS\"},\"image\":{\"@id\":\"https:\/\/mr-mass.com\/#\/schema\/logo\/image\/\"}}]}<\/script>\n<!-- \/ Yoast SEO plugin. -->","yoast_head_json":{"title":"Bulk Muscle XL\u2122 - BPI Sports | 6kg - MR MASS","description":"Bulk Muscle XL\u2122 - BPI Sports | Gainer de Masse Riche en Prot\u00e9ines et GlucidesBulk Muscle XL\u2122 de BPI Sports est une formule avanc\u00e9e sp\u00e9cialement con\u00e7ue pour ceux qui cherchent \u00e0 prendre de la masse musculaire rapidement et efficacement. Avec une portion riche en prot\u00e9ines et en glucides, ce gainer apporte l\u2019\u00e9nergie et les nutriments essentiels pour soutenir vos entra\u00eenements et acc\u00e9l\u00e9rer la r\u00e9cup\u00e9ration.Une portion riche en nutriments essentiels (124g) : \ud83d\udd39 25 g de prot\u00e9ines pour nourrir les muscles et favoriser leur d\u00e9veloppement\ud83d\udd39 497 calories pour un apport \u00e9nerg\u00e9tique optimal\ud83d\udd39 88 g de glucides pour reconstituer les r\u00e9serves de glycog\u00e8ne et stimuler la prise de masse","robots":{"index":"index","follow":"follow","max-snippet":"max-snippet:-1","max-image-preview":"max-image-preview:large","max-video-preview":"max-video-preview:-1"},"canonical":"https:\/\/mr-mass.com\/?product=bulk-muscle-xl-bpi-sports-6kg","og_locale":"fr_FR","og_type":"article","og_title":"Bulk Muscle XL\u2122 - BPI Sports | 6kg - MR MASS","og_description":"Bulk Muscle XL\u2122 - BPI Sports | Gainer de Masse Riche en Prot\u00e9ines et GlucidesBulk Muscle XL\u2122 de BPI Sports est une formule avanc\u00e9e sp\u00e9cialement con\u00e7ue pour ceux qui cherchent \u00e0 prendre de la masse musculaire rapidement et efficacement. Avec une portion riche en prot\u00e9ines et en glucides, ce gainer apporte l\u2019\u00e9nergie et les nutriments essentiels pour soutenir vos entra\u00eenements et acc\u00e9l\u00e9rer la r\u00e9cup\u00e9ration.Une portion riche en nutriments essentiels (124g) : \ud83d\udd39 25 g de prot\u00e9ines pour nourrir les muscles et favoriser leur d\u00e9veloppement\ud83d\udd39 497 calories pour un apport \u00e9nerg\u00e9tique optimal\ud83d\udd39 88 g de glucides pour reconstituer les r\u00e9serves de glycog\u00e8ne et stimuler la prise de masse","og_url":"https:\/\/mr-mass.com\/?product=bulk-muscle-xl-bpi-sports-6kg","og_site_name":"MR MASS","article_modified_time":"2025-09-12T17:22:43+00:00","og_image":[{"width":500,"height":500,"url":"https:\/\/mr-mass.com\/wp-content\/uploads\/2025\/09\/bulk-Xl-BPI-mrmass-e1757696935711.webp","type":"image\/webp"}],"twitter_card":"summary_large_image","twitter_misc":{"Dur\u00e9e de lecture estim\u00e9e":"2 minutes"},"schema":{"@context":"https:\/\/schema.org","@graph":[{"@type":"WebPage","@id":"https:\/\/mr-mass.com\/?product=bulk-muscle-xl-bpi-sports-6kg","url":"https:\/\/mr-mass.com\/?product=bulk-muscle-xl-bpi-sports-6kg","name":"Bulk Muscle XL\u2122 - BPI Sports | 6kg - MR MASS","isPartOf":{"@id":"https:\/\/mr-mass.com\/#website"},"primaryImageOfPage":{"@id":"https:\/\/mr-mass.com\/?product=bulk-muscle-xl-bpi-sports-6kg#primaryimage"},"image":{"@id":"https:\/\/mr-mass.com\/?product=bulk-muscle-xl-bpi-sports-6kg#primaryimage"},"thumbnailUrl":"https:\/\/mr-mass.com\/wp-content\/uploads\/2025\/09\/bulk-Xl-BPI-mrmass-e1757696935711.webp","datePublished":"2025-09-12T17:11:10+00:00","dateModified":"2025-09-12T17:22:43+00:00","description":"Bulk Muscle XL\u2122 - BPI Sports | Gainer de Masse Riche en Prot\u00e9ines et GlucidesBulk Muscle XL\u2122 de BPI Sports est une formule avanc\u00e9e sp\u00e9cialement con\u00e7ue pour ceux qui cherchent \u00e0 prendre de la masse musculaire rapidement et efficacement. Avec une portion riche en prot\u00e9ines et en glucides, ce gainer apporte l\u2019\u00e9nergie et les nutriments essentiels pour soutenir vos entra\u00eenements et acc\u00e9l\u00e9rer la r\u00e9cup\u00e9ration.Une portion riche en nutriments essentiels (124g) : \ud83d\udd39 25 g de prot\u00e9ines pour nourrir les muscles et favoriser leur d\u00e9veloppement\ud83d\udd39 497 calories pour un apport \u00e9nerg\u00e9tique optimal\ud83d\udd39 88 g de glucides pour reconstituer les r\u00e9serves de glycog\u00e8ne et stimuler la prise de masse","breadcrumb":{"@id":"https:\/\/mr-mass.com\/?product=bulk-muscle-xl-bpi-sports-6kg#breadcrumb"},"inLanguage":"fr-FR","potentialAction":[{"@type":"ReadAction","target":["https:\/\/mr-mass.com\/?product=bulk-muscle-xl-bpi-sports-6kg"]}]},{"@type":"ImageObject","inLanguage":"fr-FR","@id":"https:\/\/mr-mass.com\/?product=bulk-muscle-xl-bpi-sports-6kg#primaryimage","url":"https:\/\/mr-mass.com\/wp-content\/uploads\/2025\/09\/bulk-Xl-BPI-mrmass-e1757696935711.webp","contentUrl":"https:\/\/mr-mass.com\/wp-content\/uploads\/2025\/09\/bulk-Xl-BPI-mrmass-e1757696935711.webp","width":500,"height":500},{"@type":"BreadcrumbList","@id":"https:\/\/mr-mass.com\/?product=bulk-muscle-xl-bpi-sports-6kg#breadcrumb","itemListElement":[{"@type":"ListItem","position":1,"name":"Home","item":"https:\/\/mr-mass.com\/"},{"@type":"ListItem","position":2,"name":"Boutique","item":"https:\/\/mr-mass.com\/?page_id=8"},{"@type":"ListItem","position":3,"name":"Bulk Muscle XL\u2122 &#8211; BPI Sports | 6kg"}]},{"@type":"WebSite","@id":"https:\/\/mr-mass.com\/#website","url":"https:\/\/mr-mass.com\/","name":"MR MASS","description":"","publisher":{"@id":"https:\/\/mr-mass.com\/#organization"},"potentialAction":[{"@type":"SearchAction","target":{"@type":"EntryPoint","urlTemplate":"https:\/\/mr-mass.com\/?s={search_term_string}"},"query-input":{"@type":"PropertyValueSpecification","valueRequired":true,"valueName":"search_term_string"}}],"inLanguage":"fr-FR"},{"@type":"Organization","@id":"https:\/\/mr-mass.com\/#organization","name":"MR MASS","url":"https:\/\/mr-mass.com\/","logo":{"@type":"ImageObject","inLanguage":"fr-FR","@id":"https:\/\/mr-mass.com\/#\/schema\/logo\/image\/","url":"https:\/\/mr-mass.com\/wp-content\/uploads\/2025\/06\/cropped-417524477_413976367821865_6357673664813295189_n-removebg-preview.png","contentUrl":"https:\/\/mr-mass.com\/wp-content\/uploads\/2025\/06\/cropped-417524477_413976367821865_6357673664813295189_n-removebg-preview.png","width":500,"height":436,"caption":"MR MASS"},"image":{"@id":"https:\/\/mr-mass.com\/#\/schema\/logo\/image\/"}}]}},"jetpack_sharing_enabled":true,"_links":{"self":[{"href":"https:\/\/mr-mass.com\/index.php?rest_route=\/wp\/v2\/product\/6974","targetHints":{"allow":["GET"]}}],"collection":[{"href":"https:\/\/mr-mass.com\/index.php?rest_route=\/wp\/v2\/product"}],"about":[{"href":"https:\/\/mr-mass.com\/index.php?rest_route=\/wp\/v2\/types\/product"}],"replies":[{"embeddable":true,"href":"https:\/\/mr-mass.com\/index.php?rest_route=%2Fwp%2Fv2%2Fcomments&post=6974"}],"wp:featuredmedia":[{"embeddable":true,"href":"https:\/\/mr-mass.com\/index.php?rest_route=\/wp\/v2\/media\/6975"}],"wp:attachment":[{"href":"https:\/\/mr-mass.com\/index.php?rest_route=%2Fwp%2Fv2%2Fmedia&parent=6974"}],"wp:term":[{"taxonomy":"product_cat","embeddable":true,"href":"https:\/\/mr-mass.com\/index.php?rest_route=%2Fwp%2Fv2%2Fproduct_cat&post=6974"},{"taxonomy":"product_tag","embeddable":true,"href":"https:\/\/mr-mass.com\/index.php?rest_route=%2Fwp%2Fv2%2Fproduct_tag&post=6974"}],"curies":[{"name":"wp","href":"https:\/\/api.w.org\/{rel}","templated":true}]}}