{"id":6983,"date":"2025-09-12T20:31:58","date_gmt":"2025-09-12T18:31:58","guid":{"rendered":"https:\/\/mr-mass.com\/?post_type=product&#038;p=6983"},"modified":"2025-09-12T20:31:58","modified_gmt":"2025-09-12T18:31:58","slug":"anabol-hardcore-60capsules","status":"publish","type":"product","link":"https:\/\/mr-mass.com\/?product=anabol-hardcore-60capsules","title":{"rendered":"ANABOL HARDCORE 60CAPSULES"},"content":{"rendered":"<p><strong data-start=\"175\" data-end=\"242\">\u00a0ANABOL HARDCORE \u2013 La Puissance Anabolique sign\u00e9e Nutrex \ud83d\udcaa\ud83d\udd25<\/strong><\/p>\n<p data-start=\"246\" data-end=\"656\"><strong data-start=\"246\" data-end=\"265\">ANABOL HARDCORE<\/strong>\u00a0de Nutrex est un compl\u00e9ment\u00a0<strong data-start=\"294\" data-end=\"313\">r\u00e9volutionnaire<\/strong>\u00a0pour stimuler votre\u00a0<strong data-start=\"334\" data-end=\"354\">syst\u00e8me hormonal<\/strong>\u00a0et d\u00e9cupler vos\u00a0<strong data-start=\"371\" data-end=\"392\">gains musculaires<\/strong>. \ud83d\udcaa\u26a1 Gr\u00e2ce \u00e0 des ingr\u00e9dients puissants comme la\u00a0<strong data-start=\"441\" data-end=\"461\">dicyclopentanone<\/strong>\u00a0et l\u2019<strong data-start=\"467\" data-end=\"498\">ac\u00e9tate de 6-c\u00e9todiosg\u00e9nine<\/strong>, chaque dose de\u00a0<strong data-start=\"515\" data-end=\"537\">2 g\u00e9lules liquides<\/strong>\u00a0offre une\u00a0<strong data-start=\"548\" data-end=\"584\">action anabolique ultra-efficace<\/strong>\u00a0pour favoriser une\u00a0<strong data-start=\"604\" data-end=\"644\">croissance musculaire s\u00e8che et dense<\/strong>. \ud83c\udfcb\ufe0f\u200d\u2642\ufe0f\ud83d\udd25<\/p>\n<p><strong data-start=\"662\" data-end=\"682\">\u2728 Points forts :<\/strong><\/p>\n<ul data-start=\"683\" data-end=\"913\">\n<li data-start=\"683\" data-end=\"763\">\n<p data-start=\"685\" data-end=\"763\">\ud83d\ude80\u00a0<strong data-start=\"688\" data-end=\"706\">Boost hormonal<\/strong>\u00a0pour des muscles plus gros, plus forts et plus denses.<\/p>\n<\/li>\n<li data-start=\"764\" data-end=\"834\">\n<p data-start=\"766\" data-end=\"834\">\ud83e\uddec\u00a0<strong data-start=\"769\" data-end=\"801\">Synth\u00e8se prot\u00e9ique optimis\u00e9e<\/strong>\u00a0pour un d\u00e9veloppement maximal.<\/p>\n<\/li>\n<li data-start=\"835\" data-end=\"913\">\n<p data-start=\"837\" data-end=\"913\">\u26a1\u00a0<strong data-start=\"839\" data-end=\"860\">Capsules liquides<\/strong>\u00a0\u00e0 absorption rapide pour une efficacit\u00e9 imm\u00e9diate.<\/p>\n<\/li>\n<\/ul>\n<p><strong data-start=\"919\" data-end=\"961\">\ud83e\uddea Ingr\u00e9dients cl\u00e9s (pour 2 g\u00e9lules) :<\/strong><\/p>\n<p data-start=\"962\" data-end=\"1101\">150,2 mg d\u2019actifs :\u00a0<strong data-start=\"982\" data-end=\"1002\">dicyclopentanone<\/strong>,\u00a0<strong data-start=\"1004\" data-end=\"1072\">ac\u00e9tate \/ propionate \/ cypionate \/ d\u00e9canoate de 6-c\u00e9todiosg\u00e9nine<\/strong>,\u00a0<strong data-start=\"1074\" data-end=\"1098\">ac\u00e9tate d\u2019h\u00e9cog\u00e9nine<\/strong>.<\/p>\n<p data-start=\"1103\" data-end=\"1259\"><strong data-start=\"1103\" data-end=\"1144\">Convient aux adultes hommes et femmes<\/strong>\u00a0\ud83d\udd25 \u2013\u00a0<strong data-start=\"1150\" data-end=\"1169\">ANABOL HARDCORE<\/strong>\u00a0est l\u2019alli\u00e9 ultime pour repousser vos limites et sculpter un physique d\u2019exception. \ud83d\udcaf\ud83c\udfc6<\/p>\n<p><strong data-start=\"84\" data-end=\"114\">\ud83d\udc8a Posologie recommand\u00e9e :<\/strong><br data-start=\"114\" data-end=\"117\" \/>Prenez\u00a0<strong data-start=\"124\" data-end=\"154\">1 capsule liquide le matin<\/strong>\u00a0et\u00a0<strong data-start=\"158\" data-end=\"187\">1 capsule liquide le soir<\/strong>.<br data-start=\"188\" data-end=\"191\" data-is-only-node=\"\" \/>Pour des r\u00e9sultats optimaux, utilisez\u00a0<strong data-start=\"229\" data-end=\"248\">quotidiennement<\/strong>\u00a0et par\u00a0<strong data-start=\"256\" data-end=\"266\">cycles<\/strong>.<br data-start=\"267\" data-end=\"270\" \/>\u23f3\u00a0<strong data-start=\"272\" data-end=\"291\">Cycle conseill\u00e9<\/strong>\u00a0: 12 semaines d\u2019utilisation suivies de 4 semaines de pause.<\/p>\n","protected":false},"excerpt":{"rendered":"<p>ANABOL HARDCORE de Nutrex : boost hormonal, muscles denses, force explosive et croissance musculaire s\u00e8che. Capsules liquides ultra-rapides !<\/p>\n","protected":false},"featured_media":6984,"comment_status":"open","ping_status":"closed","template":"","meta":[],"product_cat":[72],"product_tag":[],"class_list":{"0":"post-6983","1":"product","2":"type-product","3":"status-publish","4":"has-post-thumbnail","6":"product_brand-nutrex","7":"product_cat-testo-booster","9":"first","10":"instock","11":"shipping-taxable","12":"purchasable","13":"product-type-simple"},"yoast_head":"<!-- This site is optimized with the Yoast SEO plugin v25.2 - https:\/\/yoast.com\/wordpress\/plugins\/seo\/ -->\n<title>ANABOL HARDCORE 60CAPSULES - MR MASS<\/title>\n<meta name=\"description\" content=\"ANABOL HARDCORE de Nutrex : boost hormonal, muscles denses, force explosive et croissance musculaire s\u00e8che. Capsules liquides ultra-rapides !\" \/>\n<meta name=\"robots\" content=\"index, follow, max-snippet:-1, max-image-preview:large, max-video-preview:-1\" \/>\n<link rel=\"canonical\" href=\"https:\/\/mr-mass.com\/?product=anabol-hardcore-60capsules\" \/>\n<meta property=\"og:locale\" content=\"fr_FR\" \/>\n<meta property=\"og:type\" content=\"article\" \/>\n<meta property=\"og:title\" content=\"ANABOL HARDCORE 60CAPSULES - MR MASS\" \/>\n<meta property=\"og:description\" content=\"ANABOL HARDCORE de Nutrex : boost hormonal, muscles denses, force explosive et croissance musculaire s\u00e8che. Capsules liquides ultra-rapides !\" \/>\n<meta property=\"og:url\" content=\"https:\/\/mr-mass.com\/?product=anabol-hardcore-60capsules\" \/>\n<meta property=\"og:site_name\" content=\"MR MASS\" \/>\n<meta property=\"og:image\" content=\"https:\/\/mr-mass.com\/wp-content\/uploads\/2025\/09\/Anabol-Hardcore-2024-FR.webp-689c61333f836-e1757701861394.webp\" \/>\n\t<meta property=\"og:image:width\" content=\"500\" \/>\n\t<meta property=\"og:image:height\" content=\"500\" \/>\n\t<meta property=\"og:image:type\" content=\"image\/webp\" \/>\n<meta name=\"twitter:card\" content=\"summary_large_image\" \/>\n<meta name=\"twitter:label1\" content=\"Dur\u00e9e de lecture estim\u00e9e\" \/>\n\t<meta name=\"twitter:data1\" content=\"2 minutes\" \/>\n<script type=\"application\/ld+json\" class=\"yoast-schema-graph\">{\"@context\":\"https:\/\/schema.org\",\"@graph\":[{\"@type\":\"WebPage\",\"@id\":\"https:\/\/mr-mass.com\/?product=anabol-hardcore-60capsules\",\"url\":\"https:\/\/mr-mass.com\/?product=anabol-hardcore-60capsules\",\"name\":\"ANABOL HARDCORE 60CAPSULES - MR MASS\",\"isPartOf\":{\"@id\":\"https:\/\/mr-mass.com\/#website\"},\"primaryImageOfPage\":{\"@id\":\"https:\/\/mr-mass.com\/?product=anabol-hardcore-60capsules#primaryimage\"},\"image\":{\"@id\":\"https:\/\/mr-mass.com\/?product=anabol-hardcore-60capsules#primaryimage\"},\"thumbnailUrl\":\"https:\/\/mr-mass.com\/wp-content\/uploads\/2025\/09\/Anabol-Hardcore-2024-FR.webp-689c61333f836-e1757701861394.webp\",\"datePublished\":\"2025-09-12T18:31:58+00:00\",\"description\":\"ANABOL HARDCORE de Nutrex : boost hormonal, muscles denses, force explosive et croissance musculaire s\u00e8che. Capsules liquides ultra-rapides !\",\"breadcrumb\":{\"@id\":\"https:\/\/mr-mass.com\/?product=anabol-hardcore-60capsules#breadcrumb\"},\"inLanguage\":\"fr-FR\",\"potentialAction\":[{\"@type\":\"ReadAction\",\"target\":[\"https:\/\/mr-mass.com\/?product=anabol-hardcore-60capsules\"]}]},{\"@type\":\"ImageObject\",\"inLanguage\":\"fr-FR\",\"@id\":\"https:\/\/mr-mass.com\/?product=anabol-hardcore-60capsules#primaryimage\",\"url\":\"https:\/\/mr-mass.com\/wp-content\/uploads\/2025\/09\/Anabol-Hardcore-2024-FR.webp-689c61333f836-e1757701861394.webp\",\"contentUrl\":\"https:\/\/mr-mass.com\/wp-content\/uploads\/2025\/09\/Anabol-Hardcore-2024-FR.webp-689c61333f836-e1757701861394.webp\",\"width\":500,\"height\":500},{\"@type\":\"BreadcrumbList\",\"@id\":\"https:\/\/mr-mass.com\/?product=anabol-hardcore-60capsules#breadcrumb\",\"itemListElement\":[{\"@type\":\"ListItem\",\"position\":1,\"name\":\"Home\",\"item\":\"https:\/\/mr-mass.com\/\"},{\"@type\":\"ListItem\",\"position\":2,\"name\":\"Boutique\",\"item\":\"https:\/\/mr-mass.com\/?page_id=8\"},{\"@type\":\"ListItem\",\"position\":3,\"name\":\"ANABOL HARDCORE 60CAPSULES\"}]},{\"@type\":\"WebSite\",\"@id\":\"https:\/\/mr-mass.com\/#website\",\"url\":\"https:\/\/mr-mass.com\/\",\"name\":\"MR MASS\",\"description\":\"\",\"publisher\":{\"@id\":\"https:\/\/mr-mass.com\/#organization\"},\"potentialAction\":[{\"@type\":\"SearchAction\",\"target\":{\"@type\":\"EntryPoint\",\"urlTemplate\":\"https:\/\/mr-mass.com\/?s={search_term_string}\"},\"query-input\":{\"@type\":\"PropertyValueSpecification\",\"valueRequired\":true,\"valueName\":\"search_term_string\"}}],\"inLanguage\":\"fr-FR\"},{\"@type\":\"Organization\",\"@id\":\"https:\/\/mr-mass.com\/#organization\",\"name\":\"MR MASS\",\"url\":\"https:\/\/mr-mass.com\/\",\"logo\":{\"@type\":\"ImageObject\",\"inLanguage\":\"fr-FR\",\"@id\":\"https:\/\/mr-mass.com\/#\/schema\/logo\/image\/\",\"url\":\"https:\/\/mr-mass.com\/wp-content\/uploads\/2025\/06\/cropped-417524477_413976367821865_6357673664813295189_n-removebg-preview.png\",\"contentUrl\":\"https:\/\/mr-mass.com\/wp-content\/uploads\/2025\/06\/cropped-417524477_413976367821865_6357673664813295189_n-removebg-preview.png\",\"width\":500,\"height\":436,\"caption\":\"MR MASS\"},\"image\":{\"@id\":\"https:\/\/mr-mass.com\/#\/schema\/logo\/image\/\"}}]}<\/script>\n<!-- \/ Yoast SEO plugin. -->","yoast_head_json":{"title":"ANABOL HARDCORE 60CAPSULES - MR MASS","description":"ANABOL HARDCORE de Nutrex : boost hormonal, muscles denses, force explosive et croissance musculaire s\u00e8che. Capsules liquides ultra-rapides !","robots":{"index":"index","follow":"follow","max-snippet":"max-snippet:-1","max-image-preview":"max-image-preview:large","max-video-preview":"max-video-preview:-1"},"canonical":"https:\/\/mr-mass.com\/?product=anabol-hardcore-60capsules","og_locale":"fr_FR","og_type":"article","og_title":"ANABOL HARDCORE 60CAPSULES - MR MASS","og_description":"ANABOL HARDCORE de Nutrex : boost hormonal, muscles denses, force explosive et croissance musculaire s\u00e8che. Capsules liquides ultra-rapides !","og_url":"https:\/\/mr-mass.com\/?product=anabol-hardcore-60capsules","og_site_name":"MR MASS","og_image":[{"width":500,"height":500,"url":"https:\/\/mr-mass.com\/wp-content\/uploads\/2025\/09\/Anabol-Hardcore-2024-FR.webp-689c61333f836-e1757701861394.webp","type":"image\/webp"}],"twitter_card":"summary_large_image","twitter_misc":{"Dur\u00e9e de lecture estim\u00e9e":"2 minutes"},"schema":{"@context":"https:\/\/schema.org","@graph":[{"@type":"WebPage","@id":"https:\/\/mr-mass.com\/?product=anabol-hardcore-60capsules","url":"https:\/\/mr-mass.com\/?product=anabol-hardcore-60capsules","name":"ANABOL HARDCORE 60CAPSULES - MR MASS","isPartOf":{"@id":"https:\/\/mr-mass.com\/#website"},"primaryImageOfPage":{"@id":"https:\/\/mr-mass.com\/?product=anabol-hardcore-60capsules#primaryimage"},"image":{"@id":"https:\/\/mr-mass.com\/?product=anabol-hardcore-60capsules#primaryimage"},"thumbnailUrl":"https:\/\/mr-mass.com\/wp-content\/uploads\/2025\/09\/Anabol-Hardcore-2024-FR.webp-689c61333f836-e1757701861394.webp","datePublished":"2025-09-12T18:31:58+00:00","description":"ANABOL HARDCORE de Nutrex : boost hormonal, muscles denses, force explosive et croissance musculaire s\u00e8che. Capsules liquides ultra-rapides !","breadcrumb":{"@id":"https:\/\/mr-mass.com\/?product=anabol-hardcore-60capsules#breadcrumb"},"inLanguage":"fr-FR","potentialAction":[{"@type":"ReadAction","target":["https:\/\/mr-mass.com\/?product=anabol-hardcore-60capsules"]}]},{"@type":"ImageObject","inLanguage":"fr-FR","@id":"https:\/\/mr-mass.com\/?product=anabol-hardcore-60capsules#primaryimage","url":"https:\/\/mr-mass.com\/wp-content\/uploads\/2025\/09\/Anabol-Hardcore-2024-FR.webp-689c61333f836-e1757701861394.webp","contentUrl":"https:\/\/mr-mass.com\/wp-content\/uploads\/2025\/09\/Anabol-Hardcore-2024-FR.webp-689c61333f836-e1757701861394.webp","width":500,"height":500},{"@type":"BreadcrumbList","@id":"https:\/\/mr-mass.com\/?product=anabol-hardcore-60capsules#breadcrumb","itemListElement":[{"@type":"ListItem","position":1,"name":"Home","item":"https:\/\/mr-mass.com\/"},{"@type":"ListItem","position":2,"name":"Boutique","item":"https:\/\/mr-mass.com\/?page_id=8"},{"@type":"ListItem","position":3,"name":"ANABOL HARDCORE 60CAPSULES"}]},{"@type":"WebSite","@id":"https:\/\/mr-mass.com\/#website","url":"https:\/\/mr-mass.com\/","name":"MR MASS","description":"","publisher":{"@id":"https:\/\/mr-mass.com\/#organization"},"potentialAction":[{"@type":"SearchAction","target":{"@type":"EntryPoint","urlTemplate":"https:\/\/mr-mass.com\/?s={search_term_string}"},"query-input":{"@type":"PropertyValueSpecification","valueRequired":true,"valueName":"search_term_string"}}],"inLanguage":"fr-FR"},{"@type":"Organization","@id":"https:\/\/mr-mass.com\/#organization","name":"MR MASS","url":"https:\/\/mr-mass.com\/","logo":{"@type":"ImageObject","inLanguage":"fr-FR","@id":"https:\/\/mr-mass.com\/#\/schema\/logo\/image\/","url":"https:\/\/mr-mass.com\/wp-content\/uploads\/2025\/06\/cropped-417524477_413976367821865_6357673664813295189_n-removebg-preview.png","contentUrl":"https:\/\/mr-mass.com\/wp-content\/uploads\/2025\/06\/cropped-417524477_413976367821865_6357673664813295189_n-removebg-preview.png","width":500,"height":436,"caption":"MR MASS"},"image":{"@id":"https:\/\/mr-mass.com\/#\/schema\/logo\/image\/"}}]}},"jetpack_sharing_enabled":true,"_links":{"self":[{"href":"https:\/\/mr-mass.com\/index.php?rest_route=\/wp\/v2\/product\/6983","targetHints":{"allow":["GET"]}}],"collection":[{"href":"https:\/\/mr-mass.com\/index.php?rest_route=\/wp\/v2\/product"}],"about":[{"href":"https:\/\/mr-mass.com\/index.php?rest_route=\/wp\/v2\/types\/product"}],"replies":[{"embeddable":true,"href":"https:\/\/mr-mass.com\/index.php?rest_route=%2Fwp%2Fv2%2Fcomments&post=6983"}],"wp:featuredmedia":[{"embeddable":true,"href":"https:\/\/mr-mass.com\/index.php?rest_route=\/wp\/v2\/media\/6984"}],"wp:attachment":[{"href":"https:\/\/mr-mass.com\/index.php?rest_route=%2Fwp%2Fv2%2Fmedia&parent=6983"}],"wp:term":[{"taxonomy":"product_cat","embeddable":true,"href":"https:\/\/mr-mass.com\/index.php?rest_route=%2Fwp%2Fv2%2Fproduct_cat&post=6983"},{"taxonomy":"product_tag","embeddable":true,"href":"https:\/\/mr-mass.com\/index.php?rest_route=%2Fwp%2Fv2%2Fproduct_tag&post=6983"}],"curies":[{"name":"wp","href":"https:\/\/api.w.org\/{rel}","templated":true}]}}