{"id":6997,"date":"2025-09-30T19:55:03","date_gmt":"2025-09-30T17:55:03","guid":{"rendered":"https:\/\/mr-mass.com\/?post_type=product&#038;p=6997"},"modified":"2026-03-07T16:56:34","modified_gmt":"2026-03-07T15:56:34","slug":"creatine-real-pharm-500gr","status":"publish","type":"product","link":"https:\/\/mr-mass.com\/?product=creatine-real-pharm-500gr","title":{"rendered":"CREATINE REAL PHARM 500GR"},"content":{"rendered":"<p data-start=\"171\" data-end=\"348\">\ud83d\udca5\u00a0<strong data-start=\"174\" data-end=\"216\">Cr\u00e9atine Monohydrate 500g \u2013 Real Pharm<\/strong>\u00a0\ud83d\udca5<br data-start=\"219\" data-end=\"222\" \/>Le must-have des sportifs ambitieux qui veulent\u00a0<strong data-start=\"270\" data-end=\"297\">repousser leurs limites<\/strong>\u00a0et atteindre leurs objectifs plus vite \ud83c\udfcb\ufe0f\u200d\u2642\ufe0f\u26a1\ud83d\udd25<\/p>\n<p data-start=\"350\" data-end=\"714\">\u2705\u00a0<strong data-start=\"352\" data-end=\"376\">Pourquoi l\u2019adopter ?<\/strong><br data-start=\"376\" data-end=\"379\" \/>\u2728\u00a0<strong data-start=\"381\" data-end=\"403\">+ Masse Musculaire<\/strong>\u00a0: active la croissance et booste tes r\u00e9serves d\u2019\u00e9nergie \ud83d\udcaa<br data-start=\"462\" data-end=\"465\" \/>\u2728\u00a0<strong data-start=\"467\" data-end=\"496\">+ Performances Explosives<\/strong>\u00a0: gagne en force et puissance \u00e0 chaque entra\u00eenement \ud83c\udfc3\u200d\u2642\ufe0f<br data-start=\"554\" data-end=\"557\" \/>\u2728\u00a0<strong data-start=\"559\" data-end=\"587\">+ R\u00e9cup\u00e9ration Acc\u00e9l\u00e9r\u00e9e<\/strong>\u00a0: finis les courbatures prolong\u00e9es, repars plus fort \ud83d\udcaf<br data-start=\"643\" data-end=\"646\" \/>\u2728\u00a0<strong data-start=\"648\" data-end=\"668\">+ Clart\u00e9 Mentale<\/strong>\u00a0: am\u00e9liore aussi focus et concentration \ud83e\udde0\u26a1<\/p>\n<p data-start=\"716\" data-end=\"939\">\ud83e\udd64\u00a0<strong data-start=\"719\" data-end=\"743\">Comment l\u2019utiliser ?<\/strong><br data-start=\"743\" data-end=\"746\" \/>\u27a1\ufe0f\u00a0<strong data-start=\"749\" data-end=\"768\">3 \u00e0 5g par jour<\/strong>\u00a0dans de l\u2019eau ou ton shake pr\u00e9f\u00e9r\u00e9 \ud83c\udf79 (avant ou apr\u00e8s l\u2019entra\u00eenement).<br data-start=\"839\" data-end=\"842\" \/>\u27a1\ufe0f Envie de r\u00e9sultats express ? \ud83d\udd25 Opte pour la\u00a0<strong data-start=\"890\" data-end=\"909\">phase de charge<\/strong>\u00a0: 20g\/jour pendant 7 jours.<\/p>\n<p data-start=\"941\" data-end=\"1043\">\u26a0\ufe0f\u00a0<strong data-start=\"944\" data-end=\"958\">\u00c0 savoir :<\/strong><br data-start=\"958\" data-end=\"961\" \/>\ud83d\udd39 Consulte un pro de sant\u00e9 si n\u00e9cessaire.<br data-start=\"1003\" data-end=\"1006\" \/>\ud83d\udd39 Hydrate-toi bien chaque jour \ud83d\udeb0.<\/p>\n<p data-start=\"1045\" data-end=\"1254\">\ud83d\ude80\u00a0<strong data-start=\"1048\" data-end=\"1064\">Conclusion :<\/strong>\u00a0La Cr\u00e9atine Monohydrate\u00a0<strong data-start=\"1089\" data-end=\"1103\">Real Pharm<\/strong>\u00a0est ton alli\u00e9e ultime pour des muscles plus forts, une puissance d\u00e9cupl\u00e9e et une r\u00e9cup\u00e9ration express. L\u2019essentiel pour progresser vite et fort \ud83d\udcaa\ud83d\udd25<\/p>\n","protected":false},"excerpt":{"rendered":"<p>Cr\u00e9atine Monohydrate 500g Real Pharm : augmente la force, am\u00e9liore les performances et acc\u00e9l\u00e8re la r\u00e9cup\u00e9ration. Id\u00e9al pour sportifs et athl\u00e8tes.<\/p>\n","protected":false},"featured_media":6998,"comment_status":"open","ping_status":"closed","template":"","meta":[],"product_cat":[34],"product_tag":[],"class_list":{"0":"post-6997","1":"product","2":"type-product","3":"status-publish","4":"has-post-thumbnail","6":"product_brand-real-pharm","7":"product_cat-creatine","9":"first","10":"instock","11":"sale","12":"shipping-taxable","13":"purchasable","14":"product-type-simple"},"yoast_head":"<!-- This site is optimized with the Yoast SEO plugin v25.2 - https:\/\/yoast.com\/wordpress\/plugins\/seo\/ -->\n<title>CREATINE REAL PHARM 500GR - MR MASS<\/title>\n<meta name=\"description\" content=\"Cr\u00e9atine Monohydrate 500g Real Pharm : augmente la force, am\u00e9liore les performances et acc\u00e9l\u00e8re la r\u00e9cup\u00e9ration. Id\u00e9al pour sportifs et athl\u00e8tes.\" \/>\n<meta name=\"robots\" content=\"index, follow, max-snippet:-1, max-image-preview:large, max-video-preview:-1\" \/>\n<link rel=\"canonical\" href=\"https:\/\/mr-mass.com\/?product=creatine-real-pharm-500gr\" \/>\n<meta property=\"og:locale\" content=\"fr_FR\" \/>\n<meta property=\"og:type\" content=\"article\" \/>\n<meta property=\"og:title\" content=\"CREATINE REAL PHARM 500GR - MR MASS\" \/>\n<meta property=\"og:description\" content=\"Cr\u00e9atine Monohydrate 500g Real Pharm : augmente la force, am\u00e9liore les performances et acc\u00e9l\u00e8re la r\u00e9cup\u00e9ration. Id\u00e9al pour sportifs et athl\u00e8tes.\" \/>\n<meta property=\"og:url\" content=\"https:\/\/mr-mass.com\/?product=creatine-real-pharm-500gr\" \/>\n<meta property=\"og:site_name\" content=\"MR MASS\" \/>\n<meta property=\"article:modified_time\" content=\"2026-03-07T15:56:34+00:00\" \/>\n<meta property=\"og:image\" content=\"https:\/\/mr-mass.com\/wp-content\/uploads\/2025\/09\/real-pharm-500.webp-68a057197a6c0-e1759254876135.webp\" \/>\n\t<meta property=\"og:image:width\" content=\"500\" \/>\n\t<meta property=\"og:image:height\" content=\"500\" \/>\n\t<meta property=\"og:image:type\" content=\"image\/webp\" \/>\n<meta name=\"twitter:card\" content=\"summary_large_image\" \/>\n<meta name=\"twitter:label1\" content=\"Dur\u00e9e de lecture estim\u00e9e\" \/>\n\t<meta name=\"twitter:data1\" content=\"1 minute\" \/>\n<script type=\"application\/ld+json\" class=\"yoast-schema-graph\">{\"@context\":\"https:\/\/schema.org\",\"@graph\":[{\"@type\":\"WebPage\",\"@id\":\"https:\/\/mr-mass.com\/?product=creatine-real-pharm-500gr\",\"url\":\"https:\/\/mr-mass.com\/?product=creatine-real-pharm-500gr\",\"name\":\"CREATINE REAL PHARM 500GR - MR MASS\",\"isPartOf\":{\"@id\":\"https:\/\/mr-mass.com\/#website\"},\"primaryImageOfPage\":{\"@id\":\"https:\/\/mr-mass.com\/?product=creatine-real-pharm-500gr#primaryimage\"},\"image\":{\"@id\":\"https:\/\/mr-mass.com\/?product=creatine-real-pharm-500gr#primaryimage\"},\"thumbnailUrl\":\"https:\/\/mr-mass.com\/wp-content\/uploads\/2025\/09\/real-pharm-500.webp-68a057197a6c0-e1759254876135.webp\",\"datePublished\":\"2025-09-30T17:55:03+00:00\",\"dateModified\":\"2026-03-07T15:56:34+00:00\",\"description\":\"Cr\u00e9atine Monohydrate 500g Real Pharm : augmente la force, am\u00e9liore les performances et acc\u00e9l\u00e8re la r\u00e9cup\u00e9ration. Id\u00e9al pour sportifs et athl\u00e8tes.\",\"breadcrumb\":{\"@id\":\"https:\/\/mr-mass.com\/?product=creatine-real-pharm-500gr#breadcrumb\"},\"inLanguage\":\"fr-FR\",\"potentialAction\":[{\"@type\":\"ReadAction\",\"target\":[\"https:\/\/mr-mass.com\/?product=creatine-real-pharm-500gr\"]}]},{\"@type\":\"ImageObject\",\"inLanguage\":\"fr-FR\",\"@id\":\"https:\/\/mr-mass.com\/?product=creatine-real-pharm-500gr#primaryimage\",\"url\":\"https:\/\/mr-mass.com\/wp-content\/uploads\/2025\/09\/real-pharm-500.webp-68a057197a6c0-e1759254876135.webp\",\"contentUrl\":\"https:\/\/mr-mass.com\/wp-content\/uploads\/2025\/09\/real-pharm-500.webp-68a057197a6c0-e1759254876135.webp\",\"width\":500,\"height\":500},{\"@type\":\"BreadcrumbList\",\"@id\":\"https:\/\/mr-mass.com\/?product=creatine-real-pharm-500gr#breadcrumb\",\"itemListElement\":[{\"@type\":\"ListItem\",\"position\":1,\"name\":\"Home\",\"item\":\"https:\/\/mr-mass.com\/\"},{\"@type\":\"ListItem\",\"position\":2,\"name\":\"Boutique\",\"item\":\"https:\/\/mr-mass.com\/?page_id=8\"},{\"@type\":\"ListItem\",\"position\":3,\"name\":\"CREATINE REAL PHARM 500GR\"}]},{\"@type\":\"WebSite\",\"@id\":\"https:\/\/mr-mass.com\/#website\",\"url\":\"https:\/\/mr-mass.com\/\",\"name\":\"MR MASS\",\"description\":\"\",\"publisher\":{\"@id\":\"https:\/\/mr-mass.com\/#organization\"},\"potentialAction\":[{\"@type\":\"SearchAction\",\"target\":{\"@type\":\"EntryPoint\",\"urlTemplate\":\"https:\/\/mr-mass.com\/?s={search_term_string}\"},\"query-input\":{\"@type\":\"PropertyValueSpecification\",\"valueRequired\":true,\"valueName\":\"search_term_string\"}}],\"inLanguage\":\"fr-FR\"},{\"@type\":\"Organization\",\"@id\":\"https:\/\/mr-mass.com\/#organization\",\"name\":\"MR MASS\",\"url\":\"https:\/\/mr-mass.com\/\",\"logo\":{\"@type\":\"ImageObject\",\"inLanguage\":\"fr-FR\",\"@id\":\"https:\/\/mr-mass.com\/#\/schema\/logo\/image\/\",\"url\":\"https:\/\/mr-mass.com\/wp-content\/uploads\/2025\/06\/cropped-417524477_413976367821865_6357673664813295189_n-removebg-preview.png\",\"contentUrl\":\"https:\/\/mr-mass.com\/wp-content\/uploads\/2025\/06\/cropped-417524477_413976367821865_6357673664813295189_n-removebg-preview.png\",\"width\":500,\"height\":436,\"caption\":\"MR MASS\"},\"image\":{\"@id\":\"https:\/\/mr-mass.com\/#\/schema\/logo\/image\/\"}}]}<\/script>\n<!-- \/ Yoast SEO plugin. -->","yoast_head_json":{"title":"CREATINE REAL PHARM 500GR - MR MASS","description":"Cr\u00e9atine Monohydrate 500g Real Pharm : augmente la force, am\u00e9liore les performances et acc\u00e9l\u00e8re la r\u00e9cup\u00e9ration. Id\u00e9al pour sportifs et athl\u00e8tes.","robots":{"index":"index","follow":"follow","max-snippet":"max-snippet:-1","max-image-preview":"max-image-preview:large","max-video-preview":"max-video-preview:-1"},"canonical":"https:\/\/mr-mass.com\/?product=creatine-real-pharm-500gr","og_locale":"fr_FR","og_type":"article","og_title":"CREATINE REAL PHARM 500GR - MR MASS","og_description":"Cr\u00e9atine Monohydrate 500g Real Pharm : augmente la force, am\u00e9liore les performances et acc\u00e9l\u00e8re la r\u00e9cup\u00e9ration. Id\u00e9al pour sportifs et athl\u00e8tes.","og_url":"https:\/\/mr-mass.com\/?product=creatine-real-pharm-500gr","og_site_name":"MR MASS","article_modified_time":"2026-03-07T15:56:34+00:00","og_image":[{"width":500,"height":500,"url":"https:\/\/mr-mass.com\/wp-content\/uploads\/2025\/09\/real-pharm-500.webp-68a057197a6c0-e1759254876135.webp","type":"image\/webp"}],"twitter_card":"summary_large_image","twitter_misc":{"Dur\u00e9e de lecture estim\u00e9e":"1 minute"},"schema":{"@context":"https:\/\/schema.org","@graph":[{"@type":"WebPage","@id":"https:\/\/mr-mass.com\/?product=creatine-real-pharm-500gr","url":"https:\/\/mr-mass.com\/?product=creatine-real-pharm-500gr","name":"CREATINE REAL PHARM 500GR - MR MASS","isPartOf":{"@id":"https:\/\/mr-mass.com\/#website"},"primaryImageOfPage":{"@id":"https:\/\/mr-mass.com\/?product=creatine-real-pharm-500gr#primaryimage"},"image":{"@id":"https:\/\/mr-mass.com\/?product=creatine-real-pharm-500gr#primaryimage"},"thumbnailUrl":"https:\/\/mr-mass.com\/wp-content\/uploads\/2025\/09\/real-pharm-500.webp-68a057197a6c0-e1759254876135.webp","datePublished":"2025-09-30T17:55:03+00:00","dateModified":"2026-03-07T15:56:34+00:00","description":"Cr\u00e9atine Monohydrate 500g Real Pharm : augmente la force, am\u00e9liore les performances et acc\u00e9l\u00e8re la r\u00e9cup\u00e9ration. Id\u00e9al pour sportifs et athl\u00e8tes.","breadcrumb":{"@id":"https:\/\/mr-mass.com\/?product=creatine-real-pharm-500gr#breadcrumb"},"inLanguage":"fr-FR","potentialAction":[{"@type":"ReadAction","target":["https:\/\/mr-mass.com\/?product=creatine-real-pharm-500gr"]}]},{"@type":"ImageObject","inLanguage":"fr-FR","@id":"https:\/\/mr-mass.com\/?product=creatine-real-pharm-500gr#primaryimage","url":"https:\/\/mr-mass.com\/wp-content\/uploads\/2025\/09\/real-pharm-500.webp-68a057197a6c0-e1759254876135.webp","contentUrl":"https:\/\/mr-mass.com\/wp-content\/uploads\/2025\/09\/real-pharm-500.webp-68a057197a6c0-e1759254876135.webp","width":500,"height":500},{"@type":"BreadcrumbList","@id":"https:\/\/mr-mass.com\/?product=creatine-real-pharm-500gr#breadcrumb","itemListElement":[{"@type":"ListItem","position":1,"name":"Home","item":"https:\/\/mr-mass.com\/"},{"@type":"ListItem","position":2,"name":"Boutique","item":"https:\/\/mr-mass.com\/?page_id=8"},{"@type":"ListItem","position":3,"name":"CREATINE REAL PHARM 500GR"}]},{"@type":"WebSite","@id":"https:\/\/mr-mass.com\/#website","url":"https:\/\/mr-mass.com\/","name":"MR MASS","description":"","publisher":{"@id":"https:\/\/mr-mass.com\/#organization"},"potentialAction":[{"@type":"SearchAction","target":{"@type":"EntryPoint","urlTemplate":"https:\/\/mr-mass.com\/?s={search_term_string}"},"query-input":{"@type":"PropertyValueSpecification","valueRequired":true,"valueName":"search_term_string"}}],"inLanguage":"fr-FR"},{"@type":"Organization","@id":"https:\/\/mr-mass.com\/#organization","name":"MR MASS","url":"https:\/\/mr-mass.com\/","logo":{"@type":"ImageObject","inLanguage":"fr-FR","@id":"https:\/\/mr-mass.com\/#\/schema\/logo\/image\/","url":"https:\/\/mr-mass.com\/wp-content\/uploads\/2025\/06\/cropped-417524477_413976367821865_6357673664813295189_n-removebg-preview.png","contentUrl":"https:\/\/mr-mass.com\/wp-content\/uploads\/2025\/06\/cropped-417524477_413976367821865_6357673664813295189_n-removebg-preview.png","width":500,"height":436,"caption":"MR MASS"},"image":{"@id":"https:\/\/mr-mass.com\/#\/schema\/logo\/image\/"}}]}},"jetpack_sharing_enabled":true,"_links":{"self":[{"href":"https:\/\/mr-mass.com\/index.php?rest_route=\/wp\/v2\/product\/6997","targetHints":{"allow":["GET"]}}],"collection":[{"href":"https:\/\/mr-mass.com\/index.php?rest_route=\/wp\/v2\/product"}],"about":[{"href":"https:\/\/mr-mass.com\/index.php?rest_route=\/wp\/v2\/types\/product"}],"replies":[{"embeddable":true,"href":"https:\/\/mr-mass.com\/index.php?rest_route=%2Fwp%2Fv2%2Fcomments&post=6997"}],"wp:featuredmedia":[{"embeddable":true,"href":"https:\/\/mr-mass.com\/index.php?rest_route=\/wp\/v2\/media\/6998"}],"wp:attachment":[{"href":"https:\/\/mr-mass.com\/index.php?rest_route=%2Fwp%2Fv2%2Fmedia&parent=6997"}],"wp:term":[{"taxonomy":"product_cat","embeddable":true,"href":"https:\/\/mr-mass.com\/index.php?rest_route=%2Fwp%2Fv2%2Fproduct_cat&post=6997"},{"taxonomy":"product_tag","embeddable":true,"href":"https:\/\/mr-mass.com\/index.php?rest_route=%2Fwp%2Fv2%2Fproduct_tag&post=6997"}],"curies":[{"name":"wp","href":"https:\/\/api.w.org\/{rel}","templated":true}]}}