{"id":7016,"date":"2025-10-15T16:49:04","date_gmt":"2025-10-15T14:49:04","guid":{"rendered":"https:\/\/mr-mass.com\/?post_type=product&#038;p=7016"},"modified":"2025-10-31T19:56:33","modified_gmt":"2025-10-31T18:56:33","slug":"allmax-allwhey-gold-2-27-kg","status":"publish","type":"product","link":"https:\/\/mr-mass.com\/?product=allmax-allwhey-gold-2-27-kg","title":{"rendered":"Allmax ALLWHEY GOLD \u2013 2.27 KG"},"content":{"rendered":"<div class=\"elementor-element elementor-element-3a8670eb wd-single-short-desc text-left elementor-widget elementor-widget-wd_single_product_short_description\" data-id=\"3a8670eb\" data-element_type=\"widget\" data-widget_type=\"wd_single_product_short_description.default\">\n<div class=\"elementor-widget-container\">\n<div class=\"woocommerce-product-details__short-description\">\n<p><strong>Allmax ALLWHEY GOLD Cookies and Cream<\/strong>\u00a0est une prot\u00e9ine de lactos\u00e9rum ultra-filtr\u00e9e, offrant 24g de prot\u00e9ines de haute qualit\u00e9 par portion. Parfaite pour ceux qui cherchent \u00e0\u00a0<a target=\"_new\" rel=\"noopener\">construire des muscles<\/a>, elle est faible en glucides et sans gluten, avec une saveur d\u00e9licieuse de Cookies and Cream.<\/p>\n<\/div>\n<\/div>\n<\/div>\n<div class=\"wd-negative-gap elementor-element elementor-element-38f7bb63 e-flex e-con-boxed e-con e-child\" data-id=\"38f7bb63\" data-element_type=\"container\">\n<div class=\"e-con-inner\">\n<div class=\"elementor-element elementor-element-cea6fee wd-single-price text-left elementor-widget elementor-widget-wd_single_product_price\" data-id=\"cea6fee\" data-element_type=\"widget\" data-widget_type=\"wd_single_product_price.default\">\n<div class=\"elementor-widget-container\"><\/div>\n<\/div>\n<\/div>\n<\/div>\n","protected":false},"excerpt":{"rendered":"<p>Allmax ALLWHEY GOLD Cookies and Cream est une prot\u00e9ine de lactos\u00e9rum ultra-filtr\u00e9e, offrant 24g de prot\u00e9ines de haute qualit\u00e9 par portion. Parfaite pour ceux qui cherchent \u00e0 construire des muscles, elle est faible en glucides et sans gluten, avec une saveur d\u00e9licieuse de Cookies and Cream.<\/p>\n","protected":false},"featured_media":7017,"comment_status":"open","ping_status":"closed","template":"","meta":[],"product_cat":[15,50],"product_tag":[],"class_list":{"0":"post-7016","1":"product","2":"type-product","3":"status-publish","4":"has-post-thumbnail","6":"product_brand-allmax","7":"product_cat-uncategorized","8":"product_cat-protein","10":"first","11":"instock","12":"sale","13":"shipping-taxable","14":"purchasable","15":"product-type-simple"},"yoast_head":"<!-- This site is optimized with the Yoast SEO plugin v25.2 - https:\/\/yoast.com\/wordpress\/plugins\/seo\/ -->\n<title>Allmax ALLWHEY GOLD \u2013 2.27 KG - MR MASS<\/title>\n<meta name=\"description\" content=\"Allmax ALLWHEY GOLD Cookies and Cream est une prot\u00e9ine de lactos\u00e9rum ultra-filtr\u00e9e, offrant 24g de prot\u00e9ines de haute qualit\u00e9 par portion. Parfaite pour ceux qui cherchent \u00e0 construire des muscles, elle est faible en glucides et sans gluten, avec une saveur d\u00e9licieuse de Cookies and Cream.\" \/>\n<meta name=\"robots\" content=\"index, follow, max-snippet:-1, max-image-preview:large, max-video-preview:-1\" \/>\n<link rel=\"canonical\" href=\"https:\/\/mr-mass.com\/?product=allmax-allwhey-gold-2-27-kg\" \/>\n<meta property=\"og:locale\" content=\"fr_FR\" \/>\n<meta property=\"og:type\" content=\"article\" \/>\n<meta property=\"og:title\" content=\"Allmax ALLWHEY GOLD \u2013 2.27 KG - MR MASS\" \/>\n<meta property=\"og:description\" content=\"Allmax ALLWHEY GOLD Cookies and Cream est une prot\u00e9ine de lactos\u00e9rum ultra-filtr\u00e9e, offrant 24g de prot\u00e9ines de haute qualit\u00e9 par portion. Parfaite pour ceux qui cherchent \u00e0 construire des muscles, elle est faible en glucides et sans gluten, avec une saveur d\u00e9licieuse de Cookies and Cream.\" \/>\n<meta property=\"og:url\" content=\"https:\/\/mr-mass.com\/?product=allmax-allwhey-gold-2-27-kg\" \/>\n<meta property=\"og:site_name\" content=\"MR MASS\" \/>\n<meta property=\"article:modified_time\" content=\"2025-10-31T18:56:33+00:00\" \/>\n<meta property=\"og:image\" content=\"https:\/\/mr-mass.com\/wp-content\/uploads\/2025\/10\/allwhey-5lb-mr-mass-1-e1760539700803.png\" \/>\n\t<meta property=\"og:image:width\" content=\"500\" \/>\n\t<meta property=\"og:image:height\" content=\"500\" \/>\n\t<meta property=\"og:image:type\" content=\"image\/png\" \/>\n<meta name=\"twitter:card\" content=\"summary_large_image\" \/>\n<meta name=\"twitter:label1\" content=\"Dur\u00e9e de lecture estim\u00e9e\" \/>\n\t<meta name=\"twitter:data1\" content=\"1 minute\" \/>\n<script type=\"application\/ld+json\" class=\"yoast-schema-graph\">{\"@context\":\"https:\/\/schema.org\",\"@graph\":[{\"@type\":\"WebPage\",\"@id\":\"https:\/\/mr-mass.com\/?product=allmax-allwhey-gold-2-27-kg\",\"url\":\"https:\/\/mr-mass.com\/?product=allmax-allwhey-gold-2-27-kg\",\"name\":\"Allmax ALLWHEY GOLD \u2013 2.27 KG - MR MASS\",\"isPartOf\":{\"@id\":\"https:\/\/mr-mass.com\/#website\"},\"primaryImageOfPage\":{\"@id\":\"https:\/\/mr-mass.com\/?product=allmax-allwhey-gold-2-27-kg#primaryimage\"},\"image\":{\"@id\":\"https:\/\/mr-mass.com\/?product=allmax-allwhey-gold-2-27-kg#primaryimage\"},\"thumbnailUrl\":\"https:\/\/mr-mass.com\/wp-content\/uploads\/2025\/10\/allwhey-5lb-mr-mass-1-e1760539700803.png\",\"datePublished\":\"2025-10-15T14:49:04+00:00\",\"dateModified\":\"2025-10-31T18:56:33+00:00\",\"description\":\"Allmax ALLWHEY GOLD Cookies and Cream est une prot\u00e9ine de lactos\u00e9rum ultra-filtr\u00e9e, offrant 24g de prot\u00e9ines de haute qualit\u00e9 par portion. Parfaite pour ceux qui cherchent \u00e0 construire des muscles, elle est faible en glucides et sans gluten, avec une saveur d\u00e9licieuse de Cookies and Cream.\",\"breadcrumb\":{\"@id\":\"https:\/\/mr-mass.com\/?product=allmax-allwhey-gold-2-27-kg#breadcrumb\"},\"inLanguage\":\"fr-FR\",\"potentialAction\":[{\"@type\":\"ReadAction\",\"target\":[\"https:\/\/mr-mass.com\/?product=allmax-allwhey-gold-2-27-kg\"]}]},{\"@type\":\"ImageObject\",\"inLanguage\":\"fr-FR\",\"@id\":\"https:\/\/mr-mass.com\/?product=allmax-allwhey-gold-2-27-kg#primaryimage\",\"url\":\"https:\/\/mr-mass.com\/wp-content\/uploads\/2025\/10\/allwhey-5lb-mr-mass-1-e1760539700803.png\",\"contentUrl\":\"https:\/\/mr-mass.com\/wp-content\/uploads\/2025\/10\/allwhey-5lb-mr-mass-1-e1760539700803.png\",\"width\":500,\"height\":500},{\"@type\":\"BreadcrumbList\",\"@id\":\"https:\/\/mr-mass.com\/?product=allmax-allwhey-gold-2-27-kg#breadcrumb\",\"itemListElement\":[{\"@type\":\"ListItem\",\"position\":1,\"name\":\"Home\",\"item\":\"https:\/\/mr-mass.com\/\"},{\"@type\":\"ListItem\",\"position\":2,\"name\":\"Boutique\",\"item\":\"https:\/\/mr-mass.com\/?page_id=8\"},{\"@type\":\"ListItem\",\"position\":3,\"name\":\"Allmax ALLWHEY GOLD \u2013 2.27 KG\"}]},{\"@type\":\"WebSite\",\"@id\":\"https:\/\/mr-mass.com\/#website\",\"url\":\"https:\/\/mr-mass.com\/\",\"name\":\"MR MASS\",\"description\":\"\",\"publisher\":{\"@id\":\"https:\/\/mr-mass.com\/#organization\"},\"potentialAction\":[{\"@type\":\"SearchAction\",\"target\":{\"@type\":\"EntryPoint\",\"urlTemplate\":\"https:\/\/mr-mass.com\/?s={search_term_string}\"},\"query-input\":{\"@type\":\"PropertyValueSpecification\",\"valueRequired\":true,\"valueName\":\"search_term_string\"}}],\"inLanguage\":\"fr-FR\"},{\"@type\":\"Organization\",\"@id\":\"https:\/\/mr-mass.com\/#organization\",\"name\":\"MR MASS\",\"url\":\"https:\/\/mr-mass.com\/\",\"logo\":{\"@type\":\"ImageObject\",\"inLanguage\":\"fr-FR\",\"@id\":\"https:\/\/mr-mass.com\/#\/schema\/logo\/image\/\",\"url\":\"https:\/\/mr-mass.com\/wp-content\/uploads\/2025\/06\/cropped-417524477_413976367821865_6357673664813295189_n-removebg-preview.png\",\"contentUrl\":\"https:\/\/mr-mass.com\/wp-content\/uploads\/2025\/06\/cropped-417524477_413976367821865_6357673664813295189_n-removebg-preview.png\",\"width\":500,\"height\":436,\"caption\":\"MR MASS\"},\"image\":{\"@id\":\"https:\/\/mr-mass.com\/#\/schema\/logo\/image\/\"}}]}<\/script>\n<!-- \/ Yoast SEO plugin. -->","yoast_head_json":{"title":"Allmax ALLWHEY GOLD \u2013 2.27 KG - MR MASS","description":"Allmax ALLWHEY GOLD Cookies and Cream est une prot\u00e9ine de lactos\u00e9rum ultra-filtr\u00e9e, offrant 24g de prot\u00e9ines de haute qualit\u00e9 par portion. Parfaite pour ceux qui cherchent \u00e0 construire des muscles, elle est faible en glucides et sans gluten, avec une saveur d\u00e9licieuse de Cookies and Cream.","robots":{"index":"index","follow":"follow","max-snippet":"max-snippet:-1","max-image-preview":"max-image-preview:large","max-video-preview":"max-video-preview:-1"},"canonical":"https:\/\/mr-mass.com\/?product=allmax-allwhey-gold-2-27-kg","og_locale":"fr_FR","og_type":"article","og_title":"Allmax ALLWHEY GOLD \u2013 2.27 KG - MR MASS","og_description":"Allmax ALLWHEY GOLD Cookies and Cream est une prot\u00e9ine de lactos\u00e9rum ultra-filtr\u00e9e, offrant 24g de prot\u00e9ines de haute qualit\u00e9 par portion. Parfaite pour ceux qui cherchent \u00e0 construire des muscles, elle est faible en glucides et sans gluten, avec une saveur d\u00e9licieuse de Cookies and Cream.","og_url":"https:\/\/mr-mass.com\/?product=allmax-allwhey-gold-2-27-kg","og_site_name":"MR MASS","article_modified_time":"2025-10-31T18:56:33+00:00","og_image":[{"width":500,"height":500,"url":"https:\/\/mr-mass.com\/wp-content\/uploads\/2025\/10\/allwhey-5lb-mr-mass-1-e1760539700803.png","type":"image\/png"}],"twitter_card":"summary_large_image","twitter_misc":{"Dur\u00e9e de lecture estim\u00e9e":"1 minute"},"schema":{"@context":"https:\/\/schema.org","@graph":[{"@type":"WebPage","@id":"https:\/\/mr-mass.com\/?product=allmax-allwhey-gold-2-27-kg","url":"https:\/\/mr-mass.com\/?product=allmax-allwhey-gold-2-27-kg","name":"Allmax ALLWHEY GOLD \u2013 2.27 KG - MR MASS","isPartOf":{"@id":"https:\/\/mr-mass.com\/#website"},"primaryImageOfPage":{"@id":"https:\/\/mr-mass.com\/?product=allmax-allwhey-gold-2-27-kg#primaryimage"},"image":{"@id":"https:\/\/mr-mass.com\/?product=allmax-allwhey-gold-2-27-kg#primaryimage"},"thumbnailUrl":"https:\/\/mr-mass.com\/wp-content\/uploads\/2025\/10\/allwhey-5lb-mr-mass-1-e1760539700803.png","datePublished":"2025-10-15T14:49:04+00:00","dateModified":"2025-10-31T18:56:33+00:00","description":"Allmax ALLWHEY GOLD Cookies and Cream est une prot\u00e9ine de lactos\u00e9rum ultra-filtr\u00e9e, offrant 24g de prot\u00e9ines de haute qualit\u00e9 par portion. Parfaite pour ceux qui cherchent \u00e0 construire des muscles, elle est faible en glucides et sans gluten, avec une saveur d\u00e9licieuse de Cookies and Cream.","breadcrumb":{"@id":"https:\/\/mr-mass.com\/?product=allmax-allwhey-gold-2-27-kg#breadcrumb"},"inLanguage":"fr-FR","potentialAction":[{"@type":"ReadAction","target":["https:\/\/mr-mass.com\/?product=allmax-allwhey-gold-2-27-kg"]}]},{"@type":"ImageObject","inLanguage":"fr-FR","@id":"https:\/\/mr-mass.com\/?product=allmax-allwhey-gold-2-27-kg#primaryimage","url":"https:\/\/mr-mass.com\/wp-content\/uploads\/2025\/10\/allwhey-5lb-mr-mass-1-e1760539700803.png","contentUrl":"https:\/\/mr-mass.com\/wp-content\/uploads\/2025\/10\/allwhey-5lb-mr-mass-1-e1760539700803.png","width":500,"height":500},{"@type":"BreadcrumbList","@id":"https:\/\/mr-mass.com\/?product=allmax-allwhey-gold-2-27-kg#breadcrumb","itemListElement":[{"@type":"ListItem","position":1,"name":"Home","item":"https:\/\/mr-mass.com\/"},{"@type":"ListItem","position":2,"name":"Boutique","item":"https:\/\/mr-mass.com\/?page_id=8"},{"@type":"ListItem","position":3,"name":"Allmax ALLWHEY GOLD \u2013 2.27 KG"}]},{"@type":"WebSite","@id":"https:\/\/mr-mass.com\/#website","url":"https:\/\/mr-mass.com\/","name":"MR MASS","description":"","publisher":{"@id":"https:\/\/mr-mass.com\/#organization"},"potentialAction":[{"@type":"SearchAction","target":{"@type":"EntryPoint","urlTemplate":"https:\/\/mr-mass.com\/?s={search_term_string}"},"query-input":{"@type":"PropertyValueSpecification","valueRequired":true,"valueName":"search_term_string"}}],"inLanguage":"fr-FR"},{"@type":"Organization","@id":"https:\/\/mr-mass.com\/#organization","name":"MR MASS","url":"https:\/\/mr-mass.com\/","logo":{"@type":"ImageObject","inLanguage":"fr-FR","@id":"https:\/\/mr-mass.com\/#\/schema\/logo\/image\/","url":"https:\/\/mr-mass.com\/wp-content\/uploads\/2025\/06\/cropped-417524477_413976367821865_6357673664813295189_n-removebg-preview.png","contentUrl":"https:\/\/mr-mass.com\/wp-content\/uploads\/2025\/06\/cropped-417524477_413976367821865_6357673664813295189_n-removebg-preview.png","width":500,"height":436,"caption":"MR MASS"},"image":{"@id":"https:\/\/mr-mass.com\/#\/schema\/logo\/image\/"}}]}},"jetpack_sharing_enabled":true,"_links":{"self":[{"href":"https:\/\/mr-mass.com\/index.php?rest_route=\/wp\/v2\/product\/7016","targetHints":{"allow":["GET"]}}],"collection":[{"href":"https:\/\/mr-mass.com\/index.php?rest_route=\/wp\/v2\/product"}],"about":[{"href":"https:\/\/mr-mass.com\/index.php?rest_route=\/wp\/v2\/types\/product"}],"replies":[{"embeddable":true,"href":"https:\/\/mr-mass.com\/index.php?rest_route=%2Fwp%2Fv2%2Fcomments&post=7016"}],"wp:featuredmedia":[{"embeddable":true,"href":"https:\/\/mr-mass.com\/index.php?rest_route=\/wp\/v2\/media\/7017"}],"wp:attachment":[{"href":"https:\/\/mr-mass.com\/index.php?rest_route=%2Fwp%2Fv2%2Fmedia&parent=7016"}],"wp:term":[{"taxonomy":"product_cat","embeddable":true,"href":"https:\/\/mr-mass.com\/index.php?rest_route=%2Fwp%2Fv2%2Fproduct_cat&post=7016"},{"taxonomy":"product_tag","embeddable":true,"href":"https:\/\/mr-mass.com\/index.php?rest_route=%2Fwp%2Fv2%2Fproduct_tag&post=7016"}],"curies":[{"name":"wp","href":"https:\/\/api.w.org\/{rel}","templated":true}]}}