{"id":7021,"date":"2025-10-24T16:03:10","date_gmt":"2025-10-24T14:03:10","guid":{"rendered":"https:\/\/mr-mass.com\/?post_type=product&#038;p=7021"},"modified":"2025-10-31T19:57:13","modified_gmt":"2025-10-31T18:57:13","slug":"creatine-powder-317g-optimum-nutrition","status":"publish","type":"product","link":"https:\/\/mr-mass.com\/?product=creatine-powder-317g-optimum-nutrition","title":{"rendered":"Creatine Powder 317g (Optimum Nutrition)"},"content":{"rendered":"<p><b>Caract\u00e9ristiques de la cr\u00e9atine Optimum Nutrition 317g:<\/b><\/p>\n<p>-Cr\u00e9atine monohydrate micronis\u00e9e<\/p>\n<p>-Am\u00e9liore les performances lors d&rsquo;efforts courts et intenses<\/p>\n<p>-Poudre sans ar\u00f4me pour une incorporation facile dans votre boisson pr\u00e9f\u00e9r\u00e9e<\/p>\n<p>-Excellent rapport qualit\u00e9-prix<\/p>\n<p>-Tr\u00e8s digestible<\/p>\n<p>La cr\u00e9atine Optimum Nutrition Micronised Creatine Powder am\u00e9liore les capacit\u00e9s physiques pour une consommation quotidienne de 3 g de cr\u00e9atine dans le cadre d&rsquo;une pratique sportive impliquant des s\u00e9ries successives d&rsquo;exercices tr\u00e8s intenses de courte dur\u00e9e.<\/p>\n<p>Optimum Nutrition Micronised Creatine Powder est particuli\u00e8rement adapt\u00e9e \u00e0 la prise de masse et aux entra\u00eenements de musculation ou de fitness, stimulant la performance et favorisant la prise de masse pour des muscles plus d\u00e9finis. Elle est b\u00e9n\u00e9fique dans le contexte d&rsquo;une prise de masse pure ou s\u00e8che, mais moins appropri\u00e9e pour la perte de poids.<\/p>\n<p><strong>Mode d&#8217;emploi de la cr\u00e9atine Optimum Nutrition :<\/strong>\u00a0M\u00e9langez une dose de 3 g par jour dans votre boisson pr\u00e9f\u00e9r\u00e9e ou un shaker de prot\u00e9ines en poudre. Il est recommand\u00e9 d&rsquo;associer la Gold Standard Whey d&rsquo;Optimum Nutrition, une whey prot\u00e9ine de haute qualit\u00e9 pour un apport optimal de nutriments pour le d\u00e9veloppement et le maintien de la masse musculaire.<\/p>\n<p><strong>Avis de l&rsquo;\u00e9quipe Optigura sur la cr\u00e9atine Optimum Nutrition :<\/strong>\u00a0Cette poudre figure parmi les meilleures du march\u00e9. Non seulement Optimum Nutrition est une r\u00e9f\u00e9rence incontournable en nutrition sportive, mais la qualit\u00e9 de cette poudre est \u00e9galement remarquable : elle se m\u00e9lange facilement, son go\u00fbt neutre permet une association ais\u00e9e avec des prot\u00e9ines de la m\u00eame marque, elle est bien tol\u00e9r\u00e9e et les effets sont rapidement perceptibles. Combin\u00e9e \u00e0 un plan nutritionnel sain et \u00e9quilibr\u00e9, ce compl\u00e9ment alimentaire constitue un atout essentiel pour am\u00e9liorer les performances lors des s\u00e9ances d&rsquo;entra\u00eenement en musculation. Les avis des autres consommateurs confirment unanimement la qualit\u00e9 exceptionnelle de ce produit de nutrition, lui attribuant une note tr\u00e8s \u00e9lev\u00e9e.<\/p>\n","protected":false},"excerpt":{"rendered":"<h2>Optimum Nutrition Micronised Creatine Powder : Le Compl\u00e9ment de Cr\u00e9atine le Plus Vendu au Monde !<\/h2>\n<p><strong>Optimum Nutrition Micronised Creatine Powder<\/strong>\u00a0est une formule de\u00a0<strong>cr\u00e9atine monohydrate<\/strong>\u00a0d\u00e9velopp\u00e9e par la marque leader dans le domaine de la nutrition sportive. Ce produit se distingue par son proc\u00e9d\u00e9 de\u00a0<strong>micronisation<\/strong>, une \u00e9tape de fabrication suppl\u00e9mentaire qui produit une poudre de cr\u00e9atine beaucoup plus fine. Gr\u00e2ce \u00e0 ce proc\u00e9d\u00e9, la\u00a0<strong>cr\u00e9atine<\/strong>\u00a0est mieux absorb\u00e9e et assimil\u00e9e par l&rsquo;organisme et les muscles, offrant ainsi une efficacit\u00e9 sup\u00e9rieure par rapport \u00e0 la cr\u00e9atine classique.<\/p>\n","protected":false},"featured_media":7022,"comment_status":"open","ping_status":"closed","template":"","meta":[],"product_cat":[34],"product_tag":[],"class_list":{"0":"post-7021","1":"product","2":"type-product","3":"status-publish","4":"has-post-thumbnail","6":"product_brand-optimum-nutrition","7":"product_cat-creatine","9":"first","10":"instock","11":"sale","12":"shipping-taxable","13":"purchasable","14":"product-type-simple"},"yoast_head":"<!-- This site is optimized with the Yoast SEO plugin v25.2 - https:\/\/yoast.com\/wordpress\/plugins\/seo\/ -->\n<title>Creatine Powder 317g (Optimum Nutrition) - MR MASS<\/title>\n<meta name=\"description\" content=\"Optimum Nutrition Micronised Creatine Powder : Le Compl\u00e9ment de Cr\u00e9atine le Plus Vendu au Monde !Optimum Nutrition Micronised Creatine Powder est une formule de cr\u00e9atine monohydrate d\u00e9velopp\u00e9e par la marque leader dans le domaine de la nutrition sportive. Ce produit se distingue par son proc\u00e9d\u00e9 de micronisation, une \u00e9tape de fabrication suppl\u00e9mentaire qui produit une poudre de cr\u00e9atine beaucoup plus fine. Gr\u00e2ce \u00e0 ce proc\u00e9d\u00e9, la cr\u00e9atine est mieux absorb\u00e9e et assimil\u00e9e par l&#039;organisme et les muscles, offrant ainsi une efficacit\u00e9 sup\u00e9rieure par rapport \u00e0 la cr\u00e9atine classique.\" \/>\n<meta name=\"robots\" content=\"index, follow, max-snippet:-1, max-image-preview:large, max-video-preview:-1\" \/>\n<link rel=\"canonical\" href=\"https:\/\/mr-mass.com\/?product=creatine-powder-317g-optimum-nutrition\" \/>\n<meta property=\"og:locale\" content=\"fr_FR\" \/>\n<meta property=\"og:type\" content=\"article\" \/>\n<meta property=\"og:title\" content=\"Creatine Powder 317g (Optimum Nutrition) - MR MASS\" \/>\n<meta property=\"og:description\" content=\"Optimum Nutrition Micronised Creatine Powder : Le Compl\u00e9ment de Cr\u00e9atine le Plus Vendu au Monde !Optimum Nutrition Micronised Creatine Powder est une formule de cr\u00e9atine monohydrate d\u00e9velopp\u00e9e par la marque leader dans le domaine de la nutrition sportive. Ce produit se distingue par son proc\u00e9d\u00e9 de micronisation, une \u00e9tape de fabrication suppl\u00e9mentaire qui produit une poudre de cr\u00e9atine beaucoup plus fine. Gr\u00e2ce \u00e0 ce proc\u00e9d\u00e9, la cr\u00e9atine est mieux absorb\u00e9e et assimil\u00e9e par l&#039;organisme et les muscles, offrant ainsi une efficacit\u00e9 sup\u00e9rieure par rapport \u00e0 la cr\u00e9atine classique.\" \/>\n<meta property=\"og:url\" content=\"https:\/\/mr-mass.com\/?product=creatine-powder-317g-optimum-nutrition\" \/>\n<meta property=\"og:site_name\" content=\"MR MASS\" \/>\n<meta property=\"article:modified_time\" content=\"2025-10-31T18:57:13+00:00\" \/>\n<meta property=\"og:image\" content=\"https:\/\/mr-mass.com\/wp-content\/uploads\/2025\/10\/Creatine-Monohydrate-317g-MR-MASS-e1761314123878.jpg\" \/>\n\t<meta property=\"og:image:width\" content=\"500\" \/>\n\t<meta property=\"og:image:height\" content=\"475\" \/>\n\t<meta property=\"og:image:type\" content=\"image\/jpeg\" \/>\n<meta name=\"twitter:card\" content=\"summary_large_image\" \/>\n<meta name=\"twitter:label1\" content=\"Dur\u00e9e de lecture estim\u00e9e\" \/>\n\t<meta name=\"twitter:data1\" content=\"2 minutes\" \/>\n<script type=\"application\/ld+json\" class=\"yoast-schema-graph\">{\"@context\":\"https:\/\/schema.org\",\"@graph\":[{\"@type\":\"WebPage\",\"@id\":\"https:\/\/mr-mass.com\/?product=creatine-powder-317g-optimum-nutrition\",\"url\":\"https:\/\/mr-mass.com\/?product=creatine-powder-317g-optimum-nutrition\",\"name\":\"Creatine Powder 317g (Optimum Nutrition) - MR MASS\",\"isPartOf\":{\"@id\":\"https:\/\/mr-mass.com\/#website\"},\"primaryImageOfPage\":{\"@id\":\"https:\/\/mr-mass.com\/?product=creatine-powder-317g-optimum-nutrition#primaryimage\"},\"image\":{\"@id\":\"https:\/\/mr-mass.com\/?product=creatine-powder-317g-optimum-nutrition#primaryimage\"},\"thumbnailUrl\":\"https:\/\/mr-mass.com\/wp-content\/uploads\/2025\/10\/Creatine-Monohydrate-317g-MR-MASS-e1761314123878.jpg\",\"datePublished\":\"2025-10-24T14:03:10+00:00\",\"dateModified\":\"2025-10-31T18:57:13+00:00\",\"description\":\"Optimum Nutrition Micronised Creatine Powder : Le Compl\u00e9ment de Cr\u00e9atine le Plus Vendu au Monde !Optimum Nutrition Micronised Creatine Powder est une formule de cr\u00e9atine monohydrate d\u00e9velopp\u00e9e par la marque leader dans le domaine de la nutrition sportive. Ce produit se distingue par son proc\u00e9d\u00e9 de micronisation, une \u00e9tape de fabrication suppl\u00e9mentaire qui produit une poudre de cr\u00e9atine beaucoup plus fine. Gr\u00e2ce \u00e0 ce proc\u00e9d\u00e9, la cr\u00e9atine est mieux absorb\u00e9e et assimil\u00e9e par l'organisme et les muscles, offrant ainsi une efficacit\u00e9 sup\u00e9rieure par rapport \u00e0 la cr\u00e9atine classique.\",\"breadcrumb\":{\"@id\":\"https:\/\/mr-mass.com\/?product=creatine-powder-317g-optimum-nutrition#breadcrumb\"},\"inLanguage\":\"fr-FR\",\"potentialAction\":[{\"@type\":\"ReadAction\",\"target\":[\"https:\/\/mr-mass.com\/?product=creatine-powder-317g-optimum-nutrition\"]}]},{\"@type\":\"ImageObject\",\"inLanguage\":\"fr-FR\",\"@id\":\"https:\/\/mr-mass.com\/?product=creatine-powder-317g-optimum-nutrition#primaryimage\",\"url\":\"https:\/\/mr-mass.com\/wp-content\/uploads\/2025\/10\/Creatine-Monohydrate-317g-MR-MASS-e1761314123878.jpg\",\"contentUrl\":\"https:\/\/mr-mass.com\/wp-content\/uploads\/2025\/10\/Creatine-Monohydrate-317g-MR-MASS-e1761314123878.jpg\",\"width\":500,\"height\":475},{\"@type\":\"BreadcrumbList\",\"@id\":\"https:\/\/mr-mass.com\/?product=creatine-powder-317g-optimum-nutrition#breadcrumb\",\"itemListElement\":[{\"@type\":\"ListItem\",\"position\":1,\"name\":\"Home\",\"item\":\"https:\/\/mr-mass.com\/\"},{\"@type\":\"ListItem\",\"position\":2,\"name\":\"Boutique\",\"item\":\"https:\/\/mr-mass.com\/?page_id=8\"},{\"@type\":\"ListItem\",\"position\":3,\"name\":\"Creatine Powder 317g (Optimum Nutrition)\"}]},{\"@type\":\"WebSite\",\"@id\":\"https:\/\/mr-mass.com\/#website\",\"url\":\"https:\/\/mr-mass.com\/\",\"name\":\"MR MASS\",\"description\":\"\",\"publisher\":{\"@id\":\"https:\/\/mr-mass.com\/#organization\"},\"potentialAction\":[{\"@type\":\"SearchAction\",\"target\":{\"@type\":\"EntryPoint\",\"urlTemplate\":\"https:\/\/mr-mass.com\/?s={search_term_string}\"},\"query-input\":{\"@type\":\"PropertyValueSpecification\",\"valueRequired\":true,\"valueName\":\"search_term_string\"}}],\"inLanguage\":\"fr-FR\"},{\"@type\":\"Organization\",\"@id\":\"https:\/\/mr-mass.com\/#organization\",\"name\":\"MR MASS\",\"url\":\"https:\/\/mr-mass.com\/\",\"logo\":{\"@type\":\"ImageObject\",\"inLanguage\":\"fr-FR\",\"@id\":\"https:\/\/mr-mass.com\/#\/schema\/logo\/image\/\",\"url\":\"https:\/\/mr-mass.com\/wp-content\/uploads\/2025\/06\/cropped-417524477_413976367821865_6357673664813295189_n-removebg-preview.png\",\"contentUrl\":\"https:\/\/mr-mass.com\/wp-content\/uploads\/2025\/06\/cropped-417524477_413976367821865_6357673664813295189_n-removebg-preview.png\",\"width\":500,\"height\":436,\"caption\":\"MR MASS\"},\"image\":{\"@id\":\"https:\/\/mr-mass.com\/#\/schema\/logo\/image\/\"}}]}<\/script>\n<!-- \/ Yoast SEO plugin. -->","yoast_head_json":{"title":"Creatine Powder 317g (Optimum Nutrition) - MR MASS","description":"Optimum Nutrition Micronised Creatine Powder : Le Compl\u00e9ment de Cr\u00e9atine le Plus Vendu au Monde !Optimum Nutrition Micronised Creatine Powder est une formule de cr\u00e9atine monohydrate d\u00e9velopp\u00e9e par la marque leader dans le domaine de la nutrition sportive. Ce produit se distingue par son proc\u00e9d\u00e9 de micronisation, une \u00e9tape de fabrication suppl\u00e9mentaire qui produit une poudre de cr\u00e9atine beaucoup plus fine. Gr\u00e2ce \u00e0 ce proc\u00e9d\u00e9, la cr\u00e9atine est mieux absorb\u00e9e et assimil\u00e9e par l'organisme et les muscles, offrant ainsi une efficacit\u00e9 sup\u00e9rieure par rapport \u00e0 la cr\u00e9atine classique.","robots":{"index":"index","follow":"follow","max-snippet":"max-snippet:-1","max-image-preview":"max-image-preview:large","max-video-preview":"max-video-preview:-1"},"canonical":"https:\/\/mr-mass.com\/?product=creatine-powder-317g-optimum-nutrition","og_locale":"fr_FR","og_type":"article","og_title":"Creatine Powder 317g (Optimum Nutrition) - MR MASS","og_description":"Optimum Nutrition Micronised Creatine Powder : Le Compl\u00e9ment de Cr\u00e9atine le Plus Vendu au Monde !Optimum Nutrition Micronised Creatine Powder est une formule de cr\u00e9atine monohydrate d\u00e9velopp\u00e9e par la marque leader dans le domaine de la nutrition sportive. Ce produit se distingue par son proc\u00e9d\u00e9 de micronisation, une \u00e9tape de fabrication suppl\u00e9mentaire qui produit une poudre de cr\u00e9atine beaucoup plus fine. Gr\u00e2ce \u00e0 ce proc\u00e9d\u00e9, la cr\u00e9atine est mieux absorb\u00e9e et assimil\u00e9e par l'organisme et les muscles, offrant ainsi une efficacit\u00e9 sup\u00e9rieure par rapport \u00e0 la cr\u00e9atine classique.","og_url":"https:\/\/mr-mass.com\/?product=creatine-powder-317g-optimum-nutrition","og_site_name":"MR MASS","article_modified_time":"2025-10-31T18:57:13+00:00","og_image":[{"width":500,"height":475,"url":"https:\/\/mr-mass.com\/wp-content\/uploads\/2025\/10\/Creatine-Monohydrate-317g-MR-MASS-e1761314123878.jpg","type":"image\/jpeg"}],"twitter_card":"summary_large_image","twitter_misc":{"Dur\u00e9e de lecture estim\u00e9e":"2 minutes"},"schema":{"@context":"https:\/\/schema.org","@graph":[{"@type":"WebPage","@id":"https:\/\/mr-mass.com\/?product=creatine-powder-317g-optimum-nutrition","url":"https:\/\/mr-mass.com\/?product=creatine-powder-317g-optimum-nutrition","name":"Creatine Powder 317g (Optimum Nutrition) - MR MASS","isPartOf":{"@id":"https:\/\/mr-mass.com\/#website"},"primaryImageOfPage":{"@id":"https:\/\/mr-mass.com\/?product=creatine-powder-317g-optimum-nutrition#primaryimage"},"image":{"@id":"https:\/\/mr-mass.com\/?product=creatine-powder-317g-optimum-nutrition#primaryimage"},"thumbnailUrl":"https:\/\/mr-mass.com\/wp-content\/uploads\/2025\/10\/Creatine-Monohydrate-317g-MR-MASS-e1761314123878.jpg","datePublished":"2025-10-24T14:03:10+00:00","dateModified":"2025-10-31T18:57:13+00:00","description":"Optimum Nutrition Micronised Creatine Powder : Le Compl\u00e9ment de Cr\u00e9atine le Plus Vendu au Monde !Optimum Nutrition Micronised Creatine Powder est une formule de cr\u00e9atine monohydrate d\u00e9velopp\u00e9e par la marque leader dans le domaine de la nutrition sportive. Ce produit se distingue par son proc\u00e9d\u00e9 de micronisation, une \u00e9tape de fabrication suppl\u00e9mentaire qui produit une poudre de cr\u00e9atine beaucoup plus fine. Gr\u00e2ce \u00e0 ce proc\u00e9d\u00e9, la cr\u00e9atine est mieux absorb\u00e9e et assimil\u00e9e par l'organisme et les muscles, offrant ainsi une efficacit\u00e9 sup\u00e9rieure par rapport \u00e0 la cr\u00e9atine classique.","breadcrumb":{"@id":"https:\/\/mr-mass.com\/?product=creatine-powder-317g-optimum-nutrition#breadcrumb"},"inLanguage":"fr-FR","potentialAction":[{"@type":"ReadAction","target":["https:\/\/mr-mass.com\/?product=creatine-powder-317g-optimum-nutrition"]}]},{"@type":"ImageObject","inLanguage":"fr-FR","@id":"https:\/\/mr-mass.com\/?product=creatine-powder-317g-optimum-nutrition#primaryimage","url":"https:\/\/mr-mass.com\/wp-content\/uploads\/2025\/10\/Creatine-Monohydrate-317g-MR-MASS-e1761314123878.jpg","contentUrl":"https:\/\/mr-mass.com\/wp-content\/uploads\/2025\/10\/Creatine-Monohydrate-317g-MR-MASS-e1761314123878.jpg","width":500,"height":475},{"@type":"BreadcrumbList","@id":"https:\/\/mr-mass.com\/?product=creatine-powder-317g-optimum-nutrition#breadcrumb","itemListElement":[{"@type":"ListItem","position":1,"name":"Home","item":"https:\/\/mr-mass.com\/"},{"@type":"ListItem","position":2,"name":"Boutique","item":"https:\/\/mr-mass.com\/?page_id=8"},{"@type":"ListItem","position":3,"name":"Creatine Powder 317g (Optimum Nutrition)"}]},{"@type":"WebSite","@id":"https:\/\/mr-mass.com\/#website","url":"https:\/\/mr-mass.com\/","name":"MR MASS","description":"","publisher":{"@id":"https:\/\/mr-mass.com\/#organization"},"potentialAction":[{"@type":"SearchAction","target":{"@type":"EntryPoint","urlTemplate":"https:\/\/mr-mass.com\/?s={search_term_string}"},"query-input":{"@type":"PropertyValueSpecification","valueRequired":true,"valueName":"search_term_string"}}],"inLanguage":"fr-FR"},{"@type":"Organization","@id":"https:\/\/mr-mass.com\/#organization","name":"MR MASS","url":"https:\/\/mr-mass.com\/","logo":{"@type":"ImageObject","inLanguage":"fr-FR","@id":"https:\/\/mr-mass.com\/#\/schema\/logo\/image\/","url":"https:\/\/mr-mass.com\/wp-content\/uploads\/2025\/06\/cropped-417524477_413976367821865_6357673664813295189_n-removebg-preview.png","contentUrl":"https:\/\/mr-mass.com\/wp-content\/uploads\/2025\/06\/cropped-417524477_413976367821865_6357673664813295189_n-removebg-preview.png","width":500,"height":436,"caption":"MR MASS"},"image":{"@id":"https:\/\/mr-mass.com\/#\/schema\/logo\/image\/"}}]}},"jetpack_sharing_enabled":true,"_links":{"self":[{"href":"https:\/\/mr-mass.com\/index.php?rest_route=\/wp\/v2\/product\/7021","targetHints":{"allow":["GET"]}}],"collection":[{"href":"https:\/\/mr-mass.com\/index.php?rest_route=\/wp\/v2\/product"}],"about":[{"href":"https:\/\/mr-mass.com\/index.php?rest_route=\/wp\/v2\/types\/product"}],"replies":[{"embeddable":true,"href":"https:\/\/mr-mass.com\/index.php?rest_route=%2Fwp%2Fv2%2Fcomments&post=7021"}],"wp:featuredmedia":[{"embeddable":true,"href":"https:\/\/mr-mass.com\/index.php?rest_route=\/wp\/v2\/media\/7022"}],"wp:attachment":[{"href":"https:\/\/mr-mass.com\/index.php?rest_route=%2Fwp%2Fv2%2Fmedia&parent=7021"}],"wp:term":[{"taxonomy":"product_cat","embeddable":true,"href":"https:\/\/mr-mass.com\/index.php?rest_route=%2Fwp%2Fv2%2Fproduct_cat&post=7021"},{"taxonomy":"product_tag","embeddable":true,"href":"https:\/\/mr-mass.com\/index.php?rest_route=%2Fwp%2Fv2%2Fproduct_tag&post=7021"}],"curies":[{"name":"wp","href":"https:\/\/api.w.org\/{rel}","templated":true}]}}