{"id":7043,"date":"2025-11-03T14:28:29","date_gmt":"2025-11-03T13:28:29","guid":{"rendered":"https:\/\/mr-mass.com\/?post_type=product&#038;p=7043"},"modified":"2025-11-03T14:28:29","modified_gmt":"2025-11-03T13:28:29","slug":"one-a-day-100-tablets","status":"publish","type":"product","link":"https:\/\/mr-mass.com\/?product=one-a-day-100-tablets","title":{"rendered":"ONE A DAY 100 TABLETS"},"content":{"rendered":"<p>\ud83d\udc8a <strong data-start=\"166\" data-end=\"221\">One-A-Day \u2013 Multivitamines &amp; Min\u00e9raux de BioTechUSA<\/strong><\/p>\n<p data-start=\"224\" data-end=\"266\">Boostez votre vitalit\u00e9, chaque jour ! \ud83c\udf1f<\/p>\n<p data-start=\"268\" data-end=\"608\">One-A-Day de\u00a0<strong data-start=\"281\" data-end=\"295\">BioTechUSA<\/strong>\u00a0n\u2019est pas une simple multivitamine \u2014 c\u2019est\u00a0<strong data-start=\"339\" data-end=\"379\">un concentr\u00e9 d\u2019\u00e9nergie et d\u2019immunit\u00e9<\/strong>\u00a0\ud83d\udca5.<br data-start=\"383\" data-end=\"386\" \/>Formul\u00e9 avec\u00a0<strong data-start=\"399\" data-end=\"428\">12 vitamines essentielles<\/strong>\u00a0(dont les vitamines A, C, D et le complexe B) et\u00a0<strong data-start=\"478\" data-end=\"498\">10 min\u00e9raux cl\u00e9s<\/strong>, ce compl\u00e9ment soutient le\u00a0<strong data-start=\"526\" data-end=\"549\">syst\u00e8me immunitaire<\/strong>, la\u00a0<strong data-start=\"554\" data-end=\"574\">vitalit\u00e9 mentale<\/strong>\u00a0et la\u00a0<strong data-start=\"581\" data-end=\"605\">performance physique<\/strong>.<\/p>\n<p data-start=\"610\" data-end=\"761\">Gr\u00e2ce \u00e0 sa formule\u00a0<strong data-start=\"629\" data-end=\"655\">sans gluten ni lactose<\/strong>, One-A-Day convient parfaitement \u00e0 tous ceux qui veulent\u00a0<strong data-start=\"713\" data-end=\"750\">optimiser leur sant\u00e9 au quotidien<\/strong>\u00a0\ud83c\udfc3\u200d\u2642\ufe0f\ud83d\udcaa.<\/p>\n<hr data-start=\"763\" data-end=\"766\" \/>\n<p>\u26a1\ufe0f <strong data-start=\"775\" data-end=\"794\">Les avantages :<\/strong><\/p>\n<p data-start=\"795\" data-end=\"1053\">\u2705 12 vitamines essentielles (A, C, D, E, B1, B2, B6, B12&#8230;)<br data-start=\"855\" data-end=\"858\" \/>\u2705 10 min\u00e9raux essentiels (fer, zinc, magn\u00e9sium, s\u00e9l\u00e9nium&#8230;)<br data-start=\"918\" data-end=\"921\" \/>\u2705 Soutient le syst\u00e8me immunitaire et la vitalit\u00e9<br data-start=\"969\" data-end=\"972\" \/>\u2705 Am\u00e9liore la concentration et r\u00e9duit la fatigue<br data-start=\"1020\" data-end=\"1023\" \/>\u2705 Sans gluten &amp; sans lactose<\/p>\n<hr data-start=\"1055\" data-end=\"1058\" \/>\n<p>\ud83d\udc69\u200d\ud83d\udcbc <strong data-start=\"1070\" data-end=\"1086\">Id\u00e9al pour :<\/strong><\/p>\n<ul data-start=\"1087\" data-end=\"1330\">\n<li data-start=\"1087\" data-end=\"1159\">\n<p data-start=\"1089\" data-end=\"1159\">Les personnes actives qui veulent rester au top de leur forme \ud83c\udfcb\ufe0f\u200d\u2640\ufe0f<\/p>\n<\/li>\n<li data-start=\"1160\" data-end=\"1243\">\n<p data-start=\"1162\" data-end=\"1243\">Ceux qui veulent combler les carences li\u00e9es \u00e0 une alimentation d\u00e9s\u00e9quilibr\u00e9e \ud83e\udd57<\/p>\n<\/li>\n<li data-start=\"1244\" data-end=\"1330\">\n<p data-start=\"1246\" data-end=\"1330\">Les sportifs, les travailleurs intenses et les \u00e9tudiants en p\u00e9riode de stress \ud83d\udcbc\ud83d\udcda<\/p>\n<\/li>\n<\/ul>\n<hr data-start=\"1332\" data-end=\"1335\" \/>\n<p>\ud83d\udca7 <strong data-start=\"1344\" data-end=\"1363\">Mode d\u2019emploi :<\/strong><\/p>\n<p data-start=\"1364\" data-end=\"1509\">Prenez\u00a0<strong data-start=\"1371\" data-end=\"1394\">1 comprim\u00e9 par jour<\/strong>, de pr\u00e9f\u00e9rence pendant un repas avec un grand verre d\u2019eau.<br data-start=\"1453\" data-end=\"1456\" \/>\ud83d\udca1\u00a0<em data-start=\"1459\" data-end=\"1509\">Ne pas d\u00e9passer la dose journali\u00e8re recommand\u00e9e.<\/em><\/p>\n<hr data-start=\"1511\" data-end=\"1514\" \/>\n<p>\ud83e\uddea <strong data-start=\"1523\" data-end=\"1551\">Ingr\u00e9dients principaux :<\/strong><\/p>\n<ul data-start=\"1552\" data-end=\"1727\">\n<li data-start=\"1552\" data-end=\"1618\">\n<p data-start=\"1554\" data-end=\"1618\"><strong data-start=\"1554\" data-end=\"1570\">12 vitamines<\/strong>\u00a0: A, C, D, E, B1, B2, B3, B5, B6, B8, B9, B12<\/p>\n<\/li>\n<li data-start=\"1619\" data-end=\"1727\">\n<p data-start=\"1621\" data-end=\"1727\"><strong data-start=\"1621\" data-end=\"1636\">10 min\u00e9raux<\/strong>\u00a0: Calcium, Magn\u00e9sium, Zinc, Fer, S\u00e9l\u00e9nium, Iode, Chrome, Mangan\u00e8se, Molybd\u00e8ne, Phosphore<\/p>\n<\/li>\n<\/ul>\n<p data-start=\"1729\" data-end=\"1846\">Formule enrichie pour un\u00a0<strong data-start=\"1754\" data-end=\"1788\">\u00e9quilibre nutritionnel optimal<\/strong>\u00a0et une\u00a0<strong data-start=\"1796\" data-end=\"1815\">\u00e9nergie durable<\/strong>\u00a0tout au long de la journ\u00e9e \u26a1<\/p>\n<hr data-start=\"1848\" data-end=\"1851\" \/>\n<p>\u26a0\ufe0f <strong data-start=\"1860\" data-end=\"1877\">Pr\u00e9cautions :<\/strong><\/p>\n<p data-start=\"1878\" data-end=\"2076\">\ud83d\udeab Ne pas donner aux enfants ni aux femmes enceintes.<br data-start=\"1931\" data-end=\"1934\" \/>\u2757 Ne jamais d\u00e9passer la dose quotidienne recommand\u00e9e.<br data-start=\"1987\" data-end=\"1990\" \/>\ud83e\udd64 \u00c0 consommer dans le cadre d\u2019un mode de vie sain et d\u2019une alimentation \u00e9quilibr\u00e9e.<\/p>\n","protected":false},"excerpt":{"rendered":"<div class=\"procuct-contain\">Boostez votre \u00e9nergie et votre immunit\u00e9 avec One-A-Day BioTechUSA, une multivitamine compl\u00e8te avec 12 vitamines et 10 min\u00e9raux essentiels. Vitalit\u00e9, performance et bien-\u00eatre garantis !<\/div>\n","protected":false},"featured_media":7044,"comment_status":"open","ping_status":"closed","template":"","meta":[],"product_cat":[76],"product_tag":[],"class_list":{"0":"post-7043","1":"product","2":"type-product","3":"status-publish","4":"has-post-thumbnail","6":"product_brand-biotech-usa","7":"product_cat-multi-vitamins-minerals","9":"first","10":"instock","11":"shipping-taxable","12":"purchasable","13":"product-type-simple"},"yoast_head":"<!-- This site is optimized with the Yoast SEO plugin v25.2 - https:\/\/yoast.com\/wordpress\/plugins\/seo\/ -->\n<title>ONE A DAY 100 TABLETS - MR MASS<\/title>\n<meta name=\"description\" content=\"Boostez votre \u00e9nergie et votre immunit\u00e9 avec One-A-Day BioTechUSA, une multivitamine compl\u00e8te avec 12 vitamines et 10 min\u00e9raux essentiels. Vitalit\u00e9, performance et bien-\u00eatre garantis !\" \/>\n<meta name=\"robots\" content=\"index, follow, max-snippet:-1, max-image-preview:large, max-video-preview:-1\" \/>\n<link rel=\"canonical\" href=\"https:\/\/mr-mass.com\/?product=one-a-day-100-tablets\" \/>\n<meta property=\"og:locale\" content=\"fr_FR\" \/>\n<meta property=\"og:type\" content=\"article\" \/>\n<meta property=\"og:title\" content=\"ONE A DAY 100 TABLETS - MR MASS\" \/>\n<meta property=\"og:description\" content=\"Boostez votre \u00e9nergie et votre immunit\u00e9 avec One-A-Day BioTechUSA, une multivitamine compl\u00e8te avec 12 vitamines et 10 min\u00e9raux essentiels. Vitalit\u00e9, performance et bien-\u00eatre garantis !\" \/>\n<meta property=\"og:url\" content=\"https:\/\/mr-mass.com\/?product=one-a-day-100-tablets\" \/>\n<meta property=\"og:site_name\" content=\"MR MASS\" \/>\n<meta property=\"og:image\" content=\"https:\/\/mr-mass.com\/wp-content\/uploads\/2025\/11\/oneaday.webp-6903d8eb20da9-e1762176357299.webp\" \/>\n\t<meta property=\"og:image:width\" content=\"500\" \/>\n\t<meta property=\"og:image:height\" content=\"500\" \/>\n\t<meta property=\"og:image:type\" content=\"image\/webp\" \/>\n<meta name=\"twitter:card\" content=\"summary_large_image\" \/>\n<meta name=\"twitter:label1\" content=\"Dur\u00e9e de lecture estim\u00e9e\" \/>\n\t<meta name=\"twitter:data1\" content=\"2 minutes\" \/>\n<script type=\"application\/ld+json\" class=\"yoast-schema-graph\">{\"@context\":\"https:\/\/schema.org\",\"@graph\":[{\"@type\":\"WebPage\",\"@id\":\"https:\/\/mr-mass.com\/?product=one-a-day-100-tablets\",\"url\":\"https:\/\/mr-mass.com\/?product=one-a-day-100-tablets\",\"name\":\"ONE A DAY 100 TABLETS - MR MASS\",\"isPartOf\":{\"@id\":\"https:\/\/mr-mass.com\/#website\"},\"primaryImageOfPage\":{\"@id\":\"https:\/\/mr-mass.com\/?product=one-a-day-100-tablets#primaryimage\"},\"image\":{\"@id\":\"https:\/\/mr-mass.com\/?product=one-a-day-100-tablets#primaryimage\"},\"thumbnailUrl\":\"https:\/\/mr-mass.com\/wp-content\/uploads\/2025\/11\/oneaday.webp-6903d8eb20da9-e1762176357299.webp\",\"datePublished\":\"2025-11-03T13:28:29+00:00\",\"description\":\"Boostez votre \u00e9nergie et votre immunit\u00e9 avec One-A-Day BioTechUSA, une multivitamine compl\u00e8te avec 12 vitamines et 10 min\u00e9raux essentiels. Vitalit\u00e9, performance et bien-\u00eatre garantis !\",\"breadcrumb\":{\"@id\":\"https:\/\/mr-mass.com\/?product=one-a-day-100-tablets#breadcrumb\"},\"inLanguage\":\"fr-FR\",\"potentialAction\":[{\"@type\":\"ReadAction\",\"target\":[\"https:\/\/mr-mass.com\/?product=one-a-day-100-tablets\"]}]},{\"@type\":\"ImageObject\",\"inLanguage\":\"fr-FR\",\"@id\":\"https:\/\/mr-mass.com\/?product=one-a-day-100-tablets#primaryimage\",\"url\":\"https:\/\/mr-mass.com\/wp-content\/uploads\/2025\/11\/oneaday.webp-6903d8eb20da9-e1762176357299.webp\",\"contentUrl\":\"https:\/\/mr-mass.com\/wp-content\/uploads\/2025\/11\/oneaday.webp-6903d8eb20da9-e1762176357299.webp\",\"width\":500,\"height\":500},{\"@type\":\"BreadcrumbList\",\"@id\":\"https:\/\/mr-mass.com\/?product=one-a-day-100-tablets#breadcrumb\",\"itemListElement\":[{\"@type\":\"ListItem\",\"position\":1,\"name\":\"Home\",\"item\":\"https:\/\/mr-mass.com\/\"},{\"@type\":\"ListItem\",\"position\":2,\"name\":\"Boutique\",\"item\":\"https:\/\/mr-mass.com\/?page_id=8\"},{\"@type\":\"ListItem\",\"position\":3,\"name\":\"ONE A DAY 100 TABLETS\"}]},{\"@type\":\"WebSite\",\"@id\":\"https:\/\/mr-mass.com\/#website\",\"url\":\"https:\/\/mr-mass.com\/\",\"name\":\"MR MASS\",\"description\":\"\",\"publisher\":{\"@id\":\"https:\/\/mr-mass.com\/#organization\"},\"potentialAction\":[{\"@type\":\"SearchAction\",\"target\":{\"@type\":\"EntryPoint\",\"urlTemplate\":\"https:\/\/mr-mass.com\/?s={search_term_string}\"},\"query-input\":{\"@type\":\"PropertyValueSpecification\",\"valueRequired\":true,\"valueName\":\"search_term_string\"}}],\"inLanguage\":\"fr-FR\"},{\"@type\":\"Organization\",\"@id\":\"https:\/\/mr-mass.com\/#organization\",\"name\":\"MR MASS\",\"url\":\"https:\/\/mr-mass.com\/\",\"logo\":{\"@type\":\"ImageObject\",\"inLanguage\":\"fr-FR\",\"@id\":\"https:\/\/mr-mass.com\/#\/schema\/logo\/image\/\",\"url\":\"https:\/\/mr-mass.com\/wp-content\/uploads\/2025\/06\/cropped-417524477_413976367821865_6357673664813295189_n-removebg-preview.png\",\"contentUrl\":\"https:\/\/mr-mass.com\/wp-content\/uploads\/2025\/06\/cropped-417524477_413976367821865_6357673664813295189_n-removebg-preview.png\",\"width\":500,\"height\":436,\"caption\":\"MR MASS\"},\"image\":{\"@id\":\"https:\/\/mr-mass.com\/#\/schema\/logo\/image\/\"}}]}<\/script>\n<!-- \/ Yoast SEO plugin. -->","yoast_head_json":{"title":"ONE A DAY 100 TABLETS - MR MASS","description":"Boostez votre \u00e9nergie et votre immunit\u00e9 avec One-A-Day BioTechUSA, une multivitamine compl\u00e8te avec 12 vitamines et 10 min\u00e9raux essentiels. Vitalit\u00e9, performance et bien-\u00eatre garantis !","robots":{"index":"index","follow":"follow","max-snippet":"max-snippet:-1","max-image-preview":"max-image-preview:large","max-video-preview":"max-video-preview:-1"},"canonical":"https:\/\/mr-mass.com\/?product=one-a-day-100-tablets","og_locale":"fr_FR","og_type":"article","og_title":"ONE A DAY 100 TABLETS - MR MASS","og_description":"Boostez votre \u00e9nergie et votre immunit\u00e9 avec One-A-Day BioTechUSA, une multivitamine compl\u00e8te avec 12 vitamines et 10 min\u00e9raux essentiels. Vitalit\u00e9, performance et bien-\u00eatre garantis !","og_url":"https:\/\/mr-mass.com\/?product=one-a-day-100-tablets","og_site_name":"MR MASS","og_image":[{"width":500,"height":500,"url":"https:\/\/mr-mass.com\/wp-content\/uploads\/2025\/11\/oneaday.webp-6903d8eb20da9-e1762176357299.webp","type":"image\/webp"}],"twitter_card":"summary_large_image","twitter_misc":{"Dur\u00e9e de lecture estim\u00e9e":"2 minutes"},"schema":{"@context":"https:\/\/schema.org","@graph":[{"@type":"WebPage","@id":"https:\/\/mr-mass.com\/?product=one-a-day-100-tablets","url":"https:\/\/mr-mass.com\/?product=one-a-day-100-tablets","name":"ONE A DAY 100 TABLETS - MR MASS","isPartOf":{"@id":"https:\/\/mr-mass.com\/#website"},"primaryImageOfPage":{"@id":"https:\/\/mr-mass.com\/?product=one-a-day-100-tablets#primaryimage"},"image":{"@id":"https:\/\/mr-mass.com\/?product=one-a-day-100-tablets#primaryimage"},"thumbnailUrl":"https:\/\/mr-mass.com\/wp-content\/uploads\/2025\/11\/oneaday.webp-6903d8eb20da9-e1762176357299.webp","datePublished":"2025-11-03T13:28:29+00:00","description":"Boostez votre \u00e9nergie et votre immunit\u00e9 avec One-A-Day BioTechUSA, une multivitamine compl\u00e8te avec 12 vitamines et 10 min\u00e9raux essentiels. Vitalit\u00e9, performance et bien-\u00eatre garantis !","breadcrumb":{"@id":"https:\/\/mr-mass.com\/?product=one-a-day-100-tablets#breadcrumb"},"inLanguage":"fr-FR","potentialAction":[{"@type":"ReadAction","target":["https:\/\/mr-mass.com\/?product=one-a-day-100-tablets"]}]},{"@type":"ImageObject","inLanguage":"fr-FR","@id":"https:\/\/mr-mass.com\/?product=one-a-day-100-tablets#primaryimage","url":"https:\/\/mr-mass.com\/wp-content\/uploads\/2025\/11\/oneaday.webp-6903d8eb20da9-e1762176357299.webp","contentUrl":"https:\/\/mr-mass.com\/wp-content\/uploads\/2025\/11\/oneaday.webp-6903d8eb20da9-e1762176357299.webp","width":500,"height":500},{"@type":"BreadcrumbList","@id":"https:\/\/mr-mass.com\/?product=one-a-day-100-tablets#breadcrumb","itemListElement":[{"@type":"ListItem","position":1,"name":"Home","item":"https:\/\/mr-mass.com\/"},{"@type":"ListItem","position":2,"name":"Boutique","item":"https:\/\/mr-mass.com\/?page_id=8"},{"@type":"ListItem","position":3,"name":"ONE A DAY 100 TABLETS"}]},{"@type":"WebSite","@id":"https:\/\/mr-mass.com\/#website","url":"https:\/\/mr-mass.com\/","name":"MR MASS","description":"","publisher":{"@id":"https:\/\/mr-mass.com\/#organization"},"potentialAction":[{"@type":"SearchAction","target":{"@type":"EntryPoint","urlTemplate":"https:\/\/mr-mass.com\/?s={search_term_string}"},"query-input":{"@type":"PropertyValueSpecification","valueRequired":true,"valueName":"search_term_string"}}],"inLanguage":"fr-FR"},{"@type":"Organization","@id":"https:\/\/mr-mass.com\/#organization","name":"MR MASS","url":"https:\/\/mr-mass.com\/","logo":{"@type":"ImageObject","inLanguage":"fr-FR","@id":"https:\/\/mr-mass.com\/#\/schema\/logo\/image\/","url":"https:\/\/mr-mass.com\/wp-content\/uploads\/2025\/06\/cropped-417524477_413976367821865_6357673664813295189_n-removebg-preview.png","contentUrl":"https:\/\/mr-mass.com\/wp-content\/uploads\/2025\/06\/cropped-417524477_413976367821865_6357673664813295189_n-removebg-preview.png","width":500,"height":436,"caption":"MR MASS"},"image":{"@id":"https:\/\/mr-mass.com\/#\/schema\/logo\/image\/"}}]}},"jetpack_sharing_enabled":true,"_links":{"self":[{"href":"https:\/\/mr-mass.com\/index.php?rest_route=\/wp\/v2\/product\/7043","targetHints":{"allow":["GET"]}}],"collection":[{"href":"https:\/\/mr-mass.com\/index.php?rest_route=\/wp\/v2\/product"}],"about":[{"href":"https:\/\/mr-mass.com\/index.php?rest_route=\/wp\/v2\/types\/product"}],"replies":[{"embeddable":true,"href":"https:\/\/mr-mass.com\/index.php?rest_route=%2Fwp%2Fv2%2Fcomments&post=7043"}],"wp:featuredmedia":[{"embeddable":true,"href":"https:\/\/mr-mass.com\/index.php?rest_route=\/wp\/v2\/media\/7044"}],"wp:attachment":[{"href":"https:\/\/mr-mass.com\/index.php?rest_route=%2Fwp%2Fv2%2Fmedia&parent=7043"}],"wp:term":[{"taxonomy":"product_cat","embeddable":true,"href":"https:\/\/mr-mass.com\/index.php?rest_route=%2Fwp%2Fv2%2Fproduct_cat&post=7043"},{"taxonomy":"product_tag","embeddable":true,"href":"https:\/\/mr-mass.com\/index.php?rest_route=%2Fwp%2Fv2%2Fproduct_tag&post=7043"}],"curies":[{"name":"wp","href":"https:\/\/api.w.org\/{rel}","templated":true}]}}