{"id":7051,"date":"2025-11-14T18:01:55","date_gmt":"2025-11-14T17:01:55","guid":{"rendered":"https:\/\/mr-mass.com\/?post_type=product&#038;p=7051"},"modified":"2025-11-14T18:01:56","modified_gmt":"2025-11-14T17:01:56","slug":"omega-3-300-capsules-sea-treasures","status":"publish","type":"product","link":"https:\/\/mr-mass.com\/?product=omega-3-300-capsules-sea-treasures","title":{"rendered":"OMEGA-3 300 CAPSULES SEA TREASURES"},"content":{"rendered":"<p>\ud83d\udc1f\u00a0<strong data-start=\"175\" data-end=\"232\">Sea Treasures Omega 3 Fish Oil 1000 mg \u2013 300 Capsules<br \/>\n<\/strong>\ud83d\udc99 Soutenez naturellement votre c\u0153ur, votre cerveau et vos articulations<\/p>\n<p data-start=\"312\" data-end=\"669\">Le\u00a0<strong data-start=\"315\" data-end=\"357\">Sea Treasures Omega 3 Fish Oil 1000 mg<\/strong>\u00a0est une source pure et concentr\u00e9e en\u00a0<strong data-start=\"395\" data-end=\"432\">acides gras essentiels EPA et DHA<\/strong>, connus pour leurs\u00a0<strong data-start=\"452\" data-end=\"502\">bienfaits sur le c\u0153ur, le cerveau et la vision<\/strong>. Chaque capsule apporte\u00a0<strong data-start=\"527\" data-end=\"574\">1000 mg d\u2019huile de poisson de haute qualit\u00e9<\/strong>, assurant un apport r\u00e9gulier en om\u00e9ga-3, indispensable au bon fonctionnement de l\u2019organisme.<\/p>\n<p data-start=\"671\" data-end=\"828\">Gr\u00e2ce \u00e0 son\u00a0<strong data-start=\"683\" data-end=\"718\">format g\u00e9n\u00e9reux de 300 capsules<\/strong>, ce compl\u00e9ment vous accompagne sur la dur\u00e9e pour un bien-\u00eatre optimal et un \u00e9quilibre nutritionnel complet.<\/p>\n","protected":false},"excerpt":{"rendered":"<p>\ud83d\udc1f\u00a0<strong data-start=\"175\" data-end=\"232\">Sea Treasures Omega 3 Fish Oil 1000 mg \u2013 300 Capsules<br \/>\n<\/strong>\ud83d\udc99 Soutenez naturellement votre c\u0153ur, votre cerveau et vos articulations<\/p>\n<p data-start=\"312\" data-end=\"669\">Le\u00a0<strong data-start=\"315\" data-end=\"357\">Sea Treasures Omega 3 Fish Oil 1000 mg<\/strong>\u00a0est une source pure et concentr\u00e9e en\u00a0<strong data-start=\"395\" data-end=\"432\">acides gras essentiels EPA et DHA<\/strong>, connus pour leurs\u00a0<strong data-start=\"452\" data-end=\"502\">bienfaits sur le c\u0153ur, le cerveau et la vision<\/strong>. Chaque capsule apporte\u00a0<strong data-start=\"527\" data-end=\"574\">1000 mg d\u2019huile de poisson de haute qualit\u00e9<\/strong>, assurant un apport r\u00e9gulier en om\u00e9ga-3, indispensable au bon fonctionnement de l\u2019organisme.<\/p>\n<p data-start=\"671\" data-end=\"828\">Gr\u00e2ce \u00e0 son\u00a0<strong data-start=\"683\" data-end=\"718\">format g\u00e9n\u00e9reux de 300 capsules<\/strong>, ce compl\u00e9ment vous accompagne sur la dur\u00e9e pour un bien-\u00eatre optimal et un \u00e9quilibre nutritionnel complet.<\/p>\n","protected":false},"featured_media":7052,"comment_status":"open","ping_status":"closed","template":"","meta":[],"product_cat":[70],"product_tag":[],"class_list":{"0":"post-7051","1":"product","2":"type-product","3":"status-publish","4":"has-post-thumbnail","6":"product_brand-sea-treasures","7":"product_cat-omega-3","9":"first","10":"instock","11":"sale","12":"shipping-taxable","13":"purchasable","14":"product-type-simple"},"yoast_head":"<!-- This site is optimized with the Yoast SEO plugin v25.2 - https:\/\/yoast.com\/wordpress\/plugins\/seo\/ -->\n<title>OMEGA-3 300 CAPSULES SEA TREASURES - MR MASS<\/title>\n<meta name=\"description\" content=\"\ud83d\udc1f Sea Treasures Omega 3 Fish Oil 1000 mg \u2013 300 Capsules\ud83d\udc99 Soutenez naturellement votre c\u0153ur, votre cerveau et vos articulationsLe Sea Treasures Omega 3 Fish Oil 1000 mg est une source pure et concentr\u00e9e en acides gras essentiels EPA et DHA, connus pour leurs bienfaits sur le c\u0153ur, le cerveau et la vision. Chaque capsule apporte 1000 mg d\u2019huile de poisson de haute qualit\u00e9, assurant un apport r\u00e9gulier en om\u00e9ga-3, indispensable au bon fonctionnement de l\u2019organisme.Gr\u00e2ce \u00e0 son format g\u00e9n\u00e9reux de 300 capsules, ce compl\u00e9ment vous accompagne sur la dur\u00e9e pour un bien-\u00eatre optimal et un \u00e9quilibre nutritionnel complet.\" \/>\n<meta name=\"robots\" content=\"index, follow, max-snippet:-1, max-image-preview:large, max-video-preview:-1\" \/>\n<link rel=\"canonical\" href=\"https:\/\/mr-mass.com\/?product=omega-3-300-capsules-sea-treasures\" \/>\n<meta property=\"og:locale\" content=\"fr_FR\" \/>\n<meta property=\"og:type\" content=\"article\" \/>\n<meta property=\"og:title\" content=\"OMEGA-3 300 CAPSULES SEA TREASURES - MR MASS\" \/>\n<meta property=\"og:description\" content=\"\ud83d\udc1f Sea Treasures Omega 3 Fish Oil 1000 mg \u2013 300 Capsules\ud83d\udc99 Soutenez naturellement votre c\u0153ur, votre cerveau et vos articulationsLe Sea Treasures Omega 3 Fish Oil 1000 mg est une source pure et concentr\u00e9e en acides gras essentiels EPA et DHA, connus pour leurs bienfaits sur le c\u0153ur, le cerveau et la vision. Chaque capsule apporte 1000 mg d\u2019huile de poisson de haute qualit\u00e9, assurant un apport r\u00e9gulier en om\u00e9ga-3, indispensable au bon fonctionnement de l\u2019organisme.Gr\u00e2ce \u00e0 son format g\u00e9n\u00e9reux de 300 capsules, ce compl\u00e9ment vous accompagne sur la dur\u00e9e pour un bien-\u00eatre optimal et un \u00e9quilibre nutritionnel complet.\" \/>\n<meta property=\"og:url\" content=\"https:\/\/mr-mass.com\/?product=omega-3-300-capsules-sea-treasures\" \/>\n<meta property=\"og:site_name\" content=\"MR MASS\" \/>\n<meta property=\"article:modified_time\" content=\"2025-11-14T17:01:56+00:00\" \/>\n<meta property=\"og:image\" content=\"https:\/\/mr-mass.com\/wp-content\/uploads\/2025\/11\/Sans.webp-690a77b7ea3ae-e1763139704652.webp\" \/>\n\t<meta property=\"og:image:width\" content=\"500\" \/>\n\t<meta property=\"og:image:height\" content=\"500\" \/>\n\t<meta property=\"og:image:type\" content=\"image\/webp\" \/>\n<meta name=\"twitter:card\" content=\"summary_large_image\" \/>\n<meta name=\"twitter:label1\" content=\"Dur\u00e9e de lecture estim\u00e9e\" \/>\n\t<meta name=\"twitter:data1\" content=\"1 minute\" \/>\n<script type=\"application\/ld+json\" class=\"yoast-schema-graph\">{\"@context\":\"https:\/\/schema.org\",\"@graph\":[{\"@type\":\"WebPage\",\"@id\":\"https:\/\/mr-mass.com\/?product=omega-3-300-capsules-sea-treasures\",\"url\":\"https:\/\/mr-mass.com\/?product=omega-3-300-capsules-sea-treasures\",\"name\":\"OMEGA-3 300 CAPSULES SEA TREASURES - MR MASS\",\"isPartOf\":{\"@id\":\"https:\/\/mr-mass.com\/#website\"},\"primaryImageOfPage\":{\"@id\":\"https:\/\/mr-mass.com\/?product=omega-3-300-capsules-sea-treasures#primaryimage\"},\"image\":{\"@id\":\"https:\/\/mr-mass.com\/?product=omega-3-300-capsules-sea-treasures#primaryimage\"},\"thumbnailUrl\":\"https:\/\/mr-mass.com\/wp-content\/uploads\/2025\/11\/Sans.webp-690a77b7ea3ae-e1763139704652.webp\",\"datePublished\":\"2025-11-14T17:01:55+00:00\",\"dateModified\":\"2025-11-14T17:01:56+00:00\",\"description\":\"\ud83d\udc1f Sea Treasures Omega 3 Fish Oil 1000 mg \u2013 300 Capsules\ud83d\udc99 Soutenez naturellement votre c\u0153ur, votre cerveau et vos articulationsLe Sea Treasures Omega 3 Fish Oil 1000 mg est une source pure et concentr\u00e9e en acides gras essentiels EPA et DHA, connus pour leurs bienfaits sur le c\u0153ur, le cerveau et la vision. Chaque capsule apporte 1000 mg d\u2019huile de poisson de haute qualit\u00e9, assurant un apport r\u00e9gulier en om\u00e9ga-3, indispensable au bon fonctionnement de l\u2019organisme.Gr\u00e2ce \u00e0 son format g\u00e9n\u00e9reux de 300 capsules, ce compl\u00e9ment vous accompagne sur la dur\u00e9e pour un bien-\u00eatre optimal et un \u00e9quilibre nutritionnel complet.\",\"breadcrumb\":{\"@id\":\"https:\/\/mr-mass.com\/?product=omega-3-300-capsules-sea-treasures#breadcrumb\"},\"inLanguage\":\"fr-FR\",\"potentialAction\":[{\"@type\":\"ReadAction\",\"target\":[\"https:\/\/mr-mass.com\/?product=omega-3-300-capsules-sea-treasures\"]}]},{\"@type\":\"ImageObject\",\"inLanguage\":\"fr-FR\",\"@id\":\"https:\/\/mr-mass.com\/?product=omega-3-300-capsules-sea-treasures#primaryimage\",\"url\":\"https:\/\/mr-mass.com\/wp-content\/uploads\/2025\/11\/Sans.webp-690a77b7ea3ae-e1763139704652.webp\",\"contentUrl\":\"https:\/\/mr-mass.com\/wp-content\/uploads\/2025\/11\/Sans.webp-690a77b7ea3ae-e1763139704652.webp\",\"width\":500,\"height\":500},{\"@type\":\"BreadcrumbList\",\"@id\":\"https:\/\/mr-mass.com\/?product=omega-3-300-capsules-sea-treasures#breadcrumb\",\"itemListElement\":[{\"@type\":\"ListItem\",\"position\":1,\"name\":\"Home\",\"item\":\"https:\/\/mr-mass.com\/\"},{\"@type\":\"ListItem\",\"position\":2,\"name\":\"Boutique\",\"item\":\"https:\/\/mr-mass.com\/?page_id=8\"},{\"@type\":\"ListItem\",\"position\":3,\"name\":\"OMEGA-3 300 CAPSULES SEA TREASURES\"}]},{\"@type\":\"WebSite\",\"@id\":\"https:\/\/mr-mass.com\/#website\",\"url\":\"https:\/\/mr-mass.com\/\",\"name\":\"MR MASS\",\"description\":\"\",\"publisher\":{\"@id\":\"https:\/\/mr-mass.com\/#organization\"},\"potentialAction\":[{\"@type\":\"SearchAction\",\"target\":{\"@type\":\"EntryPoint\",\"urlTemplate\":\"https:\/\/mr-mass.com\/?s={search_term_string}\"},\"query-input\":{\"@type\":\"PropertyValueSpecification\",\"valueRequired\":true,\"valueName\":\"search_term_string\"}}],\"inLanguage\":\"fr-FR\"},{\"@type\":\"Organization\",\"@id\":\"https:\/\/mr-mass.com\/#organization\",\"name\":\"MR MASS\",\"url\":\"https:\/\/mr-mass.com\/\",\"logo\":{\"@type\":\"ImageObject\",\"inLanguage\":\"fr-FR\",\"@id\":\"https:\/\/mr-mass.com\/#\/schema\/logo\/image\/\",\"url\":\"https:\/\/mr-mass.com\/wp-content\/uploads\/2025\/06\/cropped-417524477_413976367821865_6357673664813295189_n-removebg-preview.png\",\"contentUrl\":\"https:\/\/mr-mass.com\/wp-content\/uploads\/2025\/06\/cropped-417524477_413976367821865_6357673664813295189_n-removebg-preview.png\",\"width\":500,\"height\":436,\"caption\":\"MR MASS\"},\"image\":{\"@id\":\"https:\/\/mr-mass.com\/#\/schema\/logo\/image\/\"}}]}<\/script>\n<!-- \/ Yoast SEO plugin. -->","yoast_head_json":{"title":"OMEGA-3 300 CAPSULES SEA TREASURES - MR MASS","description":"\ud83d\udc1f Sea Treasures Omega 3 Fish Oil 1000 mg \u2013 300 Capsules\ud83d\udc99 Soutenez naturellement votre c\u0153ur, votre cerveau et vos articulationsLe Sea Treasures Omega 3 Fish Oil 1000 mg est une source pure et concentr\u00e9e en acides gras essentiels EPA et DHA, connus pour leurs bienfaits sur le c\u0153ur, le cerveau et la vision. Chaque capsule apporte 1000 mg d\u2019huile de poisson de haute qualit\u00e9, assurant un apport r\u00e9gulier en om\u00e9ga-3, indispensable au bon fonctionnement de l\u2019organisme.Gr\u00e2ce \u00e0 son format g\u00e9n\u00e9reux de 300 capsules, ce compl\u00e9ment vous accompagne sur la dur\u00e9e pour un bien-\u00eatre optimal et un \u00e9quilibre nutritionnel complet.","robots":{"index":"index","follow":"follow","max-snippet":"max-snippet:-1","max-image-preview":"max-image-preview:large","max-video-preview":"max-video-preview:-1"},"canonical":"https:\/\/mr-mass.com\/?product=omega-3-300-capsules-sea-treasures","og_locale":"fr_FR","og_type":"article","og_title":"OMEGA-3 300 CAPSULES SEA TREASURES - MR MASS","og_description":"\ud83d\udc1f Sea Treasures Omega 3 Fish Oil 1000 mg \u2013 300 Capsules\ud83d\udc99 Soutenez naturellement votre c\u0153ur, votre cerveau et vos articulationsLe Sea Treasures Omega 3 Fish Oil 1000 mg est une source pure et concentr\u00e9e en acides gras essentiels EPA et DHA, connus pour leurs bienfaits sur le c\u0153ur, le cerveau et la vision. Chaque capsule apporte 1000 mg d\u2019huile de poisson de haute qualit\u00e9, assurant un apport r\u00e9gulier en om\u00e9ga-3, indispensable au bon fonctionnement de l\u2019organisme.Gr\u00e2ce \u00e0 son format g\u00e9n\u00e9reux de 300 capsules, ce compl\u00e9ment vous accompagne sur la dur\u00e9e pour un bien-\u00eatre optimal et un \u00e9quilibre nutritionnel complet.","og_url":"https:\/\/mr-mass.com\/?product=omega-3-300-capsules-sea-treasures","og_site_name":"MR MASS","article_modified_time":"2025-11-14T17:01:56+00:00","og_image":[{"width":500,"height":500,"url":"https:\/\/mr-mass.com\/wp-content\/uploads\/2025\/11\/Sans.webp-690a77b7ea3ae-e1763139704652.webp","type":"image\/webp"}],"twitter_card":"summary_large_image","twitter_misc":{"Dur\u00e9e de lecture estim\u00e9e":"1 minute"},"schema":{"@context":"https:\/\/schema.org","@graph":[{"@type":"WebPage","@id":"https:\/\/mr-mass.com\/?product=omega-3-300-capsules-sea-treasures","url":"https:\/\/mr-mass.com\/?product=omega-3-300-capsules-sea-treasures","name":"OMEGA-3 300 CAPSULES SEA TREASURES - MR MASS","isPartOf":{"@id":"https:\/\/mr-mass.com\/#website"},"primaryImageOfPage":{"@id":"https:\/\/mr-mass.com\/?product=omega-3-300-capsules-sea-treasures#primaryimage"},"image":{"@id":"https:\/\/mr-mass.com\/?product=omega-3-300-capsules-sea-treasures#primaryimage"},"thumbnailUrl":"https:\/\/mr-mass.com\/wp-content\/uploads\/2025\/11\/Sans.webp-690a77b7ea3ae-e1763139704652.webp","datePublished":"2025-11-14T17:01:55+00:00","dateModified":"2025-11-14T17:01:56+00:00","description":"\ud83d\udc1f Sea Treasures Omega 3 Fish Oil 1000 mg \u2013 300 Capsules\ud83d\udc99 Soutenez naturellement votre c\u0153ur, votre cerveau et vos articulationsLe Sea Treasures Omega 3 Fish Oil 1000 mg est une source pure et concentr\u00e9e en acides gras essentiels EPA et DHA, connus pour leurs bienfaits sur le c\u0153ur, le cerveau et la vision. Chaque capsule apporte 1000 mg d\u2019huile de poisson de haute qualit\u00e9, assurant un apport r\u00e9gulier en om\u00e9ga-3, indispensable au bon fonctionnement de l\u2019organisme.Gr\u00e2ce \u00e0 son format g\u00e9n\u00e9reux de 300 capsules, ce compl\u00e9ment vous accompagne sur la dur\u00e9e pour un bien-\u00eatre optimal et un \u00e9quilibre nutritionnel complet.","breadcrumb":{"@id":"https:\/\/mr-mass.com\/?product=omega-3-300-capsules-sea-treasures#breadcrumb"},"inLanguage":"fr-FR","potentialAction":[{"@type":"ReadAction","target":["https:\/\/mr-mass.com\/?product=omega-3-300-capsules-sea-treasures"]}]},{"@type":"ImageObject","inLanguage":"fr-FR","@id":"https:\/\/mr-mass.com\/?product=omega-3-300-capsules-sea-treasures#primaryimage","url":"https:\/\/mr-mass.com\/wp-content\/uploads\/2025\/11\/Sans.webp-690a77b7ea3ae-e1763139704652.webp","contentUrl":"https:\/\/mr-mass.com\/wp-content\/uploads\/2025\/11\/Sans.webp-690a77b7ea3ae-e1763139704652.webp","width":500,"height":500},{"@type":"BreadcrumbList","@id":"https:\/\/mr-mass.com\/?product=omega-3-300-capsules-sea-treasures#breadcrumb","itemListElement":[{"@type":"ListItem","position":1,"name":"Home","item":"https:\/\/mr-mass.com\/"},{"@type":"ListItem","position":2,"name":"Boutique","item":"https:\/\/mr-mass.com\/?page_id=8"},{"@type":"ListItem","position":3,"name":"OMEGA-3 300 CAPSULES SEA TREASURES"}]},{"@type":"WebSite","@id":"https:\/\/mr-mass.com\/#website","url":"https:\/\/mr-mass.com\/","name":"MR MASS","description":"","publisher":{"@id":"https:\/\/mr-mass.com\/#organization"},"potentialAction":[{"@type":"SearchAction","target":{"@type":"EntryPoint","urlTemplate":"https:\/\/mr-mass.com\/?s={search_term_string}"},"query-input":{"@type":"PropertyValueSpecification","valueRequired":true,"valueName":"search_term_string"}}],"inLanguage":"fr-FR"},{"@type":"Organization","@id":"https:\/\/mr-mass.com\/#organization","name":"MR MASS","url":"https:\/\/mr-mass.com\/","logo":{"@type":"ImageObject","inLanguage":"fr-FR","@id":"https:\/\/mr-mass.com\/#\/schema\/logo\/image\/","url":"https:\/\/mr-mass.com\/wp-content\/uploads\/2025\/06\/cropped-417524477_413976367821865_6357673664813295189_n-removebg-preview.png","contentUrl":"https:\/\/mr-mass.com\/wp-content\/uploads\/2025\/06\/cropped-417524477_413976367821865_6357673664813295189_n-removebg-preview.png","width":500,"height":436,"caption":"MR MASS"},"image":{"@id":"https:\/\/mr-mass.com\/#\/schema\/logo\/image\/"}}]}},"jetpack_sharing_enabled":true,"_links":{"self":[{"href":"https:\/\/mr-mass.com\/index.php?rest_route=\/wp\/v2\/product\/7051","targetHints":{"allow":["GET"]}}],"collection":[{"href":"https:\/\/mr-mass.com\/index.php?rest_route=\/wp\/v2\/product"}],"about":[{"href":"https:\/\/mr-mass.com\/index.php?rest_route=\/wp\/v2\/types\/product"}],"replies":[{"embeddable":true,"href":"https:\/\/mr-mass.com\/index.php?rest_route=%2Fwp%2Fv2%2Fcomments&post=7051"}],"wp:featuredmedia":[{"embeddable":true,"href":"https:\/\/mr-mass.com\/index.php?rest_route=\/wp\/v2\/media\/7052"}],"wp:attachment":[{"href":"https:\/\/mr-mass.com\/index.php?rest_route=%2Fwp%2Fv2%2Fmedia&parent=7051"}],"wp:term":[{"taxonomy":"product_cat","embeddable":true,"href":"https:\/\/mr-mass.com\/index.php?rest_route=%2Fwp%2Fv2%2Fproduct_cat&post=7051"},{"taxonomy":"product_tag","embeddable":true,"href":"https:\/\/mr-mass.com\/index.php?rest_route=%2Fwp%2Fv2%2Fproduct_tag&post=7051"}],"curies":[{"name":"wp","href":"https:\/\/api.w.org\/{rel}","templated":true}]}}