{"id":7059,"date":"2025-11-19T14:22:53","date_gmt":"2025-11-19T13:22:53","guid":{"rendered":"https:\/\/mr-mass.com\/?post_type=product&#038;p=7059"},"modified":"2025-11-19T14:22:53","modified_gmt":"2025-11-19T13:22:53","slug":"hard-mass-3kg","status":"publish","type":"product","link":"https:\/\/mr-mass.com\/?product=hard-mass-3kg","title":{"rendered":"HARD MASS 3KG"},"content":{"rendered":"<p>\ud83d\udc3a\u00a0<strong data-start=\"140\" data-end=\"175\">AMERICAN WOLF \u2013 HARD MASS | 3KG<br \/>\n<\/strong>\ud83d\udcaa Prise de masse extr\u00eame et croissance musculaire explosive<\/p>\n<p data-start=\"246\" data-end=\"649\"><strong data-start=\"246\" data-end=\"267\">Hard Mass Protein<\/strong>\u00a0d\u2019<strong data-start=\"270\" data-end=\"287\">American Wolf<\/strong>\u00a0est une formule ultra-compl\u00e8te con\u00e7ue pour stimuler une\u00a0<strong data-start=\"344\" data-end=\"379\">prise de masse rapide et solide<\/strong>. Riche en\u00a0<strong data-start=\"390\" data-end=\"420\">prot\u00e9ines de haute qualit\u00e9<\/strong>, en\u00a0<strong data-start=\"425\" data-end=\"433\">BCAA<\/strong>, en\u00a0<strong data-start=\"438\" data-end=\"453\">L-Glutamine<\/strong>\u00a0et en\u00a0<strong data-start=\"460\" data-end=\"483\">glucides \u00e9quilibr\u00e9s<\/strong>, elle fournit \u00e0 ton corps l\u2019\u00e9nergie et les nutriments essentiels pour\u00a0<strong data-start=\"554\" data-end=\"592\">favoriser la croissance musculaire<\/strong>\u00a0et\u00a0<strong data-start=\"596\" data-end=\"625\">acc\u00e9l\u00e9rer la r\u00e9cup\u00e9ration<\/strong>\u00a0apr\u00e8s l\u2019entra\u00eenement.<\/p>\n<p data-start=\"651\" data-end=\"677\">Chaque portion apporte :<\/p>\n<ul data-start=\"678\" data-end=\"972\">\n<li data-start=\"678\" data-end=\"743\">\n<p data-start=\"680\" data-end=\"743\">\u26a1\u00a0<strong data-start=\"682\" data-end=\"704\">100 g de prot\u00e9ines<\/strong>\u00a0pour nourrir intens\u00e9ment les muscles<\/p>\n<\/li>\n<li data-start=\"744\" data-end=\"823\">\n<p data-start=\"746\" data-end=\"823\">\ud83d\udca5\u00a0<strong data-start=\"749\" data-end=\"765\">20 g de BCAA<\/strong>\u00a0pour favoriser la r\u00e9cup\u00e9ration et la synth\u00e8se prot\u00e9ique<\/p>\n<\/li>\n<li data-start=\"824\" data-end=\"898\">\n<p data-start=\"826\" data-end=\"898\">\ud83d\udd25\u00a0<strong data-start=\"829\" data-end=\"854\">14,2 g de L-Glutamine<\/strong>\u00a0pour une r\u00e9g\u00e9n\u00e9ration musculaire optimale<\/p>\n<\/li>\n<li data-start=\"899\" data-end=\"972\">\n<p data-start=\"901\" data-end=\"972\">\ud83c\udf6a\u00a0<strong data-start=\"904\" data-end=\"918\">1 848 kcal<\/strong>\u00a0pour soutenir une prise de masse rapide et efficace<\/p>\n<\/li>\n<\/ul>\n<p data-start=\"974\" data-end=\"1144\">Gr\u00e2ce \u00e0 sa texture onctueuse et son go\u00fbt d\u00e9licieux,\u00a0<strong data-start=\"1026\" data-end=\"1039\">Hard Mass<\/strong>\u00a0est le gainer id\u00e9al pour tous ceux qui veulent\u00a0<strong data-start=\"1087\" data-end=\"1141\">prendre du volume, de la force et des performances<\/strong>.<\/p>\n<hr data-start=\"1146\" data-end=\"1149\" \/>\n<p>\ud83d\udca1\u00a0<strong data-start=\"1158\" data-end=\"1186\">Conseils d\u2019utilisation :<\/strong><\/p>\n<p data-start=\"1189\" data-end=\"1360\">M\u00e9langer\u00a0<strong data-start=\"1198\" data-end=\"1224\">1 dose (environ 150 g)<\/strong>\u00a0avec\u00a0<strong data-start=\"1230\" data-end=\"1263\">400 \u00e0 500 ml d\u2019eau ou de lait<\/strong>. \u00c0 consommer apr\u00e8s l\u2019entra\u00eenement et entre les repas pour maximiser les apports nutritionnels.<\/p>\n<hr data-start=\"1362\" data-end=\"1365\" \/>\n<p>\u26a0\ufe0f\u00a0<strong data-start=\"1374\" data-end=\"1391\">Pr\u00e9cautions :<\/strong><\/p>\n<p data-start=\"1394\" data-end=\"1545\">\u00c0 consommer dans le cadre d\u2019une alimentation \u00e9quilibr\u00e9e.<br data-start=\"1450\" data-end=\"1453\" \/>Ne pas d\u00e9passer la dose journali\u00e8re recommand\u00e9e.<br data-start=\"1501\" data-end=\"1504\" \/>Conserver dans un endroit frais et sec.<\/p>\n","protected":false},"excerpt":{"rendered":"<p>Hard Mass American Wolf : 100 g prot\u00e9ines, 20 g BCAA, 14.2 g glutamine, 1848 kcal \u2013 prise de masse rapide, force et r\u00e9cup\u00e9ration maximale.<\/p>\n","protected":false},"featured_media":7060,"comment_status":"open","ping_status":"closed","template":"","meta":[],"product_cat":[59],"product_tag":[],"class_list":{"0":"post-7059","1":"product","2":"type-product","3":"status-publish","4":"has-post-thumbnail","6":"product_brand-americain-wolf","7":"product_cat-weight-gainers","9":"first","10":"instock","11":"sale","12":"shipping-taxable","13":"purchasable","14":"product-type-simple"},"yoast_head":"<!-- This site is optimized with the Yoast SEO plugin v25.2 - https:\/\/yoast.com\/wordpress\/plugins\/seo\/ -->\n<title>HARD MASS 3KG - MR MASS<\/title>\n<meta name=\"description\" content=\"Hard Mass American Wolf : 100 g prot\u00e9ines, 20 g BCAA, 14.2 g glutamine, 1848 kcal \u2013 prise de masse rapide, force et r\u00e9cup\u00e9ration maximale.\" \/>\n<meta name=\"robots\" content=\"index, follow, max-snippet:-1, max-image-preview:large, max-video-preview:-1\" \/>\n<link rel=\"canonical\" href=\"https:\/\/mr-mass.com\/?product=hard-mass-3kg\" \/>\n<meta property=\"og:locale\" content=\"fr_FR\" \/>\n<meta property=\"og:type\" content=\"article\" \/>\n<meta property=\"og:title\" content=\"HARD MASS 3KG - MR MASS\" \/>\n<meta property=\"og:description\" content=\"Hard Mass American Wolf : 100 g prot\u00e9ines, 20 g BCAA, 14.2 g glutamine, 1848 kcal \u2013 prise de masse rapide, force et r\u00e9cup\u00e9ration maximale.\" \/>\n<meta property=\"og:url\" content=\"https:\/\/mr-mass.com\/?product=hard-mass-3kg\" \/>\n<meta property=\"og:site_name\" content=\"MR MASS\" \/>\n<meta property=\"og:image\" content=\"https:\/\/mr-mass.com\/wp-content\/uploads\/2025\/11\/vanille.webp-690a7105388e9-e1763558427379.webp\" \/>\n\t<meta property=\"og:image:width\" content=\"500\" \/>\n\t<meta property=\"og:image:height\" content=\"500\" \/>\n\t<meta property=\"og:image:type\" content=\"image\/webp\" \/>\n<meta name=\"twitter:card\" content=\"summary_large_image\" \/>\n<meta name=\"twitter:label1\" content=\"Dur\u00e9e de lecture estim\u00e9e\" \/>\n\t<meta name=\"twitter:data1\" content=\"2 minutes\" \/>\n<script type=\"application\/ld+json\" class=\"yoast-schema-graph\">{\"@context\":\"https:\/\/schema.org\",\"@graph\":[{\"@type\":\"WebPage\",\"@id\":\"https:\/\/mr-mass.com\/?product=hard-mass-3kg\",\"url\":\"https:\/\/mr-mass.com\/?product=hard-mass-3kg\",\"name\":\"HARD MASS 3KG - MR MASS\",\"isPartOf\":{\"@id\":\"https:\/\/mr-mass.com\/#website\"},\"primaryImageOfPage\":{\"@id\":\"https:\/\/mr-mass.com\/?product=hard-mass-3kg#primaryimage\"},\"image\":{\"@id\":\"https:\/\/mr-mass.com\/?product=hard-mass-3kg#primaryimage\"},\"thumbnailUrl\":\"https:\/\/mr-mass.com\/wp-content\/uploads\/2025\/11\/vanille.webp-690a7105388e9-e1763558427379.webp\",\"datePublished\":\"2025-11-19T13:22:53+00:00\",\"description\":\"Hard Mass American Wolf : 100 g prot\u00e9ines, 20 g BCAA, 14.2 g glutamine, 1848 kcal \u2013 prise de masse rapide, force et r\u00e9cup\u00e9ration maximale.\",\"breadcrumb\":{\"@id\":\"https:\/\/mr-mass.com\/?product=hard-mass-3kg#breadcrumb\"},\"inLanguage\":\"fr-FR\",\"potentialAction\":[{\"@type\":\"ReadAction\",\"target\":[\"https:\/\/mr-mass.com\/?product=hard-mass-3kg\"]}]},{\"@type\":\"ImageObject\",\"inLanguage\":\"fr-FR\",\"@id\":\"https:\/\/mr-mass.com\/?product=hard-mass-3kg#primaryimage\",\"url\":\"https:\/\/mr-mass.com\/wp-content\/uploads\/2025\/11\/vanille.webp-690a7105388e9-e1763558427379.webp\",\"contentUrl\":\"https:\/\/mr-mass.com\/wp-content\/uploads\/2025\/11\/vanille.webp-690a7105388e9-e1763558427379.webp\",\"width\":500,\"height\":500},{\"@type\":\"BreadcrumbList\",\"@id\":\"https:\/\/mr-mass.com\/?product=hard-mass-3kg#breadcrumb\",\"itemListElement\":[{\"@type\":\"ListItem\",\"position\":1,\"name\":\"Home\",\"item\":\"https:\/\/mr-mass.com\/\"},{\"@type\":\"ListItem\",\"position\":2,\"name\":\"Boutique\",\"item\":\"https:\/\/mr-mass.com\/?page_id=8\"},{\"@type\":\"ListItem\",\"position\":3,\"name\":\"HARD MASS 3KG\"}]},{\"@type\":\"WebSite\",\"@id\":\"https:\/\/mr-mass.com\/#website\",\"url\":\"https:\/\/mr-mass.com\/\",\"name\":\"MR MASS\",\"description\":\"\",\"publisher\":{\"@id\":\"https:\/\/mr-mass.com\/#organization\"},\"potentialAction\":[{\"@type\":\"SearchAction\",\"target\":{\"@type\":\"EntryPoint\",\"urlTemplate\":\"https:\/\/mr-mass.com\/?s={search_term_string}\"},\"query-input\":{\"@type\":\"PropertyValueSpecification\",\"valueRequired\":true,\"valueName\":\"search_term_string\"}}],\"inLanguage\":\"fr-FR\"},{\"@type\":\"Organization\",\"@id\":\"https:\/\/mr-mass.com\/#organization\",\"name\":\"MR MASS\",\"url\":\"https:\/\/mr-mass.com\/\",\"logo\":{\"@type\":\"ImageObject\",\"inLanguage\":\"fr-FR\",\"@id\":\"https:\/\/mr-mass.com\/#\/schema\/logo\/image\/\",\"url\":\"https:\/\/mr-mass.com\/wp-content\/uploads\/2025\/06\/cropped-417524477_413976367821865_6357673664813295189_n-removebg-preview.png\",\"contentUrl\":\"https:\/\/mr-mass.com\/wp-content\/uploads\/2025\/06\/cropped-417524477_413976367821865_6357673664813295189_n-removebg-preview.png\",\"width\":500,\"height\":436,\"caption\":\"MR MASS\"},\"image\":{\"@id\":\"https:\/\/mr-mass.com\/#\/schema\/logo\/image\/\"}}]}<\/script>\n<!-- \/ Yoast SEO plugin. -->","yoast_head_json":{"title":"HARD MASS 3KG - MR MASS","description":"Hard Mass American Wolf : 100 g prot\u00e9ines, 20 g BCAA, 14.2 g glutamine, 1848 kcal \u2013 prise de masse rapide, force et r\u00e9cup\u00e9ration maximale.","robots":{"index":"index","follow":"follow","max-snippet":"max-snippet:-1","max-image-preview":"max-image-preview:large","max-video-preview":"max-video-preview:-1"},"canonical":"https:\/\/mr-mass.com\/?product=hard-mass-3kg","og_locale":"fr_FR","og_type":"article","og_title":"HARD MASS 3KG - MR MASS","og_description":"Hard Mass American Wolf : 100 g prot\u00e9ines, 20 g BCAA, 14.2 g glutamine, 1848 kcal \u2013 prise de masse rapide, force et r\u00e9cup\u00e9ration maximale.","og_url":"https:\/\/mr-mass.com\/?product=hard-mass-3kg","og_site_name":"MR MASS","og_image":[{"width":500,"height":500,"url":"https:\/\/mr-mass.com\/wp-content\/uploads\/2025\/11\/vanille.webp-690a7105388e9-e1763558427379.webp","type":"image\/webp"}],"twitter_card":"summary_large_image","twitter_misc":{"Dur\u00e9e de lecture estim\u00e9e":"2 minutes"},"schema":{"@context":"https:\/\/schema.org","@graph":[{"@type":"WebPage","@id":"https:\/\/mr-mass.com\/?product=hard-mass-3kg","url":"https:\/\/mr-mass.com\/?product=hard-mass-3kg","name":"HARD MASS 3KG - MR MASS","isPartOf":{"@id":"https:\/\/mr-mass.com\/#website"},"primaryImageOfPage":{"@id":"https:\/\/mr-mass.com\/?product=hard-mass-3kg#primaryimage"},"image":{"@id":"https:\/\/mr-mass.com\/?product=hard-mass-3kg#primaryimage"},"thumbnailUrl":"https:\/\/mr-mass.com\/wp-content\/uploads\/2025\/11\/vanille.webp-690a7105388e9-e1763558427379.webp","datePublished":"2025-11-19T13:22:53+00:00","description":"Hard Mass American Wolf : 100 g prot\u00e9ines, 20 g BCAA, 14.2 g glutamine, 1848 kcal \u2013 prise de masse rapide, force et r\u00e9cup\u00e9ration maximale.","breadcrumb":{"@id":"https:\/\/mr-mass.com\/?product=hard-mass-3kg#breadcrumb"},"inLanguage":"fr-FR","potentialAction":[{"@type":"ReadAction","target":["https:\/\/mr-mass.com\/?product=hard-mass-3kg"]}]},{"@type":"ImageObject","inLanguage":"fr-FR","@id":"https:\/\/mr-mass.com\/?product=hard-mass-3kg#primaryimage","url":"https:\/\/mr-mass.com\/wp-content\/uploads\/2025\/11\/vanille.webp-690a7105388e9-e1763558427379.webp","contentUrl":"https:\/\/mr-mass.com\/wp-content\/uploads\/2025\/11\/vanille.webp-690a7105388e9-e1763558427379.webp","width":500,"height":500},{"@type":"BreadcrumbList","@id":"https:\/\/mr-mass.com\/?product=hard-mass-3kg#breadcrumb","itemListElement":[{"@type":"ListItem","position":1,"name":"Home","item":"https:\/\/mr-mass.com\/"},{"@type":"ListItem","position":2,"name":"Boutique","item":"https:\/\/mr-mass.com\/?page_id=8"},{"@type":"ListItem","position":3,"name":"HARD MASS 3KG"}]},{"@type":"WebSite","@id":"https:\/\/mr-mass.com\/#website","url":"https:\/\/mr-mass.com\/","name":"MR MASS","description":"","publisher":{"@id":"https:\/\/mr-mass.com\/#organization"},"potentialAction":[{"@type":"SearchAction","target":{"@type":"EntryPoint","urlTemplate":"https:\/\/mr-mass.com\/?s={search_term_string}"},"query-input":{"@type":"PropertyValueSpecification","valueRequired":true,"valueName":"search_term_string"}}],"inLanguage":"fr-FR"},{"@type":"Organization","@id":"https:\/\/mr-mass.com\/#organization","name":"MR MASS","url":"https:\/\/mr-mass.com\/","logo":{"@type":"ImageObject","inLanguage":"fr-FR","@id":"https:\/\/mr-mass.com\/#\/schema\/logo\/image\/","url":"https:\/\/mr-mass.com\/wp-content\/uploads\/2025\/06\/cropped-417524477_413976367821865_6357673664813295189_n-removebg-preview.png","contentUrl":"https:\/\/mr-mass.com\/wp-content\/uploads\/2025\/06\/cropped-417524477_413976367821865_6357673664813295189_n-removebg-preview.png","width":500,"height":436,"caption":"MR MASS"},"image":{"@id":"https:\/\/mr-mass.com\/#\/schema\/logo\/image\/"}}]}},"jetpack_sharing_enabled":true,"_links":{"self":[{"href":"https:\/\/mr-mass.com\/index.php?rest_route=\/wp\/v2\/product\/7059","targetHints":{"allow":["GET"]}}],"collection":[{"href":"https:\/\/mr-mass.com\/index.php?rest_route=\/wp\/v2\/product"}],"about":[{"href":"https:\/\/mr-mass.com\/index.php?rest_route=\/wp\/v2\/types\/product"}],"replies":[{"embeddable":true,"href":"https:\/\/mr-mass.com\/index.php?rest_route=%2Fwp%2Fv2%2Fcomments&post=7059"}],"wp:featuredmedia":[{"embeddable":true,"href":"https:\/\/mr-mass.com\/index.php?rest_route=\/wp\/v2\/media\/7060"}],"wp:attachment":[{"href":"https:\/\/mr-mass.com\/index.php?rest_route=%2Fwp%2Fv2%2Fmedia&parent=7059"}],"wp:term":[{"taxonomy":"product_cat","embeddable":true,"href":"https:\/\/mr-mass.com\/index.php?rest_route=%2Fwp%2Fv2%2Fproduct_cat&post=7059"},{"taxonomy":"product_tag","embeddable":true,"href":"https:\/\/mr-mass.com\/index.php?rest_route=%2Fwp%2Fv2%2Fproduct_tag&post=7059"}],"curies":[{"name":"wp","href":"https:\/\/api.w.org\/{rel}","templated":true}]}}