{"id":7069,"date":"2025-11-20T14:41:04","date_gmt":"2025-11-20T13:41:04","guid":{"rendered":"https:\/\/mr-mass.com\/?post_type=product&#038;p=7069"},"modified":"2025-11-20T14:41:04","modified_gmt":"2025-11-20T13:41:04","slug":"100-pure-whey-2kg","status":"publish","type":"product","link":"https:\/\/mr-mass.com\/?product=100-pure-whey-2kg","title":{"rendered":"100% PURE WHEY 2KG"},"content":{"rendered":"<p>La prot\u00e9ine 100% Pure Whey d&rsquo;American Wolf est recommand\u00e9e pour le maintien ou la prise de muscle, particuli\u00e8rement lors d&rsquo;exercices physiques intenses. Elle favorise la croissance musculaire sans prise de graisse gr\u00e2ce \u00e0 sa concentration \u00e9lev\u00e9e en prot\u00e9ines.<\/p>\n<p><b>Mode d&#8217;emploi : <\/b>M\u00e9langez 30 g de 100% Pure Whey d&rsquo;American Wolf avec 300 ml d&rsquo;eau, de lait ou tout autre liquide. Id\u00e9al en collation ou apr\u00e8s l&rsquo;entra\u00eenement pour assurer un apport prot\u00e9ique suffisant.<\/p>\n<p>Conservez le produit dans un endroit sec et \u00e0 l&rsquo;abri de la lumi\u00e8re.<\/p>\n<p><b>Quand prendre la prot\u00e9ine American Wolf :<\/b><\/p>\n<ul>\n<li>Au petit d\u00e9jeuner, pour optimiser la consommation de prot\u00e9ines et mettre fin au catabolisme musculaire.<\/li>\n<li>En collation, assurant un apport prot\u00e9ique suffisant et fournissant tous les acides amin\u00e9s essentiels.<\/li>\n<li>Apr\u00e8s l&rsquo;entra\u00eenement, pour optimiser la r\u00e9cup\u00e9ration musculaire et la synth\u00e8se prot\u00e9ique.<\/li>\n<\/ul>\n<p><b>Origine de la whey American Wolf :<\/b> \u00ab\u00a0Bayerische Milchindustrie (BMI)\u00a0\u00bb est une entreprise mondiale avec plus d&rsquo;un demi-si\u00e8cle d&rsquo;expertise dans le d\u00e9veloppement et la production d&rsquo;entreprises de s\u00e9chage du lait et du lactos\u00e9rum. BMI est sp\u00e9cialis\u00e9e dans la production de produits \u00e0 base de lait et de lactos\u00e9rum en poudre, tels que la poudre de lactos\u00e9rum, le lactose, le concentr\u00e9 de prot\u00e9ines de lactos\u00e9rum (WPC), la poudre de lactos\u00e9rum d\u00e9min\u00e9ralis\u00e9 (DWP) et la cas\u00e9ine. Ces produits sont vendus aux fabricants des secteurs de l&rsquo;alimentation infantile, des produits laitiers, de la confiserie, de la boulangerie et de la pharmacie.<\/p>\n","protected":false},"excerpt":{"rendered":"<p>La prot\u00e9ine 100% Pure Whey d&rsquo;American Wolf est recommand\u00e9e pour le maintien ou la prise de muscle, particuli\u00e8rement lors d&rsquo;exercices physiques intenses. Elle favorise la croissance musculaire sans prise de graisse gr\u00e2ce \u00e0 sa concentration \u00e9lev\u00e9e en prot\u00e9ines.<\/p>\n","protected":false},"featured_media":7070,"comment_status":"open","ping_status":"closed","template":"","meta":[],"product_cat":[50],"product_tag":[],"class_list":{"0":"post-7069","1":"product","2":"type-product","3":"status-publish","4":"has-post-thumbnail","6":"product_brand-americain-wolf","7":"product_cat-protein","9":"first","10":"instock","11":"sale","12":"shipping-taxable","13":"purchasable","14":"product-type-simple"},"yoast_head":"<!-- This site is optimized with the Yoast SEO plugin v25.2 - https:\/\/yoast.com\/wordpress\/plugins\/seo\/ -->\n<title>100% PURE WHEY 2KG - MR MASS<\/title>\n<meta name=\"description\" content=\"La prot\u00e9ine 100% Pure Whey d&#039;American Wolf est recommand\u00e9e pour le maintien ou la prise de muscle, particuli\u00e8rement lors d&#039;exercices physiques intenses. Elle favorise la croissance musculaire sans prise de graisse gr\u00e2ce \u00e0 sa concentration \u00e9lev\u00e9e en prot\u00e9ines.\" \/>\n<meta name=\"robots\" content=\"index, follow, max-snippet:-1, max-image-preview:large, max-video-preview:-1\" \/>\n<link rel=\"canonical\" href=\"https:\/\/mr-mass.com\/?product=100-pure-whey-2kg\" \/>\n<meta property=\"og:locale\" content=\"fr_FR\" \/>\n<meta property=\"og:type\" content=\"article\" \/>\n<meta property=\"og:title\" content=\"100% PURE WHEY 2KG - MR MASS\" \/>\n<meta property=\"og:description\" content=\"La prot\u00e9ine 100% Pure Whey d&#039;American Wolf est recommand\u00e9e pour le maintien ou la prise de muscle, particuli\u00e8rement lors d&#039;exercices physiques intenses. Elle favorise la croissance musculaire sans prise de graisse gr\u00e2ce \u00e0 sa concentration \u00e9lev\u00e9e en prot\u00e9ines.\" \/>\n<meta property=\"og:url\" content=\"https:\/\/mr-mass.com\/?product=100-pure-whey-2kg\" \/>\n<meta property=\"og:site_name\" content=\"MR MASS\" \/>\n<meta property=\"og:image\" content=\"https:\/\/mr-mass.com\/wp-content\/uploads\/2025\/11\/pure-1.webp-691ee30f58ba5-e1763646019969.webp\" \/>\n\t<meta property=\"og:image:width\" content=\"500\" \/>\n\t<meta property=\"og:image:height\" content=\"500\" \/>\n\t<meta property=\"og:image:type\" content=\"image\/webp\" \/>\n<meta name=\"twitter:card\" content=\"summary_large_image\" \/>\n<meta name=\"twitter:label1\" content=\"Dur\u00e9e de lecture estim\u00e9e\" \/>\n\t<meta name=\"twitter:data1\" content=\"2 minutes\" \/>\n<script type=\"application\/ld+json\" class=\"yoast-schema-graph\">{\"@context\":\"https:\/\/schema.org\",\"@graph\":[{\"@type\":\"WebPage\",\"@id\":\"https:\/\/mr-mass.com\/?product=100-pure-whey-2kg\",\"url\":\"https:\/\/mr-mass.com\/?product=100-pure-whey-2kg\",\"name\":\"100% PURE WHEY 2KG - MR MASS\",\"isPartOf\":{\"@id\":\"https:\/\/mr-mass.com\/#website\"},\"primaryImageOfPage\":{\"@id\":\"https:\/\/mr-mass.com\/?product=100-pure-whey-2kg#primaryimage\"},\"image\":{\"@id\":\"https:\/\/mr-mass.com\/?product=100-pure-whey-2kg#primaryimage\"},\"thumbnailUrl\":\"https:\/\/mr-mass.com\/wp-content\/uploads\/2025\/11\/pure-1.webp-691ee30f58ba5-e1763646019969.webp\",\"datePublished\":\"2025-11-20T13:41:04+00:00\",\"description\":\"La prot\u00e9ine 100% Pure Whey d'American Wolf est recommand\u00e9e pour le maintien ou la prise de muscle, particuli\u00e8rement lors d'exercices physiques intenses. Elle favorise la croissance musculaire sans prise de graisse gr\u00e2ce \u00e0 sa concentration \u00e9lev\u00e9e en prot\u00e9ines.\",\"breadcrumb\":{\"@id\":\"https:\/\/mr-mass.com\/?product=100-pure-whey-2kg#breadcrumb\"},\"inLanguage\":\"fr-FR\",\"potentialAction\":[{\"@type\":\"ReadAction\",\"target\":[\"https:\/\/mr-mass.com\/?product=100-pure-whey-2kg\"]}]},{\"@type\":\"ImageObject\",\"inLanguage\":\"fr-FR\",\"@id\":\"https:\/\/mr-mass.com\/?product=100-pure-whey-2kg#primaryimage\",\"url\":\"https:\/\/mr-mass.com\/wp-content\/uploads\/2025\/11\/pure-1.webp-691ee30f58ba5-e1763646019969.webp\",\"contentUrl\":\"https:\/\/mr-mass.com\/wp-content\/uploads\/2025\/11\/pure-1.webp-691ee30f58ba5-e1763646019969.webp\",\"width\":500,\"height\":500},{\"@type\":\"BreadcrumbList\",\"@id\":\"https:\/\/mr-mass.com\/?product=100-pure-whey-2kg#breadcrumb\",\"itemListElement\":[{\"@type\":\"ListItem\",\"position\":1,\"name\":\"Home\",\"item\":\"https:\/\/mr-mass.com\/\"},{\"@type\":\"ListItem\",\"position\":2,\"name\":\"Boutique\",\"item\":\"https:\/\/mr-mass.com\/?page_id=8\"},{\"@type\":\"ListItem\",\"position\":3,\"name\":\"100% PURE WHEY 2KG\"}]},{\"@type\":\"WebSite\",\"@id\":\"https:\/\/mr-mass.com\/#website\",\"url\":\"https:\/\/mr-mass.com\/\",\"name\":\"MR MASS\",\"description\":\"\",\"publisher\":{\"@id\":\"https:\/\/mr-mass.com\/#organization\"},\"potentialAction\":[{\"@type\":\"SearchAction\",\"target\":{\"@type\":\"EntryPoint\",\"urlTemplate\":\"https:\/\/mr-mass.com\/?s={search_term_string}\"},\"query-input\":{\"@type\":\"PropertyValueSpecification\",\"valueRequired\":true,\"valueName\":\"search_term_string\"}}],\"inLanguage\":\"fr-FR\"},{\"@type\":\"Organization\",\"@id\":\"https:\/\/mr-mass.com\/#organization\",\"name\":\"MR MASS\",\"url\":\"https:\/\/mr-mass.com\/\",\"logo\":{\"@type\":\"ImageObject\",\"inLanguage\":\"fr-FR\",\"@id\":\"https:\/\/mr-mass.com\/#\/schema\/logo\/image\/\",\"url\":\"https:\/\/mr-mass.com\/wp-content\/uploads\/2025\/06\/cropped-417524477_413976367821865_6357673664813295189_n-removebg-preview.png\",\"contentUrl\":\"https:\/\/mr-mass.com\/wp-content\/uploads\/2025\/06\/cropped-417524477_413976367821865_6357673664813295189_n-removebg-preview.png\",\"width\":500,\"height\":436,\"caption\":\"MR MASS\"},\"image\":{\"@id\":\"https:\/\/mr-mass.com\/#\/schema\/logo\/image\/\"}}]}<\/script>\n<!-- \/ Yoast SEO plugin. -->","yoast_head_json":{"title":"100% PURE WHEY 2KG - MR MASS","description":"La prot\u00e9ine 100% Pure Whey d'American Wolf est recommand\u00e9e pour le maintien ou la prise de muscle, particuli\u00e8rement lors d'exercices physiques intenses. Elle favorise la croissance musculaire sans prise de graisse gr\u00e2ce \u00e0 sa concentration \u00e9lev\u00e9e en prot\u00e9ines.","robots":{"index":"index","follow":"follow","max-snippet":"max-snippet:-1","max-image-preview":"max-image-preview:large","max-video-preview":"max-video-preview:-1"},"canonical":"https:\/\/mr-mass.com\/?product=100-pure-whey-2kg","og_locale":"fr_FR","og_type":"article","og_title":"100% PURE WHEY 2KG - MR MASS","og_description":"La prot\u00e9ine 100% Pure Whey d'American Wolf est recommand\u00e9e pour le maintien ou la prise de muscle, particuli\u00e8rement lors d'exercices physiques intenses. Elle favorise la croissance musculaire sans prise de graisse gr\u00e2ce \u00e0 sa concentration \u00e9lev\u00e9e en prot\u00e9ines.","og_url":"https:\/\/mr-mass.com\/?product=100-pure-whey-2kg","og_site_name":"MR MASS","og_image":[{"width":500,"height":500,"url":"https:\/\/mr-mass.com\/wp-content\/uploads\/2025\/11\/pure-1.webp-691ee30f58ba5-e1763646019969.webp","type":"image\/webp"}],"twitter_card":"summary_large_image","twitter_misc":{"Dur\u00e9e de lecture estim\u00e9e":"2 minutes"},"schema":{"@context":"https:\/\/schema.org","@graph":[{"@type":"WebPage","@id":"https:\/\/mr-mass.com\/?product=100-pure-whey-2kg","url":"https:\/\/mr-mass.com\/?product=100-pure-whey-2kg","name":"100% PURE WHEY 2KG - MR MASS","isPartOf":{"@id":"https:\/\/mr-mass.com\/#website"},"primaryImageOfPage":{"@id":"https:\/\/mr-mass.com\/?product=100-pure-whey-2kg#primaryimage"},"image":{"@id":"https:\/\/mr-mass.com\/?product=100-pure-whey-2kg#primaryimage"},"thumbnailUrl":"https:\/\/mr-mass.com\/wp-content\/uploads\/2025\/11\/pure-1.webp-691ee30f58ba5-e1763646019969.webp","datePublished":"2025-11-20T13:41:04+00:00","description":"La prot\u00e9ine 100% Pure Whey d'American Wolf est recommand\u00e9e pour le maintien ou la prise de muscle, particuli\u00e8rement lors d'exercices physiques intenses. Elle favorise la croissance musculaire sans prise de graisse gr\u00e2ce \u00e0 sa concentration \u00e9lev\u00e9e en prot\u00e9ines.","breadcrumb":{"@id":"https:\/\/mr-mass.com\/?product=100-pure-whey-2kg#breadcrumb"},"inLanguage":"fr-FR","potentialAction":[{"@type":"ReadAction","target":["https:\/\/mr-mass.com\/?product=100-pure-whey-2kg"]}]},{"@type":"ImageObject","inLanguage":"fr-FR","@id":"https:\/\/mr-mass.com\/?product=100-pure-whey-2kg#primaryimage","url":"https:\/\/mr-mass.com\/wp-content\/uploads\/2025\/11\/pure-1.webp-691ee30f58ba5-e1763646019969.webp","contentUrl":"https:\/\/mr-mass.com\/wp-content\/uploads\/2025\/11\/pure-1.webp-691ee30f58ba5-e1763646019969.webp","width":500,"height":500},{"@type":"BreadcrumbList","@id":"https:\/\/mr-mass.com\/?product=100-pure-whey-2kg#breadcrumb","itemListElement":[{"@type":"ListItem","position":1,"name":"Home","item":"https:\/\/mr-mass.com\/"},{"@type":"ListItem","position":2,"name":"Boutique","item":"https:\/\/mr-mass.com\/?page_id=8"},{"@type":"ListItem","position":3,"name":"100% PURE WHEY 2KG"}]},{"@type":"WebSite","@id":"https:\/\/mr-mass.com\/#website","url":"https:\/\/mr-mass.com\/","name":"MR MASS","description":"","publisher":{"@id":"https:\/\/mr-mass.com\/#organization"},"potentialAction":[{"@type":"SearchAction","target":{"@type":"EntryPoint","urlTemplate":"https:\/\/mr-mass.com\/?s={search_term_string}"},"query-input":{"@type":"PropertyValueSpecification","valueRequired":true,"valueName":"search_term_string"}}],"inLanguage":"fr-FR"},{"@type":"Organization","@id":"https:\/\/mr-mass.com\/#organization","name":"MR MASS","url":"https:\/\/mr-mass.com\/","logo":{"@type":"ImageObject","inLanguage":"fr-FR","@id":"https:\/\/mr-mass.com\/#\/schema\/logo\/image\/","url":"https:\/\/mr-mass.com\/wp-content\/uploads\/2025\/06\/cropped-417524477_413976367821865_6357673664813295189_n-removebg-preview.png","contentUrl":"https:\/\/mr-mass.com\/wp-content\/uploads\/2025\/06\/cropped-417524477_413976367821865_6357673664813295189_n-removebg-preview.png","width":500,"height":436,"caption":"MR MASS"},"image":{"@id":"https:\/\/mr-mass.com\/#\/schema\/logo\/image\/"}}]}},"jetpack_sharing_enabled":true,"_links":{"self":[{"href":"https:\/\/mr-mass.com\/index.php?rest_route=\/wp\/v2\/product\/7069","targetHints":{"allow":["GET"]}}],"collection":[{"href":"https:\/\/mr-mass.com\/index.php?rest_route=\/wp\/v2\/product"}],"about":[{"href":"https:\/\/mr-mass.com\/index.php?rest_route=\/wp\/v2\/types\/product"}],"replies":[{"embeddable":true,"href":"https:\/\/mr-mass.com\/index.php?rest_route=%2Fwp%2Fv2%2Fcomments&post=7069"}],"wp:featuredmedia":[{"embeddable":true,"href":"https:\/\/mr-mass.com\/index.php?rest_route=\/wp\/v2\/media\/7070"}],"wp:attachment":[{"href":"https:\/\/mr-mass.com\/index.php?rest_route=%2Fwp%2Fv2%2Fmedia&parent=7069"}],"wp:term":[{"taxonomy":"product_cat","embeddable":true,"href":"https:\/\/mr-mass.com\/index.php?rest_route=%2Fwp%2Fv2%2Fproduct_cat&post=7069"},{"taxonomy":"product_tag","embeddable":true,"href":"https:\/\/mr-mass.com\/index.php?rest_route=%2Fwp%2Fv2%2Fproduct_tag&post=7069"}],"curies":[{"name":"wp","href":"https:\/\/api.w.org\/{rel}","templated":true}]}}