{"id":7093,"date":"2025-12-16T14:10:48","date_gmt":"2025-12-16T13:10:48","guid":{"rendered":"https:\/\/mr-mass.com\/?post_type=product&#038;p=7093"},"modified":"2025-12-16T14:13:08","modified_gmt":"2025-12-16T13:13:08","slug":"animal-primal-19g","status":"publish","type":"product","link":"https:\/\/mr-mass.com\/?product=animal-primal-19g","title":{"rendered":"ANIMAL &#8211; PRIMAL 19G"},"content":{"rendered":"<p><span dir=\"auto\">LA FORCE COMMENCE AVANT.<\/span><\/p>\n<p><span dir=\"auto\">Pr\u00eat \u00e0 vous surpasser ? Envie d&rsquo;un pr\u00e9-entra\u00eenement ultra-efficace ? Alors Primal est fait pour vous. Un pr\u00e9-entra\u00eenement innovant, scientifiquement prouv\u00e9, contenant plus de 20 ingr\u00e9dients brevet\u00e9s et \u00e9prouv\u00e9s qui offrent \u00e0 votre corps et \u00e0 votre esprit tout ce dont ils ont besoin pour repousser vos limites.<\/span><\/p>\n<p><span dir=\"auto\">B\u00c9N\u00c9FICIEZ D&rsquo;UNE \u00c9NERGIE MAXIMALE gr\u00e2ce \u00e0 la caf\u00e9ine anhydre (300 mg), \u00e0 l&rsquo;extrait de th\u00e9 vert et aux graines de guarana, qui s&rsquo;associent pour vous procurer un regain d&rsquo;\u00e9nergie durable, sans nervosit\u00e9 ni coup de fatigue. OPTIMISEZ VOTRE CONCENTRATION<\/span><\/p>\n<p><span dir=\"auto\">gr\u00e2ce \u00e0 une puissante combinaison de TeaCrine\u00ae (50 mg) et de L-tyrosine (1000 mg) qui vous permet d&rsquo;atteindre des performances mentales optimales. Vous pourrez ainsi vous concentrer pleinement sur chaque r\u00e9p\u00e9tition et vous surpasser pour encha\u00eener les s\u00e9ries.<\/span><\/p>\n<p><span dir=\"auto\">Optimisez votre endurance gr\u00e2ce \u00e0 la b\u00eata-alanine (3200 mg) et \u00e0 la taurine (1000 mg) qui vous boostent et vous maintiennent en r\u00e9duisant l&rsquo;accumulation d&rsquo;acide lactique et en augmentant votre endurance musculaire.<\/span><\/p>\n<p><span dir=\"auto\">Hydratez-vous au maximum gr\u00e2ce \u00e0 un complexe d&rsquo;\u00e9lectrolytes unique, ainsi qu&rsquo;\u00e0 25 mg d&rsquo;Astragin\u00ae et 25 mg de Senactiv\u00ae pour une meilleure absorption des nutriments et une r\u00e9cup\u00e9ration plus rapide, tout en limitant la transpiration.<\/span><\/p>\n<p><span dir=\"auto\">Boostez votre congestion musculaire gr\u00e2ce \u00e0 6000 mg de 3DPUMP-Breakthrough\u00ae, contenant de la L-citrulline, du glyc\u00e9rol \u00e0 haut rendement et de l&rsquo;extrait de fruit d&rsquo;amla pour des r\u00e9sultats exceptionnels.<\/span><\/p>\n<p><span dir=\"auto\">Savourez un go\u00fbt intense gr\u00e2ce \u00e0 une formule facile \u00e0 m\u00e9langer et sans arri\u00e8re-go\u00fbt d\u00e9sagr\u00e9able. Disponible en trois nouvelles saveurs irr\u00e9sistibles\u00a0: Baies du Dragon, P\u00eache Intense et Bonbon \u00c9cras\u00e9.<\/span><\/p>\n","protected":false},"excerpt":{"rendered":"<p>Primal Pre-Workout est certifi\u00e9 BPF et test\u00e9 par un laboratoire tiers pour garantir sa qualit\u00e9, sa s\u00e9curit\u00e9 et son efficacit\u00e9. -\u00c9nergie explosive, concentration mentale, congestion musculaire et endurance -Ingr\u00e9dients brevet\u00e9s pour des entra\u00eenements intenses \u2013 Entra\u00eenez-vous plus longtemps et plus intens\u00e9ment -Un go\u00fbt exceptionnel, facile \u00e0 m\u00e9langer et deux d\u00e9licieuses saveurs fruit\u00e9es.<\/p>\n","protected":false},"featured_media":7094,"comment_status":"open","ping_status":"closed","template":"","meta":[],"product_cat":[67],"product_tag":[],"class_list":{"0":"post-7093","1":"product","2":"type-product","3":"status-publish","4":"has-post-thumbnail","6":"product_brand-animal","7":"product_cat-pre-workout","9":"first","10":"instock","11":"shipping-taxable","12":"purchasable","13":"product-type-simple"},"yoast_head":"<!-- This site is optimized with the Yoast SEO plugin v25.2 - https:\/\/yoast.com\/wordpress\/plugins\/seo\/ -->\n<title>ANIMAL - PRIMAL 19G - MR MASS<\/title>\n<meta name=\"description\" content=\"Primal Pre-Workout est certifi\u00e9 BPF et test\u00e9 par un laboratoire tiers pour garantir sa qualit\u00e9, sa s\u00e9curit\u00e9 et son efficacit\u00e9. -\u00c9nergie explosive, concentration mentale, congestion musculaire et endurance -Ingr\u00e9dients brevet\u00e9s pour des entra\u00eenements intenses \u2013 Entra\u00eenez-vous plus longtemps et plus intens\u00e9ment -Un go\u00fbt exceptionnel, facile \u00e0 m\u00e9langer et deux d\u00e9licieuses saveurs fruit\u00e9es.\" \/>\n<meta name=\"robots\" content=\"index, follow, max-snippet:-1, max-image-preview:large, max-video-preview:-1\" \/>\n<link rel=\"canonical\" href=\"https:\/\/mr-mass.com\/?product=animal-primal-19g\" \/>\n<meta property=\"og:locale\" content=\"fr_FR\" \/>\n<meta property=\"og:type\" content=\"article\" \/>\n<meta property=\"og:title\" content=\"ANIMAL - PRIMAL 19G - MR MASS\" \/>\n<meta property=\"og:description\" content=\"Primal Pre-Workout est certifi\u00e9 BPF et test\u00e9 par un laboratoire tiers pour garantir sa qualit\u00e9, sa s\u00e9curit\u00e9 et son efficacit\u00e9. -\u00c9nergie explosive, concentration mentale, congestion musculaire et endurance -Ingr\u00e9dients brevet\u00e9s pour des entra\u00eenements intenses \u2013 Entra\u00eenez-vous plus longtemps et plus intens\u00e9ment -Un go\u00fbt exceptionnel, facile \u00e0 m\u00e9langer et deux d\u00e9licieuses saveurs fruit\u00e9es.\" \/>\n<meta property=\"og:url\" content=\"https:\/\/mr-mass.com\/?product=animal-primal-19g\" \/>\n<meta property=\"og:site_name\" content=\"MR MASS\" \/>\n<meta property=\"article:modified_time\" content=\"2025-12-16T13:13:08+00:00\" \/>\n<meta property=\"og:image\" content=\"https:\/\/mr-mass.com\/wp-content\/uploads\/2025\/12\/494677b7-dac1-4d9c-8b3b-cd15879c815e.png-693946630150d-e1765890641694.png\" \/>\n\t<meta property=\"og:image:width\" content=\"500\" \/>\n\t<meta property=\"og:image:height\" content=\"500\" \/>\n\t<meta property=\"og:image:type\" content=\"image\/png\" \/>\n<meta name=\"twitter:card\" content=\"summary_large_image\" \/>\n<meta name=\"twitter:label1\" content=\"Dur\u00e9e de lecture estim\u00e9e\" \/>\n\t<meta name=\"twitter:data1\" content=\"2 minutes\" \/>\n<script type=\"application\/ld+json\" class=\"yoast-schema-graph\">{\"@context\":\"https:\/\/schema.org\",\"@graph\":[{\"@type\":\"WebPage\",\"@id\":\"https:\/\/mr-mass.com\/?product=animal-primal-19g\",\"url\":\"https:\/\/mr-mass.com\/?product=animal-primal-19g\",\"name\":\"ANIMAL - PRIMAL 19G - MR MASS\",\"isPartOf\":{\"@id\":\"https:\/\/mr-mass.com\/#website\"},\"primaryImageOfPage\":{\"@id\":\"https:\/\/mr-mass.com\/?product=animal-primal-19g#primaryimage\"},\"image\":{\"@id\":\"https:\/\/mr-mass.com\/?product=animal-primal-19g#primaryimage\"},\"thumbnailUrl\":\"https:\/\/mr-mass.com\/wp-content\/uploads\/2025\/12\/494677b7-dac1-4d9c-8b3b-cd15879c815e.png-693946630150d-e1765890641694.png\",\"datePublished\":\"2025-12-16T13:10:48+00:00\",\"dateModified\":\"2025-12-16T13:13:08+00:00\",\"description\":\"Primal Pre-Workout est certifi\u00e9 BPF et test\u00e9 par un laboratoire tiers pour garantir sa qualit\u00e9, sa s\u00e9curit\u00e9 et son efficacit\u00e9. -\u00c9nergie explosive, concentration mentale, congestion musculaire et endurance -Ingr\u00e9dients brevet\u00e9s pour des entra\u00eenements intenses \u2013 Entra\u00eenez-vous plus longtemps et plus intens\u00e9ment -Un go\u00fbt exceptionnel, facile \u00e0 m\u00e9langer et deux d\u00e9licieuses saveurs fruit\u00e9es.\",\"breadcrumb\":{\"@id\":\"https:\/\/mr-mass.com\/?product=animal-primal-19g#breadcrumb\"},\"inLanguage\":\"fr-FR\",\"potentialAction\":[{\"@type\":\"ReadAction\",\"target\":[\"https:\/\/mr-mass.com\/?product=animal-primal-19g\"]}]},{\"@type\":\"ImageObject\",\"inLanguage\":\"fr-FR\",\"@id\":\"https:\/\/mr-mass.com\/?product=animal-primal-19g#primaryimage\",\"url\":\"https:\/\/mr-mass.com\/wp-content\/uploads\/2025\/12\/494677b7-dac1-4d9c-8b3b-cd15879c815e.png-693946630150d-e1765890641694.png\",\"contentUrl\":\"https:\/\/mr-mass.com\/wp-content\/uploads\/2025\/12\/494677b7-dac1-4d9c-8b3b-cd15879c815e.png-693946630150d-e1765890641694.png\",\"width\":500,\"height\":500},{\"@type\":\"BreadcrumbList\",\"@id\":\"https:\/\/mr-mass.com\/?product=animal-primal-19g#breadcrumb\",\"itemListElement\":[{\"@type\":\"ListItem\",\"position\":1,\"name\":\"Home\",\"item\":\"https:\/\/mr-mass.com\/\"},{\"@type\":\"ListItem\",\"position\":2,\"name\":\"Boutique\",\"item\":\"https:\/\/mr-mass.com\/?page_id=8\"},{\"@type\":\"ListItem\",\"position\":3,\"name\":\"ANIMAL &#8211; PRIMAL 19G\"}]},{\"@type\":\"WebSite\",\"@id\":\"https:\/\/mr-mass.com\/#website\",\"url\":\"https:\/\/mr-mass.com\/\",\"name\":\"MR MASS\",\"description\":\"\",\"publisher\":{\"@id\":\"https:\/\/mr-mass.com\/#organization\"},\"potentialAction\":[{\"@type\":\"SearchAction\",\"target\":{\"@type\":\"EntryPoint\",\"urlTemplate\":\"https:\/\/mr-mass.com\/?s={search_term_string}\"},\"query-input\":{\"@type\":\"PropertyValueSpecification\",\"valueRequired\":true,\"valueName\":\"search_term_string\"}}],\"inLanguage\":\"fr-FR\"},{\"@type\":\"Organization\",\"@id\":\"https:\/\/mr-mass.com\/#organization\",\"name\":\"MR MASS\",\"url\":\"https:\/\/mr-mass.com\/\",\"logo\":{\"@type\":\"ImageObject\",\"inLanguage\":\"fr-FR\",\"@id\":\"https:\/\/mr-mass.com\/#\/schema\/logo\/image\/\",\"url\":\"https:\/\/mr-mass.com\/wp-content\/uploads\/2025\/06\/cropped-417524477_413976367821865_6357673664813295189_n-removebg-preview.png\",\"contentUrl\":\"https:\/\/mr-mass.com\/wp-content\/uploads\/2025\/06\/cropped-417524477_413976367821865_6357673664813295189_n-removebg-preview.png\",\"width\":500,\"height\":436,\"caption\":\"MR MASS\"},\"image\":{\"@id\":\"https:\/\/mr-mass.com\/#\/schema\/logo\/image\/\"}}]}<\/script>\n<!-- \/ Yoast SEO plugin. -->","yoast_head_json":{"title":"ANIMAL - PRIMAL 19G - MR MASS","description":"Primal Pre-Workout est certifi\u00e9 BPF et test\u00e9 par un laboratoire tiers pour garantir sa qualit\u00e9, sa s\u00e9curit\u00e9 et son efficacit\u00e9. -\u00c9nergie explosive, concentration mentale, congestion musculaire et endurance -Ingr\u00e9dients brevet\u00e9s pour des entra\u00eenements intenses \u2013 Entra\u00eenez-vous plus longtemps et plus intens\u00e9ment -Un go\u00fbt exceptionnel, facile \u00e0 m\u00e9langer et deux d\u00e9licieuses saveurs fruit\u00e9es.","robots":{"index":"index","follow":"follow","max-snippet":"max-snippet:-1","max-image-preview":"max-image-preview:large","max-video-preview":"max-video-preview:-1"},"canonical":"https:\/\/mr-mass.com\/?product=animal-primal-19g","og_locale":"fr_FR","og_type":"article","og_title":"ANIMAL - PRIMAL 19G - MR MASS","og_description":"Primal Pre-Workout est certifi\u00e9 BPF et test\u00e9 par un laboratoire tiers pour garantir sa qualit\u00e9, sa s\u00e9curit\u00e9 et son efficacit\u00e9. -\u00c9nergie explosive, concentration mentale, congestion musculaire et endurance -Ingr\u00e9dients brevet\u00e9s pour des entra\u00eenements intenses \u2013 Entra\u00eenez-vous plus longtemps et plus intens\u00e9ment -Un go\u00fbt exceptionnel, facile \u00e0 m\u00e9langer et deux d\u00e9licieuses saveurs fruit\u00e9es.","og_url":"https:\/\/mr-mass.com\/?product=animal-primal-19g","og_site_name":"MR MASS","article_modified_time":"2025-12-16T13:13:08+00:00","og_image":[{"width":500,"height":500,"url":"https:\/\/mr-mass.com\/wp-content\/uploads\/2025\/12\/494677b7-dac1-4d9c-8b3b-cd15879c815e.png-693946630150d-e1765890641694.png","type":"image\/png"}],"twitter_card":"summary_large_image","twitter_misc":{"Dur\u00e9e de lecture estim\u00e9e":"2 minutes"},"schema":{"@context":"https:\/\/schema.org","@graph":[{"@type":"WebPage","@id":"https:\/\/mr-mass.com\/?product=animal-primal-19g","url":"https:\/\/mr-mass.com\/?product=animal-primal-19g","name":"ANIMAL - PRIMAL 19G - MR MASS","isPartOf":{"@id":"https:\/\/mr-mass.com\/#website"},"primaryImageOfPage":{"@id":"https:\/\/mr-mass.com\/?product=animal-primal-19g#primaryimage"},"image":{"@id":"https:\/\/mr-mass.com\/?product=animal-primal-19g#primaryimage"},"thumbnailUrl":"https:\/\/mr-mass.com\/wp-content\/uploads\/2025\/12\/494677b7-dac1-4d9c-8b3b-cd15879c815e.png-693946630150d-e1765890641694.png","datePublished":"2025-12-16T13:10:48+00:00","dateModified":"2025-12-16T13:13:08+00:00","description":"Primal Pre-Workout est certifi\u00e9 BPF et test\u00e9 par un laboratoire tiers pour garantir sa qualit\u00e9, sa s\u00e9curit\u00e9 et son efficacit\u00e9. -\u00c9nergie explosive, concentration mentale, congestion musculaire et endurance -Ingr\u00e9dients brevet\u00e9s pour des entra\u00eenements intenses \u2013 Entra\u00eenez-vous plus longtemps et plus intens\u00e9ment -Un go\u00fbt exceptionnel, facile \u00e0 m\u00e9langer et deux d\u00e9licieuses saveurs fruit\u00e9es.","breadcrumb":{"@id":"https:\/\/mr-mass.com\/?product=animal-primal-19g#breadcrumb"},"inLanguage":"fr-FR","potentialAction":[{"@type":"ReadAction","target":["https:\/\/mr-mass.com\/?product=animal-primal-19g"]}]},{"@type":"ImageObject","inLanguage":"fr-FR","@id":"https:\/\/mr-mass.com\/?product=animal-primal-19g#primaryimage","url":"https:\/\/mr-mass.com\/wp-content\/uploads\/2025\/12\/494677b7-dac1-4d9c-8b3b-cd15879c815e.png-693946630150d-e1765890641694.png","contentUrl":"https:\/\/mr-mass.com\/wp-content\/uploads\/2025\/12\/494677b7-dac1-4d9c-8b3b-cd15879c815e.png-693946630150d-e1765890641694.png","width":500,"height":500},{"@type":"BreadcrumbList","@id":"https:\/\/mr-mass.com\/?product=animal-primal-19g#breadcrumb","itemListElement":[{"@type":"ListItem","position":1,"name":"Home","item":"https:\/\/mr-mass.com\/"},{"@type":"ListItem","position":2,"name":"Boutique","item":"https:\/\/mr-mass.com\/?page_id=8"},{"@type":"ListItem","position":3,"name":"ANIMAL &#8211; PRIMAL 19G"}]},{"@type":"WebSite","@id":"https:\/\/mr-mass.com\/#website","url":"https:\/\/mr-mass.com\/","name":"MR MASS","description":"","publisher":{"@id":"https:\/\/mr-mass.com\/#organization"},"potentialAction":[{"@type":"SearchAction","target":{"@type":"EntryPoint","urlTemplate":"https:\/\/mr-mass.com\/?s={search_term_string}"},"query-input":{"@type":"PropertyValueSpecification","valueRequired":true,"valueName":"search_term_string"}}],"inLanguage":"fr-FR"},{"@type":"Organization","@id":"https:\/\/mr-mass.com\/#organization","name":"MR MASS","url":"https:\/\/mr-mass.com\/","logo":{"@type":"ImageObject","inLanguage":"fr-FR","@id":"https:\/\/mr-mass.com\/#\/schema\/logo\/image\/","url":"https:\/\/mr-mass.com\/wp-content\/uploads\/2025\/06\/cropped-417524477_413976367821865_6357673664813295189_n-removebg-preview.png","contentUrl":"https:\/\/mr-mass.com\/wp-content\/uploads\/2025\/06\/cropped-417524477_413976367821865_6357673664813295189_n-removebg-preview.png","width":500,"height":436,"caption":"MR MASS"},"image":{"@id":"https:\/\/mr-mass.com\/#\/schema\/logo\/image\/"}}]}},"jetpack_sharing_enabled":true,"_links":{"self":[{"href":"https:\/\/mr-mass.com\/index.php?rest_route=\/wp\/v2\/product\/7093","targetHints":{"allow":["GET"]}}],"collection":[{"href":"https:\/\/mr-mass.com\/index.php?rest_route=\/wp\/v2\/product"}],"about":[{"href":"https:\/\/mr-mass.com\/index.php?rest_route=\/wp\/v2\/types\/product"}],"replies":[{"embeddable":true,"href":"https:\/\/mr-mass.com\/index.php?rest_route=%2Fwp%2Fv2%2Fcomments&post=7093"}],"wp:featuredmedia":[{"embeddable":true,"href":"https:\/\/mr-mass.com\/index.php?rest_route=\/wp\/v2\/media\/7094"}],"wp:attachment":[{"href":"https:\/\/mr-mass.com\/index.php?rest_route=%2Fwp%2Fv2%2Fmedia&parent=7093"}],"wp:term":[{"taxonomy":"product_cat","embeddable":true,"href":"https:\/\/mr-mass.com\/index.php?rest_route=%2Fwp%2Fv2%2Fproduct_cat&post=7093"},{"taxonomy":"product_tag","embeddable":true,"href":"https:\/\/mr-mass.com\/index.php?rest_route=%2Fwp%2Fv2%2Fproduct_tag&post=7093"}],"curies":[{"name":"wp","href":"https:\/\/api.w.org\/{rel}","templated":true}]}}