{"id":7096,"date":"2025-12-16T14:20:34","date_gmt":"2025-12-16T13:20:34","guid":{"rendered":"https:\/\/mr-mass.com\/?post_type=product&#038;p=7096"},"modified":"2025-12-16T14:20:34","modified_gmt":"2025-12-16T13:20:34","slug":"animal-pak44","status":"publish","type":"product","link":"https:\/\/mr-mass.com\/?product=animal-pak44","title":{"rendered":"ANIMAL PAK44"},"content":{"rendered":"<p><strong data-start=\"172\" data-end=\"261\">ANIMAL PAK \u2013 Le Multivitamine Ultime des Athl\u00e8tes | Nutrition Compl\u00e8te 85+ Nutriments<\/strong><br \/>\n\ud83d\udca5 L\u2019alli\u00e9 N\u00b01 pour la performance, l\u2019\u00e9nergie et la r\u00e9cup\u00e9ration<\/p>\n<p data-start=\"336\" data-end=\"716\"><strong data-start=\"336\" data-end=\"350\">Animal Pak<\/strong>\u00a0est bien plus qu\u2019un simple multivitamine \ud83d\udc8a \u2014 c\u2019est une\u00a0<strong data-start=\"407\" data-end=\"444\">formule nutritionnelle tout-en-un<\/strong>, con\u00e7ue pour les athl\u00e8tes exigeants et les passionn\u00e9s de performance.<br data-start=\"514\" data-end=\"517\" \/>Chaque pack renferme plus de\u00a0<strong data-start=\"546\" data-end=\"586\">85 nutriments hautement assimilables<\/strong>, combinant\u00a0<strong data-start=\"598\" data-end=\"690\">vitamines, min\u00e9raux, acides amin\u00e9s, antioxydants, enzymes digestives, plantes, carnitine<\/strong>\u00a0et bien plus encore \ud83c\udf3f.<\/p>\n<p data-start=\"718\" data-end=\"755\">\ud83d\udcaa\u00a0<strong data-start=\"721\" data-end=\"753\">Les bienfaits d\u2019Animal Pak :<\/strong><\/p>\n<ul data-start=\"756\" data-end=\"1111\">\n<li data-start=\"756\" data-end=\"822\">\n<p data-start=\"758\" data-end=\"822\">\ud83d\ude80\u00a0<strong data-start=\"761\" data-end=\"803\">Optimise la performance et l\u2019endurance<\/strong>\u00a0\u00e0 l\u2019entra\u00eenement<\/p>\n<\/li>\n<li data-start=\"823\" data-end=\"885\">\n<p data-start=\"825\" data-end=\"885\">\u26a1\u00a0<strong data-start=\"827\" data-end=\"883\">Augmente naturellement l\u2019\u00e9nergie et la concentration<\/strong><\/p>\n<\/li>\n<li data-start=\"886\" data-end=\"946\">\n<p data-start=\"888\" data-end=\"946\">\ud83e\udde0\u00a0<strong data-start=\"891\" data-end=\"944\">Soutient la sant\u00e9 mentale et le bien-\u00eatre g\u00e9n\u00e9ral<\/strong><\/p>\n<\/li>\n<li data-start=\"947\" data-end=\"1040\">\n<p data-start=\"949\" data-end=\"1040\">\ud83d\udcaa\u00a0<strong data-start=\"952\" data-end=\"998\">Comble toutes les carences nutritionnelles<\/strong>\u00a0pour favoriser la croissance musculaire<\/p>\n<\/li>\n<li data-start=\"1041\" data-end=\"1111\">\n<p data-start=\"1043\" data-end=\"1111\">\ud83d\udd04\u00a0<strong data-start=\"1046\" data-end=\"1074\">Am\u00e9liore la r\u00e9cup\u00e9ration<\/strong>\u00a0et renforce le syst\u00e8me immunitaire<\/p>\n<\/li>\n<\/ul>\n<p data-start=\"1113\" data-end=\"1451\">\ud83d\udd25\u00a0<strong data-start=\"1116\" data-end=\"1146\">Nouvelle formule am\u00e9lior\u00e9e<\/strong>\u00a0:<br data-start=\"1148\" data-end=\"1151\" \/>\u2705 25 % de comprim\u00e9s en moins (seulement 8 pilules par pack)<br data-start=\"1210\" data-end=\"1213\" \/>\u2705 L\u2019\u00e9quivalent de\u00a0<strong data-start=\"1231\" data-end=\"1254\">12 suppl\u00e9ments en 1<\/strong>\u00a0solution pratique<br data-start=\"1272\" data-end=\"1275\" \/>\u2705 Formule scientifique enrichie pour une\u00a0<strong data-start=\"1316\" data-end=\"1346\">meilleure biodisponibilit\u00e9<\/strong>\u00a0gr\u00e2ce \u00e0\u00a0<strong data-start=\"1355\" data-end=\"1368\">AstraGin\u00ae<\/strong><br data-start=\"1368\" data-end=\"1371\" \/>\u2705 Contient\u00a0<strong data-start=\"1382\" data-end=\"1394\">Spectra\u2122<\/strong>, un m\u00e9lange naturel de 29 fruits, l\u00e9gumes et herbes \ud83c\udf08<\/p>\n<p data-start=\"1453\" data-end=\"1480\">\ud83d\udca5\u00a0<strong data-start=\"1456\" data-end=\"1478\">Ingr\u00e9dients cl\u00e9s :<\/strong><\/p>\n<ul data-start=\"1481\" data-end=\"1747\">\n<li data-start=\"1481\" data-end=\"1534\">\n<p data-start=\"1483\" data-end=\"1534\">Vitamines A, B, C, Zinc, Calcium et bien d\u2019autres<\/p>\n<\/li>\n<li data-start=\"1535\" data-end=\"1587\">\n<p data-start=\"1537\" data-end=\"1587\">Acides amin\u00e9s essentiels, L-Taurine, L-Carnitine<\/p>\n<\/li>\n<li data-start=\"1588\" data-end=\"1630\">\n<p data-start=\"1590\" data-end=\"1630\">Spiruline, Chlorella, Ginkgo Biloba \ud83c\udf3f<\/p>\n<\/li>\n<li data-start=\"1631\" data-end=\"1684\">\n<p data-start=\"1633\" data-end=\"1684\">Complexe de d\u00e9tox h\u00e9patique et enzymes digestives<\/p>\n<\/li>\n<li data-start=\"1685\" data-end=\"1747\">\n<p data-start=\"1687\" data-end=\"1747\">Sans caf\u00e9ine ajout\u00e9e \u2615 (\u00e9quivalent \u00e0 une tasse d\u00e9caf\u00e9in\u00e9e)<\/p>\n<\/li>\n<\/ul>\n<p data-start=\"1749\" data-end=\"2030\">\ud83c\udfcb\ufe0f\u200d\u2642\ufe0f Con\u00e7u pour les sportifs,\u00a0<strong data-start=\"1781\" data-end=\"1795\">Animal Pak<\/strong>\u00a0est le\u00a0<strong data-start=\"1803\" data-end=\"1824\">socle fondamental<\/strong>\u00a0d\u2019un mode de vie actif.<br data-start=\"1848\" data-end=\"1851\" \/>\ud83d\udc49 Prenez\u00a0<strong data-start=\"1861\" data-end=\"1880\">1 pack par jour<\/strong>\u00a0avec un repas, ou\u00a0<strong data-start=\"1899\" data-end=\"1910\">2 packs<\/strong>\u00a0les jours d\u2019entra\u00eenement intensif.<br data-start=\"1945\" data-end=\"1948\" \/>Disponible aussi en\u00a0<strong data-start=\"1968\" data-end=\"1996\">poudre au go\u00fbt d\u00e9licieux<\/strong>\u00a0pour encore plus de praticit\u00e9 !<\/p>\n<p>&nbsp;<\/p>\n<hr data-start=\"2032\" data-end=\"2035\" \/>\n<p>&nbsp;<\/p>\n<p>\u26a0\ufe0f <strong data-start=\"2044\" data-end=\"2077\">Pourquoi choisir Animal Pak ?<\/strong><\/p>\n<p data-start=\"2078\" data-end=\"2301\">\u2714\ufe0f Formule compl\u00e8te et test\u00e9e scientifiquement<br data-start=\"2124\" data-end=\"2127\" \/>\u2714\ufe0f Plus pratique et \u00e9conomique que 12 compl\u00e9ments s\u00e9par\u00e9s<br data-start=\"2184\" data-end=\"2187\" \/>\u2714\ufe0f Sans caf\u00e9ine \u2013 \u00e9nergie naturelle et durable<br data-start=\"2233\" data-end=\"2236\" \/>\u2714\ufe0f Adapt\u00e9 aux hommes et femmes en qu\u00eate de performance maximale<\/p>\n","protected":false},"excerpt":{"rendered":"<p>Animal Pak 44: multivitamine tout-en-un \ud83d\udd25 85 nutriments essentiels pour \u00e9nergie, r\u00e9cup\u00e9ration et performance maximale des athl\u00e8tes.<\/p>\n","protected":false},"featured_media":7097,"comment_status":"open","ping_status":"closed","template":"","meta":[],"product_cat":[92,76],"product_tag":[],"class_list":{"0":"post-7096","1":"product","2":"type-product","3":"status-publish","4":"has-post-thumbnail","6":"product_brand-animal","7":"product_cat-livraison-gratuite","8":"product_cat-multi-vitamins-minerals","10":"first","11":"instock","12":"shipping-taxable","13":"purchasable","14":"product-type-simple"},"yoast_head":"<!-- This site is optimized with the Yoast SEO plugin v25.2 - https:\/\/yoast.com\/wordpress\/plugins\/seo\/ -->\n<title>ANIMAL PAK44 - MR MASS<\/title>\n<meta name=\"description\" content=\"Animal Pak 44: multivitamine tout-en-un \ud83d\udd25 85 nutriments essentiels pour \u00e9nergie, r\u00e9cup\u00e9ration et performance maximale des athl\u00e8tes.\" \/>\n<meta name=\"robots\" content=\"index, follow, max-snippet:-1, max-image-preview:large, max-video-preview:-1\" \/>\n<link rel=\"canonical\" href=\"https:\/\/mr-mass.com\/?product=animal-pak44\" \/>\n<meta property=\"og:locale\" content=\"fr_FR\" \/>\n<meta property=\"og:type\" content=\"article\" \/>\n<meta property=\"og:title\" content=\"ANIMAL PAK44 - MR MASS\" \/>\n<meta property=\"og:description\" content=\"Animal Pak 44: multivitamine tout-en-un \ud83d\udd25 85 nutriments essentiels pour \u00e9nergie, r\u00e9cup\u00e9ration et performance maximale des athl\u00e8tes.\" \/>\n<meta property=\"og:url\" content=\"https:\/\/mr-mass.com\/?product=animal-pak44\" \/>\n<meta property=\"og:site_name\" content=\"MR MASS\" \/>\n<meta property=\"og:image\" content=\"https:\/\/mr-mass.com\/wp-content\/uploads\/2025\/12\/animal-pak-44-packs-tunisia-5-e1765891178440.webp\" \/>\n\t<meta property=\"og:image:width\" content=\"500\" \/>\n\t<meta property=\"og:image:height\" content=\"500\" \/>\n\t<meta property=\"og:image:type\" content=\"image\/webp\" \/>\n<meta name=\"twitter:card\" content=\"summary_large_image\" \/>\n<meta name=\"twitter:label1\" content=\"Dur\u00e9e de lecture estim\u00e9e\" \/>\n\t<meta name=\"twitter:data1\" content=\"2 minutes\" \/>\n<script type=\"application\/ld+json\" class=\"yoast-schema-graph\">{\"@context\":\"https:\/\/schema.org\",\"@graph\":[{\"@type\":\"WebPage\",\"@id\":\"https:\/\/mr-mass.com\/?product=animal-pak44\",\"url\":\"https:\/\/mr-mass.com\/?product=animal-pak44\",\"name\":\"ANIMAL PAK44 - MR MASS\",\"isPartOf\":{\"@id\":\"https:\/\/mr-mass.com\/#website\"},\"primaryImageOfPage\":{\"@id\":\"https:\/\/mr-mass.com\/?product=animal-pak44#primaryimage\"},\"image\":{\"@id\":\"https:\/\/mr-mass.com\/?product=animal-pak44#primaryimage\"},\"thumbnailUrl\":\"https:\/\/mr-mass.com\/wp-content\/uploads\/2025\/12\/animal-pak-44-packs-tunisia-5-e1765891178440.webp\",\"datePublished\":\"2025-12-16T13:20:34+00:00\",\"description\":\"Animal Pak 44: multivitamine tout-en-un \ud83d\udd25 85 nutriments essentiels pour \u00e9nergie, r\u00e9cup\u00e9ration et performance maximale des athl\u00e8tes.\",\"breadcrumb\":{\"@id\":\"https:\/\/mr-mass.com\/?product=animal-pak44#breadcrumb\"},\"inLanguage\":\"fr-FR\",\"potentialAction\":[{\"@type\":\"ReadAction\",\"target\":[\"https:\/\/mr-mass.com\/?product=animal-pak44\"]}]},{\"@type\":\"ImageObject\",\"inLanguage\":\"fr-FR\",\"@id\":\"https:\/\/mr-mass.com\/?product=animal-pak44#primaryimage\",\"url\":\"https:\/\/mr-mass.com\/wp-content\/uploads\/2025\/12\/animal-pak-44-packs-tunisia-5-e1765891178440.webp\",\"contentUrl\":\"https:\/\/mr-mass.com\/wp-content\/uploads\/2025\/12\/animal-pak-44-packs-tunisia-5-e1765891178440.webp\",\"width\":500,\"height\":500},{\"@type\":\"BreadcrumbList\",\"@id\":\"https:\/\/mr-mass.com\/?product=animal-pak44#breadcrumb\",\"itemListElement\":[{\"@type\":\"ListItem\",\"position\":1,\"name\":\"Home\",\"item\":\"https:\/\/mr-mass.com\/\"},{\"@type\":\"ListItem\",\"position\":2,\"name\":\"Boutique\",\"item\":\"https:\/\/mr-mass.com\/?page_id=8\"},{\"@type\":\"ListItem\",\"position\":3,\"name\":\"ANIMAL PAK44\"}]},{\"@type\":\"WebSite\",\"@id\":\"https:\/\/mr-mass.com\/#website\",\"url\":\"https:\/\/mr-mass.com\/\",\"name\":\"MR MASS\",\"description\":\"\",\"publisher\":{\"@id\":\"https:\/\/mr-mass.com\/#organization\"},\"potentialAction\":[{\"@type\":\"SearchAction\",\"target\":{\"@type\":\"EntryPoint\",\"urlTemplate\":\"https:\/\/mr-mass.com\/?s={search_term_string}\"},\"query-input\":{\"@type\":\"PropertyValueSpecification\",\"valueRequired\":true,\"valueName\":\"search_term_string\"}}],\"inLanguage\":\"fr-FR\"},{\"@type\":\"Organization\",\"@id\":\"https:\/\/mr-mass.com\/#organization\",\"name\":\"MR MASS\",\"url\":\"https:\/\/mr-mass.com\/\",\"logo\":{\"@type\":\"ImageObject\",\"inLanguage\":\"fr-FR\",\"@id\":\"https:\/\/mr-mass.com\/#\/schema\/logo\/image\/\",\"url\":\"https:\/\/mr-mass.com\/wp-content\/uploads\/2025\/06\/cropped-417524477_413976367821865_6357673664813295189_n-removebg-preview.png\",\"contentUrl\":\"https:\/\/mr-mass.com\/wp-content\/uploads\/2025\/06\/cropped-417524477_413976367821865_6357673664813295189_n-removebg-preview.png\",\"width\":500,\"height\":436,\"caption\":\"MR MASS\"},\"image\":{\"@id\":\"https:\/\/mr-mass.com\/#\/schema\/logo\/image\/\"}}]}<\/script>\n<!-- \/ Yoast SEO plugin. -->","yoast_head_json":{"title":"ANIMAL PAK44 - MR MASS","description":"Animal Pak 44: multivitamine tout-en-un \ud83d\udd25 85 nutriments essentiels pour \u00e9nergie, r\u00e9cup\u00e9ration et performance maximale des athl\u00e8tes.","robots":{"index":"index","follow":"follow","max-snippet":"max-snippet:-1","max-image-preview":"max-image-preview:large","max-video-preview":"max-video-preview:-1"},"canonical":"https:\/\/mr-mass.com\/?product=animal-pak44","og_locale":"fr_FR","og_type":"article","og_title":"ANIMAL PAK44 - MR MASS","og_description":"Animal Pak 44: multivitamine tout-en-un \ud83d\udd25 85 nutriments essentiels pour \u00e9nergie, r\u00e9cup\u00e9ration et performance maximale des athl\u00e8tes.","og_url":"https:\/\/mr-mass.com\/?product=animal-pak44","og_site_name":"MR MASS","og_image":[{"width":500,"height":500,"url":"https:\/\/mr-mass.com\/wp-content\/uploads\/2025\/12\/animal-pak-44-packs-tunisia-5-e1765891178440.webp","type":"image\/webp"}],"twitter_card":"summary_large_image","twitter_misc":{"Dur\u00e9e de lecture estim\u00e9e":"2 minutes"},"schema":{"@context":"https:\/\/schema.org","@graph":[{"@type":"WebPage","@id":"https:\/\/mr-mass.com\/?product=animal-pak44","url":"https:\/\/mr-mass.com\/?product=animal-pak44","name":"ANIMAL PAK44 - MR MASS","isPartOf":{"@id":"https:\/\/mr-mass.com\/#website"},"primaryImageOfPage":{"@id":"https:\/\/mr-mass.com\/?product=animal-pak44#primaryimage"},"image":{"@id":"https:\/\/mr-mass.com\/?product=animal-pak44#primaryimage"},"thumbnailUrl":"https:\/\/mr-mass.com\/wp-content\/uploads\/2025\/12\/animal-pak-44-packs-tunisia-5-e1765891178440.webp","datePublished":"2025-12-16T13:20:34+00:00","description":"Animal Pak 44: multivitamine tout-en-un \ud83d\udd25 85 nutriments essentiels pour \u00e9nergie, r\u00e9cup\u00e9ration et performance maximale des athl\u00e8tes.","breadcrumb":{"@id":"https:\/\/mr-mass.com\/?product=animal-pak44#breadcrumb"},"inLanguage":"fr-FR","potentialAction":[{"@type":"ReadAction","target":["https:\/\/mr-mass.com\/?product=animal-pak44"]}]},{"@type":"ImageObject","inLanguage":"fr-FR","@id":"https:\/\/mr-mass.com\/?product=animal-pak44#primaryimage","url":"https:\/\/mr-mass.com\/wp-content\/uploads\/2025\/12\/animal-pak-44-packs-tunisia-5-e1765891178440.webp","contentUrl":"https:\/\/mr-mass.com\/wp-content\/uploads\/2025\/12\/animal-pak-44-packs-tunisia-5-e1765891178440.webp","width":500,"height":500},{"@type":"BreadcrumbList","@id":"https:\/\/mr-mass.com\/?product=animal-pak44#breadcrumb","itemListElement":[{"@type":"ListItem","position":1,"name":"Home","item":"https:\/\/mr-mass.com\/"},{"@type":"ListItem","position":2,"name":"Boutique","item":"https:\/\/mr-mass.com\/?page_id=8"},{"@type":"ListItem","position":3,"name":"ANIMAL PAK44"}]},{"@type":"WebSite","@id":"https:\/\/mr-mass.com\/#website","url":"https:\/\/mr-mass.com\/","name":"MR MASS","description":"","publisher":{"@id":"https:\/\/mr-mass.com\/#organization"},"potentialAction":[{"@type":"SearchAction","target":{"@type":"EntryPoint","urlTemplate":"https:\/\/mr-mass.com\/?s={search_term_string}"},"query-input":{"@type":"PropertyValueSpecification","valueRequired":true,"valueName":"search_term_string"}}],"inLanguage":"fr-FR"},{"@type":"Organization","@id":"https:\/\/mr-mass.com\/#organization","name":"MR MASS","url":"https:\/\/mr-mass.com\/","logo":{"@type":"ImageObject","inLanguage":"fr-FR","@id":"https:\/\/mr-mass.com\/#\/schema\/logo\/image\/","url":"https:\/\/mr-mass.com\/wp-content\/uploads\/2025\/06\/cropped-417524477_413976367821865_6357673664813295189_n-removebg-preview.png","contentUrl":"https:\/\/mr-mass.com\/wp-content\/uploads\/2025\/06\/cropped-417524477_413976367821865_6357673664813295189_n-removebg-preview.png","width":500,"height":436,"caption":"MR MASS"},"image":{"@id":"https:\/\/mr-mass.com\/#\/schema\/logo\/image\/"}}]}},"jetpack_sharing_enabled":true,"_links":{"self":[{"href":"https:\/\/mr-mass.com\/index.php?rest_route=\/wp\/v2\/product\/7096","targetHints":{"allow":["GET"]}}],"collection":[{"href":"https:\/\/mr-mass.com\/index.php?rest_route=\/wp\/v2\/product"}],"about":[{"href":"https:\/\/mr-mass.com\/index.php?rest_route=\/wp\/v2\/types\/product"}],"replies":[{"embeddable":true,"href":"https:\/\/mr-mass.com\/index.php?rest_route=%2Fwp%2Fv2%2Fcomments&post=7096"}],"wp:featuredmedia":[{"embeddable":true,"href":"https:\/\/mr-mass.com\/index.php?rest_route=\/wp\/v2\/media\/7097"}],"wp:attachment":[{"href":"https:\/\/mr-mass.com\/index.php?rest_route=%2Fwp%2Fv2%2Fmedia&parent=7096"}],"wp:term":[{"taxonomy":"product_cat","embeddable":true,"href":"https:\/\/mr-mass.com\/index.php?rest_route=%2Fwp%2Fv2%2Fproduct_cat&post=7096"},{"taxonomy":"product_tag","embeddable":true,"href":"https:\/\/mr-mass.com\/index.php?rest_route=%2Fwp%2Fv2%2Fproduct_tag&post=7096"}],"curies":[{"name":"wp","href":"https:\/\/api.w.org\/{rel}","templated":true}]}}